{"id":3088,"date":"2025-01-04T08:55:19","date_gmt":"2025-01-04T08:55:19","guid":{"rendered":"https:\/\/fmp-components.com\/?page_id=8"},"modified":"2025-01-04T09:00:03","modified_gmt":"2025-01-04T09:00:03","slug":"agricultural-combine-harvester-reversing-gearbox-for-rice-harvesting","status":"publish","type":"product","link":"https:\/\/fmp-components.com\/pt\/product\/agricultural-combine-harvester-reversing-gearbox-for-rice-harvesting\/","title":{"rendered":"Caixa de engrenagens revers\u00edvel para colheitadeira agr\u00edcola para colheita de arroz"},"content":{"rendered":"<p><img loading=\"lazy\" decoding=\"async\" class=\"alignnone size-full wp-image-3090\" src=\"https:\/\/fmp-components.com\/wp-content\/uploads\/2025\/01\/10_Combine-Harvester-Gearbox-2.webp\" alt=\"Colheitadeira-Colheitadeira-Caixa de Engrenagens\" width=\"1534\" height=\"1138\" title=\"\" srcset=\"https:\/\/fmp-components.com\/wp-content\/uploads\/2025\/01\/10_Combine-Harvester-Gearbox-2.webp 1534w, https:\/\/fmp-components.com\/wp-content\/uploads\/2025\/01\/10_Combine-Harvester-Gearbox-2-1280x950.webp 1280w, https:\/\/fmp-components.com\/wp-content\/uploads\/2025\/01\/10_Combine-Harvester-Gearbox-2-980x727.webp 980w, https:\/\/fmp-components.com\/wp-content\/uploads\/2025\/01\/10_Combine-Harvester-Gearbox-2-480x356.webp 480w\" sizes=\"(min-width: 0px) and (max-width: 480px) 480px, (min-width: 481px) and (max-width: 980px) 980px, (min-width: 981px) and (max-width: 1280px) 1280px, (min-width: 1281px) 1534px, 100vw\" \/><\/p>\n<h2>Especifica\u00e7\u00f5es do produto:<\/h2>\n<table style=\"width: 86.1946%; height: 161px;\" border=\"1\" cellspacing=\"0\" cellpadding=\"0\">\n<tbody>\n<tr>\n<td>Nome do produto<\/td>\n<td>Revers\u00e3o de colheitadeira curta para colheitadeira de arroz<\/td>\n<\/tr>\n<tr>\n<td>Material<\/td>\n<td>QT450 para carca\u00e7a, 20CrMnTi para eixo de engrenagem.<\/td>\n<\/tr>\n<tr>\n<td>Cor<\/td>\n<td>Personaliza\u00e7\u00e3o<\/td>\n<\/tr>\n<tr>\n<td>Modelo<\/td>\n<td>\u00a0FMP-1.6Z.03-05<\/td>\n<\/tr>\n<tr>\n<td>Usado<\/td>\n<td>Colheitadeira de arroz<\/td>\n<\/tr>\n<\/tbody>\n<\/table>\n<h2>Vantagens de usar a caixa de engrenagens de revers\u00e3o da colheitadeira<\/h2>\n<p>A caixa de c\u00e2mbio revers\u00edvel para colheitadeiras oferece diversas vantagens significativas que aumentam a efici\u00eancia e a funcionalidade da colheitadeira. Aqui est\u00e3o alguns dos principais benef\u00edcios de usar esta caixa de c\u00e2mbio especializada:<\/p>\n<p><strong>1. Melhor manobrabilidade<\/strong><\/p>\n<ul>\n<li>A caixa de c\u00e2mbio revers\u00edvel permite que a colheitadeira fa\u00e7a marcha r\u00e9 facilmente, sem a necessidade de manobras complexas ou paradas e giros. Isso \u00e9 particularmente \u00fatil em espa\u00e7os apertados ou ao ajustar o posicionamento no campo, melhorando a efici\u00eancia operacional geral.<\/li>\n<\/ul>\n<p><strong>2. Aumento da efici\u00eancia operacional<\/strong><\/p>\n<ul>\n<li>Com uma caixa de c\u00e2mbio revers\u00edvel, a colheitadeira pode mudar de dire\u00e7\u00e3o rapidamente sem precisar desengatar ou trocar de marcha. Isso permite transi\u00e7\u00f5es mais suaves e r\u00e1pidas ao entrar e sair de \u00e1reas com planta\u00e7\u00f5es densas, reduzindo o tempo de inatividade e melhorando a efici\u00eancia da colheita.<\/li>\n<\/ul>\n<p><strong>3. Maior produtividade<\/strong><\/p>\n<ul>\n<li>Ao permitir a revers\u00e3o r\u00e1pida sem paradas, os operadores evitam atrasos e reduzem o tempo gasto no reposicionamento da m\u00e1quina. Isso resulta em maior produtividade geral durante o processo de colheita, especialmente em campos que exigem mudan\u00e7as frequentes de dire\u00e7\u00e3o devido a obst\u00e1culos, curvas ou terrenos irregulares.<\/li>\n<\/ul>\n<p><strong>4. Maior Versatilidade<\/strong><\/p>\n<ul>\n<li>A caixa de c\u00e2mbio revers\u00edvel proporciona maior flexibilidade nas condi\u00e7\u00f5es de trabalho. Ela ajuda a colhedora a se adaptar a uma variedade de tarefas, como limpar res\u00edduos da colheita, dar marcha r\u00e9 para ajustar a posi\u00e7\u00e3o da plataforma ou contornar obst\u00e1culos, tudo isso sem a necessidade de mudar de marcha ou parar de trabalhar.<\/li>\n<\/ul>\n<p><strong>5. Desgaste reduzido<\/strong><\/p>\n<ul>\n<li>A caixa de c\u00e2mbio permite uma opera\u00e7\u00e3o mais suave na marcha \u00e0 r\u00e9, reduzindo o desgaste de outros componentes cr\u00edticos, como a embreagem e a transmiss\u00e3o. Tamb\u00e9m minimiza a necessidade de interven\u00e7\u00e3o manual, prolongando a vida \u00fatil do sistema de transmiss\u00e3o do ve\u00edculo e reduzindo o risco de falhas mec\u00e2nicas.<\/li>\n<\/ul>\n<p>Em resumo, a caixa de c\u00e2mbio revers\u00edvel para colheitadeiras oferece benef\u00edcios como maior manobrabilidade, efici\u00eancia operacional e produtividade, al\u00e9m de melhorar a seguran\u00e7a, reduzir o desgaste e aumentar a efici\u00eancia de combust\u00edvel. Essas vantagens a tornam um componente indispens\u00e1vel nas opera\u00e7\u00f5es de colheitadeiras modernas, garantindo economia de tempo e custos para os agricultores.<\/p>\n<p><img loading=\"lazy\" decoding=\"async\" class=\"alignnone  wp-image-3091\" src=\"https:\/\/fmp-components.com\/wp-content\/uploads\/2025\/01\/10_Combine-Harvester-Gearbox-12.webp\" alt=\"Colheitadeira-Colheitadeira-Caixa de Engrenagens\" width=\"1078\" height=\"609\" title=\"\" srcset=\"https:\/\/fmp-components.com\/wp-content\/uploads\/2025\/01\/10_Combine-Harvester-Gearbox-12.webp 1078w, https:\/\/fmp-components.com\/wp-content\/uploads\/2025\/01\/10_Combine-Harvester-Gearbox-12-980x554.webp 980w, https:\/\/fmp-components.com\/wp-content\/uploads\/2025\/01\/10_Combine-Harvester-Gearbox-12-480x271.webp 480w\" sizes=\"(min-width: 0px) and (max-width: 480px) 480px, (min-width: 481px) and (max-width: 980px) 980px, (min-width: 981px) 1078px, 100vw\" \/><\/p>\n<h2>Principais componentes da caixa de engrenagens de revers\u00e3o da colheitadeira<\/h2>\n<div class=\"flex-shrink-0 flex flex-col relative items-end\">\n<div>\n<div class=\"pt-0\">\n<div class=\"gizmo-bot-avatar flex h-8 w-8 items-center justify-center overflow-hidden rounded-full\">\n<div class=\"relative p-1 rounded-sm flex items-center justify-center bg-token-main-surface-primary text-token-text-primary h-8 w-8\">A caixa de c\u00e2mbio revers\u00edvel para colheitadeiras \u00e9 um componente essencial nas colheitadeiras modernas, permitindo que a m\u00e1quina fa\u00e7a a r\u00e9 de forma eficiente e suave, sem necessidade de trocas manuais. Ela integra diversos componentes mec\u00e2nicos que trabalham em conjunto para proporcionar transmiss\u00e3o de pot\u00eancia e controle confi\u00e1veis. Aqui est\u00e3o os principais componentes de uma caixa de c\u00e2mbio revers\u00edvel para colheitadeiras:<\/div>\n<\/div>\n<\/div>\n<\/div>\n<\/div>\n<div class=\"group\/conversation-turn relative flex w-full min-w-0 flex-col agent-turn\">\n<div class=\"flex-col gap-1 md:gap-3\">\n<div class=\"flex max-w-full flex-col flex-grow\">\n<div class=\"min-h-8 text-message flex w-full flex-col items-end gap-2 whitespace-normal break-words text-start [.text-message+&amp;]:mt-5\" dir=\"auto\" data-message-author-role=\"assistant\" data-message-id=\"e6cb3039-0226-4bda-ac7c-bde40b961baf\" data-message-model-slug=\"gpt-4o-mini\">\n<div class=\"flex w-full flex-col gap-1 empty:hidden first:pt-[3px]\">\n<div class=\"markdown prose w-full break-words dark:prose-invert light\">\n<p><strong>1. Eixo de entrada<\/strong><\/p>\n<ul>\n<li>O eixo de entrada transmite a pot\u00eancia do motor para a caixa de c\u00e2mbio. \u00c9 a principal conex\u00e3o atrav\u00e9s da qual a for\u00e7a rotacional do motor entra na caixa de c\u00e2mbio, iniciando o processo de troca de marchas.<\/li>\n<\/ul>\n<p><strong>2. Conjunto de marchas \u00e0 r\u00e9<\/strong><\/p>\n<ul>\n<li>Este conjunto de engrenagens \u00e9 respons\u00e1vel por alterar o sentido de rota\u00e7\u00e3o. Quando acionado, ele inverte o sentido do eixo de sa\u00edda, permitindo que a colhedora se mova para tr\u00e1s. O conjunto de engrenagens de r\u00e9 normalmente consiste em engrenagens intermedi\u00e1rias, engrenagens retas e pinh\u00e3o, que engatam e desengatam para inverter a rota\u00e7\u00e3o.<\/li>\n<\/ul>\n<p><strong>3. Caixa de engrenagens principal<\/strong><\/p>\n<ul>\n<li>A carca\u00e7a da caixa de engrenagens \u00e9 o revestimento externo que cont\u00e9m e protege todos os componentes internos. Normalmente, \u00e9 feita de materiais dur\u00e1veis, como ferro fundido ou a\u00e7o, para suportar os altos n\u00edveis de estresse e press\u00e3o encontrados durante a opera\u00e7\u00e3o. A carca\u00e7a tamb\u00e9m garante o alinhamento adequado das engrenagens e eixos.<\/li>\n<\/ul>\n<p><strong>4. Eixo de sa\u00edda<\/strong><\/p>\n<ul>\n<li>O eixo de sa\u00edda transmite a pot\u00eancia da caixa de engrenagens para o sistema de transmiss\u00e3o da colheitadeira. Este eixo \u00e9 conectado \u00e0s rodas ou esteiras da colheitadeira, permitindo que ela se mova para frente ou para tr\u00e1s com base no engate da marcha.<\/li>\n<\/ul>\n<p><strong>5. Mecanismo de embreagem<\/strong><\/p>\n<ul>\n<li>A embreagem \u00e9 usada para engatar ou desengatar a transmiss\u00e3o da pot\u00eancia do motor. Ela permite que o operador controle a conex\u00e3o entre o motor e a transmiss\u00e3o, garantindo uma opera\u00e7\u00e3o suave nas trocas de marcha. Na transmiss\u00e3o de r\u00e9, a embreagem facilita tanto o movimento para frente quanto para tr\u00e1s.<\/li>\n<\/ul>\n<p>Esses componentes essenciais trabalham juntos para fornecer um sistema de revers\u00e3o altamente eficiente e confi\u00e1vel para colheitadeiras. A caixa de revers\u00e3o permite que os operadores alternem facilmente entre os movimentos de avan\u00e7o e r\u00e9, melhorando a manobrabilidade, a produtividade e a efici\u00eancia operacional no campo.<\/p>\n<p><img loading=\"lazy\" decoding=\"async\" class=\"alignnone size-full wp-image-3092\" src=\"https:\/\/fmp-components.com\/wp-content\/uploads\/2025\/01\/10_Combine-Harvester-Gearbox-14.webp\" alt=\"Colheitadeira-Colheitadeira-Caixa de Engrenagens\" width=\"1280\" height=\"720\" title=\"\" srcset=\"https:\/\/fmp-components.com\/wp-content\/uploads\/2025\/01\/10_Combine-Harvester-Gearbox-14.webp 1280w, https:\/\/fmp-components.com\/wp-content\/uploads\/2025\/01\/10_Combine-Harvester-Gearbox-14-980x551.webp 980w, https:\/\/fmp-components.com\/wp-content\/uploads\/2025\/01\/10_Combine-Harvester-Gearbox-14-480x270.webp 480w\" sizes=\"(min-width: 0px) and (max-width: 480px) 480px, (min-width: 481px) and (max-width: 980px) 980px, (min-width: 981px) 1280px, 100vw\" \/><\/p>\n<h2>Sobre a FMP<\/h2>\n<p>Com sede na It\u00e1lia, a FMP \u00e9 uma fabricante l\u00edder, reconhecida por sua expertise em projeto, desenvolvimento e produ\u00e7\u00e3o de caixas de engrenagens de alto desempenho, com foco principal no setor de m\u00e1quinas agr\u00edcolas. Reconhecida por sua engenharia de precis\u00e3o, solu\u00e7\u00f5es inovadoras e confiabilidade inabal\u00e1vel, a FMP conquistou a reputa\u00e7\u00e3o de parceira confi\u00e1vel nos mercados agr\u00edcola e industrial. Nosso abrangente portf\u00f3lio inclui caixas de engrenagens personalizadas para cortadores de grama, eixos de tomada de for\u00e7a e uma ampla gama de componentes essenciais, todos meticulosamente projetados para atender \u00e0s demandas espec\u00edficas de diversas aplica\u00e7\u00f5es.<\/p>\n<p>Na FMP, entendemos que cada cliente enfrenta desafios \u00fanicos. \u00c9 por isso que nos especializamos em fornecer solu\u00e7\u00f5es personalizadas, seja para componentes individuais ou sistemas totalmente integrados. Por meio de uma colabora\u00e7\u00e3o estreita com nossos clientes, garantimos que cada solu\u00e7\u00e3o n\u00e3o apenas atenda \u00e0s suas necessidades, mas tamb\u00e9m otimize o desempenho e maximize o valor. Nosso compromisso com respostas r\u00e1pidas e profissionais, al\u00e9m de orienta\u00e7\u00e3o especializada, garante que cada consulta seja tratada com precis\u00e3o, garantindo sempre os melhores resultados.<\/p>\n<p>Priorizamos uma comunica\u00e7\u00e3o clara e cont\u00ednua durante todo o ciclo de desenvolvimento do produto. Nossa equipe dedicada trabalha em estreita colabora\u00e7\u00e3o com os clientes para entender completamente suas necessidades e fornecer insights e recomenda\u00e7\u00f5es valiosas para alcan\u00e7ar os melhores resultados. Seja projetando produtos de \u00faltima gera\u00e7\u00e3o ou atendendo pedidos de rotina, a FMP est\u00e1 comprometida em entregar solu\u00e7\u00f5es de alta qualidade e engenharia de precis\u00e3o, sempre no prazo. Nossa miss\u00e3o \u00e9 superar consistentemente as expectativas dos clientes, fornecendo servi\u00e7os e resultados excepcionais em cada projeto.<\/p>\n<p>A qualidade est\u00e1 no centro das opera\u00e7\u00f5es da FMP. Mantemos os mais altos padr\u00f5es de fabrica\u00e7\u00e3o e implementamos rigorosas medidas de controle de qualidade para garantir que cada produto atenda, e muitas vezes supere, os padr\u00f5es do setor. Esse compromisso com a excel\u00eancia, aliado aos nossos valores fundamentais de integridade, trabalho em equipe e perseveran\u00e7a, nos permitiu construir relacionamentos duradouros e baseados na confian\u00e7a com clientes em quase 30 pa\u00edses ao redor do mundo.<\/p>\n<p>A FMP est\u00e1 sempre empenhada em cultivar parcerias globais, oferecendo consultoria especializada e solu\u00e7\u00f5es personalizadas que atendam \u00e0s necessidades em constante evolu\u00e7\u00e3o de nossos clientes. Buscamos construir relacionamentos duradouros e mutuamente ben\u00e9ficos que contribuam para o sucesso de cada projeto. Seja para solu\u00e7\u00f5es inovadoras para uma nova iniciativa ou suporte cont\u00ednuo para um sistema existente, a FMP est\u00e1 pronta para ajud\u00e1-lo a superar desafios t\u00e9cnicos e garantir seu sucesso cont\u00ednuo.<\/p>\n<p><img loading=\"lazy\" decoding=\"async\" class=\"alignnone wp-image-2695\" src=\"https:\/\/fmp-components.com\/wp-content\/uploads\/2025\/01\/agricultural-gearbox3.webp\" alt=\"caixa de engrenagens agr\u00edcolas\" width=\"1140\" height=\"1138\" title=\"\" srcset=\"https:\/\/fmp-components.com\/wp-content\/uploads\/2025\/01\/agricultural-gearbox3.webp 1140w, https:\/\/fmp-components.com\/wp-content\/uploads\/2025\/01\/agricultural-gearbox3-480x479.webp 480w\" sizes=\"(min-width: 0px) and (max-width: 480px) 480px, (min-width: 481px) 1140px, 100vw\" \/><\/p>\n<p>Autor: CX<\/p>\n<\/div>\n<\/div>\n<\/div>\n<\/div>\n<\/div>\n<\/div>","protected":false},"excerpt":{"rendered":"<p>Product Specifications: Product Name Short harvester reversing for rice harvester Material QT450 for housing, 20CrMnTi for gear shaft. Color Customization Model \u00a0FMP-1.6Z.03-05 Used Rice harvester Advantages of Using the Combine Harvester Reversing Gearbox The Combine Harvester Reversing Gearbox offers several significant advantages that enhance the efficiency and functionality of the harvester. Here are some key [&hellip;]<\/p>","protected":false},"featured_media":3093,"comment_status":"open","ping_status":"closed","template":"","meta":{"_et_pb_use_builder":"","_et_pb_old_content":"","_et_gb_content_width":""},"product_brand":[],"product_cat":[72],"product_tag":[],"class_list":{"0":"post-3088","1":"product","2":"type-product","3":"status-publish","4":"has-post-thumbnail","6":"product_cat-combine-harvester-gearbox","8":"first","9":"instock","10":"shipping-taxable","11":"product-type-simple"},"_links":{"self":[{"href":"https:\/\/fmp-components.com\/pt\/wp-json\/wp\/v2\/product\/3088","targetHints":{"allow":["GET"]}}],"collection":[{"href":"https:\/\/fmp-components.com\/pt\/wp-json\/wp\/v2\/product"}],"about":[{"href":"https:\/\/fmp-components.com\/pt\/wp-json\/wp\/v2\/types\/product"}],"replies":[{"embeddable":true,"href":"https:\/\/fmp-components.com\/pt\/wp-json\/wp\/v2\/comments?post=3088"}],"wp:featuredmedia":[{"embeddable":true,"href":"https:\/\/fmp-components.com\/pt\/wp-json\/wp\/v2\/media\/3093"}],"wp:attachment":[{"href":"https:\/\/fmp-components.com\/pt\/wp-json\/wp\/v2\/media?parent=3088"}],"wp:term":[{"taxonomy":"product_brand","embeddable":true,"href":"https:\/\/fmp-components.com\/pt\/wp-json\/wp\/v2\/product_brand?post=3088"},{"taxonomy":"product_cat","embeddable":true,"href":"https:\/\/fmp-components.com\/pt\/wp-json\/wp\/v2\/product_cat?post=3088"},{"taxonomy":"product_tag","embeddable":true,"href":"https:\/\/fmp-components.com\/pt\/wp-json\/wp\/v2\/product_tag?post=3088"}],"curies":[{"name":"wp","href":"https:\/\/api.w.org\/{rel}","templated":true}]}}