{"id":3052,"date":"2025-01-04T07:31:52","date_gmt":"2025-01-04T07:31:52","guid":{"rendered":"https:\/\/fmp-components.com\/?page_id=8"},"modified":"2025-01-04T07:40:05","modified_gmt":"2025-01-04T07:40:05","slug":"fertilizer-seeder-gearbox-fmp35-for-fertilizer-broadcaster","status":"publish","type":"product","link":"https:\/\/fmp-components.com\/pt\/product\/fertilizer-seeder-gearbox-fmp35-for-fertilizer-broadcaster\/","title":{"rendered":"Caixa de engrenagens FMP35 para semeadora de fertilizantes"},"content":{"rendered":"<h2>Dimens\u00f5es da caixa de engrenagens da semeadora de fertilizantes FMP35<\/h2>\n<p><img loading=\"lazy\" decoding=\"async\" class=\"alignnone size-full wp-image-3053\" src=\"https:\/\/fmp-components.com\/wp-content\/uploads\/2025\/01\/Fertilizer-Seeder-Gearbox-EP35-Dimensions.webp\" alt=\"Fertilizante-Semeadora-Caixa de Engrenagens-EP35-Dimens\u00f5es\" width=\"1310\" height=\"868\" title=\"\" srcset=\"https:\/\/fmp-components.com\/wp-content\/uploads\/2025\/01\/Fertilizer-Seeder-Gearbox-EP35-Dimensions.webp 1310w, https:\/\/fmp-components.com\/wp-content\/uploads\/2025\/01\/Fertilizer-Seeder-Gearbox-EP35-Dimensions-1280x848.webp 1280w, https:\/\/fmp-components.com\/wp-content\/uploads\/2025\/01\/Fertilizer-Seeder-Gearbox-EP35-Dimensions-980x649.webp 980w, https:\/\/fmp-components.com\/wp-content\/uploads\/2025\/01\/Fertilizer-Seeder-Gearbox-EP35-Dimensions-480x318.webp 480w\" sizes=\"(min-width: 0px) and (max-width: 480px) 480px, (min-width: 481px) and (max-width: 980px) 980px, (min-width: 981px) and (max-width: 1280px) 1280px, (min-width: 1281px) 1310px, 100vw\" \/><\/p>\n<h2>Dados t\u00e9cnicos da caixa de engrenagens da semeadora de fertilizantes FMP35<\/h2>\n<table style=\"width: 97.7216%; height: 144px;\" border=\"1\" cellspacing=\"0\" cellpadding=\"0\">\n<tbody>\n<tr>\n<td colspan=\"2\" rowspan=\"2\">eu<\/td>\n<td rowspan=\"2\">Adequado<\/td>\n<td>Entrada de RPM<\/td>\n<td>Sa\u00edda de RPM<\/td>\n<td>Torque de sa\u00edda<\/td>\n<td>Peso<\/td>\n<td rowspan=\"2\">Denti\u00e7\u00e3o<\/td>\n<\/tr>\n<tr>\n<td>rpm<\/td>\n<td>rpm<\/td>\n<td>Nm<\/td>\n<td>kg<\/td>\n<\/tr>\n<tr>\n<td>Desacelerar<\/td>\n<td>24.3:1<\/td>\n<td>Distribuidor de fertilizantes, etc.<\/td>\n<td>1000<\/td>\n<td>41<\/td>\n<td>3500<\/td>\n<td>47<\/td>\n<td>Gleason Helicoidal<br \/>\nDentes<\/td>\n<\/tr>\n<tr>\n<td colspan=\"8\">Observa\u00e7\u00e3o: Se voc\u00ea tiver alguma necessidade especial, sinta-se \u00e0 vontade para me avisar. Tamb\u00e9m aceitamos encomendas.<\/td>\n<\/tr>\n<\/tbody>\n<\/table>\n<table style=\"height: 191px;\" border=\"1\" width=\"1066\" cellspacing=\"0\" cellpadding=\"0\">\n<tbody>\n<tr>\n<td style=\"width: 403.458px;\">UM<\/td>\n<td style=\"width: 244.833px;\">B<\/td>\n<td style=\"width: 410.597px;\">C<\/td>\n<\/tr>\n<tr>\n<td style=\"width: 403.458px;\">\u03a645<\/td>\n<td style=\"width: 244.833px;\">14<\/td>\n<td style=\"width: 410.597px;\">48.8<\/td>\n<\/tr>\n<tr>\n<td style=\"width: 403.458px;\">\u03a650<\/td>\n<td style=\"width: 244.833px;\">14<\/td>\n<td style=\"width: 410.597px;\">53.8<\/td>\n<\/tr>\n<tr>\n<td style=\"width: 403.458px;\">\u03a660<\/td>\n<td style=\"width: 244.833px;\">18<\/td>\n<td style=\"width: 410.597px;\">64.4<\/td>\n<\/tr>\n<\/tbody>\n<\/table>\n<h2>Benef\u00edcios da caixa de engrenagens da semeadora de fertilizantes FMP35 para espalhador de fertilizantes<\/h2>\n<p>A Caixa de Engrenagens FMP35 para Semeadoras de Fertilizantes \u00e9 um componente essencial em distribuidores de fertilizantes, oferecendo diversos benef\u00edcios que melhoram a efici\u00eancia, a precis\u00e3o e a durabilidade da aplica\u00e7\u00e3o. Aqui est\u00e3o as principais vantagens da caixa de engrenagens FMP35 em um sistema distribuidor de fertilizantes:<\/p>\n<p><strong>1. Distribui\u00e7\u00e3o precisa de fertilizantes<\/strong><\/p>\n<ul>\n<li>A caixa de engrenagens FMP35 foi projetada para garantir uma distribui\u00e7\u00e3o precisa e uniforme do fertilizante, o que \u00e9 crucial para maximizar o rendimento da colheita e evitar o excesso de fertiliza\u00e7\u00e3o ou desperd\u00edcio.<\/li>\n<li>Ele fornece pot\u00eancia consistente ao sistema de distribui\u00e7\u00e3o de fertilizantes, ajudando a controlar a velocidade e a rota\u00e7\u00e3o dos distribuidores de fertilizantes, garantindo que a quantidade correta de fertilizante seja aplicada uniformemente em todo o campo.<\/li>\n<\/ul>\n<p><strong>2. Alta efici\u00eancia energ\u00e9tica<\/strong><\/p>\n<ul>\n<li>A caixa de engrenagens FMP35 foi projetada para transmiss\u00e3o de pot\u00eancia ideal, garantindo que a energia da TDF (Tomada de For\u00e7a) do trator seja transferida de forma eficiente para os componentes do distribuidor de fertilizante.<\/li>\n<li>Seu alto torque e distribui\u00e7\u00e3o eficiente de energia ajudam o transmissor a operar com efici\u00eancia m\u00e1xima, reduzindo o consumo de combust\u00edvel e garantindo que a m\u00e1quina funcione sem problemas, mesmo em condi\u00e7\u00f5es de trabalho pesado.<\/li>\n<\/ul>\n<p><strong>3. Durabilidade e confiabilidade<\/strong><\/p>\n<ul>\n<li>Constru\u00edda com materiais de alta qualidade e engenharia avan\u00e7ada, a caixa de engrenagens FMP35 \u00e9 dur\u00e1vel e capaz de suportar as condi\u00e7\u00f5es adversas comumente encontradas em opera\u00e7\u00f5es agr\u00edcolas, como exposi\u00e7\u00e3o \u00e0 umidade, sujeira e materiais abrasivos, como fertilizantes.<\/li>\n<li>Seu design robusto garante desempenho duradouro com manuten\u00e7\u00e3o m\u00ednima, o que reduz o custo total de propriedade para os agricultores.<\/li>\n<\/ul>\n<p><strong>4. Maior durabilidade do equipamento<\/strong><\/p>\n<ul>\n<li>A caixa de engrenagens foi projetada para suportar altas cargas e tens\u00f5es, garantindo um funcionamento suave e sem desgaste. As engrenagens temperadas e os rolamentos selados proporcionam maior durabilidade e confiabilidade em uso prolongado, especialmente em ambientes agr\u00edcolas exigentes.<\/li>\n<li>Esse recurso garante menos quebras, intervalos de manuten\u00e7\u00e3o mais longos e reparos menos frequentes, tornando o distribuidor de fertilizantes mais confi\u00e1vel.<\/li>\n<\/ul>\n<p><strong>5. Controle de velocidade ajust\u00e1vel<\/strong><\/p>\n<ul>\n<li>A caixa de engrenagens FMP35 normalmente oferece configura\u00e7\u00f5es de velocidade ajust\u00e1veis, permitindo que os operadores controlem a velocidade de rota\u00e7\u00e3o do distribuidor de fertilizantes e o adaptem a diferentes tipos de fertilizantes e condi\u00e7\u00f5es de campo.<\/li>\n<li>Este controle de velocidade vari\u00e1vel aumenta a flexibilidade do espalhador, garantindo que ele possa lidar com uma variedade de fertilizantes e taxas de aplica\u00e7\u00e3o, melhorando a efici\u00eancia e garantindo uma aplica\u00e7\u00e3o precisa.<\/li>\n<\/ul>\n<p>A caixa de engrenagens da semeadora de fertilizantes FMP35 oferece uma combina\u00e7\u00e3o de durabilidade, efici\u00eancia e flexibilidade, tornando-se um componente essencial em distribuidores de fertilizantes utilizados na agricultura moderna. Ao melhorar a precis\u00e3o e a consist\u00eancia da aplica\u00e7\u00e3o de fertilizantes, reduzir os custos de manuten\u00e7\u00e3o e aprimorar a efici\u00eancia operacional geral da m\u00e1quina, a caixa de engrenagens FMP35 contribui significativamente para o sucesso das opera\u00e7\u00f5es agr\u00edcolas.<\/p>\n<p><img loading=\"lazy\" decoding=\"async\" class=\"alignnone size-full wp-image-3054\" src=\"https:\/\/fmp-components.com\/wp-content\/uploads\/2025\/01\/Fertilizer-Seeder-Gearbox-EP35-Benefits.webp\" alt=\"Fertilizante-Semeadora-Caixa de Engrenagens-EP35-Benef\u00edcios\" width=\"1440\" height=\"556\" title=\"\" srcset=\"https:\/\/fmp-components.com\/wp-content\/uploads\/2025\/01\/Fertilizer-Seeder-Gearbox-EP35-Benefits.webp 1440w, https:\/\/fmp-components.com\/wp-content\/uploads\/2025\/01\/Fertilizer-Seeder-Gearbox-EP35-Benefits-1280x494.webp 1280w, https:\/\/fmp-components.com\/wp-content\/uploads\/2025\/01\/Fertilizer-Seeder-Gearbox-EP35-Benefits-980x378.webp 980w, https:\/\/fmp-components.com\/wp-content\/uploads\/2025\/01\/Fertilizer-Seeder-Gearbox-EP35-Benefits-480x185.webp 480w\" sizes=\"(min-width: 0px) and (max-width: 480px) 480px, (min-width: 481px) and (max-width: 980px) 980px, (min-width: 981px) and (max-width: 1280px) 1280px, (min-width: 1281px) 1440px, 100vw\" \/><\/p>\n<article class=\"w-full scroll-mb-[var(--thread-trailing-height,150px)] text-token-text-primary focus-visible:outline-2 focus-visible:outline-offset-[-4px]\" dir=\"auto\" data-testid=\"conversation-turn-24\" data-scroll-anchor=\"false\">\n<div class=\"m-auto text-base py-[18px] px-3 md:px-4 w-full md:px-5 lg:px-4 xl:px-5\">\n<div class=\"mx-auto flex flex-1 gap-4 text-base md:gap-5 lg:gap-6 md:max-w-3xl lg:max-w-[40rem] xl:max-w-[48rem]\">\n<div class=\"group\/conversation-turn relative flex w-full min-w-0 flex-col\">\n<div class=\"flex-col gap-1 md:gap-3\">\n<div class=\"flex max-w-full flex-col flex-grow\">\n<div class=\"min-h-8 text-message flex w-full flex-col items-end gap-2 whitespace-normal break-words text-start [.text-message+&amp;]:mt-5\" dir=\"auto\" data-message-author-role=\"user\" data-message-id=\"aaa20b42-842f-4e85-8907-5b760533185e\">\n<div class=\"flex w-full flex-col gap-1 empty:hidden items-end rtl:items-start\">\n<div class=\"relative max-w-[var(--user-chat-width,70%)] rounded-3xl bg-token-message-surface px-5 py-2.5\">\n<h2 class=\"whitespace-pre-wrap\">Aplica\u00e7\u00f5es da caixa de engrenagens da semeadora de fertilizantes FMP35<\/h2>\n<\/div>\n<\/div>\n<\/div>\n<\/div>\n<\/div>\n<\/div>\n<\/div>\n<\/div>\n<\/article>\n<article class=\"w-full scroll-mb-[var(--thread-trailing-height,150px)] text-token-text-primary focus-visible:outline-2 focus-visible:outline-offset-[-4px]\" dir=\"auto\" data-testid=\"conversation-turn-25\" data-scroll-anchor=\"true\">\n<div class=\"m-auto text-base py-[18px] px-3 md:px-4 w-full md:px-5 lg:px-4 xl:px-5\">\n<div class=\"mx-auto flex flex-1 gap-4 text-base md:gap-5 lg:gap-6 md:max-w-3xl lg:max-w-[40rem] xl:max-w-[48rem]\">\n<div class=\"group\/conversation-turn relative flex w-full min-w-0 flex-col agent-turn\">\n<div class=\"flex-col gap-1 md:gap-3\">\n<div class=\"flex max-w-full flex-col flex-grow\">\n<div class=\"min-h-8 text-message flex w-full flex-col items-end gap-2 whitespace-normal break-words text-start [.text-message+&amp;]:mt-5\" dir=\"auto\" data-message-author-role=\"assistant\" data-message-id=\"e0c83200-805b-47fc-b9ad-e0aba657fdc7\" data-message-model-slug=\"gpt-4o\">\n<div class=\"flex w-full flex-col gap-1 empty:hidden first:pt-[3px]\">\n<div class=\"markdown prose w-full break-words dark:prose-invert light\">\n<p>A Caixa de Engrenagens para Semeadoras de Fertilizantes FMP35 foi projetada especificamente para otimizar o desempenho de diversos sistemas de aplica\u00e7\u00e3o de fertilizantes e equipamentos de semeadura. Ela desempenha um papel crucial na garantia de transmiss\u00e3o precisa de pot\u00eancia, durabilidade e efici\u00eancia. Abaixo est\u00e3o as principais aplica\u00e7\u00f5es da caixa de engrenagens FMP35 em m\u00e1quinas agr\u00edcolas:<\/p>\n<p><strong>1. Distribuidores de fertilizantes<\/strong><\/p>\n<ul>\n<li>A caixa de engrenagens FMP35 \u00e9 amplamente utilizada em distribuidores de fertilizantes, garantindo a distribui\u00e7\u00e3o precisa da pot\u00eancia aos discos de distribui\u00e7\u00e3o. A caixa de engrenagens controla a velocidade e a rota\u00e7\u00e3o do mecanismo de distribui\u00e7\u00e3o, permitindo a aplica\u00e7\u00e3o uniforme e uniforme de fertilizantes granulares ou em p\u00f3 em todo o campo.<\/li>\n<li>Isso garante cobertura ideal de fertilizantes, melhorando a nutri\u00e7\u00e3o das culturas e minimizando o desperd\u00edcio e a fertiliza\u00e7\u00e3o excessiva.<\/li>\n<\/ul>\n<p><strong>2. Combina\u00e7\u00f5es de semeadoras e fertilizantes<\/strong><\/p>\n<ul>\n<li>A caixa de engrenagens FMP35 \u00e9 comumente usada em m\u00e1quinas combinadas de semeadura e fertiliza\u00e7\u00e3o (tamb\u00e9m conhecidas como semeadoras de fertilizantes). Essas m\u00e1quinas plantam sementes e aplicam fertilizante simultaneamente, o que ajuda a otimizar o processo de plantio, reduzindo a necessidade de m\u00faltiplas passagens pelo campo.<\/li>\n<li>A caixa de engrenagens garante que os sistemas de dosagem de sementes e de distribui\u00e7\u00e3o de fertilizantes operem em sincronia, resultando em profundidade de plantio precisa e distribui\u00e7\u00e3o uniforme de fertilizantes.<\/li>\n<\/ul>\n<p><strong>3. Equipamentos de Agricultura de Precis\u00e3o<\/strong><\/p>\n<ul>\n<li>A caixa de engrenagens FMP35 \u00e9 utilizada em ferramentas de agricultura de precis\u00e3o que exigem alta precis\u00e3o na aplica\u00e7\u00e3o de fertilizantes. Ela aciona as unidades de distribui\u00e7\u00e3o para garantir que os fertilizantes sejam distribu\u00eddos em taxas e locais precisos, o que \u00e9 fundamental para maximizar o rendimento das culturas e reduzir os custos de insumos.<\/li>\n<li>Sua capacidade de lidar com taxas de aplica\u00e7\u00e3o vari\u00e1veis \u200b\u200bo torna adequado para sistemas de alta tecnologia que adaptam o uso de fertilizantes com base nas condi\u00e7\u00f5es do solo, nas necessidades da cultura e nos mapas de campo.<\/li>\n<\/ul>\n<p><strong>4. Sistemas de semeadura a ar<\/strong><\/p>\n<ul>\n<li>Em sistemas de semeadura pneum\u00e1tica, utilizados tanto para o plantio de sementes quanto para a aplica\u00e7\u00e3o de fertilizantes, a caixa de engrenagens FMP35 desempenha um papel fundamental na alimenta\u00e7\u00e3o dos ventiladores de distribui\u00e7\u00e3o e dos sistemas de dosagem. Ela garante que o fertilizante e as sementes sejam distribu\u00eddos de forma precisa e uniforme no solo.<\/li>\n<li>A caixa de engrenagens ajuda a controlar a vaz\u00e3o e a velocidade, tornando-se um componente essencial para garantir que os fertilizantes sejam aplicados na quantidade correta e no momento certo.<\/li>\n<\/ul>\n<p><strong>5. M\u00e1quinas de transmiss\u00e3o para gr\u00e3os e leguminosas<\/strong><\/p>\n<ul>\n<li>A caixa de engrenagens FMP35 \u00e9 utilizada em m\u00e1quinas de distribui\u00e7\u00e3o projetadas para espalhar fertilizantes e outros materiais, como cal ou sementes, em grandes \u00e1reas. Ela garante a distribui\u00e7\u00e3o uniforme de fertilizante ou sementes, o que \u00e9 particularmente importante para culturas como gr\u00e3os e leguminosas, que se beneficiam de uma cobertura uniforme de fertilizante.<\/li>\n<li>Isso ajuda a maximizar o rendimento das colheitas, minimizando o desperd\u00edcio de fertilizantes e garantindo que a quantidade certa de nutrientes chegue ao solo.<\/li>\n<\/ul>\n<p>A caixa de engrenagens da semeadora de fertilizantes FMP35 \u00e9 um componente essencial em uma ampla gama de m\u00e1quinas agr\u00edcolas, aumentando a efici\u00eancia, a precis\u00e3o e a produtividade. Sua versatilidade e durabilidade a tornam a escolha ideal para agricultores e operadores que buscam otimizar seus sistemas de aplica\u00e7\u00e3o de fertilizantes em diversos tipos de culturas e condi\u00e7\u00f5es de campo.<\/p>\n<p><img loading=\"lazy\" decoding=\"async\" class=\"alignnone size-full wp-image-3055\" src=\"https:\/\/fmp-components.com\/wp-content\/uploads\/2025\/01\/Fertilizer-Seeder-Gearbox-Agriculture-Applications-scaled.webp\" alt=\"Fertilizante-Semeadora-Caixa de Engrenagens-Agricultura-Aplica\u00e7\u00f5es\" width=\"2560\" height=\"892\" title=\"\" srcset=\"https:\/\/fmp-components.com\/wp-content\/uploads\/2025\/01\/Fertilizer-Seeder-Gearbox-Agriculture-Applications-scaled.webp 2560w, https:\/\/fmp-components.com\/wp-content\/uploads\/2025\/01\/Fertilizer-Seeder-Gearbox-Agriculture-Applications-1280x446.webp 1280w, https:\/\/fmp-components.com\/wp-content\/uploads\/2025\/01\/Fertilizer-Seeder-Gearbox-Agriculture-Applications-980x341.webp 980w, https:\/\/fmp-components.com\/wp-content\/uploads\/2025\/01\/Fertilizer-Seeder-Gearbox-Agriculture-Applications-480x167.webp 480w\" sizes=\"(min-width: 0px) and (max-width: 480px) 480px, (min-width: 481px) and (max-width: 980px) 980px, (min-width: 981px) and (max-width: 1280px) 1280px, (min-width: 1281px) 2560px, 100vw\" \/><\/p>\n<h2>Sobre a FMP<\/h2>\n<p>Com sede na It\u00e1lia, a FMP \u00e9 uma fabricante l\u00edder, reconhecida por sua expertise em projeto, desenvolvimento e produ\u00e7\u00e3o de caixas de engrenagens de alto desempenho, com forte foco na ind\u00fastria de m\u00e1quinas agr\u00edcolas. Reconhecida por sua engenharia de precis\u00e3o, solu\u00e7\u00f5es inovadoras e confiabilidade inabal\u00e1vel, a FMP construiu uma reputa\u00e7\u00e3o como parceira de confian\u00e7a nos setores agr\u00edcola e industrial. Nosso amplo portf\u00f3lio de produtos inclui caixas de engrenagens projetadas sob medida para cortadores de grama, eixos de tomada de for\u00e7a e uma ampla gama de componentes essenciais, todos projetados para atender \u00e0s demandas espec\u00edficas de diversas aplica\u00e7\u00f5es.<\/p>\n<p>Na FMP, reconhecemos que cada cliente tem desafios e necessidades distintas. \u00c9 por isso que nos especializamos em oferecer solu\u00e7\u00f5es personalizadas, seja para componentes individuais ou sistemas totalmente integrados. Trabalhando em estreita colabora\u00e7\u00e3o com nossos clientes, garantimos que cada solu\u00e7\u00e3o n\u00e3o apenas atenda \u00e0s suas necessidades espec\u00edficas, mas tamb\u00e9m aprimore o desempenho e maximize o valor. Nosso compromisso com respostas r\u00e1pidas e profissionais, al\u00e9m de orienta\u00e7\u00e3o especializada, garante que cada consulta seja tratada com precis\u00e3o, entregando sempre os melhores resultados.<\/p>\n<p>Priorizamos a comunica\u00e7\u00e3o transparente e cont\u00ednua durante todo o ciclo de desenvolvimento do produto. Nossa equipe dedicada trabalha diretamente com os clientes para entender completamente suas necessidades e fornecer insights e recomenda\u00e7\u00f5es valiosas para alcan\u00e7ar os melhores resultados. Seja projetando produtos de ponta ou atendendo pedidos de rotina, a FMP est\u00e1 comprometida em entregar solu\u00e7\u00f5es de alta qualidade e engenharia de precis\u00e3o, sempre no prazo. Nosso objetivo \u00e9 superar consistentemente as expectativas dos clientes, oferecendo servi\u00e7os e resultados excepcionais em cada projeto.<\/p>\n<p>A qualidade est\u00e1 no cerne das opera\u00e7\u00f5es da FMP. Seguimos os mais altos padr\u00f5es de fabrica\u00e7\u00e3o e implementamos rigorosos processos de controle de qualidade para garantir que cada produto atenda, e muitas vezes supere, os padr\u00f5es do setor. Essa dedica\u00e7\u00e3o \u00e0 excel\u00eancia, aliada aos nossos valores fundamentais de integridade, trabalho em equipe e perseveran\u00e7a, nos permitiu construir relacionamentos duradouros e baseados na confian\u00e7a com clientes em quase 30 pa\u00edses ao redor do mundo.<\/p>\n<p>A FMP est\u00e1 sempre empenhada em cultivar parcerias globais e se dedica a fornecer consultoria especializada e solu\u00e7\u00f5es personalizadas que atendam \u00e0s necessidades em constante evolu\u00e7\u00e3o de nossos clientes. Vamos al\u00e9m do simples fornecimento de produtos \u2014 buscamos estabelecer parcerias de longo prazo e mutuamente ben\u00e9ficas que contribuam para o sucesso de cada projeto. Seja para solu\u00e7\u00f5es inovadoras para uma nova iniciativa ou suporte cont\u00ednuo para um sistema existente, a FMP est\u00e1 pronta para ajud\u00e1-lo a superar desafios t\u00e9cnicos e garantir seu sucesso cont\u00ednuo.<\/p>\n<p><img loading=\"lazy\" decoding=\"async\" class=\"alignnone wp-image-2695\" src=\"https:\/\/fmp-components.com\/wp-content\/uploads\/2025\/01\/agricultural-gearbox3.webp\" alt=\"caixa de engrenagens agr\u00edcolas\" width=\"1140\" height=\"1138\" title=\"\" srcset=\"https:\/\/fmp-components.com\/wp-content\/uploads\/2025\/01\/agricultural-gearbox3.webp 1140w, https:\/\/fmp-components.com\/wp-content\/uploads\/2025\/01\/agricultural-gearbox3-480x479.webp 480w\" sizes=\"(min-width: 0px) and (max-width: 480px) 480px, (min-width: 481px) 1140px, 100vw\" \/><\/p>\n<p>Autor: CX<\/p>\n<p>&nbsp;<\/p>\n<\/div>\n<\/div>\n<\/div>\n<\/div>\n<\/div>\n<\/div>\n<\/div>\n<\/div>\n<\/article>","protected":false},"excerpt":{"rendered":"<p>Fertilizer Seeder Gearbox FMP35 Dimensions Fertilizer Seeder Gearbox FMP35 Technical Data i Suitable Rpm input Rpm output Output torque Weight Toothing r\/min r\/min N.m kg Decelerate 24.3:1 Fertilizer broadcaster, etc 1000 41 3500 47 Gleason Helical Teeth Remark: If you have any special require feel free let me know, we also accept custom. A B [&hellip;]<\/p>","protected":false},"featured_media":3056,"comment_status":"open","ping_status":"closed","template":"","meta":{"_et_pb_use_builder":"","_et_pb_old_content":"","_et_gb_content_width":""},"product_brand":[],"product_cat":[71],"product_tag":[],"class_list":{"0":"post-3052","1":"product","2":"type-product","3":"status-publish","4":"has-post-thumbnail","6":"product_cat-fertilizer-seeder-gearbox","8":"first","9":"instock","10":"shipping-taxable","11":"product-type-simple"},"_links":{"self":[{"href":"https:\/\/fmp-components.com\/pt\/wp-json\/wp\/v2\/product\/3052","targetHints":{"allow":["GET"]}}],"collection":[{"href":"https:\/\/fmp-components.com\/pt\/wp-json\/wp\/v2\/product"}],"about":[{"href":"https:\/\/fmp-components.com\/pt\/wp-json\/wp\/v2\/types\/product"}],"replies":[{"embeddable":true,"href":"https:\/\/fmp-components.com\/pt\/wp-json\/wp\/v2\/comments?post=3052"}],"wp:featuredmedia":[{"embeddable":true,"href":"https:\/\/fmp-components.com\/pt\/wp-json\/wp\/v2\/media\/3056"}],"wp:attachment":[{"href":"https:\/\/fmp-components.com\/pt\/wp-json\/wp\/v2\/media?parent=3052"}],"wp:term":[{"taxonomy":"product_brand","embeddable":true,"href":"https:\/\/fmp-components.com\/pt\/wp-json\/wp\/v2\/product_brand?post=3052"},{"taxonomy":"product_cat","embeddable":true,"href":"https:\/\/fmp-components.com\/pt\/wp-json\/wp\/v2\/product_cat?post=3052"},{"taxonomy":"product_tag","embeddable":true,"href":"https:\/\/fmp-components.com\/pt\/wp-json\/wp\/v2\/product_tag?post=3052"}],"curies":[{"name":"wp","href":"https:\/\/api.w.org\/{rel}","templated":true}]}}