{"id":3047,"date":"2025-01-04T07:16:41","date_gmt":"2025-01-04T07:16:41","guid":{"rendered":"https:\/\/fmp-components.com\/?page_id=8"},"modified":"2025-01-04T07:16:41","modified_gmt":"2025-01-04T07:16:41","slug":"double-disc-silage-machine-gearbox-fmp-qz115-for-silage-machines","status":"publish","type":"product","link":"https:\/\/fmp-components.com\/pt\/product\/double-disc-silage-machine-gearbox-fmp-qz115-for-silage-machines\/","title":{"rendered":"Caixa de engrenagens para m\u00e1quina de silagem de disco duplo FMP-QZ115 para m\u00e1quinas de silagem"},"content":{"rendered":"<h2>Caixa de engrenagens da m\u00e1quina de silagem de disco duplo FMP-QZ115 Dados t\u00e9cnicos<\/h2>\n<p><img loading=\"lazy\" decoding=\"async\" class=\"alignnone size-full wp-image-3049\" src=\"https:\/\/fmp-components.com\/wp-content\/uploads\/2025\/01\/Double-Disc-Silage-Machine-Gearbox-EP-QZ115-Dimensions.webp\" alt=\"M\u00e1quina de ensilagem de disco duplo, caixa de engrenagens, EP-QZ115, dimens\u00f5es\" width=\"1237\" height=\"890\" title=\"\" srcset=\"https:\/\/fmp-components.com\/wp-content\/uploads\/2025\/01\/Double-Disc-Silage-Machine-Gearbox-EP-QZ115-Dimensions.webp 1237w, https:\/\/fmp-components.com\/wp-content\/uploads\/2025\/01\/Double-Disc-Silage-Machine-Gearbox-EP-QZ115-Dimensions-980x705.webp 980w, https:\/\/fmp-components.com\/wp-content\/uploads\/2025\/01\/Double-Disc-Silage-Machine-Gearbox-EP-QZ115-Dimensions-480x345.webp 480w\" sizes=\"(min-width: 0px) and (max-width: 480px) 480px, (min-width: 481px) and (max-width: 980px) 980px, (min-width: 981px) 1237px, 100vw\" \/><\/p>\n<h2>Caixa de engrenagens da m\u00e1quina de silagem de disco duplo FMP-QZ115 Dados t\u00e9cnicos<\/h2>\n<table style=\"width: 92.4037%; height: 146px;\" border=\"1\" cellspacing=\"0\" cellpadding=\"0\">\n<tbody>\n<tr>\n<td colspan=\"2\" rowspan=\"2\">eu<\/td>\n<td rowspan=\"2\">Adequado<\/td>\n<td>Entrada de RPM<\/td>\n<td>Sa\u00edda de RPM<\/td>\n<td>Torque de sa\u00edda<\/td>\n<td>Peso<\/td>\n<td rowspan=\"2\">Denti\u00e7\u00e3o<\/td>\n<\/tr>\n<tr>\n<td>rpm<\/td>\n<td>rpm<\/td>\n<td>Nm<\/td>\n<td>kg<\/td>\n<\/tr>\n<tr>\n<td>Desacelerar<\/td>\n<td>1: 1<\/td>\n<td>m\u00e1quinas de silagem, etc.<\/td>\n<td>1000<\/td>\n<td>1000<\/td>\n<td>580<\/td>\n<td>35<\/td>\n<td>Gleason Helicoidal<br \/>\nDentes<\/td>\n<\/tr>\n<tr>\n<td colspan=\"8\">Observa\u00e7\u00e3o: Se voc\u00ea tiver alguma necessidade especial, sinta-se \u00e0 vontade para me avisar. Tamb\u00e9m aceitamos encomendas.<\/td>\n<\/tr>\n<\/tbody>\n<\/table>\n<table style=\"height: 128px; width: 92.5728%;\" border=\"1\" width=\"1005\" cellspacing=\"0\" cellpadding=\"0\">\n<tbody>\n<tr>\n<td style=\"width: 27.4354%;\">UM<\/td>\n<td style=\"width: 16.6998%;\">B<\/td>\n<td style=\"width: 27.9324%;\">C<\/td>\n<td style=\"width: 28.329%;\">D<\/td>\n<\/tr>\n<tr>\n<td style=\"width: 27.4354%;\">\u03a645<\/td>\n<td style=\"width: 16.6998%;\">14<\/td>\n<td style=\"width: 27.9324%;\">39.5<\/td>\n<td style=\"width: 28.329%;\">M14<\/td>\n<\/tr>\n<tr>\n<td style=\"width: 27.4354%;\">\u03a640<\/td>\n<td style=\"width: 16.6998%;\">12<\/td>\n<td style=\"width: 27.9324%;\">35<\/td>\n<td style=\"width: 28.329%;\">M12<\/td>\n<\/tr>\n<tr>\n<td style=\"width: 27.4354%;\">\u03a635<\/td>\n<td style=\"width: 16.6998%;\">10<\/td>\n<td style=\"width: 27.9324%;\">30<\/td>\n<td style=\"width: 28.329%;\">M12<\/td>\n<\/tr>\n<\/tbody>\n<\/table>\n<h2>Vantagens da caixa de engrenagens da m\u00e1quina de silagem de disco duplo FMP-QZ115<\/h2>\n<p>A Caixa de Engrenagens de Disco Duplo para M\u00e1quina de Silagem FMP-QZ115 oferece uma s\u00e9rie de vantagens projetadas para melhorar a efici\u00eancia, a confiabilidade e o desempenho das opera\u00e7\u00f5es de colheita de silagem. Projetada especificamente para m\u00e1quinas com discos de corte duplos, esta caixa de engrenagens desempenha um papel fundamental no processo de colheita de silagem, garantindo uma opera\u00e7\u00e3o suave e precisa. Aqui est\u00e3o as principais vantagens da FMP-QZ115:<\/p>\n<p><strong>1. Alta efici\u00eancia de pot\u00eancia e transmiss\u00e3o de torque<\/strong><\/p>\n<ul>\n<li>A caixa de engrenagens FMP-QZ115 foi projetada para lidar com aplica\u00e7\u00f5es de alto torque, proporcionando transfer\u00eancia eficiente de pot\u00eancia do eixo da TDF (tomada de for\u00e7a) do trator para os discos de corte da m\u00e1quina de silagem.<\/li>\n<li>Seu design robusto garante que a pot\u00eancia seja distribu\u00edda uniformemente para ambos os discos de corte, proporcionando for\u00e7a de corte consistente em todo o cabe\u00e7ote.<\/li>\n<li>A caixa de engrenagens minimiza a perda de pot\u00eancia, maximizando o desempenho geral da m\u00e1quina de silagem.<\/li>\n<\/ul>\n<p><strong>2. Corte de precis\u00e3o para silagem de alta qualidade<\/strong><\/p>\n<ul>\n<li>O sistema de disco duplo acionado pela caixa de engrenagens FMP-QZ115 permite o corte de forragens em peda\u00e7os de tamanho uniforme, essencial para garantir silagem de alta qualidade.<\/li>\n<li>A opera\u00e7\u00e3o sincronizada dos discos de corte proporciona um comprimento de corte preciso e consistente, o que \u00e9 essencial para a fermenta\u00e7\u00e3o adequada e o armazenamento ideal da silagem.<\/li>\n<li>Com o corte preciso, a silagem \u00e9 mais adequada para digest\u00e3o pelo gado, melhorando o valor nutricional da ra\u00e7\u00e3o.<\/li>\n<\/ul>\n<p><strong>3. Durabilidade e longevidade<\/strong><\/p>\n<ul>\n<li>A caixa de engrenagens FMP-QZ115 \u00e9 constru\u00edda com materiais dur\u00e1veis \u200b\u200be engenharia avan\u00e7ada, garantindo desempenho duradouro mesmo em ambientes agr\u00edcolas exigentes.<\/li>\n<li>Ele foi projetado para operar eficientemente em condi\u00e7\u00f5es adversas, incluindo alta carga, umidade e exposi\u00e7\u00e3o \u00e0 sujeira, sem comprometer a confiabilidade.<\/li>\n<li>A constru\u00e7\u00e3o de alta qualidade da caixa de engrenagens prolonga a vida \u00fatil da m\u00e1quina, reduzindo a necessidade de reparos e manuten\u00e7\u00e3o frequentes.<\/li>\n<\/ul>\n<p><strong>4. Design compacto e leve<\/strong><\/p>\n<ul>\n<li>A caixa de engrenagens FMP-QZ115 \u00e9 compacta e leve, facilitando sua integra\u00e7\u00e3o \u00e0 m\u00e1quina de silagem sem adicionar peso ou volume desnecess\u00e1rios.<\/li>\n<li>Isso contribui para a agilidade e manobrabilidade geral da m\u00e1quina, permitindo melhor manuseio e reduzindo o esfor\u00e7o operacional do trator.<\/li>\n<\/ul>\n<p><strong>5. Requisitos de manuten\u00e7\u00e3o reduzidos<\/strong><\/p>\n<ul>\n<li>A caixa de engrenagens foi projetada com um design de baixa manuten\u00e7\u00e3o, incorporando rolamentos selados e sistemas avan\u00e7ados de lubrifica\u00e7\u00e3o que reduzem o desgaste dos componentes internos.<\/li>\n<li>Isso minimiza o tempo de inatividade e reduz o custo geral de propriedade, diminuindo as necessidades de manuten\u00e7\u00e3o e servi\u00e7o.<\/li>\n<li>Os recursos autolubrificantes garantem que as pe\u00e7as internas permane\u00e7am devidamente lubrificadas, resultando em uma opera\u00e7\u00e3o mais suave e maior confiabilidade.<\/li>\n<\/ul>\n<p>A caixa de engrenagens da m\u00e1quina de silagem de disco duplo FMP-QZ115 oferece uma combina\u00e7\u00e3o excepcional de durabilidade, precis\u00e3o e efici\u00eancia, tornando-a a escolha ideal para opera\u00e7\u00f5es modernas de colheita de silagem. Seus recursos avan\u00e7ados melhoram a qualidade geral da silagem, reduzem os custos de manuten\u00e7\u00e3o e aumentam a vida \u00fatil da caixa de engrenagens e da m\u00e1quina, resultando em um processo de colheita mais produtivo e econ\u00f4mico.<\/p>\n<p><img loading=\"lazy\" decoding=\"async\" class=\"alignnone  wp-image-3042\" src=\"https:\/\/fmp-components.com\/wp-content\/uploads\/2025\/01\/Silage-Machine-Gearbox-EP-QZ-QGXRL-for-German-Champion-Four-Disc-Type-3500-Applications-2-1024x641-1.webp\" alt=\"M\u00e1quina de silagem-Caixa de engrenagens-EP-QZ-QGXRL-para-campe\u00e3o-alem\u00e3o-tipo-de-quatro-discos-3500-Aplica\u00e7\u00f5es-2-1024x641\" width=\"1093\" height=\"684\" title=\"\" srcset=\"https:\/\/fmp-components.com\/wp-content\/uploads\/2025\/01\/Silage-Machine-Gearbox-EP-QZ-QGXRL-for-German-Champion-Four-Disc-Type-3500-Applications-2-1024x641-1.webp 1093w, https:\/\/fmp-components.com\/wp-content\/uploads\/2025\/01\/Silage-Machine-Gearbox-EP-QZ-QGXRL-for-German-Champion-Four-Disc-Type-3500-Applications-2-1024x641-1-980x613.webp 980w, https:\/\/fmp-components.com\/wp-content\/uploads\/2025\/01\/Silage-Machine-Gearbox-EP-QZ-QGXRL-for-German-Champion-Four-Disc-Type-3500-Applications-2-1024x641-1-480x300.webp 480w\" sizes=\"(min-width: 0px) and (max-width: 480px) 480px, (min-width: 481px) and (max-width: 980px) 980px, (min-width: 981px) 1093px, 100vw\" \/><\/p>\n<h2>Aplica\u00e7\u00f5es da caixa de engrenagens da m\u00e1quina de silagem de disco duplo FMP-QZ115<\/h2>\n<p>A caixa de engrenagens da m\u00e1quina de silagem de disco duplo FMP-QZ115 foi projetada especificamente para aprimorar o desempenho e a efici\u00eancia das opera\u00e7\u00f5es de colheita de silagem. Sua engenharia robusta e caracter\u00edsticas de precis\u00e3o a tornam adequada para uma ampla gama de aplica\u00e7\u00f5es agr\u00edcolas. Abaixo est\u00e3o as principais aplica\u00e7\u00f5es da caixa de engrenagens FMP-QZ115:<\/p>\n<p><strong>1. Colheita de silagem<\/strong><\/p>\n<ul>\n<li>A caixa de engrenagens FMP-QZ115 \u00e9 usada principalmente em m\u00e1quinas de colheita de silagem, onde aciona os discos de corte duplos respons\u00e1veis \u200b\u200bpor picar as forragens em peda\u00e7os pequenos e uniformes. Esses peda\u00e7os finamente picados s\u00e3o ent\u00e3o processados \u200b\u200be armazenados como silagem.<\/li>\n<li>A caixa de engrenagens garante que a pot\u00eancia da tomada de for\u00e7a (TDP) do trator seja transmitida de forma eficiente para ambos os discos de corte, proporcionando desempenho consistente e confi\u00e1vel durante o processo de colheita de silagem.<\/li>\n<\/ul>\n<p><strong>2. Corte e tritura\u00e7\u00e3o de forragem<\/strong><\/p>\n<ul>\n<li>A caixa de engrenagens \u00e9 parte integrante de m\u00e1quinas que cortam uma variedade de forragens, incluindo milho, grama, alfafa e outras plantas adequadas para silagem.<\/li>\n<li>Permite um corte preciso e uniforme, essencial para garantir a qualidade e a consist\u00eancia da silagem. A uniformidade do comprimento do corte melhora o processo de fermenta\u00e7\u00e3o e o valor nutricional geral da silagem, tornando-a uma ferramenta essencial para a produ\u00e7\u00e3o de forragem em pequena e grande escala.<\/li>\n<\/ul>\n<p><strong>3. Colheitadeiras de forragem multidisco<\/strong><\/p>\n<ul>\n<li>O FMP-QZ115 \u00e9 especialmente adequado para sistemas de colheita de forragem multidisco, onde aciona dois discos de corte simultaneamente. Isso garante uma opera\u00e7\u00e3o sincronizada, permitindo um processamento eficiente e uniforme da colheita.<\/li>\n<li>Ao acionar v\u00e1rios discos em un\u00edssono, a caixa de engrenagens melhora a precis\u00e3o do corte e aumenta a produtividade de toda a m\u00e1quina de silagem.<\/li>\n<\/ul>\n<p><strong>4. Produ\u00e7\u00e3o de Haylage<\/strong><\/p>\n<ul>\n<li>A caixa de engrenagens tamb\u00e9m pode ser usada na produ\u00e7\u00e3o de silagem de feno, que \u00e9 feita cortando e armazenando grama ou leguminosas com maior teor de umidade do que o feno tradicional.<\/li>\n<li>O FMP-QZ115 garante que o mecanismo de corte possa processar o material mais \u00famido normalmente associado \u00e0 produ\u00e7\u00e3o de silagem de feno sem sacrificar a efici\u00eancia ou a qualidade do corte.<\/li>\n<\/ul>\n<p><strong>5. Aplica\u00e7\u00f5es agr\u00edcolas de alto torque<\/strong><\/p>\n<ul>\n<li>Projetada para atender a altas demandas de torque, a caixa de engrenagens FMP-QZ115 \u00e9 ideal para tarefas agr\u00edcolas pesadas, como o corte de culturas densas e fibrosas ou talos grossos. Sua constru\u00e7\u00e3o robusta garante o processamento de materiais desafiadores, como talos de milho maduros ou forragem lenhosa, proporcionando alto torque sem comprometer o desempenho.<\/li>\n<li>Sua alta capacidade de torque o torna adequado para uso em ambientes de colheita de alta demanda, onde pot\u00eancia consistente e confi\u00e1vel \u00e9 essencial.<\/li>\n<\/ul>\n<p>A caixa de engrenagens da m\u00e1quina de silagem de disco duplo FMP-QZ115 \u00e9 essencial para melhorar a efici\u00eancia, a confiabilidade e a precis\u00e3o das colhedoras de silagem. Sua adaptabilidade a uma variedade de culturas, sua capacidade de lidar com aplica\u00e7\u00f5es de alto torque e seu design vers\u00e1til a tornam um componente valioso para opera\u00e7\u00f5es agr\u00edcolas que buscam otimizar a produ\u00e7\u00e3o de silagem, seja em pequena ou grande escala.<\/p>\n<p><img loading=\"lazy\" decoding=\"async\" class=\"alignnone size-full wp-image-3051\" src=\"https:\/\/fmp-components.com\/wp-content\/uploads\/2025\/01\/Double-Disc-Silage-Machine-Gearbox-EP-QZ115-Applications.webp\" alt=\"M\u00e1quina de silagem de disco duplo com caixa de engrenagens EP-QZ115 - Aplica\u00e7\u00f5es\" width=\"1024\" height=\"576\" title=\"\" srcset=\"https:\/\/fmp-components.com\/wp-content\/uploads\/2025\/01\/Double-Disc-Silage-Machine-Gearbox-EP-QZ115-Applications.webp 1024w, https:\/\/fmp-components.com\/wp-content\/uploads\/2025\/01\/Double-Disc-Silage-Machine-Gearbox-EP-QZ115-Applications-980x551.webp 980w, https:\/\/fmp-components.com\/wp-content\/uploads\/2025\/01\/Double-Disc-Silage-Machine-Gearbox-EP-QZ115-Applications-480x270.webp 480w\" sizes=\"(min-width: 0px) and (max-width: 480px) 480px, (min-width: 481px) and (max-width: 980px) 980px, (min-width: 981px) 1024px, 100vw\" \/><\/p>\n<h3>Sobre a FMP<\/h3>\n<p>Com sede na It\u00e1lia, a FMP \u00e9 uma fabricante renomada, reconhecida por sua expertise em projeto, desenvolvimento e produ\u00e7\u00e3o de caixas de engrenagens de alto desempenho, com \u00eanfase especial no setor de m\u00e1quinas agr\u00edcolas. A FMP \u00e9 reconhecida por sua engenharia de precis\u00e3o, solu\u00e7\u00f5es inovadoras e confiabilidade inabal\u00e1vel, consolidando-se como uma parceira confi\u00e1vel para os setores agr\u00edcola e industrial. Nosso abrangente portf\u00f3lio de produtos inclui caixas de engrenagens projetadas sob medida para cortadores de grama, eixos de tomada de for\u00e7a e uma ampla gama de componentes essenciais, todos adaptados para atender aos diversos requisitos de diversas aplica\u00e7\u00f5es.<\/p>\n<p>Na FMP, entendemos que cada cliente enfrenta desafios e necessidades \u00fanicas. \u00c9 por isso que nos especializamos em fornecer solu\u00e7\u00f5es personalizadas, seja para componentes individuais ou sistemas totalmente integrados. Trabalhando em estreita colabora\u00e7\u00e3o com nossos clientes, garantimos que cada solu\u00e7\u00e3o n\u00e3o apenas atenda \u00e0s suas necessidades espec\u00edficas, mas tamb\u00e9m otimize o desempenho e agregue valor significativo. Nossa dedica\u00e7\u00e3o a respostas r\u00e1pidas e profissionais e orienta\u00e7\u00e3o especializada garante que cada consulta seja tratada com precis\u00e3o, garantindo sempre os melhores resultados.<\/p>\n<p>Damos grande import\u00e2ncia \u00e0 comunica\u00e7\u00e3o transparente e cont\u00ednua durante todo o processo de desenvolvimento do produto. Nossa equipe experiente trabalha diretamente com os clientes para obter um profundo entendimento de suas necessidades, oferecendo recomenda\u00e7\u00f5es criteriosas para garantir resultados ideais. Seja criando produtos de ponta ou atendendo pedidos de rotina, a FMP est\u00e1 comprometida em fornecer solu\u00e7\u00f5es de alta qualidade e engenharia de precis\u00e3o que cumpram os prazos de forma consistente. Nossa miss\u00e3o \u00e9 superar as expectativas dos clientes, oferecendo servi\u00e7os e resultados excepcionais em cada projeto.<\/p>\n<p>Na FMP, a qualidade \u00e9 a base de tudo o que fazemos. Mantemos os mais altos padr\u00f5es de fabrica\u00e7\u00e3o e empregamos rigorosas medidas de controle de qualidade para garantir que cada produto n\u00e3o apenas atenda, mas supere os padr\u00f5es da ind\u00fastria. Esse compromisso com a excel\u00eancia, aliado aos nossos valores fundamentais de integridade, trabalho em equipe e perseveran\u00e7a, nos permitiu construir relacionamentos s\u00f3lidos e baseados na confian\u00e7a com clientes em quase 30 pa\u00edses ao redor do mundo.<\/p>\n<p>A FMP est\u00e1 sempre empenhada em fomentar parcerias globais e permanece dedicada a oferecer consultoria especializada e solu\u00e7\u00f5es personalizadas que atendam \u00e0s necessidades em constante evolu\u00e7\u00e3o de nossos clientes. Vamos al\u00e9m do simples fornecimento de produtos; buscamos estabelecer parcerias de longo prazo que contribuam para o sucesso de cada projeto. Seja para solu\u00e7\u00f5es inovadoras para uma nova iniciativa ou suporte cont\u00ednuo para um sistema existente, a FMP est\u00e1 pronta para ajud\u00e1-lo a superar seus desafios t\u00e9cnicos e garantir seu sucesso cont\u00ednuo.<\/p>\n<p><img loading=\"lazy\" decoding=\"async\" class=\"alignnone wp-image-2695\" src=\"https:\/\/fmp-components.com\/wp-content\/uploads\/2025\/01\/agricultural-gearbox3.webp\" alt=\"caixa de engrenagens agr\u00edcolas\" width=\"953\" height=\"951\" title=\"\" srcset=\"https:\/\/fmp-components.com\/wp-content\/uploads\/2025\/01\/agricultural-gearbox3.webp 953w, https:\/\/fmp-components.com\/wp-content\/uploads\/2025\/01\/agricultural-gearbox3-480x479.webp 480w\" sizes=\"(min-width: 0px) and (max-width: 480px) 480px, (min-width: 481px) 953px, 100vw\" \/><\/p>\n<p>Autor: CX<\/p>\n<p>&nbsp;<\/p>","protected":false},"excerpt":{"rendered":"<p>Double Disc Silage Machine Gearbox FMP-QZ115 Technical Data Double Disc Silage Machine Gearbox FMP-QZ115 Technical Data i Suitable Rpm input Rpm output Output torque Weight Toothing r\/min r\/min N.m kg Decelerate 1: 1 silage machines, etc 1000 1000 580 35 Gleason Helical Teeth Remark: If you have any special require feel free let me know, [&hellip;]<\/p>","protected":false},"featured_media":3050,"comment_status":"open","ping_status":"closed","template":"","meta":{"_et_pb_use_builder":"","_et_pb_old_content":"","_et_gb_content_width":""},"product_brand":[],"product_cat":[69],"product_tag":[],"class_list":{"0":"post-3047","1":"product","2":"type-product","3":"status-publish","4":"has-post-thumbnail","6":"product_cat-silage-machine-gearbox","8":"first","9":"instock","10":"shipping-taxable","11":"product-type-simple"},"_links":{"self":[{"href":"https:\/\/fmp-components.com\/pt\/wp-json\/wp\/v2\/product\/3047","targetHints":{"allow":["GET"]}}],"collection":[{"href":"https:\/\/fmp-components.com\/pt\/wp-json\/wp\/v2\/product"}],"about":[{"href":"https:\/\/fmp-components.com\/pt\/wp-json\/wp\/v2\/types\/product"}],"replies":[{"embeddable":true,"href":"https:\/\/fmp-components.com\/pt\/wp-json\/wp\/v2\/comments?post=3047"}],"wp:featuredmedia":[{"embeddable":true,"href":"https:\/\/fmp-components.com\/pt\/wp-json\/wp\/v2\/media\/3050"}],"wp:attachment":[{"href":"https:\/\/fmp-components.com\/pt\/wp-json\/wp\/v2\/media?parent=3047"}],"wp:term":[{"taxonomy":"product_brand","embeddable":true,"href":"https:\/\/fmp-components.com\/pt\/wp-json\/wp\/v2\/product_brand?post=3047"},{"taxonomy":"product_cat","embeddable":true,"href":"https:\/\/fmp-components.com\/pt\/wp-json\/wp\/v2\/product_cat?post=3047"},{"taxonomy":"product_tag","embeddable":true,"href":"https:\/\/fmp-components.com\/pt\/wp-json\/wp\/v2\/product_tag?post=3047"}],"curies":[{"name":"wp","href":"https:\/\/api.w.org\/{rel}","templated":true}]}}