{"id":3040,"date":"2025-01-04T06:52:23","date_gmt":"2025-01-04T06:52:23","guid":{"rendered":"https:\/\/fmp-components.com\/?page_id=8"},"modified":"2025-01-04T07:03:04","modified_gmt":"2025-01-04T07:03:04","slug":"silage-machine-gearbox-fmp-qz-qgxr-l-for-german-champion-four-disc-type-3500","status":"publish","type":"product","link":"https:\/\/fmp-components.com\/pt\/product\/silage-machine-gearbox-fmp-qz-qgxr-l-for-german-champion-four-disc-type-3500\/","title":{"rendered":"Caixa de engrenagens da m\u00e1quina de silagem FMP-QZ-QGXR\/L para quatro discos Champion alem\u00e3o (tipo 3500)"},"content":{"rendered":"<h2>Dimens\u00f5es da caixa de engrenagens da m\u00e1quina de silagem FMP-QZ-QGXR\/L<\/h2>\n<p><img loading=\"lazy\" decoding=\"async\" class=\"alignnone size-full wp-image-3043\" src=\"https:\/\/fmp-components.com\/wp-content\/uploads\/2025\/01\/Silage-Machine-Gearbox-EP-QZ-QGXRL-Dimensions-1.webp\" alt=\"M\u00e1quina de silagem-Caixa de engrenagens-FMP-QZ-QGXRL-Dimens\u00f5es-1\" width=\"1522\" height=\"663\" title=\"\" srcset=\"https:\/\/fmp-components.com\/wp-content\/uploads\/2025\/01\/Silage-Machine-Gearbox-EP-QZ-QGXRL-Dimensions-1.webp 1522w, https:\/\/fmp-components.com\/wp-content\/uploads\/2025\/01\/Silage-Machine-Gearbox-EP-QZ-QGXRL-Dimensions-1-1280x558.webp 1280w, https:\/\/fmp-components.com\/wp-content\/uploads\/2025\/01\/Silage-Machine-Gearbox-EP-QZ-QGXRL-Dimensions-1-980x427.webp 980w, https:\/\/fmp-components.com\/wp-content\/uploads\/2025\/01\/Silage-Machine-Gearbox-EP-QZ-QGXRL-Dimensions-1-480x209.webp 480w\" sizes=\"(min-width: 0px) and (max-width: 480px) 480px, (min-width: 481px) and (max-width: 980px) 980px, (min-width: 981px) and (max-width: 1280px) 1280px, (min-width: 1281px) 1522px, 100vw\" \/> <img loading=\"lazy\" decoding=\"async\" class=\"alignnone size-full wp-image-3044\" src=\"https:\/\/fmp-components.com\/wp-content\/uploads\/2025\/01\/Silage-Machine-Gearbox-EP-QZ-QGXRL-Dimensions-2.webp\" alt=\"M\u00e1quina de silagem-Caixa de engrenagens-FMP-QZ-QGXRL-Dimens\u00f5es-2\" width=\"1420\" height=\"914\" title=\"\" srcset=\"https:\/\/fmp-components.com\/wp-content\/uploads\/2025\/01\/Silage-Machine-Gearbox-EP-QZ-QGXRL-Dimensions-2.webp 1420w, https:\/\/fmp-components.com\/wp-content\/uploads\/2025\/01\/Silage-Machine-Gearbox-EP-QZ-QGXRL-Dimensions-2-1280x824.webp 1280w, https:\/\/fmp-components.com\/wp-content\/uploads\/2025\/01\/Silage-Machine-Gearbox-EP-QZ-QGXRL-Dimensions-2-980x631.webp 980w, https:\/\/fmp-components.com\/wp-content\/uploads\/2025\/01\/Silage-Machine-Gearbox-EP-QZ-QGXRL-Dimensions-2-480x309.webp 480w\" sizes=\"(min-width: 0px) and (max-width: 480px) 480px, (min-width: 481px) and (max-width: 980px) 980px, (min-width: 981px) and (max-width: 1280px) 1280px, (min-width: 1281px) 1420px, 100vw\" \/><\/p>\n<h2>Caixa de engrenagens da m\u00e1quina de silagem FMP-QZ-QGXR\/L Dados t\u00e9cnicos<\/h2>\n<table style=\"width: 99.2126%;\" border=\"1\" cellspacing=\"0\" cellpadding=\"0\">\n<tbody>\n<tr>\n<td style=\"width: 13.0597%;\">Nome<\/td>\n<td style=\"width: 19.2164%;\">Adequado<\/td>\n<td style=\"width: 25.5597%;\" colspan=\"2\">Vez<\/td>\n<td style=\"width: 16.2313%;\">s\u00e9rie de cabe\u00e7alhos<\/td>\n<td style=\"width: 128.172%;\">Denti\u00e7\u00e3o<\/td>\n<\/tr>\n<tr>\n<td style=\"width: 13.0597%;\">caixa de corte<\/td>\n<td style=\"width: 19.2164%;\">m\u00e1quinas de silagem<\/td>\n<td style=\"width: 9.14179%;\">vire \u00e0 esquerda<\/td>\n<td style=\"width: 16.4179%;\">dextrorrota\u00e7\u00e3o<\/td>\n<td style=\"width: 16.2313%;\">3 s\u00e9ries<\/td>\n<td style=\"width: 128.172%;\">Dentes helicoidais de Gleason<\/td>\n<\/tr>\n<tr>\n<td style=\"width: 202.239%;\" colspan=\"6\">Observa\u00e7\u00e3o: Se voc\u00ea tiver alguma necessidade especial, sinta-se \u00e0 vontade para me avisar. Tamb\u00e9m aceitamos encomendas.<\/td>\n<\/tr>\n<\/tbody>\n<\/table>\n<h2>Princ\u00edpio de funcionamento da caixa de engrenagens do cabe\u00e7ote da m\u00e1quina de silagem para o campe\u00e3o alem\u00e3o de quatro discos (tipo 3500)<\/h2>\n<p>O princ\u00edpio de funcionamento da Caixa de Engrenagens do Cabe\u00e7ote da M\u00e1quina de Silagem para o Champion Quatro Discos Alem\u00e3o (Tipo 3500) baseia-se na transmiss\u00e3o eficiente de pot\u00eancia do eixo da TDF (Tomada de For\u00e7a) do trator para os componentes de corte e processamento da m\u00e1quina de colheita de silagem. Esta caixa de engrenagens \u00e9 parte integrante da opera\u00e7\u00e3o da m\u00e1quina, proporcionando o movimento rotacional necess\u00e1rio para acionar os discos de corte, garantindo o corte e o processamento precisos das forragens para a produ\u00e7\u00e3o de silagem.<\/p>\n<p><strong>1. Transmiss\u00e3o de pot\u00eancia da tomada de for\u00e7a para o cabe\u00e7alho<\/strong><\/p>\n<ul>\n<li>O eixo da tomada de for\u00e7a do trator gera pot\u00eancia rotacional. A caixa de engrenagens do cabe\u00e7ote da m\u00e1quina de silagem \u00e9 projetada para receber essa pot\u00eancia por meio de um acoplamento da tomada de for\u00e7a.<\/li>\n<li>A caixa de engrenagens converte a pot\u00eancia rotacional do eixo de tomada de for\u00e7a do trator em pot\u00eancia mec\u00e2nica utiliz\u00e1vel, que \u00e9 ent\u00e3o transmitida aos discos de corte e outros componentes do cabe\u00e7ote.<\/li>\n<\/ul>\n<p><strong>2. Amplifica\u00e7\u00e3o de torque e redu\u00e7\u00e3o de velocidade<\/strong><\/p>\n<ul>\n<li>Uma das principais fun\u00e7\u00f5es da caixa de engrenagens do cabe\u00e7ote \u00e9 a redu\u00e7\u00e3o da velocidade e o aumento do torque. A caixa de engrenagens reduz a rota\u00e7\u00e3o de alta velocidade da tomada de for\u00e7a (normalmente em torno de 540 ou 1.000 RPM, dependendo das especifica\u00e7\u00f5es da tomada de for\u00e7a do trator) para as velocidades operacionais mais baixas exigidas pelos discos de corte.<\/li>\n<li>Ao mesmo tempo, a caixa de engrenagens amplifica o torque necess\u00e1rio para acionar os discos e l\u00e2minas de corte. Isso garante que os componentes de corte tenham a pot\u00eancia necess\u00e1ria para cortar culturas densas e fibrosas, como milho, capim ou alfafa.<\/li>\n<\/ul>\n<p><strong>3. Distribui\u00e7\u00e3o de energia para discos de corte<\/strong><\/p>\n<ul>\n<li>A caixa de engrenagens distribui a pot\u00eancia transmitida para os quatro discos de corte do cabe\u00e7ote da m\u00e1quina de silagem.<\/li>\n<li>Cada disco de corte \u00e9 acionado de forma independente pela caixa de engrenagens, garantindo que a m\u00e1quina opere de forma eficiente e uniforme, mesmo ao cortar grandes volumes de material. A distribui\u00e7\u00e3o de pot\u00eancia \u00e9 feita por meio de uma s\u00e9rie de engrenagens e eixos interconectados dentro da caixa de engrenagens, que garantem um torque uniforme para cada disco.<\/li>\n<\/ul>\n<p><strong>4. Controle de velocidade de rota\u00e7\u00e3o para precis\u00e3o de corte<\/strong><\/p>\n<ul>\n<li>A velocidade de rota\u00e7\u00e3o dos discos de corte \u00e9 crucial para atingir o comprimento de corte e a qualidade desejados da silagem. A caixa de engrenagens do cabe\u00e7ote foi projetada para manter uma velocidade de rota\u00e7\u00e3o consistente sob condi\u00e7\u00f5es de carga vari\u00e1veis \u200b\u200b(como diferentes tipos de culturas ou condi\u00e7\u00f5es de campo).<\/li>\n<li>Ao controlar a velocidade dos discos de corte com precis\u00e3o, a caixa de engrenagens garante que a forragem seja picada uniformemente, o que \u00e9 essencial para a fermenta\u00e7\u00e3o e o armazenamento adequados da silagem.<\/li>\n<\/ul>\n<p><strong>5. Sincroniza\u00e7\u00e3o de Discos<\/strong><\/p>\n<ul>\n<li>A caixa de engrenagens tamb\u00e9m \u00e9 respons\u00e1vel por sincronizar a opera\u00e7\u00e3o dos quatro discos de corte. Isso garante que os discos girem em perfeita harmonia, o que \u00e9 importante para manter um desempenho de corte uniforme.<\/li>\n<li>A rota\u00e7\u00e3o sincronizada dos discos permite um corte uniforme e evita o processamento irregular da forragem, o que pode levar \u00e0 silagem de baixa qualidade e fermenta\u00e7\u00e3o inconsistente.<\/li>\n<\/ul>\n<p>A caixa de engrenagens do cabe\u00e7ote da m\u00e1quina de silagem para o Champion Four Disc alem\u00e3o (Tipo 3500) desempenha um papel fundamental para garantir que as m\u00e1quinas de colheita de silagem operem com efici\u00eancia, com controle preciso da velocidade, transmiss\u00e3o de pot\u00eancia e sincroniza\u00e7\u00e3o dos discos. Ao otimizar o processo de corte, a caixa de engrenagens ajuda a obter silagem de alta qualidade, garantindo o melhor resultado poss\u00edvel para a alimenta\u00e7\u00e3o do gado.<\/p>\n<p><img loading=\"lazy\" decoding=\"async\" class=\"alignnone size-full wp-image-2972\" src=\"https:\/\/fmp-components.com\/wp-content\/uploads\/2025\/01\/Silage-Machine-Gearbox-for-German-Champion-Four-Disc-Type-3500-Working-Principle-scaled.webp\" alt=\"Princ\u00edpio de funcionamento da m\u00e1quina de silagem com caixa de engrenagens para o campe\u00e3o alem\u00e3o de quatro discos tipo 3500\" width=\"2560\" height=\"1212\" title=\"\" srcset=\"https:\/\/fmp-components.com\/wp-content\/uploads\/2025\/01\/Silage-Machine-Gearbox-for-German-Champion-Four-Disc-Type-3500-Working-Principle-scaled.webp 2560w, https:\/\/fmp-components.com\/wp-content\/uploads\/2025\/01\/Silage-Machine-Gearbox-for-German-Champion-Four-Disc-Type-3500-Working-Principle-1280x606.webp 1280w, https:\/\/fmp-components.com\/wp-content\/uploads\/2025\/01\/Silage-Machine-Gearbox-for-German-Champion-Four-Disc-Type-3500-Working-Principle-980x464.webp 980w, https:\/\/fmp-components.com\/wp-content\/uploads\/2025\/01\/Silage-Machine-Gearbox-for-German-Champion-Four-Disc-Type-3500-Working-Principle-480x227.webp 480w\" sizes=\"(min-width: 0px) and (max-width: 480px) 480px, (min-width: 481px) and (max-width: 980px) 980px, (min-width: 981px) and (max-width: 1280px) 1280px, (min-width: 1281px) 2560px, 100vw\" \/><\/p>\n<h2>Aplica\u00e7\u00f5es da caixa de engrenagens da m\u00e1quina de silagem FMP-QZ-QGXR\/L para o campe\u00e3o alem\u00e3o de quatro discos (tipo 3500)<\/h2>\n<p>A caixa de engrenagens FMP-QZ-QGXR\/L para a m\u00e1quina de silagem Champion Four Disc (Tipo 3500) da Alemanha \u00e9 uma caixa de engrenagens especializada, projetada para equipamentos de colheita de silagem de alto desempenho. Esta caixa de engrenagens foi projetada especificamente para atender aos exigentes requisitos do processamento moderno de forragem, garantindo que as m\u00e1quinas de silagem operem de forma eficiente e confi\u00e1vel em diversas condi\u00e7\u00f5es agr\u00edcolas. Abaixo, as principais aplica\u00e7\u00f5es desta caixa de engrenagens:<\/p>\n<p>1. Colheita de silagem<\/p>\n<ul>\n<li>A principal aplica\u00e7\u00e3o da caixa de engrenagens FMP-QZ-QGXR\/L \u00e9 na colheita de silagem. Ela transfere com efici\u00eancia a pot\u00eancia da tomada de for\u00e7a do trator para os discos de corte da m\u00e1quina de silagem, respons\u00e1veis \u200b\u200bpor triturar forragens como milho, capim, alfafa e leguminosas em material finamente processado para armazenamento como silagem.<\/li>\n<li>Tipos de culturas vers\u00e1teis: ele pode lidar com uma grande variedade de culturas, incluindo culturas de alta umidade (como milho) e culturas mais secas (como gram\u00edneas e alfafa), tornando-o adequado para diversos ambientes agr\u00edcolas.<\/li>\n<\/ul>\n<p>2. Corte e moagem de forragem<\/p>\n<ul>\n<li>A caixa de engrenagens aciona os discos de corte no cabe\u00e7ote de silagem, garantindo que a m\u00e1quina possa picar a forragem em peda\u00e7os uniformes. A precis\u00e3o da caixa de engrenagens permite comprimentos de corte consistentes, o que \u00e9 crucial para a fermenta\u00e7\u00e3o adequada e a qualidade ideal da silagem.<\/li>\n<li>Precis\u00e3o de corte: Ao controlar a velocidade e o torque dos discos de corte, a caixa de engrenagens garante um corte de alta qualidade, essencial para manter o valor nutricional da silagem e otimizar seu potencial de armazenamento.<\/li>\n<\/ul>\n<p>3. Produ\u00e7\u00e3o de Haylage<\/p>\n<ul>\n<li>A caixa de engrenagens tamb\u00e9m pode ser usada na produ\u00e7\u00e3o de silagem de feno, que \u00e9 um tipo de silagem feita de grama ou leguminosas que s\u00e3o picadas e armazenadas com maior teor de umidade do que o feno tradicional.<\/li>\n<li>Reten\u00e7\u00e3o de umidade: a caixa de engrenagens garante que a m\u00e1quina possa processar forragem mais \u00famida sem perda de pot\u00eancia, tornando-a ideal para a produ\u00e7\u00e3o de silagem de feno, onde a manuten\u00e7\u00e3o do teor de umidade \u00e9 essencial.<\/li>\n<\/ul>\n<p>4. Aplica\u00e7\u00f5es de alto torque<\/p>\n<ul>\n<li>A caixa de engrenagens FMP-QZ-QGXR\/L foi projetada para lidar com aplica\u00e7\u00f5es de alto torque, tornando-a adequada para tarefas exigentes, como cortar culturas densas e fibrosas, como talos de milho ou grama madura, que exigem pot\u00eancia significativa para serem processadas com efici\u00eancia.<\/li>\n<li>Opera\u00e7\u00f5es de servi\u00e7o pesado: a caixa de engrenagens foi projetada para suportar as altas for\u00e7as e torques gerados durante essas opera\u00e7\u00f5es, garantindo que os discos de corte mantenham um desempenho consistente em condi\u00e7\u00f5es dif\u00edceis.<\/li>\n<\/ul>\n<p>5. M\u00e1quinas agr\u00edcolas pesadas<\/p>\n<ul>\n<li>A caixa de engrenagens foi projetada para uso em m\u00e1quinas de silagem de alta resist\u00eancia, capazes de processar grandes volumes de forragem em uma \u00fanica opera\u00e7\u00e3o. Isso a torna uma solu\u00e7\u00e3o ideal para opera\u00e7\u00f5es agr\u00edcolas comerciais, onde alto rendimento e confiabilidade s\u00e3o essenciais.<\/li>\n<li>Transfer\u00eancia de pot\u00eancia eficiente: ao fornecer transfer\u00eancia de pot\u00eancia confi\u00e1vel e eficiente ao mecanismo de corte, a caixa de engrenagens contribui para uma colheita de alta efici\u00eancia, reduzindo o tempo e a m\u00e3o de obra necess\u00e1rios para a produ\u00e7\u00e3o de silagem em larga escala.<\/li>\n<\/ul>\n<p>A caixa de engrenagens da m\u00e1quina de silagem FMP-QZ-QGXR\/L para o Champion Four Disc alem\u00e3o (Tipo 3500) \u00e9 um componente essencial para uma colheita de silagem eficiente, confi\u00e1vel e de alta qualidade. Com sua capacidade de lidar com sistemas de alto torque, redu\u00e7\u00e3o de velocidade e multidisco, \u00e9 ideal para opera\u00e7\u00f5es agr\u00edcolas de grande porte e diversos tipos de culturas. O design robusto e os recursos personaliz\u00e1veis \u200b\u200bda caixa de engrenagens garantem que ela atenda \u00e0s necessidades espec\u00edficas das modernas m\u00e1quinas de colheita de forragem, contribuindo para o aumento da produtividade e a melhoria da qualidade da silagem.<\/p>\n<table style=\"border-collapse: collapse; width: 100.171%; height: 13px;\" border=\"0\" width=\"128\" cellspacing=\"0\" cellpadding=\"0\">\n<tbody>\n<tr style=\"height: 13.8pt;\">\n<td style=\"height: 13px; width: 51.8993%;\" align=\"right\" width=\"64\" height=\"18\"><img loading=\"lazy\" decoding=\"async\" class=\"alignnone size-full wp-image-2971\" src=\"https:\/\/fmp-components.com\/wp-content\/uploads\/2025\/01\/Silage-Machine-Gearbox-EP-QZ-WRXL-for-German-Champion-Four-Disc-Type-3500.webp\" alt=\"M\u00e1quina de silagem-Caixa de engrenagens-EP-QZ-WRXL-para-campe\u00e3o-alem\u00e3o-tipo-quatro-discos-3500\" width=\"1024\" height=\"607\" title=\"\" srcset=\"https:\/\/fmp-components.com\/wp-content\/uploads\/2025\/01\/Silage-Machine-Gearbox-EP-QZ-WRXL-for-German-Champion-Four-Disc-Type-3500.webp 1024w, https:\/\/fmp-components.com\/wp-content\/uploads\/2025\/01\/Silage-Machine-Gearbox-EP-QZ-WRXL-for-German-Champion-Four-Disc-Type-3500-980x581.webp 980w, https:\/\/fmp-components.com\/wp-content\/uploads\/2025\/01\/Silage-Machine-Gearbox-EP-QZ-WRXL-for-German-Champion-Four-Disc-Type-3500-480x285.webp 480w\" sizes=\"(min-width: 0px) and (max-width: 480px) 480px, (min-width: 481px) and (max-width: 980px) 980px, (min-width: 981px) 1024px, 100vw\" \/><\/td>\n<td style=\"width: 761.412%; height: 13px;\" align=\"right\" width=\"64\"><img loading=\"lazy\" decoding=\"async\" class=\"alignnone size-full wp-image-3042\" src=\"https:\/\/fmp-components.com\/wp-content\/uploads\/2025\/01\/Silage-Machine-Gearbox-EP-QZ-QGXRL-for-German-Champion-Four-Disc-Type-3500-Applications-2-1024x641-1.webp\" alt=\"M\u00e1quina de silagem-Caixa de engrenagens-EP-QZ-QGXRL-para-campe\u00e3o-alem\u00e3o-tipo-de-quatro-discos-3500-Aplica\u00e7\u00f5es-2-1024x641\" width=\"1024\" height=\"641\" title=\"\" srcset=\"https:\/\/fmp-components.com\/wp-content\/uploads\/2025\/01\/Silage-Machine-Gearbox-EP-QZ-QGXRL-for-German-Champion-Four-Disc-Type-3500-Applications-2-1024x641-1.webp 1024w, https:\/\/fmp-components.com\/wp-content\/uploads\/2025\/01\/Silage-Machine-Gearbox-EP-QZ-QGXRL-for-German-Champion-Four-Disc-Type-3500-Applications-2-1024x641-1-980x613.webp 980w, https:\/\/fmp-components.com\/wp-content\/uploads\/2025\/01\/Silage-Machine-Gearbox-EP-QZ-QGXRL-for-German-Champion-Four-Disc-Type-3500-Applications-2-1024x641-1-480x300.webp 480w\" sizes=\"(min-width: 0px) and (max-width: 480px) 480px, (min-width: 481px) and (max-width: 980px) 980px, (min-width: 981px) 1024px, 100vw\" \/><\/td>\n<\/tr>\n<\/tbody>\n<\/table>\n<h3>Sobre a FMP<\/h3>\n<p>Com sede na It\u00e1lia, a FMP \u00e9 uma fabricante renomada, reconhecida por sua expertise em projeto, desenvolvimento e produ\u00e7\u00e3o de caixas de engrenagens de alto desempenho, com \u00eanfase especial no setor de m\u00e1quinas agr\u00edcolas. A FMP \u00e9 reconhecida por sua engenharia de precis\u00e3o, solu\u00e7\u00f5es inovadoras e confiabilidade inabal\u00e1vel, consolidando-se como uma parceira confi\u00e1vel para os setores agr\u00edcola e industrial. Nosso abrangente portf\u00f3lio de produtos inclui caixas de engrenagens projetadas sob medida para cortadores de grama, eixos de tomada de for\u00e7a e uma ampla gama de componentes essenciais, todos adaptados para atender aos diversos requisitos de diversas aplica\u00e7\u00f5es.<\/p>\n<p>Na FMP, entendemos que cada cliente enfrenta desafios e necessidades \u00fanicas. \u00c9 por isso que nos especializamos em fornecer solu\u00e7\u00f5es personalizadas, seja para componentes individuais ou sistemas totalmente integrados. Trabalhando em estreita colabora\u00e7\u00e3o com nossos clientes, garantimos que cada solu\u00e7\u00e3o n\u00e3o apenas atenda \u00e0s suas necessidades espec\u00edficas, mas tamb\u00e9m otimize o desempenho e agregue valor significativo. Nossa dedica\u00e7\u00e3o a respostas r\u00e1pidas e profissionais e orienta\u00e7\u00e3o especializada garante que cada consulta seja tratada com precis\u00e3o, garantindo sempre os melhores resultados.<\/p>\n<p>Damos grande import\u00e2ncia \u00e0 comunica\u00e7\u00e3o transparente e cont\u00ednua durante todo o processo de desenvolvimento do produto. Nossa equipe experiente trabalha diretamente com os clientes para obter um profundo entendimento de suas necessidades, oferecendo recomenda\u00e7\u00f5es criteriosas para garantir resultados ideais. Seja criando produtos de ponta ou atendendo pedidos de rotina, a FMP est\u00e1 comprometida em fornecer solu\u00e7\u00f5es de alta qualidade e engenharia de precis\u00e3o que cumpram os prazos de forma consistente. Nossa miss\u00e3o \u00e9 superar as expectativas dos clientes, oferecendo servi\u00e7os e resultados excepcionais em cada projeto.<\/p>\n<p>Na FMP, a qualidade \u00e9 a base de tudo o que fazemos. Mantemos os mais altos padr\u00f5es de fabrica\u00e7\u00e3o e empregamos rigorosas medidas de controle de qualidade para garantir que cada produto n\u00e3o apenas atenda, mas supere os padr\u00f5es da ind\u00fastria. Esse compromisso com a excel\u00eancia, aliado aos nossos valores fundamentais de integridade, trabalho em equipe e perseveran\u00e7a, nos permitiu construir relacionamentos s\u00f3lidos e baseados na confian\u00e7a com clientes em quase 30 pa\u00edses ao redor do mundo.<\/p>\n<p>A FMP est\u00e1 sempre empenhada em fomentar parcerias globais e permanece dedicada a oferecer consultoria especializada e solu\u00e7\u00f5es personalizadas que atendam \u00e0s necessidades em constante evolu\u00e7\u00e3o de nossos clientes. Vamos al\u00e9m do simples fornecimento de produtos; buscamos estabelecer parcerias de longo prazo que contribuam para o sucesso de cada projeto. Seja para solu\u00e7\u00f5es inovadoras para uma nova iniciativa ou suporte cont\u00ednuo para um sistema existente, a FMP est\u00e1 pronta para ajud\u00e1-lo a superar seus desafios t\u00e9cnicos e garantir seu sucesso cont\u00ednuo.<\/p>\n<p><img loading=\"lazy\" decoding=\"async\" class=\"alignnone wp-image-2695\" src=\"https:\/\/fmp-components.com\/wp-content\/uploads\/2025\/01\/agricultural-gearbox3.webp\" alt=\"caixa de engrenagens agr\u00edcolas\" width=\"953\" height=\"951\" title=\"\" srcset=\"https:\/\/fmp-components.com\/wp-content\/uploads\/2025\/01\/agricultural-gearbox3.webp 953w, https:\/\/fmp-components.com\/wp-content\/uploads\/2025\/01\/agricultural-gearbox3-480x479.webp 480w\" sizes=\"(min-width: 0px) and (max-width: 480px) 480px, (min-width: 481px) 953px, 100vw\" \/><\/p>\n<p>Autor: CX<\/p>","protected":false},"excerpt":{"rendered":"<p>Silage Machine Gearbox FMP-QZ-QGXR\/L Dimensions Silage Machine Gearbox FMP-QZ-QGXR\/L Technical Data Name Suitable Turn header series Toothing cutting box silage machines left turn dextrorotation 3 series Gleason Helical Teeth Remark: If you have any special require feel free let me know, we also accept custom. Working Principle of Silage Machine Header Gearbox for German Champion [&hellip;]<\/p>","protected":false},"featured_media":3041,"comment_status":"open","ping_status":"closed","template":"","meta":{"_et_pb_use_builder":"","_et_pb_old_content":"","_et_gb_content_width":""},"product_brand":[],"product_cat":[69],"product_tag":[],"class_list":{"0":"post-3040","1":"product","2":"type-product","3":"status-publish","4":"has-post-thumbnail","6":"product_cat-silage-machine-gearbox","8":"first","9":"instock","10":"shipping-taxable","11":"product-type-simple"},"_links":{"self":[{"href":"https:\/\/fmp-components.com\/pt\/wp-json\/wp\/v2\/product\/3040","targetHints":{"allow":["GET"]}}],"collection":[{"href":"https:\/\/fmp-components.com\/pt\/wp-json\/wp\/v2\/product"}],"about":[{"href":"https:\/\/fmp-components.com\/pt\/wp-json\/wp\/v2\/types\/product"}],"replies":[{"embeddable":true,"href":"https:\/\/fmp-components.com\/pt\/wp-json\/wp\/v2\/comments?post=3040"}],"wp:featuredmedia":[{"embeddable":true,"href":"https:\/\/fmp-components.com\/pt\/wp-json\/wp\/v2\/media\/3041"}],"wp:attachment":[{"href":"https:\/\/fmp-components.com\/pt\/wp-json\/wp\/v2\/media?parent=3040"}],"wp:term":[{"taxonomy":"product_brand","embeddable":true,"href":"https:\/\/fmp-components.com\/pt\/wp-json\/wp\/v2\/product_brand?post=3040"},{"taxonomy":"product_cat","embeddable":true,"href":"https:\/\/fmp-components.com\/pt\/wp-json\/wp\/v2\/product_cat?post=3040"},{"taxonomy":"product_tag","embeddable":true,"href":"https:\/\/fmp-components.com\/pt\/wp-json\/wp\/v2\/product_tag?post=3040"}],"curies":[{"name":"wp","href":"https:\/\/api.w.org\/{rel}","templated":true}]}}