{"id":304,"date":"2024-12-09T06:10:04","date_gmt":"2024-12-09T06:10:04","guid":{"rendered":"https:\/\/fmp-components.com\/?page_id=8"},"modified":"2024-12-09T06:44:10","modified_gmt":"2024-12-09T06:44:10","slug":"forklift-lifting-hydraulic-cylinder","status":"publish","type":"product","link":"https:\/\/fmp-components.com\/pt\/product\/forklift-lifting-hydraulic-cylinder\/","title":{"rendered":"Cilindro Hidr\u00e1ulico de Eleva\u00e7\u00e3o de Empilhadeira"},"content":{"rendered":"<p style=\"text-align: center;\"><span style=\"font-size: 24pt;\">Cilindro Hidr\u00e1ulico de Eleva\u00e7\u00e3o de Empilhadeira<\/span><\/p>\n<h2><img loading=\"lazy\" decoding=\"async\" class=\"alignnone wp-image-311\" src=\"https:\/\/fmp-components.com\/wp-content\/uploads\/2024\/12\/Forklift-Lifting-Hydraulic-Cylinder-2.webp\" alt=\"Empilhadeira-Eleva\u00e7\u00e3o-Cilindro-Hidr\u00e1ulico\" width=\"931\" height=\"931\" title=\"\" srcset=\"https:\/\/fmp-components.com\/wp-content\/uploads\/2024\/12\/Forklift-Lifting-Hydraulic-Cylinder-2.webp 931w, https:\/\/fmp-components.com\/wp-content\/uploads\/2024\/12\/Forklift-Lifting-Hydraulic-Cylinder-2-480x480.webp 480w\" sizes=\"(min-width: 0px) and (max-width: 480px) 480px, (min-width: 481px) 931px, 100vw\" \/><\/h2>\n<h2><strong>Dimens\u00f5es do cilindro hidr\u00e1ulico de eleva\u00e7\u00e3o de empilhadeira:<\/strong><\/h2>\n<p><img loading=\"lazy\" decoding=\"async\" class=\"alignnone size-full wp-image-306\" src=\"https:\/\/fmp-components.com\/wp-content\/uploads\/2024\/12\/Forklift-Lifting-Hydraulic-Cylinder-Dimensions.webp\" alt=\"Dimens\u00f5es do cilindro hidr\u00e1ulico de eleva\u00e7\u00e3o de empilhadeira\" width=\"1024\" height=\"403\" title=\"\" srcset=\"https:\/\/fmp-components.com\/wp-content\/uploads\/2024\/12\/Forklift-Lifting-Hydraulic-Cylinder-Dimensions.webp 1024w, https:\/\/fmp-components.com\/wp-content\/uploads\/2024\/12\/Forklift-Lifting-Hydraulic-Cylinder-Dimensions-980x386.webp 980w, https:\/\/fmp-components.com\/wp-content\/uploads\/2024\/12\/Forklift-Lifting-Hydraulic-Cylinder-Dimensions-480x189.webp 480w\" sizes=\"(min-width: 0px) and (max-width: 480px) 480px, (min-width: 481px) and (max-width: 980px) 980px, (min-width: 981px) 1024px, 100vw\" \/><\/p>\n<table border=\"1\" cellspacing=\"0\" cellpadding=\"0\">\n<tbody>\n<tr>\n<td width=\"246\">Nome do Cilindro<\/td>\n<td width=\"336\">n\u00famero do desenho<\/td>\n<td width=\"126\">di\u00e2metro do furo (D)<\/td>\n<td width=\"123\">di\u00e2metro da haste (d)<\/td>\n<td width=\"114\">acidente vascular cerebral (S)<\/td>\n<td width=\"170\">Dist\u00e2ncia de instala\u00e7\u00e3o (L)<\/td>\n<td width=\"172\">press\u00e3o de trabalho<\/td>\n<td width=\"366\">Dimens\u00f5es da interface (M)<\/td>\n<td width=\"96\">peso<\/td>\n<\/tr>\n<tr>\n<td class=\"et3\" width=\"246\" height=\"153\">Cilindro de eleva\u00e7\u00e3o<\/td>\n<td class=\"et4\" width=\"336\">N30M300-5\/400000-000<\/td>\n<td class=\"et4\" width=\"126\">\u03a656<\/td>\n<td class=\"et4\" width=\"123\">\u03a645<\/td>\n<td class=\"et4\" width=\"114\">1500<\/td>\n<td class=\"et4\" width=\"170\">1658<\/td>\n<td class=\"et4\" width=\"172\">18,1 MPa<\/td>\n<td class=\"et4\" width=\"366\">G1\/2<\/td>\n<td class=\"et4\" width=\"96\">32,6 kg<\/td>\n<\/tr>\n<tr>\n<td class=\"et3\" width=\"246\" height=\"153\">Cilindro de eleva\u00e7\u00e3o<\/td>\n<td class=\"et4\">A2A30M300-400000-000<\/td>\n<td class=\"et4\">\u03a656<\/td>\n<td class=\"et4\">\u03a645<\/td>\n<td class=\"et4\">1500<\/td>\n<td class=\"et4\">1658<\/td>\n<td class=\"et4\">18,1 MPa<\/td>\n<td class=\"et4\">M22*1,5<\/td>\n<td class=\"et4\">36 kg<\/td>\n<\/tr>\n<tr>\n<td class=\"et3\" width=\"246\" height=\"153\">Cilindro de eleva\u00e7\u00e3o<\/td>\n<td class=\"et4\">3.5N4.5H-400000-003<\/td>\n<td class=\"et4\">\u03a660<\/td>\n<td class=\"et4\">\u03a645<\/td>\n<td class=\"et4\">1505<\/td>\n<td class=\"et4\">1780<\/td>\n<td class=\"et4\">17,5 MPa<\/td>\n<td class=\"et4\">M22*1,5<\/td>\n<td class=\"et4\">41 kg<\/td>\n<\/tr>\n<tr>\n<td class=\"et3\" width=\"246\" height=\"153\">Cilindro de eleva\u00e7\u00e3o<\/td>\n<td class=\"et4\">N35M300-5\/400000-001A<\/td>\n<td class=\"et4\">\u03a660<\/td>\n<td class=\"et4\">\u03a645<\/td>\n<td class=\"et4\">1500<\/td>\n<td class=\"et4\">1808<\/td>\n<td class=\"et4\">18,1 MPa<\/td>\n<td class=\"et4\">G1\/2<\/td>\n<td class=\"et4\">46 kg<\/td>\n<\/tr>\n<tr>\n<td class=\"et3\" width=\"246\" height=\"153\">Cilindro de eleva\u00e7\u00e3o<\/td>\n<td class=\"et4\">A2A35M300-400000-000<\/td>\n<td class=\"et4\">\u03a660<\/td>\n<td class=\"et4\">\u03a645<\/td>\n<td class=\"et4\">1500<\/td>\n<td class=\"et4\">1808<\/td>\n<td class=\"et4\">18,1 MPa<\/td>\n<td class=\"et4\">M22*1,5<\/td>\n<td class=\"et4\">50 kg<\/td>\n<\/tr>\n<\/tbody>\n<\/table>\n<h3>Caracter\u00edsticas do cilindro hidr\u00e1ulico de eleva\u00e7\u00e3o de empilhadeira<\/h3>\n<p><strong>Alta capacidade de eleva\u00e7\u00e3o<\/strong><br \/>\nO cilindro hidr\u00e1ulico para eleva\u00e7\u00e3o de empilhadeiras \u00e9 projetado para lidar com cargas pesadas, fornecendo a for\u00e7a necess\u00e1ria para levantar pesos substanciais. Com sua constru\u00e7\u00e3o robusta e sistema hidr\u00e1ulico de alta press\u00e3o, ele garante a eleva\u00e7\u00e3o suave e eficiente de mercadorias, paletes e equipamentos. A resist\u00eancia do cilindro \u00e9 vital para empilhadeiras que operam em armaz\u00e9ns, centros de distribui\u00e7\u00e3o e f\u00e1bricas, onde a capacidade de eleva\u00e7\u00e3o \u00e9 essencial para manusear itens grandes e volumosos com seguran\u00e7a e efici\u00eancia.<\/p>\n<p><strong>Durabilidade e confiabilidade<\/strong><br \/>\nOs cilindros hidr\u00e1ulicos para eleva\u00e7\u00e3o de empilhadeiras s\u00e3o projetados para suportar condi\u00e7\u00f5es de trabalho adversas, incluindo ciclos de trabalho pesados \u200b\u200be fatores ambientais extremos. Fabricados com materiais de alta qualidade, s\u00e3o resistentes ao desgaste, \u00e0 corros\u00e3o e a danos causados \u200b\u200bpelo uso frequente. O desempenho confi\u00e1vel do cilindro garante que a empilhadeira opere com tempo de inatividade m\u00ednimo, o que \u00e9 crucial para manter a produtividade em ambientes de ritmo acelerado. A manuten\u00e7\u00e3o e a inspe\u00e7\u00e3o de rotina garantem que esses cilindros continuem a funcionar em n\u00edveis ideais, aumentando a longevidade do equipamento.<\/p>\n<p><strong>Opera\u00e7\u00e3o suave e precisa<\/strong><br \/>\nO cilindro hidr\u00e1ulico de eleva\u00e7\u00e3o da empilhadeira proporciona opera\u00e7\u00f5es de eleva\u00e7\u00e3o e abaixamento suaves e precisas. O sistema hidr\u00e1ulico permite movimentos controlados e graduais, reduzindo o risco de movimentos bruscos ou mudan\u00e7as bruscas que podem danificar a carga ou comprometer a seguran\u00e7a. Esse controle preciso aumenta a confian\u00e7a e a efici\u00eancia do operador, que consegue levantar e posicionar cargas com precis\u00e3o, mesmo em situa\u00e7\u00f5es confinadas ou de alto risco. O resultado \u00e9 uma opera\u00e7\u00e3o de eleva\u00e7\u00e3o mais segura e eficaz, que aprimora o desempenho geral da empilhadeira.<\/p>\n<h3><img loading=\"lazy\" decoding=\"async\" class=\"alignnone size-full wp-image-310\" src=\"https:\/\/fmp-components.com\/wp-content\/uploads\/2024\/12\/Forklift-Lifting-Hydraulic-Cylinder-1.webp\" alt=\"Empilhadeira-Eleva\u00e7\u00e3o-Cilindro-Hidr\u00e1ulico\" width=\"1280\" height=\"720\" title=\"\" srcset=\"https:\/\/fmp-components.com\/wp-content\/uploads\/2024\/12\/Forklift-Lifting-Hydraulic-Cylinder-1.webp 1280w, https:\/\/fmp-components.com\/wp-content\/uploads\/2024\/12\/Forklift-Lifting-Hydraulic-Cylinder-1-980x551.webp 980w, https:\/\/fmp-components.com\/wp-content\/uploads\/2024\/12\/Forklift-Lifting-Hydraulic-Cylinder-1-480x270.webp 480w\" sizes=\"(min-width: 0px) and (max-width: 480px) 480px, (min-width: 481px) and (max-width: 980px) 980px, (min-width: 981px) 1280px, 100vw\" \/><\/h3>\n<h3>Sobre a FMP<\/h3>\n<p>A FMP \u00e9 uma fabricante especializada em cilindros hidr\u00e1ulicos, com forte foco em pesquisa e produ\u00e7\u00e3o. Desde a sua funda\u00e7\u00e3o, a empresa tem se concentrado consistentemente no desenvolvimento de cilindros hidr\u00e1ulicos, evoluindo da produ\u00e7\u00e3o de uma variedade de produtos, como m\u00e1quinas para colheita e constru\u00e7\u00e3o, para a especializa\u00e7\u00e3o em componentes para tratores agr\u00edcolas. Com mais de uma d\u00e9cada de experi\u00eancia em fabrica\u00e7\u00e3o, experi\u00eancia em gest\u00e3o e tecnologia de produ\u00e7\u00e3o avan\u00e7ada, a FMP garante a mais alta qualidade em seus produtos.<\/p>\n<p>\u00c0 medida que a empresa se profissionalizou, estabeleceu uma linha de produ\u00e7\u00e3o de usinagem abrangente, uma linha de montagem e uma linha de revestimento. A FMP conta com o apoio de uma equipe dedicada de gestores experientes, projetistas mec\u00e2nicos qualificados e t\u00e9cnicos altamente treinados. Isso garante a estabilidade da qualidade do produto, ao mesmo tempo em que controla com efici\u00eancia a continuidade do processo e a efic\u00e1cia geral da produ\u00e7\u00e3o.<\/p>\n<p>A FMP segue os valores fundamentais de &quot;Inova\u00e7\u00e3o tecnol\u00f3gica impulsionando o progresso, qualidade criando marcas, artesanato garantindo a qualidade e construindo relacionamentos de longo prazo e mutuamente ben\u00e9ficos&quot;. A empresa mant\u00e9m o compromisso de fornecer produtos de alta qualidade, al\u00e9m de oferecer um atendimento superior ao cliente, sempre se esfor\u00e7ando para atender \u00e0s necessidades em constante evolu\u00e7\u00e3o do mercado.<\/p>\n<p><img loading=\"lazy\" decoding=\"async\" class=\"alignnone wp-image-303\" src=\"https:\/\/fmp-components.com\/wp-content\/uploads\/2024\/12\/hydraulic-cylinder-factory-11_1.webp\" alt=\"f\u00e1brica de cilindros hidr\u00e1ulicos\" width=\"917\" height=\"1003\" title=\"\" srcset=\"https:\/\/fmp-components.com\/wp-content\/uploads\/2024\/12\/hydraulic-cylinder-factory-11_1.webp 917w, https:\/\/fmp-components.com\/wp-content\/uploads\/2024\/12\/hydraulic-cylinder-factory-11_1-480x525.webp 480w\" sizes=\"(min-width: 0px) and (max-width: 480px) 480px, (min-width: 481px) 917px, 100vw\" \/><\/p>\n<table style=\"width: 100%;\" border=\"1\" width=\"100%\" cellspacing=\"0\" cellpadding=\"0\">\n<tbody>\n<tr>\n<td style=\"width: 41.9294%;\" width=\"226\"><img loading=\"lazy\" decoding=\"async\" class=\"alignnone size-full wp-image-309\" src=\"https:\/\/fmp-components.com\/wp-content\/uploads\/2024\/12\/Forklift-Tilt-Hydraulic-Cylinder.webp\" alt=\"Cilindro hidr\u00e1ulico de inclina\u00e7\u00e3o de empilhadeira\" width=\"1000\" height=\"750\" title=\"\" srcset=\"https:\/\/fmp-components.com\/wp-content\/uploads\/2024\/12\/Forklift-Tilt-Hydraulic-Cylinder.webp 1000w, https:\/\/fmp-components.com\/wp-content\/uploads\/2024\/12\/Forklift-Tilt-Hydraulic-Cylinder-980x735.webp 980w, https:\/\/fmp-components.com\/wp-content\/uploads\/2024\/12\/Forklift-Tilt-Hydraulic-Cylinder-480x360.webp 480w\" sizes=\"(min-width: 0px) and (max-width: 480px) 480px, (min-width: 481px) and (max-width: 980px) 980px, (min-width: 981px) 1000px, 100vw\" \/><\/td>\n<td style=\"width: 55.6484%;\" width=\"64\"><img loading=\"lazy\" decoding=\"async\" class=\"alignnone wp-image-283\" src=\"https:\/\/fmp-components.com\/wp-content\/uploads\/2024\/12\/hydraulic-cylinder-factory-5.webp\" alt=\"f\u00e1brica de cilindros hidr\u00e1ulicos\" width=\"542\" height=\"312\" title=\"\"><\/td>\n<\/tr>\n<\/tbody>\n<\/table>\n<p>Autor: CX<\/p>","protected":false},"excerpt":{"rendered":"<p>O cilindro hidr\u00e1ulico de eleva\u00e7\u00e3o de empilhadeiras \u00e9 respons\u00e1vel por fornecer a pot\u00eancia de eleva\u00e7\u00e3o vertical necess\u00e1ria para elevar e abaixar cargas pesadas. Este cilindro utiliza press\u00e3o hidr\u00e1ulica para elevar o mastro e os acess\u00f3rios da empilhadeira, permitindo que os operadores manuseiem e movam paletes, cont\u00eaineres e outros materiais com efici\u00eancia. Projetado para suportar altas press\u00f5es e opera\u00e7\u00f5es pesadas, o cilindro hidr\u00e1ulico de eleva\u00e7\u00e3o garante movimentos de eleva\u00e7\u00e3o suaves e controlados, mantendo a estabilidade e a seguran\u00e7a, mesmo ao manusear itens grandes ou volumosos. Sua constru\u00e7\u00e3o robusta o torna um componente essencial para empilhadeiras que operam em armaz\u00e9ns, centros de distribui\u00e7\u00e3o e outros ambientes industriais, onde uma eleva\u00e7\u00e3o confi\u00e1vel e potente \u00e9 essencial para a produtividade.<\/p>","protected":false},"featured_media":311,"comment_status":"open","ping_status":"closed","template":"","meta":{"_et_pb_use_builder":"","_et_pb_old_content":"","_et_gb_content_width":""},"product_brand":[],"product_cat":[20],"product_tag":[],"class_list":{"0":"post-304","1":"product","2":"type-product","3":"status-publish","4":"has-post-thumbnail","6":"product_cat-forklift-hydraulic-cylinders","8":"first","9":"instock","10":"shipping-taxable","11":"product-type-simple"},"_links":{"self":[{"href":"https:\/\/fmp-components.com\/pt\/wp-json\/wp\/v2\/product\/304","targetHints":{"allow":["GET"]}}],"collection":[{"href":"https:\/\/fmp-components.com\/pt\/wp-json\/wp\/v2\/product"}],"about":[{"href":"https:\/\/fmp-components.com\/pt\/wp-json\/wp\/v2\/types\/product"}],"replies":[{"embeddable":true,"href":"https:\/\/fmp-components.com\/pt\/wp-json\/wp\/v2\/comments?post=304"}],"wp:featuredmedia":[{"embeddable":true,"href":"https:\/\/fmp-components.com\/pt\/wp-json\/wp\/v2\/media\/311"}],"wp:attachment":[{"href":"https:\/\/fmp-components.com\/pt\/wp-json\/wp\/v2\/media?parent=304"}],"wp:term":[{"taxonomy":"product_brand","embeddable":true,"href":"https:\/\/fmp-components.com\/pt\/wp-json\/wp\/v2\/product_brand?post=304"},{"taxonomy":"product_cat","embeddable":true,"href":"https:\/\/fmp-components.com\/pt\/wp-json\/wp\/v2\/product_cat?post=304"},{"taxonomy":"product_tag","embeddable":true,"href":"https:\/\/fmp-components.com\/pt\/wp-json\/wp\/v2\/product_tag?post=304"}],"curies":[{"name":"wp","href":"https:\/\/api.w.org\/{rel}","templated":true}]}}