{"id":2933,"date":"2025-01-04T05:28:08","date_gmt":"2025-01-04T05:28:08","guid":{"rendered":"https:\/\/fmp-components.com\/product\/factory-price-long-stroke-tractor-hydraulic-steering-cylinder\/"},"modified":"2025-03-18T01:09:24","modified_gmt":"2025-03-18T01:09:24","slug":"factory-price-long-stroke-tractor-hydraulic-steering-cylinder","status":"publish","type":"product","link":"https:\/\/fmp-components.com\/pt\/product\/factory-price-long-stroke-tractor-hydraulic-steering-cylinder\/","title":{"rendered":"Cilindro de dire\u00e7\u00e3o hidr\u00e1ulica de trator de curso longo com pre\u00e7o de f\u00e1brica"},"content":{"rendered":"<p>O cilindro hidr\u00e1ulico de dire\u00e7\u00e3o para tratores de nova gera\u00e7\u00e3o da Kingway Hydraulic, fabricado na It\u00e1lia, \u00e9 um produto de ponta que combina inova\u00e7\u00e3o, qualidade e confiabilidade. Projetado e fabricado na It\u00e1lia, este cilindro hidr\u00e1ulico foi desenvolvido especificamente para a dire\u00e7\u00e3o de tratores utilizados em m\u00e1quinas agr\u00edcolas.<\/p>\n<p>Este cilindro de alto desempenho proporciona controle preciso e opera\u00e7\u00e3o suave, permitindo que os agricultores manobrem seus tratores com facilidade. Seu sistema hidr\u00e1ulico avan\u00e7ado garante transmiss\u00e3o de pot\u00eancia eficiente, resultando em maior produtividade e menor tempo de inatividade.<\/p>\n<p>O cilindro hidr\u00e1ulico de dire\u00e7\u00e3o para tratores de nova gera\u00e7\u00e3o, fabricado na It\u00e1lia, foi projetado para suportar as condi\u00e7\u00f5es de trabalho mais severas. Sua constru\u00e7\u00e3o robusta e materiais resistentes \u00e0 corros\u00e3o garantem desempenho duradouro e requisitos m\u00ednimos de manuten\u00e7\u00e3o.<\/p>\n<p>Com sua tecnologia de ponta e acabamento superior, este cilindro hidr\u00e1ulico da Kingway Hydraulic estabelece um novo padr\u00e3o no setor. \u00c9 a escolha perfeita para agricultores e profissionais do agroneg\u00f3cio que exigem o melhor para suas m\u00e1quinas.<\/p>\n<p>Invista no cilindro hidr\u00e1ulico de dire\u00e7\u00e3o para tratores de nova gera\u00e7\u00e3o, fabricado na It\u00e1lia pela Kingway Hydraulic, e experimente a diferen\u00e7a em desempenho e confiabilidade. Atualize suas m\u00e1quinas agr\u00edcolas hoje mesmo e leve sua produtividade a novos patamares.<\/p>\n<p><img decoding=\"async\" src=\"https:\/\/hzpt.com\/wp-content\/uploads\/2023\/11\/Steering-Hydraulic-Cylinder-4.webp\" alt=\"\" title=\"\"><\/p>\n<h2>Cilindro de dire\u00e7\u00e3o hidr\u00e1ulica de trator de curso longo com pre\u00e7o de f\u00e1brica<\/h2>\n<p>Nosso cilindro de dire\u00e7\u00e3o hidr\u00e1ulica de curso longo para tratores, com pre\u00e7o de f\u00e1brica, \u00e9 um lan\u00e7amento de 2025, projetado para uso em oficinas de reparo de m\u00e1quinas, fazendas, ind\u00fastrias de energia e minera\u00e7\u00e3o, fabrica\u00e7\u00e3o de m\u00e1quinas e f\u00e1bricas de maquin\u00e1rio. Com um empuxo m\u00e1ximo de 3000 e uma for\u00e7a de tra\u00e7\u00e3o m\u00e1xima de 20 toneladas, este cilindro de dire\u00e7\u00e3o hidr\u00e1ulica foi constru\u00eddo para durar e oferecer desempenho excepcional.<\/p>\n<h3>Especifica\u00e7\u00f5es do produto<\/h3>\n<ul>\n<li>Tamanho do furo: 2-6 polegadas<\/li>\n<li>Tamanho da haste: 1,125-4 polegadas<\/li>\n<li>Tamanho do curso: 4-100 polegadas<\/li>\n<li>Tamanho do pino: 0,5-2 polegadas<\/li>\n<li>Material do corpo: a\u00e7o<\/li>\n<\/ul>\n<h2>Aplica\u00e7\u00e3o do Cilindro Hidr\u00e1ulico de Dire\u00e7\u00e3o<\/h2>\n<p>Cilindros hidr\u00e1ulicos de dire\u00e7\u00e3o s\u00e3o componentes essenciais dos sistemas de dire\u00e7\u00e3o de diversos tipos de ve\u00edculos. Esses cilindros, tamb\u00e9m conhecidos como atuadores de dire\u00e7\u00e3o, ajudam a converter a energia gerada por uma bomba de dire\u00e7\u00e3o em movimento linear, que pode ser usado para manipular a dire\u00e7\u00e3o das rodas de um ve\u00edculo. Aqui est\u00e3o algumas das aplica\u00e7\u00f5es dos cilindros hidr\u00e1ulicos de dire\u00e7\u00e3o:<\/p>\n<ol>\n<li>Ve\u00edculos pesados: Cilindros hidr\u00e1ulicos de dire\u00e7\u00e3o s\u00e3o comumente usados \u200b\u200bem ve\u00edculos pesados, como caminh\u00f5es, \u00f4nibus e equipamentos de constru\u00e7\u00e3o. Esses ve\u00edculos exigem muita for\u00e7a para dirigir, e um cilindro hidr\u00e1ulico pode gerar a pot\u00eancia necess\u00e1ria para girar as rodas, mesmo quando o ve\u00edculo est\u00e1 carregado. O sistema hidr\u00e1ulico tamb\u00e9m permite um controle mais preciso sobre o mecanismo de dire\u00e7\u00e3o, facilitando a condu\u00e7\u00e3o de ve\u00edculos grandes e pesados.<\/li>\n<li>Ve\u00edculos off-road: Ve\u00edculos off-road, como quadriciclos, buggies e motos de trilha, tamb\u00e9m se beneficiam de cilindros hidr\u00e1ulicos de dire\u00e7\u00e3o. Esses ve\u00edculos costumam operar em terrenos acidentados, onde os mecanismos de dire\u00e7\u00e3o convencionais podem n\u00e3o ser eficazes. Os cilindros hidr\u00e1ulicos podem fornecer a pot\u00eancia e a precis\u00e3o necess\u00e1rias para desviar de obst\u00e1culos e manter o controle do ve\u00edculo.<\/li>\n<li>Aplica\u00e7\u00f5es mar\u00edtimas e aeroespaciais: Cilindros hidr\u00e1ulicos de dire\u00e7\u00e3o n\u00e3o se limitam a ve\u00edculos terrestres. Eles tamb\u00e9m s\u00e3o utilizados em aplica\u00e7\u00f5es mar\u00edtimas, como barcos e navios, bem como na tecnologia aeroespacial, como naves espaciais e avi\u00f5es. Nesses ambientes, os cilindros hidr\u00e1ulicos s\u00e3o utilizados para manipular a dire\u00e7\u00e3o de lemes, aletas e outras superf\u00edcies de controle que auxiliam na dire\u00e7\u00e3o da embarca\u00e7\u00e3o ou aeronave.<\/li>\n<li>Equipamentos industriais: Cilindros hidr\u00e1ulicos tamb\u00e9m s\u00e3o utilizados em diversos ambientes industriais para dire\u00e7\u00e3o e outras aplica\u00e7\u00f5es. Por exemplo, podem ser utilizados para dirigir guindastes, empilhadeiras ou outras m\u00e1quinas pesadas. Nesses ambientes, os cilindros hidr\u00e1ulicos podem fornecer a pot\u00eancia e a precis\u00e3o necess\u00e1rias para manipular grandes cargas ou operar em espa\u00e7os apertados.<\/li>\n<li>Aplica\u00e7\u00f5es personalizadas: Al\u00e9m dessas aplica\u00e7\u00f5es comuns, os cilindros hidr\u00e1ulicos de dire\u00e7\u00e3o tamb\u00e9m podem ser utilizados em uma variedade de configura\u00e7\u00f5es personalizadas. Por exemplo, podem ser utilizados em ve\u00edculos experimentais ou prot\u00f3tipos que exigem um mecanismo de dire\u00e7\u00e3o exclusivo. Tamb\u00e9m podem ser utilizados em instala\u00e7\u00f5es art\u00edsticas ou esculturas cin\u00e9ticas que exigem movimento preciso e controlado.<\/li>\n<\/ol>\n<p>Como voc\u00ea pode ver, os cilindros hidr\u00e1ulicos de dire\u00e7\u00e3o t\u00eam uma ampla gama de aplica\u00e7\u00f5es em diversos setores e ambientes. Sejam usados em ve\u00edculos pesados, ve\u00edculos off-road, aplica\u00e7\u00f5es mar\u00edtimas e aeroespaciais, equipamentos industriais ou aplica\u00e7\u00f5es personalizadas, esses cilindros fornecem a pot\u00eancia, a precis\u00e3o e o controle necess\u00e1rios para uma dire\u00e7\u00e3o eficaz.<\/p>\n<h2>Sobre a FMP<\/h2>\n<p>A FMP \u00e9 l\u00edder na fabrica\u00e7\u00e3o e distribui\u00e7\u00e3o de cilindros hidr\u00e1ulicos, kits de cilindros e componentes de alta qualidade para m\u00e1quinas de constru\u00e7\u00e3o. Com muitos anos de experi\u00eancia no setor e uma equipe profissional, temos o compromisso de fornecer aos nossos clientes solu\u00e7\u00f5es confi\u00e1veis e eficientes para suas necessidades em m\u00e1quinas de constru\u00e7\u00e3o.<\/p>\n<p>Aqui est\u00e3o cinco raz\u00f5es pelas quais voc\u00ea deve escolher o FMP:<\/p>\n<ol>\n<li><strong>Cilindros hidr\u00e1ulicos de alta qualidade:<\/strong> Utilizamos engenharia de precis\u00e3o na fabrica\u00e7\u00e3o de nossos cilindros hidr\u00e1ulicos. Nosso firme compromisso com a qualidade garante que utilizemos apenas mat\u00e9rias-primas da mais alta qualidade e realizemos rigorosas inspe\u00e7\u00f5es de qualidade nos produtos acabados para garantir que atendam e superem os padr\u00f5es da ind\u00fastria.<\/li>\n<li><strong>Ampla gama de produtos:<\/strong> Nossa linha de produtos abrange todos os tipos de m\u00e1quinas e acess\u00f3rios para constru\u00e7\u00e3o. Oferecemos diversos cilindros hidr\u00e1ulicos, caixas de engrenagens, correntes, rodas dentadas, acess\u00f3rios para motores, componentes para sistemas hidr\u00e1ulicos, acess\u00f3rios para chassis e acess\u00f3rios para sistemas el\u00e9tricos.<\/li>\n<li><strong>Parcerias estabelecidas:<\/strong> Estabelecemos parcerias est\u00e1veis e de longo prazo com diversos fornecedores nacionais e estrangeiros de alta qualidade. Isso garante que todos os acess\u00f3rios fornecidos atendam aos nossos rigorosos padr\u00f5es de qualidade.<\/li>\n<li><strong>Equipe de vendas experiente:<\/strong> Nossa equipe de vendas possui muitos anos de experi\u00eancia e conhecimento no setor de m\u00e1quinas para constru\u00e7\u00e3o. Eles podem oferecer consultoria profissional sobre produtos e dicas de compra inteligentes para ajudar voc\u00ea a tomar decis\u00f5es informadas.<\/li>\n<li><strong>Sistema de distribui\u00e7\u00e3o log\u00edstica eficiente:<\/strong> Temos um sistema de distribui\u00e7\u00e3o log\u00edstica eficiente para garantir que nossos clientes recebam as pe\u00e7as necess\u00e1rias de maneira oportuna e precisa.<\/li>\n<\/ol>\n<p><img loading=\"lazy\" decoding=\"async\" class=\"\" src=\"https:\/\/fmp-components.com\/wp-content\/uploads\/2025\/01\/Dump-Truck-Trailer-Hydraulic-Cylinder-product-3-3.webp\" alt=\"Cilindro hidr\u00e1ulico\" width=\"946\" height=\"693\" title=\"\"><\/p>\n<p>Na FMP, temos o compromisso de fornecer aos nossos clientes acess\u00f3rios para m\u00e1quinas de constru\u00e7\u00e3o de alta qualidade e confiabilidade, al\u00e9m de solu\u00e7\u00f5es completas em m\u00e1quinas. Com nossas modernas instala\u00e7\u00f5es fabris, m\u00e1quinas-ferramentas CNC, projeto assistido por computador, funcion\u00e1rios qualificados, especialistas em sistemas hidr\u00e1ulicos, montadores de cilindros e revendedores, somos o parceiro ideal para atender \u00e0s suas necessidades de cilindros hidr\u00e1ulicos, kits de cilindros e componentes.<\/p>\n<p>Autor: CX<\/p>","protected":false},"excerpt":{"rendered":"<p>The New Generation Italy Manufacturer Steering Tractor Hydraulic Cylinder from Kingway Hydraulic for Agricultural Machinery is a top-of-the-line product that combines innovation, quality, and reliability. Designed and manufactured in Italy, this hydraulic cylinder is specifically engineered for steering tractors used in agricultural machinery. This high-performance cylinder provides precise control and smooth operation, allowing farmers to [&hellip;]<\/p>","protected":false},"featured_media":2934,"comment_status":"closed","ping_status":"closed","template":"","meta":{"_et_pb_use_builder":"","_et_pb_old_content":"","_et_gb_content_width":""},"product_brand":[],"product_cat":[67],"product_tag":[34,70],"class_list":{"0":"post-2933","1":"product","2":"type-product","3":"status-publish","4":"has-post-thumbnail","6":"product_cat-steering-hydraulic-cylinder","7":"product_tag-hydraulic-cylinder","8":"product_tag-steering-hydraulic-cylinder","10":"first","11":"instock","12":"product-type-simple"},"_links":{"self":[{"href":"https:\/\/fmp-components.com\/pt\/wp-json\/wp\/v2\/product\/2933","targetHints":{"allow":["GET"]}}],"collection":[{"href":"https:\/\/fmp-components.com\/pt\/wp-json\/wp\/v2\/product"}],"about":[{"href":"https:\/\/fmp-components.com\/pt\/wp-json\/wp\/v2\/types\/product"}],"replies":[{"embeddable":true,"href":"https:\/\/fmp-components.com\/pt\/wp-json\/wp\/v2\/comments?post=2933"}],"wp:featuredmedia":[{"embeddable":true,"href":"https:\/\/fmp-components.com\/pt\/wp-json\/wp\/v2\/media\/2934"}],"wp:attachment":[{"href":"https:\/\/fmp-components.com\/pt\/wp-json\/wp\/v2\/media?parent=2933"}],"wp:term":[{"taxonomy":"product_brand","embeddable":true,"href":"https:\/\/fmp-components.com\/pt\/wp-json\/wp\/v2\/product_brand?post=2933"},{"taxonomy":"product_cat","embeddable":true,"href":"https:\/\/fmp-components.com\/pt\/wp-json\/wp\/v2\/product_cat?post=2933"},{"taxonomy":"product_tag","embeddable":true,"href":"https:\/\/fmp-components.com\/pt\/wp-json\/wp\/v2\/product_tag?post=2933"}],"curies":[{"name":"wp","href":"https:\/\/api.w.org\/{rel}","templated":true}]}}