{"id":2751,"date":"2025-01-04T05:11:17","date_gmt":"2025-01-04T05:11:17","guid":{"rendered":"https:\/\/fmp-components.com\/?page_id=8"},"modified":"2025-01-04T05:11:18","modified_gmt":"2025-01-04T05:11:18","slug":"grader-driven-rake-gearbox-ep-dx300-2-for-powered-harrow","status":"publish","type":"product","link":"https:\/\/fmp-components.com\/pt\/product\/grader-driven-rake-gearbox-ep-dx300-2-for-powered-harrow\/","title":{"rendered":"Caixa de engrenagens de ancinho acionado por niveladora EP-DX300-2 para grade motorizada"},"content":{"rendered":"<h2><img loading=\"lazy\" decoding=\"async\" class=\"size-full wp-image-2756 aligncenter\" src=\"https:\/\/fmp-components.com\/wp-content\/uploads\/2025\/01\/Grader-Driven-Rake-Gearbox-EP-DX300-2-Features1.webp\" alt=\"Caixa de engrenagens de ancinho acionado por niveladora EP-DX300-2-Caracter\u00edsticas(1)\" width=\"1024\" height=\"828\" title=\"\" srcset=\"https:\/\/fmp-components.com\/wp-content\/uploads\/2025\/01\/Grader-Driven-Rake-Gearbox-EP-DX300-2-Features1.webp 1024w, https:\/\/fmp-components.com\/wp-content\/uploads\/2025\/01\/Grader-Driven-Rake-Gearbox-EP-DX300-2-Features1-980x792.webp 980w, https:\/\/fmp-components.com\/wp-content\/uploads\/2025\/01\/Grader-Driven-Rake-Gearbox-EP-DX300-2-Features1-480x388.webp 480w\" sizes=\"(min-width: 0px) and (max-width: 480px) 480px, (min-width: 481px) and (max-width: 980px) 980px, (min-width: 981px) 1024px, 100vw\" \/><\/h2>\n<h2>Dimens\u00f5es da caixa de engrenagens do ancinho acionado por niveladora FMP-DX300-2\u00a0<img loading=\"lazy\" decoding=\"async\" class=\"alignnone size-full wp-image-2752\" src=\"https:\/\/fmp-components.com\/wp-content\/uploads\/2025\/01\/Grader-Driven-Rake-Gearbox-EP-DX300-2-Dimensions.webp\" alt=\"Caixa de engrenagens de ancinho acionado por niveladora EP-DX300-2 dimens\u00f5es\" width=\"1137\" height=\"785\" title=\"\" srcset=\"https:\/\/fmp-components.com\/wp-content\/uploads\/2025\/01\/Grader-Driven-Rake-Gearbox-EP-DX300-2-Dimensions.webp 1137w, https:\/\/fmp-components.com\/wp-content\/uploads\/2025\/01\/Grader-Driven-Rake-Gearbox-EP-DX300-2-Dimensions-980x677.webp 980w, https:\/\/fmp-components.com\/wp-content\/uploads\/2025\/01\/Grader-Driven-Rake-Gearbox-EP-DX300-2-Dimensions-480x331.webp 480w\" sizes=\"(min-width: 0px) and (max-width: 480px) 480px, (min-width: 481px) and (max-width: 980px) 980px, (min-width: 981px) 1137px, 100vw\" \/> Caixa de engrenagens de ancinho acionada por niveladora FMP-DX300-2 Turn<\/h2>\n<h2><img loading=\"lazy\" decoding=\"async\" class=\"alignnone size-full wp-image-2753\" src=\"https:\/\/fmp-components.com\/wp-content\/uploads\/2025\/01\/32LBLUCr-Grader-Driven-Rake-Gearbox-EP-DX300-2-Turn.webp\" alt=\"32LBLUCr-Niveladora-Acionada-Ancinho-Caixa de Engrenagens-EP-DX300-2-Voltas\" width=\"1303\" height=\"347\" title=\"\" srcset=\"https:\/\/fmp-components.com\/wp-content\/uploads\/2025\/01\/32LBLUCr-Grader-Driven-Rake-Gearbox-EP-DX300-2-Turn.webp 1303w, https:\/\/fmp-components.com\/wp-content\/uploads\/2025\/01\/32LBLUCr-Grader-Driven-Rake-Gearbox-EP-DX300-2-Turn-1280x341.webp 1280w, https:\/\/fmp-components.com\/wp-content\/uploads\/2025\/01\/32LBLUCr-Grader-Driven-Rake-Gearbox-EP-DX300-2-Turn-980x261.webp 980w, https:\/\/fmp-components.com\/wp-content\/uploads\/2025\/01\/32LBLUCr-Grader-Driven-Rake-Gearbox-EP-DX300-2-Turn-480x128.webp 480w\" sizes=\"(min-width: 0px) and (max-width: 480px) 480px, (min-width: 481px) and (max-width: 980px) 980px, (min-width: 981px) and (max-width: 1280px) 1280px, (min-width: 1281px) 1303px, 100vw\" \/><\/h2>\n<h2>Dados t\u00e9cnicos da caixa de engrenagens de ancinho acionado por niveladora FMP-DX300-2<\/h2>\n<table style=\"width: 101.518%; height: 166px;\" border=\"1\" cellspacing=\"0\" cellpadding=\"0\">\n<tbody>\n<tr>\n<td colspan=\"2\" rowspan=\"2\">eu<\/td>\n<td rowspan=\"2\">Adequado<\/td>\n<td>Entrada de RPM<\/td>\n<td>Sa\u00edda de RPM<\/td>\n<td>KW(Nom)<\/td>\n<td>KW (m\u00e1x.)<\/td>\n<td rowspan=\"2\">Denti\u00e7\u00e3o<\/td>\n<\/tr>\n<tr>\n<td>rpm<\/td>\n<td>rpm<\/td>\n<td>cavalos de pot\u00eancia<\/td>\n<td>cavalos de pot\u00eancia<\/td>\n<\/tr>\n<tr>\n<td>Desacelerar<\/td>\n<td>2.47:1<\/td>\n<td rowspan=\"3\">Grade motorizada<\/td>\n<td>1000<\/td>\n<td>404<\/td>\n<td rowspan=\"3\">200<\/td>\n<td>3500<\/td>\n<td rowspan=\"3\">Gleason Helicoidal<br \/>\nDentes<\/td>\n<\/tr>\n<tr>\n<td>Desacelerar<\/td>\n<td>2.63:1<\/td>\n<td>1000<\/td>\n<td>380<\/td>\n<td>3700<\/td>\n<\/tr>\n<tr>\n<td>Desacelerar<\/td>\n<td>2.04:1<\/td>\n<td>850<\/td>\n<td>416<\/td>\n<td>3400<\/td>\n<\/tr>\n<tr>\n<td colspan=\"8\">Observa\u00e7\u00e3o: Se voc\u00ea tiver alguma necessidade especial, sinta-se \u00e0 vontade para me avisar. Tamb\u00e9m aceitamos encomendas.<\/td>\n<\/tr>\n<\/tbody>\n<\/table>\n<h2>Caracter\u00edsticas e componentes da caixa de engrenagens de ancinho acionada por niveladora FMP-DX300-2<\/h2>\n<p>A Caixa de Engrenagens para Enleiramento Acionado por Niveladora FMP-DX300-2 \u00e9 uma caixa de engrenagens de alto desempenho projetada para uso em m\u00e1quinas agr\u00edcolas, especificamente para niveladoras e enleiradores. Esta caixa de engrenagens foi projetada para transferir pot\u00eancia do trator para o enleirador com efici\u00eancia, garantindo desempenho ideal em aplica\u00e7\u00f5es pesadas, como enleiramento de feno, nivelamento de terrenos e outras tarefas agr\u00edcolas.<\/p>\n<h3>Principais recursos do FMP-DX300-2:<\/h3>\n<ol>\n<li><strong>Manuseio de alto torque<\/strong>: O FMP-DX300-2 foi desenvolvido para lidar com cargas de alto torque, garantindo uma opera\u00e7\u00e3o confi\u00e1vel mesmo sob condi\u00e7\u00f5es pesadas t\u00edpicas de ambientes agr\u00edcolas.<\/li>\n<li><strong>Durabilidade e confiabilidade<\/strong>: Feita com materiais de alta resist\u00eancia, a caixa de engrenagens foi projetada para um desempenho duradouro. \u00c9 resistente ao desgaste, tornando-a ideal para uso cont\u00ednuo em ambientes agr\u00edcolas adversos.<\/li>\n<li><strong>Transmiss\u00e3o de pot\u00eancia otimizada<\/strong>: A caixa de engrenagens garante uma transfer\u00eancia eficiente de pot\u00eancia da tomada de for\u00e7a do trator para o sistema de inclina\u00e7\u00e3o, melhorando a efici\u00eancia geral da m\u00e1quina e reduzindo as perdas de energia durante a opera\u00e7\u00e3o.<\/li>\n<li><strong>Rela\u00e7\u00f5es de Engrenagem Personaliz\u00e1veis<\/strong>: Dispon\u00edvel em v\u00e1rias rela\u00e7\u00f5es de transmiss\u00e3o, o FMP-DX300-2 pode ser adaptado para atender a diversas aplica\u00e7\u00f5es agr\u00edcolas, garantindo desempenho ideal para diferentes tipos de m\u00e1quinas e necessidades operacionais.<\/li>\n<li><strong>Design compacto e leve<\/strong>: Apesar de sua constru\u00e7\u00e3o robusta, o FMP-DX300-2 foi projetado para ser compacto e leve, permitindo f\u00e1cil instala\u00e7\u00e3o e integra\u00e7\u00e3o com v\u00e1rios equipamentos agr\u00edcolas sem comprometer a resist\u00eancia.<\/li>\n<\/ol>\n<h3>Principais componentes do FMP-DX300-2:<\/h3>\n<ol>\n<li><strong>Eixo de entrada<\/strong>: O eixo de entrada \u00e9 respons\u00e1vel por transferir a pot\u00eancia rotacional da tomada de for\u00e7a do trator para a caixa de c\u00e2mbio. Ele \u00e9 projetado para lidar com alto torque de entrada e garantir uma transmiss\u00e3o de pot\u00eancia suave.<\/li>\n<li><strong>Conjunto de engrenagens<\/strong>: O cora\u00e7\u00e3o da caixa de engrenagens, o conjunto de engrenagens, \u00e9 respons\u00e1vel por modificar a velocidade de rota\u00e7\u00e3o e o torque. Engrenagens projetadas com precis\u00e3o garantem um engate suave e alta efici\u00eancia na transfer\u00eancia de pot\u00eancia.<\/li>\n<li><strong>Eixo de sa\u00edda<\/strong>:O eixo de sa\u00edda conecta a caixa de engrenagens ao sistema de inclina\u00e7\u00e3o, transmitindo a energia mec\u00e2nica necess\u00e1ria para acionar o equipamento.<\/li>\n<li><strong>Rolamentos<\/strong>Rolamentos de alta qualidade suportam componentes rotativos, reduzindo o atrito e garantindo uma opera\u00e7\u00e3o suave. Os rolamentos s\u00e3o projetados para suportar cargas pesadas e altas velocidades, garantindo durabilidade e confiabilidade.<\/li>\n<li><strong>Habita\u00e7\u00e3o<\/strong>: A carca\u00e7a da caixa de engrenagens \u00e9 feita de materiais dur\u00e1veis \u200b\u200be resistentes \u00e0 corros\u00e3o que protegem os componentes internos. Ela garante integridade estrutural e protege a caixa de engrenagens de fatores ambientais externos, como poeira, umidade e detritos.<\/li>\n<\/ol>\n<p>O <strong>Caixa de engrenagens de ancinho acionada por niveladora FMP-DX300-2<\/strong> \u00e9 uma caixa de engrenagens altamente dur\u00e1vel, eficiente e confi\u00e1vel, projetada para aplica\u00e7\u00f5es agr\u00edcolas exigentes. Com sua alta capacidade de torque, rela\u00e7\u00f5es de transmiss\u00e3o personaliz\u00e1veis \u200b\u200be baixa necessidade de manuten\u00e7\u00e3o, proporciona transfer\u00eancia de pot\u00eancia ideal, garantindo desempenho a longo prazo. A engenharia de precis\u00e3o da caixa de engrenagens, aliada aos seus componentes robustos, a torna a escolha ideal para m\u00e1quinas agr\u00edcolas pesadas, aumentando a produtividade e minimizando o tempo de inatividade.<\/p>\n<h2><img loading=\"lazy\" decoding=\"async\" class=\"alignnone size-full wp-image-2754\" src=\"https:\/\/fmp-components.com\/wp-content\/uploads\/2025\/01\/ZIe4i3OO-Power-Driven-Harrow-Gearbox-EP-DX300-2-Lubrication-and-Maintenance-11.webp\" alt=\"ZIe4i3OO-Caixa de engrenagens de grade acionada por energia-EP-DX300-2-Lubrifica\u00e7\u00e3o e manuten\u00e7\u00e3o-1(1)\" width=\"950\" height=\"715\" title=\"\" srcset=\"https:\/\/fmp-components.com\/wp-content\/uploads\/2025\/01\/ZIe4i3OO-Power-Driven-Harrow-Gearbox-EP-DX300-2-Lubrication-and-Maintenance-11.webp 950w, https:\/\/fmp-components.com\/wp-content\/uploads\/2025\/01\/ZIe4i3OO-Power-Driven-Harrow-Gearbox-EP-DX300-2-Lubrication-and-Maintenance-11-480x361.webp 480w\" sizes=\"(min-width: 0px) and (max-width: 480px) 480px, (min-width: 481px) 950px, 100vw\" \/><\/h2>\n<div class=\"flex-shrink-0 flex flex-col relative items-end\">\n<div>\n<div class=\"pt-0\">\n<div class=\"gizmo-bot-avatar flex h-8 w-8 items-center justify-center overflow-hidden rounded-full\">\n<div class=\"relative p-1 rounded-sm flex items-center justify-center bg-token-main-surface-primary text-token-text-primary h-8 w-8\">\n<h3>Aplica\u00e7\u00f5es da caixa de engrenagens de grade acionada por for\u00e7a FMP-DX300-2:<\/h3>\n<\/div>\n<\/div>\n<\/div>\n<\/div>\n<\/div>\n<div class=\"group\/conversation-turn relative flex w-full min-w-0 flex-col agent-turn\">\n<div class=\"flex-col gap-1 md:gap-3\">\n<div class=\"flex max-w-full flex-col flex-grow\">\n<div class=\"min-h-8 text-message flex w-full flex-col items-end gap-2 whitespace-normal break-words text-start [.text-message+&amp;]:mt-5\" dir=\"auto\" data-message-author-role=\"assistant\" data-message-id=\"99c21c94-b9e3-4719-b75e-da3f57305c74\" data-message-model-slug=\"gpt-4o\">\n<div class=\"flex w-full flex-col gap-1 empty:hidden first:pt-[3px]\">\n<div class=\"markdown prose w-full break-words dark:prose-invert light\">\n<p>A Caixa de Transmiss\u00e3o de Grades El\u00e9tricas FMP-DX300-2 foi projetada para equipamentos agr\u00edcolas, especialmente para tarefas de gradagem e preparo do solo. Ela proporciona transmiss\u00e3o de pot\u00eancia confi\u00e1vel da tomada de for\u00e7a do trator para a grade, garantindo desempenho ideal durante opera\u00e7\u00f5es agr\u00edcolas intensivas. Abaixo est\u00e3o as principais aplica\u00e7\u00f5es da caixa de transmiss\u00e3o FMP-DX300-2:<\/p>\n<ol>\n<li><strong>Prepara\u00e7\u00e3o do solo e cultivo<\/strong>:\n<ul>\n<li><strong>Cultivo prim\u00e1rio e secund\u00e1rio<\/strong>: O FMP-DX300-2 \u00e9 utilizado tanto em opera\u00e7\u00f5es de preparo prim\u00e1rio quanto secund\u00e1rio, auxiliando na fragmenta\u00e7\u00e3o e aera\u00e7\u00e3o do solo para condi\u00e7\u00f5es ideais de plantio. Sua capacidade de lidar com alto torque o torna eficaz tanto para preparo superficial quanto profundo.<\/li>\n<li><strong>Prepara\u00e7\u00e3o do canteiro<\/strong>: A caixa de engrenagens aciona grades, essenciais para a cria\u00e7\u00e3o de um leito de sementes fino e uniforme. Isso \u00e9 crucial para culturas como gr\u00e3os, hortali\u00e7as e outras que exigem condi\u00e7\u00f5es de solo consistentes para germina\u00e7\u00e3o.<\/li>\n<\/ul>\n<\/li>\n<li><strong>Gradagem para controle de ervas daninhas<\/strong>:\n<ul>\n<li><strong>Manejo de ervas daninhas<\/strong>: A caixa de engrenagens potencializa a capacidade da grade de cultivar o solo em profundidades rasas, arrancando ervas daninhas e preparando o solo para um melhor crescimento da cultura. Ela ajuda a controlar o crescimento de ervas daninhas, minimizando os danos \u00e0s culturas desej\u00e1veis.<\/li>\n<li><strong>Capina de superf\u00edcie<\/strong>: Ao conduzir a grade na velocidade e profundidade corretas, a caixa de engrenagens garante que as ervas daninhas na superf\u00edcie sejam perturbadas, o que reduz a competi\u00e7\u00e3o por nutrientes e umidade.<\/li>\n<\/ul>\n<\/li>\n<li><strong>Manuten\u00e7\u00e3o de campo p\u00f3s-colheita<\/strong>:\n<ul>\n<li><strong>Gest\u00e3o de Res\u00edduos de Campo<\/strong>: Ap\u00f3s a colheita, a grade acionada por caixa de engrenagens ajuda a quebrar os res\u00edduos da colheita e distribu\u00ed-los uniformemente pelo campo. Esse processo \u00e9 importante para a fertilidade do solo e minimiza a necessidade de tratamentos qu\u00edmicos adicionais.<\/li>\n<li><strong>Incorpora\u00e7\u00e3o de restolho<\/strong>:A grade tamb\u00e9m pode ser usada para incorporar restolho, melhorando a estrutura do solo e reduzindo o risco de eros\u00e3o ao cobrir restos de plantas com solo.<\/li>\n<\/ul>\n<\/li>\n<li><strong>Nivelamento e alisamento<\/strong>:\n<ul>\n<li><strong>Nivelamento do solo<\/strong>: A caixa de engrenagens FMP-DX300-2 \u00e9 frequentemente usada em conjunto com grades que realizam o nivelamento do solo. Ao controlar os dentes ou discos da grade, a caixa de engrenagens garante que o solo seja distribu\u00eddo uniformemente, o que \u00e9 importante para a reten\u00e7\u00e3o de \u00e1gua e a irriga\u00e7\u00e3o eficiente.<\/li>\n<li><strong>Suaviza\u00e7\u00e3o de superf\u00edcie<\/strong>: A caixa de engrenagens permite uma opera\u00e7\u00e3o consistente da grade, ajudando a alisar a superf\u00edcie do solo para condi\u00e7\u00f5es uniformes do canteiro, reduzindo o risco de crescimento irregular da cultura.<\/li>\n<\/ul>\n<\/li>\n<li><strong>Recupera\u00e7\u00e3o de terras<\/strong>:\n<ul>\n<li><strong>Restaurando Solo Degradado<\/strong>: A caixa de engrenagens auxilia na movimenta\u00e7\u00e3o de grades usadas em trabalhos de recupera\u00e7\u00e3o de terras, onde o solo compactado, degradado ou endurecido \u00e9 solto e arejado para prepar\u00e1-lo para replantio ou restaura\u00e7\u00e3o. Isso \u00e9 comum em \u00e1reas que foram superexploradas ou submetidas \u00e0 eros\u00e3o.<\/li>\n<li><strong>Melhorando a aera\u00e7\u00e3o do solo<\/strong>:Ao fornecer a pot\u00eancia necess\u00e1ria ao equipamento de gradeamento, a caixa de engrenagens auxilia na aera\u00e7\u00e3o do solo, o que \u00e9 crucial para melhorar a infiltra\u00e7\u00e3o de \u00e1gua, o crescimento das ra\u00edzes e a sa\u00fade do solo.<\/li>\n<\/ul>\n<\/li>\n<\/ol>\n<p>A caixa de engrenagens para grades el\u00e9tricas FMP-DX300-2 \u00e9 ideal para uma ampla gama de tarefas agr\u00edcolas. Sua alta capacidade de torque e confiabilidade a tornam adequada para preparo do solo, controle de ervas daninhas, manuten\u00e7\u00e3o p\u00f3s-colheita, nivelamento e at\u00e9 mesmo recupera\u00e7\u00e3o de terras. Seja para preparo do solo, manejo de res\u00edduos ou renova\u00e7\u00e3o de pastagens, esta caixa de engrenagens desempenha um papel crucial na melhoria da sa\u00fade do solo, garantindo melhores rendimentos das culturas e aumentando a produtividade geral da fazenda. Sua versatilidade a torna um componente valioso em equipamentos agr\u00edcolas modernos, tanto para a agricultura comercial em larga escala quanto para opera\u00e7\u00f5es de menor porte.<\/p>\n<\/div>\n<\/div>\n<\/div>\n<\/div>\n<\/div>\n<\/div>\n<h2><img loading=\"lazy\" decoding=\"async\" class=\"alignnone size-full wp-image-2755\" src=\"https:\/\/fmp-components.com\/wp-content\/uploads\/2025\/01\/Power-Driven-Harrow-Gearbox-EP-DX300-2-Lubrication-and-Maintenance-21.webp\" alt=\"Caixa de engrenagens de grade motorizada EP-DX300-2-Lubrifica\u00e7\u00e3o e manuten\u00e7\u00e3o-2(1)\" width=\"950\" height=\"715\" title=\"\" srcset=\"https:\/\/fmp-components.com\/wp-content\/uploads\/2025\/01\/Power-Driven-Harrow-Gearbox-EP-DX300-2-Lubrication-and-Maintenance-21.webp 950w, https:\/\/fmp-components.com\/wp-content\/uploads\/2025\/01\/Power-Driven-Harrow-Gearbox-EP-DX300-2-Lubrication-and-Maintenance-21-480x361.webp 480w\" sizes=\"(min-width: 0px) and (max-width: 480px) 480px, (min-width: 481px) 950px, 100vw\" \/><\/h2>\n<h2>Sobre a FMP<\/h2>\n<p>Com sede na It\u00e1lia, a FMP \u00e9 uma fabricante l\u00edder, reconhecida por sua expertise em projeto, desenvolvimento e produ\u00e7\u00e3o de caixas de engrenagens de alto desempenho, com foco especial no setor de m\u00e1quinas agr\u00edcolas. Reconhecida por sua engenharia de precis\u00e3o, solu\u00e7\u00f5es inovadoras e confiabilidade excepcional, a FMP conquistou a reputa\u00e7\u00e3o de parceira confi\u00e1vel tanto para a ind\u00fastria agr\u00edcola quanto para a industrial. Nosso amplo portf\u00f3lio de produtos inclui caixas de engrenagens personalizadas para cortadores de grama, eixos de tomada de for\u00e7a e uma variedade de componentes essenciais, todos projetados para atender \u00e0s diversas demandas de uma ampla gama de aplica\u00e7\u00f5es.<\/p>\n<p>Na FMP, reconhecemos que cada cliente tem desafios e necessidades \u00fanicas. \u00c9 por isso que nos especializamos em fornecer solu\u00e7\u00f5es personalizadas, seja para componentes individuais ou sistemas totalmente integrados. Ao colaborarmos estreitamente com nossos clientes, garantimos que cada solu\u00e7\u00e3o n\u00e3o apenas atenda \u00e0s suas necessidades espec\u00edficas, mas tamb\u00e9m maximize o desempenho e o valor. Nosso compromisso em fornecer respostas r\u00e1pidas e profissionais, aliado \u00e0 orienta\u00e7\u00e3o especializada, garante que cada consulta seja tratada com cuidado e precis\u00e3o, levando aos melhores resultados poss\u00edveis.<\/p>\n<p>A comunica\u00e7\u00e3o transparente e cont\u00ednua \u00e9 a base da nossa abordagem. Nossa equipe dedicada trabalha diretamente com os clientes durante todo o processo de desenvolvimento do produto para obter um profundo entendimento de suas necessidades. Oferecemos insights e recomenda\u00e7\u00f5es valiosas para garantir resultados ideais. Seja projetando produtos de ponta ou atendendo pedidos em andamento, a FMP est\u00e1 comprometida em entregar solu\u00e7\u00f5es de alta qualidade e engenharia de precis\u00e3o, sempre no prazo. Nossa miss\u00e3o \u00e9 superar as expectativas dos clientes, fornecendo servi\u00e7os e resultados excepcionais em cada projeto.<\/p>\n<p>A qualidade \u00e9 a base de tudo o que fazemos. Seguimos os mais altos padr\u00f5es de fabrica\u00e7\u00e3o e implementamos rigorosas medidas de controle de qualidade para garantir que cada produto n\u00e3o apenas atenda, mas supere os padr\u00f5es da ind\u00fastria. Esse compromisso com a excel\u00eancia, aliado aos nossos valores fundamentais de integridade, trabalho em equipe e perseveran\u00e7a, nos permitiu construir relacionamentos duradouros e baseados na confian\u00e7a com clientes em quase 30 pa\u00edses ao redor do mundo.<\/p>\n<p>A FMP est\u00e1 sempre empenhada em promover parcerias globais e se dedica a fornecer consultoria especializada e solu\u00e7\u00f5es personalizadas que atendam \u00e0s necessidades em constante evolu\u00e7\u00e3o de nossos clientes. Vamos al\u00e9m do simples fornecimento de produtos; buscamos criar relacionamentos duradouros que contribuam para o sucesso de cada projeto. Seja para solu\u00e7\u00f5es inovadoras para uma nova iniciativa ou suporte cont\u00ednuo para um sistema existente, a FMP est\u00e1 pronta para enfrentar seus desafios t\u00e9cnicos e garantir seu sucesso cont\u00ednuo.<\/p>\n<p><img loading=\"lazy\" decoding=\"async\" class=\"alignnone wp-image-2695\" src=\"https:\/\/fmp-components.com\/wp-content\/uploads\/2025\/01\/agricultural-gearbox3.webp\" alt=\"caixa de engrenagens agr\u00edcolas\" width=\"953\" height=\"951\" title=\"\" srcset=\"https:\/\/fmp-components.com\/wp-content\/uploads\/2025\/01\/agricultural-gearbox3.webp 953w, https:\/\/fmp-components.com\/wp-content\/uploads\/2025\/01\/agricultural-gearbox3-480x479.webp 480w\" sizes=\"(min-width: 0px) and (max-width: 480px) 480px, (min-width: 481px) 953px, 100vw\" \/><\/p>\n<p>Autor: CX<\/p>","protected":false},"excerpt":{"rendered":"<p>Grader Driven Rake Gearbox FMP-DX300-2 Dimensions\u00a0 Grader Driven Rake Gearbox FMP-DX300-2 Turn Grader Driven Rake Gearbox FMP-DX300-2 Technical Data i Suitable Rpm input Rpm output KW(Nom) KW(Max) Toothing r\/min r\/min hp hp Decelerate 2.47:1 Powered Harrow 1000 404 200 3500 Gleason Helical Teeth Decelerate 2.63:1 1000 380 3700 Decelerate 2.04:1 850 416 3400 Remark: If [&hellip;]<\/p>","protected":false},"featured_media":2757,"comment_status":"open","ping_status":"closed","template":"","meta":{"_et_pb_use_builder":"","_et_pb_old_content":"","_et_gb_content_width":""},"product_brand":[],"product_cat":[66],"product_tag":[],"class_list":{"0":"post-2751","1":"product","2":"type-product","3":"status-publish","4":"has-post-thumbnail","6":"product_cat-grader-driven-rake-gearbox","8":"first","9":"instock","10":"shipping-taxable","11":"product-type-simple"},"_links":{"self":[{"href":"https:\/\/fmp-components.com\/pt\/wp-json\/wp\/v2\/product\/2751","targetHints":{"allow":["GET"]}}],"collection":[{"href":"https:\/\/fmp-components.com\/pt\/wp-json\/wp\/v2\/product"}],"about":[{"href":"https:\/\/fmp-components.com\/pt\/wp-json\/wp\/v2\/types\/product"}],"replies":[{"embeddable":true,"href":"https:\/\/fmp-components.com\/pt\/wp-json\/wp\/v2\/comments?post=2751"}],"wp:featuredmedia":[{"embeddable":true,"href":"https:\/\/fmp-components.com\/pt\/wp-json\/wp\/v2\/media\/2757"}],"wp:attachment":[{"href":"https:\/\/fmp-components.com\/pt\/wp-json\/wp\/v2\/media?parent=2751"}],"wp:term":[{"taxonomy":"product_brand","embeddable":true,"href":"https:\/\/fmp-components.com\/pt\/wp-json\/wp\/v2\/product_brand?post=2751"},{"taxonomy":"product_cat","embeddable":true,"href":"https:\/\/fmp-components.com\/pt\/wp-json\/wp\/v2\/product_cat?post=2751"},{"taxonomy":"product_tag","embeddable":true,"href":"https:\/\/fmp-components.com\/pt\/wp-json\/wp\/v2\/product_tag?post=2751"}],"curies":[{"name":"wp","href":"https:\/\/api.w.org\/{rel}","templated":true}]}}