{"id":2657,"date":"2025-01-03T05:45:44","date_gmt":"2025-01-03T05:45:44","guid":{"rendered":"https:\/\/fmp-components.com\/product\/high-quality-china-manufacture-trailer-hydraulic-cylinder\/"},"modified":"2025-03-18T01:46:50","modified_gmt":"2025-03-18T01:46:50","slug":"high-quality-italy-manufacture-trailer-hydraulic-cylinder","status":"publish","type":"product","link":"https:\/\/fmp-components.com\/pt\/product\/high-quality-italy-manufacture-trailer-hydraulic-cylinder\/","title":{"rendered":"Cilindro hidr\u00e1ulico de reboque de alta qualidade fabricado na It\u00e1lia"},"content":{"rendered":"<h2>Introdu\u00e7\u00e3o ao produto: Cilindro hidr\u00e1ulico de reboque de alta qualidade fabricado na It\u00e1lia<\/h2>\n<p>Se voc\u00ea procura um cilindro hidr\u00e1ulico confi\u00e1vel para seu reboque, vale a pena considerar o Cilindro Hidr\u00e1ulico de Reboque de Alta Qualidade, Fabricado na It\u00e1lia. Este cilindro hidr\u00e1ulico \u00e9 projetado e fabricado na It\u00e1lia, um pa\u00eds conhecido por produzir cilindros hidr\u00e1ulicos de alta qualidade.<\/p>\n<h2>Caracter\u00edsticas<\/h2>\n<ul>\n<li>Materiais de alta qualidade: O cilindro \u00e9 feito de materiais dur\u00e1veis \u200b\u200be resistentes \u00e0 corros\u00e3o, garantindo longevidade e confiabilidade.<\/li>\n<li>Personaliz\u00e1vel: O cilindro pode ser personalizado para atender \u00e0s suas necessidades espec\u00edficas, incluindo tamanho, curso e op\u00e7\u00f5es de montagem.<\/li>\n<li>Opera\u00e7\u00e3o suave: O cilindro proporciona uma opera\u00e7\u00e3o suave e precisa, tornando-o ideal para reboques que exigem movimento preciso.<\/li>\n<li>F\u00e1cil de instalar: O cilindro \u00e9 f\u00e1cil de instalar e vem com todo o hardware necess\u00e1rio.<\/li>\n<\/ul>\n<h2>Vantagens<\/h2>\n<p>Escolher o Cilindro Hidr\u00e1ulico de Reboque de Alta Qualidade Fabricado na It\u00e1lia para seu reboque oferece diversas vantagens:<\/p>\n<ul>\n<li>Confiabilidade: O cilindro \u00e9 projetado e fabricado para fornecer desempenho confi\u00e1vel por muitos anos.<\/li>\n<li>Custo-benef\u00edcio: apesar de sua constru\u00e7\u00e3o de alta qualidade, este cilindro tem um pre\u00e7o competitivo, o que o torna uma op\u00e7\u00e3o acess\u00edvel para muitos propriet\u00e1rios de reboques.<\/li>\n<li>Personaliz\u00e1vel: voc\u00ea pode personalizar o cilindro para atender \u00e0s suas necessidades espec\u00edficas, o que significa que voc\u00ea obt\u00e9m exatamente o que precisa para seu trailer.<\/li>\n<li>F\u00e1cil manuten\u00e7\u00e3o: O cilindro \u00e9 f\u00e1cil de manter e reparar, o que significa que voc\u00ea pode mant\u00ea-lo em boas condi\u00e7\u00f5es de funcionamento com o m\u00ednimo de esfor\u00e7o.<\/li>\n<\/ul>\n<p>No geral, o Cilindro Hidr\u00e1ulico para Reboque de Alta Qualidade Fabricado na It\u00e1lia \u00e9 uma excelente escolha para quem precisa de um cilindro hidr\u00e1ulico confi\u00e1vel, econ\u00f4mico e personaliz\u00e1vel para seu reboque.<\/p>\n<h2>Principais recursos e fun\u00e7\u00f5es<\/h2>\n<p>Nossos cilindros hidr\u00e1ulicos s\u00e3o projetados para alto desempenho, proporcionando alta pot\u00eancia em um conjunto compacto. Eles s\u00e3o projetados para suportar condi\u00e7\u00f5es exigentes e proporcionar desempenho confi\u00e1vel.<\/p>\n<h3>Especifica\u00e7\u00f5es<\/h3>\n<p>Estes cilindros hidr\u00e1ulicos contam com garantia de um ano e certifica\u00e7\u00e3o ISO9001:2000. Possuem estrutura cil\u00edndrica de pist\u00e3o, acionada hidraulicamente, com corpo em a\u00e7o. O empuxo m\u00e1ximo \u00e9 de 3000 mm e s\u00e3o classificados como cilindros hidr\u00e1ulicos pequenos. O di\u00e2metro interno pode ser personalizado de acordo com suas necessidades, e a tra\u00e7\u00e3o m\u00e1xima \u00e9 de 600 mm. Esses cilindros utilizam \u00f3leo como fluido e t\u00eam di\u00e2metros que variam de 20 a 250 mm.<\/p>\n<table style=\"width: 99.5913%; height: 134px;\" border=\"1\">\n<tbody>\n<tr>\n<td style=\"width: 43.1694%;\">Tamanho do furo<\/td>\n<td style=\"width: 69.7632%;\">1,5-4 polegadas<\/td>\n<\/tr>\n<tr>\n<td style=\"width: 43.1694%;\">Tamanho da haste<\/td>\n<td style=\"width: 69.7632%;\">1-2 polegadas<\/td>\n<\/tr>\n<tr>\n<td style=\"width: 43.1694%;\">Tamanho do tra\u00e7o<\/td>\n<td style=\"width: 69.7632%;\">4-36 polegadas<\/td>\n<\/tr>\n<tr>\n<td style=\"width: 43.1694%;\">Tamanho do pino<\/td>\n<td style=\"width: 69.7632%;\">0,75-1 polegada<\/td>\n<\/tr>\n<tr>\n<td style=\"width: 43.1694%;\">Portos<\/td>\n<td style=\"width: 69.7632%;\">G\/SAE\/NPT\/M<\/td>\n<\/tr>\n<\/tbody>\n<\/table>\n<h2>Vantagens do cilindro hidr\u00e1ulico para caminh\u00e3o basculante e reboque<\/h2>\n<ul>\n<li><strong>Maior efici\u00eancia:<\/strong> Caminh\u00f5es basculantes e reboques equipados com cilindros hidr\u00e1ulicos podem operar com mais efici\u00eancia do que aqueles sem eles. O sistema hidr\u00e1ulico proporciona uma transfer\u00eancia de pot\u00eancia suave e confi\u00e1vel, permitindo um despejo de materiais mais r\u00e1pido e preciso. Isso economiza tempo e custos de m\u00e3o de obra, al\u00e9m de aumentar a produtividade geral. Al\u00e9m disso, os sistemas hidr\u00e1ulicos s\u00e3o altamente eficientes em termos de consumo de energia. Eles exigem menos energia para operar em compara\u00e7\u00e3o com os sistemas mec\u00e2nicos, o que significa menores custos de combust\u00edvel e menor impacto ambiental. Al\u00e9m disso, os cilindros hidr\u00e1ulicos s\u00e3o projetados para um desempenho duradouro, reduzindo a necessidade de manuten\u00e7\u00e3o e reparos frequentes.<\/li>\n<li><strong>Seguran\u00e7a aprimorada:<\/strong> Caminh\u00f5es basculantes e reboques podem ser perigosos quando operados incorretamente. No entanto, os cilindros hidr\u00e1ulicos podem aumentar a seguran\u00e7a, reduzindo o risco de tombamento ou derramamento durante o processo de despejo. O sistema hidr\u00e1ulico proporciona uma transfer\u00eancia de pot\u00eancia est\u00e1vel e suave, evitando movimentos bruscos ou solavancos que podem desestabilizar o ve\u00edculo. Al\u00e9m disso, os sistemas hidr\u00e1ulicos podem ser projetados com recursos de seguran\u00e7a, como v\u00e1lvulas de al\u00edvio de press\u00e3o e prote\u00e7\u00e3o contra sobrecarga, garantindo que o sistema n\u00e3o exceda sua capacidade m\u00e1xima. Ao aumentar a seguran\u00e7a, os cilindros hidr\u00e1ulicos podem ajudar a reduzir o risco de acidentes e ferimentos, protegendo tanto os trabalhadores quanto os equipamentos.<\/li>\n<li><strong>Versatilidade aumentada:<\/strong> Caminh\u00f5es basculantes e reboques equipados com cilindros hidr\u00e1ulicos podem ser utilizados em diversas aplica\u00e7\u00f5es. Os sistemas hidr\u00e1ulicos s\u00e3o altamente adapt\u00e1veis \u200b\u200be podem ser personalizados para atender \u00e0s necessidades espec\u00edficas de diferentes ind\u00fastrias e aplica\u00e7\u00f5es. Por exemplo, os cilindros hidr\u00e1ulicos podem ser projetados para operar em diferentes press\u00f5es e velocidades, permitindo um controle preciso do processo de despejo. Eles tamb\u00e9m podem ser usados \u200b\u200bpara levantar cargas pesadas ou empurrar materiais para os lados, tornando-os \u00fateis para a constru\u00e7\u00e3o, minera\u00e7\u00e3o e agricultura.<\/li>\n<li><strong>Conforto aprimorado:<\/strong> Operadores de caminh\u00f5es basculantes e reboques podem se beneficiar do conforto aprimorado proporcionado pelos sistemas hidr\u00e1ulicos. A opera\u00e7\u00e3o suave dos cilindros hidr\u00e1ulicos reduz vibra\u00e7\u00f5es e solavancos, reduzindo a fadiga do operador e melhorando o conforto geral. Al\u00e9m disso, os sistemas hidr\u00e1ulicos podem ser projetados para operar silenciosamente, reduzindo a polui\u00e7\u00e3o sonora e criando um ambiente de trabalho mais confort\u00e1vel. Isso pode ser particularmente importante para aplica\u00e7\u00f5es em que os trabalhadores permanecem pr\u00f3ximos ao equipamento por longos per\u00edodos.<\/li>\n<li><strong>Controle aumentado:<\/strong> Cilindros hidr\u00e1ulicos proporcionam controle preciso sobre o processo de despejo, permitindo que os operadores ajustem a velocidade e o \u00e2ngulo do despejo. Esse n\u00edvel de controle pode ser particularmente \u00fatil em aplica\u00e7\u00f5es onde os materiais despejados s\u00e3o delicados ou exigem posicionamento preciso. Al\u00e9m disso, os cilindros hidr\u00e1ulicos podem ser operados remotamente, proporcionando ainda mais controle e flexibilidade. Isso pode ser \u00fatil em aplica\u00e7\u00f5es onde o operador precisa estar em um local diferente do equipamento ou onde a visibilidade \u00e9 limitada.<\/li>\n<\/ul>\n<p><img loading=\"lazy\" decoding=\"async\" class=\"alignnone size-full wp-image-2676\" src=\"https:\/\/fmp-components.com\/wp-content\/uploads\/2025\/01\/hydraulic-cylinder-workshop.webp\" alt=\"oficina de cilindros hidr\u00e1ulicos\" width=\"914\" height=\"733\" title=\"\" srcset=\"https:\/\/fmp-components.com\/wp-content\/uploads\/2025\/01\/hydraulic-cylinder-workshop.webp 914w, https:\/\/fmp-components.com\/wp-content\/uploads\/2025\/01\/hydraulic-cylinder-workshop-480x385.webp 480w\" sizes=\"(min-width: 0px) and (max-width: 480px) 480px, (min-width: 481px) 914px, 100vw\" \/><\/p>\n<h2>Sobre a FMP<\/h2>\n<p>A FMP \u00e9 uma empresa l\u00edder com sede na It\u00e1lia, especializada na venda e manuten\u00e7\u00e3o de acess\u00f3rios e m\u00e1quinas completas para m\u00e1quinas de constru\u00e7\u00e3o. Nossa empresa possui vasta experi\u00eancia no setor e uma equipe profissional comprometida em fornecer aos clientes solu\u00e7\u00f5es em m\u00e1quinas de constru\u00e7\u00e3o de alta qualidade e confiabilidade.<\/p>\n<p>Aqui est\u00e3o cinco raz\u00f5es pelas quais voc\u00ea deve escolher o FMP:<\/p>\n<p>1. Cilindros hidr\u00e1ulicos de engenharia de precis\u00e3o de alta qualidade<br \/>\nNa FMP, estamos comprometidos com a qualidade em todos os n\u00edveis do nosso neg\u00f3cio. Nossos cilindros hidr\u00e1ulicos s\u00e3o projetados com precis\u00e3o para atender aos mais altos padr\u00f5es da ind\u00fastria. Utilizamos apenas mat\u00e9rias-primas de alta qualidade e realizamos rigorosas inspe\u00e7\u00f5es de qualidade nos produtos acabados para garantir que nossos clientes recebam os melhores produtos poss\u00edveis.<\/p>\n<p>2. Ampla gama de produtos<br \/>\nOferecemos uma ampla gama de acess\u00f3rios para m\u00e1quinas de constru\u00e7\u00e3o e m\u00e1quinas completas, incluindo diversos cilindros hidr\u00e1ulicos, caixas de engrenagens, correntes e rodas dentadas. Nossa linha de produtos abrange todos os tipos de m\u00e1quinas e acess\u00f3rios para constru\u00e7\u00e3o, incluindo acess\u00f3rios para motores, componentes de sistemas hidr\u00e1ulicos, acess\u00f3rios para chassis e acess\u00f3rios para sistemas el\u00e9tricos.<\/p>\n<p>3. Rela\u00e7\u00f5es de coopera\u00e7\u00e3o est\u00e1veis \u200b\u200be de longo prazo com fornecedores<br \/>\nA FMP estabeleceu rela\u00e7\u00f5es de coopera\u00e7\u00e3o est\u00e1veis \u200b\u200be de longo prazo com diversos fornecedores nacionais e estrangeiros de alta qualidade. Isso garante que todos os acess\u00f3rios fornecidos atendam aos rigorosos padr\u00f5es de qualidade e que nossos clientes recebam os melhores produtos poss\u00edveis.<\/p>\n<p>4. Equipe de vendas experiente e qualificada<br \/>\nNossa equipe de vendas \u00e9 experiente e qualificada no setor de m\u00e1quinas para constru\u00e7\u00e3o. Eles est\u00e3o familiarizados com as \u00faltimas tend\u00eancias de desenvolvimento e as necessidades dos clientes, e podem fornecer consultoria profissional sobre produtos e conselhos de compra inteligentes para garantir que nossos clientes obtenham os produtos certos para suas necessidades.<\/p>\n<p>5. Sistema de Distribui\u00e7\u00e3o Log\u00edstica Eficiente<br \/>\nContamos com um sistema de distribui\u00e7\u00e3o log\u00edstica eficiente que garante que nossos clientes recebam as pe\u00e7as necess\u00e1rias com pontualidade e precis\u00e3o. Nossa equipe de log\u00edstica est\u00e1 comprometida em fornecer o melhor servi\u00e7o poss\u00edvel para garantir a satisfa\u00e7\u00e3o dos nossos clientes.<\/p>\n<p>Se voc\u00ea procura acess\u00f3rios e m\u00e1quinas completas de alta qualidade para m\u00e1quinas de constru\u00e7\u00e3o, a FMP \u00e9 a sua melhor escolha. Entre em contato conosco hoje mesmo para saber mais sobre nossos produtos e como podemos ajudar voc\u00ea a atender \u00e0s suas necessidades em m\u00e1quinas de constru\u00e7\u00e3o.<\/p>\n<p><img loading=\"lazy\" decoding=\"async\" class=\"alignnone wp-image-2672\" src=\"https:\/\/fmp-components.com\/wp-content\/uploads\/2025\/01\/Dump-Truck-Trailer-Hydraulic-Cylinder-product-3-2.webp\" alt=\"Cilindro hidr\u00e1ulico para caminh\u00e3o basculante e reboque - produto - 3\" width=\"921\" height=\"675\" title=\"\" srcset=\"https:\/\/fmp-components.com\/wp-content\/uploads\/2025\/01\/Dump-Truck-Trailer-Hydraulic-Cylinder-product-3-2.webp 921w, https:\/\/fmp-components.com\/wp-content\/uploads\/2025\/01\/Dump-Truck-Trailer-Hydraulic-Cylinder-product-3-2-480x352.webp 480w\" sizes=\"(min-width: 0px) and (max-width: 480px) 480px, (min-width: 481px) 921px, 100vw\" \/><br \/>\nAutor: CX<\/p>","protected":false},"excerpt":{"rendered":"<p>Product Introduction: High Quality Italy Manufacture Trailer Hydraulic Cylinder If you&#8217;re searching for a reliable hydraulic cylinder for your trailer, the High Quality Italy Manufacture Trailer Hydraulic Cylinder is worth considering. This hydraulic cylinder is designed and manufactured in Italy, a country known for producing high-quality hydraulic cylinders. Features High-quality materials: The cylinder is made [&hellip;]<\/p>","protected":false},"featured_media":2658,"comment_status":"closed","ping_status":"closed","template":"","meta":{"_et_pb_use_builder":"","_et_pb_old_content":"","_et_gb_content_width":""},"product_brand":[],"product_cat":[63],"product_tag":[65,34],"class_list":{"0":"post-2657","1":"product","2":"type-product","3":"status-publish","4":"has-post-thumbnail","6":"product_cat-dump-truck-trailer-hydraulic-cylinder","7":"product_tag-dump-truck-trailer-hydraulic-cylinder","8":"product_tag-hydraulic-cylinder","10":"first","11":"instock","12":"product-type-simple"},"_links":{"self":[{"href":"https:\/\/fmp-components.com\/pt\/wp-json\/wp\/v2\/product\/2657","targetHints":{"allow":["GET"]}}],"collection":[{"href":"https:\/\/fmp-components.com\/pt\/wp-json\/wp\/v2\/product"}],"about":[{"href":"https:\/\/fmp-components.com\/pt\/wp-json\/wp\/v2\/types\/product"}],"replies":[{"embeddable":true,"href":"https:\/\/fmp-components.com\/pt\/wp-json\/wp\/v2\/comments?post=2657"}],"wp:featuredmedia":[{"embeddable":true,"href":"https:\/\/fmp-components.com\/pt\/wp-json\/wp\/v2\/media\/2658"}],"wp:attachment":[{"href":"https:\/\/fmp-components.com\/pt\/wp-json\/wp\/v2\/media?parent=2657"}],"wp:term":[{"taxonomy":"product_brand","embeddable":true,"href":"https:\/\/fmp-components.com\/pt\/wp-json\/wp\/v2\/product_brand?post=2657"},{"taxonomy":"product_cat","embeddable":true,"href":"https:\/\/fmp-components.com\/pt\/wp-json\/wp\/v2\/product_cat?post=2657"},{"taxonomy":"product_tag","embeddable":true,"href":"https:\/\/fmp-components.com\/pt\/wp-json\/wp\/v2\/product_tag?post=2657"}],"curies":[{"name":"wp","href":"https:\/\/api.w.org\/{rel}","templated":true}]}}