{"id":2655,"date":"2025-01-03T05:45:44","date_gmt":"2025-01-03T05:45:44","guid":{"rendered":"https:\/\/fmp-components.com\/product\/high-quality-hydraulic-cylinder-of-platform-lifting\/"},"modified":"2025-01-04T00:42:34","modified_gmt":"2025-01-04T00:42:34","slug":"high-quality-hydraulic-cylinder-of-platform-lifting","status":"publish","type":"product","link":"https:\/\/fmp-components.com\/pt\/product\/high-quality-hydraulic-cylinder-of-platform-lifting\/","title":{"rendered":"Cilindro hidr\u00e1ulico de alta qualidade para plataforma elevat\u00f3ria"},"content":{"rendered":"<h3>Cilindro hidr\u00e1ulico de alta qualidade para eleva\u00e7\u00e3o de plataformas<\/h3>\n<p><strong>Descri\u00e7\u00e3o do produto:<\/strong><\/p>\n<p>Nosso cilindro hidr\u00e1ulico de alta qualidade para eleva\u00e7\u00e3o de plataformas foi projetado para oferecer desempenho e confiabilidade excepcionais em diversas aplica\u00e7\u00f5es de eleva\u00e7\u00e3o. Fabricado com precis\u00e3o, este cilindro hidr\u00e1ulico \u00e9 ideal para uso em ambientes industriais, de constru\u00e7\u00e3o e automotivos.<\/p>\n<p><strong>Principais caracter\u00edsticas:<\/strong><\/p>\n<ul>\n<li><strong>Constru\u00e7\u00e3o robusta:<\/strong> Fabricado em a\u00e7o de alta resist\u00eancia, nosso cilindro hidr\u00e1ulico foi projetado para suportar cargas pesadas e ambientes agressivos, garantindo durabilidade de longa dura\u00e7\u00e3o.<\/li>\n<li><strong>Tecnologia de Veda\u00e7\u00e3o Avan\u00e7ada:<\/strong> Equipado com veda\u00e7\u00f5es de \u00faltima gera\u00e7\u00e3o para evitar vazamentos e manter a press\u00e3o hidr\u00e1ulica ideal, aumentando a efici\u00eancia e a seguran\u00e7a.<\/li>\n<li><strong>Opera\u00e7\u00e3o suave:<\/strong> O design do cilindro permite uma eleva\u00e7\u00e3o suave e controlada, minimizando o desgaste do maquin\u00e1rio.<\/li>\n<li><strong>Aplica\u00e7\u00f5es vers\u00e1teis:<\/strong> Adequado para uma ampla gama de plataformas elevat\u00f3rias, incluindo plataformas tesoura, plataformas de trabalho a\u00e9reo e outros equipamentos pesados.<\/li>\n<li><strong>Op\u00e7\u00f5es personaliz\u00e1veis:<\/strong> Dispon\u00edvel em v\u00e1rios tamanhos e comprimentos de curso para atender a requisitos operacionais espec\u00edficos.<\/li>\n<li><strong>F\u00e1cil instala\u00e7\u00e3o:<\/strong> Projetado para uma instala\u00e7\u00e3o simples, facilitando a integra\u00e7\u00e3o em sistemas existentes.<\/li>\n<\/ul>\n<p>Invista em nosso cilindro hidr\u00e1ulico de alta qualidade para eleva\u00e7\u00e3o de plataformas e experimente a combina\u00e7\u00e3o perfeita de confiabilidade, efici\u00eancia e seguran\u00e7a em suas opera\u00e7\u00f5es de eleva\u00e7\u00e3o.<\/p>\n<h3>Princ\u00edpio de funcionamento e aplica\u00e7\u00f5es de sistemas hidr\u00e1ulicos<\/h3>\n<p>O cilindro hidr\u00e1ulico opera com base no princ\u00edpio da for\u00e7a fluida, onde a press\u00e3o \u00e9 aplicada em um ponto e transmitida a outro utilizando um fluido incompress\u00edvel, neste caso, o \u00f3leo. O cilindro encontra ampla aplica\u00e7\u00e3o em ind\u00fastrias que exigem o levantamento de cargas pesadas. Com o nosso cilindro hidr\u00e1ulico, as opera\u00e7\u00f5es tornam-se mais seguras, eficientes e confi\u00e1veis.<\/p>\n<h2>Vantagens do cilindro hidr\u00e1ulico para caminh\u00e3o basculante e reboque<\/h2>\n<ul>\n<li><strong>Maior efici\u00eancia:<\/strong> Caminh\u00f5es basculantes e reboques equipados com cilindros hidr\u00e1ulicos podem operar com mais efici\u00eancia do que aqueles sem eles. O sistema hidr\u00e1ulico proporciona uma transfer\u00eancia de pot\u00eancia suave e confi\u00e1vel, permitindo um despejo de materiais mais r\u00e1pido e preciso. Isso economiza tempo e custos de m\u00e3o de obra, al\u00e9m de aumentar a produtividade geral. Al\u00e9m disso, os sistemas hidr\u00e1ulicos s\u00e3o altamente eficientes em termos de consumo de energia. Eles exigem menos energia para operar em compara\u00e7\u00e3o com os sistemas mec\u00e2nicos, o que significa menores custos de combust\u00edvel e menor impacto ambiental. Al\u00e9m disso, os cilindros hidr\u00e1ulicos s\u00e3o projetados para um desempenho duradouro, reduzindo a necessidade de manuten\u00e7\u00e3o e reparos frequentes.<\/li>\n<li><strong>Seguran\u00e7a aprimorada:<\/strong> Caminh\u00f5es basculantes e reboques podem ser perigosos quando operados incorretamente. No entanto, os cilindros hidr\u00e1ulicos podem aumentar a seguran\u00e7a, reduzindo o risco de tombamento ou derramamento durante o processo de despejo. O sistema hidr\u00e1ulico proporciona uma transfer\u00eancia de pot\u00eancia est\u00e1vel e suave, evitando movimentos bruscos ou solavancos que podem desestabilizar o ve\u00edculo. Al\u00e9m disso, os sistemas hidr\u00e1ulicos podem ser projetados com recursos de seguran\u00e7a, como v\u00e1lvulas de al\u00edvio de press\u00e3o e prote\u00e7\u00e3o contra sobrecarga, garantindo que o sistema n\u00e3o exceda sua capacidade m\u00e1xima. Ao aumentar a seguran\u00e7a, os cilindros hidr\u00e1ulicos podem ajudar a reduzir o risco de acidentes e ferimentos, protegendo tanto os trabalhadores quanto os equipamentos.<\/li>\n<li><strong>Versatilidade aumentada:<\/strong> Caminh\u00f5es basculantes e reboques equipados com cilindros hidr\u00e1ulicos podem ser utilizados em diversas aplica\u00e7\u00f5es. Os sistemas hidr\u00e1ulicos s\u00e3o altamente adapt\u00e1veis \u200b\u200be podem ser personalizados para atender \u00e0s necessidades espec\u00edficas de diferentes ind\u00fastrias e aplica\u00e7\u00f5es. Por exemplo, os cilindros hidr\u00e1ulicos podem ser projetados para operar em diferentes press\u00f5es e velocidades, permitindo um controle preciso do processo de despejo. Eles tamb\u00e9m podem ser usados \u200b\u200bpara levantar cargas pesadas ou empurrar materiais para os lados, tornando-os \u00fateis para a constru\u00e7\u00e3o, minera\u00e7\u00e3o e agricultura.<\/li>\n<li><strong>Conforto aprimorado:<\/strong> Operadores de caminh\u00f5es basculantes e reboques podem se beneficiar do conforto aprimorado proporcionado pelos sistemas hidr\u00e1ulicos. A opera\u00e7\u00e3o suave dos cilindros hidr\u00e1ulicos reduz vibra\u00e7\u00f5es e solavancos, reduzindo a fadiga do operador e melhorando o conforto geral. Al\u00e9m disso, os sistemas hidr\u00e1ulicos podem ser projetados para operar silenciosamente, reduzindo a polui\u00e7\u00e3o sonora e criando um ambiente de trabalho mais confort\u00e1vel. Isso pode ser particularmente importante para aplica\u00e7\u00f5es em que os trabalhadores permanecem pr\u00f3ximos ao equipamento por longos per\u00edodos.<\/li>\n<li><strong>Controle aumentado:<\/strong> Cilindros hidr\u00e1ulicos proporcionam controle preciso sobre o processo de despejo, permitindo que os operadores ajustem a velocidade e o \u00e2ngulo do despejo. Esse n\u00edvel de controle pode ser particularmente \u00fatil em aplica\u00e7\u00f5es onde os materiais despejados s\u00e3o delicados ou exigem posicionamento preciso. Al\u00e9m disso, os cilindros hidr\u00e1ulicos podem ser operados remotamente, proporcionando ainda mais controle e flexibilidade. Isso pode ser \u00fatil em aplica\u00e7\u00f5es onde o operador precisa estar em um local diferente do equipamento ou onde a visibilidade \u00e9 limitada.<\/li>\n<\/ul>\n<p><img loading=\"lazy\" decoding=\"async\" class=\"alignnone size-full wp-image-2676\" src=\"https:\/\/fmp-components.com\/wp-content\/uploads\/2025\/01\/hydraulic-cylinder-workshop.webp\" alt=\"oficina de cilindros hidr\u00e1ulicos\" width=\"914\" height=\"733\" title=\"\" srcset=\"https:\/\/fmp-components.com\/wp-content\/uploads\/2025\/01\/hydraulic-cylinder-workshop.webp 914w, https:\/\/fmp-components.com\/wp-content\/uploads\/2025\/01\/hydraulic-cylinder-workshop-480x385.webp 480w\" sizes=\"(min-width: 0px) and (max-width: 480px) 480px, (min-width: 481px) 914px, 100vw\" \/><\/p>\n<h2>Sobre a FMP<\/h2>\n<p>A FMP \u00e9 uma empresa l\u00edder com sede na It\u00e1lia, especializada na venda e manuten\u00e7\u00e3o de acess\u00f3rios e m\u00e1quinas completas para m\u00e1quinas de constru\u00e7\u00e3o. Nossa empresa possui vasta experi\u00eancia no setor e uma equipe profissional comprometida em fornecer aos clientes solu\u00e7\u00f5es em m\u00e1quinas de constru\u00e7\u00e3o de alta qualidade e confiabilidade.<\/p>\n<p>Aqui est\u00e3o cinco raz\u00f5es pelas quais voc\u00ea deve escolher o FMP:<\/p>\n<p>1. Cilindros hidr\u00e1ulicos de engenharia de precis\u00e3o de alta qualidade<br \/>\nNa FMP, estamos comprometidos com a qualidade em todos os n\u00edveis do nosso neg\u00f3cio. Nossos cilindros hidr\u00e1ulicos s\u00e3o projetados com precis\u00e3o para atender aos mais altos padr\u00f5es da ind\u00fastria. Utilizamos apenas mat\u00e9rias-primas de alta qualidade e realizamos rigorosas inspe\u00e7\u00f5es de qualidade nos produtos acabados para garantir que nossos clientes recebam os melhores produtos poss\u00edveis.<\/p>\n<p>2. Ampla gama de produtos<br \/>\nOferecemos uma ampla gama de acess\u00f3rios para m\u00e1quinas de constru\u00e7\u00e3o e m\u00e1quinas completas, incluindo diversos cilindros hidr\u00e1ulicos, caixas de engrenagens, correntes e rodas dentadas. Nossa linha de produtos abrange todos os tipos de m\u00e1quinas e acess\u00f3rios para constru\u00e7\u00e3o, incluindo acess\u00f3rios para motores, componentes de sistemas hidr\u00e1ulicos, acess\u00f3rios para chassis e acess\u00f3rios para sistemas el\u00e9tricos.<\/p>\n<p>3. Rela\u00e7\u00f5es de coopera\u00e7\u00e3o est\u00e1veis \u200b\u200be de longo prazo com fornecedores<br \/>\nA FMP estabeleceu rela\u00e7\u00f5es de coopera\u00e7\u00e3o est\u00e1veis \u200b\u200be de longo prazo com diversos fornecedores nacionais e estrangeiros de alta qualidade. Isso garante que todos os acess\u00f3rios fornecidos atendam aos rigorosos padr\u00f5es de qualidade e que nossos clientes recebam os melhores produtos poss\u00edveis.<\/p>\n<p>4. Equipe de vendas experiente e qualificada<br \/>\nNossa equipe de vendas \u00e9 experiente e qualificada no setor de m\u00e1quinas para constru\u00e7\u00e3o. Eles est\u00e3o familiarizados com as \u00faltimas tend\u00eancias de desenvolvimento e as necessidades dos clientes, e podem fornecer consultoria profissional sobre produtos e conselhos de compra inteligentes para garantir que nossos clientes obtenham os produtos certos para suas necessidades.<\/p>\n<p>5. Sistema de Distribui\u00e7\u00e3o Log\u00edstica Eficiente<br \/>\nContamos com um sistema de distribui\u00e7\u00e3o log\u00edstica eficiente que garante que nossos clientes recebam as pe\u00e7as necess\u00e1rias com pontualidade e precis\u00e3o. Nossa equipe de log\u00edstica est\u00e1 comprometida em fornecer o melhor servi\u00e7o poss\u00edvel para garantir a satisfa\u00e7\u00e3o dos nossos clientes.<\/p>\n<p>Se voc\u00ea procura acess\u00f3rios e m\u00e1quinas completas de alta qualidade para m\u00e1quinas de constru\u00e7\u00e3o, a FMP \u00e9 a sua melhor escolha. Entre em contato conosco hoje mesmo para saber mais sobre nossos produtos e como podemos ajudar voc\u00ea a atender \u00e0s suas necessidades em m\u00e1quinas de constru\u00e7\u00e3o.<\/p>\n<p><img loading=\"lazy\" decoding=\"async\" class=\"alignnone wp-image-2672\" src=\"https:\/\/fmp-components.com\/wp-content\/uploads\/2025\/01\/Dump-Truck-Trailer-Hydraulic-Cylinder-product-3-2.webp\" alt=\"Cilindro hidr\u00e1ulico para caminh\u00e3o basculante e reboque - produto - 3\" width=\"921\" height=\"675\" title=\"\" srcset=\"https:\/\/fmp-components.com\/wp-content\/uploads\/2025\/01\/Dump-Truck-Trailer-Hydraulic-Cylinder-product-3-2.webp 921w, https:\/\/fmp-components.com\/wp-content\/uploads\/2025\/01\/Dump-Truck-Trailer-Hydraulic-Cylinder-product-3-2-480x352.webp 480w\" sizes=\"(min-width: 0px) and (max-width: 480px) 480px, (min-width: 481px) 921px, 100vw\" \/><br \/>\nAutor: CX<\/p>","protected":false},"excerpt":{"rendered":"<p>High Quality Hydraulic Cylinder for Platform Lifting Product Description: Our High-Quality Hydraulic Cylinder for Platform Lifting is designed to deliver exceptional performance and reliability in various lifting applications. Engineered with precision, this hydraulic cylinder is ideal for use in industrial, construction, and automotive settings. Key Features: Robust Construction: Made from high-strength steel, our hydraulic cylinder [&hellip;]<\/p>","protected":false},"featured_media":2656,"comment_status":"closed","ping_status":"closed","template":"","meta":{"_et_pb_use_builder":"","_et_pb_old_content":"","_et_gb_content_width":""},"product_brand":[],"product_cat":[63],"product_tag":[65,34],"class_list":{"0":"post-2655","1":"product","2":"type-product","3":"status-publish","4":"has-post-thumbnail","6":"product_cat-dump-truck-trailer-hydraulic-cylinder","7":"product_tag-dump-truck-trailer-hydraulic-cylinder","8":"product_tag-hydraulic-cylinder","10":"first","11":"instock","12":"product-type-simple"},"_links":{"self":[{"href":"https:\/\/fmp-components.com\/pt\/wp-json\/wp\/v2\/product\/2655","targetHints":{"allow":["GET"]}}],"collection":[{"href":"https:\/\/fmp-components.com\/pt\/wp-json\/wp\/v2\/product"}],"about":[{"href":"https:\/\/fmp-components.com\/pt\/wp-json\/wp\/v2\/types\/product"}],"replies":[{"embeddable":true,"href":"https:\/\/fmp-components.com\/pt\/wp-json\/wp\/v2\/comments?post=2655"}],"wp:featuredmedia":[{"embeddable":true,"href":"https:\/\/fmp-components.com\/pt\/wp-json\/wp\/v2\/media\/2656"}],"wp:attachment":[{"href":"https:\/\/fmp-components.com\/pt\/wp-json\/wp\/v2\/media?parent=2655"}],"wp:term":[{"taxonomy":"product_brand","embeddable":true,"href":"https:\/\/fmp-components.com\/pt\/wp-json\/wp\/v2\/product_brand?post=2655"},{"taxonomy":"product_cat","embeddable":true,"href":"https:\/\/fmp-components.com\/pt\/wp-json\/wp\/v2\/product_cat?post=2655"},{"taxonomy":"product_tag","embeddable":true,"href":"https:\/\/fmp-components.com\/pt\/wp-json\/wp\/v2\/product_tag?post=2655"}],"curies":[{"name":"wp","href":"https:\/\/api.w.org\/{rel}","templated":true}]}}