{"id":2627,"date":"2025-01-03T03:21:09","date_gmt":"2025-01-03T03:21:09","guid":{"rendered":"https:\/\/fmp-components.com\/?page_id=8"},"modified":"2025-01-03T03:25:57","modified_gmt":"2025-01-03T03:25:57","slug":"square-baler-gearbox-fmp-dfk192-for-big-square-baler","status":"publish","type":"product","link":"https:\/\/fmp-components.com\/pt\/product\/square-baler-gearbox-fmp-dfk192-for-big-square-baler\/","title":{"rendered":"Caixa de engrenagens para enfardadeira quadrada FMP-DFK192 para enfardadeira quadrada grande"},"content":{"rendered":"<h2>Dimens\u00f5es da caixa de engrenagens da enfardadeira quadrada FMP-DFK192<\/h2>\n<p><img loading=\"lazy\" decoding=\"async\" class=\"alignnone size-full wp-image-2635\" src=\"https:\/\/fmp-components.com\/wp-content\/uploads\/2025\/01\/Square-Baler-Gearbox-EP-DFK192-Dimensions.webp\" alt=\"Enfardadeira-quadrada-caixa-de-redutores-FMP-DFK192-Dimens\u00f5es\" width=\"979\" height=\"1024\" title=\"\" srcset=\"https:\/\/fmp-components.com\/wp-content\/uploads\/2025\/01\/Square-Baler-Gearbox-EP-DFK192-Dimensions.webp 979w, https:\/\/fmp-components.com\/wp-content\/uploads\/2025\/01\/Square-Baler-Gearbox-EP-DFK192-Dimensions-480x502.webp 480w\" sizes=\"(min-width: 0px) and (max-width: 480px) 480px, (min-width: 481px) 979px, 100vw\" \/><\/p>\n<h2>Caixa de engrenagens da enfardadeira quadrada FMP-DFK192 Dados t\u00e9cnicos<\/h2>\n<table style=\"width: 99.0645%; height: 101px;\" border=\"1\" cellspacing=\"0\" cellpadding=\"0\">\n<tbody>\n<tr style=\"height: 23px;\">\n<td style=\"height: 46px;\" colspan=\"3\" rowspan=\"2\">eu<\/td>\n<td style=\"height: 46px;\" rowspan=\"2\">Adequado<\/td>\n<td style=\"height: 23px;\">Entrada de RPM<\/td>\n<td style=\"height: 23px;\">KW(Nom)<\/td>\n<td style=\"height: 23px;\">Torque nominal<\/td>\n<td style=\"height: 23px;\">Carga M\u00e1xima<\/td>\n<td style=\"height: 46px;\" rowspan=\"2\">Tipo de eixo X<\/td>\n<\/tr>\n<tr style=\"height: 23px;\">\n<td style=\"height: 23px;\">rpm<\/td>\n<td style=\"height: 23px;\">kW<\/td>\n<td style=\"height: 23px;\">Nm<\/td>\n<td style=\"height: 23px;\">Nm<\/td>\n<\/tr>\n<tr style=\"height: 23px;\">\n<td style=\"height: 23px;\">XY<\/td>\n<td style=\"height: 23px;\">XZ<\/td>\n<td style=\"height: 23px;\">XE<\/td>\n<td style=\"height: 23px;\">Enfardadeira quadrada grande<\/td>\n<td style=\"height: 23px;\">1000<\/td>\n<td style=\"height: 23px;\">192<\/td>\n<td style=\"height: 23px;\">1825<\/td>\n<td style=\"height: 23px;\">4000<\/td>\n<td style=\"height: 23px;\">2 tipos<\/td>\n<\/tr>\n<tr style=\"height: 23px;\">\n<td style=\"height: 23px;\" colspan=\"9\">Observa\u00e7\u00e3o: Se voc\u00ea tiver alguma necessidade especial, sinta-se \u00e0 vontade para me avisar. Tamb\u00e9m aceitamos encomendas.<\/td>\n<\/tr>\n<\/tbody>\n<\/table>\n<h2>Benef\u00edcios da caixa de engrenagens da enfardadeira quadrada FMP-DFK192 para enfardadeira quadrada grande<\/h2>\n<p>A Caixa de Engrenagens para Enfardadeiras Quadradas FMP-DFK192 foi projetada especificamente para uso com enfardadeiras quadradas de grande porte, oferecendo uma s\u00e9rie de benef\u00edcios que aprimoram o desempenho, a durabilidade e a efici\u00eancia em opera\u00e7\u00f5es agr\u00edcolas de grande porte. Abaixo, os principais benef\u00edcios da Caixa de Engrenagens para Enfardadeiras Quadradas FMP-DFK192:<\/p>\n<p><strong>Sa\u00edda de alto torque<\/strong><\/p>\n<ul>\n<li>Benef\u00edcio: A caixa de engrenagens FMP-DFK192 foi projetada para fornecer alto torque de sa\u00edda, essencial para lidar com os exigentes requisitos de pot\u00eancia de uma enfardadeira quadrada de grande porte. Isso \u00e9 fundamental para garantir que grandes volumes de palha, feno ou outros materiais sejam comprimidos e enfardados de forma eficaz, sem sobrecarregar o sistema.<\/li>\n<li>Por que isso \u00e9 importante: Grandes enfardadeiras quadradas exigem torque significativo para operar os mecanismos de compacta\u00e7\u00e3o e amarra\u00e7\u00e3o, e o alto torque fornecido por esta caixa de engrenagens garante desempenho ideal e evita desempenho inferior ou paradas.<\/li>\n<\/ul>\n<p><strong>Maior durabilidade e longevidade<\/strong><\/p>\n<ul>\n<li>Benef\u00edcio: Constru\u00edda com materiais de alta qualidade e componentes robustos, a caixa de engrenagens FMP-DFK192 foi projetada para suportar as tens\u00f5es de opera\u00e7\u00f5es agr\u00edcolas pesadas, garantindo uma longa vida \u00fatil.<\/li>\n<li>Por que \u00e9 importante: Em opera\u00e7\u00f5es de enfardamento em larga escala, o tempo de inatividade \u00e9 dispendioso. A durabilidade da caixa de engrenagens FMP-DFK192 reduz a probabilidade de falhas, resultando em menos reparos, menores custos de manuten\u00e7\u00e3o e maior confiabilidade durante os per\u00edodos de pico da colheita.<\/li>\n<\/ul>\n<p><strong>Transmiss\u00e3o de energia eficiente<\/strong><\/p>\n<ul>\n<li>Benef\u00edcio: A caixa de engrenagens foi projetada para transferir eficientemente a pot\u00eancia da tomada de for\u00e7a do trator para os mecanismos da enfardadeira, otimizando o processo de convers\u00e3o de energia e minimizando perdas.<\/li>\n<li>Por que \u00e9 importante: A transmiss\u00e3o de pot\u00eancia eficiente reduz o consumo de combust\u00edvel, o que \u00e9 importante em opera\u00e7\u00f5es de grande porte, onde os custos com combust\u00edvel podem aumentar rapidamente. Esse recurso ajuda a manter alta efici\u00eancia operacional e reduz os custos operacionais.<\/li>\n<\/ul>\n<p><strong>Controle de velocidade preciso<\/strong><\/p>\n<ul>\n<li>Benef\u00edcio: A caixa de engrenagens FMP-DFK192 oferece controle preciso da velocidade, essencial para regular o desempenho da enfardadeira. Ao gerenciar a velocidade dos mecanismos de compacta\u00e7\u00e3o e amarra\u00e7\u00e3o, ela garante que os fardos sejam formados de forma correta e uniforme.<\/li>\n<li>Por que \u00e9 importante: O controle preciso da velocidade garante a qualidade consistente do fardo, minimiza a perda de produto e melhora a efici\u00eancia geral do processo de enfardamento. Isso \u00e9 especialmente importante em opera\u00e7\u00f5es de grande porte, onde a consist\u00eancia no tamanho e na qualidade do fardo \u00e9 fundamental.<\/li>\n<\/ul>\n<p><img loading=\"lazy\" decoding=\"async\" class=\"alignnone size-full wp-image-2629\" src=\"https:\/\/fmp-components.com\/wp-content\/uploads\/2025\/01\/Square-Baler-Gearbox-321.webp\" alt=\"Enfardadeira quadrada-caixa de engrenagens-32(1)\" width=\"1920\" height=\"1115\" title=\"\" srcset=\"https:\/\/fmp-components.com\/wp-content\/uploads\/2025\/01\/Square-Baler-Gearbox-321.webp 1920w, https:\/\/fmp-components.com\/wp-content\/uploads\/2025\/01\/Square-Baler-Gearbox-321-1280x743.webp 1280w, https:\/\/fmp-components.com\/wp-content\/uploads\/2025\/01\/Square-Baler-Gearbox-321-980x569.webp 980w, https:\/\/fmp-components.com\/wp-content\/uploads\/2025\/01\/Square-Baler-Gearbox-321-480x279.webp 480w\" sizes=\"(min-width: 0px) and (max-width: 480px) 480px, (min-width: 481px) and (max-width: 980px) 980px, (min-width: 981px) and (max-width: 1280px) 1280px, (min-width: 1281px) 1920px, 100vw\" \/><\/p>\n<p><strong>Prote\u00e7\u00e3o contra sobrecarga<\/strong><\/p>\n<ul>\n<li>Benef\u00edcio: A caixa de engrenagens FMP-DFK192 \u00e9 equipada com recursos de prote\u00e7\u00e3o contra sobrecarga, como um limitador de torque ou embreagem deslizante, que evitam que a caixa de engrenagens seja danificada por for\u00e7as excessivas.<\/li>\n<li>Por que \u00e9 importante: A prote\u00e7\u00e3o contra sobrecarga ajuda a proteger a caixa de engrenagens e outros componentes conectados contra os efeitos potencialmente prejudiciais de resist\u00eancia repentina, como quando uma grande massa de material causa um bloqueio. Isso minimiza o tempo de inatividade e os custos de manuten\u00e7\u00e3o.<\/li>\n<\/ul>\n<p>A caixa de engrenagens para enfardadeiras quadradas FMP-DFK192 para grandes enfardadeiras quadradas oferece diversas vantagens que aumentam a efici\u00eancia operacional, reduzem a necessidade de manuten\u00e7\u00e3o e melhoram o desempenho geral de opera\u00e7\u00f5es de enfardamento agr\u00edcola em larga escala. Ao proporcionar alto torque, durabilidade, controle preciso de velocidade e prote\u00e7\u00e3o contra sobrecarga, ela permite que as enfardadeiras lidem com os rigores de tarefas pesadas, garantindo a produ\u00e7\u00e3o de fardos consistentes e de alta qualidade. Seja operando em grandes fazendas comerciais ou prestando servi\u00e7os de enfardamento, a caixa de engrenagens FMP-DFK192 \u00e9 uma solu\u00e7\u00e3o confi\u00e1vel e eficiente para suas necessidades de enfardamento.<img loading=\"lazy\" decoding=\"async\" class=\"alignnone size-full wp-image-2631\" src=\"https:\/\/fmp-components.com\/wp-content\/uploads\/2025\/01\/Square-Baler-Gearbox-EP-DFK192-Benefits1.webp\" alt=\"Enfardadeira Quadrada-Caixa de Engrenagens-EP-DFK192-Benef\u00edcios(1)\" width=\"980\" height=\"340\" title=\"\" srcset=\"https:\/\/fmp-components.com\/wp-content\/uploads\/2025\/01\/Square-Baler-Gearbox-EP-DFK192-Benefits1.webp 980w, https:\/\/fmp-components.com\/wp-content\/uploads\/2025\/01\/Square-Baler-Gearbox-EP-DFK192-Benefits1-480x167.webp 480w\" sizes=\"(min-width: 0px) and (max-width: 480px) 480px, (min-width: 481px) 980px, 100vw\" \/><\/p>\n<article class=\"w-full scroll-mb-[var(--thread-trailing-height,150px)] text-token-text-primary focus-visible:outline-2 focus-visible:outline-offset-[-4px]\" dir=\"auto\" data-testid=\"conversation-turn-42\" data-scroll-anchor=\"false\">\n<div class=\"m-auto text-base py-[18px] px-3 md:px-4 w-full md:px-5 lg:px-4 xl:px-5\">\n<div class=\"mx-auto flex flex-1 gap-4 text-base md:gap-5 lg:gap-6 md:max-w-3xl lg:max-w-[40rem] xl:max-w-[48rem]\">\n<div class=\"group\/conversation-turn relative flex w-full min-w-0 flex-col\">\n<div class=\"flex-col gap-1 md:gap-3\">\n<div class=\"flex max-w-full flex-col flex-grow\">\n<div class=\"min-h-8 text-message flex w-full flex-col items-end gap-2 whitespace-normal break-words text-start [.text-message+&amp;]:mt-5\" dir=\"auto\" data-message-author-role=\"user\" data-message-id=\"aaa2e9e4-5469-438b-aa2c-1351bf6585ed\">\n<div class=\"flex w-full flex-col gap-1 empty:hidden items-end rtl:items-start\">\n<div class=\"relative max-w-[var(--user-chat-width,70%)] rounded-3xl bg-token-message-surface px-5 py-2.5\">\n<h2 class=\"whitespace-pre-wrap\">Escolha a caixa de engrenagens certa para enfardadeira quadrada grande<\/h2>\n<\/div>\n<\/div>\n<\/div>\n<\/div>\n<\/div>\n<\/div>\n<\/div>\n<\/div>\n<\/article>\n<p>Escolher a caixa de engrenagens certa para enfardadeiras quadradas de grande porte \u00e9 fundamental para garantir desempenho, durabilidade e efici\u00eancia ideais em opera\u00e7\u00f5es agr\u00edcolas de grande porte. A caixa de engrenagens \u00e9 um componente essencial que transfere pot\u00eancia da tomada de for\u00e7a do trator para os mecanismos da enfardadeira, como os sistemas de compacta\u00e7\u00e3o e amarra\u00e7\u00e3o. Aqui est\u00e3o alguns fatores a serem considerados ao selecionar a caixa de engrenagens certa:<\/p>\n<p><strong>Requisitos de pot\u00eancia e torque<\/strong><\/p>\n<ul>\n<li>Por que \u00e9 importante: Enfardadeiras quadradas grandes exigem alto torque para comprimir grandes volumes de palha, feno ou outros materiais em fardos uniformes. A caixa de engrenagens deve ser capaz de lidar com as demandas de pot\u00eancia e torque da enfardadeira, garantindo uma opera\u00e7\u00e3o suave e evitando sobrecargas.<\/li>\n<li>Considera\u00e7\u00e3o: Verifique as especifica\u00e7\u00f5es da enfardadeira quanto \u00e0 pot\u00eancia e ao torque necess\u00e1rios na tomada de for\u00e7a. Selecione uma caixa de engrenagens que corresponda ou exceda ligeiramente as demandas de torque e pot\u00eancia do seu modelo de enfardadeira.<\/li>\n<\/ul>\n<p><strong>Rela\u00e7\u00e3o da caixa de engrenagens (convers\u00e3o de velocidade e torque)<\/strong><\/p>\n<ul>\n<li>Por que \u00e9 importante: A rela\u00e7\u00e3o da caixa de c\u00e2mbio determina a convers\u00e3o de velocidade e torque da tomada de for\u00e7a do trator para os sistemas da enfardadeira. A rela\u00e7\u00e3o correta garante que a enfardadeira opere na velocidade correta para um enfardamento eficiente e compacta\u00e7\u00e3o adequada do material.<\/li>\n<li>Considera\u00e7\u00e3o: Escolha uma caixa de engrenagens com a rela\u00e7\u00e3o adequada para a sua enfardadeira. Isso depende de fatores como o tamanho da enfardadeira, o tipo de material a ser enfardado e o tamanho e a densidade desejados do fardo.<\/li>\n<\/ul>\n<p><strong>Durabilidade e Materiais de Constru\u00e7\u00e3o<\/strong><\/p>\n<ul>\n<li>Por que \u00e9 importante: A caixa de engrenagens deve suportar as duras condi\u00e7\u00f5es de trabalho de opera\u00e7\u00f5es de enfardamento em larga escala, incluindo uso intenso e exposi\u00e7\u00e3o a poeira, umidade e outros fatores ambientais. Materiais de constru\u00e7\u00e3o de alta qualidade garantem que a caixa de engrenagens dure mais e exija menos manuten\u00e7\u00e3o.<\/li>\n<li>Considera\u00e7\u00e3o: Opte por uma caixa de engrenagens feita de materiais dur\u00e1veis, como a\u00e7o de alta resist\u00eancia, que \u00e9 resistente ao desgaste. Procure caixas de engrenagens projetadas com rolamentos selados e revestimentos protetores para aumentar a durabilidade.<\/li>\n<\/ul>\n<p><img loading=\"lazy\" decoding=\"async\" class=\"alignnone size-full wp-image-2630\" src=\"https:\/\/fmp-components.com\/wp-content\/uploads\/2025\/01\/Square-Baler-Gearbox-EP-DFK192-Applications1.webp\" alt=\"Enfardadeira-quadrada-caixa-de-redutores-EP-DFK192-Aplica\u00e7\u00f5es(1)\" width=\"1000\" height=\"620\" title=\"\" srcset=\"https:\/\/fmp-components.com\/wp-content\/uploads\/2025\/01\/Square-Baler-Gearbox-EP-DFK192-Applications1.webp 1000w, https:\/\/fmp-components.com\/wp-content\/uploads\/2025\/01\/Square-Baler-Gearbox-EP-DFK192-Applications1-980x608.webp 980w, https:\/\/fmp-components.com\/wp-content\/uploads\/2025\/01\/Square-Baler-Gearbox-EP-DFK192-Applications1-480x298.webp 480w\" sizes=\"(min-width: 0px) and (max-width: 480px) 480px, (min-width: 481px) and (max-width: 980px) 980px, (min-width: 981px) 1000px, 100vw\" \/><\/p>\n<p><strong>Prote\u00e7\u00e3o contra sobrecarga<\/strong><\/p>\n<ul>\n<li>Por que \u00e9 importante: A prote\u00e7\u00e3o contra sobrecarga \u00e9 essencial para evitar danos \u00e0 caixa de engrenagens e outros componentes conectados em caso de bloqueio ou resist\u00eancia excessiva no processo de enfardamento.<\/li>\n<li>Considera\u00e7\u00e3o: Procure caixas de engrenagens com mecanismos de prote\u00e7\u00e3o contra sobrecarga, como limitadores de torque, embreagens deslizantes ou pinos de cisalhamento que desengatam a caixa de engrenagens quando for\u00e7a excessiva \u00e9 detectada, evitando poss\u00edveis danos.<\/li>\n<\/ul>\n<p><strong>Efici\u00eancia e Transmiss\u00e3o de Pot\u00eancia<\/strong><\/p>\n<ul>\n<li>Por que isso \u00e9 importante: A transmiss\u00e3o de energia eficiente reduz as perdas de energia e ajuda a otimizar o consumo de combust\u00edvel, o que \u00e9 importante para minimizar os custos operacionais, especialmente em opera\u00e7\u00f5es de larga escala.<\/li>\n<li>Considera\u00e7\u00e3o: Escolha uma caixa de engrenagens com engrenagens de alta efici\u00eancia que minimizem a perda de pot\u00eancia e garantam a transmiss\u00e3o m\u00e1xima de torque da tomada de for\u00e7a do trator para os componentes da enfardadeira.<\/li>\n<\/ul>\n<p>Ao selecionar uma caixa de engrenagens para enfardadeira quadrada grande, \u00e9 essencial considerar os principais fatores mencionados acima. Com foco nos requisitos de pot\u00eancia e torque, rela\u00e7\u00e3o de transmiss\u00e3o, durabilidade, prote\u00e7\u00e3o contra sobrecarga e facilidade de manuten\u00e7\u00e3o, voc\u00ea pode selecionar a caixa de engrenagens que melhor atende \u00e0s suas necessidades.<\/p>\n<p>Para um desempenho ideal, certifique-se de que a caixa de engrenagens seja adaptada \u00e0s necessidades espec\u00edficas do modelo da sua enfardadeira e forne\u00e7a transmiss\u00e3o de pot\u00eancia eficiente com alto torque. N\u00e3o se esque\u00e7a de verificar a compatibilidade, os requisitos de manuten\u00e7\u00e3o e a reputa\u00e7\u00e3o do fabricante para garantir confiabilidade a longo prazo e tempo de inatividade m\u00ednimo em suas opera\u00e7\u00f5es.<\/p>\n<p><img loading=\"lazy\" decoding=\"async\" class=\"alignnone size-full wp-image-2628\" src=\"https:\/\/fmp-components.com\/wp-content\/uploads\/2025\/01\/Square-Baler-Gearbox-29-11.webp\" alt=\"Enfardadeira-quadrada-caixa-de-engrenagens-29-1(1)\" width=\"1203\" height=\"586\" title=\"\" srcset=\"https:\/\/fmp-components.com\/wp-content\/uploads\/2025\/01\/Square-Baler-Gearbox-29-11.webp 1203w, https:\/\/fmp-components.com\/wp-content\/uploads\/2025\/01\/Square-Baler-Gearbox-29-11-980x477.webp 980w, https:\/\/fmp-components.com\/wp-content\/uploads\/2025\/01\/Square-Baler-Gearbox-29-11-480x234.webp 480w\" sizes=\"(min-width: 0px) and (max-width: 480px) 480px, (min-width: 481px) and (max-width: 980px) 980px, (min-width: 981px) 1203px, 100vw\" \/><\/p>\n<h3>Sobre a FMP<\/h3>\n<p>Com sede na It\u00e1lia, a FMP \u00e9 uma fabricante renomada, reconhecida por sua engenharia, design e produ\u00e7\u00e3o avan\u00e7ados de caixas de engrenagens de alto desempenho, com foco espec\u00edfico na ind\u00fastria de m\u00e1quinas agr\u00edcolas. Reconhecida por sua precis\u00e3o, inova\u00e7\u00e3o e confiabilidade excepcional, a FMP tornou-se uma parceira confi\u00e1vel para atender \u00e0s necessidades em constante evolu\u00e7\u00e3o dos setores agr\u00edcola e industrial. Nosso amplo portf\u00f3lio de produtos inclui caixas de engrenagens especializadas para cortadores de grama, eixos de tomada de for\u00e7a e outros componentes mec\u00e2nicos essenciais \u2014 cada uma meticulosamente elaborada para oferecer solu\u00e7\u00f5es personalizadas para uma ampla gama de aplica\u00e7\u00f5es.<\/p>\n<p>Na FMP, entendemos que cada cliente enfrenta desafios e necessidades \u00fanicas. \u00c9 por isso que nos especializamos em fornecer solu\u00e7\u00f5es personalizadas, seja para componentes individuais ou sistemas totalmente integrados. Trabalhando em estreita colabora\u00e7\u00e3o com nossos clientes, garantimos que cada solu\u00e7\u00e3o n\u00e3o apenas atenda \u00e0s suas necessidades, mas tamb\u00e9m otimize o desempenho e maximize o valor. Nosso compromisso em fornecer respostas r\u00e1pidas e profissionais, al\u00e9m de orienta\u00e7\u00e3o especializada, garante que cada consulta seja tratada com o mais alto n\u00edvel de cuidado e precis\u00e3o, levando a resultados ideais.<\/p>\n<p>Damos grande import\u00e2ncia \u00e0 comunica\u00e7\u00e3o aberta e cont\u00ednua em todas as etapas do processo de desenvolvimento de produtos. Nossa equipe de especialistas colabora diretamente com os clientes para compreender plenamente suas necessidades espec\u00edficas, oferecendo insights valiosos e recomenda\u00e7\u00f5es personalizadas para garantir as solu\u00e7\u00f5es mais eficazes. Seja projetando produtos inovadores ou atendendo a pedidos cont\u00ednuos, a FMP se dedica a entregar solu\u00e7\u00f5es de alta qualidade e engenharia de precis\u00e3o, sempre dentro do prazo. Nossa miss\u00e3o \u00e9 fornecer aos clientes servi\u00e7os e resultados excepcionais, superando consistentemente as expectativas em cada projeto.<\/p>\n<p>No cerne das opera\u00e7\u00f5es da FMP est\u00e1 um compromisso inabal\u00e1vel com a qualidade. Seguimos os mais altos padr\u00f5es de fabrica\u00e7\u00e3o, empregando rigorosas medidas de controle de qualidade para garantir que cada produto n\u00e3o apenas atenda, mas supere os padr\u00f5es da ind\u00fastria. Essa dedica\u00e7\u00e3o \u00e0 qualidade, aliada aos nossos valores fundamentais de integridade, trabalho em equipe e perseveran\u00e7a, nos permitiu construir relacionamentos duradouros e baseados na confian\u00e7a com clientes em quase 30 pa\u00edses ao redor do mundo.<\/p>\n<p>A FMP est\u00e1 sempre aberta a promover parcerias globais e mant\u00e9m o compromisso de fornecer consultoria especializada e solu\u00e7\u00f5es personalizadas, adaptadas \u00e0s diversas necessidades de nossos clientes. Vamos al\u00e9m do simples fornecimento de produtos; nosso objetivo \u00e9 construir relacionamentos duradouros que contribuam para o sucesso de cada projeto. Seja para solu\u00e7\u00f5es inovadoras para uma nova iniciativa ou suporte cont\u00ednuo para um sistema existente, a FMP est\u00e1 aqui para enfrentar seus desafios t\u00e9cnicos e garantir seu sucesso cont\u00ednuo.<\/p>\n<p><img loading=\"lazy\" decoding=\"async\" class=\"alignnone size-full wp-image-1861\" src=\"https:\/\/fmp-components.com\/wp-content\/uploads\/2024\/12\/Other-Agricultural-Gearboxes.webp\" sizes=\"(min-width: 0px) and (max-width: 480px) 480px, (min-width: 481px) and (max-width: 980px) 980px, (min-width: 981px) 1200px, 100vw\" srcset=\"https:\/\/fmp-components.com\/wp-content\/uploads\/2024\/12\/Other-Agricultural-Gearboxes.webp 1200w, https:\/\/fmp-components.com\/wp-content\/uploads\/2024\/12\/Other-Agricultural-Gearboxes-980x1143.webp 980w, https:\/\/fmp-components.com\/wp-content\/uploads\/2024\/12\/Other-Agricultural-Gearboxes-480x560.webp 480w\" alt=\"Altri-cambi-agr\u00edcola\" width=\"1200\" height=\"1400\" title=\"\"><\/p>\n<p>Autor: CX<\/p>","protected":false},"excerpt":{"rendered":"<p>Square Baler Gearbox FMP-DFK192 Dimensions Square Baler Gearbox FMP-DFK192 Technical Data i Suitable Rpm input KW(Nom) Rated torque Maximum Load X-axis type r\/min kw N.m N.m X-Y X-Z X-E Big Square Baler 1000 192 1825 4000 2 types Remark: If you have any special require feel free let me know, we also accept custom. Benefits [&hellip;]<\/p>","protected":false},"featured_media":2632,"comment_status":"open","ping_status":"closed","template":"","meta":{"_et_pb_use_builder":"","_et_pb_old_content":"","_et_gb_content_width":""},"product_brand":[],"product_cat":[62],"product_tag":[],"class_list":{"0":"post-2627","1":"product","2":"type-product","3":"status-publish","4":"has-post-thumbnail","6":"product_cat-square-baler-gearbox","8":"first","9":"instock","10":"shipping-taxable","11":"product-type-simple"},"_links":{"self":[{"href":"https:\/\/fmp-components.com\/pt\/wp-json\/wp\/v2\/product\/2627","targetHints":{"allow":["GET"]}}],"collection":[{"href":"https:\/\/fmp-components.com\/pt\/wp-json\/wp\/v2\/product"}],"about":[{"href":"https:\/\/fmp-components.com\/pt\/wp-json\/wp\/v2\/types\/product"}],"replies":[{"embeddable":true,"href":"https:\/\/fmp-components.com\/pt\/wp-json\/wp\/v2\/comments?post=2627"}],"wp:featuredmedia":[{"embeddable":true,"href":"https:\/\/fmp-components.com\/pt\/wp-json\/wp\/v2\/media\/2632"}],"wp:attachment":[{"href":"https:\/\/fmp-components.com\/pt\/wp-json\/wp\/v2\/media?parent=2627"}],"wp:term":[{"taxonomy":"product_brand","embeddable":true,"href":"https:\/\/fmp-components.com\/pt\/wp-json\/wp\/v2\/product_brand?post=2627"},{"taxonomy":"product_cat","embeddable":true,"href":"https:\/\/fmp-components.com\/pt\/wp-json\/wp\/v2\/product_cat?post=2627"},{"taxonomy":"product_tag","embeddable":true,"href":"https:\/\/fmp-components.com\/pt\/wp-json\/wp\/v2\/product_tag?post=2627"}],"curies":[{"name":"wp","href":"https:\/\/api.w.org\/{rel}","templated":true}]}}