{"id":2622,"date":"2025-01-03T03:07:12","date_gmt":"2025-01-03T03:07:12","guid":{"rendered":"https:\/\/fmp-components.com\/?page_id=8"},"modified":"2025-01-03T03:24:45","modified_gmt":"2025-01-03T03:24:45","slug":"square-baler-gearbox-fmp-fk157-for-straw-chopper","status":"publish","type":"product","link":"https:\/\/fmp-components.com\/pt\/product\/square-baler-gearbox-fmp-fk157-for-straw-chopper\/","title":{"rendered":"Caixa de engrenagens para enfardadeira quadrada FMP-FK157 para picador de palha"},"content":{"rendered":"<h2>Dimens\u00f5es da caixa de engrenagens da enfardadeira quadrada FMP-FK157<\/h2>\n<p><img loading=\"lazy\" decoding=\"async\" class=\"alignnone size-full wp-image-2623\" src=\"https:\/\/fmp-components.com\/wp-content\/uploads\/2025\/01\/Square-Baler-Gearbox-FMP-FK157-Dimensions.webp\" alt=\"Dimens\u00f5es da caixa de engrenagens da enfardadeira quadrada FMP-FK157\" width=\"1186\" height=\"816\" title=\"\" srcset=\"https:\/\/fmp-components.com\/wp-content\/uploads\/2025\/01\/Square-Baler-Gearbox-FMP-FK157-Dimensions.webp 1186w, https:\/\/fmp-components.com\/wp-content\/uploads\/2025\/01\/Square-Baler-Gearbox-FMP-FK157-Dimensions-980x674.webp 980w, https:\/\/fmp-components.com\/wp-content\/uploads\/2025\/01\/Square-Baler-Gearbox-FMP-FK157-Dimensions-480x330.webp 480w\" sizes=\"(min-width: 0px) and (max-width: 480px) 480px, (min-width: 481px) and (max-width: 980px) 980px, (min-width: 981px) 1186px, 100vw\" \/><\/p>\n<h2>Dimens\u00f5es do eixo da caixa de engrenagens da enfardadeira quadrada FMP-FK157<\/h2>\n<p><img loading=\"lazy\" decoding=\"async\" class=\"alignnone size-full wp-image-2624\" src=\"https:\/\/fmp-components.com\/wp-content\/uploads\/2025\/01\/Square-Baler-Gearbox-FMP-FK157-Shaft-Dimensions.webp\" alt=\"Dimens\u00f5es do eixo da caixa de engrenagens da enfardadeira quadrada FMP-FK157\" width=\"1371\" height=\"414\" title=\"\" srcset=\"https:\/\/fmp-components.com\/wp-content\/uploads\/2025\/01\/Square-Baler-Gearbox-FMP-FK157-Shaft-Dimensions.webp 1371w, https:\/\/fmp-components.com\/wp-content\/uploads\/2025\/01\/Square-Baler-Gearbox-FMP-FK157-Shaft-Dimensions-1280x387.webp 1280w, https:\/\/fmp-components.com\/wp-content\/uploads\/2025\/01\/Square-Baler-Gearbox-FMP-FK157-Shaft-Dimensions-980x296.webp 980w, https:\/\/fmp-components.com\/wp-content\/uploads\/2025\/01\/Square-Baler-Gearbox-FMP-FK157-Shaft-Dimensions-480x145.webp 480w\" sizes=\"(min-width: 0px) and (max-width: 480px) 480px, (min-width: 481px) and (max-width: 980px) 980px, (min-width: 981px) and (max-width: 1280px) 1280px, (min-width: 1281px) 1371px, 100vw\" \/><\/p>\n<h2>Dados t\u00e9cnicos da caixa de engrenagens da enfardadeira quadrada FMP-FK157<\/h2>\n<table style=\"width: 100.77%; height: 141px;\" border=\"1\" cellspacing=\"0\" cellpadding=\"0\">\n<tbody>\n<tr>\n<td colspan=\"2\" rowspan=\"2\">eu<\/td>\n<td rowspan=\"2\">Adequado<\/td>\n<td>Entrada de RPM<\/td>\n<td>Sa\u00edda de RPM<\/td>\n<td>KW(Nom)<\/td>\n<td>KW (m\u00e1x.)<\/td>\n<td rowspan=\"2\">Denti\u00e7\u00e3o<\/td>\n<\/tr>\n<tr>\n<td>rpm<\/td>\n<td>rpm<\/td>\n<td>cavalos de pot\u00eancia<\/td>\n<td>cavalos de pot\u00eancia<\/td>\n<\/tr>\n<tr>\n<td>Aumento de velocidade<\/td>\n<td>1:2.46<\/td>\n<td rowspan=\"2\">Cortador de palha, etc.<\/td>\n<td>540<\/td>\n<td>1328.4<\/td>\n<td>180<\/td>\n<td>700<\/td>\n<td rowspan=\"2\">Gleason Helicoidal<br \/>\nDentes<\/td>\n<\/tr>\n<tr>\n<td>Aumento de velocidade<\/td>\n<td>1:2.07<\/td>\n<td>720<\/td>\n<td>1190.4<\/td>\n<td>180<\/td>\n<td>700<\/td>\n<\/tr>\n<tr>\n<td colspan=\"8\">Observa\u00e7\u00e3o: Se voc\u00ea tiver alguma necessidade especial, sinta-se \u00e0 vontade para me avisar. Tamb\u00e9m aceitamos encomendas.<\/td>\n<\/tr>\n<\/tbody>\n<\/table>\n<h3>Componentes da caixa de engrenagens da enfardadeira quadrada FMP-FK157 para picador de palha<\/h3>\n<p>A caixa de engrenagens para enfardadeira de fardos quadrados FMP-FK157 foi projetada para aplica\u00e7\u00f5es como tritura\u00e7\u00e3o e enfardamento de palha, onde durabilidade, efici\u00eancia e precis\u00e3o s\u00e3o essenciais. Abaixo est\u00e3o os principais componentes normalmente encontrados na caixa de engrenagens para enfardadeira de fardos quadrados FMP-FK157, projetada especificamente para funcionar com uma picadora de palha:<\/p>\n<ol>\n<li>Eixo de entrada\n<ul>\n<li>Fun\u00e7\u00e3o: O eixo de entrada conecta a caixa de engrenagens ao trator ou ao sistema de tomada de for\u00e7a (TDF). Ele transmite a pot\u00eancia rotacional do motor do trator para a caixa de engrenagens, permitindo o funcionamento da picadora de palha.<\/li>\n<li>Material: Normalmente fabricado em a\u00e7o de alta resist\u00eancia para maior durabilidade e para suportar o estresse do uso cont\u00ednuo em aplica\u00e7\u00f5es agr\u00edcolas.<\/li>\n<\/ul>\n<\/li>\n<li>Eixo de sa\u00edda\n<ul>\n<li>Fun\u00e7\u00e3o: O eixo de sa\u00edda transfere a pot\u00eancia mec\u00e2nica da caixa de engrenagens para os componentes conectados do picador de palha, como as l\u00e2minas de corte ou os martelos.<\/li>\n<li>Material: S\u00e3o utilizados a\u00e7os ou ligas met\u00e1licas para resistir ao desgaste e \u00e0 tens\u00e3o decorrentes da opera\u00e7\u00e3o pesada de tritura\u00e7\u00e3o de palha.<\/li>\n<\/ul>\n<\/li>\n<li>Conjunto de engrenagens (engrenagens helicoidais ou de dentes retos)\n<ul>\n<li>Fun\u00e7\u00e3o: O conjunto de engrenagens \u00e9 um componente cr\u00edtico que ajusta a velocidade de rota\u00e7\u00e3o e o torque entre os eixos de entrada e sa\u00edda. Ele garante a transfer\u00eancia eficiente de pot\u00eancia para o mecanismo do picador.<\/li>\n<li>Tipo: Dependendo do projeto, a caixa de engrenagens pode utilizar engrenagens helicoidais ou de dentes retos para otimizar o torque e reduzir o ru\u00eddo e a vibra\u00e7\u00e3o durante a opera\u00e7\u00e3o.<\/li>\n<li>Material: A\u00e7o temperado para maior resist\u00eancia e durabilidade.<\/li>\n<\/ul>\n<\/li>\n<li>Rolamentos\n<ul>\n<li>Fun\u00e7\u00e3o: Os rolamentos suportam os eixos, reduzem o atrito e garantem uma rota\u00e7\u00e3o suave. S\u00e3o essenciais para manter a efici\u00eancia e a estabilidade da caixa de engrenagens a longo prazo.<\/li>\n<li>Tipo: Rolamentos de esferas ou de rolos, dependendo do projeto e da aplica\u00e7\u00e3o.<\/li>\n<\/ul>\n<\/li>\n<li>Focas\n<ul>\n<li>Fun\u00e7\u00e3o: As veda\u00e7\u00f5es impedem o vazamento de \u00f3leo ou lubrificante e protegem os componentes internos da caixa de c\u00e2mbio contra sujeira, umidade e outros contaminantes.<\/li>\n<li>Material: Borracha, nitrilo ou outros materiais sint\u00e9ticos s\u00e3o usados \u200b\u200bpara prote\u00e7\u00e3o duradoura contra fatores ambientais.<\/li>\n<\/ul>\n<\/li>\n<\/ol>\n<p>A caixa de engrenagens para enfardadeira quadrada FMP-FK157 foi projetada para aplica\u00e7\u00f5es agr\u00edcolas pesadas, incluindo o corte de palha. A combina\u00e7\u00e3o de materiais dur\u00e1veis, conjuntos de engrenagens precisos, lubrifica\u00e7\u00e3o eficiente e componentes de prote\u00e7\u00e3o garante desempenho ideal e longa vida \u00fatil nas condi\u00e7\u00f5es desafiadoras das opera\u00e7\u00f5es agr\u00edcolas. Cada componente desempenha um papel vital para que a caixa de engrenagens opere de forma confi\u00e1vel e eficiente, facilitando opera\u00e7\u00f5es de corte e enfardamento de palha de maneira suave e eficiente.<\/p>\n<p><img loading=\"lazy\" decoding=\"async\" class=\"alignnone size-full wp-image-2625\" src=\"https:\/\/fmp-components.com\/wp-content\/uploads\/2025\/01\/Square-Baler-Gearbox-391.jpg\" alt=\"Caixa de engrenagens da enfardadeira quadrada-39(1)\" width=\"2152\" height=\"1061\" title=\"\" srcset=\"https:\/\/fmp-components.com\/wp-content\/uploads\/2025\/01\/Square-Baler-Gearbox-391.jpg 2152w, https:\/\/fmp-components.com\/wp-content\/uploads\/2025\/01\/Square-Baler-Gearbox-391-1280x631.jpg 1280w, https:\/\/fmp-components.com\/wp-content\/uploads\/2025\/01\/Square-Baler-Gearbox-391-980x483.jpg 980w, https:\/\/fmp-components.com\/wp-content\/uploads\/2025\/01\/Square-Baler-Gearbox-391-480x237.jpg 480w\" sizes=\"(min-width: 0px) and (max-width: 480px) 480px, (min-width: 481px) and (max-width: 980px) 980px, (min-width: 981px) and (max-width: 1280px) 1280px, (min-width: 1281px) 2152px, 100vw\" \/><\/p>\n<h3>Opera\u00e7\u00e3o passo a passo da caixa de engrenagens da enfardadeira quadrada para picador de palha.<\/h3>\n<p>A caixa de engrenagens da enfardadeira de fardos quadrados para picadora de palha \u00e9 um componente mec\u00e2nico vital que transfere a pot\u00eancia do sistema de tomada de for\u00e7a (TDF) do trator para a picadora de palha de forma eficiente, permitindo que ela execute suas tarefas com efic\u00e1cia. Veja como a caixa de engrenagens funciona no contexto de uma picadora de palha:<\/p>\n<ol>\n<li>Transmiss\u00e3o de pot\u00eancia da tomada de for\u00e7a para o eixo de entrada\n<ul>\n<li>A caixa de engrenagens est\u00e1 conectada ao eixo da tomada de for\u00e7a (TDF) do trator, que transmite a pot\u00eancia rotacional do motor do trator.<\/li>\n<li>Quando o trator \u00e9 acionado, ele gira a tomada de for\u00e7a (TDF), que ent\u00e3o transfere essa for\u00e7a rotacional atrav\u00e9s do eixo de entrada da caixa de engrenagens.<\/li>\n<\/ul>\n<\/li>\n<li>Redu\u00e7\u00e3o ou ajuste de velocidade por meio de conjunto de engrenagens\n<ul>\n<li>Dentro da caixa de engrenagens, um conjunto de engrenagens (helicoidais ou de dentes retos) ajusta a velocidade de rota\u00e7\u00e3o e o torque. As engrenagens reduzem a alta rota\u00e7\u00e3o da tomada de for\u00e7a (TDF), convertendo-a em uma rota\u00e7\u00e3o mais baixa e um torque maior, adequado para as opera\u00e7\u00f5es da picadora de palha.<\/li>\n<li>Essa engrenagem redutora garante que o picador de palha opere na velocidade correta para picar a palha de forma eficaz e aliment\u00e1-la na c\u00e2mara de enfardamento.<\/li>\n<\/ul>\n<\/li>\n<li>Transmiss\u00e3o de pot\u00eancia para o eixo de sa\u00edda\n<ul>\n<li>Ap\u00f3s as engrenagens ajustarem a velocidade e o torque, o eixo de sa\u00edda transfere a pot\u00eancia modificada para o triturador de palha.<\/li>\n<li>O eixo de sa\u00edda conecta-se diretamente ao mecanismo de corte do picador de palha, que inclui l\u00e2minas ou martelos rotativos que cortam ou trituram a palha em peda\u00e7os menores.<\/li>\n<\/ul>\n<\/li>\n<li>Movimento do mecanismo do picador\n<ul>\n<li>Conforme o eixo de sa\u00edda gira, ele aciona as l\u00e2minas ou martelos do picador de palha, que s\u00e3o respons\u00e1veis \u200b\u200bpor picar a palha em peda\u00e7os pequenos e uniformes.<\/li>\n<li>A palha picada \u00e9 ent\u00e3o introduzida na c\u00e2mara de enfardamento ou espalhada, dependendo da utiliza\u00e7\u00e3o pretendida (por exemplo, para cobertura morta ou compostagem).<\/li>\n<\/ul>\n<\/li>\n<li>Lubrifica\u00e7\u00e3o e Refrigera\u00e7\u00e3o\n<ul>\n<li>A caixa de engrenagens depende de um sistema de lubrifica\u00e7\u00e3o (\u00f3leo ou graxa) que circula por todos os componentes internos (engrenagens e rolamentos) para minimizar o atrito, reduzir o desgaste e manter o sistema funcionando sem problemas.<\/li>\n<li>Em alguns projetos, aletas de resfriamento ou outros mecanismos de refrigera\u00e7\u00e3o podem ser usados \u200b\u200bpara dissipar o calor gerado pelo movimento cont\u00ednuo da caixa de engrenagens e do mecanismo de corte.<\/li>\n<\/ul>\n<\/li>\n<\/ol>\n<p>A caixa de engrenagens da enfardadeira de palha desempenha um papel essencial na convers\u00e3o da pot\u00eancia da tomada de for\u00e7a (TDF) do trator na velocidade e torque adequados para o corte e enfardamento eficientes da palha. Isso \u00e9 feito por meio de uma combina\u00e7\u00e3o de eixos de entrada e sa\u00edda, conjuntos de engrenagens e componentes de prote\u00e7\u00e3o, garantindo lubrifica\u00e7\u00e3o e prote\u00e7\u00e3o contra cargas excessivas. Esse processo mec\u00e2nico assegura o funcionamento confi\u00e1vel da enfardadeira de palha, reduzindo o tempo de inatividade e aumentando a produtividade geral nas opera\u00e7\u00f5es agr\u00edcolas.<\/p>\n<p><img loading=\"lazy\" decoding=\"async\" class=\"alignnone size-full wp-image-2615\" src=\"https:\/\/fmp-components.com\/wp-content\/uploads\/2025\/01\/Square-Baler-Gearbox-EP-FK150-Application-Area-1-1024x6861-1.webp\" alt=\"Enfardadeira-quadrada-caixa-de-redutores-EP-FK150-\u00c1rea-de-aplica\u00e7\u00e3o-1-1024x686(1)\" width=\"1024\" height=\"686\" title=\"\" srcset=\"https:\/\/fmp-components.com\/wp-content\/uploads\/2025\/01\/Square-Baler-Gearbox-EP-FK150-Application-Area-1-1024x6861-1.webp 1024w, https:\/\/fmp-components.com\/wp-content\/uploads\/2025\/01\/Square-Baler-Gearbox-EP-FK150-Application-Area-1-1024x6861-1-980x657.webp 980w, https:\/\/fmp-components.com\/wp-content\/uploads\/2025\/01\/Square-Baler-Gearbox-EP-FK150-Application-Area-1-1024x6861-1-480x322.webp 480w\" sizes=\"(min-width: 0px) and (max-width: 480px) 480px, (min-width: 481px) and (max-width: 980px) 980px, (min-width: 981px) 1024px, 100vw\" \/><\/p>\n<h3>Sobre a FMP<\/h3>\n<p>Com sede na It\u00e1lia, a FMP \u00e9 uma fabricante l\u00edder, reconhecida por sua expertise em projeto, desenvolvimento e produ\u00e7\u00e3o de caixas de engrenagens de alto desempenho, com foco especial no setor de m\u00e1quinas agr\u00edcolas. Com reputa\u00e7\u00e3o em engenharia de precis\u00e3o, solu\u00e7\u00f5es inovadoras e confiabilidade inabal\u00e1vel, a FMP tornou-se uma parceira confi\u00e1vel para atender \u00e0s necessidades em constante evolu\u00e7\u00e3o dos setores agr\u00edcola e industrial. Nossa diversificada linha de produtos inclui caixas de engrenagens especializadas para cortadores de grama, eixos de tomada de for\u00e7a e outros componentes essenciais, todos meticulosamente projetados para fornecer solu\u00e7\u00f5es personalizadas em um amplo espectro de aplica\u00e7\u00f5es.<\/p>\n<p>Na FMP, entendemos que cada cliente possui necessidades e desafios \u00fanicos. \u00c9 por isso que nos especializamos em oferecer solu\u00e7\u00f5es personalizadas, seja para componentes individuais ou sistemas totalmente integrados. Trabalhamos em estreita colabora\u00e7\u00e3o com nossos clientes para garantir que cada solu\u00e7\u00e3o seja n\u00e3o apenas eficaz, mas tamb\u00e9m eficiente, otimizando desempenho e valor. Nosso compromisso em fornecer respostas r\u00e1pidas e profissionais, aliado a uma orienta\u00e7\u00e3o especializada, garante que cada consulta seja tratada com o m\u00e1ximo cuidado e precis\u00e3o, levando aos melhores resultados poss\u00edveis.<\/p>\n<p>Priorizamos a comunica\u00e7\u00e3o aberta e cont\u00ednua durante todo o processo de desenvolvimento do produto. Nossa equipe dedicada trabalha diretamente com os clientes para entender completamente suas necessidades espec\u00edficas, oferecendo insights e recomenda\u00e7\u00f5es valiosas para garantir solu\u00e7\u00f5es ideais. Seja projetando produtos inovadores ou atendendo pedidos cont\u00ednuos, a FMP est\u00e1 comprometida em entregar solu\u00e7\u00f5es de alta qualidade e engenharia de precis\u00e3o, sempre no prazo. Nosso objetivo \u00e9 fornecer aos clientes o melhor servi\u00e7o e os melhores resultados, superando as expectativas em cada projeto.<\/p>\n<p>A qualidade \u00e9 a base das opera\u00e7\u00f5es da FMP. Seguimos os mais altos padr\u00f5es de fabrica\u00e7\u00e3o, implementando rigorosas medidas de controle de qualidade para garantir que cada produto n\u00e3o apenas atenda, mas tamb\u00e9m exceda os padr\u00f5es da ind\u00fastria. Esse compromisso inabal\u00e1vel com a qualidade, aliado aos nossos valores fundamentais de integridade, trabalho em equipe e perseveran\u00e7a, nos permitiu construir relacionamentos duradouros e baseados na confian\u00e7a com clientes em quase 30 pa\u00edses ao redor do mundo.<\/p>\n<p>A FMP est\u00e1 sempre aberta a promover parcerias globais e se dedica a oferecer consultoria especializada e solu\u00e7\u00f5es personalizadas que atendam \u00e0s diversas necessidades de nossos clientes. Vamos al\u00e9m do simples fornecimento de produtos; buscamos construir relacionamentos duradouros que contribuam para o sucesso de cada projeto. Seja para solu\u00e7\u00f5es inovadoras para uma nova iniciativa ou suporte cont\u00ednuo para um sistema existente, a FMP est\u00e1 aqui para enfrentar seus desafios t\u00e9cnicos e garantir seu sucesso cont\u00ednuo.<\/p>\n<p><img loading=\"lazy\" decoding=\"async\" class=\"alignnone size-full wp-image-1861\" src=\"https:\/\/fmp-components.com\/wp-content\/uploads\/2024\/12\/Other-Agricultural-Gearboxes.webp\" sizes=\"(min-width: 0px) and (max-width: 480px) 480px, (min-width: 481px) and (max-width: 980px) 980px, (min-width: 981px) 1200px, 100vw\" srcset=\"https:\/\/fmp-components.com\/wp-content\/uploads\/2024\/12\/Other-Agricultural-Gearboxes.webp 1200w, https:\/\/fmp-components.com\/wp-content\/uploads\/2024\/12\/Other-Agricultural-Gearboxes-980x1143.webp 980w, https:\/\/fmp-components.com\/wp-content\/uploads\/2024\/12\/Other-Agricultural-Gearboxes-480x560.webp 480w\" alt=\"Altri-cambi-agr\u00edcola\" width=\"1200\" height=\"1400\" title=\"\"><\/p>\n<p>Autor: CX<\/p>","protected":false},"excerpt":{"rendered":"<p>Square Baler Gearbox FMP-FK157 Dimensions Square Baler Gearbox FMP-FK157 Shaft Dimensions Square Baler Gearbox FMP-FK157 Technical Data i Suitable Rpm input Rpm output KW(Nom) KW(Max) Toothing r\/min r\/min hp hp Speed increase 1:2.46 Straw chopper, etc 540 1328.4 180 700 Gleason Helical Teeth Speed increase 1:2.07 720 1190.4 180 700 Remark: If you have any [&hellip;]<\/p>","protected":false},"featured_media":2626,"comment_status":"open","ping_status":"closed","template":"","meta":{"_et_pb_use_builder":"","_et_pb_old_content":"","_et_gb_content_width":""},"product_brand":[],"product_cat":[62],"product_tag":[],"class_list":{"0":"post-2622","1":"product","2":"type-product","3":"status-publish","4":"has-post-thumbnail","6":"product_cat-square-baler-gearbox","8":"first","9":"instock","10":"shipping-taxable","11":"product-type-simple"},"_links":{"self":[{"href":"https:\/\/fmp-components.com\/pt\/wp-json\/wp\/v2\/product\/2622","targetHints":{"allow":["GET"]}}],"collection":[{"href":"https:\/\/fmp-components.com\/pt\/wp-json\/wp\/v2\/product"}],"about":[{"href":"https:\/\/fmp-components.com\/pt\/wp-json\/wp\/v2\/types\/product"}],"replies":[{"embeddable":true,"href":"https:\/\/fmp-components.com\/pt\/wp-json\/wp\/v2\/comments?post=2622"}],"wp:featuredmedia":[{"embeddable":true,"href":"https:\/\/fmp-components.com\/pt\/wp-json\/wp\/v2\/media\/2626"}],"wp:attachment":[{"href":"https:\/\/fmp-components.com\/pt\/wp-json\/wp\/v2\/media?parent=2622"}],"wp:term":[{"taxonomy":"product_brand","embeddable":true,"href":"https:\/\/fmp-components.com\/pt\/wp-json\/wp\/v2\/product_brand?post=2622"},{"taxonomy":"product_cat","embeddable":true,"href":"https:\/\/fmp-components.com\/pt\/wp-json\/wp\/v2\/product_cat?post=2622"},{"taxonomy":"product_tag","embeddable":true,"href":"https:\/\/fmp-components.com\/pt\/wp-json\/wp\/v2\/product_tag?post=2622"}],"curies":[{"name":"wp","href":"https:\/\/api.w.org\/{rel}","templated":true}]}}