{"id":2590,"date":"2025-01-03T01:47:42","date_gmt":"2025-01-03T01:47:42","guid":{"rendered":"https:\/\/fmp-components.com\/?page_id=8"},"modified":"2025-01-03T01:50:37","modified_gmt":"2025-01-03T01:50:37","slug":"square-baler-gearbox-fmp-fk263","status":"publish","type":"product","link":"https:\/\/fmp-components.com\/pt\/product\/square-baler-gearbox-fmp-fk263\/","title":{"rendered":"Caixa de engrenagens para enfardadeira quadrada FMP-FK263"},"content":{"rendered":"<p><img loading=\"lazy\" decoding=\"async\" class=\"size-full wp-image-2595 aligncenter\" src=\"https:\/\/fmp-components.com\/wp-content\/uploads\/2025\/01\/Square-Baler-Gearbox-EP-FK2631.webp\" alt=\"Enfardadeira quadrada-caixa de engrenagens-EP-FK263\" width=\"600\" height=\"600\" title=\"\" srcset=\"https:\/\/fmp-components.com\/wp-content\/uploads\/2025\/01\/Square-Baler-Gearbox-EP-FK2631.webp 600w, https:\/\/fmp-components.com\/wp-content\/uploads\/2025\/01\/Square-Baler-Gearbox-EP-FK2631-480x480.webp 480w\" sizes=\"(min-width: 0px) and (max-width: 480px) 480px, (min-width: 481px) 600px, 100vw\" \/><\/p>\n<h2>Dimens\u00f5es da caixa de engrenagens da enfardadeira quadrada FMP-FK263<\/h2>\n<p><img loading=\"lazy\" decoding=\"async\" class=\"alignnone size-full wp-image-2591\" src=\"https:\/\/fmp-components.com\/wp-content\/uploads\/2025\/01\/Square-Baler-Gearbox-EP-FK263-Dimensions.webp\" alt=\"Dimens\u00f5es da caixa de engrenagens da enfardadeira quadrada FMP-FK263\" width=\"1456\" height=\"890\" title=\"\" srcset=\"https:\/\/fmp-components.com\/wp-content\/uploads\/2025\/01\/Square-Baler-Gearbox-EP-FK263-Dimensions.webp 1456w, https:\/\/fmp-components.com\/wp-content\/uploads\/2025\/01\/Square-Baler-Gearbox-EP-FK263-Dimensions-1280x782.webp 1280w, https:\/\/fmp-components.com\/wp-content\/uploads\/2025\/01\/Square-Baler-Gearbox-EP-FK263-Dimensions-980x599.webp 980w, https:\/\/fmp-components.com\/wp-content\/uploads\/2025\/01\/Square-Baler-Gearbox-EP-FK263-Dimensions-480x293.webp 480w\" sizes=\"(min-width: 0px) and (max-width: 480px) 480px, (min-width: 481px) and (max-width: 980px) 980px, (min-width: 981px) and (max-width: 1280px) 1280px, (min-width: 1281px) 1456px, 100vw\" \/> <img loading=\"lazy\" decoding=\"async\" class=\"alignnone size-full wp-image-2592\" src=\"https:\/\/fmp-components.com\/wp-content\/uploads\/2025\/01\/Square-Baler-Gearbox-EP-FK263-Shaft-Dimensions.webp\" alt=\"Dimens\u00f5es do eixo da caixa de engrenagens da enfardadeira quadrada FMP-FK263\" width=\"1370\" height=\"414\" title=\"\" srcset=\"https:\/\/fmp-components.com\/wp-content\/uploads\/2025\/01\/Square-Baler-Gearbox-EP-FK263-Shaft-Dimensions.webp 1370w, https:\/\/fmp-components.com\/wp-content\/uploads\/2025\/01\/Square-Baler-Gearbox-EP-FK263-Shaft-Dimensions-1280x387.webp 1280w, https:\/\/fmp-components.com\/wp-content\/uploads\/2025\/01\/Square-Baler-Gearbox-EP-FK263-Shaft-Dimensions-980x296.webp 980w, https:\/\/fmp-components.com\/wp-content\/uploads\/2025\/01\/Square-Baler-Gearbox-EP-FK263-Shaft-Dimensions-480x145.webp 480w\" sizes=\"(min-width: 0px) and (max-width: 480px) 480px, (min-width: 481px) and (max-width: 980px) 980px, (min-width: 981px) and (max-width: 1280px) 1280px, (min-width: 1281px) 1370px, 100vw\" \/><\/p>\n<h2>Dados t\u00e9cnicos da caixa de engrenagens da enfardadeira quadrada FMP-FK263<\/h2>\n<table style=\"width: 100.066%; height: 144px;\" border=\"1\" cellspacing=\"0\" cellpadding=\"0\">\n<tbody>\n<tr>\n<td colspan=\"2\" rowspan=\"2\">eu<\/td>\n<td rowspan=\"2\">Adequado<\/td>\n<td>Entrada de RPM<\/td>\n<td>Sa\u00edda de RPM<\/td>\n<td>KW(Nom)<\/td>\n<td>KW (m\u00e1x.)<\/td>\n<td rowspan=\"2\">Denti\u00e7\u00e3o<\/td>\n<\/tr>\n<tr>\n<td>rpm<\/td>\n<td>rpm<\/td>\n<td>cavalos de pot\u00eancia<\/td>\n<td>cavalos de pot\u00eancia<\/td>\n<\/tr>\n<tr>\n<td>Aumento de velocidade<\/td>\n<td>1:2.69<\/td>\n<td>Enfardadeira quadrada, etc.<\/td>\n<td>760<\/td>\n<td>2045<\/td>\n<td>180<\/td>\n<td>250<\/td>\n<td>Gleason Straight<br \/>\nDentes<\/td>\n<\/tr>\n<tr>\n<td colspan=\"8\">Observa\u00e7\u00e3o: Se voc\u00ea tiver alguma necessidade especial, sinta-se \u00e0 vontade para me avisar. Tamb\u00e9m aceitamos encomendas.<\/td>\n<\/tr>\n<\/tbody>\n<\/table>\n<h2>Como funciona a caixa de engrenagens da enfardadeira de fardos quadrados FMP-FK263?<\/h2>\n<p>A caixa de engrenagens FMP-FK263 para enfardadeiras de fardos quadrados desempenha um papel crucial na opera\u00e7\u00e3o eficiente da m\u00e1quina, transferindo a pot\u00eancia do eixo da tomada de for\u00e7a (TDF) do trator para os diversos sistemas mec\u00e2nicos da enfardadeira. Isso permite que ela execute as fun\u00e7\u00f5es necess\u00e1rias de coleta, compress\u00e3o e amarra\u00e7\u00e3o do material em fardos. A seguir, uma vis\u00e3o geral de como a caixa de engrenagens FMP-FK263 funciona no processo de enfardamento:<\/p>\n<p><strong>Transmiss\u00e3o de pot\u00eancia da tomada de for\u00e7a<\/strong><\/p>\n<ul>\n<li>O <strong>Caixa de c\u00e2mbio FMP-FK263<\/strong> \u00c9 acionada pelo eixo da tomada de for\u00e7a (TDF) de um trator. O eixo da TDF transmite a pot\u00eancia rotacional do motor do trator para a caixa de engrenagens, que normalmente est\u00e1 localizada na enfardadeira.<\/li>\n<li>O <strong>eixo de entrada<\/strong> A caixa de engrenagens recebe essa energia, iniciando o movimento atrav\u00e9s dela.<\/li>\n<\/ul>\n<p><strong>Mecanismo interno da caixa de c\u00e2mbio<\/strong><\/p>\n<ul>\n<li>A caixa de engrenagens cont\u00e9m uma s\u00e9rie de engrenagens, incluindo engrenagens cil\u00edndricas de dentes retos, engrenagens c\u00f4nicas e engrenagens planet\u00e1rias (dependendo do projeto), que transmitem o movimento rotacional do eixo de entrada para o eixo de sa\u00edda.<\/li>\n<li><strong>Engrenagens c\u00f4nicas<\/strong> Podem ser usadas para alterar a dire\u00e7\u00e3o do fluxo de pot\u00eancia, enquanto as engrenagens cil\u00edndricas de dentes retos lidam com a transfer\u00eancia direta do torque. Essas engrenagens s\u00e3o projetadas para suportar altas cargas de torque e garantir uma transmiss\u00e3o de pot\u00eancia suave e confi\u00e1vel.<\/li>\n<li>No <strong>FMP-FK263<\/strong>O arranjo das engrenagens \u00e9 especificamente projetado para manter a velocidade e o torque ideais, garantindo que a enfardadeira opere no n\u00edvel de desempenho correto para compactar materiais como feno, palha ou res\u00edduos de colheita.<\/li>\n<\/ul>\n<p>Ajuste de velocidade e torque<\/p>\n<ul>\n<li>A caixa de engrenagens ajusta a velocidade de rota\u00e7\u00e3o e o torque da tomada de for\u00e7a (TDF) para atender \u00e0s demandas espec\u00edficas do processo de enfardamento.<\/li>\n<li>Por exemplo, o mecanismo de redu\u00e7\u00e3o de velocidade na caixa de engrenagens pode garantir que os rolos da enfardadeira e outros componentes girem na velocidade adequada para uma compacta\u00e7\u00e3o eficiente do material e forma\u00e7\u00e3o de fardos.<\/li>\n<li>Em alguns casos, a caixa de engrenagens pode apresentar um sistema de redu\u00e7\u00e3o de engrenagens que diminui a alta velocidade da tomada de for\u00e7a (TDF) para uma velocidade mais lenta e controlada para os mecanismos da enfardadeira.<\/li>\n<\/ul>\n<p>Transfer\u00eancia de energia para componentes operacionais<\/p>\n<ul>\n<li>O <strong>eixo de sa\u00edda<\/strong> A caixa de engrenagens transfere a pot\u00eancia processada para os sistemas operacionais da enfardadeira de fardos quadrados, tais como:\n<ul>\n<li><strong>Mecanismo de capta\u00e7\u00e3o<\/strong>Para recolher material vegetal do campo.<\/li>\n<li><strong>Sistema de alimenta\u00e7\u00e3o<\/strong>Para alimentar a c\u00e2mara de compress\u00e3o com o material coletado.<\/li>\n<li><strong>Rolos de compress\u00e3o<\/strong>Compactar o material at\u00e9 obter o tamanho de fardo desejado.<\/li>\n<li><strong>Sistema de n\u00f3s<\/strong>Amarrar os fardos depois de estarem formados.<\/li>\n<\/ul>\n<\/li>\n<li>Dependendo do projeto da enfardadeira, a caixa de engrenagens tamb\u00e9m pode alimentar recursos adicionais, como sistemas hidr\u00e1ulicos ou o sistema de esteira da enfardadeira.<\/li>\n<\/ul>\n<h3>Principais caracter\u00edsticas da caixa de engrenagens da enfardadeira de fardos quadrados FMP-FK263:<\/h3>\n<ul>\n<li><strong>Alta capacidade de torque<\/strong>A caixa de engrenagens foi projetada para suportar as elevadas exig\u00eancias de torque das enfardadeiras de fardos quadrados.<\/li>\n<li><strong>Transfer\u00eancia de energia eficiente<\/strong>Garante a transmiss\u00e3o suave e eficaz de energia da tomada de for\u00e7a (TDF) para os mecanismos de enfardamento.<\/li>\n<li><strong>Durabilidade<\/strong>Constru\u00eddo com materiais robustos para suportar as cargas pesadas e as condi\u00e7\u00f5es rigorosas t\u00edpicas das opera\u00e7\u00f5es agr\u00edcolas.<\/li>\n<li><strong>Op\u00e7\u00f5es de personaliza\u00e7\u00e3o<\/strong>Pode ser adaptado a diferentes m\u00e1quinas de enfardamento com requisitos de pot\u00eancia e recursos variados.<\/li>\n<li><strong>Lubrifica\u00e7\u00e3o e Refrigera\u00e7\u00e3o<\/strong>Sistemas integrados para manter a efici\u00eancia operacional e evitar o sobreaquecimento.<\/li>\n<\/ul>\n<p>A caixa de engrenagens para enfardadeira quadrada FMP-FK263 converte a pot\u00eancia rotacional de alta velocidade da tomada de for\u00e7a (TDF) do trator em pot\u00eancia controlada e utiliz\u00e1vel, que aciona os diversos componentes da enfardadeira. Ela garante que o processo de enfardamento \u2014 seja para feno, palha ou outros materiais \u2014 seja eficiente, suave e confi\u00e1vel, produzindo fardos de alta qualidade em tempo h\u00e1bil. O projeto da caixa de engrenagens prioriza durabilidade, efici\u00eancia e distribui\u00e7\u00e3o ideal de pot\u00eancia, tornando-a um componente essencial para m\u00e1quinas de enfardamento de alto desempenho.<\/p>\n<p><img loading=\"lazy\" decoding=\"async\" class=\"alignnone size-full wp-image-2596\" src=\"https:\/\/fmp-components.com\/wp-content\/uploads\/2025\/01\/FMP-FK215-Square-Baler-Gearbox-Applications-2.webp\" alt=\"FMP-FK215-Aplica\u00e7\u00f5es da Caixa de Engrenagens da Enfardadeira Quadrada\" width=\"980\" height=\"483\" title=\"\" srcset=\"https:\/\/fmp-components.com\/wp-content\/uploads\/2025\/01\/FMP-FK215-Square-Baler-Gearbox-Applications-2.webp 980w, https:\/\/fmp-components.com\/wp-content\/uploads\/2025\/01\/FMP-FK215-Square-Baler-Gearbox-Applications-2-480x237.webp 480w\" sizes=\"(min-width: 0px) and (max-width: 480px) 480px, (min-width: 481px) 980px, 100vw\" \/><\/p>\n<article class=\"w-full scroll-mb-[var(--thread-trailing-height,150px)] text-token-text-primary focus-visible:outline-2 focus-visible:outline-offset-[-4px]\" dir=\"auto\" data-testid=\"conversation-turn-12\" data-scroll-anchor=\"false\">\n<div class=\"m-auto text-base py-[18px] px-3 md:px-4 w-full md:px-5 lg:px-4 xl:px-5\">\n<div class=\"mx-auto flex flex-1 gap-4 text-base md:gap-5 lg:gap-6 md:max-w-3xl lg:max-w-[40rem] xl:max-w-[48rem]\">\n<div class=\"group\/conversation-turn relative flex w-full min-w-0 flex-col\">\n<div class=\"flex-col gap-1 md:gap-3\">\n<div class=\"flex max-w-full flex-col flex-grow\">\n<div class=\"min-h-8 text-message flex w-full flex-col items-end gap-2 whitespace-normal break-words text-start [.text-message+&amp;]:mt-5\" dir=\"auto\" data-message-author-role=\"user\" data-message-id=\"aaa2e9bf-cefc-4209-a50b-03bfd714e422\">\n<div class=\"flex w-full flex-col gap-1 empty:hidden items-end rtl:items-start\">\n<div class=\"relative max-w-[var(--user-chat-width,70%)] rounded-3xl bg-token-message-surface px-5 py-2.5\">\n<h2 class=\"whitespace-pre-wrap\">Caixa de engrenagens para enfardadeira de fardos quadrados FMP-FK263 para uso agr\u00edcola.<\/h2>\n<p>A caixa de engrenagens FMP-FK263 para enfardadeiras de fardos quadrados \u00e9 um componente essencial para m\u00e1quinas agr\u00edcolas de enfardamento, projetada especificamente para fornecer transmiss\u00e3o de pot\u00eancia confi\u00e1vel e de alto desempenho para enfardadeiras de fardos quadrados. Esta caixa de engrenagens foi constru\u00edda para atender \u00e0s exig\u00eancias da agricultura moderna, garantindo que o processo de enfardamento seja eficiente, consistente e dur\u00e1vel. Abaixo est\u00e3o os principais detalhes e benef\u00edcios da caixa de engrenagens FMP-FK263 para aplica\u00e7\u00f5es agr\u00edcolas:<\/p>\n<h3>Principais caracter\u00edsticas da caixa de engrenagens da enfardadeira de fardos quadrados FMP-FK263:<\/h3>\n<ol>\n<li><strong>Alta capacidade de torque<\/strong>\n<ul>\n<li>O <strong>FMP-FK263<\/strong> A caixa de engrenagens foi projetada para suportar as altas demandas de torque t\u00edpicas das opera\u00e7\u00f5es de enfardamento agr\u00edcola. Essa capacidade garante que a enfardadeira possa compactar e unir com efic\u00e1cia uma ampla gama de materiais, incluindo feno, palha, res\u00edduos de colheita e outros materiais forrageiros, em fardos bem formados.<\/li>\n<\/ul>\n<\/li>\n<li><strong>Transmiss\u00e3o de energia eficiente<\/strong>\n<ul>\n<li>Projetado para transmitir energia da tomada de for\u00e7a (TDF) do trator para os diversos sistemas mec\u00e2nicos da enfardadeira, o <strong>FMP-FK263<\/strong> Garante um fluxo de energia suave e eficiente. A caixa de engrenagens assegura que o mecanismo de recolhimento da enfardadeira, o sistema de alimenta\u00e7\u00e3o, a c\u00e2mara de compress\u00e3o e o sistema de amarra\u00e7\u00e3o sejam alimentados de forma eficaz para um desempenho ideal.<\/li>\n<\/ul>\n<\/li>\n<li><strong>Durabilidade e Longevidade<\/strong>\n<ul>\n<li>A caixa de engrenagens \u00e9 fabricada com materiais dur\u00e1veis \u200b\u200be de alta resist\u00eancia, garantindo que suporte as condi\u00e7\u00f5es adversas dos ambientes agr\u00edcolas. Ela foi projetada para suportar alto torque, uso frequente e exposi\u00e7\u00e3o \u00e0 poeira, umidade e outros desafios encontrados no campo.<\/li>\n<li>Sua constru\u00e7\u00e3o robusta garante desempenho duradouro, reduzindo a frequ\u00eancia de reparos e os custos de manuten\u00e7\u00e3o.<\/li>\n<\/ul>\n<\/li>\n<li><strong>Projeto de Engrenagens Preciso<\/strong>\n<ul>\n<li>O <strong>FMP-FK263<\/strong> A caixa de engrenagens apresenta engrenagens projetadas com precis\u00e3o, como <strong>engrenagens retas<\/strong>, <strong>engrenagens c\u00f4nicas<\/strong>e possivelmente <strong>engrenagens planet\u00e1rias<\/strong>Projetada para suportar as altas cargas e velocidades exigidas pelas enfardadeiras agr\u00edcolas, sua estrutura cuidadosamente projetada garante uma opera\u00e7\u00e3o suave com o m\u00ednimo de ru\u00eddo e vibra\u00e7\u00e3o, contribuindo para um ambiente de trabalho mais eficiente e confort\u00e1vel.<\/li>\n<\/ul>\n<\/li>\n<li><strong>Op\u00e7\u00f5es personaliz\u00e1veis<\/strong>\n<ul>\n<li>O <strong>FMP-FK263<\/strong> A caixa de engrenagens pode ser personalizada para diferentes modelos de enfardadeiras e necessidades agr\u00edcolas espec\u00edficas. Seja para enfardar feno, palha ou outros materiais forrageiros, a caixa de engrenagens pode ser adaptada a diversas configura\u00e7\u00f5es, ajudando a otimizar o desempenho da enfardadeira de acordo com o tipo de material e as condi\u00e7\u00f5es do campo.<\/li>\n<\/ul>\n<\/li>\n<\/ol>\n<p>A caixa de engrenagens FMP-FK263 para enfardadeiras de fardos quadrados \u00e9 um componente essencial dos equipamentos agr\u00edcolas de enfardamento, oferecendo uma solu\u00e7\u00e3o robusta e de alto desempenho para esse fim. Sua capacidade de lidar com alto torque, transmitir pot\u00eancia com efici\u00eancia e suportar as condi\u00e7\u00f5es adversas do ambiente agr\u00edcola a torna uma escolha confi\u00e1vel para agricultores em todo o mundo. Seja para feno, palha, silagem ou res\u00edduos de colheita, a caixa de engrenagens FMP-FK263 garante que o processo de enfardamento seja conclu\u00eddo com efici\u00eancia, com resultados de alta qualidade e tempo de inatividade m\u00ednimo.<\/p>\n<table style=\"border-collapse: collapse; width: 101.391%; height: 36px;\" border=\"0\" width=\"128\" cellspacing=\"0\" cellpadding=\"0\">\n<tbody>\n<tr style=\"height: 13.8pt;\">\n<td style=\"height: 13.8pt; width: 48pt;\" align=\"right\" width=\"64\" height=\"18\"><img loading=\"lazy\" decoding=\"async\" class=\"alignnone size-full wp-image-2593\" src=\"https:\/\/fmp-components.com\/wp-content\/uploads\/2025\/01\/Square-Baler-Gearbox-EP-FK263-Agricultural-Applications-21.webp\" alt=\"Caixa de Engrenagens para Enfardadeira Quadrada EP-FK263 - Aplica\u00e7\u00f5es Agr\u00edcolas\" width=\"980\" height=\"569\" title=\"\" srcset=\"https:\/\/fmp-components.com\/wp-content\/uploads\/2025\/01\/Square-Baler-Gearbox-EP-FK263-Agricultural-Applications-21.webp 980w, https:\/\/fmp-components.com\/wp-content\/uploads\/2025\/01\/Square-Baler-Gearbox-EP-FK263-Agricultural-Applications-21-480x279.webp 480w\" sizes=\"(min-width: 0px) and (max-width: 480px) 480px, (min-width: 481px) 980px, 100vw\" \/><\/td>\n<td style=\"width: 48pt;\" align=\"right\" width=\"64\"><img loading=\"lazy\" decoding=\"async\" class=\"alignnone size-full wp-image-2594\" src=\"https:\/\/fmp-components.com\/wp-content\/uploads\/2025\/01\/Square-Baler-Gearbox-EP-FK263-Agricultural-Applications-11.webp\" alt=\"Caixa de Engrenagens para Enfardadeira Quadrada EP-FK263 - Aplica\u00e7\u00f5es Agr\u00edcolas\" width=\"980\" height=\"569\" title=\"\" srcset=\"https:\/\/fmp-components.com\/wp-content\/uploads\/2025\/01\/Square-Baler-Gearbox-EP-FK263-Agricultural-Applications-11.webp 980w, https:\/\/fmp-components.com\/wp-content\/uploads\/2025\/01\/Square-Baler-Gearbox-EP-FK263-Agricultural-Applications-11-480x279.webp 480w\" sizes=\"(min-width: 0px) and (max-width: 480px) 480px, (min-width: 481px) 980px, 100vw\" \/><\/td>\n<\/tr>\n<\/tbody>\n<\/table>\n<div class=\"absolute bottom-0 right-full top-0 -mr-3.5 hidden pr-5 pt-1 [.group\\\/conversation-turn:hover_&amp;]:block\">\n<h2>Sobre a FMP<\/h2>\n<p>Com sede na It\u00e1lia, a FMP \u00e9 uma fabricante l\u00edder reconhecida por sua expertise no projeto, desenvolvimento e produ\u00e7\u00e3o de caixas de engrenagens de alto desempenho, com forte foco no setor de m\u00e1quinas agr\u00edcolas. Com reputa\u00e7\u00e3o de engenharia de precis\u00e3o, solu\u00e7\u00f5es inovadoras e confiabilidade inabal\u00e1vel, a FMP conquistou a confian\u00e7a dos setores agr\u00edcola e industrial. Nosso extenso portf\u00f3lio de produtos inclui caixas de engrenagens especializadas para cortadores de grama, eixos de tomada de for\u00e7a (TDF) e outros componentes cr\u00edticos, todos cuidadosamente projetados para oferecer solu\u00e7\u00f5es personalizadas para uma ampla gama de aplica\u00e7\u00f5es.<\/p>\n<p>Na FMP, reconhecemos que cada cliente tem requisitos e desafios \u00fanicos. \u00c9 por isso que nos especializamos em fornecer solu\u00e7\u00f5es personalizadas, seja para componentes individuais ou sistemas totalmente integrados. Colaboramos de perto com nossos clientes para garantir que cada solu\u00e7\u00e3o seja n\u00e3o apenas eficaz, mas tamb\u00e9m eficiente, maximizando o desempenho e o valor. Nosso compromisso em fornecer respostas r\u00e1pidas e profissionais, aliado \u00e0 orienta\u00e7\u00e3o especializada, garante que cada solicita\u00e7\u00e3o seja tratada com precis\u00e3o e cuidado, resultando nos melhores resultados poss\u00edveis.<\/p>\n<p>Damos grande \u00eanfase \u00e0 comunica\u00e7\u00e3o aberta e cont\u00ednua durante todo o processo de desenvolvimento de produtos. Nossa equipe dedicada trabalha diretamente com os clientes para compreender profundamente suas necessidades espec\u00edficas, fornecendo insights valiosos e recomenda\u00e7\u00f5es para garantir a solu\u00e7\u00e3o ideal. Seja projetando novos produtos ou atendendo a pedidos em andamento, a FMP est\u00e1 comprometida em entregar solu\u00e7\u00f5es de alta qualidade e engenharia de precis\u00e3o, sempre dentro do prazo. Nosso objetivo \u00e9 superar expectativas, oferecendo servi\u00e7os e resultados excepcionais em cada projeto.<\/p>\n<p>A qualidade \u00e9 a pedra angular das opera\u00e7\u00f5es da FMP. Aderimos aos mais altos padr\u00f5es de fabrica\u00e7\u00e3o e implementamos rigorosas medidas de controle de qualidade para garantir que cada produto atenda ou supere os padr\u00f5es da ind\u00fastria. Esse compromisso inabal\u00e1vel com a qualidade, aliado aos nossos valores fundamentais de integridade, trabalho em equipe e perseveran\u00e7a, nos permitiu construir relacionamentos duradouros e baseados na confian\u00e7a com clientes em quase 30 pa\u00edses em todo o mundo.<\/p>\n<p>A FMP est\u00e1 sempre aberta a fomentar parcerias globais e mant\u00e9m o compromisso de oferecer consultoria especializada e solu\u00e7\u00f5es personalizadas que atendam \u00e0s diversas necessidades de nossos clientes. Vamos al\u00e9m do simples fornecimento de produtos; buscamos construir relacionamentos duradouros que contribuam para o sucesso de cada projeto. Seja para solu\u00e7\u00f5es inovadoras em uma nova iniciativa ou para suporte cont\u00ednuo a um sistema existente, a FMP est\u00e1 aqui para solucionar seus desafios t\u00e9cnicos e garantir seu sucesso cont\u00ednuo.<\/p>\n<p><img loading=\"lazy\" decoding=\"async\" class=\"alignnone size-full wp-image-1861\" src=\"https:\/\/fmp-components.com\/wp-content\/uploads\/2024\/12\/Other-Agricultural-Gearboxes.webp\" sizes=\"(min-width: 0px) and (max-width: 480px) 480px, (min-width: 481px) and (max-width: 980px) 980px, (min-width: 981px) 1200px, 100vw\" srcset=\"https:\/\/fmp-components.com\/wp-content\/uploads\/2024\/12\/Other-Agricultural-Gearboxes.webp 1200w, https:\/\/fmp-components.com\/wp-content\/uploads\/2024\/12\/Other-Agricultural-Gearboxes-980x1143.webp 980w, https:\/\/fmp-components.com\/wp-content\/uploads\/2024\/12\/Other-Agricultural-Gearboxes-480x560.webp 480w\" alt=\"Altri-cambi-agr\u00edcola\" width=\"1200\" height=\"1400\" title=\"\"><\/p>\n<p>Autor: CX<\/p>\n<\/div>\n<\/div>\n<\/div>\n<\/div>\n<\/div>\n<\/div>\n<\/div>\n<\/div>\n<\/div>\n<\/article>\n<article class=\"w-full scroll-mb-[var(--thread-trailing-height,150px)] text-token-text-primary focus-visible:outline-2 focus-visible:outline-offset-[-4px]\" dir=\"auto\" data-testid=\"conversation-turn-13\" data-scroll-anchor=\"true\">\n<h6 class=\"sr-only\"><\/h6>\n<\/article>","protected":false},"excerpt":{"rendered":"<p>Square Baler Gearbox FMP-FK263 Dimensions Square Baler Gearbox FMP-FK263 Technical Data i Suitable Rpm input Rpm output KW(Nom) KW(Max) Toothing r\/min r\/min hp hp Speed increase 1:2.69 Square Baler, etc 760 2045 180 250 Gleason Straight Teeth Remark: If you have any special require feel free let me know, we also accept custom. How Does [&hellip;]<\/p>","protected":false},"featured_media":2595,"comment_status":"open","ping_status":"closed","template":"","meta":{"_et_pb_use_builder":"","_et_pb_old_content":"","_et_gb_content_width":""},"product_brand":[],"product_cat":[62],"product_tag":[],"class_list":{"0":"post-2590","1":"product","2":"type-product","3":"status-publish","4":"has-post-thumbnail","6":"product_cat-square-baler-gearbox","8":"first","9":"instock","10":"shipping-taxable","11":"product-type-simple"},"_links":{"self":[{"href":"https:\/\/fmp-components.com\/pt\/wp-json\/wp\/v2\/product\/2590","targetHints":{"allow":["GET"]}}],"collection":[{"href":"https:\/\/fmp-components.com\/pt\/wp-json\/wp\/v2\/product"}],"about":[{"href":"https:\/\/fmp-components.com\/pt\/wp-json\/wp\/v2\/types\/product"}],"replies":[{"embeddable":true,"href":"https:\/\/fmp-components.com\/pt\/wp-json\/wp\/v2\/comments?post=2590"}],"wp:featuredmedia":[{"embeddable":true,"href":"https:\/\/fmp-components.com\/pt\/wp-json\/wp\/v2\/media\/2595"}],"wp:attachment":[{"href":"https:\/\/fmp-components.com\/pt\/wp-json\/wp\/v2\/media?parent=2590"}],"wp:term":[{"taxonomy":"product_brand","embeddable":true,"href":"https:\/\/fmp-components.com\/pt\/wp-json\/wp\/v2\/product_brand?post=2590"},{"taxonomy":"product_cat","embeddable":true,"href":"https:\/\/fmp-components.com\/pt\/wp-json\/wp\/v2\/product_cat?post=2590"},{"taxonomy":"product_tag","embeddable":true,"href":"https:\/\/fmp-components.com\/pt\/wp-json\/wp\/v2\/product_tag?post=2590"}],"curies":[{"name":"wp","href":"https:\/\/api.w.org\/{rel}","templated":true}]}}