{"id":2573,"date":"2025-01-03T01:07:52","date_gmt":"2025-01-03T01:07:52","guid":{"rendered":"https:\/\/fmp-components.com\/?page_id=8"},"modified":"2025-01-03T01:14:05","modified_gmt":"2025-01-03T01:14:05","slug":"square-baler-gearbox-fmp-fk215","status":"publish","type":"product","link":"https:\/\/fmp-components.com\/pt\/product\/square-baler-gearbox-fmp-fk215\/","title":{"rendered":"Caixa de engrenagens para enfardadeira quadrada FMP-FK215"},"content":{"rendered":"<p><img loading=\"lazy\" decoding=\"async\" class=\"size-full wp-image-2587 aligncenter\" src=\"https:\/\/fmp-components.com\/wp-content\/uploads\/2025\/01\/FMP-FK215-Square-Baler-Gearbox-Components1.webp\" alt=\"FMP-FK215-Enfardadeira-Quadrada-Caixa-de-Redutores-Componentes(1)\" width=\"684\" height=\"425\" title=\"\" srcset=\"https:\/\/fmp-components.com\/wp-content\/uploads\/2025\/01\/FMP-FK215-Square-Baler-Gearbox-Components1.webp 684w, https:\/\/fmp-components.com\/wp-content\/uploads\/2025\/01\/FMP-FK215-Square-Baler-Gearbox-Components1-480x298.webp 480w\" sizes=\"(min-width: 0px) and (max-width: 480px) 480px, (min-width: 481px) 684px, 100vw\" \/><\/p>\n<h2>Dimens\u00f5es da caixa de engrenagens da enfardadeira quadrada FMP-FK215<\/h2>\n<p><img loading=\"lazy\" decoding=\"async\" class=\"alignnone size-full wp-image-2583\" src=\"https:\/\/fmp-components.com\/wp-content\/uploads\/2025\/01\/FMP-FK215-Square-Baler-Gearbox-Dimensions.webp\" alt=\"FMP-FK215-Enfardadeira-Quadrada-Caixa-de-Redutores-Dimens\u00f5es\" width=\"1207\" height=\"743\" title=\"\" srcset=\"https:\/\/fmp-components.com\/wp-content\/uploads\/2025\/01\/FMP-FK215-Square-Baler-Gearbox-Dimensions.webp 1207w, https:\/\/fmp-components.com\/wp-content\/uploads\/2025\/01\/FMP-FK215-Square-Baler-Gearbox-Dimensions-980x603.webp 980w, https:\/\/fmp-components.com\/wp-content\/uploads\/2025\/01\/FMP-FK215-Square-Baler-Gearbox-Dimensions-480x295.webp 480w\" sizes=\"(min-width: 0px) and (max-width: 480px) 480px, (min-width: 481px) and (max-width: 980px) 980px, (min-width: 981px) 1207px, 100vw\" \/><\/p>\n<h2>Dimens\u00f5es do eixo da caixa de engrenagens da enfardadeira quadrada FMP-FK215<\/h2>\n<p><img loading=\"lazy\" decoding=\"async\" class=\"alignnone size-full wp-image-2584\" src=\"https:\/\/fmp-components.com\/wp-content\/uploads\/2025\/01\/FMP-FK215-Square-Baler-Gearbox-Shaft-Dimensions.webp\" alt=\"FMP-FK215-Enfardadeira-Quadrada-Caixa-de-Redutores-Eixo-Dimens\u00f5es\" width=\"1537\" height=\"456\" title=\"\" srcset=\"https:\/\/fmp-components.com\/wp-content\/uploads\/2025\/01\/FMP-FK215-Square-Baler-Gearbox-Shaft-Dimensions.webp 1537w, https:\/\/fmp-components.com\/wp-content\/uploads\/2025\/01\/FMP-FK215-Square-Baler-Gearbox-Shaft-Dimensions-1280x380.webp 1280w, https:\/\/fmp-components.com\/wp-content\/uploads\/2025\/01\/FMP-FK215-Square-Baler-Gearbox-Shaft-Dimensions-980x291.webp 980w, https:\/\/fmp-components.com\/wp-content\/uploads\/2025\/01\/FMP-FK215-Square-Baler-Gearbox-Shaft-Dimensions-480x142.webp 480w\" sizes=\"(min-width: 0px) and (max-width: 480px) 480px, (min-width: 481px) and (max-width: 980px) 980px, (min-width: 981px) and (max-width: 1280px) 1280px, (min-width: 1281px) 1537px, 100vw\" \/><\/p>\n<h2>Dados t\u00e9cnicos da caixa de engrenagens da enfardadeira quadrada FMP-FK215<\/h2>\n<table style=\"width: 99.5102%; height: 122px;\" border=\"1\" cellspacing=\"0\" cellpadding=\"0\">\n<tbody>\n<tr style=\"height: 23px;\">\n<td style=\"height: 46px;\" colspan=\"2\" rowspan=\"2\">eu<\/td>\n<td style=\"height: 46px;\" rowspan=\"2\">Adequado<\/td>\n<td style=\"height: 23px;\">Entrada de RPM<\/td>\n<td style=\"height: 23px;\">Sa\u00edda de RPM<\/td>\n<td style=\"height: 23px;\">KW(Nom)<\/td>\n<td style=\"height: 23px;\">KW (m\u00e1x.)<\/td>\n<td style=\"height: 46px;\" rowspan=\"2\">Denti\u00e7\u00e3o<\/td>\n<\/tr>\n<tr style=\"height: 23px;\">\n<td style=\"height: 23px;\">rpm<\/td>\n<td style=\"height: 23px;\">rpm<\/td>\n<td style=\"height: 23px;\">cavalos de pot\u00eancia<\/td>\n<td style=\"height: 23px;\">cavalos de pot\u00eancia<\/td>\n<\/tr>\n<tr style=\"height: 47px;\">\n<td style=\"height: 47px;\">Aumento de velocidade<\/td>\n<td style=\"height: 47px;\">1:1.33<\/td>\n<td style=\"height: 47px;\">Enfardadeira quadrada, etc.<\/td>\n<td style=\"height: 47px;\">540<\/td>\n<td style=\"height: 47px;\">718.2<\/td>\n<td style=\"height: 47px;\">80<\/td>\n<td style=\"height: 47px;\">120<\/td>\n<td style=\"height: 47px;\">Gleason Straight<br \/>\nDentes<\/td>\n<\/tr>\n<tr style=\"height: 23px;\">\n<td style=\"height: 23px;\" colspan=\"8\">Observa\u00e7\u00e3o: Se voc\u00ea tiver alguma necessidade especial, sinta-se \u00e0 vontade para me avisar. Tamb\u00e9m aceitamos encomendas.<\/td>\n<\/tr>\n<\/tbody>\n<\/table>\n<h2>Componentes da caixa de engrenagens da enfardadeira quadrada FMP-FK215<\/h2>\n<p>A caixa de engrenagens da enfardadeira quadrada FMP-FK215 foi projetada para atender \u00e0s demandas espec\u00edficas de m\u00e1quinas de enfardamento quadrado, garantindo transmiss\u00e3o de pot\u00eancia eficiente, desempenho confi\u00e1vel e durabilidade a longo prazo. A caixa de engrenagens \u00e9 composta por v\u00e1rios componentes essenciais que trabalham em conjunto para otimizar a funcionalidade e a longevidade da enfardadeira. Aqui est\u00e3o os principais componentes da caixa de engrenagens da enfardadeira quadrada FMP-FK215:<\/p>\n<p><strong>Habita\u00e7\u00e3o<\/strong><\/p>\n<ul>\n<li><strong>Material<\/strong>: Normalmente feito de ferro fundido ou a\u00e7o de alta resist\u00eancia, o inv\u00f3lucro protege os componentes internos e fornece integridade estrutural.<\/li>\n<li><strong>Projeto<\/strong>: Projetado com precis\u00e3o para suportar as tens\u00f5es das opera\u00e7\u00f5es de enfardamento, ao mesmo tempo em que proporciona dissipa\u00e7\u00e3o de calor eficiente.<\/li>\n<\/ul>\n<p><strong>Eixo de entrada<\/strong><\/p>\n<ul>\n<li><strong>Fun\u00e7\u00e3o<\/strong>: Conecta-se \u00e0 fonte de energia (geralmente o eixo da tomada de for\u00e7a do trator), transmitindo torque para a caixa de engrenagens.<\/li>\n<li><strong>Projeto<\/strong>: Feito de a\u00e7o dur\u00e1vel, projetado para suportar altas cargas de torque.<\/li>\n<\/ul>\n<p><strong>Engrenagens c\u00f4nicas<\/strong><\/p>\n<ul>\n<li><strong>Fun\u00e7\u00e3o<\/strong>: Frequentemente usadas para transferir pot\u00eancia em um \u00e2ngulo reto, as engrenagens c\u00f4nicas no FMP-FK215 facilitam a mudan\u00e7a de dire\u00e7\u00e3o na transmiss\u00e3o de pot\u00eancia, permitindo que a caixa de engrenagens acione v\u00e1rias partes da enfardadeira.<\/li>\n<li><strong>Material<\/strong>: A\u00e7o de alta qualidade tratado termicamente para maior durabilidade.<\/li>\n<\/ul>\n<p><strong>Engrenagens retas<\/strong><\/p>\n<ul>\n<li><strong>Fun\u00e7\u00e3o<\/strong>: Engrenagens retas s\u00e3o usadas dentro da caixa de engrenagens para transmitir pot\u00eancia rotacional de um eixo para outro, mantendo o torque e a velocidade.<\/li>\n<li><strong>Projeto<\/strong>: Corte de precis\u00e3o para garantir opera\u00e7\u00e3o suave e alta efici\u00eancia.<\/li>\n<\/ul>\n<p><strong>Eixo de sa\u00edda<\/strong><\/p>\n<ul>\n<li><strong>Fun\u00e7\u00e3o<\/strong>: Transfere energia da caixa de engrenagens para os componentes operacionais da enfardadeira, como o mecanismo de coleta ou o sistema de atamento.<\/li>\n<li><strong>Material<\/strong>: Liga de a\u00e7o, temperada para maior resist\u00eancia e resist\u00eancia ao desgaste.<\/li>\n<\/ul>\n<p>Esses componentes trabalham em conjunto para proporcionar um desempenho eficiente e confi\u00e1vel, tornando a caixa de engrenagens da enfardadeira quadrada FMP-FK215 uma parte essencial do processo de enfardamento quadrado. A caixa de engrenagens foi projetada para oferecer resist\u00eancia, precis\u00e3o e durabilidade, garantindo que ela possa lidar com as rigorosas demandas das m\u00e1quinas agr\u00edcolas em diversas condi\u00e7\u00f5es.<\/p>\n<p><img loading=\"lazy\" decoding=\"async\" class=\"alignnone size-full wp-image-2588\" src=\"https:\/\/fmp-components.com\/wp-content\/uploads\/2025\/01\/FMP-FK215-Square-Baler-Gearbox-Applications-980x4831-1.webp\" alt=\"FMP-FK215-Enfardadeira-Quadrada-Caixa-de-Redutores-Aplica\u00e7\u00f5es-980x483(1)\" width=\"980\" height=\"483\" title=\"\" srcset=\"https:\/\/fmp-components.com\/wp-content\/uploads\/2025\/01\/FMP-FK215-Square-Baler-Gearbox-Applications-980x4831-1.webp 980w, https:\/\/fmp-components.com\/wp-content\/uploads\/2025\/01\/FMP-FK215-Square-Baler-Gearbox-Applications-980x4831-1-480x237.webp 480w\" sizes=\"(min-width: 0px) and (max-width: 480px) 480px, (min-width: 481px) 980px, 100vw\" \/><\/p>\n<h2>Aplica\u00e7\u00f5es da caixa de engrenagens da enfardadeira quadrada FMP-FK215<\/h2>\n<div class=\"flex max-w-full flex-col flex-grow\">\n<div class=\"min-h-8 text-message flex w-full flex-col items-end gap-2 whitespace-normal break-words text-start [.text-message+&amp;]:mt-5\" dir=\"auto\" data-message-author-role=\"assistant\" data-message-id=\"3c7df252-c509-4480-9f6e-9203a002b444\" data-message-model-slug=\"gpt-4o\">\n<div class=\"flex w-full flex-col gap-1 empty:hidden first:pt-[3px]\">\n<div class=\"markdown prose w-full break-words dark:prose-invert light\">\n<p>A caixa de engrenagens para enfardadeira quadrada FMP-FK215 foi projetada especificamente para fornecer transmiss\u00e3o de pot\u00eancia confi\u00e1vel e opera\u00e7\u00e3o eficiente para enfardadeiras quadradas em aplica\u00e7\u00f5es agr\u00edcolas. Sua constru\u00e7\u00e3o robusta e engenharia de precis\u00e3o a tornam adequada para uma ampla gama de tarefas no setor agr\u00edcola. Aqui est\u00e3o as principais aplica\u00e7\u00f5es da caixa de engrenagens para enfardadeira quadrada FMP-FK215:<\/p>\n<p><strong>Enfardamento de feno e palha<\/strong><\/p>\n<ul>\n<li><strong>Aplicativo<\/strong>: A caixa de engrenagens da enfardadeira quadrada FMP-FK215 \u00e9 comumente usada em m\u00e1quinas de enfardamento de feno e palha. Ela auxilia na alimenta\u00e7\u00e3o do mecanismo de enfardamento, garantindo a coleta e compacta\u00e7\u00e3o eficientes de feno, palha ou outras forragens em fardos retangulares firmemente amarrados.<\/li>\n<li><strong>Benef\u00edcios<\/strong>: Garante uma opera\u00e7\u00e3o suave e consistente, melhorando a produtividade e reduzindo o tempo de inatividade durante a colheita de feno e palha.<\/li>\n<\/ul>\n<p><strong>Enfardamento de silagem<\/strong><\/p>\n<ul>\n<li><strong>Aplicativo<\/strong>: Esta caixa de engrenagens tamb\u00e9m \u00e9 utilizada em enfardadeiras de silagem para coleta e compacta\u00e7\u00e3o de silagem, que \u00e9 utilizada como ra\u00e7\u00e3o animal. O FMP-FK215 auxilia no processamento de materiais \u00famidos e densos, garantindo que a enfardadeira opere com efici\u00eancia mesmo com materiais mais pesados \u200b\u200be \u00famidos.<\/li>\n<li><strong>Benef\u00edcios<\/strong>: Fornece torque consistente, mesmo sob condi\u00e7\u00f5es de carga pesada, garantindo tamanhos de fardos uniformes e reduzindo o estresse em outros componentes da enfardadeira.<\/li>\n<\/ul>\n<p><strong>Enfardamento de alfafa<\/strong><\/p>\n<ul>\n<li><strong>Aplicativo<\/strong>: A alfafa, sendo uma forragem rica em prote\u00edna, \u00e9 frequentemente colhida e enfardada para uso como ra\u00e7\u00e3o animal. A caixa de engrenagens FMP-FK215 desempenha um papel fundamental no processo de enfardamento, garantindo que o maquin\u00e1rio possa lidar com o alto volume e a natureza densa da alfafa.<\/li>\n<li><strong>Benef\u00edcios<\/strong>: A caixa de engrenagens garante transfer\u00eancia de pot\u00eancia suave e opera\u00e7\u00e3o eficiente, mesmo com a natureza de movimento r\u00e1pido e alta densidade das planta\u00e7\u00f5es de alfafa.<\/li>\n<\/ul>\n<p><strong>Enfardamento de res\u00edduos de colheitas<\/strong><\/p>\n<ul>\n<li><strong>Aplicativo<\/strong>Ap\u00f3s a colheita da cultura principal, os res\u00edduos da cultura (como trigo, cevada ou talos de milho) s\u00e3o coletados e enfardados para uso como cama para gado, cobertura morta ou para fins de bioenergia. A caixa de engrenagens FMP-FK215 \u00e9 adequada para essas aplica\u00e7\u00f5es, pois atende aos requisitos de trabalho pesado do enfardamento desses materiais.<\/li>\n<li><strong>Benef\u00edcios<\/strong>: Garante que a enfardadeira possa lidar com a natureza \u00e0s vezes dura e fibrosa dos res\u00edduos da colheita, aumentando a efici\u00eancia do gerenciamento de res\u00edduos em opera\u00e7\u00f5es agr\u00edcolas.<\/li>\n<\/ul>\n<h3>Principais benef\u00edcios do uso da caixa de engrenagens da enfardadeira quadrada FMP-FK215 nestas aplica\u00e7\u00f5es:<\/h3>\n<ul>\n<li><strong>Confiabilidade<\/strong>: Projetado para suportar aplica\u00e7\u00f5es pesadas com manuten\u00e7\u00e3o m\u00ednima.<\/li>\n<li><strong>Efici\u00eancia<\/strong>: Garante desempenho consistente, otimizando a velocidade e a precis\u00e3o do processo de enfardamento.<\/li>\n<li><strong>Durabilidade<\/strong>: Constru\u00eddo com materiais de alta qualidade e componentes projetados com precis\u00e3o para lidar com tarefas agr\u00edcolas exigentes.<\/li>\n<li><strong>Personaliza\u00e7\u00e3o<\/strong>: Adequado para uma ampla variedade de tipos de culturas e condi\u00e7\u00f5es de enfardamento, oferecendo flexibilidade para diferentes opera\u00e7\u00f5es agr\u00edcolas.<\/li>\n<\/ul>\n<p>A caixa de engrenagens da enfardadeira quadrada FMP-FK215 \u00e9 um componente vers\u00e1til e confi\u00e1vel que desempenha um papel fundamental na opera\u00e7\u00e3o eficaz de enfardadeiras quadradas em diversas aplica\u00e7\u00f5es agr\u00edcolas. Seu desempenho robusto garante que agricultores e opera\u00e7\u00f5es agr\u00edcolas possam manter alta produtividade e efici\u00eancia operacional em uma variedade de tarefas de enfardamento.<\/p>\n<p><img loading=\"lazy\" decoding=\"async\" class=\"alignnone size-full wp-image-2585\" src=\"https:\/\/fmp-components.com\/wp-content\/uploads\/2025\/01\/Square-Baler-Gearbox-FMP-FK215-Maintenance1.webp\" alt=\"Enfardadeira-quadrada-Caixa-de-redutores-FMP-FK215-Manuten\u00e7\u00e3o(1)\" width=\"1090\" height=\"864\" title=\"\" srcset=\"https:\/\/fmp-components.com\/wp-content\/uploads\/2025\/01\/Square-Baler-Gearbox-FMP-FK215-Maintenance1.webp 1090w, https:\/\/fmp-components.com\/wp-content\/uploads\/2025\/01\/Square-Baler-Gearbox-FMP-FK215-Maintenance1-980x777.webp 980w, https:\/\/fmp-components.com\/wp-content\/uploads\/2025\/01\/Square-Baler-Gearbox-FMP-FK215-Maintenance1-480x380.webp 480w\" sizes=\"(min-width: 0px) and (max-width: 480px) 480px, (min-width: 481px) and (max-width: 980px) 980px, (min-width: 981px) 1090px, 100vw\" \/><\/p>\n<h2>Sobre a FMP<\/h2>\n<p>Com sede na It\u00e1lia, a FMP \u00e9 uma fabricante l\u00edder especializada em projeto, desenvolvimento e produ\u00e7\u00e3o de caixas de engrenagens de alto desempenho, com forte foco no setor de m\u00e1quinas agr\u00edcolas. Reconhecida por sua engenharia de precis\u00e3o, solu\u00e7\u00f5es inovadoras e confiabilidade inabal\u00e1vel, a FMP conquistou a confian\u00e7a de clientes nos mercados agr\u00edcola e industrial. Nosso amplo portf\u00f3lio de produtos inclui caixas de engrenagens especializadas para cortadores de grama, eixos de tomada de for\u00e7a e outros componentes cr\u00edticos, todos meticulosamente projetados para oferecer solu\u00e7\u00f5es personalizadas em uma ampla gama de aplica\u00e7\u00f5es.<\/p>\n<p>Na FMP, reconhecemos que as necessidades e os desafios de cada cliente s\u00e3o \u00fanicos. \u00c9 por isso que nos especializamos em fornecer solu\u00e7\u00f5es personalizadas, seja para componentes individuais ou sistemas totalmente integrados. Trabalhamos em estreita colabora\u00e7\u00e3o com nossos clientes para garantir que cada solu\u00e7\u00e3o n\u00e3o apenas atenda \u00e0s suas necessidades, mas tamb\u00e9m otimize o desempenho e o valor agregado. Nosso compromisso com respostas r\u00e1pidas e profissionais, aliado \u00e0 orienta\u00e7\u00e3o especializada, garante que cada consulta seja tratada com o m\u00e1ximo cuidado, resultando em resultados ideais.<\/p>\n<p>Damos grande import\u00e2ncia \u00e0 comunica\u00e7\u00e3o aberta e cont\u00ednua durante todo o ciclo de vida do desenvolvimento do produto. Nossa equipe dedicada interage diretamente com os clientes para entender completamente suas necessidades espec\u00edficas, fornecendo insights e recomenda\u00e7\u00f5es valiosas para garantir as solu\u00e7\u00f5es mais eficazes. Seja projetando produtos inovadores ou atendendo pedidos cont\u00ednuos, a FMP est\u00e1 comprometida em entregar solu\u00e7\u00f5es de alta qualidade e engenharia de precis\u00e3o, sempre no prazo. Nosso objetivo \u00e9 superar as expectativas dos clientes e garantir servi\u00e7os e resultados excepcionais para cada projeto.<\/p>\n<p>A qualidade \u00e9 a base das opera\u00e7\u00f5es da FMP. Seguimos os mais altos padr\u00f5es de fabrica\u00e7\u00e3o, implementando rigorosos processos de controle de qualidade para garantir que cada produto n\u00e3o apenas atenda, mas supere os padr\u00f5es do setor. Esse compromisso inabal\u00e1vel com a excel\u00eancia, aliado aos nossos valores fundamentais de integridade, trabalho em equipe e perseveran\u00e7a, nos permitiu cultivar relacionamentos duradouros e baseados na confian\u00e7a com clientes em quase 30 pa\u00edses ao redor do mundo.<\/p>\n<p>A FMP est\u00e1 sempre aberta a construir parcerias globais e se compromete a oferecer consultoria especializada e solu\u00e7\u00f5es personalizadas que atendam \u00e0s diversas necessidades de nossos clientes. N\u00e3o apenas fornecemos produtos; constru\u00edmos relacionamentos duradouros que contribuem para o sucesso de cada projeto. Seja em busca de solu\u00e7\u00f5es inovadoras para um novo empreendimento ou suporte cont\u00ednuo para um sistema existente, a FMP se dedica a superar seus desafios t\u00e9cnicos e garantir seu sucesso sustent\u00e1vel.<\/p>\n<p><img loading=\"lazy\" decoding=\"async\" class=\"alignnone size-full wp-image-1861\" src=\"https:\/\/fmp-components.com\/wp-content\/uploads\/2024\/12\/Other-Agricultural-Gearboxes.webp\" sizes=\"(min-width: 0px) and (max-width: 480px) 480px, (min-width: 481px) and (max-width: 980px) 980px, (min-width: 981px) 1200px, 100vw\" srcset=\"https:\/\/fmp-components.com\/wp-content\/uploads\/2024\/12\/Other-Agricultural-Gearboxes.webp 1200w, https:\/\/fmp-components.com\/wp-content\/uploads\/2024\/12\/Other-Agricultural-Gearboxes-980x1143.webp 980w, https:\/\/fmp-components.com\/wp-content\/uploads\/2024\/12\/Other-Agricultural-Gearboxes-480x560.webp 480w\" alt=\"Altri-cambi-agr\u00edcola\" width=\"1200\" height=\"1400\" title=\"\"><\/p>\n<p>Autor: CX<\/p>\n<\/div>\n<\/div>\n<\/div>\n<\/div>","protected":false},"excerpt":{"rendered":"<p>Dimensions of Square Baler Gearbox FMP-FK215 FMP-FK215 Square Baler Gearbox Shaft\u00a0Dimensions FMP-FK215 Square Baler Gearbox Technical Data i Suitable Rpm input Rpm output KW(Nom) KW(Max) Toothing r\/min r\/min hp hp Speed increase 1:1.33 Square Baler, etc 540 718.2 80 120 Gleason Straight Teeth Remark: If you have any special require feel free let me know, [&hellip;]<\/p>","protected":false},"featured_media":2586,"comment_status":"open","ping_status":"closed","template":"","meta":{"_et_pb_use_builder":"","_et_pb_old_content":"","_et_gb_content_width":""},"product_brand":[],"product_cat":[62],"product_tag":[],"class_list":{"0":"post-2573","1":"product","2":"type-product","3":"status-publish","4":"has-post-thumbnail","6":"product_cat-square-baler-gearbox","8":"first","9":"instock","10":"shipping-taxable","11":"product-type-simple"},"_links":{"self":[{"href":"https:\/\/fmp-components.com\/pt\/wp-json\/wp\/v2\/product\/2573","targetHints":{"allow":["GET"]}}],"collection":[{"href":"https:\/\/fmp-components.com\/pt\/wp-json\/wp\/v2\/product"}],"about":[{"href":"https:\/\/fmp-components.com\/pt\/wp-json\/wp\/v2\/types\/product"}],"replies":[{"embeddable":true,"href":"https:\/\/fmp-components.com\/pt\/wp-json\/wp\/v2\/comments?post=2573"}],"wp:featuredmedia":[{"embeddable":true,"href":"https:\/\/fmp-components.com\/pt\/wp-json\/wp\/v2\/media\/2586"}],"wp:attachment":[{"href":"https:\/\/fmp-components.com\/pt\/wp-json\/wp\/v2\/media?parent=2573"}],"wp:term":[{"taxonomy":"product_brand","embeddable":true,"href":"https:\/\/fmp-components.com\/pt\/wp-json\/wp\/v2\/product_brand?post=2573"},{"taxonomy":"product_cat","embeddable":true,"href":"https:\/\/fmp-components.com\/pt\/wp-json\/wp\/v2\/product_cat?post=2573"},{"taxonomy":"product_tag","embeddable":true,"href":"https:\/\/fmp-components.com\/pt\/wp-json\/wp\/v2\/product_tag?post=2573"}],"curies":[{"name":"wp","href":"https:\/\/api.w.org\/{rel}","templated":true}]}}