{"id":2523,"date":"2025-01-02T03:45:19","date_gmt":"2025-01-02T03:45:19","guid":{"rendered":"https:\/\/fmp-components.com\/?page_id=8"},"modified":"2025-01-02T03:59:23","modified_gmt":"2025-01-02T03:59:23","slug":"round-baler-gearbox-fmp2100-t3-for-round-baler-and-harvester","status":"publish","type":"product","link":"https:\/\/fmp-components.com\/pt\/product\/round-baler-gearbox-fmp2100-t3-for-round-baler-and-harvester\/","title":{"rendered":"Caixa de engrenagens para enfardadeira redonda FMP2100-T3 para enfardadeira redonda e colheitadeira"},"content":{"rendered":"<p><img loading=\"lazy\" decoding=\"async\" class=\"size-full wp-image-2524 aligncenter\" src=\"https:\/\/fmp-components.com\/wp-content\/uploads\/2025\/01\/Round-Baler-Gearbox-EP2100-T31.webp\" alt=\"Enfardadeira redonda-Caixa de engrenagens-FMP2100-T3(1)\" width=\"600\" height=\"600\" title=\"\" srcset=\"https:\/\/fmp-components.com\/wp-content\/uploads\/2025\/01\/Round-Baler-Gearbox-EP2100-T31.webp 600w, https:\/\/fmp-components.com\/wp-content\/uploads\/2025\/01\/Round-Baler-Gearbox-EP2100-T31-480x480.webp 480w\" sizes=\"(min-width: 0px) and (max-width: 480px) 480px, (min-width: 481px) 600px, 100vw\" \/><\/p>\n<h2>Caixa de engrenagens da enfardadeira redonda FMP2100-T3 Dados t\u00e9cnicos<\/h2>\n<table style=\"width: 93.8969%; height: 116px;\" border=\"1\" cellspacing=\"0\" cellpadding=\"0\">\n<tbody>\n<tr style=\"height: 23px;\">\n<td style=\"height: 46px; width: 15.8921%;\" colspan=\"2\" rowspan=\"2\">eu<\/td>\n<td style=\"height: 46px; width: 25.3373%;\" rowspan=\"2\">Adequado<\/td>\n<td style=\"height: 23px; width: 9.89505%;\">Entrada de RPM<\/td>\n<td style=\"height: 23px; width: 11.0945%;\">Sa\u00edda de RPM<\/td>\n<td style=\"height: 23px; width: 9.44528%;\">KW(Nom)<\/td>\n<td style=\"height: 23px; width: 13.0435%;\">Torque de sa\u00edda<\/td>\n<td style=\"height: 46px; width: 45.2774%;\" rowspan=\"2\">Denti\u00e7\u00e3o<\/td>\n<\/tr>\n<tr style=\"height: 23px;\">\n<td style=\"height: 23px; width: 9.89505%;\">rpm<\/td>\n<td style=\"height: 23px; width: 11.0945%;\">rpm<\/td>\n<td style=\"height: 23px; width: 9.44528%;\">cavalos de pot\u00eancia<\/td>\n<td style=\"height: 23px; width: 13.0435%;\">Nm<\/td>\n<\/tr>\n<tr style=\"height: 47px;\">\n<td style=\"height: 47px; width: 10.3448%;\">Desacelerar<\/td>\n<td style=\"height: 47px; width: 5.54723%;\">2.1 :1<\/td>\n<td style=\"height: 47px; width: 25.3373%;\">Enfardadeira redonda, colheitadeira, etc.<\/td>\n<td style=\"height: 47px; width: 9.89505%;\">540<\/td>\n<td style=\"height: 47px; width: 11.0945%;\">257<\/td>\n<td style=\"height: 47px; width: 9.44528%;\">80<\/td>\n<td style=\"height: 47px; width: 13.0435%;\">100<\/td>\n<td style=\"height: 47px; width: 45.2774%;\">Gleason Helicoidal<br \/>\nDentes<\/td>\n<\/tr>\n<tr style=\"height: 23px;\">\n<td style=\"height: 23px; width: 129.985%;\" colspan=\"8\">Observa\u00e7\u00e3o: Se voc\u00ea tiver alguma necessidade especial, sinta-se \u00e0 vontade para me avisar. Tamb\u00e9m aceitamos encomendas.<\/td>\n<\/tr>\n<\/tbody>\n<\/table>\n<h2>Estrutura do componente da caixa de engrenagens da enfardadeira redonda FMP2100-T3<\/h2>\n<p>A Caixa de Engrenagens para Enfardadeiras de Fardos Redondos FMP2100-T3 foi projetada para oferecer alto desempenho e confiabilidade em aplica\u00e7\u00f5es agr\u00edcolas exigentes. A caixa de engrenagens conta com uma estrutura de componentes bem projetada, garantindo \u00f3timo funcionamento e durabilidade. Abaixo, um resumo de seus principais componentes:<\/p>\n<p><strong>Carca\u00e7a da caixa de engrenagens<\/strong><\/p>\n<ul>\n<li>Material: Feito de ferro fundido ou a\u00e7o de alta resist\u00eancia, garantindo robustez e resist\u00eancia ao desgaste e ao estresse.<\/li>\n<li>Fun\u00e7\u00e3o: Abriga os componentes internos, fornecendo prote\u00e7\u00e3o contra danos externos e garantindo uma opera\u00e7\u00e3o suave.<\/li>\n<\/ul>\n<p><strong>Eixo de entrada<\/strong><\/p>\n<ul>\n<li>Material: A\u00e7o de alta resist\u00eancia.<\/li>\n<li>Fun\u00e7\u00e3o: Transfere a pot\u00eancia rotacional da tomada de for\u00e7a do trator para as engrenagens internas da caixa de c\u00e2mbio.<\/li>\n<\/ul>\n<p><strong>Eixo de sa\u00edda<\/strong><\/p>\n<ul>\n<li>Material: A\u00e7o temperado.<\/li>\n<li>Fun\u00e7\u00e3o: Fornece energia da caixa de engrenagens para os mecanismos de trabalho da enfardadeira, garantindo transmiss\u00e3o eficiente de energia para opera\u00e7\u00f5es como a forma\u00e7\u00e3o de fardos.<\/li>\n<\/ul>\n<p><strong>Engrenagens<\/strong><\/p>\n<ul>\n<li>Material: A\u00e7o-liga, tratado para maior durabilidade e resist\u00eancia ao desgaste.<\/li>\n<li>Fun\u00e7\u00e3o: Engrenagens internas (por exemplo, engrenagens c\u00f4nicas ou retas) facilitam a transfer\u00eancia de pot\u00eancia e torque, permitindo velocidades de rota\u00e7\u00e3o adequadas para os componentes da enfardadeira.<\/li>\n<\/ul>\n<p><strong>Rolamentos<\/strong><\/p>\n<ul>\n<li>Material: Rolamentos de alta qualidade projetados para m\u00e1quinas agr\u00edcolas.<\/li>\n<li>Fun\u00e7\u00e3o: Apoiar os eixos e engrenagens, garantindo uma opera\u00e7\u00e3o suave e reduzindo o atrito para uma vida \u00fatil mais longa.<\/li>\n<\/ul>\n<p>A estrutura dos componentes da caixa de engrenagens da enfardadeira redonda FMP2100-T3 foi meticulosamente projetada para lidar com as condi\u00e7\u00f5es desafiadoras das opera\u00e7\u00f5es agr\u00edcolas, ao mesmo tempo em que fornece transmiss\u00e3o de pot\u00eancia eficiente para desempenho ideal da enfardadeira.<\/p>\n<table style=\"width: 101.691%; height: 5px;\" width=\"136\">\n<tbody>\n<tr style=\"height: 23px;\">\n<td style=\"height: 23px; width: 49.5218%;\" width=\"72\"><img loading=\"lazy\" decoding=\"async\" class=\"alignnone size-full wp-image-2526\" src=\"https:\/\/fmp-components.com\/wp-content\/uploads\/2025\/01\/Round-Baler-Gearbox-EP2100-T3-Agricultural-Applications-2-980x6321-1.webp\" alt=\"Caixa de engrenagens de enfardadeira redonda\" width=\"980\" height=\"632\" title=\"\" srcset=\"https:\/\/fmp-components.com\/wp-content\/uploads\/2025\/01\/Round-Baler-Gearbox-EP2100-T3-Agricultural-Applications-2-980x6321-1.webp 980w, https:\/\/fmp-components.com\/wp-content\/uploads\/2025\/01\/Round-Baler-Gearbox-EP2100-T3-Agricultural-Applications-2-980x6321-1-480x310.webp 480w\" sizes=\"(min-width: 0px) and (max-width: 480px) 480px, (min-width: 481px) 980px, 100vw\" \/><\/td>\n<td style=\"height: 23px; width: 49.8406%;\" width=\"64\"><img loading=\"lazy\" decoding=\"async\" class=\"alignnone size-full wp-image-2525\" src=\"https:\/\/fmp-components.com\/wp-content\/uploads\/2025\/01\/Round-Baler-Gearbox-EP2100-T3-Agricultural-Applications-1-980x6321-1.webp\" alt=\"Enfardadeira redonda-caixa de engrenagens-EP2100-T3-aplica\u00e7\u00f5es-agr\u00edcolas-1\" width=\"980\" height=\"632\" title=\"\" srcset=\"https:\/\/fmp-components.com\/wp-content\/uploads\/2025\/01\/Round-Baler-Gearbox-EP2100-T3-Agricultural-Applications-1-980x6321-1.webp 980w, https:\/\/fmp-components.com\/wp-content\/uploads\/2025\/01\/Round-Baler-Gearbox-EP2100-T3-Agricultural-Applications-1-980x6321-1-480x310.webp 480w\" sizes=\"(min-width: 0px) and (max-width: 480px) 480px, (min-width: 481px) 980px, 100vw\" \/><\/td>\n<\/tr>\n<\/tbody>\n<\/table>\n<h2>Vantagens de usar a caixa de engrenagens da enfardadeira redonda FMP2100-T3<\/h2>\n<p>A caixa de engrenagens para enfardadeiras de fardos redondos FMP2100-T3 oferece diversas vantagens que a tornam a escolha ideal para aplica\u00e7\u00f5es agr\u00edcolas, especialmente na opera\u00e7\u00e3o eficiente de enfardadeiras de fardos redondos. Veja abaixo os principais benef\u00edcios:<\/p>\n<p><strong>Alta durabilidade e confiabilidade<\/strong><\/p>\n<ul>\n<li>Benef\u00edcio: O design robusto e os materiais de alta qualidade, como a\u00e7o-liga e ferro fundido, garantem que a caixa de engrenagens possa suportar condi\u00e7\u00f5es agr\u00edcolas adversas, reduzindo a probabilidade de desgaste e falhas.<\/li>\n<li>Vantagem: Isso aumenta a longevidade da caixa de engrenagens, permitindo opera\u00e7\u00e3o cont\u00ednua sem a necessidade de substitui\u00e7\u00f5es ou reparos frequentes.<\/li>\n<\/ul>\n<p><strong>Transmiss\u00e3o de energia eficiente<\/strong><\/p>\n<ul>\n<li>Benef\u00edcio: As engrenagens bem projetadas e os eixos de alta resist\u00eancia garantem transfer\u00eancia eficiente de pot\u00eancia da tomada de for\u00e7a do trator para a enfardadeira.<\/li>\n<li>Vantagem: Isso resulta em uma forma\u00e7\u00e3o de fardos suave e consistente, reduzindo a tens\u00e3o operacional no equipamento e melhorando a produtividade geral.<\/li>\n<\/ul>\n<p><strong>Design compacto e que economiza espa\u00e7o<\/strong><\/p>\n<ul>\n<li>Benef\u00edcio: O design compacto da caixa de engrenagens FMP2100-T3 permite f\u00e1cil integra\u00e7\u00e3o com a enfardadeira redonda sem ocupar espa\u00e7o excessivo.<\/li>\n<li>Vantagem: garante uma configura\u00e7\u00e3o simplificada e eficiente, o que \u00e9 crucial para reduzir o tamanho geral das m\u00e1quinas agr\u00edcolas e melhorar a manobrabilidade.<\/li>\n<\/ul>\n<p><strong>F\u00e1cil manuten\u00e7\u00e3o<\/strong><\/p>\n<ul>\n<li>Benef\u00edcio: A caixa de engrenagens foi projetada com um sistema de lubrifica\u00e7\u00e3o f\u00e1cil de usar, veda\u00e7\u00f5es e componentes acess\u00edveis para manuten\u00e7\u00e3o simples.<\/li>\n<li>Vantagem: Isso simplifica as tarefas de manuten\u00e7\u00e3o de rotina, reduz o tempo de inatividade e diminui o custo de propriedade.<\/li>\n<\/ul>\n<p><strong>Desempenho ideal sob cargas pesadas<\/strong><\/p>\n<ul>\n<li>Benef\u00edcio: O FMP2100-T3 foi desenvolvido para operar eficientemente sob cargas de trabalho pesadas, oferecendo alta capacidade de torque e perda m\u00ednima de pot\u00eancia.<\/li>\n<li>Vantagem: Isso o torna uma solu\u00e7\u00e3o ideal para manusear grandes volumes de material, como feno e palha, com alto desempenho mesmo em condi\u00e7\u00f5es desafiadoras.<\/li>\n<\/ul>\n<p>A caixa de engrenagens da enfardadeira redonda FMP2100-T3 oferece uma combina\u00e7\u00e3o de confiabilidade, efici\u00eancia e facilidade de uso, o que a torna uma excelente escolha para melhorar o desempenho de enfardadeiras redondas agr\u00edcolas.<\/p>\n<table style=\"width: 98.0248%; height: 103px;\" width=\"136\">\n<tbody>\n<tr style=\"height: 45px;\">\n<td style=\"height: 45px; width: 49.7243%;\" width=\"72\"><img loading=\"lazy\" decoding=\"async\" class=\"alignnone size-full wp-image-2531\" src=\"https:\/\/fmp-components.com\/wp-content\/uploads\/2025\/01\/Round-Baler-Gearbox-EP2100-T3-Agricultural-Applications-3.webp\" alt=\"Enfardadeira redonda-caixa de engrenagens-FMP2100-T3-aplica\u00e7\u00f5es-agr\u00edcolas-3\" width=\"980\" height=\"632\" title=\"\" srcset=\"https:\/\/fmp-components.com\/wp-content\/uploads\/2025\/01\/Round-Baler-Gearbox-EP2100-T3-Agricultural-Applications-3.webp 980w, https:\/\/fmp-components.com\/wp-content\/uploads\/2025\/01\/Round-Baler-Gearbox-EP2100-T3-Agricultural-Applications-3-480x310.webp 480w\" sizes=\"(min-width: 0px) and (max-width: 480px) 480px, (min-width: 481px) 980px, 100vw\" \/><\/td>\n<td style=\"height: 45px; width: 49.6141%;\" width=\"64\"><img loading=\"lazy\" decoding=\"async\" class=\"alignnone size-full wp-image-2527\" src=\"https:\/\/fmp-components.com\/wp-content\/uploads\/2025\/01\/Round-Baler-Gearbox-EP2100-T3-Agricultural-Applications-4-980x6321-1.webp\" alt=\"Caixa de engrenagens de enfardadeira redonda\" width=\"980\" height=\"632\" title=\"\" srcset=\"https:\/\/fmp-components.com\/wp-content\/uploads\/2025\/01\/Round-Baler-Gearbox-EP2100-T3-Agricultural-Applications-4-980x6321-1.webp 980w, https:\/\/fmp-components.com\/wp-content\/uploads\/2025\/01\/Round-Baler-Gearbox-EP2100-T3-Agricultural-Applications-4-980x6321-1-480x310.webp 480w\" sizes=\"(min-width: 0px) and (max-width: 480px) 480px, (min-width: 481px) 980px, 100vw\" \/><\/td>\n<\/tr>\n<\/tbody>\n<\/table>\n<h2>Caixa de engrenagens da enfardadeira redonda FMP2100-T3 Aplica\u00e7\u00f5es na agricultura<\/h2>\n<p>A caixa de engrenagens para enfardadeiras de fardos redondos FMP2100-T3 foi projetada especificamente para uso em m\u00e1quinas agr\u00edcolas, com foco na otimiza\u00e7\u00e3o da opera\u00e7\u00e3o de enfardadeiras de fardos redondos. Abaixo, as principais aplica\u00e7\u00f5es desta caixa de engrenagens na agricultura:<\/p>\n<p><strong>Opera\u00e7\u00f5es de enfardamento redondo<\/strong><\/p>\n<ul>\n<li>Aplica\u00e7\u00e3o: A caixa de engrenagens FMP2100-T3 \u00e9 usada principalmente em enfardadeiras redondas, um equipamento essencial para opera\u00e7\u00f5es agr\u00edcolas que colhem culturas como feno, palha e silagem.<\/li>\n<li>Benef\u00edcio: Garante a forma\u00e7\u00e3o eficiente de fardos redondos uniformes, aumentando a produtividade e permitindo que os agricultores coletem e armazenem material de colheita de forma r\u00e1pida e eficaz para uso posterior ou venda.<\/li>\n<\/ul>\n<p><strong>Colheita de feno e forragem<\/strong><\/p>\n<ul>\n<li>Aplica\u00e7\u00e3o: A caixa de engrenagens \u00e9 ideal para uso em m\u00e1quinas de colheita de feno e forragem, onde a enfardadeira redonda acionada por tomada de for\u00e7a comprime a grama cortada em fardos para armazenamento ou transporte.<\/li>\n<li>Benef\u00edcio: A caixa de engrenagens transmite pot\u00eancia de forma eficiente para lidar com diferentes condi\u00e7\u00f5es de cultivo, garantindo o processamento eficaz de feno seco, silagem e outros materiais forrageiros.<\/li>\n<\/ul>\n<p><strong>Produ\u00e7\u00e3o de silagem<\/strong><\/p>\n<ul>\n<li>Aplica\u00e7\u00e3o: Na produ\u00e7\u00e3o de silagem, a caixa de engrenagens desempenha um papel crucial no acionamento de enfardadeiras circulares usadas para compactar e armazenar silagem.<\/li>\n<li>Benef\u00edcio: Os fardos de silagem s\u00e3o essenciais para a alimenta\u00e7\u00e3o animal, especialmente em regi\u00f5es com per\u00edodos de pastejo limitados, e a caixa de engrenagens garante uma opera\u00e7\u00e3o confi\u00e1vel e eficiente do processo de enfardamento, mesmo em materiais \u00famidos e densos.<\/li>\n<\/ul>\n<p><strong>Coleta de palha<\/strong><\/p>\n<ul>\n<li>Aplica\u00e7\u00e3o: Em opera\u00e7\u00f5es de p\u00f3s-colheita, a caixa de engrenagens FMP2100-T3 \u00e9 usada para coleta de palha em campos de gr\u00e3os e cereais.<\/li>\n<li>Benef\u00edcio: A caixa de engrenagens permite a compacta\u00e7\u00e3o eficiente da palha em fardos, que podem ser usados \u200b\u200bcomo cama, ra\u00e7\u00e3o animal ou como biocombust\u00edvel, melhorando o valor derivado das colheitas.<\/li>\n<\/ul>\n<p><strong>Colheita de culturas mistas<\/strong><\/p>\n<ul>\n<li>Aplica\u00e7\u00e3o: A caixa de engrenagens \u00e9 vers\u00e1til e pode ser usada em aplica\u00e7\u00f5es de colheita de culturas mistas, onde diferentes tipos de material (grama, feno, palha, etc.) s\u00e3o enfardados usando a mesma enfardadeira redonda.<\/li>\n<li>Benef\u00edcio: O FMP2100-T3 garante compatibilidade com uma variedade de culturas, tornando-o uma escolha ideal para agricultores que lidam com diversas opera\u00e7\u00f5es agr\u00edcolas e exigem equipamentos adapt\u00e1veis.<\/li>\n<\/ul>\n<p>A caixa de engrenagens da enfardadeira de fardos redondos FMP2100-T3 \u00e9 um componente altamente vers\u00e1til e confi\u00e1vel para uma ampla gama de aplica\u00e7\u00f5es agr\u00edcolas, particularmente nas \u00e1reas de produ\u00e7\u00e3o de forragem, silagem, palha e biomassa. Sua efici\u00eancia e durabilidade garantem que o equipamento de enfardamento de fardos redondos opere sem problemas, aumentando a produtividade e otimizando o armazenamento da colheita para diversas necessidades agr\u00edcolas.<\/p>\n<p><img loading=\"lazy\" decoding=\"async\" class=\"alignnone size-full wp-image-2528\" src=\"https:\/\/fmp-components.com\/wp-content\/uploads\/2025\/01\/Using-the-Round-Baler-Gearbox-EP2100-T3-Advantages1-scaled.webp\" alt=\"Enfardadeira redonda com caixa de engrenagens FMP2100-T3\" width=\"2560\" height=\"1421\" title=\"\" srcset=\"https:\/\/fmp-components.com\/wp-content\/uploads\/2025\/01\/Using-the-Round-Baler-Gearbox-EP2100-T3-Advantages1-scaled.webp 2560w, https:\/\/fmp-components.com\/wp-content\/uploads\/2025\/01\/Using-the-Round-Baler-Gearbox-EP2100-T3-Advantages1-1280x711.webp 1280w, https:\/\/fmp-components.com\/wp-content\/uploads\/2025\/01\/Using-the-Round-Baler-Gearbox-EP2100-T3-Advantages1-980x544.webp 980w, https:\/\/fmp-components.com\/wp-content\/uploads\/2025\/01\/Using-the-Round-Baler-Gearbox-EP2100-T3-Advantages1-480x266.webp 480w\" sizes=\"(min-width: 0px) and (max-width: 480px) 480px, (min-width: 481px) and (max-width: 980px) 980px, (min-width: 981px) and (max-width: 1280px) 1280px, (min-width: 1281px) 2560px, 100vw\" \/><\/p>\n<h3>Sobre a FMP<\/h3>\n<p>Com sede na It\u00e1lia, a FMP \u00e9 uma fabricante l\u00edder, reconhecida por sua expertise em projeto, desenvolvimento e produ\u00e7\u00e3o de caixas de engrenagens de alto desempenho, com foco especial no setor de m\u00e1quinas agr\u00edcolas. Com reputa\u00e7\u00e3o em engenharia de precis\u00e3o, solu\u00e7\u00f5es inovadoras e confiabilidade inabal\u00e1vel, a FMP tornou-se uma parceira confi\u00e1vel para atender \u00e0s necessidades em constante evolu\u00e7\u00e3o dos setores agr\u00edcola e industrial. Nossa diversificada linha de produtos inclui caixas de engrenagens especializadas para cortadores de grama, eixos de tomada de for\u00e7a e outros componentes essenciais, todos meticulosamente projetados para fornecer solu\u00e7\u00f5es personalizadas em um amplo espectro de aplica\u00e7\u00f5es.<\/p>\n<p>Na FMP, entendemos que cada cliente possui necessidades e desafios \u00fanicos. \u00c9 por isso que nos especializamos em oferecer solu\u00e7\u00f5es personalizadas, seja para componentes individuais ou sistemas totalmente integrados. Trabalhamos em estreita colabora\u00e7\u00e3o com nossos clientes para garantir que cada solu\u00e7\u00e3o seja n\u00e3o apenas eficaz, mas tamb\u00e9m eficiente, otimizando desempenho e valor. Nosso compromisso em fornecer respostas r\u00e1pidas e profissionais, aliado a uma orienta\u00e7\u00e3o especializada, garante que cada consulta seja tratada com o m\u00e1ximo cuidado e precis\u00e3o, levando aos melhores resultados poss\u00edveis.<\/p>\n<p>Priorizamos a comunica\u00e7\u00e3o aberta e cont\u00ednua durante todo o processo de desenvolvimento do produto. Nossa equipe dedicada trabalha diretamente com os clientes para entender completamente suas necessidades espec\u00edficas, oferecendo insights e recomenda\u00e7\u00f5es valiosas para garantir solu\u00e7\u00f5es ideais. Seja projetando produtos inovadores ou atendendo pedidos cont\u00ednuos, a FMP est\u00e1 comprometida em entregar solu\u00e7\u00f5es de alta qualidade e engenharia de precis\u00e3o, sempre no prazo. Nosso objetivo \u00e9 fornecer aos clientes o melhor servi\u00e7o e os melhores resultados, superando as expectativas em cada projeto.<\/p>\n<p>A qualidade \u00e9 a base das opera\u00e7\u00f5es da FMP. Seguimos os mais altos padr\u00f5es de fabrica\u00e7\u00e3o, implementando rigorosas medidas de controle de qualidade para garantir que cada produto n\u00e3o apenas atenda, mas tamb\u00e9m exceda os padr\u00f5es da ind\u00fastria. Esse compromisso inabal\u00e1vel com a qualidade, aliado aos nossos valores fundamentais de integridade, trabalho em equipe e perseveran\u00e7a, nos permitiu construir relacionamentos duradouros e baseados na confian\u00e7a com clientes em quase 30 pa\u00edses ao redor do mundo.<\/p>\n<p>A FMP est\u00e1 sempre aberta a promover parcerias globais e se dedica a oferecer consultoria especializada e solu\u00e7\u00f5es personalizadas que atendam \u00e0s diversas necessidades de nossos clientes. Vamos al\u00e9m do simples fornecimento de produtos; buscamos construir relacionamentos duradouros que contribuam para o sucesso de cada projeto. Seja para solu\u00e7\u00f5es inovadoras para uma nova iniciativa ou suporte cont\u00ednuo para um sistema existente, a FMP est\u00e1 aqui para enfrentar seus desafios t\u00e9cnicos e garantir seu sucesso cont\u00ednuo.<\/p>\n<p><img loading=\"lazy\" decoding=\"async\" class=\"alignnone size-full wp-image-1861\" src=\"https:\/\/fmp-components.com\/wp-content\/uploads\/2024\/12\/Other-Agricultural-Gearboxes.webp\" sizes=\"(min-width: 0px) and (max-width: 480px) 480px, (min-width: 481px) and (max-width: 980px) 980px, (min-width: 981px) 1200px, 100vw\" srcset=\"https:\/\/fmp-components.com\/wp-content\/uploads\/2024\/12\/Other-Agricultural-Gearboxes.webp 1200w, https:\/\/fmp-components.com\/wp-content\/uploads\/2024\/12\/Other-Agricultural-Gearboxes-980x1143.webp 980w, https:\/\/fmp-components.com\/wp-content\/uploads\/2024\/12\/Other-Agricultural-Gearboxes-480x560.webp 480w\" alt=\"Altri-cambi-agr\u00edcola\" width=\"1200\" height=\"1400\" title=\"\"><\/p>\n<p>Autor: CX<\/p>","protected":false},"excerpt":{"rendered":"<p>Round Baler Gearbox FMP2100-T3 Technical Data i Suitable Rpm input Rpm output KW(Nom) Output torque Toothing r\/min r\/min hp N.m Decelerate 2.1 :1 Round baler, harvester, etc 540 257 80 100 Gleason Helical Teeth Remark: If you have any special require feel free let me know, we also accept custom. Round Baler Gearbox FMP2100-T3 Component [&hellip;]<\/p>","protected":false},"featured_media":2524,"comment_status":"open","ping_status":"closed","template":"","meta":{"_et_pb_use_builder":"","_et_pb_old_content":"","_et_gb_content_width":""},"product_brand":[],"product_cat":[59],"product_tag":[],"class_list":{"0":"post-2523","1":"product","2":"type-product","3":"status-publish","4":"has-post-thumbnail","6":"product_cat-round-baler-gearbox","8":"first","9":"instock","10":"shipping-taxable","11":"product-type-simple"},"_links":{"self":[{"href":"https:\/\/fmp-components.com\/pt\/wp-json\/wp\/v2\/product\/2523","targetHints":{"allow":["GET"]}}],"collection":[{"href":"https:\/\/fmp-components.com\/pt\/wp-json\/wp\/v2\/product"}],"about":[{"href":"https:\/\/fmp-components.com\/pt\/wp-json\/wp\/v2\/types\/product"}],"replies":[{"embeddable":true,"href":"https:\/\/fmp-components.com\/pt\/wp-json\/wp\/v2\/comments?post=2523"}],"wp:featuredmedia":[{"embeddable":true,"href":"https:\/\/fmp-components.com\/pt\/wp-json\/wp\/v2\/media\/2524"}],"wp:attachment":[{"href":"https:\/\/fmp-components.com\/pt\/wp-json\/wp\/v2\/media?parent=2523"}],"wp:term":[{"taxonomy":"product_brand","embeddable":true,"href":"https:\/\/fmp-components.com\/pt\/wp-json\/wp\/v2\/product_brand?post=2523"},{"taxonomy":"product_cat","embeddable":true,"href":"https:\/\/fmp-components.com\/pt\/wp-json\/wp\/v2\/product_cat?post=2523"},{"taxonomy":"product_tag","embeddable":true,"href":"https:\/\/fmp-components.com\/pt\/wp-json\/wp\/v2\/product_tag?post=2523"}],"curies":[{"name":"wp","href":"https:\/\/api.w.org\/{rel}","templated":true}]}}