{"id":2515,"date":"2025-01-02T03:12:18","date_gmt":"2025-01-02T03:12:18","guid":{"rendered":"https:\/\/fmp-components.com\/?page_id=8"},"modified":"2025-01-02T03:14:23","modified_gmt":"2025-01-02T03:14:23","slug":"round-baler-gearbox-fmp246-for-round-baler-and-harvester","status":"publish","type":"product","link":"https:\/\/fmp-components.com\/pt\/product\/round-baler-gearbox-fmp246-for-round-baler-and-harvester\/","title":{"rendered":"Caixa de engrenagens para enfardadeira redonda FMP246 para enfardadeira redonda e colheitadeira"},"content":{"rendered":"<p><img loading=\"lazy\" decoding=\"async\" class=\"size-full wp-image-2521 aligncenter\" src=\"https:\/\/fmp-components.com\/wp-content\/uploads\/2025\/01\/Round-Baler-Gearbox-EP246.webp\" alt=\"Enfardadeira redonda-caixa de engrenagens-FMP246\" width=\"600\" height=\"600\" title=\"\" srcset=\"https:\/\/fmp-components.com\/wp-content\/uploads\/2025\/01\/Round-Baler-Gearbox-EP246.webp 600w, https:\/\/fmp-components.com\/wp-content\/uploads\/2025\/01\/Round-Baler-Gearbox-EP246-480x480.webp 480w\" sizes=\"(min-width: 0px) and (max-width: 480px) 480px, (min-width: 481px) 600px, 100vw\" \/><\/p>\n<h2>Caixa de engrenagens da enfardadeira redonda EP246 Dimens\u00f5es de sa\u00edda dupla<\/h2>\n<p><img loading=\"lazy\" decoding=\"async\" class=\"alignnone size-full wp-image-2519\" src=\"https:\/\/fmp-components.com\/wp-content\/uploads\/2025\/01\/Round-Baler-Gearbox-EP246-Double-Output-Dimensions.webp\" alt=\"Enfardadeira redonda - Caixa de engrenagens - EP246 - Dimens\u00f5es de sa\u00edda dupla\" width=\"1662\" height=\"834\" title=\"\" srcset=\"https:\/\/fmp-components.com\/wp-content\/uploads\/2025\/01\/Round-Baler-Gearbox-EP246-Double-Output-Dimensions.webp 1662w, https:\/\/fmp-components.com\/wp-content\/uploads\/2025\/01\/Round-Baler-Gearbox-EP246-Double-Output-Dimensions-1280x642.webp 1280w, https:\/\/fmp-components.com\/wp-content\/uploads\/2025\/01\/Round-Baler-Gearbox-EP246-Double-Output-Dimensions-980x492.webp 980w, https:\/\/fmp-components.com\/wp-content\/uploads\/2025\/01\/Round-Baler-Gearbox-EP246-Double-Output-Dimensions-480x241.webp 480w\" sizes=\"(min-width: 0px) and (max-width: 480px) 480px, (min-width: 481px) and (max-width: 980px) 980px, (min-width: 981px) and (max-width: 1280px) 1280px, (min-width: 1281px) 1662px, 100vw\" \/><\/p>\n<h2>Caixa de engrenagens de enfardadeira redonda FMP246 Dimens\u00f5es de sa\u00edda \u00fanica<\/h2>\n<p><img loading=\"lazy\" decoding=\"async\" class=\"alignnone size-full wp-image-2518\" src=\"https:\/\/fmp-components.com\/wp-content\/uploads\/2025\/01\/Round-Baler-Gearbox-EP246-Single-Output-Dimensions.webp\" alt=\"Enfardadeira redonda - Caixa de engrenagens - EP246 - Sa\u00edda \u00fanica - Dimens\u00f5es\" width=\"1425\" height=\"695\" title=\"\" srcset=\"https:\/\/fmp-components.com\/wp-content\/uploads\/2025\/01\/Round-Baler-Gearbox-EP246-Single-Output-Dimensions.webp 1425w, https:\/\/fmp-components.com\/wp-content\/uploads\/2025\/01\/Round-Baler-Gearbox-EP246-Single-Output-Dimensions-1280x624.webp 1280w, https:\/\/fmp-components.com\/wp-content\/uploads\/2025\/01\/Round-Baler-Gearbox-EP246-Single-Output-Dimensions-980x478.webp 980w, https:\/\/fmp-components.com\/wp-content\/uploads\/2025\/01\/Round-Baler-Gearbox-EP246-Single-Output-Dimensions-480x234.webp 480w\" sizes=\"(min-width: 0px) and (max-width: 480px) 480px, (min-width: 481px) and (max-width: 980px) 980px, (min-width: 981px) and (max-width: 1280px) 1280px, (min-width: 1281px) 1425px, 100vw\" \/><\/p>\n<h2>Caixa de engrenagens da enfardadeira redonda FMP246 Dados t\u00e9cnicos<\/h2>\n<table style=\"width: 98.4538%; height: 211px;\" border=\"1\" cellspacing=\"0\" cellpadding=\"0\">\n<tbody>\n<tr style=\"height: 47px;\">\n<td style=\"height: 70px;\" colspan=\"2\" rowspan=\"2\">eu<\/td>\n<td style=\"height: 70px;\" rowspan=\"2\">Adequado<\/td>\n<td style=\"height: 47px;\">Entrada de RPM<\/td>\n<td style=\"height: 47px;\">Sa\u00edda de RPM<\/td>\n<td style=\"height: 47px;\">KW(Nom)<\/td>\n<td style=\"height: 47px;\">Torque de sa\u00edda<\/td>\n<td style=\"height: 70px;\" rowspan=\"2\">Denti\u00e7\u00e3o<\/td>\n<\/tr>\n<tr style=\"height: 23px;\">\n<td style=\"height: 23px;\">rpm<\/td>\n<td style=\"height: 23px;\">rpm<\/td>\n<td style=\"height: 23px;\">cavalos de pot\u00eancia<\/td>\n<td style=\"height: 23px;\">Nm<\/td>\n<\/tr>\n<tr style=\"height: 71px;\">\n<td style=\"height: 71px;\">Desacelerar<\/td>\n<td style=\"height: 71px;\">1.92:1<\/td>\n<td style=\"height: 71px;\">Enfardadeira redonda, colheitadeira, etc.<\/td>\n<td style=\"height: 71px;\">540<\/td>\n<td style=\"height: 71px;\">282<\/td>\n<td style=\"height: 71px;\">100<\/td>\n<td style=\"height: 71px;\">2000<\/td>\n<td style=\"height: 71px;\">Gleason Helicoidal<br \/>\nDentes<\/td>\n<\/tr>\n<tr style=\"height: 23px;\">\n<td style=\"height: 23px;\" colspan=\"8\">Observa\u00e7\u00e3o: Se voc\u00ea tiver alguma necessidade especial, sinta-se \u00e0 vontade para me avisar. Tamb\u00e9m aceitamos encomendas.<\/td>\n<\/tr>\n<\/tbody>\n<\/table>\n<h2>Dimens\u00f5es do eixo da caixa de engrenagens da enfardadeira redonda FMP246<\/h2>\n<p><img loading=\"lazy\" decoding=\"async\" class=\"alignnone size-full wp-image-2517\" src=\"https:\/\/fmp-components.com\/wp-content\/uploads\/2025\/01\/Round-Baler-Gearbox-EP246-Shaft-Dimensions.webp\" alt=\"Enfardadeira redonda - Caixa de engrenagens - EP246 - Dimens\u00f5es do eixo\" width=\"1573\" height=\"474\" title=\"\" srcset=\"https:\/\/fmp-components.com\/wp-content\/uploads\/2025\/01\/Round-Baler-Gearbox-EP246-Shaft-Dimensions.webp 1573w, https:\/\/fmp-components.com\/wp-content\/uploads\/2025\/01\/Round-Baler-Gearbox-EP246-Shaft-Dimensions-1280x386.webp 1280w, https:\/\/fmp-components.com\/wp-content\/uploads\/2025\/01\/Round-Baler-Gearbox-EP246-Shaft-Dimensions-980x295.webp 980w, https:\/\/fmp-components.com\/wp-content\/uploads\/2025\/01\/Round-Baler-Gearbox-EP246-Shaft-Dimensions-480x145.webp 480w\" sizes=\"(min-width: 0px) and (max-width: 480px) 480px, (min-width: 481px) and (max-width: 980px) 980px, (min-width: 981px) and (max-width: 1280px) 1280px, (min-width: 1281px) 1573px, 100vw\" \/><\/p>\n<h2>Dimens\u00f5es do tubo de extens\u00e3o da caixa de engrenagens da enfardadeira redonda FMP246<\/h2>\n<p><img loading=\"lazy\" decoding=\"async\" class=\"alignnone size-full wp-image-2516\" src=\"https:\/\/fmp-components.com\/wp-content\/uploads\/2025\/01\/Round-Baler-Gearbox-EP246-Extension-Pipe-Dimensions.webp\" alt=\"Enfardadeira redonda-caixa de engrenagens-EP246-tubo de extens\u00e3o-dimens\u00f5es\" width=\"1554\" height=\"820\" title=\"\" srcset=\"https:\/\/fmp-components.com\/wp-content\/uploads\/2025\/01\/Round-Baler-Gearbox-EP246-Extension-Pipe-Dimensions.webp 1554w, https:\/\/fmp-components.com\/wp-content\/uploads\/2025\/01\/Round-Baler-Gearbox-EP246-Extension-Pipe-Dimensions-1280x675.webp 1280w, https:\/\/fmp-components.com\/wp-content\/uploads\/2025\/01\/Round-Baler-Gearbox-EP246-Extension-Pipe-Dimensions-980x517.webp 980w, https:\/\/fmp-components.com\/wp-content\/uploads\/2025\/01\/Round-Baler-Gearbox-EP246-Extension-Pipe-Dimensions-480x253.webp 480w\" sizes=\"(min-width: 0px) and (max-width: 480px) 480px, (min-width: 481px) and (max-width: 980px) 980px, (min-width: 981px) and (max-width: 1280px) 1280px, (min-width: 1281px) 1554px, 100vw\" \/><\/p>\n<h3>Estrutura do componente da caixa de engrenagens da enfardadeira redonda FMP246<\/h3>\n<p>A Caixa de Engrenagens para Enfardadeiras de Fardos Redondos FMP246 \u00e9 um componente robusto e de engenharia de precis\u00e3o, projetado especificamente para enfardadeiras de fardos redondos. Ela desempenha um papel crucial na opera\u00e7\u00e3o eficiente de m\u00e1quinas de enfardamento agr\u00edcola, garantindo a transmiss\u00e3o de pot\u00eancia adequada, redu\u00e7\u00e3o de velocidade e sincroniza\u00e7\u00e3o mec\u00e2nica. Abaixo, uma an\u00e1lise detalhada da estrutura dos componentes da Caixa de Engrenagens para Enfardadeiras de Fardos Redondos FMP246:<\/p>\n<p><strong>Habita\u00e7\u00e3o<\/strong><\/p>\n<ul>\n<li>Material e fun\u00e7\u00e3o: A caixa \u00e9 normalmente feita de ferro fundido ou a\u00e7o de alta resist\u00eancia, proporcionando durabilidade e protegendo os componentes internos de impactos externos, poeira e umidade.<\/li>\n<li>Finalidade: Abriga todas as engrenagens, eixos e rolamentos internos, garantindo que a caixa de engrenagens seja resistente a condi\u00e7\u00f5es adversas de campo e tens\u00f5es mec\u00e2nicas.<\/li>\n<li>Benef\u00edcio: Garante a estabilidade a longo prazo da caixa de engrenagens e protege os componentes de precis\u00e3o internos.<\/li>\n<\/ul>\n<p><strong>Eixo de entrada<\/strong><\/p>\n<ul>\n<li>Material e fun\u00e7\u00e3o: O eixo de entrada geralmente \u00e9 feito de a\u00e7o de alta qualidade e se conecta diretamente ao sistema de tomada de for\u00e7a (TDF) do trator.<\/li>\n<li>Finalidade: \u00c9 respons\u00e1vel por receber o movimento rotacional e o torque do trator e transferi-los para o sistema de caixa de engrenagens.<\/li>\n<li>Benef\u00edcio: garante que a pot\u00eancia seja transmitida de forma eficiente do trator para a caixa de engrenagens com perda m\u00ednima.<\/li>\n<\/ul>\n<p><strong>Eixo de sa\u00edda<\/strong><\/p>\n<ul>\n<li>Material e fun\u00e7\u00e3o: Semelhante ao eixo de entrada, o eixo de sa\u00edda \u00e9 feito de a\u00e7o de alta resist\u00eancia para suportar a carga mec\u00e2nica da caixa de engrenagens.<\/li>\n<li>Finalidade: Transmite a pot\u00eancia da caixa de engrenagens para os mecanismos internos da enfardadeira de fardos redondos, como os rolos, o sistema de compress\u00e3o e o mecanismo de amarra\u00e7\u00e3o.<\/li>\n<li>Benef\u00edcio: Oferece pot\u00eancia suave e consistente para garantir opera\u00e7\u00f5es de enfardamento eficientes.<\/li>\n<\/ul>\n<p><strong>Sistema de Engrenagem Planet\u00e1ria<\/strong><\/p>\n<ul>\n<li>Material e fun\u00e7\u00e3o: O sistema de engrenagens planet\u00e1rias \u00e9 um conjunto de engrenagens que inclui a engrenagem solar, engrenagens planet\u00e1rias e uma engrenagem anelar, todas feitas de a\u00e7o temperado ou materiais de liga.<\/li>\n<li>Objetivo: Este sistema de engrenagens proporciona multiplica\u00e7\u00e3o de torque e redu\u00e7\u00e3o de velocidade, convertendo alta velocidade de rota\u00e7\u00e3o da TDF em velocidade de rota\u00e7\u00e3o ideal para a enfardadeira.<\/li>\n<li>Benef\u00edcio: Garante uma opera\u00e7\u00e3o eficiente ao fornecer o torque necess\u00e1rio para lidar com tarefas pesadas de enfardamento, mantendo a efici\u00eancia operacional.<\/li>\n<\/ul>\n<p><strong>Rolamentos e veda\u00e7\u00f5es<\/strong><\/p>\n<ul>\n<li>Material e fun\u00e7\u00e3o: os rolamentos s\u00e3o normalmente feitos de a\u00e7o ou cer\u00e2mica de alta qualidade, enquanto as veda\u00e7\u00f5es s\u00e3o feitas de borracha dur\u00e1vel ou materiais sint\u00e9ticos.<\/li>\n<li>Finalidade: Os rolamentos sustentam os eixos e engrenagens rotativos, reduzindo o atrito e garantindo uma rota\u00e7\u00e3o suave. As veda\u00e7\u00f5es impedem a entrada de sujeira, umidade e contaminantes na caixa de engrenagens, mantendo sua limpeza interna e desempenho.<\/li>\n<li>Benef\u00edcio: Reduz o desgaste, garante longa vida \u00fatil e melhora a efici\u00eancia da caixa de engrenagens, minimizando o atrito e evitando contamina\u00e7\u00e3o.<\/li>\n<\/ul>\n<p>A Caixa de Engrenagens para Enfardadeiras de Fardos Redondos FMP246 apresenta um design altamente estruturado e cuidadosamente projetado que garante uma opera\u00e7\u00e3o eficiente, confi\u00e1vel e suave em ambientes agr\u00edcolas exigentes. Seus componentes \u2014 incluindo a carca\u00e7a, eixos de entrada\/sa\u00edda, engrenagens planet\u00e1rias, rolamentos e sistema de lubrifica\u00e7\u00e3o \u2014 trabalham em harmonia para garantir que a pot\u00eancia seja transmitida com efici\u00eancia, o torque otimizado e a caixa de engrenagens opere suavemente por longos per\u00edodos. Essa estrutura torna a FMP246 a escolha ideal para aplica\u00e7\u00f5es pesadas de enfardamento de fardos redondos, oferecendo durabilidade, efici\u00eancia e facilidade de manuten\u00e7\u00e3o.<\/p>\n<p><img loading=\"lazy\" decoding=\"async\" class=\"alignnone size-full wp-image-2520\" src=\"https:\/\/fmp-components.com\/wp-content\/uploads\/2025\/01\/Round-Baler-Gearbox-EP246-Component-Structure-scaled.webp\" alt=\"Estrutura do componente da caixa de engrenagens da enfardadeira redonda FMP246\" width=\"2560\" height=\"2544\" title=\"\" srcset=\"https:\/\/fmp-components.com\/wp-content\/uploads\/2025\/01\/Round-Baler-Gearbox-EP246-Component-Structure-scaled.webp 2560w, https:\/\/fmp-components.com\/wp-content\/uploads\/2025\/01\/Round-Baler-Gearbox-EP246-Component-Structure-1280x1272.webp 1280w, https:\/\/fmp-components.com\/wp-content\/uploads\/2025\/01\/Round-Baler-Gearbox-EP246-Component-Structure-980x974.webp 980w, https:\/\/fmp-components.com\/wp-content\/uploads\/2025\/01\/Round-Baler-Gearbox-EP246-Component-Structure-480x477.webp 480w\" sizes=\"(min-width: 0px) and (max-width: 480px) 480px, (min-width: 481px) and (max-width: 980px) 980px, (min-width: 981px) and (max-width: 1280px) 1280px, (min-width: 1281px) 2560px, 100vw\" \/><\/p>\n<h2>Vantagens da caixa de engrenagens da enfardadeira redonda FMP246<\/h2>\n<p>A Caixa de Engrenagens para Enfardadeira de Fardos Redondos FMP246 foi projetada especificamente para atender \u00e0s exigentes necessidades dos equipamentos de enfardamento agr\u00edcola. Com seu design robusto e recursos inovadores, ela oferece diversas vantagens importantes que contribuem para maior efici\u00eancia, durabilidade e desempenho. Abaixo, os principais benef\u00edcios da utiliza\u00e7\u00e3o da Caixa de Engrenagens para Enfardadeira de Fardos Redondos FMP246:<\/p>\n<p><strong>Alto torque e efici\u00eancia de transmiss\u00e3o de pot\u00eancia<\/strong><\/p>\n<ul>\n<li>Benef\u00edcio: A caixa de engrenagens FMP246 foi projetada para lidar com transmiss\u00e3o de alto torque com perda m\u00ednima de pot\u00eancia, garantindo que a enfardadeira redonda opere com efici\u00eancia, mesmo sob condi\u00e7\u00f5es de carga pesada.<\/li>\n<li>Impacto: Isso permite o enfardamento eficaz de materiais densos, aumentando a produtividade e reduzindo o consumo de combust\u00edvel ao otimizar a transfer\u00eancia de pot\u00eancia do trator.<\/li>\n<\/ul>\n<p><strong>Durabilidade e Longevidade<\/strong><\/p>\n<ul>\n<li>Benef\u00edcio: Constru\u00edda com materiais de alta resist\u00eancia, como a\u00e7o temperado e ferro fundido, a caixa de engrenagens FMP246 foi criada para suportar os rigores da opera\u00e7\u00e3o cont\u00ednua em condi\u00e7\u00f5es adversas de campo.<\/li>\n<li>Impacto: Seu design robusto garante longevidade, reduzindo a necessidade de reparos ou substitui\u00e7\u00f5es frequentes e contribuindo para menores custos de manuten\u00e7\u00e3o.<\/li>\n<\/ul>\n<p><strong>Transfer\u00eancia de pot\u00eancia suave e vibra\u00e7\u00e3o reduzida<\/strong><\/p>\n<ul>\n<li>Benef\u00edcio: O FMP246 incorpora sistemas avan\u00e7ados de engrenagens planet\u00e1rias que reduzem as vibra\u00e7\u00f5es e proporcionam transfer\u00eancia de pot\u00eancia suave e consistente.<\/li>\n<li>Impacto: Isso resulta em uma opera\u00e7\u00e3o mais silenciosa e um processo de enfardamento mais suave, minimizando o desgaste tanto na caixa de engrenagens quanto nas m\u00e1quinas conectadas, o que leva a uma vida \u00fatil mais longa.<\/li>\n<\/ul>\n<p><strong>F\u00e1cil integra\u00e7\u00e3o com v\u00e1rios modelos de enfardadeiras<\/strong><\/p>\n<ul>\n<li>Benef\u00edcio: A caixa de engrenagens FMP246 foi projetada com versatilidade em mente, apresentando op\u00e7\u00f5es de montagem padronizadas e compatibilidade com uma ampla gama de enfardadeiras redondas.<\/li>\n<li>Impacto: Essa flexibilidade permite f\u00e1cil integra\u00e7\u00e3o com equipamentos existentes, tornando-a uma op\u00e7\u00e3o econ\u00f4mica para agricultores que buscam substituir ou atualizar suas m\u00e1quinas de enfardamento.<\/li>\n<\/ul>\n<p><strong>Baixos requisitos de manuten\u00e7\u00e3o<\/strong><\/p>\n<ul>\n<li>Benef\u00edcio: Gra\u00e7as aos rolamentos, veda\u00e7\u00f5es e sistema de lubrifica\u00e7\u00e3o de alta qualidade, a caixa de engrenagens FMP246 requer manuten\u00e7\u00e3o m\u00ednima. Verifica\u00e7\u00f5es e trocas de \u00f3leo regulares geralmente s\u00e3o suficientes para manter a caixa de engrenagens funcionando perfeitamente.<\/li>\n<li>Impacto: Isso reduz o tempo de inatividade e os custos de manuten\u00e7\u00e3o, tornando-o ideal para agricultores que precisam de equipamentos confi\u00e1veis \u200b\u200be de baixa manuten\u00e7\u00e3o para suas opera\u00e7\u00f5es di\u00e1rias.<\/li>\n<\/ul>\n<p>A Caixa de Engrenagens para Enfardadeiras de Fardos Redondos FMP246 oferece in\u00fameras vantagens que a tornam um complemento valioso para m\u00e1quinas agr\u00edcolas. Sua durabilidade, efici\u00eancia e opera\u00e7\u00e3o suave garantem que os agricultores possam contar com ela para um desempenho consistente em diversas tarefas de enfardamento. Seja para redu\u00e7\u00e3o do tempo de inatividade, melhor transfer\u00eancia de pot\u00eancia ou equipamentos mais dur\u00e1veis, a caixa de engrenagens FMP246 foi projetada para atender \u00e0s altas demandas da agricultura moderna.<\/p>\n<p><img loading=\"lazy\" decoding=\"async\" class=\"alignnone size-full wp-image-2505\" src=\"https:\/\/fmp-components.com\/wp-content\/uploads\/2025\/01\/Round-Baler-Gearbox-191-scaled.webp\" alt=\"Enfardadeira redonda-caixa de engrenagens-19(1)\" width=\"2560\" height=\"1920\" title=\"\" srcset=\"https:\/\/fmp-components.com\/wp-content\/uploads\/2025\/01\/Round-Baler-Gearbox-191-scaled.webp 2560w, https:\/\/fmp-components.com\/wp-content\/uploads\/2025\/01\/Round-Baler-Gearbox-191-1280x960.webp 1280w, https:\/\/fmp-components.com\/wp-content\/uploads\/2025\/01\/Round-Baler-Gearbox-191-980x735.webp 980w, https:\/\/fmp-components.com\/wp-content\/uploads\/2025\/01\/Round-Baler-Gearbox-191-480x360.webp 480w\" sizes=\"(min-width: 0px) and (max-width: 480px) 480px, (min-width: 481px) and (max-width: 980px) 980px, (min-width: 981px) and (max-width: 1280px) 1280px, (min-width: 1281px) 2560px, 100vw\" \/><\/p>\n<h3>Sobre a FMP<\/h3>\n<p>Com sede na It\u00e1lia, a FMP \u00e9 uma fabricante l\u00edder, reconhecida por sua expertise em projeto, desenvolvimento e produ\u00e7\u00e3o de caixas de engrenagens de alto desempenho, com foco especial no setor de m\u00e1quinas agr\u00edcolas. Com reputa\u00e7\u00e3o em engenharia de precis\u00e3o, solu\u00e7\u00f5es inovadoras e confiabilidade inabal\u00e1vel, a FMP tornou-se uma parceira confi\u00e1vel para atender \u00e0s necessidades em constante evolu\u00e7\u00e3o dos setores agr\u00edcola e industrial. Nossa diversificada linha de produtos inclui caixas de engrenagens especializadas para cortadores de grama, eixos de tomada de for\u00e7a e outros componentes essenciais, todos meticulosamente projetados para fornecer solu\u00e7\u00f5es personalizadas em um amplo espectro de aplica\u00e7\u00f5es.<\/p>\n<p>Na FMP, entendemos que cada cliente possui necessidades e desafios \u00fanicos. \u00c9 por isso que nos especializamos em oferecer solu\u00e7\u00f5es personalizadas, seja para componentes individuais ou sistemas totalmente integrados. Trabalhamos em estreita colabora\u00e7\u00e3o com nossos clientes para garantir que cada solu\u00e7\u00e3o seja n\u00e3o apenas eficaz, mas tamb\u00e9m eficiente, otimizando desempenho e valor. Nosso compromisso em fornecer respostas r\u00e1pidas e profissionais, aliado a uma orienta\u00e7\u00e3o especializada, garante que cada consulta seja tratada com o m\u00e1ximo cuidado e precis\u00e3o, levando aos melhores resultados poss\u00edveis.<\/p>\n<p>Priorizamos a comunica\u00e7\u00e3o aberta e cont\u00ednua durante todo o processo de desenvolvimento do produto. Nossa equipe dedicada trabalha diretamente com os clientes para entender completamente suas necessidades espec\u00edficas, oferecendo insights e recomenda\u00e7\u00f5es valiosas para garantir solu\u00e7\u00f5es ideais. Seja projetando produtos inovadores ou atendendo pedidos cont\u00ednuos, a FMP est\u00e1 comprometida em entregar solu\u00e7\u00f5es de alta qualidade e engenharia de precis\u00e3o, sempre no prazo. Nosso objetivo \u00e9 fornecer aos clientes o melhor servi\u00e7o e os melhores resultados, superando as expectativas em cada projeto.<\/p>\n<p>A qualidade \u00e9 a base das opera\u00e7\u00f5es da FMP. Seguimos os mais altos padr\u00f5es de fabrica\u00e7\u00e3o, implementando rigorosas medidas de controle de qualidade para garantir que cada produto n\u00e3o apenas atenda, mas tamb\u00e9m exceda os padr\u00f5es da ind\u00fastria. Esse compromisso inabal\u00e1vel com a qualidade, aliado aos nossos valores fundamentais de integridade, trabalho em equipe e perseveran\u00e7a, nos permitiu construir relacionamentos duradouros e baseados na confian\u00e7a com clientes em quase 30 pa\u00edses ao redor do mundo.<\/p>\n<p>A FMP est\u00e1 sempre aberta a promover parcerias globais e se dedica a oferecer consultoria especializada e solu\u00e7\u00f5es personalizadas que atendam \u00e0s diversas necessidades de nossos clientes. Vamos al\u00e9m do simples fornecimento de produtos; buscamos construir relacionamentos duradouros que contribuam para o sucesso de cada projeto. Seja para solu\u00e7\u00f5es inovadoras para uma nova iniciativa ou suporte cont\u00ednuo para um sistema existente, a FMP est\u00e1 aqui para enfrentar seus desafios t\u00e9cnicos e garantir seu sucesso cont\u00ednuo.<\/p>\n<p><img loading=\"lazy\" decoding=\"async\" class=\"alignnone size-full wp-image-1861\" src=\"https:\/\/fmp-components.com\/wp-content\/uploads\/2024\/12\/Other-Agricultural-Gearboxes.webp\" sizes=\"(min-width: 0px) and (max-width: 480px) 480px, (min-width: 481px) and (max-width: 980px) 980px, (min-width: 981px) 1200px, 100vw\" srcset=\"https:\/\/fmp-components.com\/wp-content\/uploads\/2024\/12\/Other-Agricultural-Gearboxes.webp 1200w, https:\/\/fmp-components.com\/wp-content\/uploads\/2024\/12\/Other-Agricultural-Gearboxes-980x1143.webp 980w, https:\/\/fmp-components.com\/wp-content\/uploads\/2024\/12\/Other-Agricultural-Gearboxes-480x560.webp 480w\" alt=\"Altri-cambi-agr\u00edcola\" width=\"1200\" height=\"1400\" title=\"\"><\/p>\n<p>Autor: CX<\/p>","protected":false},"excerpt":{"rendered":"<p>Round Baler Gearbox EP246 Double Output Dimensions Round Baler Gearbox FMP246 Single Output Dimensions Round Baler Gearbox FMP246 Technical Data i Suitable Rpm input Rpm output KW(Nom) Output torque Toothing r\/min r\/min hp N.m Decelerate 1.92:1 Round baler, harvester, etc 540 282 100 2000 Gleason Helical Teeth Remark: If you have any special require feel [&hellip;]<\/p>","protected":false},"featured_media":2521,"comment_status":"open","ping_status":"closed","template":"","meta":{"_et_pb_use_builder":"","_et_pb_old_content":"","_et_gb_content_width":""},"product_brand":[],"product_cat":[59],"product_tag":[],"class_list":{"0":"post-2515","1":"product","2":"type-product","3":"status-publish","4":"has-post-thumbnail","6":"product_cat-round-baler-gearbox","8":"first","9":"instock","10":"shipping-taxable","11":"product-type-simple"},"_links":{"self":[{"href":"https:\/\/fmp-components.com\/pt\/wp-json\/wp\/v2\/product\/2515","targetHints":{"allow":["GET"]}}],"collection":[{"href":"https:\/\/fmp-components.com\/pt\/wp-json\/wp\/v2\/product"}],"about":[{"href":"https:\/\/fmp-components.com\/pt\/wp-json\/wp\/v2\/types\/product"}],"replies":[{"embeddable":true,"href":"https:\/\/fmp-components.com\/pt\/wp-json\/wp\/v2\/comments?post=2515"}],"wp:featuredmedia":[{"embeddable":true,"href":"https:\/\/fmp-components.com\/pt\/wp-json\/wp\/v2\/media\/2521"}],"wp:attachment":[{"href":"https:\/\/fmp-components.com\/pt\/wp-json\/wp\/v2\/media?parent=2515"}],"wp:term":[{"taxonomy":"product_brand","embeddable":true,"href":"https:\/\/fmp-components.com\/pt\/wp-json\/wp\/v2\/product_brand?post=2515"},{"taxonomy":"product_cat","embeddable":true,"href":"https:\/\/fmp-components.com\/pt\/wp-json\/wp\/v2\/product_cat?post=2515"},{"taxonomy":"product_tag","embeddable":true,"href":"https:\/\/fmp-components.com\/pt\/wp-json\/wp\/v2\/product_tag?post=2515"}],"curies":[{"name":"wp","href":"https:\/\/api.w.org\/{rel}","templated":true}]}}