{"id":2476,"date":"2025-01-01T08:57:07","date_gmt":"2025-01-01T08:57:07","guid":{"rendered":"https:\/\/fmp-components.com\/?page_id=8"},"modified":"2025-01-02T01:23:56","modified_gmt":"2025-01-02T01:23:56","slug":"round-baler-gearbox-replacement-of-comer-code-t-292e","status":"publish","type":"product","link":"https:\/\/fmp-components.com\/pt\/product\/round-baler-gearbox-replacement-of-comer-code-t-292e\/","title":{"rendered":"Caixa de engrenagens da enfardadeira redonda \u2013 Substitui\u00e7\u00e3o do c\u00f3digo Comer T-292E"},"content":{"rendered":"<p><img loading=\"lazy\" decoding=\"async\" class=\"size-full wp-image-2477 aligncenter\" src=\"https:\/\/fmp-components.com\/wp-content\/uploads\/2025\/01\/round-baler-gearbox-t292e-11.webp\" alt=\"caixa de engrenagens da enfardadeira redonda t292e-1(1)\" width=\"372\" height=\"300\" title=\"\" srcset=\"https:\/\/fmp-components.com\/wp-content\/uploads\/2025\/01\/round-baler-gearbox-t292e-11.webp 372w, https:\/\/fmp-components.com\/wp-content\/uploads\/2025\/01\/round-baler-gearbox-t292e-11-300x242.webp 300w, https:\/\/fmp-components.com\/wp-content\/uploads\/2025\/01\/round-baler-gearbox-t292e-11-15x12.webp 15w\" sizes=\"(max-width: 372px) 100vw, 372px\" \/><\/p>\n<h2>Especifica\u00e7\u00e3o da caixa de engrenagens da enfardadeira redonda T292E<\/h2>\n<p><img loading=\"lazy\" decoding=\"async\" class=\"alignnone wp-image-2478\" src=\"https:\/\/fmp-components.com\/wp-content\/uploads\/2025\/01\/china-round-baler-gearbox-details-T292E.webp\" alt=\"detalhes da caixa de engrenagens da enfardadeira redonda chinesa T292E\" width=\"911\" height=\"811\" title=\"\" srcset=\"https:\/\/fmp-components.com\/wp-content\/uploads\/2025\/01\/china-round-baler-gearbox-details-T292E.webp 911w, https:\/\/fmp-components.com\/wp-content\/uploads\/2025\/01\/china-round-baler-gearbox-details-T292E-480x427.webp 480w\" sizes=\"(min-width: 0px) and (max-width: 480px) 480px, (min-width: 481px) 911px, 100vw\" \/><\/p>\n<table style=\"width: 98.5091%; height: 503px;\" border=\"1\">\n<tbody>\n<tr>\n<td><strong>eu<\/strong><\/td>\n<td>1.86<\/td>\n<\/tr>\n<tr>\n<td><strong>N<sub>1<\/sub>[rpm]<\/strong><\/td>\n<td>540<\/td>\n<\/tr>\n<tr>\n<td><strong>P<sub>1<\/sub>[kW]<\/strong><\/td>\n<td>47.7<\/td>\n<\/tr>\n<tr>\n<td><strong>M<sub>2<\/sub>[Nm]<\/strong><\/td>\n<td>&#8211;<\/td>\n<\/tr>\n<tr>\n<td><strong>Eixo X<br \/>\n<img loading=\"lazy\" decoding=\"async\" class=\"size-full wp-image-2473 aligncenter\" src=\"https:\/\/fmp-components.com\/wp-content\/uploads\/2025\/01\/shaft-x.webp\" alt=\"eixo-x\" width=\"81\" height=\"78\" title=\"\" srcset=\"https:\/\/fmp-components.com\/wp-content\/uploads\/2025\/01\/shaft-x.webp 81w, https:\/\/fmp-components.com\/wp-content\/uploads\/2025\/01\/shaft-x-12x12.webp 12w\" sizes=\"(max-width: 81px) 100vw, 81px\" \/><br \/>\n<\/strong><\/td>\n<td>\u00a01\u201d 3\/8 Z6<\/td>\n<\/tr>\n<tr>\n<td><strong>Eixo Y<img loading=\"lazy\" decoding=\"async\" class=\"size-full wp-image-2473 aligncenter\" src=\"https:\/\/fmp-components.com\/wp-content\/uploads\/2025\/01\/shaft-x.webp\" alt=\"eixo-x\" width=\"81\" height=\"78\" title=\"\" srcset=\"https:\/\/fmp-components.com\/wp-content\/uploads\/2025\/01\/shaft-x.webp 81w, https:\/\/fmp-components.com\/wp-content\/uploads\/2025\/01\/shaft-x-12x12.webp 12w\" sizes=\"(max-width: 81px) 100vw, 81px\" \/><\/strong><\/td>\n<td>1\u201d 3\/8 Z6<\/td>\n<\/tr>\n<tr>\n<td><strong>Eixo Z<img loading=\"lazy\" decoding=\"async\" class=\"size-full wp-image-2480 aligncenter\" src=\"https:\/\/fmp-components.com\/wp-content\/uploads\/2025\/01\/shaft1.webp\" alt=\"haste\" width=\"83\" height=\"83\" title=\"\" srcset=\"https:\/\/fmp-components.com\/wp-content\/uploads\/2025\/01\/shaft1.webp 83w, https:\/\/fmp-components.com\/wp-content\/uploads\/2025\/01\/shaft1-12x12.webp 12w\" sizes=\"(max-width: 83px) 100vw, 83px\" \/><\/strong><\/td>\n<td>L200 \u03a655<\/td>\n<\/tr>\n<tr>\n<td><strong>Entrada<\/strong><\/td>\n<td>X<\/td>\n<\/tr>\n<\/tbody>\n<\/table>\n<h2>Caracter\u00edsticas da caixa de engrenagens da enfardadeira redonda<\/h2>\n<p>A caixa de engrenagens da enfardadeira de fardos redondos \u00e9 um componente essencial em m\u00e1quinas de enfardamento agr\u00edcola, garantindo a opera\u00e7\u00e3o eficaz das enfardadeiras de fardos redondos. Abaixo est\u00e3o as principais caracter\u00edsticas de uma caixa de engrenagens t\u00edpica de enfardadeira de fardos redondos, projetada para aprimorar o desempenho, a durabilidade e a confiabilidade:<\/p>\n<p><strong>Alta capacidade de torque<\/strong><\/p>\n<p>As caixas de engrenagens das enfardadeiras de fardos redondos s\u00e3o projetadas para fornecer alto torque, permitindo que a enfardadeira manuseie com efici\u00eancia grandes volumes de material vegetal, incluindo feno, palha e silagem. O alto torque de sa\u00edda garante que a enfardadeira opere suavemente, mesmo sob condi\u00e7\u00f5es de carga pesada.<\/p>\n<ul>\n<li>Benef\u00edcio: Fornece energia consistente e confi\u00e1vel para culturas densas e com alta umidade, reduzindo o risco de sobrecarga.<\/li>\n<\/ul>\n<p><strong>Constru\u00e7\u00e3o robusta<\/strong><\/p>\n<p>As caixas de engrenagens das enfardadeiras circulares s\u00e3o constru\u00eddas com materiais de alta resist\u00eancia que suportam as condi\u00e7\u00f5es adversas das opera\u00e7\u00f5es agr\u00edcolas. A carca\u00e7a e as engrenagens dur\u00e1veis \u200b\u200bgarantem um desempenho duradouro, mesmo em ambientes exigentes, como condi\u00e7\u00f5es clim\u00e1ticas adversas, umidade e alta press\u00e3o.<\/p>\n<ul>\n<li>Benef\u00edcio: Maximiza a durabilidade e minimiza o risco de quebras, reduzindo o tempo de inatividade e os custos de manuten\u00e7\u00e3o.<\/li>\n<\/ul>\n<p><strong>Rela\u00e7\u00e3o de engrenagem precisa (por exemplo, 1:3 ou 1:4)<\/strong><\/p>\n<p>A rela\u00e7\u00e3o de transmiss\u00e3o de uma enfardadeira de fardos redondos \u00e9 otimizada para equilibrar torque e velocidade. Rela\u00e7\u00f5es comuns, como 1:3 ou 1:4, fornecem a pot\u00eancia necess\u00e1ria para formar fardos compactos e uniformes sem sobrecarregar o sistema. A rela\u00e7\u00e3o de transmiss\u00e3o adequada ajuda a enfardadeira a operar com efici\u00eancia em diversos tipos de culturas.<\/p>\n<ul>\n<li>Benef\u00edcio: garante opera\u00e7\u00e3o suave e forma\u00e7\u00e3o consistente de fardos em diferentes materiais e condi\u00e7\u00f5es de campo.<\/li>\n<\/ul>\n<p><strong>Opera\u00e7\u00e3o suave com baixa vibra\u00e7\u00e3o<\/strong><\/p>\n<p>As caixas de engrenagens das enfardadeiras circulares s\u00e3o projetadas para uma opera\u00e7\u00e3o suave, com designs avan\u00e7ados que minimizam vibra\u00e7\u00f5es e tens\u00f5es mec\u00e2nicas. Isso resulta em uma opera\u00e7\u00e3o mais silenciosa e reduz o desgaste tanto da caixa de engrenagens quanto de outras pe\u00e7as conectadas.<\/p>\n<ul>\n<li>Benef\u00edcio: Aumenta a longevidade da caixa de engrenagens e dos componentes conectados, ao mesmo tempo em que proporciona um processo de enfardamento mais silencioso e eficiente.<\/li>\n<\/ul>\n<p><strong>Design de f\u00e1cil manuten\u00e7\u00e3o<\/strong><\/p>\n<p>A caixa de engrenagens foi projetada para f\u00e1cil manuten\u00e7\u00e3o, com pontos de acesso para lubrifica\u00e7\u00e3o, inspe\u00e7\u00e3o e manuten\u00e7\u00e3o. As tarefas regulares de manuten\u00e7\u00e3o s\u00e3o simplificadas, garantindo que os operadores possam manter a caixa de engrenagens funcionando com efici\u00eancia, sem tempo de inatividade excessivo.<\/p>\n<ul>\n<li>Benef\u00edcio: Reduz a complexidade e o tempo necess\u00e1rio para manuten\u00e7\u00e3o, aumentando o tempo de atividade operacional.<\/li>\n<\/ul>\n<p>A caixa de engrenagens da enfardadeira de fardos redondos \u00e9 um componente essencial para a opera\u00e7\u00e3o eficiente de enfardadeiras. Sua alta capacidade de torque, constru\u00e7\u00e3o robusta, rela\u00e7\u00f5es de transmiss\u00e3o precisas e design de f\u00e1cil manuten\u00e7\u00e3o garantem desempenho, confiabilidade e longevidade ideais nas opera\u00e7\u00f5es agr\u00edcolas. Seja para enfardamento de feno, palha ou silagem, a caixa de engrenagens da enfardadeira de fardos redondos proporciona opera\u00e7\u00f5es suaves, eficientes e econ\u00f4micas, tornando-se um investimento valioso para agricultores e empreiteiros.<\/p>\n<p><img loading=\"lazy\" decoding=\"async\" class=\"size-full wp-image-2479 aligncenter\" src=\"https:\/\/fmp-components.com\/wp-content\/uploads\/2025\/01\/round-baler-gearbox-T292E-e1.webp\" alt=\"caixa de engrenagens da enfardadeira redonda T292E-e(1)\" width=\"500\" height=\"500\" title=\"\" srcset=\"https:\/\/fmp-components.com\/wp-content\/uploads\/2025\/01\/round-baler-gearbox-T292E-e1.webp 500w, https:\/\/fmp-components.com\/wp-content\/uploads\/2025\/01\/round-baler-gearbox-T292E-e1-480x480.webp 480w\" sizes=\"(min-width: 0px) and (max-width: 480px) 480px, (min-width: 481px) 500px, 100vw\" \/><\/p>\n<h3>Sobre a FMP<\/h3>\n<p>Com sede na It\u00e1lia, a FMP \u00e9 l\u00edder reconhecida em design, desenvolvimento e fabrica\u00e7\u00e3o de caixas de engrenagens de alto desempenho, com forte \u00eanfase em m\u00e1quinas agr\u00edcolas. Reconhecida por sua engenharia de precis\u00e3o, solu\u00e7\u00f5es inovadoras e confiabilidade inquestion\u00e1vel, a FMP conquistou a confian\u00e7a dos setores agr\u00edcola e industrial. Nosso abrangente portf\u00f3lio de produtos inclui caixas de engrenagens especializadas para cortadores de grama, eixos de tomada de for\u00e7a e outros componentes essenciais, todos projetados para oferecer solu\u00e7\u00f5es personalizadas para uma ampla gama de aplica\u00e7\u00f5es.<\/p>\n<p>Na FMP, entendemos que cada cliente tem desafios e necessidades \u00fanicas. \u00c9 por isso que nos especializamos em fornecer solu\u00e7\u00f5es personalizadas, seja para componentes individuais ou sistemas integrados completos. Colaboramos estreitamente com nossos clientes para garantir que cada solu\u00e7\u00e3o seja n\u00e3o apenas eficaz, mas tamb\u00e9m eficiente, otimizando desempenho e valor. Nosso compromisso com respostas r\u00e1pidas e profissionais, al\u00e9m de orienta\u00e7\u00e3o especializada, garante que cada consulta seja gerenciada com precis\u00e3o, resultando nos melhores resultados poss\u00edveis.<\/p>\n<p>Damos grande import\u00e2ncia \u00e0 comunica\u00e7\u00e3o aberta e cont\u00ednua durante todo o processo de desenvolvimento do produto. Nossa equipe dedicada trabalha diretamente com os clientes para entender completamente suas necessidades espec\u00edficas, oferecendo recomenda\u00e7\u00f5es criteriosas e solu\u00e7\u00f5es pr\u00e1ticas. Seja desenvolvendo produtos novos e inovadores ou atendendo a pedidos cont\u00ednuos, a FMP se mant\u00e9m firme na entrega de solu\u00e7\u00f5es de alta qualidade e engenharia de precis\u00e3o, de forma consistente e dentro do prazo. Nosso objetivo \u00e9 superar as expectativas dos clientes, oferecendo um servi\u00e7o incompar\u00e1vel e resultados excepcionais em cada projeto.<\/p>\n<p>No centro das opera\u00e7\u00f5es da FMP est\u00e1 um compromisso inabal\u00e1vel com a qualidade. Mantemos os mais altos padr\u00f5es de fabrica\u00e7\u00e3o e aplicamos rigorosos protocolos de controle de qualidade para garantir que cada produto n\u00e3o apenas atenda, mas supere as expectativas da ind\u00fastria. Essa dedica\u00e7\u00e3o \u00e0 qualidade, aliada aos nossos valores fundamentais de integridade, colabora\u00e7\u00e3o e resili\u00eancia, nos permitiu estabelecer relacionamentos duradouros com clientes em mais de 30 pa\u00edses ao redor do mundo.<\/p>\n<p>A FMP est\u00e1 comprometida em construir parcerias globais e continua dedicada a oferecer consultoria especializada e solu\u00e7\u00f5es personalizadas que atendam \u00e0s diversas necessidades de nossos clientes. N\u00e3o nos limitamos a fornecer produtos \u2014 cultivamos relacionamentos de longo prazo que contribuem para o sucesso cont\u00ednuo de cada projeto. Seja buscando solu\u00e7\u00f5es inovadoras para um novo empreendimento ou suporte cont\u00ednuo para um sistema j\u00e1 estabelecido, a FMP est\u00e1 aqui para atender aos seus desafios t\u00e9cnicos e garantir seu crescimento cont\u00ednuo.<\/p>\n<p><img loading=\"lazy\" decoding=\"async\" class=\"alignnone size-full wp-image-1861\" src=\"https:\/\/fmp-components.com\/wp-content\/uploads\/2024\/12\/Other-Agricultural-Gearboxes.webp\" sizes=\"(min-width: 0px) and (max-width: 480px) 480px, (min-width: 481px) and (max-width: 980px) 980px, (min-width: 981px) 1200px, 100vw\" srcset=\"https:\/\/fmp-components.com\/wp-content\/uploads\/2024\/12\/Other-Agricultural-Gearboxes.webp 1200w, https:\/\/fmp-components.com\/wp-content\/uploads\/2024\/12\/Other-Agricultural-Gearboxes-980x1143.webp 980w, https:\/\/fmp-components.com\/wp-content\/uploads\/2024\/12\/Other-Agricultural-Gearboxes-480x560.webp 480w\" alt=\"Altri-cambi-agr\u00edcola\" width=\"1200\" height=\"1400\" title=\"\"><\/p>\n<p>Autor: CX<\/p>","protected":false},"excerpt":{"rendered":"<p>Round Baler Gearbox T292E\u00a0Specification i 1.86 N1[rpm] 540 P1[kW] 47.7 M2[Nm] &#8211; Shaft X \u00a01&#8221; 3\/8 Z6 Shaft Y 1&#8221; 3\/8 Z6 Shaft Z L200 \u03a655 Input X Round Baler Gearbox Features The Round Baler Gearbox is a critical component in agricultural baling machinery, ensuring the effective operation of round balers. Below are the key [&hellip;]<\/p>","protected":false},"featured_media":2479,"comment_status":"open","ping_status":"closed","template":"","meta":{"_et_pb_use_builder":"","_et_pb_old_content":"","_et_gb_content_width":""},"product_brand":[],"product_cat":[59],"product_tag":[],"class_list":{"0":"post-2476","1":"product","2":"type-product","3":"status-publish","4":"has-post-thumbnail","6":"product_cat-round-baler-gearbox","8":"first","9":"instock","10":"shipping-taxable","11":"product-type-simple"},"_links":{"self":[{"href":"https:\/\/fmp-components.com\/pt\/wp-json\/wp\/v2\/product\/2476","targetHints":{"allow":["GET"]}}],"collection":[{"href":"https:\/\/fmp-components.com\/pt\/wp-json\/wp\/v2\/product"}],"about":[{"href":"https:\/\/fmp-components.com\/pt\/wp-json\/wp\/v2\/types\/product"}],"replies":[{"embeddable":true,"href":"https:\/\/fmp-components.com\/pt\/wp-json\/wp\/v2\/comments?post=2476"}],"wp:featuredmedia":[{"embeddable":true,"href":"https:\/\/fmp-components.com\/pt\/wp-json\/wp\/v2\/media\/2479"}],"wp:attachment":[{"href":"https:\/\/fmp-components.com\/pt\/wp-json\/wp\/v2\/media?parent=2476"}],"wp:term":[{"taxonomy":"product_brand","embeddable":true,"href":"https:\/\/fmp-components.com\/pt\/wp-json\/wp\/v2\/product_brand?post=2476"},{"taxonomy":"product_cat","embeddable":true,"href":"https:\/\/fmp-components.com\/pt\/wp-json\/wp\/v2\/product_cat?post=2476"},{"taxonomy":"product_tag","embeddable":true,"href":"https:\/\/fmp-components.com\/pt\/wp-json\/wp\/v2\/product_tag?post=2476"}],"curies":[{"name":"wp","href":"https:\/\/api.w.org\/{rel}","templated":true}]}}