{"id":2358,"date":"2025-01-01T02:08:52","date_gmt":"2025-01-01T02:08:52","guid":{"rendered":"https:\/\/fmp-components.com\/?page_id=8"},"modified":"2025-01-01T02:08:52","modified_gmt":"2025-01-01T02:08:52","slug":"flail-mower-gearboxes-replacement-of-comer-code-tl281e","status":"publish","type":"product","link":"https:\/\/fmp-components.com\/pt\/product\/flail-mower-gearboxes-replacement-of-comer-code-tl281e\/","title":{"rendered":"Caixas de engrenagens do cortador de mangual \u2013 Substitui\u00e7\u00e3o do Comer Code TL281E"},"content":{"rendered":"<p><img loading=\"lazy\" decoding=\"async\" class=\"size-full wp-image-2366 aligncenter\" src=\"https:\/\/fmp-components.com\/wp-content\/uploads\/2025\/01\/Flail-Mower-Gearbox-2.webp\" alt=\"Cortador de mangual-Caixa de engrenagens-2\" width=\"500\" height=\"500\" title=\"\" srcset=\"https:\/\/fmp-components.com\/wp-content\/uploads\/2025\/01\/Flail-Mower-Gearbox-2.webp 500w, https:\/\/fmp-components.com\/wp-content\/uploads\/2025\/01\/Flail-Mower-Gearbox-2-480x480.webp 480w\" sizes=\"(min-width: 0px) and (max-width: 480px) 480px, (min-width: 481px) 500px, 100vw\" \/><\/p>\n<h2>Especifica\u00e7\u00f5es das caixas de engrenagens do cortador de mangual TL281E<\/h2>\n<p><img loading=\"lazy\" decoding=\"async\" class=\"alignnone size-full wp-image-2364\" src=\"https:\/\/fmp-components.com\/wp-content\/uploads\/2025\/01\/Flail-Mower-Gearbox-L-5A-Specifications-1.webp\" alt=\"Especifica\u00e7\u00f5es do cortador de grama L-5A\" width=\"1362\" height=\"829\" title=\"\" srcset=\"https:\/\/fmp-components.com\/wp-content\/uploads\/2025\/01\/Flail-Mower-Gearbox-L-5A-Specifications-1.webp 1362w, https:\/\/fmp-components.com\/wp-content\/uploads\/2025\/01\/Flail-Mower-Gearbox-L-5A-Specifications-1-1280x779.webp 1280w, https:\/\/fmp-components.com\/wp-content\/uploads\/2025\/01\/Flail-Mower-Gearbox-L-5A-Specifications-1-980x596.webp 980w, https:\/\/fmp-components.com\/wp-content\/uploads\/2025\/01\/Flail-Mower-Gearbox-L-5A-Specifications-1-480x292.webp 480w\" sizes=\"(min-width: 0px) and (max-width: 480px) 480px, (min-width: 481px) and (max-width: 980px) 980px, (min-width: 981px) and (max-width: 1280px) 1280px, (min-width: 1281px) 1362px, 100vw\" \/><\/p>\n<table style=\"width: 97.8889%; height: 320px;\" border=\"1\">\n<tbody>\n<tr>\n<td><strong>eu<\/strong><\/td>\n<td>2.91\/1.85<\/td>\n<\/tr>\n<tr>\n<td><strong>N<sub>1<\/sub>[rpm]<\/strong><\/td>\n<td>540<\/td>\n<\/tr>\n<tr>\n<td><strong>P<sub>1<\/sub>[kW]<\/strong><\/td>\n<td>8.1-14.7<\/td>\n<\/tr>\n<tr>\n<td><strong>M<sub>2<\/sub>[Nm]<\/strong><\/td>\n<td>48-136<\/td>\n<\/tr>\n<tr>\n<td><strong>Eixo X<img loading=\"lazy\" decoding=\"async\" class=\"size-full wp-image-2180 aligncenter\" src=\"https:\/\/fmp-components.com\/wp-content\/uploads\/2024\/12\/shaft-x-3.webp\" alt=\"eixo-x\" width=\"81\" height=\"78\" title=\"\" srcset=\"https:\/\/fmp-components.com\/wp-content\/uploads\/2024\/12\/shaft-x-3.webp 81w, https:\/\/fmp-components.com\/wp-content\/uploads\/2024\/12\/shaft-x-3-12x12.webp 12w\" sizes=\"(max-width: 81px) 100vw, 81px\" \/>\u00a0<\/strong><\/td>\n<td>1\u201d 3\/8 Z6<\/td>\n<\/tr>\n<tr>\n<td><strong>Eixo Z<img loading=\"lazy\" decoding=\"async\" class=\"size-full wp-image-2181 aligncenter\" src=\"https:\/\/fmp-components.com\/wp-content\/uploads\/2024\/12\/shaft-z.webp\" alt=\"eixo-z\" width=\"81\" height=\"84\" title=\"\" srcset=\"https:\/\/fmp-components.com\/wp-content\/uploads\/2024\/12\/shaft-z.webp 81w, https:\/\/fmp-components.com\/wp-content\/uploads\/2024\/12\/shaft-z-12x12.webp 12w\" sizes=\"(max-width: 81px) 100vw, 81px\" \/><\/strong><\/td>\n<td>\u03a625\/\u03a630<\/td>\n<\/tr>\n<tr>\n<td><strong>Entrada<\/strong><\/td>\n<td>X<\/td>\n<\/tr>\n<\/tbody>\n<\/table>\n<h2>Caracter\u00edsticas da caixa de engrenagens do cortador de mangual<\/h2>\n<p>A caixa de engrenagens do cortador de grama \u00e9 um componente essencial que desempenha um papel vital na convers\u00e3o da pot\u00eancia da tomada de for\u00e7a (TDP) do trator em energia utiliz\u00e1vel para as l\u00e2minas do cortador. Seu design garante que o cortador opere com efici\u00eancia em diversas tarefas agr\u00edcolas, florestais e paisag\u00edsticas, lidando com diferentes tipos de vegeta\u00e7\u00e3o. Aqui est\u00e3o as principais caracter\u00edsticas de uma caixa de engrenagens do cortador de grama:<\/p>\n<p><strong>Transmiss\u00e3o de pot\u00eancia e convers\u00e3o de torque<\/strong><\/p>\n<p>Uma das caracter\u00edsticas mais importantes da caixa de engrenagens do cortador de grama \u00e9 sua capacidade de converter a pot\u00eancia de alta velocidade da tomada de for\u00e7a no torque e na velocidade de rota\u00e7\u00e3o corretos para as l\u00e2minas do cortador. A caixa de engrenagens reduz a rota\u00e7\u00e3o da tomada de for\u00e7a do trator, normalmente 540 ou 1000 RPM, para uma velocidade mais baixa e mais adequada para um corte eficiente. Essa convers\u00e3o garante que as l\u00e2minas do cortador girem na velocidade correta para cortar grama densa, arbustos ou vegeta\u00e7\u00e3o densa sem sobrecarregar o sistema.<\/p>\n<p><strong>Durabilidade e Resist\u00eancia<\/strong><\/p>\n<p>As caixas de engrenagens dos cortadores de grama Flail s\u00e3o projetadas para suportar cargas pesadas e condi\u00e7\u00f5es adversas. Elas s\u00e3o fabricadas com materiais dur\u00e1veis \u200b\u200be de alta qualidade, como a\u00e7o temperado ou ferro fundido, capazes de suportar as for\u00e7as extremas e as altas demandas de torque associadas a aplica\u00e7\u00f5es agr\u00edcolas pesadas. As engrenagens e rolamentos internos s\u00e3o projetados para suportar cargas de choque, desgaste e vibra\u00e7\u00f5es, garantindo um desempenho duradouro mesmo em ambientes exigentes.<\/p>\n<p><strong>Alta Efici\u00eancia<\/strong><\/p>\n<p>As caixas de engrenagens de cortadores de grama de mangual s\u00e3o projetadas para transmiss\u00e3o de pot\u00eancia de alta efici\u00eancia. As engrenagens s\u00e3o tipicamente helicoidais ou c\u00f4nicas, o que reduz o atrito e a perda de energia, resultando em uma opera\u00e7\u00e3o mais suave e maior efici\u00eancia de combust\u00edvel. Uma transmiss\u00e3o de pot\u00eancia eficiente significa que menos energia \u00e9 desperdi\u00e7ada no processo de convers\u00e3o, garantindo que mais pot\u00eancia do motor do trator seja utilizada para acionar as l\u00e2minas do cortador. Isso resulta em melhor desempenho geral e reduz o consumo de combust\u00edvel durante a opera\u00e7\u00e3o.<\/p>\n<p><strong>V\u00e1rios eixos de sa\u00edda (para diferentes \u00e2ngulos de corte)<\/strong><\/p>\n<p>Muitas caixas de engrenagens de cortadores de grama de mangual v\u00eam equipadas com m\u00faltiplos eixos de sa\u00edda que permitem que as l\u00e2minas do cortador sejam acionadas em diferentes \u00e2ngulos de corte. Isso \u00e9 particularmente \u00fatil para ajustar alturas de corte ou lidar com diferentes tipos de vegeta\u00e7\u00e3o. Algumas caixas de engrenagens possuem um sistema de engrenagens c\u00f4nicas que pode alterar a dire\u00e7\u00e3o da transmiss\u00e3o de pot\u00eancia, permitindo que o cortador trabalhe em uma variedade de configura\u00e7\u00f5es. Esses m\u00faltiplos eixos de sa\u00edda garantem que o cortador seja adapt\u00e1vel a diferentes tarefas e terrenos.<\/p>\n<p><strong>Recursos de seguran\u00e7a<\/strong><\/p>\n<p>A seguran\u00e7a \u00e9 um fator cr\u00edtico no projeto de caixas de engrenagens de cortadores de grama. Parafusos de cisalhamento, limitadores de torque ou embreagens de sobrecarga s\u00e3o comumente usados \u200b\u200bpara evitar danos \u00e0 caixa de engrenagens, ao eixo da tomada de for\u00e7a ou \u00e0s l\u00e2minas do cortador em caso de obstru\u00e7\u00e3o repentina, como uma pedra grande ou detritos densos. Esses recursos de seguran\u00e7a garantem que, se o cortador encontrar um obst\u00e1culo, a caixa de engrenagens desengate ou absorva o impacto para proteger o equipamento e evitar danos dispendiosos.<\/p>\n<p>A caixa de engrenagens do cortador de grama de martelo foi projetada para proporcionar transmiss\u00e3o de pot\u00eancia eficiente, durabilidade e adaptabilidade para uma variedade de aplica\u00e7\u00f5es agr\u00edcolas e paisag\u00edsticas. Com caracter\u00edsticas essenciais como convers\u00e3o de torque, alta efici\u00eancia, recursos de seguran\u00e7a e f\u00e1cil manuten\u00e7\u00e3o, a caixa de engrenagens garante que o cortador de grama de martelo opere com desempenho m\u00e1ximo, mantendo a longevidade do maquin\u00e1rio. Seja lidando com vegeta\u00e7\u00e3o densa, terrenos acidentados ou condi\u00e7\u00f5es de trabalho exigentes, a caixa de engrenagens do cortador de grama de martelo foi projetada para enfrentar os desafios, oferecendo aos operadores uma solu\u00e7\u00e3o confi\u00e1vel para tarefas de corte e limpeza.<\/p>\n<p><img loading=\"lazy\" decoding=\"async\" class=\"alignnone size-full wp-image-2367\" src=\"https:\/\/fmp-components.com\/wp-content\/uploads\/2025\/01\/flail-mower-gearbox1.webp\" alt=\"caixa de engrenagens do cortador de mangual\" width=\"900\" height=\"600\" title=\"\" srcset=\"https:\/\/fmp-components.com\/wp-content\/uploads\/2025\/01\/flail-mower-gearbox1.webp 900w, https:\/\/fmp-components.com\/wp-content\/uploads\/2025\/01\/flail-mower-gearbox1-480x320.webp 480w\" sizes=\"(min-width: 0px) and (max-width: 480px) 480px, (min-width: 481px) 900px, 100vw\" \/><\/p>\n<h2>Eixos de tomada de for\u00e7a para caixa de engrenagens de cortador de grama<\/h2>\n<p>Os eixos da TDF (Tomada de For\u00e7a) s\u00e3o componentes cruciais que conectam o sistema de energia do trator \u00e0 caixa de engrenagens do cortador de grama, transferindo energia mec\u00e2nica para operar as l\u00e2minas do cortador. O eixo da TDF \u00e9 o elo entre o motor do trator e a caixa de engrenagens, garantindo que o cortador receba pot\u00eancia consistente e confi\u00e1vel para um desempenho eficiente. Aqui est\u00e3o os principais aspectos dos eixos da TDF para caixas de engrenagens do cortador de grama:<\/p>\n<p><strong>Transmiss\u00e3o de energia<\/strong><\/p>\n<p>Os eixos de tomada de for\u00e7a s\u00e3o respons\u00e1veis \u200b\u200bpor transmitir a pot\u00eancia rotacional da tomada de for\u00e7a do trator para a caixa de engrenagens do cortador de grama. Normalmente projetados com juntas universais em ambas as extremidades, esses eixos permitem uma transmiss\u00e3o de pot\u00eancia suave, mesmo quando o eixo de tomada de for\u00e7a n\u00e3o est\u00e1 perfeitamente alinhado com a caixa de engrenagens. O eixo de tomada de for\u00e7a conecta-se diretamente \u00e0 entrada da caixa de engrenagens do cortador de grama, garantindo que a caixa de engrenagens receba a pot\u00eancia correta para girar as l\u00e2minas com efici\u00eancia.<\/p>\n<p><strong>Ajuste de torque e velocidade<\/strong><\/p>\n<p>O eixo de tomada de for\u00e7a de uma caixa de engrenagens de um cortador de grama de martelo deve ser capaz de suportar o torque e a velocidade de rota\u00e7\u00e3o espec\u00edficos exigidos pela caixa de engrenagens. O eixo de entrada da caixa de engrenagens recebe a pot\u00eancia de rota\u00e7\u00e3o do eixo de tomada de for\u00e7a, reduzindo a alta rota\u00e7\u00e3o do trator (geralmente 540 ou 1000 RPM) para uma velocidade mais baixa e mais adequada para as l\u00e2minas do cortador. Isso garante que as l\u00e2minas do cortador operem a uma velocidade de corte eficiente sem sobrecarregar o motor do trator.<\/p>\n<p><strong>Durabilidade e Resist\u00eancia<\/strong><\/p>\n<p>Os eixos de tomada de for\u00e7a para caixas de engrenagens de cortadores de grama s\u00e3o projetados para suportar condi\u00e7\u00f5es de trabalho pesadas e altas cargas de torque. Esses eixos s\u00e3o feitos de a\u00e7o resistente ou materiais de alta qualidade que suportam as tens\u00f5es associadas ao uso cont\u00ednuo em ambientes agr\u00edcolas e paisag\u00edsticos exigentes. Os eixos s\u00e3o normalmente tratados termicamente para maior durabilidade, garantindo maior durabilidade, mesmo em condi\u00e7\u00f5es de trabalho dif\u00edceis, como cortar grama densa ou arbustos.<\/p>\n<p><strong>Recursos de seguran\u00e7a<\/strong><\/p>\n<p>Para uma opera\u00e7\u00e3o segura, muitos eixos de tomada de for\u00e7a s\u00e3o equipados com prote\u00e7\u00f5es ou prote\u00e7\u00f5es de seguran\u00e7a para evitar o contato acidental com pe\u00e7as rotativas. Dispositivos de prote\u00e7\u00e3o contra sobrecarga, como parafusos de cisalhamento ou limitadores de torque, s\u00e3o comumente incorporados ao sistema de eixo de tomada de for\u00e7a. Esses mecanismos protegem tanto o trator quanto a caixa de engrenagens do cortador de grama contra danos em caso de obstru\u00e7\u00e3o ou carga excessiva durante a opera\u00e7\u00e3o.<\/p>\n<p><strong>F\u00e1cil instala\u00e7\u00e3o e manuten\u00e7\u00e3o<\/strong><\/p>\n<p>Os eixos de tomada de for\u00e7a s\u00e3o projetados para f\u00e1cil conex\u00e3o e desconex\u00e3o, normalmente com mecanismos de libera\u00e7\u00e3o r\u00e1pida ou se\u00e7\u00f5es telesc\u00f3picas que se ajustam ao comprimento necess\u00e1rio. Essa flexibilidade permite f\u00e1cil ajuste para acomodar diferentes modelos de tratores e configura\u00e7\u00f5es de cortadores de grama. A manuten\u00e7\u00e3o regular, como garantir que as juntas universais estejam lubrificadas e verificar se h\u00e1 desgaste ou danos, ajuda a prolongar a vida \u00fatil do eixo de tomada de for\u00e7a e a manter uma opera\u00e7\u00e3o suave.<\/p>\n<p>O eixo de tomada de for\u00e7a da caixa de engrenagens de um cortador de grama de martelo desempenha um papel fundamental na transfer\u00eancia de pot\u00eancia do sistema de tomada de for\u00e7a do trator para a caixa de engrenagens. Com caracter\u00edsticas como durabilidade, mecanismos de seguran\u00e7a e flexibilidade de ajuste, esses eixos garantem que o cortador de grama de martelo opere com efici\u00eancia e seguran\u00e7a. A manuten\u00e7\u00e3o adequada, juntamente com a sele\u00e7\u00e3o cuidadosa do eixo apropriado para a caixa de engrenagens do trator e do cortador, ajuda a otimizar o desempenho e prolongar a vida \u00fatil do equipamento. Seja para corte regular de grama ou para tarefas mais exigentes de corte de mato, os eixos de tomada de for\u00e7a s\u00e3o essenciais para garantir que o cortador de grama de martelo funcione de forma confi\u00e1vel em uma variedade de aplica\u00e7\u00f5es.<\/p>\n<p><img loading=\"lazy\" decoding=\"async\" class=\"alignnone  wp-image-2365\" src=\"https:\/\/fmp-components.com\/wp-content\/uploads\/2025\/01\/pto-shaft-for-flail-mower-gearbox1.webp\" alt=\"eixo de tomada de for\u00e7a para caixa de engrenagens de cortador de grama (1)\" width=\"1016\" height=\"518\" title=\"\" srcset=\"https:\/\/fmp-components.com\/wp-content\/uploads\/2025\/01\/pto-shaft-for-flail-mower-gearbox1.webp 1016w, https:\/\/fmp-components.com\/wp-content\/uploads\/2025\/01\/pto-shaft-for-flail-mower-gearbox1-480x245.webp 480w\" sizes=\"(min-width: 0px) and (max-width: 480px) 480px, (min-width: 481px) 1016px, 100vw\" \/><\/p>\n<h3>Sobre a FMP<\/h3>\n<p>Com sede na It\u00e1lia, a FMP \u00e9 uma fabricante l\u00edder, reconhecida por sua expertise em projeto, desenvolvimento e produ\u00e7\u00e3o de caixas de engrenagens de alto desempenho, com foco especial no setor de m\u00e1quinas agr\u00edcolas. Com reputa\u00e7\u00e3o em engenharia de precis\u00e3o, solu\u00e7\u00f5es inovadoras e confiabilidade inabal\u00e1vel, a FMP tornou-se uma parceira confi\u00e1vel para atender \u00e0s necessidades em constante evolu\u00e7\u00e3o dos setores agr\u00edcola e industrial. Nossa diversificada linha de produtos inclui caixas de engrenagens especializadas para cortadores de grama, eixos de tomada de for\u00e7a e outros componentes essenciais, todos meticulosamente projetados para fornecer solu\u00e7\u00f5es personalizadas em um amplo espectro de aplica\u00e7\u00f5es.<\/p>\n<p>Na FMP, entendemos que cada cliente possui necessidades e desafios \u00fanicos. \u00c9 por isso que nos especializamos em oferecer solu\u00e7\u00f5es personalizadas, seja para componentes individuais ou sistemas totalmente integrados. Trabalhamos em estreita colabora\u00e7\u00e3o com nossos clientes para garantir que cada solu\u00e7\u00e3o seja n\u00e3o apenas eficaz, mas tamb\u00e9m eficiente, otimizando desempenho e valor. Nosso compromisso em fornecer respostas r\u00e1pidas e profissionais, aliado a uma orienta\u00e7\u00e3o especializada, garante que cada consulta seja tratada com o m\u00e1ximo cuidado e precis\u00e3o, levando aos melhores resultados poss\u00edveis.<\/p>\n<p>Priorizamos a comunica\u00e7\u00e3o aberta e cont\u00ednua durante todo o processo de desenvolvimento do produto. Nossa equipe dedicada trabalha diretamente com os clientes para entender completamente suas necessidades espec\u00edficas, oferecendo insights e recomenda\u00e7\u00f5es valiosas para garantir solu\u00e7\u00f5es ideais. Seja projetando produtos inovadores ou atendendo pedidos cont\u00ednuos, a FMP est\u00e1 comprometida em entregar solu\u00e7\u00f5es de alta qualidade e engenharia de precis\u00e3o, sempre no prazo. Nosso objetivo \u00e9 fornecer aos clientes o melhor servi\u00e7o e os melhores resultados, superando as expectativas em cada projeto.<\/p>\n<p>A qualidade \u00e9 a base das opera\u00e7\u00f5es da FMP. Seguimos os mais altos padr\u00f5es de fabrica\u00e7\u00e3o, implementando rigorosas medidas de controle de qualidade para garantir que cada produto n\u00e3o apenas atenda, mas tamb\u00e9m exceda os padr\u00f5es da ind\u00fastria. Esse compromisso inabal\u00e1vel com a qualidade, aliado aos nossos valores fundamentais de integridade, trabalho em equipe e perseveran\u00e7a, nos permitiu construir relacionamentos duradouros e baseados na confian\u00e7a com clientes em quase 30 pa\u00edses ao redor do mundo.<\/p>\n<p>A FMP est\u00e1 sempre aberta a promover parcerias globais e se dedica a oferecer consultoria especializada e solu\u00e7\u00f5es personalizadas que atendam \u00e0s diversas necessidades de nossos clientes. Vamos al\u00e9m do simples fornecimento de produtos; buscamos construir relacionamentos duradouros que contribuam para o sucesso de cada projeto. Seja para solu\u00e7\u00f5es inovadoras para uma nova iniciativa ou suporte cont\u00ednuo para um sistema existente, a FMP est\u00e1 aqui para enfrentar seus desafios t\u00e9cnicos e garantir seu sucesso cont\u00ednuo.<\/p>\n<p><img loading=\"lazy\" decoding=\"async\" class=\"alignnone size-full wp-image-1861\" src=\"https:\/\/fmp-components.com\/wp-content\/uploads\/2024\/12\/Other-Agricultural-Gearboxes.webp\" sizes=\"(min-width: 0px) and (max-width: 480px) 480px, (min-width: 481px) and (max-width: 980px) 980px, (min-width: 981px) 1200px, 100vw\" srcset=\"https:\/\/fmp-components.com\/wp-content\/uploads\/2024\/12\/Other-Agricultural-Gearboxes.webp 1200w, https:\/\/fmp-components.com\/wp-content\/uploads\/2024\/12\/Other-Agricultural-Gearboxes-980x1143.webp 980w, https:\/\/fmp-components.com\/wp-content\/uploads\/2024\/12\/Other-Agricultural-Gearboxes-480x560.webp 480w\" alt=\"Altri-cambi-agr\u00edcola\" width=\"1200\" height=\"1400\" title=\"\"><\/p>\n<p>Autor: CX<\/p>","protected":false},"excerpt":{"rendered":"<p>Specifications of Flail Mower Gearboxes TL281E i 2.91\/1.85 N1[rpm] 540 P1[kW] 8.1-14.7 M2[Nm] 48-136 Shaft X\u00a0 1&#8221; 3\/8 Z6 Shaft Z \u03a625\/\u03a630 Input X Characteristics of Flail Mower Gearbox The flail mower gearbox is a critical component that plays a vital role in converting the tractor&#8217;s PTO (Power Take-Off) power into usable energy for the [&hellip;]<\/p>","protected":false},"featured_media":2366,"comment_status":"open","ping_status":"closed","template":"","meta":{"_et_pb_use_builder":"","_et_pb_old_content":"","_et_gb_content_width":""},"product_brand":[],"product_cat":[58],"product_tag":[],"class_list":{"0":"post-2358","1":"product","2":"type-product","3":"status-publish","4":"has-post-thumbnail","6":"product_cat-flail-mower-gearbox","8":"first","9":"instock","10":"shipping-taxable","11":"product-type-simple"},"_links":{"self":[{"href":"https:\/\/fmp-components.com\/pt\/wp-json\/wp\/v2\/product\/2358","targetHints":{"allow":["GET"]}}],"collection":[{"href":"https:\/\/fmp-components.com\/pt\/wp-json\/wp\/v2\/product"}],"about":[{"href":"https:\/\/fmp-components.com\/pt\/wp-json\/wp\/v2\/types\/product"}],"replies":[{"embeddable":true,"href":"https:\/\/fmp-components.com\/pt\/wp-json\/wp\/v2\/comments?post=2358"}],"wp:featuredmedia":[{"embeddable":true,"href":"https:\/\/fmp-components.com\/pt\/wp-json\/wp\/v2\/media\/2366"}],"wp:attachment":[{"href":"https:\/\/fmp-components.com\/pt\/wp-json\/wp\/v2\/media?parent=2358"}],"wp:term":[{"taxonomy":"product_brand","embeddable":true,"href":"https:\/\/fmp-components.com\/pt\/wp-json\/wp\/v2\/product_brand?post=2358"},{"taxonomy":"product_cat","embeddable":true,"href":"https:\/\/fmp-components.com\/pt\/wp-json\/wp\/v2\/product_cat?post=2358"},{"taxonomy":"product_tag","embeddable":true,"href":"https:\/\/fmp-components.com\/pt\/wp-json\/wp\/v2\/product_tag?post=2358"}],"curies":[{"name":"wp","href":"https:\/\/api.w.org\/{rel}","templated":true}]}}