{"id":2319,"date":"2024-12-31T08:13:54","date_gmt":"2024-12-31T08:13:54","guid":{"rendered":"https:\/\/fmp-components.com\/?page_id=8"},"modified":"2024-12-31T08:13:54","modified_gmt":"2024-12-31T08:13:54","slug":"irrigation-center-drive-gearbox-syf-2m-series","status":"publish","type":"product","link":"https:\/\/fmp-components.com\/pt\/product\/irrigation-center-drive-gearbox-syf-2m-series\/","title":{"rendered":"Caixa de engrenagens de acionamento central de irriga\u00e7\u00e3o s\u00e9rie SYF-2M"},"content":{"rendered":"<h2>N\u00fameros de modelo da caixa de engrenagens de acionamento central de irriga\u00e7\u00e3o da s\u00e9rie SYF-2M<\/h2>\n<p>SYF-2M-20 = 87 rpm (propor\u00e7\u00e3o 20:1, motor 1-1\/2 HP)<br \/>\nSYF-2M-30 = 58 rpm (propor\u00e7\u00e3o 30:1, motor 1-1\/2 HP)<br \/>\nSYF-2M-40 = 43 rpm (propor\u00e7\u00e3o 40:1, motor de 1 HP)<br \/>\nSYF-2M-50 = 35 rpm (propor\u00e7\u00e3o 50:1, motor de 1 HP)<br \/>\nSYF-2M-58=30rpm (rela\u00e7\u00e3o 58:1, motor de 1 HP)<br \/>\nSYF-2M-60 = 29 rpm (propor\u00e7\u00e3o de 60:1, motor de 1 HP)<br \/>\n(Quando a velocidade de entrada \u00e9 1740 rpm)<\/p>\n<h2>Caixa de engrenagens de acionamento central de irriga\u00e7\u00e3o S\u00e9rie SYF-2M Performance<\/h2>\n<p>1. Propor\u00e7\u00e3o: 20:1, 30:1, 40:1, 50:1, 58:1, 60:1 (outras dispon\u00edveis).<br \/>\n2. O uso de uma conex\u00e3o de eixo c\u00f4nico autotravante (motor para eixo sem-fim) permite a substitui\u00e7\u00e3o no local sem<br \/>\nremovendo o eixo sem-fim ou desconectando a carga. Isso garante o alinhamento preciso e elimina o atrito<br \/>\npara agilizar a remo\u00e7\u00e3o do motor.<br \/>\n3. Monte padr\u00f5es de parafusos de 5\u201d \u00d7 6\u201d.<br \/>\n4. Engrenagem sem-fim de bronze e alum\u00ednio de alta resist\u00eancia.<br \/>\n5. Enviado com \u00f3leo.<br \/>\n6. Inclui veda\u00e7\u00f5es especiais de prote\u00e7\u00e3o externa para colheitas.<br \/>\n7. Carca\u00e7a de alum\u00ednio temperado fundido de precis\u00e3o.<br \/>\n8. Todas as conex\u00f5es el\u00e9tricas cr\u00edticas s\u00e3o encapsuladas para resistir \u00e0 penetra\u00e7\u00e3o de umidade.<br \/>\n9. Especialmente projetado para servi\u00e7os de irriga\u00e7\u00e3o pesados.<br \/>\n10. 460\/380 volts, trif\u00e1sico, voltagem dupla de 60\/50 HZ.<br \/>\n11. Protegido termicamente; reinicializa\u00e7\u00e3o autom\u00e1tica.<br \/>\n12. Aleta interna resfriada.<br \/>\n13. Caixa de jun\u00e7\u00e3o superior totalmente fechada, leve e de f\u00e1cil acesso.<br \/>\n14. Isolamento classificado como Classe F.<br \/>\n15. Consumo m\u00ednimo de amperes: corrente de carga total na tens\u00e3o nominal, 2,3 amperes.<br \/>\n16. Peso: 43,2 libras (19,6 kg).<br \/>\n17. Capacidade de \u00f3leo: 0,21 gal (0,8 L)<\/p>\n<h2>Dimens\u00f5es de instala\u00e7\u00e3o e contorno da caixa de engrenagens de acionamento central de irriga\u00e7\u00e3o s\u00e9rie SYF-2M<\/h2>\n<p><img loading=\"lazy\" decoding=\"async\" class=\"alignnone size-full wp-image-2321\" src=\"https:\/\/fmp-components.com\/wp-content\/uploads\/2024\/12\/Irrigation-Center-Drive-Gearbox-SYF-2M-Series-Installation-and-Contour-Dimensions.webp\" alt=\"Caixa de engrenagens de acionamento central de irriga\u00e7\u00e3o SYF-2M-s\u00e9rie-instala\u00e7\u00e3o-e-dimens\u00f5es-de-contorno\" width=\"1536\" height=\"880\" title=\"\" srcset=\"https:\/\/fmp-components.com\/wp-content\/uploads\/2024\/12\/Irrigation-Center-Drive-Gearbox-SYF-2M-Series-Installation-and-Contour-Dimensions.webp 1536w, https:\/\/fmp-components.com\/wp-content\/uploads\/2024\/12\/Irrigation-Center-Drive-Gearbox-SYF-2M-Series-Installation-and-Contour-Dimensions-1280x733.webp 1280w, https:\/\/fmp-components.com\/wp-content\/uploads\/2024\/12\/Irrigation-Center-Drive-Gearbox-SYF-2M-Series-Installation-and-Contour-Dimensions-980x561.webp 980w, https:\/\/fmp-components.com\/wp-content\/uploads\/2024\/12\/Irrigation-Center-Drive-Gearbox-SYF-2M-Series-Installation-and-Contour-Dimensions-480x275.webp 480w\" sizes=\"(min-width: 0px) and (max-width: 480px) 480px, (min-width: 481px) and (max-width: 980px) 980px, (min-width: 981px) and (max-width: 1280px) 1280px, (min-width: 1281px) 1536px, 100vw\" \/><\/p>\n<h2>Benef\u00edcios da caixa de engrenagens de acionamento central de irriga\u00e7\u00e3o s\u00e9rie SYF-2M<\/h2>\n<p>A Caixa de Redutores de Acionamento Central para Irriga\u00e7\u00e3o da S\u00e9rie SYF-2M oferece in\u00fameras vantagens para uso em sistemas de irriga\u00e7\u00e3o modernos, especialmente em aplica\u00e7\u00f5es de irriga\u00e7\u00e3o linear e por piv\u00f4 central. Projetada para alto desempenho e durabilidade, a S\u00e9rie SYF-2M foi projetada para proporcionar transmiss\u00e3o de pot\u00eancia suave, confiabilidade e facilidade de manuten\u00e7\u00e3o, tornando-a a escolha ideal para sistemas de irriga\u00e7\u00e3o agr\u00edcolas e hort\u00edcolas. Abaixo, os principais benef\u00edcios da utiliza\u00e7\u00e3o da Caixa de Redutores de Acionamento Central para Irriga\u00e7\u00e3o da S\u00e9rie SYF-2M:<\/p>\n<p><strong>Efici\u00eancia energ\u00e9tica aprimorada<\/strong><\/p>\n<p>A caixa de engrenagens da S\u00e9rie SYF-2M foi projetada para proporcionar uma transmiss\u00e3o de pot\u00eancia altamente eficiente do sistema de tomada de for\u00e7a do trator para a estrutura do piv\u00f4 central. Ao otimizar as rela\u00e7\u00f5es de transmiss\u00e3o e reduzir as perdas de energia, a caixa de engrenagens garante uma transfer\u00eancia de pot\u00eancia eficaz, permitindo que o sistema de irriga\u00e7\u00e3o opere com o m\u00ednimo consumo de energia. Essa maior efici\u00eancia energ\u00e9tica ajuda a reduzir os custos operacionais, tornando a S\u00e9rie SYF-2M uma solu\u00e7\u00e3o econ\u00f4mica para opera\u00e7\u00f5es de irriga\u00e7\u00e3o em larga escala.<\/p>\n<p><strong>Alta durabilidade e confiabilidade<\/strong><\/p>\n<p>Constru\u00edda com materiais de alta resist\u00eancia, como a\u00e7o temperado e componentes de engenharia de precis\u00e3o, a caixa de engrenagens da S\u00e9rie SYF-2M foi projetada para suportar cargas pesadas e opera\u00e7\u00e3o cont\u00ednua. Sua constru\u00e7\u00e3o robusta garante que a caixa de engrenagens possa lidar com o ambiente exigente dos sistemas de irriga\u00e7\u00e3o agr\u00edcola, proporcionando desempenho confi\u00e1vel em condi\u00e7\u00f5es extremas, como alto torque, temperaturas vari\u00e1veis \u200b\u200be condi\u00e7\u00f5es clim\u00e1ticas adversas. Sua durabilidade minimiza a necessidade de reparos ou substitui\u00e7\u00f5es frequentes, proporcionando confiabilidade a longo prazo e reduzindo os custos de manuten\u00e7\u00e3o.<\/p>\n<p><strong>Baixos requisitos de manuten\u00e7\u00e3o<\/strong><\/p>\n<p>A caixa de engrenagens da S\u00e9rie SYF-2M foi projetada para baixa manuten\u00e7\u00e3o, com rolamentos selados e engrenagens de precis\u00e3o que reduzem o atrito interno e o desgaste. Seu design minimiza o risco de danos aos componentes, permitindo uma opera\u00e7\u00e3o mais suave com manuten\u00e7\u00e3o m\u00ednima. Lubrifica\u00e7\u00e3o regular e inspe\u00e7\u00f5es ocasionais geralmente s\u00e3o suficientes para manter o desempenho ideal, o que ajuda a reduzir o custo total de propriedade e o tempo de inatividade, mantendo os sistemas de irriga\u00e7\u00e3o operacionais e eficientes.<\/p>\n<p><strong>Design \u00e0 prova de intemp\u00e9ries e resistente \u00e0 corros\u00e3o<\/strong><\/p>\n<p>Um dos destaques da caixa de engrenagens da S\u00e9rie SYF-2M \u00e9 seu design resistente \u00e0s intemp\u00e9ries e \u00e0 corros\u00e3o. A caixa de engrenagens \u00e9 constru\u00edda com revestimentos e veda\u00e7\u00f5es protetoras que a protegem contra umidade, poeira e outros fatores ambientais. Essa constru\u00e7\u00e3o resistente \u00e0s intemp\u00e9ries garante que a caixa de engrenagens opere com efici\u00eancia em diversas condi\u00e7\u00f5es, desde chuva forte at\u00e9 calor ou frio extremos, tornando-a ideal para ambientes agr\u00edcolas ao ar livre. Sua capacidade de suportar condi\u00e7\u00f5es clim\u00e1ticas adversas garante um desempenho consistente durante toda a temporada de irriga\u00e7\u00e3o.<\/p>\n<p><strong>Compatibilidade e F\u00e1cil Integra\u00e7\u00e3o<\/strong><\/p>\n<p>A caixa de engrenagens da s\u00e9rie SYF-2M \u00e9 altamente vers\u00e1til e compat\u00edvel com diversas configura\u00e7\u00f5es de sistemas de irriga\u00e7\u00e3o, incluindo sistemas de piv\u00f4 central e lineares. Ela pode ser facilmente integrada a configura\u00e7\u00f5es existentes, oferecendo uma op\u00e7\u00e3o de substitui\u00e7\u00e3o simples para caixas de engrenagens desgastadas ou danificadas. Sua compatibilidade com sistemas de irriga\u00e7\u00e3o padr\u00e3o garante tempo m\u00ednimo de instala\u00e7\u00e3o, permitindo atualiza\u00e7\u00f5es ou reparos r\u00e1pidos do sistema sem grandes modifica\u00e7\u00f5es, garantindo uma transi\u00e7\u00e3o tranquila e o m\u00ednimo de interrup\u00e7\u00e3o nas opera\u00e7\u00f5es de irriga\u00e7\u00e3o.<\/p>\n<p>A Caixa de Redutores de Acionamento Central para Irriga\u00e7\u00e3o S\u00e9rie SYF-2M oferece benef\u00edcios significativos em termos de efici\u00eancia energ\u00e9tica, durabilidade e baixa manuten\u00e7\u00e3o. Seu design de alto desempenho garante uma opera\u00e7\u00e3o confi\u00e1vel e econ\u00f4mica em uma variedade de sistemas de irriga\u00e7\u00e3o agr\u00edcolas e hort\u00edcolas. A constru\u00e7\u00e3o resistente \u00e0s intemp\u00e9ries e \u00e0 corros\u00e3o da caixa de engrenagens, aliada \u00e0 sua f\u00e1cil integra\u00e7\u00e3o em sistemas existentes, a torna uma excelente op\u00e7\u00e3o para aumentar a efici\u00eancia e a longevidade de sistemas de irriga\u00e7\u00e3o linear e por piv\u00f4 central. Ao reduzir os custos operacionais e o tempo de inatividade, a caixa de engrenagens da S\u00e9rie SYF-2M ajuda a otimizar o gerenciamento de \u00e1gua e a efici\u00eancia da irriga\u00e7\u00e3o em opera\u00e7\u00f5es agr\u00edcolas.<\/p>\n<p><img loading=\"lazy\" decoding=\"async\" class=\"alignnone size-full wp-image-2323\" src=\"https:\/\/fmp-components.com\/wp-content\/uploads\/2024\/12\/Irrigation-Center-Drive-Gearbox-SYF-2M-Series-Applications.webp\" alt=\"Irriga\u00e7\u00e3o-Central-Acionamento-Caixa de Engrenagens-S\u00e9rie SYF-2M-Aplica\u00e7\u00f5es\" width=\"1540\" height=\"800\" title=\"\" srcset=\"https:\/\/fmp-components.com\/wp-content\/uploads\/2024\/12\/Irrigation-Center-Drive-Gearbox-SYF-2M-Series-Applications.webp 1540w, https:\/\/fmp-components.com\/wp-content\/uploads\/2024\/12\/Irrigation-Center-Drive-Gearbox-SYF-2M-Series-Applications-1280x665.webp 1280w, https:\/\/fmp-components.com\/wp-content\/uploads\/2024\/12\/Irrigation-Center-Drive-Gearbox-SYF-2M-Series-Applications-980x509.webp 980w, https:\/\/fmp-components.com\/wp-content\/uploads\/2024\/12\/Irrigation-Center-Drive-Gearbox-SYF-2M-Series-Applications-480x249.webp 480w\" sizes=\"(min-width: 0px) and (max-width: 480px) 480px, (min-width: 481px) and (max-width: 980px) 980px, (min-width: 981px) and (max-width: 1280px) 1280px, (min-width: 1281px) 1540px, 100vw\" \/><\/p>\n<h2>Aplica\u00e7\u00f5es da caixa de engrenagens de acionamento central de irriga\u00e7\u00e3o s\u00e9rie SYF-2M<\/h2>\n<p>A Caixa de Engrenagens com Acionamento Central para Irriga\u00e7\u00e3o da S\u00e9rie SYF-2M foi projetada para fornecer transmiss\u00e3o de pot\u00eancia confi\u00e1vel e eficiente em diversos sistemas de irriga\u00e7\u00e3o. Esta caixa de engrenagens foi projetada especificamente para aplica\u00e7\u00f5es agr\u00edcolas e hort\u00edcolas, garantindo uma distribui\u00e7\u00e3o uniforme da \u00e1gua e otimizando o desempenho do sistema. Abaixo est\u00e3o as principais aplica\u00e7\u00f5es da Caixa de Engrenagens com Acionamento Central para Irriga\u00e7\u00e3o da S\u00e9rie SYF-2M:<\/p>\n<p><strong>Sistemas de irriga\u00e7\u00e3o por piv\u00f4 central<\/strong><\/p>\n<p>A caixa de engrenagens da s\u00e9rie SYF-2M \u00e9 um componente essencial em sistemas de irriga\u00e7\u00e3o por piv\u00f4 central, acionando a estrutura do piv\u00f4 central. Esses sistemas s\u00e3o amplamente utilizados para irriga\u00e7\u00e3o de grandes \u00e1reas, e a caixa de engrenagens garante a rota\u00e7\u00e3o suave e eficiente do bra\u00e7o do piv\u00f4. Ao transferir pot\u00eancia do sistema de tomada de for\u00e7a para o acionamento mec\u00e2nico, a caixa de engrenagens ajuda a obter uma distribui\u00e7\u00e3o uniforme da \u00e1gua, reduzindo o desperd\u00edcio e melhorando a produtividade das culturas.<\/p>\n<p><strong>Sistemas de Irriga\u00e7\u00e3o Linear<\/strong><\/p>\n<p>Em sistemas de irriga\u00e7\u00e3o linear, a caixa de engrenagens da s\u00e9rie SYF-2M \u00e9 usada para impulsionar o movimento linear das tubula\u00e7\u00f5es de irriga\u00e7\u00e3o no campo. Esses sistemas proporcionam irriga\u00e7\u00e3o direcionada, e a caixa de engrenagens garante que as linhas de irriga\u00e7\u00e3o se movam de forma consistente pela \u00e1rea para fornecer \u00e1gua com efici\u00eancia. Sua capacidade de lidar com diferentes condi\u00e7\u00f5es de carga e manter um movimento preciso a torna perfeita para projetos de irriga\u00e7\u00e3o de pequena e grande escala.<\/p>\n<p><strong>Sistemas de irriga\u00e7\u00e3o de estufa<\/strong><\/p>\n<p>A caixa de engrenagens da s\u00e9rie SYF-2M tamb\u00e9m \u00e9 adequada para sistemas de irriga\u00e7\u00e3o de estufas, onde manter um fluxo de \u00e1gua est\u00e1vel e uniforme \u00e9 crucial para a sa\u00fade das plantas. A caixa de engrenagens \u00e9 respons\u00e1vel por alimentar as linhas de irriga\u00e7\u00e3o, garantindo que cada se\u00e7\u00e3o da estufa receba a quantidade necess\u00e1ria de \u00e1gua. Sua baixa manuten\u00e7\u00e3o, alta durabilidade e transmiss\u00e3o de energia eficiente ajudam a otimizar o uso da \u00e1gua, reduzir os custos operacionais e manter um ambiente de cultivo consistente.<\/p>\n<p><strong>Irriga\u00e7\u00e3o de gramados e paisagens<\/strong><\/p>\n<p>Na irriga\u00e7\u00e3o de gramados e \u00e1reas verdes, a caixa de engrenagens da S\u00e9rie SYF-2M \u00e9 utilizada para acionar sistemas que irrigam campos de golfe, campos esportivos, parques e outras \u00e1reas paisag\u00edsticas. Esses sistemas exigem transmiss\u00e3o de pot\u00eancia eficiente para garantir que grandes \u00e1reas de gramado recebam irriga\u00e7\u00e3o uniforme. O design resistente \u00e0s intemp\u00e9ries e \u00e0 corros\u00e3o da caixa de engrenagens garante uma opera\u00e7\u00e3o confi\u00e1vel em condi\u00e7\u00f5es clim\u00e1ticas vari\u00e1veis, proporcionando desempenho consistente durante toda a temporada de irriga\u00e7\u00e3o.<\/p>\n<p><strong>Irriga\u00e7\u00e3o Agr\u00edcola para Campos de Cultivo<\/strong><\/p>\n<p>A caixa de engrenagens da s\u00e9rie SYF-2M \u00e9 amplamente utilizada na irriga\u00e7\u00e3o agr\u00edcola em larga escala, ajudando a manter a irriga\u00e7\u00e3o uniforme em campos de cultivo em linha, pomares ou culturas especiais. Ao garantir a opera\u00e7\u00e3o eficiente de sistemas de irriga\u00e7\u00e3o por piv\u00f4 central e linear, a caixa de engrenagens ajuda a otimizar o uso da \u00e1gua, aumentar a produtividade das culturas e reduzir o desperd\u00edcio. Sua capacidade de lidar com o ambiente exigente da agricultura garante uma irriga\u00e7\u00e3o confi\u00e1vel, essencial para maximizar a produ\u00e7\u00e3o e manter a sa\u00fade do solo.<\/p>\n<p>A Caixa de Redutores de Acionamento Central para Irriga\u00e7\u00e3o da S\u00e9rie SYF-2M foi projetada para uma ampla gama de aplica\u00e7\u00f5es de irriga\u00e7\u00e3o, incluindo sistemas de piv\u00f4 central, sistemas de irriga\u00e7\u00e3o linear, irriga\u00e7\u00e3o de estufas, irriga\u00e7\u00e3o de gramados e paisagens, e irriga\u00e7\u00e3o agr\u00edcola para campos de cultivo. Sua durabilidade, efici\u00eancia e facilidade de integra\u00e7\u00e3o a tornam uma excelente op\u00e7\u00e3o para otimizar a distribui\u00e7\u00e3o de \u00e1gua e o desempenho do sistema de irriga\u00e7\u00e3o. Ao fornecer transmiss\u00e3o de pot\u00eancia consistente e confi\u00e1vel, a caixa de engrenagens da S\u00e9rie SYF-2M garante que os sistemas de irriga\u00e7\u00e3o operem com efici\u00eancia, reduzindo custos e melhorando a produtividade das culturas.<\/p>\n<p><img loading=\"lazy\" decoding=\"async\" class=\"alignnone size-full wp-image-2324\" src=\"https:\/\/fmp-components.com\/wp-content\/uploads\/2024\/12\/Irrigation-Center-Drive-Gearbox-SYF-2M-Series-Benefits.webp\" alt=\"Benef\u00edcios da caixa de engrenagens de acionamento central de irriga\u00e7\u00e3o SYF-2M Series\" width=\"980\" height=\"544\" title=\"\" srcset=\"https:\/\/fmp-components.com\/wp-content\/uploads\/2024\/12\/Irrigation-Center-Drive-Gearbox-SYF-2M-Series-Benefits.webp 980w, https:\/\/fmp-components.com\/wp-content\/uploads\/2024\/12\/Irrigation-Center-Drive-Gearbox-SYF-2M-Series-Benefits-480x266.webp 480w\" sizes=\"(min-width: 0px) and (max-width: 480px) 480px, (min-width: 481px) 980px, 100vw\" \/><\/p>\n<h3>Sobre a FMP<\/h3>\n<p>Com sede na It\u00e1lia, a FMP \u00e9 uma fabricante l\u00edder, reconhecida por sua expertise em projeto, desenvolvimento e produ\u00e7\u00e3o de caixas de engrenagens de alto desempenho, com foco especial no setor de m\u00e1quinas agr\u00edcolas. Com reputa\u00e7\u00e3o em engenharia de precis\u00e3o, solu\u00e7\u00f5es inovadoras e confiabilidade inabal\u00e1vel, a FMP tornou-se uma parceira confi\u00e1vel para atender \u00e0s necessidades em constante evolu\u00e7\u00e3o dos setores agr\u00edcola e industrial. Nossa diversificada linha de produtos inclui caixas de engrenagens especializadas para cortadores de grama, eixos de tomada de for\u00e7a e outros componentes essenciais, todos meticulosamente projetados para fornecer solu\u00e7\u00f5es personalizadas em um amplo espectro de aplica\u00e7\u00f5es.<\/p>\n<p>Na FMP, entendemos que cada cliente possui necessidades e desafios \u00fanicos. \u00c9 por isso que nos especializamos em oferecer solu\u00e7\u00f5es personalizadas, seja para componentes individuais ou sistemas totalmente integrados. Trabalhamos em estreita colabora\u00e7\u00e3o com nossos clientes para garantir que cada solu\u00e7\u00e3o seja n\u00e3o apenas eficaz, mas tamb\u00e9m eficiente, otimizando desempenho e valor. Nosso compromisso em fornecer respostas r\u00e1pidas e profissionais, aliado a uma orienta\u00e7\u00e3o especializada, garante que cada consulta seja tratada com o m\u00e1ximo cuidado e precis\u00e3o, levando aos melhores resultados poss\u00edveis.<\/p>\n<p>Priorizamos a comunica\u00e7\u00e3o aberta e cont\u00ednua durante todo o processo de desenvolvimento do produto. Nossa equipe dedicada trabalha diretamente com os clientes para entender completamente suas necessidades espec\u00edficas, oferecendo insights e recomenda\u00e7\u00f5es valiosas para garantir solu\u00e7\u00f5es ideais. Seja projetando produtos inovadores ou atendendo pedidos cont\u00ednuos, a FMP est\u00e1 comprometida em entregar solu\u00e7\u00f5es de alta qualidade e engenharia de precis\u00e3o, sempre no prazo. Nosso objetivo \u00e9 fornecer aos clientes o melhor servi\u00e7o e os melhores resultados, superando as expectativas em cada projeto.<\/p>\n<p>A qualidade \u00e9 a base das opera\u00e7\u00f5es da FMP. Seguimos os mais altos padr\u00f5es de fabrica\u00e7\u00e3o, implementando rigorosas medidas de controle de qualidade para garantir que cada produto n\u00e3o apenas atenda, mas tamb\u00e9m exceda os padr\u00f5es da ind\u00fastria. Esse compromisso inabal\u00e1vel com a qualidade, aliado aos nossos valores fundamentais de integridade, trabalho em equipe e perseveran\u00e7a, nos permitiu construir relacionamentos duradouros e baseados na confian\u00e7a com clientes em quase 30 pa\u00edses ao redor do mundo.<\/p>\n<p>A FMP est\u00e1 sempre aberta a promover parcerias globais e se dedica a oferecer consultoria especializada e solu\u00e7\u00f5es personalizadas que atendam \u00e0s diversas necessidades de nossos clientes. Vamos al\u00e9m do simples fornecimento de produtos; buscamos construir relacionamentos duradouros que contribuam para o sucesso de cada projeto. Seja para solu\u00e7\u00f5es inovadoras para uma nova iniciativa ou suporte cont\u00ednuo para um sistema existente, a FMP est\u00e1 aqui para enfrentar seus desafios t\u00e9cnicos e garantir seu sucesso cont\u00ednuo.<\/p>\n<p><img loading=\"lazy\" decoding=\"async\" class=\"alignnone size-full wp-image-1861\" src=\"https:\/\/fmp-components.com\/wp-content\/uploads\/2024\/12\/Other-Agricultural-Gearboxes.webp\" sizes=\"(min-width: 0px) and (max-width: 480px) 480px, (min-width: 481px) and (max-width: 980px) 980px, (min-width: 981px) 1200px, 100vw\" srcset=\"https:\/\/fmp-components.com\/wp-content\/uploads\/2024\/12\/Other-Agricultural-Gearboxes.webp 1200w, https:\/\/fmp-components.com\/wp-content\/uploads\/2024\/12\/Other-Agricultural-Gearboxes-980x1143.webp 980w, https:\/\/fmp-components.com\/wp-content\/uploads\/2024\/12\/Other-Agricultural-Gearboxes-480x560.webp 480w\" alt=\"Altri-cambi-agr\u00edcola\" width=\"1200\" height=\"1400\" title=\"\"><\/p>\n<p>Autor: CX<\/p>","protected":false},"excerpt":{"rendered":"<p>Irrigation Center-Drive Gearbox SYF-2M Series Model Numbers SYF-2M-20=87rpm(20:1 ratio,1-1\/2 HP motor) SYF-2M-30=58rpm(30:1 ratio, 1-1\/2 HP motor) SYF-2M-40=43rpm(40:1 ratio, 1 HP motor) SYF-2M-50=35rpm(50:1 ratio, 1 HP motor) SYF-2M-58=30rpm(58:1 ratio, 1 HP motor) SYF-2M-60=29rpm(60:1 ratio, 1 HP motor) (When input speed is 1740 rpm) Irrigation Center-Drive Gearbox SYF-2M Series Performance 1. Ratio: 20:1, 30:1, 40:1, 50:1, 58:1, [&hellip;]<\/p>","protected":false},"featured_media":2322,"comment_status":"open","ping_status":"closed","template":"","meta":{"_et_pb_use_builder":"","_et_pb_old_content":"","_et_gb_content_width":""},"product_brand":[],"product_cat":[57],"product_tag":[],"class_list":{"0":"post-2319","1":"product","2":"type-product","3":"status-publish","4":"has-post-thumbnail","6":"product_cat-irrigation-gearbox","8":"first","9":"instock","10":"shipping-taxable","11":"product-type-simple"},"_links":{"self":[{"href":"https:\/\/fmp-components.com\/pt\/wp-json\/wp\/v2\/product\/2319","targetHints":{"allow":["GET"]}}],"collection":[{"href":"https:\/\/fmp-components.com\/pt\/wp-json\/wp\/v2\/product"}],"about":[{"href":"https:\/\/fmp-components.com\/pt\/wp-json\/wp\/v2\/types\/product"}],"replies":[{"embeddable":true,"href":"https:\/\/fmp-components.com\/pt\/wp-json\/wp\/v2\/comments?post=2319"}],"wp:featuredmedia":[{"embeddable":true,"href":"https:\/\/fmp-components.com\/pt\/wp-json\/wp\/v2\/media\/2322"}],"wp:attachment":[{"href":"https:\/\/fmp-components.com\/pt\/wp-json\/wp\/v2\/media?parent=2319"}],"wp:term":[{"taxonomy":"product_brand","embeddable":true,"href":"https:\/\/fmp-components.com\/pt\/wp-json\/wp\/v2\/product_brand?post=2319"},{"taxonomy":"product_cat","embeddable":true,"href":"https:\/\/fmp-components.com\/pt\/wp-json\/wp\/v2\/product_cat?post=2319"},{"taxonomy":"product_tag","embeddable":true,"href":"https:\/\/fmp-components.com\/pt\/wp-json\/wp\/v2\/product_tag?post=2319"}],"curies":[{"name":"wp","href":"https:\/\/api.w.org\/{rel}","templated":true}]}}