{"id":2253,"date":"2024-12-31T03:27:35","date_gmt":"2024-12-31T03:27:35","guid":{"rendered":"https:\/\/fmp-components.com\/?page_id=8"},"modified":"2024-12-31T03:29:52","modified_gmt":"2024-12-31T03:29:52","slug":"fmp-rc61t-rotary-cutter-gearbox-for-rotary-cutter","status":"publish","type":"product","link":"https:\/\/fmp-components.com\/pt\/product\/fmp-rc61t-rotary-cutter-gearbox-for-rotary-cutter\/","title":{"rendered":"Caixa de engrenagens para cortador rotativo FMP-RC61T"},"content":{"rendered":"<p style=\"text-align: center;\"><span style=\"font-size: 18pt;\">Caixa de engrenagens para cortador rotativo FMP-RC61T<\/span><\/p>\n<p>A caixa de engrenagens para cortadores rotativos FMP-RC61T \u00e9 uma caixa de engrenagens de alto desempenho projetada para alimentar cortadores rotativos em aplica\u00e7\u00f5es agr\u00edcolas e industriais exigentes. Projetada para durabilidade, efici\u00eancia e confiabilidade, a FMP-RC61T \u00e9 uma solu\u00e7\u00e3o ideal para tarefas de corte em larga escala, limpeza de terrenos e manejo de vegeta\u00e7\u00e3o. Esta caixa de engrenagens oferece transmiss\u00e3o de pot\u00eancia aprimorada e opera\u00e7\u00e3o suave, tornando-se um componente essencial para cortadores rotativos que requerem desempenho consistente e eficiente.<\/p>\n<h3>Principais caracter\u00edsticas:<\/h3>\n<ol>\n<li>Alta capacidade de pot\u00eancia<br \/>\nA caixa de engrenagens para cortador rotativo FMP-RC61T foi projetada para suportar at\u00e9 60 cavalos de pot\u00eancia, sendo ideal para tarefas de corte rotativo pesado. Seja para ro\u00e7ar grandes \u00e1reas, limpar vegeta\u00e7\u00e3o densa ou fazer a manuten\u00e7\u00e3o de acostamentos, esta caixa de engrenagens garante desempenho ideal em condi\u00e7\u00f5es adversas, fornecendo pot\u00eancia constante para um corte de alta efici\u00eancia.<\/li>\n<li>Constru\u00e7\u00e3o dur\u00e1vel para desempenho de longa dura\u00e7\u00e3o.<br \/>\nFabricada com materiais de alta resist\u00eancia, a caixa de engrenagens FMP-RC61T foi projetada para suportar as exig\u00eancias de ambientes agr\u00edcolas e industriais rigorosos. Seu design robusto garante durabilidade, oferecendo desempenho de longa dura\u00e7\u00e3o com desgaste m\u00ednimo. Isso a torna ideal para operadores que necessitam de uma caixa de engrenagens confi\u00e1vel e resistente para uso cont\u00ednuo.<\/li>\n<li>Transmiss\u00e3o de energia eficiente<br \/>\nA caixa de engrenagens foi projetada para m\u00e1xima efici\u00eancia energ\u00e9tica, otimizando a transfer\u00eancia de energia mec\u00e2nica do eixo da tomada de for\u00e7a (TDF) para as l\u00e2minas de corte rotativas. Isso resulta em maior economia de combust\u00edvel, custos operacionais reduzidos e melhor efici\u00eancia de corte. A transmiss\u00e3o de pot\u00eancia suave e eficiente aprimora o desempenho geral da ro\u00e7adeira rotativa, garantindo seu funcionamento eficaz em diversas condi\u00e7\u00f5es.<\/li>\n<li>Dissipa\u00e7\u00e3o de calor superior e prote\u00e7\u00e3o contra sobrecarga<br \/>\nA caixa de engrenagens FMP-RC61T foi projetada com recursos superiores de dissipa\u00e7\u00e3o de calor que evitam o superaquecimento durante opera\u00e7\u00f5es prolongadas. Al\u00e9m disso, a caixa de engrenagens est\u00e1 equipada com mecanismos de prote\u00e7\u00e3o contra sobrecarga para evitar danos sob cargas excessivas, garantindo que o sistema opere de forma suave e segura, sem risco de falhas ou desgaste prematuro.<\/li>\n<\/ol>\n<p>A caixa de engrenagens para ro\u00e7adeiras rotativas FMP-RC61T \u00e9 uma solu\u00e7\u00e3o de alta qualidade para operadores que buscam uma caixa de engrenagens dur\u00e1vel, eficiente e potente para suas ro\u00e7adeiras rotativas. Com sua alta capacidade de pot\u00eancia, constru\u00e7\u00e3o robusta, transmiss\u00e3o de pot\u00eancia eficiente e facilidade de manuten\u00e7\u00e3o, esta caixa de engrenagens foi projetada para atender \u00e0s demandas de aplica\u00e7\u00f5es agr\u00edcolas e industriais de grande escala. Seja para ro\u00e7ar, limpar terrenos ou realizar manuten\u00e7\u00e3o em rodovias, a FMP-RC61T garante desempenho confi\u00e1vel e duradouro, tornando-se um componente essencial para otimizar as opera\u00e7\u00f5es de ro\u00e7adeiras rotativas.<\/p>\n<h2>Especifica\u00e7\u00f5es da caixa de engrenagens da cortadora rotativa RC61T<\/h2>\n<table style=\"border-collapse: collapse; width: 98.7656%; height: 173px;\" border=\"0\" width=\"128\" cellspacing=\"0\" cellpadding=\"0\">\n<tbody>\n<tr style=\"height: 13.8pt;\">\n<td style=\"height: 13.8pt; width: 48pt;\" align=\"right\" width=\"64\" height=\"18\"><img loading=\"lazy\" decoding=\"async\" class=\"size-full wp-image-2258 aligncenter\" src=\"https:\/\/fmp-components.com\/wp-content\/uploads\/2024\/12\/Rotary-Cutter-Gearboxes-Replacement-of-Omni-Code-RC-511-2.webp\" alt=\"Substitui\u00e7\u00e3o de caixas de engrenagens de cortador rotativo Omni-Code-RC-51\" width=\"500\" height=\"500\" title=\"\" srcset=\"https:\/\/fmp-components.com\/wp-content\/uploads\/2024\/12\/Rotary-Cutter-Gearboxes-Replacement-of-Omni-Code-RC-511-2.webp 500w, https:\/\/fmp-components.com\/wp-content\/uploads\/2024\/12\/Rotary-Cutter-Gearboxes-Replacement-of-Omni-Code-RC-511-2-480x480.webp 480w\" sizes=\"(min-width: 0px) and (max-width: 480px) 480px, (min-width: 481px) 500px, 100vw\" \/><\/td>\n<td style=\"width: 48pt;\" align=\"right\" width=\"64\"><img loading=\"lazy\" decoding=\"async\" class=\"alignnone size-full wp-image-2260\" src=\"https:\/\/fmp-components.com\/wp-content\/uploads\/2024\/12\/FMP_agricultural-gearbox-HC-RC61T-1.webp\" alt=\"FMP_caixa-de-engrenagens-agr\u00edcola-HC-RC61T-1\" width=\"539\" height=\"640\" title=\"\" srcset=\"https:\/\/fmp-components.com\/wp-content\/uploads\/2024\/12\/FMP_agricultural-gearbox-HC-RC61T-1.webp 539w, https:\/\/fmp-components.com\/wp-content\/uploads\/2024\/12\/FMP_agricultural-gearbox-HC-RC61T-1-480x570.webp 480w\" sizes=\"(min-width: 0px) and (max-width: 480px) 480px, (min-width: 481px) 539px, 100vw\" \/><\/td>\n<\/tr>\n<\/tbody>\n<\/table>\n<table style=\"width: 97.3003%; height: 164px;\" border=\"1\" cellspacing=\"0\" cellpadding=\"0\">\n<tbody>\n<tr>\n<td>ITEM<\/td>\n<td>Caixa de engrenagens do cortador rotativo RC61T<\/td>\n<\/tr>\n<tr>\n<td>Raz\u00e3o<\/td>\n<td>1:1\/1:1.21\/1:1.46\/1:1.93<\/td>\n<\/tr>\n<tr>\n<td>Dentes<\/td>\n<td>16\/16 17\/14 19\/13 27\/14<\/td>\n<\/tr>\n<tr>\n<td>M\u00f3dulo<\/td>\n<td>7.0\/7.0\/7.0\/5.5<\/td>\n<\/tr>\n<tr>\n<td>Pot\u00eancia (HP)<\/td>\n<td>60<\/td>\n<\/tr>\n<tr>\n<td>Entrada nominal<\/td>\n<td>540 rpm<\/td>\n<\/tr>\n<tr>\n<td>Descri\u00e7\u00e3o de entrada\/sa\u00edda<\/td>\n<td>\u00a0Eixo estriado 1 3\/8 Z6 1 3\/8 Z6<\/td>\n<\/tr>\n<tr>\n<td>Peso (NW)<\/td>\n<td>33,5 kg<\/td>\n<\/tr>\n<\/tbody>\n<\/table>\n<h2>Dados t\u00e9cnicos da caixa de engrenagens do cortador rotativo<\/h2>\n<table style=\"width: 97.9183%; height: 427px;\" border=\"1\" cellspacing=\"0\" cellpadding=\"0\">\n<tbody>\n<tr>\n<td>\n<div><span data-spm-anchor-id=\"a2700.details.0.i23.4d4ea4cf0W7YgJ\">Material da carca\u00e7a<\/span><\/div>\n<\/td>\n<td>\n<div>Ferro fundido\/Ferro d\u00factil<\/div>\n<\/td>\n<\/tr>\n<tr>\n<td>\n<div>Resist\u00eancia da habita\u00e7\u00e3o<\/div>\n<\/td>\n<td>\n<div>HBS190-240<\/div>\n<\/td>\n<\/tr>\n<tr>\n<td>\n<div>Material da engrenagem<\/div>\n<\/td>\n<td>\n<div>A\u00e7o liga 20CrMnTi<\/div>\n<\/td>\n<\/tr>\n<tr>\n<td>\n<div>Dureza superficial das engrenagens<\/div>\n<\/td>\n<td>\n<div>HRC58~62<\/div>\n<\/td>\n<\/tr>\n<tr>\n<td>\n<div>dureza do n\u00facleo da engrenagem<\/div>\n<\/td>\n<td>\n<div>HRC33~40<\/div>\n<\/td>\n<\/tr>\n<tr>\n<td>\n<div>Material do eixo de entrada\/sa\u00edda<\/div>\n<\/td>\n<td>\n<div>a\u00e7o liga 42CrMo<\/div>\n<\/td>\n<\/tr>\n<tr>\n<td>\n<div>Dureza do eixo de entrada\/sa\u00edda<\/div>\n<\/td>\n<td>\n<div>HRC25~30<\/div>\n<\/td>\n<\/tr>\n<tr>\n<td>\n<div>Precis\u00e3o de usinagem de engrenagens<\/div>\n<\/td>\n<td>\n<div>Retifica\u00e7\u00e3o precisa, grau 6~5<\/div>\n<\/td>\n<\/tr>\n<tr>\n<td>\n<div>\u00d3leo lubrificante<\/div>\n<\/td>\n<td>\n<div>GB L-CKC220-460, Shell Omala220-460<\/div>\n<\/td>\n<\/tr>\n<tr>\n<td>\n<div>Tratamento t\u00e9rmico<\/div>\n<\/td>\n<td>\n<div>t\u00eampera, cimenta\u00e7\u00e3o, resfriamento brusco, etc.<\/div>\n<\/td>\n<\/tr>\n<tr>\n<td>\n<div>Efici\u00eancia<\/div>\n<\/td>\n<td>\n<div>98%<\/div>\n<\/td>\n<\/tr>\n<tr>\n<td>\n<div>Ru\u00eddo (M\u00c1XIMO)<\/div>\n<\/td>\n<td>\n<div>60~68dB<\/div>\n<\/td>\n<\/tr>\n<tr>\n<td>\n<div>Vibra\u00e7\u00e3o<\/div>\n<\/td>\n<td>\n<div>\u226420\u00b5m<\/div>\n<\/td>\n<\/tr>\n<tr>\n<td>\n<div>Retalia\u00e7\u00e3o<\/div>\n<\/td>\n<td>\n<div>\u226420 minutos de arco<\/div>\n<\/td>\n<\/tr>\n<tr>\n<td>\n<div>Marca de rolamentos<\/div>\n<\/td>\n<td>\n<div>Rolamentos de marcas chinesas l\u00edderes, como HRB\/LYC\/ZWZ\/C&amp;U. Ou outras marcas sob encomenda, como SKF, FAG, INA, NSK.<\/div>\n<\/td>\n<\/tr>\n<tr>\n<td>\n<div>Marca do retentor de \u00f3leo<\/div>\n<\/td>\n<td>\n<div>NAK \u2014 Taiwan ou outras marcas solicitadas<\/div>\n<\/td>\n<\/tr>\n<\/tbody>\n<\/table>\n<h2>Caracter\u00edsticas da caixa de engrenagens do cortador rotativo RC61T<\/h2>\n<p>A caixa de engrenagens RC61T para cortadores rotativos foi projetada para oferecer desempenho e confiabilidade superiores em opera\u00e7\u00f5es de corte rotativo, tornando-se um componente essencial para m\u00e1quinas agr\u00edcolas e industriais. Constru\u00edda para tarefas pesadas, a caixa de engrenagens RC61T foi projetada para suportar altas demandas de pot\u00eancia, garantindo uma transmiss\u00e3o de pot\u00eancia suave e eficiente. Abaixo est\u00e3o as principais caracter\u00edsticas da caixa de engrenagens RC61T para cortadores rotativos.<\/p>\n<p><strong>Alta capacidade de pot\u00eancia para aplica\u00e7\u00f5es de servi\u00e7o pesado.<\/strong><\/p>\n<p>A caixa de engrenagens para cortador rotativo RC61T foi projetada para suportar at\u00e9 60 cavalos de pot\u00eancia, sendo ideal para aplica\u00e7\u00f5es agr\u00edcolas e industriais de grande escala. Seja para ro\u00e7ar vastos campos, limpar vegeta\u00e7\u00e3o densa ou manter acostamentos de estradas, a caixa de engrenagens fornece a pot\u00eancia necess\u00e1ria para acionar as l\u00e2minas do cortador rotativo com efici\u00eancia ideal. Sua alta capacidade de pot\u00eancia garante opera\u00e7\u00e3o confi\u00e1vel mesmo em condi\u00e7\u00f5es adversas, aumentando a produtividade e reduzindo o tempo de inatividade.<\/p>\n<p><strong>Constru\u00e7\u00e3o dur\u00e1vel para confiabilidade a longo prazo<\/strong><\/p>\n<p>Fabricada com materiais de alta resist\u00eancia, a RC61T foi projetada para suportar os ambientes desafiadores encontrados em campos agr\u00edcolas e instala\u00e7\u00f5es industriais. O design robusto da caixa de engrenagens garante durabilidade contra desgaste, umidade e sujeira, comuns em opera\u00e7\u00f5es exigentes. Essa durabilidade reduz a necessidade de reparos e substitui\u00e7\u00f5es frequentes, oferecendo desempenho duradouro com manuten\u00e7\u00e3o m\u00ednima.<\/p>\n<p><strong>Transmiss\u00e3o de energia eficiente e economia de combust\u00edvel<\/strong><\/p>\n<p>A caixa de engrenagens da ro\u00e7adeira rotativa RC61T foi projetada para uma transmiss\u00e3o de pot\u00eancia eficiente do eixo da tomada de for\u00e7a (TDF) para as l\u00e2minas da ro\u00e7adeira. Isso garante o m\u00e1ximo aproveitamento de energia e a m\u00ednima perda de pot\u00eancia durante a opera\u00e7\u00e3o. A transfer\u00eancia eficiente de pot\u00eancia reduz o consumo de combust\u00edvel e os custos operacionais, ao mesmo tempo que proporciona um desempenho de corte consistente. Seja para corte de grama, limpeza de terrenos ou manejo de vegeta\u00e7\u00e3o, a caixa de engrenagens ajuda a otimizar a efici\u00eancia de combust\u00edvel, tornando-se uma solu\u00e7\u00e3o com excelente custo-benef\u00edcio.<\/p>\n<p><strong>Dissipa\u00e7\u00e3o de calor e prote\u00e7\u00e3o contra sobrecarga<\/strong><\/p>\n<p>A caixa de engrenagens RC61T foi projetada com recursos avan\u00e7ados de dissipa\u00e7\u00e3o de calor que evitam o superaquecimento durante opera\u00e7\u00f5es prolongadas. Isso garante que a caixa de engrenagens opere dentro de faixas de temperatura ideais, prolongando sua vida \u00fatil e melhorando o desempenho. Al\u00e9m disso, a caixa de engrenagens est\u00e1 equipada com mecanismos de prote\u00e7\u00e3o contra sobrecarga para evitar esfor\u00e7os excessivos, prevenindo danos e garantindo uma opera\u00e7\u00e3o cont\u00ednua e sem problemas, mesmo sob cargas pesadas.<\/p>\n<p><strong>Baixa manuten\u00e7\u00e3o e f\u00e1cil manuten\u00e7\u00e3o<\/strong><\/p>\n<p>A manuten\u00e7\u00e3o da caixa de engrenagens da cortadora rotativa RC61T \u00e9 simples e direta. A caixa de engrenagens possui pontos de lubrifica\u00e7\u00e3o de f\u00e1cil acesso e rolamentos selados, reduzindo a frequ\u00eancia de lubrifica\u00e7\u00e3o e minimizando o tempo de servi\u00e7o. Sua constru\u00e7\u00e3o robusta, combinada com sistemas de veda\u00e7\u00e3o eficientes, protege contra contaminantes como sujeira e umidade, garantindo uma opera\u00e7\u00e3o suave com requisitos m\u00ednimos de manuten\u00e7\u00e3o. Essa facilidade de manuten\u00e7\u00e3o garante que a caixa de engrenagens permane\u00e7a em \u00f3timas condi\u00e7\u00f5es, reduzindo o tempo de inatividade e mantendo as opera\u00e7\u00f5es funcionando com efici\u00eancia.<\/p>\n<p>A caixa de engrenagens para cortador rotativo RC61T oferece alta capacidade de pot\u00eancia, durabilidade, efici\u00eancia e baixa manuten\u00e7\u00e3o, tornando-a a escolha ideal para operadores que precisam de desempenho confi\u00e1vel e eficaz em aplica\u00e7\u00f5es de corte rotativo desafiadoras.<\/p>\n<table style=\"border-collapse: collapse; width: 102.801%; height: 467px;\" border=\"0\" width=\"128\" cellspacing=\"0\" cellpadding=\"0\">\n<tbody>\n<tr style=\"height: 13.8pt;\">\n<td style=\"height: 13px; width: 48pt;\" align=\"right\" width=\"64\" height=\"18\"><img loading=\"lazy\" decoding=\"async\" class=\"alignnone size-full wp-image-2256\" src=\"https:\/\/fmp-components.com\/wp-content\/uploads\/2024\/12\/Gearbox-for-Rotary-Cutter-11.webp\" alt=\"Caixa de engrenagens para cortador rotativo\" width=\"600\" height=\"600\" title=\"\" srcset=\"https:\/\/fmp-components.com\/wp-content\/uploads\/2024\/12\/Gearbox-for-Rotary-Cutter-11.webp 600w, https:\/\/fmp-components.com\/wp-content\/uploads\/2024\/12\/Gearbox-for-Rotary-Cutter-11-480x480.webp 480w\" sizes=\"(min-width: 0px) and (max-width: 480px) 480px, (min-width: 481px) 600px, 100vw\" \/><\/td>\n<td style=\"width: 48pt; height: 13px;\" align=\"right\" width=\"64\"><img loading=\"lazy\" decoding=\"async\" class=\"alignnone  wp-image-2254\" src=\"https:\/\/fmp-components.com\/wp-content\/uploads\/2024\/12\/PTO-Shafts-for-Rotary-Cutter-11.webp\" alt=\"Eixos de tomada de for\u00e7a para cortador rotativo\" width=\"469\" height=\"469\" title=\"\"><\/td>\n<\/tr>\n<\/tbody>\n<\/table>\n<h2>Eixo da tomada de for\u00e7a (PTO) para caixa de engrenagens da cortadora rotativa FMP-RC61T<\/h2>\n<p>O eixo da tomada de for\u00e7a (TDF) para a caixa de engrenagens da ro\u00e7adeira rotativa FMP-RC61T \u00e9 um componente cr\u00edtico projetado para transferir com efici\u00eancia a pot\u00eancia do sistema de tomada de for\u00e7a (TDF) do trator para a caixa de engrenagens da ro\u00e7adeira rotativa FMP-RC61T. Isso garante uma opera\u00e7\u00e3o suave e um desempenho confi\u00e1vel, tornando-o essencial para tarefas como ro\u00e7ada, limpeza de terrenos e manejo de vegeta\u00e7\u00e3o em aplica\u00e7\u00f5es agr\u00edcolas e industriais.<\/p>\n<p><strong>Durabilidade e constru\u00e7\u00e3o resistente<\/strong><\/p>\n<p>O eixo da tomada de for\u00e7a (TDF) para o FMP-RC61T \u00e9 fabricado em a\u00e7o de alta resist\u00eancia, projetado para suportar as condi\u00e7\u00f5es adversas de ambientes agr\u00edcolas e industriais. Constru\u00eddo para suportar altas cargas de torque e os desafios da opera\u00e7\u00e3o cont\u00ednua, garante longevidade e desempenho confi\u00e1vel em condi\u00e7\u00f5es exigentes. Essa constru\u00e7\u00e3o robusta garante que o eixo possa lidar com tarefas dif\u00edceis, como cortar vegeta\u00e7\u00e3o densa ou limpar grandes \u00e1reas, sem comprometer a resist\u00eancia ou o desempenho.<br \/>\n<strong>Transmiss\u00e3o de energia eficiente<\/strong><\/p>\n<p>O eixo da tomada de for\u00e7a (TDF) foi projetado para proporcionar m\u00e1xima efici\u00eancia na transfer\u00eancia de pot\u00eancia do sistema de TDF do trator para a caixa de engrenagens da ro\u00e7adeira rotativa FMP-RC61T. Essa transfer\u00eancia de pot\u00eancia eficiente minimiza a perda de energia, otimizando o desempenho de corte da ro\u00e7adeira. Com esse projeto, o eixo contribui para menor consumo de combust\u00edvel, redu\u00e7\u00e3o dos custos operacionais e resultados consistentes em diversas aplica\u00e7\u00f5es de corte, desde a poda de grama at\u00e9 a limpeza de terrenos com vegeta\u00e7\u00e3o densa.<br \/>\n<strong>Recursos de seguran\u00e7a para maior prote\u00e7\u00e3o<\/strong><\/p>\n<p>A seguran\u00e7a \u00e9 uma considera\u00e7\u00e3o fundamental no projeto do eixo da tomada de for\u00e7a (TDF) do FMP-RC61T. Ele vem equipado com prote\u00e7\u00f5es e coberturas de seguran\u00e7a que protegem os operadores do contato acidental com as partes rotativas. Esses recursos de seguran\u00e7a garantem um ambiente de trabalho seguro, reduzindo o risco de les\u00f5es durante a opera\u00e7\u00e3o. Al\u00e9m disso, o design do eixo da TDF minimiza as vibra\u00e7\u00f5es, aumentando ainda mais a seguran\u00e7a e contribuindo para uma opera\u00e7\u00e3o mais suave, com menor desgaste tanto do eixo quanto da caixa de engrenagens.<br \/>\n<strong>Compatibilidade universal e f\u00e1cil instala\u00e7\u00e3o<\/strong><\/p>\n<p>O eixo da tomada de for\u00e7a (TDF) foi projetado para f\u00e1cil compatibilidade com a caixa de engrenagens da ro\u00e7adeira rotativa FMP-RC61T, garantindo um encaixe perfeito e integra\u00e7\u00e3o suave. Ele pode ser facilmente adaptado a diversos modelos de tratores e sistemas de ro\u00e7adeiras rotativas, tornando-se uma solu\u00e7\u00e3o vers\u00e1til para diferentes aplica\u00e7\u00f5es agr\u00edcolas, paisag\u00edsticas e industriais. A facilidade de instala\u00e7\u00e3o garante tempo de inatividade m\u00ednimo, permitindo que os operadores retornem rapidamente ao trabalho sem a necessidade de ajustes ou modifica\u00e7\u00f5es complexas.<br \/>\n<strong>Baixa manuten\u00e7\u00e3o e longa vida \u00fatil.<\/strong><\/p>\n<p>O eixo da tomada de for\u00e7a (PTO) para o FMP-RC61T foi projetado para minimizar a manuten\u00e7\u00e3o. Possui pontos de lubrifica\u00e7\u00e3o acess\u00edveis e \u00e9 constru\u00eddo com rolamentos selados que protegem contra sujeira, umidade e contaminantes. Esse design reduz o desgaste, prolongando a vida \u00fatil do eixo e diminuindo a frequ\u00eancia de manuten\u00e7\u00e3o. Com os devidos cuidados, o eixo da tomada de for\u00e7a continuar\u00e1 funcionando de forma confi\u00e1vel por muitos anos, tornando-se uma solu\u00e7\u00e3o econ\u00f4mica para operadores que exigem desempenho duradouro.<\/p>\n<p>Em resumo, o eixo da tomada de for\u00e7a (PTO) para a caixa de engrenagens da ro\u00e7adeira rotativa FMP-RC61T \u00e9 uma solu\u00e7\u00e3o dur\u00e1vel, eficiente e segura para a transmiss\u00e3o de pot\u00eancia \u00e0s caixas de engrenagens da ro\u00e7adeira rotativa. Com sua constru\u00e7\u00e3o robusta, transmiss\u00e3o de pot\u00eancia eficiente, recursos de seguran\u00e7a e design de baixa manuten\u00e7\u00e3o, garante opera\u00e7\u00e3o confi\u00e1vel em diversas aplica\u00e7\u00f5es agr\u00edcolas e industriais.<\/p>\n<table style=\"border-collapse: collapse; width: 100.406%; height: 88px;\" border=\"0\" width=\"128\" cellspacing=\"0\" cellpadding=\"0\">\n<tbody>\n<tr style=\"height: 13.8pt;\">\n<td style=\"height: 13.8pt; width: 48pt;\" align=\"right\" width=\"64\" height=\"18\"><img loading=\"lazy\" decoding=\"async\" class=\"alignnone size-full wp-image-2255\" src=\"https:\/\/fmp-components.com\/wp-content\/uploads\/2024\/12\/PTO-Shafts-for-Rotary-Cutter1.webp\" alt=\"Eixos de tomada de for\u00e7a para cortador rotativo\" width=\"600\" height=\"600\" title=\"\" srcset=\"https:\/\/fmp-components.com\/wp-content\/uploads\/2024\/12\/PTO-Shafts-for-Rotary-Cutter1.webp 600w, https:\/\/fmp-components.com\/wp-content\/uploads\/2024\/12\/PTO-Shafts-for-Rotary-Cutter1-480x480.webp 480w\" sizes=\"(min-width: 0px) and (max-width: 480px) 480px, (min-width: 481px) 600px, 100vw\" \/><\/td>\n<td style=\"width: 48pt;\" align=\"right\" width=\"64\"><img loading=\"lazy\" decoding=\"async\" class=\"alignnone size-full wp-image-2257\" src=\"https:\/\/fmp-components.com\/wp-content\/uploads\/2024\/12\/Gearbox-for-Rotary-Cutter1.webp\" alt=\"Caixa de engrenagens para cortador rotativo\" width=\"600\" height=\"600\" title=\"\" srcset=\"https:\/\/fmp-components.com\/wp-content\/uploads\/2024\/12\/Gearbox-for-Rotary-Cutter1.webp 600w, https:\/\/fmp-components.com\/wp-content\/uploads\/2024\/12\/Gearbox-for-Rotary-Cutter1-480x480.webp 480w\" sizes=\"(min-width: 0px) and (max-width: 480px) 480px, (min-width: 481px) 600px, 100vw\" \/><\/td>\n<\/tr>\n<\/tbody>\n<\/table>\n<h3>Sobre a FMP<\/h3>\n<p>Com sede na It\u00e1lia, a FMP se destaca como fabricante l\u00edder, reconhecida por sua expertise em projeto, desenvolvimento e produ\u00e7\u00e3o de caixas de engrenagens de alto desempenho, com foco principal no setor de m\u00e1quinas agr\u00edcolas. Reconhecida por seu compromisso com engenharia de precis\u00e3o, inova\u00e7\u00e3o e confiabilidade incompar\u00e1vel, a FMP conquistou s\u00f3lida reputa\u00e7\u00e3o por fornecer produtos premium que atendem \u00e0s necessidades din\u00e2micas dos mercados agr\u00edcola e industrial. Nosso amplo portf\u00f3lio de produtos inclui caixas de engrenagens especializadas para cortadores de grama, eixos de tomada de for\u00e7a e outros componentes essenciais, todos projetados para fornecer solu\u00e7\u00f5es sob medida para uma ampla gama de aplica\u00e7\u00f5es.<\/p>\n<p>Na FMP, reconhecemos que cada cliente enfrenta desafios e necessidades distintas. \u00c9 por isso que nos especializamos em fornecer solu\u00e7\u00f5es personalizadas, sejam componentes individuais ou sistemas completos e integrados. Trabalhamos em estreita parceria com nossos clientes, garantindo que cada solu\u00e7\u00e3o seja n\u00e3o apenas eficaz, mas tamb\u00e9m eficiente, otimizando desempenho e valor. Nosso compromisso com respostas r\u00e1pidas e profissionais, aliado \u00e0 orienta\u00e7\u00e3o especializada, garante que cada consulta seja gerenciada com precis\u00e3o e cuidado.<\/p>\n<p>Priorizamos uma comunica\u00e7\u00e3o clara e cont\u00ednua, especialmente no desenvolvimento de novos produtos. Nossa equipe dedicada trabalha diretamente com os clientes para obter um profundo entendimento de suas necessidades espec\u00edficas, oferecendo insights pr\u00e1ticos que levam \u00e0s solu\u00e7\u00f5es mais otimizadas. Seja projetando produtos de ponta ou atendendo pedidos cont\u00ednuos, permanecemos firmes em nosso compromisso de entregar solu\u00e7\u00f5es de alta qualidade e engenharia de precis\u00e3o com rapidez e confiabilidade.<\/p>\n<p>No centro das opera\u00e7\u00f5es da FMP est\u00e1 um foco inabal\u00e1vel na qualidade. Seguimos os mais altos padr\u00f5es de fabrica\u00e7\u00e3o, incorporando rigorosos procedimentos de controle de qualidade para garantir que cada produto n\u00e3o apenas atenda, mas supere as expectativas da ind\u00fastria. Nossa dedica\u00e7\u00e3o \u00e0 qualidade, aliada aos nossos valores fundamentais de integridade, colabora\u00e7\u00e3o e persist\u00eancia, nos ajudou a construir relacionamentos s\u00f3lidos e duradouros com clientes em mais de 30 pa\u00edses em todo o mundo.<\/p>\n<p>A FMP est\u00e1 sempre aberta a promover parcerias globais e se dedica a oferecer consultoria especializada e solu\u00e7\u00f5es personalizadas para atender \u00e0s diversas necessidades de nossos clientes. Vamos al\u00e9m do simples fornecimento de produtos \u2014 buscamos construir relacionamentos duradouros e significativos que impulsionem o sucesso de cada projeto. Seja em busca de solu\u00e7\u00f5es inovadoras para uma nova iniciativa ou suporte cont\u00ednuo para um sistema existente, a FMP est\u00e1 aqui para enfrentar seus desafios t\u00e9cnicos e garantir seu sucesso cont\u00ednuo.<\/p>\n<p><img loading=\"lazy\" decoding=\"async\" class=\"alignnone size-full wp-image-1861\" src=\"https:\/\/fmp-components.com\/wp-content\/uploads\/2024\/12\/Other-Agricultural-Gearboxes.webp\" sizes=\"(min-width: 0px) and (max-width: 480px) 480px, (min-width: 481px) and (max-width: 980px) 980px, (min-width: 981px) 1200px, 100vw\" srcset=\"https:\/\/fmp-components.com\/wp-content\/uploads\/2024\/12\/Other-Agricultural-Gearboxes.webp 1200w, https:\/\/fmp-components.com\/wp-content\/uploads\/2024\/12\/Other-Agricultural-Gearboxes-980x1143.webp 980w, https:\/\/fmp-components.com\/wp-content\/uploads\/2024\/12\/Other-Agricultural-Gearboxes-480x560.webp 480w\" alt=\"Altri-cambi-agr\u00edcola\" width=\"1200\" height=\"1400\" title=\"\"><\/p>\n<p>Autor: CX<\/p>","protected":false},"excerpt":{"rendered":"<p>FMP-RC61T Rotary Cutter Gearbox for Rotary Cutter The FMP-RC61T Rotary Cutter Gearbox is a high-performance gearbox designed to power rotary cutters in demanding agricultural and industrial applications. Engineered for durability, efficiency, and reliability, the FMP-RC61T is an ideal solution for large-scale mowing, land clearing, and vegetation management tasks. This gearbox offers enhanced power transmission and [&hellip;]<\/p>","protected":false},"featured_media":2258,"comment_status":"open","ping_status":"closed","template":"","meta":{"_et_pb_use_builder":"","_et_pb_old_content":"","_et_gb_content_width":""},"product_brand":[],"product_cat":[56],"product_tag":[],"class_list":{"0":"post-2253","1":"product","2":"type-product","3":"status-publish","4":"has-post-thumbnail","6":"product_cat-rotary-cutter-gearbox","8":"first","9":"instock","10":"shipping-taxable","11":"product-type-simple"},"_links":{"self":[{"href":"https:\/\/fmp-components.com\/pt\/wp-json\/wp\/v2\/product\/2253","targetHints":{"allow":["GET"]}}],"collection":[{"href":"https:\/\/fmp-components.com\/pt\/wp-json\/wp\/v2\/product"}],"about":[{"href":"https:\/\/fmp-components.com\/pt\/wp-json\/wp\/v2\/types\/product"}],"replies":[{"embeddable":true,"href":"https:\/\/fmp-components.com\/pt\/wp-json\/wp\/v2\/comments?post=2253"}],"wp:featuredmedia":[{"embeddable":true,"href":"https:\/\/fmp-components.com\/pt\/wp-json\/wp\/v2\/media\/2258"}],"wp:attachment":[{"href":"https:\/\/fmp-components.com\/pt\/wp-json\/wp\/v2\/media?parent=2253"}],"wp:term":[{"taxonomy":"product_brand","embeddable":true,"href":"https:\/\/fmp-components.com\/pt\/wp-json\/wp\/v2\/product_brand?post=2253"},{"taxonomy":"product_cat","embeddable":true,"href":"https:\/\/fmp-components.com\/pt\/wp-json\/wp\/v2\/product_cat?post=2253"},{"taxonomy":"product_tag","embeddable":true,"href":"https:\/\/fmp-components.com\/pt\/wp-json\/wp\/v2\/product_tag?post=2253"}],"curies":[{"name":"wp","href":"https:\/\/api.w.org\/{rel}","templated":true}]}}