{"id":2209,"date":"2024-12-31T00:44:14","date_gmt":"2024-12-31T00:44:14","guid":{"rendered":"https:\/\/fmp-components.com\/?page_id=8"},"modified":"2024-12-31T01:41:45","modified_gmt":"2024-12-31T01:41:45","slug":"rotary-cutter-gearboxes-replacement-of-omni-code-rc-20-gearbox","status":"publish","type":"product","link":"https:\/\/fmp-components.com\/pt\/product\/rotary-cutter-gearboxes-replacement-of-omni-code-rc-20-gearbox\/","title":{"rendered":"Caixas de engrenagens de cortador rotativo \u2013 Substitui\u00e7\u00e3o da caixa de engrenagens Omni Code RC-20"},"content":{"rendered":"<p style=\"text-align: center;\"><span style=\"font-size: 18pt;\">Caixas de engrenagens de cortador rotativo \u2013 Substitui\u00e7\u00e3o da caixa de engrenagens Omni Code RC-20<\/span><\/p>\n<p><img loading=\"lazy\" decoding=\"async\" class=\"size-full wp-image-2211 aligncenter\" src=\"https:\/\/fmp-components.com\/wp-content\/uploads\/2024\/12\/Rotary-Cutter-Gearboxes-Replacement-of-Omni-Code-RC-20-Gearbox-1.webp\" alt=\"Caixas de engrenagens de cortador rotativo - Substitui\u00e7\u00e3o da caixa de engrenagens Omni-Code-RC-20\" width=\"500\" height=\"500\" title=\"\" srcset=\"https:\/\/fmp-components.com\/wp-content\/uploads\/2024\/12\/Rotary-Cutter-Gearboxes-Replacement-of-Omni-Code-RC-20-Gearbox-1.webp 500w, https:\/\/fmp-components.com\/wp-content\/uploads\/2024\/12\/Rotary-Cutter-Gearboxes-Replacement-of-Omni-Code-RC-20-Gearbox-1-480x480.webp 480w\" sizes=\"(min-width: 0px) and (max-width: 480px) 480px, (min-width: 481px) 500px, 100vw\" \/><\/p>\n<p>A caixa de engrenagens para cortador rotativo, para substitui\u00e7\u00e3o da caixa de engrenagens Omni Code RC-20, foi projetada para proporcionar desempenho e durabilidade superiores em aplica\u00e7\u00f5es agr\u00edcolas e industriais. Esta caixa de engrenagens de substitui\u00e7\u00e3o de alta qualidade foi projetada para se encaixar perfeitamente em cortadores rotativos, oferecendo uma solu\u00e7\u00e3o eficiente e confi\u00e1vel para o cuidado de gramados, limpeza de terrenos e manuten\u00e7\u00e3o de culturas. Com engenharia precisa e constru\u00e7\u00e3o robusta, garante transmiss\u00e3o de pot\u00eancia e desempenho ideais, permitindo que os cortadores rotativos operem suavemente em diversas condi\u00e7\u00f5es de trabalho.<\/p>\n<h3>Principais caracter\u00edsticas:<\/h3>\n<ol>\n<li><strong>Compatibilidade<\/strong>: A caixa de engrenagens foi projetada para substituir a caixa de engrenagens Omni Code RC-20, garantindo f\u00e1cil instala\u00e7\u00e3o e compatibilidade com os equipamentos existentes. Ela proporciona uma substitui\u00e7\u00e3o direta, minimizando o tempo de inatividade e a necessidade de modifica\u00e7\u00f5es.<\/li>\n<li><strong>Alta Efici\u00eancia<\/strong>: Projetada para alta efici\u00eancia, a caixa de engrenagens do cortador rotativo garante transfer\u00eancia eficaz de pot\u00eancia do eixo de tomada de for\u00e7a do trator para as l\u00e2minas do cortador, maximizando o desempenho operacional.<\/li>\n<li><strong>Durabilidade<\/strong>: Constru\u00edda com materiais de alta qualidade, a caixa de engrenagens foi projetada para suportar ambientes de trabalho adversos. Oferece resist\u00eancia excepcional ao desgaste, corros\u00e3o e cargas extremas, garantindo confiabilidade a longo prazo e reduzindo os custos de manuten\u00e7\u00e3o.<\/li>\n<li><strong>Baixa manuten\u00e7\u00e3o<\/strong>: O design da caixa de engrenagens minimiza a necessidade de manuten\u00e7\u00e3o frequente. Seus rolamentos selados e componentes projetados com precis\u00e3o reduzem o atrito, aumentando a vida \u00fatil operacional e reduzindo o desgaste.<\/li>\n<li><strong>Aplica\u00e7\u00e3o vers\u00e1til<\/strong>: Ideal para uso em uma variedade de aplica\u00e7\u00f5es, incluindo campos agr\u00edcolas, pastagens e ambientes industriais, onde cortadores rotativos s\u00e3o usados \u200b\u200bpara cortar grama, limpar arbustos ou cortar grama e pequenos arbustos.<\/li>\n<\/ol>\n<h2>Especifica\u00e7\u00f5es da caixa de engrenagens do cortador rotativo RC20<\/h2>\n<table style=\"width: 94.902%; height: 417px;\" border=\"1\" cellspacing=\"0\" cellpadding=\"0\">\n<tbody>\n<tr>\n<td style=\"width: 28.4738%;\">Modelo:<\/td>\n<td style=\"width: 71.4123%;\">\u00a0Caixa de engrenagens de corte rotativo FMP-RC20<\/td>\n<\/tr>\n<tr>\n<td style=\"width: 28.4738%;\">Poder:<\/td>\n<td style=\"width: 71.4123%;\">15 \u2013 18 cv<br \/>\n11 \u2013 21 kW<\/td>\n<\/tr>\n<tr>\n<td style=\"width: 28.4738%;\">Torque:<\/td>\n<td style=\"width: 71.4123%;\">1.750 \u2013 3.267 lb.-pol.<br \/>\n(198 \u2013 369 Nm)<\/td>\n<\/tr>\n<tr>\n<td style=\"width: 28.4738%;\">Propor\u00e7\u00f5es:<\/td>\n<td style=\"width: 71.4123%;\">1:1.25, 1:2.83<\/td>\n<\/tr>\n<tr>\n<td style=\"width: 28.4738%;\">Tipo de engrenagem:<\/td>\n<td style=\"width: 71.4123%;\">Chanfro<\/td>\n<\/tr>\n<tr>\n<td style=\"width: 28.4738%;\">Tipo de veda\u00e7\u00e3o:<\/td>\n<td style=\"width: 71.4123%;\">Mola de l\u00e1bio triplo carregada<\/td>\n<\/tr>\n<tr>\n<td style=\"width: 28.4738%;\">Tipo de rolamento:<\/td>\n<td style=\"width: 71.4123%;\">Bola Deep Groove<\/td>\n<\/tr>\n<tr>\n<td style=\"width: 28.4738%;\">Capacidade de \u00f3leo:<\/td>\n<td style=\"width: 71.4123%;\">16 on\u00e7as.<br \/>\n(0,47 L)<\/td>\n<\/tr>\n<tr>\n<td style=\"width: 28.4738%;\">Peso:<\/td>\n<td style=\"width: 71.4123%;\">34 libras.<br \/>\n(15,4 kg.)<\/td>\n<\/tr>\n<tr>\n<td style=\"width: 28.4738%;\">Aplica\u00e7\u00f5es:<\/td>\n<td style=\"width: 71.4123%;\">Cortadores de acabamento<br \/>\nCortadores rotativos<br \/>\nCortadores rotativos<\/td>\n<\/tr>\n<\/tbody>\n<\/table>\n<h2>Projeto de rela\u00e7\u00e3o de caixa de engrenagens do cortador rotativo RC20<\/h2>\n<p>A caixa de engrenagens do cortador rotativo RC20 oferece diversas rela\u00e7\u00f5es de transmiss\u00e3o para atender a diferentes pot\u00eancias e demandas de corte. A rela\u00e7\u00e3o da caixa de engrenagens determina a velocidade de rota\u00e7\u00e3o da l\u00e2mina \u2014 rela\u00e7\u00f5es mais altas resultam em velocidades de l\u00e2mina mais r\u00e1pidas, mas com torque menor, enquanto rela\u00e7\u00f5es mais baixas proporcionam mais torque com uma velocidade de l\u00e2mina mais baixa.<\/p>\n<p>Dispon\u00edvel em propor\u00e7\u00f5es como <strong>1:1.25<\/strong> e <strong>1:2.83<\/strong>, a sele\u00e7\u00e3o apropriada depende dos requisitos espec\u00edficos da sua aplica\u00e7\u00e3o.<\/p>\n<ul>\n<li><strong>Propor\u00e7\u00f5es mais altas<\/strong> (por exemplo, 1:1,25) s\u00e3o ideais para tarefas mais leves, onde a velocidade \u00e9 essencial, como cortar grama ou cortar grama.<\/li>\n<li><strong>Raz\u00f5es mais baixas<\/strong> (por exemplo, 1:2,83) s\u00e3o mais adequados para aplica\u00e7\u00f5es pesadas, como limpeza de terrenos acidentados, corte de arbustos densos ou limpeza de terrenos, pois fornecem mais torque para trabalhar com materiais mais resistentes.<\/li>\n<\/ul>\n<p>Ao escolher uma rela\u00e7\u00e3o de transmiss\u00e3o, \u00e9 essencial considerar fatores como a pot\u00eancia do seu trator, a densidade do material a ser cortado e a velocidade da l\u00e2mina necess\u00e1ria para um corte limpo e consistente. Selecionar a rela\u00e7\u00e3o de transmiss\u00e3o correta para o seu cortador rotativo RC20 garante desempenho, efici\u00eancia e durabilidade ideais tanto da caixa de transmiss\u00e3o quanto do cortador.<\/p>\n<p><img loading=\"lazy\" decoding=\"async\" class=\"alignnone size-full wp-image-2215\" src=\"https:\/\/fmp-components.com\/wp-content\/uploads\/2024\/12\/Rotary-Cutter-Gearbox1.webp\" alt=\"Caixa de engrenagens do cortador rotativo\" width=\"1279\" height=\"761\" title=\"\" srcset=\"https:\/\/fmp-components.com\/wp-content\/uploads\/2024\/12\/Rotary-Cutter-Gearbox1.webp 1279w, https:\/\/fmp-components.com\/wp-content\/uploads\/2024\/12\/Rotary-Cutter-Gearbox1-980x583.webp 980w, https:\/\/fmp-components.com\/wp-content\/uploads\/2024\/12\/Rotary-Cutter-Gearbox1-480x286.webp 480w\" sizes=\"(min-width: 0px) and (max-width: 480px) 480px, (min-width: 481px) and (max-width: 980px) 980px, (min-width: 981px) 1279px, 100vw\" \/><\/p>\n<h2>Caracter\u00edsticas da caixa de engrenagens do cortador rotativo RC20<\/h2>\n<ol>\n<li><strong>Constru\u00e7\u00e3o dur\u00e1vel<\/strong>: A caixa de engrenagens do cortador rotativo RC20 \u00e9 constru\u00edda com materiais de alta qualidade, garantindo durabilidade e resist\u00eancia ao desgaste, mesmo em condi\u00e7\u00f5es exigentes. Essa constru\u00e7\u00e3o robusta permite que a caixa de engrenagens suporte cargas de trabalho intensas, proporcionando desempenho confi\u00e1vel por anos.<\/li>\n<li><strong>M\u00faltiplas rela\u00e7\u00f5es de transmiss\u00e3o<\/strong>: Dispon\u00edvel em v\u00e1rias rela\u00e7\u00f5es de transmiss\u00e3o, como <strong>1:1.25<\/strong> e <strong>1:2.83<\/strong>A caixa de engrenagens RC20 oferece flexibilidade para atender a diferentes requisitos de corte. Essas rela\u00e7\u00f5es permitem que os usu\u00e1rios escolham entre maior velocidade da l\u00e2mina para tarefas leves ou maior torque para aplica\u00e7\u00f5es pesadas, como limpeza de arbustos densos.<\/li>\n<li><strong>Opera\u00e7\u00e3o suave<\/strong>: A caixa de engrenagens foi projetada para uma transfer\u00eancia de pot\u00eancia suave e eficiente, minimizando a perda de energia e maximizando o desempenho de corte. Sua engenharia precisa garante que o cortador opere com o m\u00ednimo de vibra\u00e7\u00e3o e ru\u00eddo, proporcionando uma melhor experi\u00eancia ao usu\u00e1rio.<\/li>\n<li><strong>Versatilidade<\/strong>: Adequada para uma ampla gama de aplica\u00e7\u00f5es, a caixa de engrenagens do cortador rotativo RC20 \u00e9 ideal para tarefas como corte de grama, limpeza de terrenos e corte de vegeta\u00e7\u00e3o densa. Sua adaptabilidade a torna perfeita para diversos modelos de cortadores de grama e terrenos variados.<\/li>\n<li><strong>F\u00e1cil manuten\u00e7\u00e3o<\/strong>: A caixa de c\u00e2mbio RC20 foi projetada pensando na facilidade de manuten\u00e7\u00e3o. Ela conta com componentes acess\u00edveis que simplificam inspe\u00e7\u00f5es de rotina, lubrifica\u00e7\u00e3o e reparos, garantindo que o cortador permane\u00e7a em \u00f3timas condi\u00e7\u00f5es com tempo de inatividade m\u00ednimo.<\/li>\n<li><strong>Alta capacidade de torque<\/strong>: A caixa de c\u00e2mbio RC20 proporciona alto torque, especialmente em rela\u00e7\u00f5es mais baixas, tornando-a ideal para tarefas exigentes, como cortar arbustos densos ou terrenos acidentados. Esse recurso garante desempenho ideal, mesmo sob condi\u00e7\u00f5es de carga pesada.<\/li>\n<li><strong>Design compacto e leve<\/strong>: Apesar de sua robusta durabilidade, a caixa de engrenagens RC20 \u00e9 compacta e leve, facilitando sua instala\u00e7\u00e3o e manuten\u00e7\u00e3o. Seu design contribui para a efici\u00eancia geral do cortador, minimizando o excesso de peso.<\/li>\n<\/ol>\n<p>Ao incorporar esses recursos, a caixa de engrenagens do cortador rotativo RC20 \u00e9 uma solu\u00e7\u00e3o confi\u00e1vel e de alto desempenho para uma ampla variedade de aplica\u00e7\u00f5es de corte e limpeza de terrenos.<\/p>\n<table style=\"width: 103.676%; height: 337px;\" width=\"136\">\n<tbody>\n<tr style=\"height: 337px;\">\n<td style=\"width: 49.375%; height: 337px;\" width=\"72\"><img loading=\"lazy\" decoding=\"async\" class=\"alignnone size-full wp-image-2216\" src=\"https:\/\/fmp-components.com\/wp-content\/uploads\/2024\/12\/Using-RC20-Rotary-Mower-Gearbox-Precautions-1.webp\" alt=\"Precau\u00e7\u00f5es sobre o uso do cortador de grama rotativo RC20 com caixa de engrenagens\" width=\"1000\" height=\"700\" title=\"\" srcset=\"https:\/\/fmp-components.com\/wp-content\/uploads\/2024\/12\/Using-RC20-Rotary-Mower-Gearbox-Precautions-1.webp 1000w, https:\/\/fmp-components.com\/wp-content\/uploads\/2024\/12\/Using-RC20-Rotary-Mower-Gearbox-Precautions-1-980x686.webp 980w, https:\/\/fmp-components.com\/wp-content\/uploads\/2024\/12\/Using-RC20-Rotary-Mower-Gearbox-Precautions-1-480x336.webp 480w\" sizes=\"(min-width: 0px) and (max-width: 480px) 480px, (min-width: 481px) and (max-width: 980px) 980px, (min-width: 981px) 1000px, 100vw\" \/><\/td>\n<td style=\"width: 49.8959%; height: 337px;\" width=\"64\"><img loading=\"lazy\" decoding=\"async\" class=\"alignnone size-full wp-image-2217\" src=\"https:\/\/fmp-components.com\/wp-content\/uploads\/2024\/12\/Using-RC20-Rotary-Mower-Gearbox-Precautions-2.webp\" alt=\"Precau\u00e7\u00f5es sobre o uso do cortador de grama rotativo RC20 com caixa de engrenagens\" width=\"1000\" height=\"700\" title=\"\" srcset=\"https:\/\/fmp-components.com\/wp-content\/uploads\/2024\/12\/Using-RC20-Rotary-Mower-Gearbox-Precautions-2.webp 1000w, https:\/\/fmp-components.com\/wp-content\/uploads\/2024\/12\/Using-RC20-Rotary-Mower-Gearbox-Precautions-2-980x686.webp 980w, https:\/\/fmp-components.com\/wp-content\/uploads\/2024\/12\/Using-RC20-Rotary-Mower-Gearbox-Precautions-2-480x336.webp 480w\" sizes=\"(min-width: 0px) and (max-width: 480px) 480px, (min-width: 481px) and (max-width: 980px) 980px, (min-width: 981px) 1000px, 100vw\" \/><\/td>\n<\/tr>\n<\/tbody>\n<\/table>\n<h2>Eixo de tomada de for\u00e7a para caixa de engrenagens de cortador rotativo<\/h2>\n<p>O eixo da tomada de for\u00e7a (TDP) \u00e9 um componente essencial que conecta a caixa de engrenagens do cortador rotativo ao sistema de pot\u00eancia do trator, permitindo que a pot\u00eancia seja transferida do trator para o mecanismo de corte. Um eixo da TDP de alta qualidade garante um desempenho eficiente e confi\u00e1vel da caixa de engrenagens do cortador rotativo, permitindo que ela realize tarefas dif\u00edceis de corte e limpeza de terrenos. Aqui est\u00e3o as principais caracter\u00edsticas e benef\u00edcios do eixo da TDP para uma caixa de engrenagens do cortador rotativo:<\/p>\n<p><strong>Transfer\u00eancia de energia eficiente<\/strong><\/p>\n<p>O eixo da tomada de for\u00e7a proporciona uma conex\u00e3o perfeita entre o sistema de tomada de for\u00e7a do trator e a caixa de engrenagens do cortador rotativo. Ele transfere a pot\u00eancia rotacional de forma eficaz, garantindo que as l\u00e2minas do cortador atinjam a velocidade ideal para um corte eficiente. Essa transfer\u00eancia direta de pot\u00eancia ajuda a manter a alta produtividade durante a opera\u00e7\u00e3o.<\/p>\n<p><strong>Constru\u00e7\u00e3o dur\u00e1vel<\/strong><\/p>\n<p>O eixo da tomada de for\u00e7a \u00e9 feito de materiais de alta resist\u00eancia, projetados para suportar torques elevados e uso intensivo. Ele foi projetado para resistir ao desgaste e \u00e0 fadiga, mesmo em ambientes de trabalho severos, garantindo desempenho duradouro com manuten\u00e7\u00e3o m\u00ednima.<\/p>\n<p><strong>Flexibilidade e Versatilidade<\/strong><\/p>\n<p>Os eixos de tomada de for\u00e7a est\u00e3o dispon\u00edveis em diversos tamanhos e configura\u00e7\u00f5es, tornando-os compat\u00edveis com diferentes caixas de engrenagens de cortadores rotativos e modelos de tratores. Eles s\u00e3o projetados para lidar com uma ampla variedade de tarefas agr\u00edcolas, incluindo corte de grama, limpeza de terrenos e corte de mato, em diferentes terrenos e tipos de vegeta\u00e7\u00e3o.<\/p>\n<p><strong>Recursos de seguran\u00e7a<\/strong><\/p>\n<p>Muitos eixos de tomada de for\u00e7a s\u00e3o equipados com dispositivos de seguran\u00e7a, como pinos de cisalhamento ou embreagens deslizantes, que protegem a m\u00e1quina contra danos causados \u200b\u200bpor sobrecargas ou travamentos repentinos. Esses recursos garantem uma opera\u00e7\u00e3o segura, evitando danos \u00e0 caixa de engrenagens do cortador rotativo e ao sistema de tomada de for\u00e7a do trator.<\/p>\n<p><strong>F\u00e1cil instala\u00e7\u00e3o e manuten\u00e7\u00e3o<\/strong><\/p>\n<p>Os eixos de tomada de for\u00e7a para caixas de engrenagens de cortadores rotativos s\u00e3o projetados para f\u00e1cil acoplamento e desacoplamento do sistema de tomada de for\u00e7a do trator. Seu design simples e f\u00e1cil de usar permite instala\u00e7\u00e3o e manuten\u00e7\u00e3o r\u00e1pidas, reduzindo o tempo de inatividade durante o dia de trabalho. Al\u00e9m disso, a manuten\u00e7\u00e3o e a lubrifica\u00e7\u00e3o regulares do eixo de tomada de for\u00e7a garantem uma opera\u00e7\u00e3o suave e prolongam sua vida \u00fatil.<\/p>\n<p><strong>Capacidade de servi\u00e7o pesado<\/strong><\/p>\n<p>Para aplica\u00e7\u00f5es mais exigentes, como limpeza de vegeta\u00e7\u00e3o densa ou trabalho em terrenos acidentados, o eixo da tomada de for\u00e7a para caixas de engrenagens de cortadores rotativos foi projetado para suportar altas cargas de torque. Ele garante que a caixa de engrenagens opere com desempenho m\u00e1ximo, mesmo em condi\u00e7\u00f5es de trabalho pesado, fornecendo pot\u00eancia consistente e confi\u00e1vel \u00e0s l\u00e2minas do cortador rotativo.<\/p>\n<p><strong>Resist\u00eancia \u00e0 corros\u00e3o<\/strong><\/p>\n<p>Para resistir \u00e0 exposi\u00e7\u00e3o aos elementos, os eixos de tomada de for\u00e7a s\u00e3o frequentemente revestidos com materiais resistentes \u00e0 corros\u00e3o, o que os protege contra ferrugem e desgaste devido \u00e0 umidade, sujeira e outros fatores ambientais. Isso os torna adequados para uso em diversas condi\u00e7\u00f5es clim\u00e1ticas e prolonga sua vida \u00fatil.<\/p>\n<p>Em resumo, o eixo da tomada de for\u00e7a para caixas de engrenagens de cortadores rotativos desempenha um papel crucial para permitir a opera\u00e7\u00e3o eficiente, confi\u00e1vel e segura de equipamentos agr\u00edcolas. Ao garantir uma transfer\u00eancia de pot\u00eancia suave e proporcionar flexibilidade e durabilidade, o eixo da tomada de for\u00e7a garante o desempenho ideal do cortador rotativo, atendendo \u00e0s demandas de uma ampla gama de tarefas de corte.<\/p>\n<table style=\"width: 104.338%; height: 13px;\" width=\"136\">\n<tbody>\n<tr>\n<td style=\"width: 51.3458%;\" width=\"72\"><img loading=\"lazy\" decoding=\"async\" class=\"alignnone size-full wp-image-2213\" src=\"https:\/\/fmp-components.com\/wp-content\/uploads\/2024\/12\/PTO-Shaft-for-Rotary-Cutter-Gearbox-61.webp\" alt=\"Eixo de tomada de for\u00e7a para caixa de engrenagens de cortador rotativo\" width=\"600\" height=\"400\" title=\"\" srcset=\"https:\/\/fmp-components.com\/wp-content\/uploads\/2024\/12\/PTO-Shaft-for-Rotary-Cutter-Gearbox-61.webp 600w, https:\/\/fmp-components.com\/wp-content\/uploads\/2024\/12\/PTO-Shaft-for-Rotary-Cutter-Gearbox-61-480x320.webp 480w\" sizes=\"(min-width: 0px) and (max-width: 480px) 480px, (min-width: 481px) 600px, 100vw\" \/><\/td>\n<td style=\"width: 47.9296%;\" width=\"64\"><img loading=\"lazy\" decoding=\"async\" class=\"alignnone size-full wp-image-2214\" src=\"https:\/\/fmp-components.com\/wp-content\/uploads\/2024\/12\/PTO-Shaft-for-Rotary-Cutter-Gearbox-51.webp\" alt=\"Eixo de tomada de for\u00e7a para caixa de engrenagens de cortador rotativo\" width=\"600\" height=\"400\" title=\"\" srcset=\"https:\/\/fmp-components.com\/wp-content\/uploads\/2024\/12\/PTO-Shaft-for-Rotary-Cutter-Gearbox-51.webp 600w, https:\/\/fmp-components.com\/wp-content\/uploads\/2024\/12\/PTO-Shaft-for-Rotary-Cutter-Gearbox-51-480x320.webp 480w\" sizes=\"(min-width: 0px) and (max-width: 480px) 480px, (min-width: 481px) 600px, 100vw\" \/><\/td>\n<\/tr>\n<\/tbody>\n<\/table>\n<h3>Sobre a FMP<\/h3>\n<p>Com sede na It\u00e1lia, a FMP \u00e9 uma fabricante l\u00edder reconhecida por sua expertise em projeto, desenvolvimento e produ\u00e7\u00e3o de caixas de engrenagens de alto desempenho, principalmente para o setor de m\u00e1quinas agr\u00edcolas. Reconhecida por sua engenharia de precis\u00e3o, inova\u00e7\u00e3o e confiabilidade inabal\u00e1vel, a FMP se consolidou como uma parceira confi\u00e1vel para atender \u00e0s crescentes demandas dos mercados agr\u00edcola e industrial. Nosso abrangente portf\u00f3lio de produtos inclui caixas de engrenagens especializadas para cortadores de grama, eixos de tomada de for\u00e7a e outros componentes cr\u00edticos, todos projetados para fornecer solu\u00e7\u00f5es eficazes e personalizadas para uma ampla gama de aplica\u00e7\u00f5es.<\/p>\n<p>Na FMP, entendemos que cada cliente tem necessidades e desafios \u00fanicos. \u00c9 por isso que nos especializamos em oferecer solu\u00e7\u00f5es personalizadas, seja por meio de componentes individuais ou sistemas totalmente integrados. Adotamos uma abordagem colaborativa, trabalhando em estreita colabora\u00e7\u00e3o com nossos clientes para garantir que cada solu\u00e7\u00e3o seja n\u00e3o apenas eficaz, mas tamb\u00e9m eficiente. Nosso compromisso com respostas r\u00e1pidas e profissionais, al\u00e9m de orienta\u00e7\u00e3o especializada, garante que cada consulta seja tratada com o m\u00e1ximo cuidado e precis\u00e3o, garantindo os melhores resultados para nossos clientes.<\/p>\n<p>Damos grande import\u00e2ncia \u00e0 comunica\u00e7\u00e3o aberta e cont\u00ednua, especialmente no desenvolvimento de novos produtos. Nossa equipe dedicada trabalha diretamente com os clientes para entender completamente suas necessidades, oferecendo insights e recomenda\u00e7\u00f5es valiosas que levam a solu\u00e7\u00f5es ideais. Seja projetando produtos inovadores ou atendendo pedidos existentes, a FMP est\u00e1 comprometida em entregar solu\u00e7\u00f5es de alta qualidade e engenharia de precis\u00e3o, sempre no prazo, garantindo que nossos clientes recebam o melhor servi\u00e7o e os melhores resultados.<\/p>\n<p>No centro das opera\u00e7\u00f5es da FMP est\u00e1 o nosso foco incans\u00e1vel na qualidade. Seguimos os mais altos padr\u00f5es de fabrica\u00e7\u00e3o, empregando rigorosas medidas de controle de qualidade para garantir que cada produto n\u00e3o apenas atenda, mas supere as expectativas da ind\u00fastria. Esse compromisso com a qualidade, aliado aos nossos valores fundamentais de integridade, trabalho em equipe e perseveran\u00e7a, nos permitiu construir relacionamentos duradouros e de confian\u00e7a com clientes em quase 30 pa\u00edses ao redor do mundo.<\/p>\n<p>A FMP est\u00e1 sempre empenhada em construir parcerias globais e se dedica a fornecer orienta\u00e7\u00e3o especializada e solu\u00e7\u00f5es personalizadas para atender \u00e0s diversas necessidades de nossos clientes. Nossa abordagem vai al\u00e9m da simples entrega de produtos; buscamos cultivar relacionamentos de longo prazo que contribuam para o sucesso de cada projeto. Seja para solu\u00e7\u00f5es inovadoras para um novo empreendimento ou suporte cont\u00ednuo para um sistema existente, a FMP est\u00e1 aqui para enfrentar seus desafios t\u00e9cnicos e ajudar a garantir seu sucesso sustent\u00e1vel.<\/p>\n<p><img loading=\"lazy\" decoding=\"async\" class=\"alignnone size-full wp-image-1861\" src=\"https:\/\/fmp-components.com\/wp-content\/uploads\/2024\/12\/Other-Agricultural-Gearboxes.webp\" sizes=\"(min-width: 0px) and (max-width: 480px) 480px, (min-width: 481px) and (max-width: 980px) 980px, (min-width: 981px) 1200px, 100vw\" srcset=\"https:\/\/fmp-components.com\/wp-content\/uploads\/2024\/12\/Other-Agricultural-Gearboxes.webp 1200w, https:\/\/fmp-components.com\/wp-content\/uploads\/2024\/12\/Other-Agricultural-Gearboxes-980x1143.webp 980w, https:\/\/fmp-components.com\/wp-content\/uploads\/2024\/12\/Other-Agricultural-Gearboxes-480x560.webp 480w\" alt=\"Altri-cambi-agr\u00edcola\" width=\"1200\" height=\"1400\" title=\"\"><\/p>\n<p>Autor: CX<\/p>","protected":false},"excerpt":{"rendered":"<p>Rotary Cutter Gearboxes \u2013 Replacement of Omni Code RC-20 Gearbox The Rotary Cutter Gearbox for the replacement of the Omni Code RC-20 gearbox is designed to provide superior performance and durability in agricultural and industrial applications. This high-quality replacement gearbox is engineered to fit seamlessly into rotary cutters, offering an efficient and reliable solution for [&hellip;]<\/p>","protected":false},"featured_media":2211,"comment_status":"open","ping_status":"closed","template":"","meta":{"_et_pb_use_builder":"","_et_pb_old_content":"","_et_gb_content_width":""},"product_brand":[],"product_cat":[56],"product_tag":[],"class_list":{"0":"post-2209","1":"product","2":"type-product","3":"status-publish","4":"has-post-thumbnail","6":"product_cat-rotary-cutter-gearbox","8":"first","9":"instock","10":"shipping-taxable","11":"product-type-simple"},"_links":{"self":[{"href":"https:\/\/fmp-components.com\/pt\/wp-json\/wp\/v2\/product\/2209","targetHints":{"allow":["GET"]}}],"collection":[{"href":"https:\/\/fmp-components.com\/pt\/wp-json\/wp\/v2\/product"}],"about":[{"href":"https:\/\/fmp-components.com\/pt\/wp-json\/wp\/v2\/types\/product"}],"replies":[{"embeddable":true,"href":"https:\/\/fmp-components.com\/pt\/wp-json\/wp\/v2\/comments?post=2209"}],"wp:featuredmedia":[{"embeddable":true,"href":"https:\/\/fmp-components.com\/pt\/wp-json\/wp\/v2\/media\/2211"}],"wp:attachment":[{"href":"https:\/\/fmp-components.com\/pt\/wp-json\/wp\/v2\/media?parent=2209"}],"wp:term":[{"taxonomy":"product_brand","embeddable":true,"href":"https:\/\/fmp-components.com\/pt\/wp-json\/wp\/v2\/product_brand?post=2209"},{"taxonomy":"product_cat","embeddable":true,"href":"https:\/\/fmp-components.com\/pt\/wp-json\/wp\/v2\/product_cat?post=2209"},{"taxonomy":"product_tag","embeddable":true,"href":"https:\/\/fmp-components.com\/pt\/wp-json\/wp\/v2\/product_tag?post=2209"}],"curies":[{"name":"wp","href":"https:\/\/api.w.org\/{rel}","templated":true}]}}