{"id":2195,"date":"2024-12-30T08:47:28","date_gmt":"2024-12-30T08:47:28","guid":{"rendered":"https:\/\/fmp-components.com\/?page_id=8"},"modified":"2024-12-30T08:54:18","modified_gmt":"2024-12-30T08:54:18","slug":"agricultural-sprayer-gearbox-replacement-of-comer-code-d21a","status":"publish","type":"product","link":"https:\/\/fmp-components.com\/pt\/product\/agricultural-sprayer-gearbox-replacement-of-comer-code-d21a\/","title":{"rendered":"Caixa de engrenagens de pulverizador agr\u00edcola \u2013 Substitui\u00e7\u00e3o do Comer C\u00f3digo D21A"},"content":{"rendered":"<h2>Especifica\u00e7\u00f5es da caixa de engrenagens do pulverizador agr\u00edcola D21A<\/h2>\n<h3><em>D21A<\/em><\/h3>\n<p><img loading=\"lazy\" decoding=\"async\" class=\"alignnone size-full wp-image-2196\" src=\"https:\/\/fmp-components.com\/wp-content\/uploads\/2024\/12\/agricultural-sprayer-gearbox-specification-D21A.webp\" alt=\"especifica\u00e7\u00e3o-da-caixa-de-engrenagens-do-pulverizador-agr\u00edcola-D21A\" width=\"855\" height=\"456\" title=\"\" srcset=\"https:\/\/fmp-components.com\/wp-content\/uploads\/2024\/12\/agricultural-sprayer-gearbox-specification-D21A.webp 855w, https:\/\/fmp-components.com\/wp-content\/uploads\/2024\/12\/agricultural-sprayer-gearbox-specification-D21A-480x256.webp 480w\" sizes=\"(min-width: 0px) and (max-width: 480px) 480px, (min-width: 481px) 855px, 100vw\" \/><\/p>\n<table style=\"width: 98.7604%; height: 303px;\" border=\"1\" cellspacing=\"0\" cellpadding=\"0\">\n<tbody>\n<tr>\n<td rowspan=\"2\"><strong>eu<\/strong><\/td>\n<td rowspan=\"2\"><strong>N<sub>1<\/sub>[rpm]<\/strong><\/td>\n<td rowspan=\"2\"><strong>P<sub>1<\/sub>[kW]<\/strong><\/td>\n<td rowspan=\"2\"><strong>M<sub>2<\/sub>[Nm]<\/strong><\/td>\n<td colspan=\"2\"><strong>Tipo de eixo<\/strong><strong><br \/>\n<\/strong><\/td>\n<td rowspan=\"2\"><strong>Entrada<\/strong><\/td>\n<\/tr>\n<tr>\n<td><strong>X<br \/>\n<\/strong>\u00a0<img loading=\"lazy\" decoding=\"async\" class=\"size-full wp-image-2180 aligncenter\" src=\"https:\/\/fmp-components.com\/wp-content\/uploads\/2024\/12\/shaft-x-3.webp\" alt=\"eixo-x\" width=\"81\" height=\"78\" title=\"\" srcset=\"https:\/\/fmp-components.com\/wp-content\/uploads\/2024\/12\/shaft-x-3.webp 81w, https:\/\/fmp-components.com\/wp-content\/uploads\/2024\/12\/shaft-x-3-12x12.webp 12w\" sizes=\"(max-width: 81px) 100vw, 81px\" \/><\/td>\n<td><strong>Z<\/strong><strong><img loading=\"lazy\" decoding=\"async\" class=\"size-full wp-image-2181 aligncenter\" src=\"https:\/\/fmp-components.com\/wp-content\/uploads\/2024\/12\/shaft-z.webp\" alt=\"eixo-z\" width=\"81\" height=\"84\" title=\"\" srcset=\"https:\/\/fmp-components.com\/wp-content\/uploads\/2024\/12\/shaft-z.webp 81w, https:\/\/fmp-components.com\/wp-content\/uploads\/2024\/12\/shaft-z-12x12.webp 12w\" sizes=\"(max-width: 81px) 100vw, 81px\" \/><\/strong><\/td>\n<\/tr>\n<tr>\n<td>6.95<br \/>\n7.45<\/td>\n<td>540<\/td>\n<td>26.5<\/td>\n<td>&#8211;<\/td>\n<td>1\u201d 3\/8 Z6<\/td>\n<td>L108 35<\/td>\n<td>X<\/td>\n<\/tr>\n<tr>\n<td>3.90<br \/>\n4.90<\/td>\n<td>540<\/td>\n<td>40.5<\/td>\n<td>&#8211;<\/td>\n<td>1\u201d 3\/8 Z6<\/td>\n<td>\u00a0L271,5 30<\/td>\n<td>X<\/td>\n<\/tr>\n<tr>\n<td>3.60<br \/>\n4.50<\/td>\n<td>540<\/td>\n<td>40.5<\/td>\n<td>&#8211;<\/td>\n<td>1\u201d 3\/8 Z6<\/td>\n<td>L273 40<\/td>\n<td>X<\/td>\n<\/tr>\n<tr>\n<td>3.60<br \/>\n4.50<\/td>\n<td>540<\/td>\n<td>40.5<\/td>\n<td>&#8211;<\/td>\n<td>1\u201d 3\/8 Z6<\/td>\n<td>L270 35<\/td>\n<td>X<\/td>\n<\/tr>\n<tr>\n<td>3.60<br \/>\n4.50<\/td>\n<td>540<\/td>\n<td>47.8<\/td>\n<td>&#8211;<\/td>\n<td>1\u201d 3\/8 Z6<\/td>\n<td>L100 35<\/td>\n<td>X<\/td>\n<\/tr>\n<\/tbody>\n<\/table>\n<h3><em><strong>Sa\u00edda dupla D21A<\/strong><\/em><\/h3>\n<p><img loading=\"lazy\" decoding=\"async\" class=\"alignnone size-full wp-image-2197\" src=\"https:\/\/fmp-components.com\/wp-content\/uploads\/2024\/12\/agricultural-sprayer-gearbox-specification-D21A-double-output.webp\" alt=\"especifica\u00e7\u00e3o-da-caixa-de-engrenagens-do-pulverizador-agr\u00edcola-D21A-sa\u00edda-dupla\" width=\"881\" height=\"655\" title=\"\" srcset=\"https:\/\/fmp-components.com\/wp-content\/uploads\/2024\/12\/agricultural-sprayer-gearbox-specification-D21A-double-output.webp 881w, https:\/\/fmp-components.com\/wp-content\/uploads\/2024\/12\/agricultural-sprayer-gearbox-specification-D21A-double-output-480x357.webp 480w\" sizes=\"(min-width: 0px) and (max-width: 480px) 480px, (min-width: 481px) 881px, 100vw\" \/><\/p>\n<table style=\"width: 99.1636%; height: 123px;\" border=\"1\" cellspacing=\"0\" cellpadding=\"0\">\n<tbody>\n<tr>\n<td rowspan=\"2\"><strong>eu<\/strong><\/td>\n<td rowspan=\"2\"><strong>N<sub>1<\/sub>[rpm]<\/strong><\/td>\n<td rowspan=\"2\"><strong>P<sub>1<\/sub>[kW]<\/strong><\/td>\n<td rowspan=\"2\"><strong>M<sub>2<\/sub>[Nm]<\/strong><\/td>\n<td colspan=\"2\"><strong>Tipo de eixo<\/strong><strong><br \/>\n<\/strong><\/td>\n<td rowspan=\"2\"><strong>Entrada<\/strong><\/td>\n<\/tr>\n<tr>\n<td><strong>X<br \/>\n<\/strong><img loading=\"lazy\" decoding=\"async\" class=\"size-full wp-image-2180 aligncenter\" src=\"https:\/\/fmp-components.com\/wp-content\/uploads\/2024\/12\/shaft-x-3.webp\" alt=\"eixo-x\" width=\"81\" height=\"78\" title=\"\" srcset=\"https:\/\/fmp-components.com\/wp-content\/uploads\/2024\/12\/shaft-x-3.webp 81w, https:\/\/fmp-components.com\/wp-content\/uploads\/2024\/12\/shaft-x-3-12x12.webp 12w\" sizes=\"(max-width: 81px) 100vw, 81px\" \/><\/td>\n<td><strong>Z<img loading=\"lazy\" decoding=\"async\" class=\"size-full wp-image-2181 aligncenter\" src=\"https:\/\/fmp-components.com\/wp-content\/uploads\/2024\/12\/shaft-z.webp\" alt=\"eixo-z\" width=\"81\" height=\"84\" title=\"\" srcset=\"https:\/\/fmp-components.com\/wp-content\/uploads\/2024\/12\/shaft-z.webp 81w, https:\/\/fmp-components.com\/wp-content\/uploads\/2024\/12\/shaft-z-12x12.webp 12w\" sizes=\"(max-width: 81px) 100vw, 81px\" \/><\/strong><\/td>\n<\/tr>\n<tr>\n<td>3.60<br \/>\n4.93<\/td>\n<td>540<\/td>\n<td>40.5<\/td>\n<td>&#8211;<\/td>\n<td>1\u201d 3\/8 Z6<\/td>\n<td>L360 35<br \/>\n\u03a630<\/td>\n<td>X<\/td>\n<\/tr>\n<\/tbody>\n<\/table>\n<h3>Caracter\u00edsticas da caixa de engrenagens do pulverizador agr\u00edcola<\/h3>\n<ol>\n<li><strong>Durabilidade e constru\u00e7\u00e3o robusta<\/strong><br \/>\nAs caixas de engrenagens para pulverizadores agr\u00edcolas s\u00e3o projetadas para suportar as condi\u00e7\u00f5es exigentes dos ambientes agr\u00edcolas. Fabricadas com materiais de alta resist\u00eancia, como a\u00e7o-liga, essas caixas de engrenagens garantem que suportem o uso intenso e resistam ao desgaste causado pela exposi\u00e7\u00e3o \u00e0 sujeira, umidade e vibra\u00e7\u00f5es. Essa robustez assegura o funcionamento confi\u00e1vel da caixa de engrenagens por um longo per\u00edodo, mesmo em condi\u00e7\u00f5es de trabalho severas, o que \u00e9 crucial para aplica\u00e7\u00f5es agr\u00edcolas onde os equipamentos frequentemente operam em ambientes desafiadores.<\/li>\n<li><strong>Alta efici\u00eancia de transmiss\u00e3o de pot\u00eancia<\/strong><br \/>\nAs caixas de engrenagens dos pulverizadores agr\u00edcolas s\u00e3o projetadas para transmitir com efici\u00eancia a pot\u00eancia mec\u00e2nica do sistema de tomada de for\u00e7a (TDF) do trator para a bomba do pulverizador. A caixa de engrenagens converte a energia rotacional fornecida pelo motor do trator na pot\u00eancia necess\u00e1ria para os diversos componentes do pulverizador, garantindo uma pulveriza\u00e7\u00e3o suave e uniforme de produtos qu\u00edmicos ou fertilizantes. Essa transmiss\u00e3o de pot\u00eancia eficiente \u00e9 essencial para a press\u00e3o de pulveriza\u00e7\u00e3o, as taxas de fluxo e o desempenho geral ideais, tornando a caixa de engrenagens um componente cr\u00edtico para maximizar a produtividade.<\/li>\n<li><strong>Design compacto e com economia de espa\u00e7o<\/strong><br \/>\nAs caixas de engrenagens para pulverizadores agr\u00edcolas s\u00e3o frequentemente projetadas para serem compactas e otimizarem o espa\u00e7o, permitindo sua f\u00e1cil montagem em diversos sistemas de pulveriza\u00e7\u00e3o sem ocupar muito espa\u00e7o. Essa caracter\u00edstica de design \u00e9 particularmente importante para manter o equil\u00edbrio e a manobrabilidade do pulverizador. Uma caixa de engrenagens compacta garante que ela n\u00e3o interfira com outros componentes do pulverizador, como o tanque ou os bicos de pulveriza\u00e7\u00e3o, al\u00e9m de manter o sistema leve e f\u00e1cil de manusear.<\/li>\n<li><strong>Versatilidade e adaptabilidade<\/strong><br \/>\nEssas caixas de engrenagens s\u00e3o altamente adapt\u00e1veis \u200b\u200be podem ser usadas com uma ampla gama de pulverizadores agr\u00edcolas, incluindo modelos de pequeno e grande porte. Seja em pulverizadores acoplados a tratores ou em unidades autopropelidas, as caixas de engrenagens para pulverizadores agr\u00edcolas s\u00e3o projetadas para versatilidade e podem lidar com diferentes requisitos de pot\u00eancia. Sua compatibilidade com diferentes configura\u00e7\u00f5es de pulverizadores e condi\u00e7\u00f5es de opera\u00e7\u00e3o as torna uma solu\u00e7\u00e3o confi\u00e1vel para diversas opera\u00e7\u00f5es agr\u00edcolas, desde a prote\u00e7\u00e3o de cultivos at\u00e9 a fertiliza\u00e7\u00e3o.<\/li>\n<li><strong>Manuten\u00e7\u00e3o f\u00e1cil e longa vida \u00fatil<\/strong><br \/>\nAs caixas de engrenagens dos pulverizadores agr\u00edcolas s\u00e3o projetadas com foco na facilidade de manuten\u00e7\u00e3o. Elas geralmente apresentam um design intuitivo que permite f\u00e1cil acesso aos componentes internos para lubrifica\u00e7\u00e3o e inspe\u00e7\u00e3o. A manuten\u00e7\u00e3o de rotina, como verifica\u00e7\u00e3o do n\u00edvel de \u00f3leo, aplica\u00e7\u00e3o de graxa e substitui\u00e7\u00e3o de veda\u00e7\u00f5es ou filtros, \u00e9 simples e pode prolongar a vida \u00fatil da caixa de engrenagens. A durabilidade da caixa de engrenagens \u00e9 garantida por seu design robusto, que assegura desempenho consistente ao longo de v\u00e1rias safras, um fator crucial para os agricultores que dependem de equipamentos confi\u00e1veis \u200b\u200bano ap\u00f3s ano.<\/li>\n<li><strong>Recursos de seguran\u00e7a integrados<\/strong><br \/>\nMuitas caixas de engrenagens de pulverizadores agr\u00edcolas s\u00e3o equipadas com recursos de seguran\u00e7a que protegem tanto a caixa de engrenagens quanto os componentes conectados. Esses recursos podem incluir sistemas de prote\u00e7\u00e3o contra sobrecarga, como pinos de cisalhamento ou embreagens, que evitam danos \u00e0 caixa de engrenagens em caso de estresse mec\u00e2nico repentino ou obstru\u00e7\u00e3o. Quando uma for\u00e7a excessiva \u00e9 detectada, esses mecanismos de seguran\u00e7a se desengatam ou limitam a transmiss\u00e3o de pot\u00eancia, evitando quebras e reduzindo o risco de reparos dispendiosos ou tempo de inatividade.<\/li>\n<\/ol>\n<p>As caixas de engrenagens para pulverizadores agr\u00edcolas caracterizam-se pela sua durabilidade, efici\u00eancia na transmiss\u00e3o de pot\u00eancia, design compacto e facilidade de manuten\u00e7\u00e3o. Essas caracter\u00edsticas tornam-nas essenciais para um desempenho confi\u00e1vel e duradouro em ambientes agr\u00edcolas exigentes. Com sua versatilidade, mecanismos de seguran\u00e7a integrados e opera\u00e7\u00e3o consistente, as caixas de engrenagens para pulverizadores agr\u00edcolas desempenham um papel fundamental para garantir sistemas de pulveriza\u00e7\u00e3o eficientes e eficazes para uma ampla gama de aplica\u00e7\u00f5es agr\u00edcolas.<\/p>\n<p><img loading=\"lazy\" decoding=\"async\" class=\"size-full wp-image-2198 aligncenter\" src=\"https:\/\/fmp-components.com\/wp-content\/uploads\/2024\/12\/Agricultural-Sprayer-Gearbox-8.webp\" alt=\"Caixa de Engrenagens do Pulverizador Agr\u00edcola-8\" width=\"800\" height=\"800\" title=\"\" srcset=\"https:\/\/fmp-components.com\/wp-content\/uploads\/2024\/12\/Agricultural-Sprayer-Gearbox-8.webp 800w, https:\/\/fmp-components.com\/wp-content\/uploads\/2024\/12\/Agricultural-Sprayer-Gearbox-8-480x480.webp 480w\" sizes=\"(min-width: 0px) and (max-width: 480px) 480px, (min-width: 481px) 800px, 100vw\" \/><\/p>\n<h3>Aplica\u00e7\u00f5es da caixa de engrenagens do pulverizador agr\u00edcola<\/h3>\n<ol>\n<li><strong>Pulverizadores montados em tratores<\/strong><br \/>\nAs caixas de engrenagens para pulverizadores agr\u00edcolas s\u00e3o amplamente utilizadas em pulverizadores acoplados a tratores, onde s\u00e3o respons\u00e1veis \u200b\u200bpor transferir a pot\u00eancia do sistema de tomada de for\u00e7a (TDF) do trator para a bomba do pulverizador. Essas caixas de engrenagens permitem que o pulverizador distribua fertilizantes, pesticidas e herbicidas uniformemente sobre as planta\u00e7\u00f5es. Os pulverizadores acoplados a tratores s\u00e3o utilizados em diversas aplica\u00e7\u00f5es, desde a agricultura comercial em larga escala at\u00e9 pequenos pomares ou vinhedos, tornando a caixa de engrenagens essencial para garantir padr\u00f5es de pulveriza\u00e7\u00e3o consistentes e aplica\u00e7\u00e3o eficiente de produtos qu\u00edmicos.<\/li>\n<li><strong>Pulverizadores autopropelidos<\/strong><br \/>\nEm pulverizadores autopropelidos, a caixa de engrenagens desempenha um papel crucial no fornecimento de energia ao sistema de pulveriza\u00e7\u00e3o, independentemente de um trator. Esses pulverizadores s\u00e3o comumente usados \u200b\u200bem grandes \u00e1reas e s\u00e3o equipados com seus pr\u00f3prios motores e sistemas de transmiss\u00e3o. A caixa de engrenagens em pulverizadores autopropelidos ajuda a controlar a velocidade da bomba do pulverizador, garantindo uma distribui\u00e7\u00e3o precisa e eficiente de produtos qu\u00edmicos. Ela tamb\u00e9m facilita ajustes nas taxas de pulveriza\u00e7\u00e3o, proporcionando flexibilidade para diferentes tipos de culturas e condi\u00e7\u00f5es de campo.<\/li>\n<li><strong>Pulverizadores de barra<\/strong><br \/>\nAs caixas de engrenagens dos pulverizadores agr\u00edcolas s\u00e3o parte integrante dos pulverizadores de barra, utilizados para aplicar l\u00edquidos em grandes extens\u00f5es de terra, como planta\u00e7\u00f5es de cereais, hortali\u00e7as ou outras culturas. A caixa de engrenagens \u00e9 respons\u00e1vel por acionar as bombas que alimentam os bicos de pulveriza\u00e7\u00e3o na barra. Ela garante que a pulveriza\u00e7\u00e3o seja uniforme e que o l\u00edquido seja distribu\u00eddo com controle preciso sobre a \u00e1rea pulverizada. Esses sistemas s\u00e3o frequentemente utilizados na agricultura de precis\u00e3o, onde a aplica\u00e7\u00e3o consistente \u00e9 fundamental para minimizar o desperd\u00edcio e otimizar a prote\u00e7\u00e3o das culturas.<\/li>\n<li><strong>Unidades de distribui\u00e7\u00e3o de fertilizantes<\/strong><br \/>\nMuitos distribuidores de fertilizantes s\u00e3o integrados a sistemas de pulveriza\u00e7\u00e3o para aplica\u00e7\u00f5es duplas, como fertiliza\u00e7\u00e3o e pulveriza\u00e7\u00e3o simult\u00e2neas. A caixa de engrenagens nesses sistemas \u00e9 respons\u00e1vel por fornecer a pot\u00eancia necess\u00e1ria para operar os mecanismos de rota\u00e7\u00e3o do distribuidor, garantindo tamb\u00e9m o funcionamento adequado do pulverizador. Essa aplica\u00e7\u00e3o \u00e9 especialmente \u00fatil em campos onde fertilizantes e defensivos agr\u00edcolas precisam ser aplicados juntos em uma \u00fanica opera\u00e7\u00e3o, agilizando o processo e reduzindo o n\u00famero de passagens do equipamento.<\/li>\n<li><strong>Prote\u00e7\u00e3o de Culturas Agr\u00edcolas<\/strong><br \/>\nAs caixas de engrenagens para pulverizadores s\u00e3o comumente usadas na prote\u00e7\u00e3o de culturas agr\u00edcolas, onde acionam pulverizadores utilizados para aplicar pesticidas e herbicidas em grandes \u00e1reas de planta\u00e7\u00f5es de gr\u00e3os, milho e soja. A caixa de engrenagens garante que o sistema de pulveriza\u00e7\u00e3o opere com a press\u00e3o e a vaz\u00e3o corretas, o que \u00e9 crucial para o controle eficaz de pragas e o manejo de ervas daninhas. Ao assegurar uma aplica\u00e7\u00e3o uniforme, a caixa de engrenagens ajuda a reduzir o uso excessivo de produtos qu\u00edmicos, melhorando a sustentabilidade ambiental e reduzindo os custos de insumos para os agricultores.<\/li>\n<li><strong>Pulveriza\u00e7\u00e3o de pomares e vinhedos<\/strong><br \/>\nEm pomares e vinhedos, as caixas de engrenagens dos pulverizadores s\u00e3o utilizadas em equipamentos especializados, projetados para navegar em fileiras estreitas de \u00e1rvores ou videiras. Esses pulverizadores geralmente utilizam caixas de engrenagens menores e mais compactas, adaptadas \u00e0s necessidades espec\u00edficas do cultivo de \u00e1rvores frut\u00edferas. A caixa de engrenagens \u00e9 respons\u00e1vel por acionar as bombas de pulveriza\u00e7\u00e3o que distribuem \u00e1gua, fertilizantes ou pesticidas. Ao fornecer uma press\u00e3o de pulveriza\u00e7\u00e3o constante, a caixa de engrenagens ajuda a garantir que essas culturas delicadas recebam o tratamento ideal sem danificar as plantas.<\/li>\n<\/ol>\n<p>As caixas de engrenagens dos pulverizadores agr\u00edcolas desempenham um papel vital em diversas aplica\u00e7\u00f5es, desde a prote\u00e7\u00e3o de culturas em larga escala at\u00e9 pulverizadores especializados em pomares e estufas. Sua principal fun\u00e7\u00e3o \u00e9 transmitir a pot\u00eancia do trator ou da unidade autopropelida para a bomba do pulverizador de forma eficiente, garantindo a aplica\u00e7\u00e3o consistente e precisa de produtos qu\u00edmicos. Sejam pesticidas, fertilizantes ou herbicidas, a caixa de engrenagens assegura que os sistemas de pulveriza\u00e7\u00e3o operem com efic\u00e1cia em uma ampla gama de opera\u00e7\u00f5es agr\u00edcolas, contribuindo para o melhor manejo das culturas, sustentabilidade e produtividade.<\/p>\n<p><img loading=\"lazy\" decoding=\"async\" class=\"alignnone size-full wp-image-2193\" src=\"https:\/\/fmp-components.com\/wp-content\/uploads\/2024\/12\/Agricultural-Sprayer-Gearbox-19.webp\" alt=\"Caixa de engrenagens de pulverizador agr\u00edcola\" width=\"2016\" height=\"1512\" title=\"\" srcset=\"https:\/\/fmp-components.com\/wp-content\/uploads\/2024\/12\/Agricultural-Sprayer-Gearbox-19.webp 2016w, https:\/\/fmp-components.com\/wp-content\/uploads\/2024\/12\/Agricultural-Sprayer-Gearbox-19-1280x960.webp 1280w, https:\/\/fmp-components.com\/wp-content\/uploads\/2024\/12\/Agricultural-Sprayer-Gearbox-19-980x735.webp 980w, https:\/\/fmp-components.com\/wp-content\/uploads\/2024\/12\/Agricultural-Sprayer-Gearbox-19-480x360.webp 480w\" sizes=\"(min-width: 0px) and (max-width: 480px) 480px, (min-width: 481px) and (max-width: 980px) 980px, (min-width: 981px) and (max-width: 1280px) 1280px, (min-width: 1281px) 2016px, 100vw\" \/><\/p>\n<h3>Sobre a FMP<\/h3>\n<p>Sediada na It\u00e1lia, a FMP \u00e9 uma fabricante l\u00edder especializada no projeto, desenvolvimento e produ\u00e7\u00e3o de caixas de engrenagens de alto desempenho, principalmente para o setor de m\u00e1quinas agr\u00edcolas. Reconhecida pela engenharia de precis\u00e3o, inova\u00e7\u00e3o e confiabilidade, a FMP construiu uma s\u00f3lida reputa\u00e7\u00e3o por fornecer produtos superiores que atendem \u00e0s necessidades em constante evolu\u00e7\u00e3o dos mercados agr\u00edcola e industrial. Nossa extensa linha de produtos inclui caixas de engrenagens especializadas para cortadores de grama, eixos de tomada de for\u00e7a (TDF) e outros componentes essenciais, todos projetados para oferecer solu\u00e7\u00f5es personalizadas para uma variedade de aplica\u00e7\u00f5es.<\/p>\n<p>Entendemos que cada cliente tem necessidades \u00fanicas, e por isso oferecemos solu\u00e7\u00f5es personalizadas, seja atrav\u00e9s de componentes individuais ou sistemas integrados completos. Trabalhando em estreita colabora\u00e7\u00e3o com nossos clientes, garantimos que cada solu\u00e7\u00e3o seja eficaz e eficiente. Nosso compromisso com respostas r\u00e1pidas e profissionais, al\u00e9m de orienta\u00e7\u00e3o especializada, assegura que cada solicita\u00e7\u00e3o seja tratada com cuidado e precis\u00e3o, proporcionando resultados otimizados.<\/p>\n<p>A comunica\u00e7\u00e3o aberta \u00e9 um pilar fundamental da nossa abordagem, especialmente no desenvolvimento de produtos. Nossa equipe trabalha diretamente com os clientes para compreender plenamente suas necessidades, fornecendo informa\u00e7\u00f5es valiosas que levam \u00e0s melhores solu\u00e7\u00f5es. Seja projetando produtos inovadores ou atendendo a pedidos, a FMP se dedica a entregar solu\u00e7\u00f5es de alta qualidade e engenharia de precis\u00e3o, sempre dentro do prazo.<\/p>\n<p>A qualidade est\u00e1 no centro das opera\u00e7\u00f5es da FMP. Aderimos aos mais altos padr\u00f5es de fabrica\u00e7\u00e3o e implementamos medidas rigorosas de controle de qualidade para garantir que cada produto supere as expectativas do setor. Esse foco na qualidade, aliado aos nossos valores fundamentais de integridade, trabalho em equipe e perseveran\u00e7a, nos ajudou a estabelecer relacionamentos duradouros com clientes em quase 30 pa\u00edses em todo o mundo.<\/p>\n<p>A FMP est\u00e1 comprometida em construir parcerias globais, oferecendo consultoria especializada e solu\u00e7\u00f5es personalizadas para atender \u00e0s diversas necessidades dos clientes. Vamos al\u00e9m da entrega de produtos, buscando construir relacionamentos duradouros que impulsionem o sucesso de cada projeto. Seja na busca por solu\u00e7\u00f5es inovadoras para um novo empreendimento ou no suporte cont\u00ednuo para um sistema existente, a FMP se dedica a enfrentar seus desafios t\u00e9cnicos e garantir seu sucesso cont\u00ednuo.<\/p>\n<p><img loading=\"lazy\" decoding=\"async\" class=\"alignnone size-full wp-image-1861\" src=\"https:\/\/fmp-components.com\/wp-content\/uploads\/2024\/12\/Other-Agricultural-Gearboxes.webp\" sizes=\"(min-width: 0px) and (max-width: 480px) 480px, (min-width: 481px) and (max-width: 980px) 980px, (min-width: 981px) 1200px, 100vw\" srcset=\"https:\/\/fmp-components.com\/wp-content\/uploads\/2024\/12\/Other-Agricultural-Gearboxes.webp 1200w, https:\/\/fmp-components.com\/wp-content\/uploads\/2024\/12\/Other-Agricultural-Gearboxes-980x1143.webp 980w, https:\/\/fmp-components.com\/wp-content\/uploads\/2024\/12\/Other-Agricultural-Gearboxes-480x560.webp 480w\" alt=\"Altri-cambi-agr\u00edcola\" width=\"1200\" height=\"1400\" title=\"\"><\/p>\n<p>Autor: CX<\/p>","protected":false},"excerpt":{"rendered":"<p>Specifications of Agricultural Sprayer Gearbox D21A D21A i N1[rpm] P1[kW] M2[Nm] Shaft Type Input X \u00a0 Z 6.95 7.45 540 26.5 &#8211; 1&#8221; 3\/8 Z6 L108 35 X 3.90 4.90 540 40.5 &#8211; 1&#8221; 3\/8 Z6 \u00a0L271.5 30 X 3.60 4.50 540 40.5 &#8211; 1&#8221; 3\/8 Z6 L273 40 X 3.60 4.50 540 40.5 &#8211; [&hellip;]<\/p>","protected":false},"featured_media":2199,"comment_status":"open","ping_status":"closed","template":"","meta":{"_et_pb_use_builder":"","_et_pb_old_content":"","_et_gb_content_width":""},"product_brand":[],"product_cat":[55],"product_tag":[],"class_list":{"0":"post-2195","1":"product","2":"type-product","3":"status-publish","4":"has-post-thumbnail","6":"product_cat-agricultural-sprayer-gearbox","8":"first","9":"instock","10":"shipping-taxable","11":"product-type-simple"},"_links":{"self":[{"href":"https:\/\/fmp-components.com\/pt\/wp-json\/wp\/v2\/product\/2195","targetHints":{"allow":["GET"]}}],"collection":[{"href":"https:\/\/fmp-components.com\/pt\/wp-json\/wp\/v2\/product"}],"about":[{"href":"https:\/\/fmp-components.com\/pt\/wp-json\/wp\/v2\/types\/product"}],"replies":[{"embeddable":true,"href":"https:\/\/fmp-components.com\/pt\/wp-json\/wp\/v2\/comments?post=2195"}],"wp:featuredmedia":[{"embeddable":true,"href":"https:\/\/fmp-components.com\/pt\/wp-json\/wp\/v2\/media\/2199"}],"wp:attachment":[{"href":"https:\/\/fmp-components.com\/pt\/wp-json\/wp\/v2\/media?parent=2195"}],"wp:term":[{"taxonomy":"product_brand","embeddable":true,"href":"https:\/\/fmp-components.com\/pt\/wp-json\/wp\/v2\/product_brand?post=2195"},{"taxonomy":"product_cat","embeddable":true,"href":"https:\/\/fmp-components.com\/pt\/wp-json\/wp\/v2\/product_cat?post=2195"},{"taxonomy":"product_tag","embeddable":true,"href":"https:\/\/fmp-components.com\/pt\/wp-json\/wp\/v2\/product_tag?post=2195"}],"curies":[{"name":"wp","href":"https:\/\/api.w.org\/{rel}","templated":true}]}}