{"id":2187,"date":"2024-12-30T08:31:56","date_gmt":"2024-12-30T08:31:56","guid":{"rendered":"https:\/\/fmp-components.com\/?page_id=8"},"modified":"2024-12-30T08:37:15","modified_gmt":"2024-12-30T08:37:15","slug":"agricultural-sprayer-gearbox-replacement-of-comer-code-d27a-d27j-d27b","status":"publish","type":"product","link":"https:\/\/fmp-components.com\/pt\/product\/agricultural-sprayer-gearbox-replacement-of-comer-code-d27a-d27j-d27b\/","title":{"rendered":"Caixa de engrenagens de pulverizador agr\u00edcola \u2013 Substitui\u00e7\u00e3o do c\u00f3digo Comer D27A D27J D27B"},"content":{"rendered":"<h2>Especifica\u00e7\u00f5es da caixa de engrenagens do pulverizador agr\u00edcola D27A\/D27J\/D27B<\/h2>\n<h3><em>D27A<\/em><\/h3>\n<p><img loading=\"lazy\" decoding=\"async\" class=\"alignnone size-full wp-image-2192\" src=\"https:\/\/fmp-components.com\/wp-content\/uploads\/2024\/12\/agricultural-sprayer-gearbox-specification-D27A.webp\" alt=\"especifica\u00e7\u00e3o da caixa de engrenagens do pulverizador agr\u00edcola D27A\" width=\"908\" height=\"473\" title=\"\" srcset=\"https:\/\/fmp-components.com\/wp-content\/uploads\/2024\/12\/agricultural-sprayer-gearbox-specification-D27A.webp 908w, https:\/\/fmp-components.com\/wp-content\/uploads\/2024\/12\/agricultural-sprayer-gearbox-specification-D27A-480x250.webp 480w\" sizes=\"(min-width: 0px) and (max-width: 480px) 480px, (min-width: 481px) 908px, 100vw\" \/><\/p>\n<table style=\"width: 101.336%; height: 345px;\" border=\"1\" cellspacing=\"0\" cellpadding=\"0\">\n<tbody>\n<tr style=\"height: 23px;\">\n<td style=\"height: 70px; width: 7.24947%;\" rowspan=\"2\"><strong>eu<\/strong><\/td>\n<td style=\"height: 70px; width: 13.6461%;\" rowspan=\"2\"><strong>N<sub>1<\/sub>[rpm]<\/strong><\/td>\n<td style=\"height: 70px; width: 12.0469%;\" rowspan=\"2\"><strong>P<sub>1<\/sub>[kW]<\/strong><\/td>\n<td style=\"height: 70px; width: 13.0064%;\" rowspan=\"2\"><strong>M<sub>2<\/sub>[Nm]<\/strong><\/td>\n<td style=\"height: 23px; width: 44.8827%;\" colspan=\"2\"><strong>Tipo de eixo<\/strong><strong><br \/>\n<\/strong><\/td>\n<td style=\"height: 70px; width: 9.06183%;\" rowspan=\"2\"><strong>Entrada<\/strong><\/td>\n<\/tr>\n<tr style=\"height: 47px;\">\n<td style=\"height: 47px; width: 21.9616%;\"><strong>\u00a0 \u00a0 \u00a0 \u00a0 \u00a0 \u00a0 \u00a0 \u00a0 \u00a0 \u00a0 \u00a0 \u00a0X<br \/>\n<\/strong>\u00a0<img loading=\"lazy\" decoding=\"async\" class=\"size-full wp-image-2180 aligncenter\" src=\"https:\/\/fmp-components.com\/wp-content\/uploads\/2024\/12\/shaft-x-3.webp\" alt=\"eixo-x\" width=\"81\" height=\"78\" title=\"\" srcset=\"https:\/\/fmp-components.com\/wp-content\/uploads\/2024\/12\/shaft-x-3.webp 81w, https:\/\/fmp-components.com\/wp-content\/uploads\/2024\/12\/shaft-x-3-12x12.webp 12w\" sizes=\"(max-width: 81px) 100vw, 81px\" \/><\/td>\n<td style=\"height: 47px; width: 22.9211%;\"><strong>\u00a0 \u00a0 \u00a0 \u00a0 \u00a0 \u00a0 \u00a0 \u00a0 \u00a0 \u00a0 \u00a0Z<\/strong><\/p>\n<p><strong><img loading=\"lazy\" decoding=\"async\" class=\"size-full wp-image-2181 aligncenter\" src=\"https:\/\/fmp-components.com\/wp-content\/uploads\/2024\/12\/shaft-z.webp\" alt=\"eixo-z\" width=\"81\" height=\"84\" title=\"\" srcset=\"https:\/\/fmp-components.com\/wp-content\/uploads\/2024\/12\/shaft-z.webp 81w, https:\/\/fmp-components.com\/wp-content\/uploads\/2024\/12\/shaft-z-12x12.webp 12w\" sizes=\"(max-width: 81px) 100vw, 81px\" \/><\/strong><\/td>\n<\/tr>\n<tr style=\"height: 47px;\">\n<td style=\"height: 47px; width: 7.24947%;\">4.00<br \/>\n5.25<\/td>\n<td style=\"height: 47px; width: 13.6461%;\">540<\/td>\n<td style=\"height: 47px; width: 12.0469%;\">22.1<\/td>\n<td style=\"height: 47px; width: 13.0064%;\"><\/td>\n<td style=\"height: 47px; width: 21.9616%;\">1\u201d 3\/8 Z6<\/td>\n<td style=\"height: 47px; width: 22.9211%;\"><\/td>\n<td style=\"height: 47px; width: 9.06183%;\">X<\/td>\n<\/tr>\n<tr style=\"height: 47px;\">\n<td style=\"height: 47px; width: 7.24947%;\">3.70<br \/>\n4.80<\/td>\n<td style=\"height: 47px; width: 13.6461%;\">540<\/td>\n<td style=\"height: 47px; width: 12.0469%;\">22.1<\/td>\n<td style=\"height: 47px; width: 13.0064%;\">&#8211;<\/td>\n<td style=\"height: 47px; width: 21.9616%;\">1\u201d 3\/8 Z6<\/td>\n<td style=\"height: 47px; width: 22.9211%;\">\u00a0L250 35<\/td>\n<td style=\"height: 47px; width: 9.06183%;\">X<\/td>\n<\/tr>\n<tr style=\"height: 47px;\">\n<td style=\"height: 47px; width: 7.24947%;\">3.70<br \/>\n4.40<\/td>\n<td style=\"height: 47px; width: 13.6461%;\">540<\/td>\n<td style=\"height: 47px; width: 12.0469%;\">22.1<\/td>\n<td style=\"height: 47px; width: 13.0064%;\">&#8211;<\/td>\n<td style=\"height: 47px; width: 21.9616%;\">1\u201d 3\/8 Z6<\/td>\n<td style=\"height: 47px; width: 22.9211%;\">L117 35<\/td>\n<td style=\"height: 47px; width: 9.06183%;\">X<\/td>\n<\/tr>\n<tr style=\"height: 47px;\">\n<td style=\"height: 47px; width: 7.24947%;\">2.95<br \/>\n4.00<\/td>\n<td style=\"height: 47px; width: 13.6461%;\">540<\/td>\n<td style=\"height: 47px; width: 12.0469%;\">22.1<\/td>\n<td style=\"height: 47px; width: 13.0064%;\"><\/td>\n<td style=\"height: 47px; width: 21.9616%;\">1\u201d 3\/8 Z6<\/td>\n<td style=\"height: 47px; width: 22.9211%;\"><\/td>\n<td style=\"height: 47px; width: 9.06183%;\">X<\/td>\n<\/tr>\n<\/tbody>\n<\/table>\n<p><img loading=\"lazy\" decoding=\"async\" class=\"alignnone size-full wp-image-2191\" src=\"https:\/\/fmp-components.com\/wp-content\/uploads\/2024\/12\/agricultural-sprayer-gearbox-specification-D27J-D27B.webp\" alt=\"especifica\u00e7\u00e3o da caixa de engrenagens do pulverizador agr\u00edcola D27J-D27B\" width=\"853\" height=\"454\" title=\"\" srcset=\"https:\/\/fmp-components.com\/wp-content\/uploads\/2024\/12\/agricultural-sprayer-gearbox-specification-D27J-D27B.webp 853w, https:\/\/fmp-components.com\/wp-content\/uploads\/2024\/12\/agricultural-sprayer-gearbox-specification-D27J-D27B-480x255.webp 480w\" sizes=\"(min-width: 0px) and (max-width: 480px) 480px, (min-width: 481px) 853px, 100vw\" \/><\/p>\n<table style=\"width: 100.094%; height: 286px;\" border=\"1\" cellspacing=\"0\" cellpadding=\"0\">\n<tbody>\n<tr>\n<td style=\"width: 7.5594%;\" rowspan=\"2\"><strong>eu<\/strong><\/td>\n<td style=\"width: 14.0389%;\" rowspan=\"2\"><strong>N<sub>1<\/sub>[rpm]<\/strong><\/td>\n<td style=\"width: 12.419%;\" rowspan=\"2\"><strong>P<sub>1<\/sub>[kW]<\/strong><\/td>\n<td style=\"width: 13.4989%;\" rowspan=\"2\"><strong>M<sub>2<\/sub>[Nm]<\/strong><\/td>\n<td style=\"width: 42.9806%;\" colspan=\"2\"><strong>Tipo de eixo<\/strong><strong><br \/>\n<\/strong><\/td>\n<td style=\"width: 9.28726%;\" rowspan=\"2\"><strong>Entrada<\/strong><\/td>\n<\/tr>\n<tr>\n<td style=\"width: 21.4903%;\"><strong>\u00a0 \u00a0 \u00a0 \u00a0 \u00a0 \u00a0 \u00a0 \u00a0 \u00a0 \u00a0 \u00a0 \u00a0X<br \/>\n<\/strong><img loading=\"lazy\" decoding=\"async\" class=\"size-full wp-image-2180 aligncenter\" src=\"https:\/\/fmp-components.com\/wp-content\/uploads\/2024\/12\/shaft-x-3.webp\" alt=\"eixo-x\" width=\"81\" height=\"78\" title=\"\" srcset=\"https:\/\/fmp-components.com\/wp-content\/uploads\/2024\/12\/shaft-x-3.webp 81w, https:\/\/fmp-components.com\/wp-content\/uploads\/2024\/12\/shaft-x-3-12x12.webp 12w\" sizes=\"(max-width: 81px) 100vw, 81px\" \/><\/td>\n<td style=\"width: 21.4903%;\"><strong>\u00a0 \u00a0 \u00a0 \u00a0 \u00a0 \u00a0 \u00a0 \u00a0 \u00a0 \u00a0 \u00a0 Z<img loading=\"lazy\" decoding=\"async\" class=\"size-full wp-image-2181 aligncenter\" src=\"https:\/\/fmp-components.com\/wp-content\/uploads\/2024\/12\/shaft-z.webp\" alt=\"eixo-z\" width=\"81\" height=\"84\" title=\"\" srcset=\"https:\/\/fmp-components.com\/wp-content\/uploads\/2024\/12\/shaft-z.webp 81w, https:\/\/fmp-components.com\/wp-content\/uploads\/2024\/12\/shaft-z-12x12.webp 12w\" sizes=\"(max-width: 81px) 100vw, 81px\" \/><\/strong><\/td>\n<\/tr>\n<tr>\n<td style=\"width: 7.5594%;\">4.00<br \/>\n5.25<\/td>\n<td style=\"width: 14.0389%;\">540<\/td>\n<td style=\"width: 12.419%;\">22.1<\/td>\n<td style=\"width: 13.4989%;\">&#8211;<\/td>\n<td style=\"width: 21.4903%;\">1\u201d 3\/8 Z6<\/td>\n<td style=\"width: 21.4903%;\">L200 \u03a630<\/td>\n<td style=\"width: 9.28726%;\">X<\/td>\n<\/tr>\n<tr>\n<td style=\"width: 7.5594%;\">3.69<br \/>\n4.36<\/td>\n<td style=\"width: 14.0389%;\">540<\/td>\n<td style=\"width: 12.419%;\">22.1<\/td>\n<td style=\"width: 13.4989%;\">&#8211;<\/td>\n<td style=\"width: 21.4903%;\">1\u201d 3\/8 Z6<\/td>\n<td style=\"width: 21.4903%;\">\u00a0L253 40<\/td>\n<td style=\"width: 9.28726%;\">X<\/td>\n<\/tr>\n<tr>\n<td style=\"width: 7.5594%;\">2.95<br \/>\n4.00<\/td>\n<td style=\"width: 14.0389%;\">540<\/td>\n<td style=\"width: 12.419%;\">22.1<\/td>\n<td style=\"width: 13.4989%;\">&#8211;<\/td>\n<td style=\"width: 21.4903%;\">1\u201d 3\/8 Z6<\/td>\n<td style=\"width: 21.4903%;\">L200 40<\/td>\n<td style=\"width: 9.28726%;\">X<\/td>\n<\/tr>\n<tr>\n<td style=\"width: 7.5594%;\">2.95<br \/>\n4.00<\/td>\n<td style=\"width: 14.0389%;\">540<\/td>\n<td style=\"width: 12.419%;\">22.1<\/td>\n<td style=\"width: 13.4989%;\">&#8211;<\/td>\n<td style=\"width: 21.4903%;\">1\u201d 3\/8 Z6<\/td>\n<td style=\"width: 21.4903%;\">L250 40<\/td>\n<td style=\"width: 9.28726%;\">X<\/td>\n<\/tr>\n<\/tbody>\n<\/table>\n<h3>Vantagens da caixa de engrenagens do pulverizador agr\u00edcola<\/h3>\n<ol>\n<li><strong>Transmiss\u00e3o de energia eficiente<\/strong><br \/>\nAs caixas de engrenagens de pulverizadores agr\u00edcolas s\u00e3o projetadas para transferir com efici\u00eancia a pot\u00eancia do sistema de tomada de for\u00e7a do trator para a bomba ou mecanismo de pulveriza\u00e7\u00e3o do pulverizador. Isso garante que o pulverizador opere com efici\u00eancia ideal, com a caixa de engrenagens convertendo a alta velocidade e o baixo torque do trator na sa\u00edda correta, de baixa velocidade e alto torque, necess\u00e1ria para uma pulveriza\u00e7\u00e3o eficaz. Essa transmiss\u00e3o de pot\u00eancia eficiente maximiza o desempenho do pulverizador, garantindo uma pulveriza\u00e7\u00e3o precisa e consistente de pesticidas, fertilizantes e outros produtos qu\u00edmicos.<\/li>\n<li><strong>Redu\u00e7\u00e3o de velocidade e aumento de torque<\/strong><br \/>\nUma das principais vantagens da caixa de engrenagens de um pulverizador agr\u00edcola \u00e9 sua capacidade de reduzir a velocidade e aumentar o torque da pot\u00eancia aplicada. Pulverizadores exigem velocidades mais baixas e torque mais alto para operar bombas e bicos de forma eficaz, e a caixa de engrenagens garante que essas condi\u00e7\u00f5es sejam atendidas. Ao reduzir a velocidade de rota\u00e7\u00e3o da tomada de for\u00e7a do trator e, ao mesmo tempo, aumentar o torque, a caixa de engrenagens proporciona a vantagem mec\u00e2nica necess\u00e1ria para uma pulveriza\u00e7\u00e3o eficiente em grandes \u00e1reas agr\u00edcolas.<\/li>\n<li><strong>Durabilidade e Longevidade<\/strong><br \/>\nAs caixas de engrenagens de pulverizadores agr\u00edcolas s\u00e3o projetadas para suportar as duras condi\u00e7\u00f5es do trabalho agr\u00edcola. S\u00e3o constru\u00eddas com materiais de alta qualidade e engenharia robusta, o que garante durabilidade e desempenho a longo prazo. A capacidade de suportar as altas tens\u00f5es e a opera\u00e7\u00e3o cont\u00ednua comuns em ambientes agr\u00edcolas torna essas caixas de engrenagens altamente confi\u00e1veis, reduzindo a necessidade de reparos ou substitui\u00e7\u00f5es frequentes. Essa longevidade se traduz em um menor custo total de propriedade para os agricultores.<\/li>\n<li><strong>Prote\u00e7\u00e3o contra sobrecarga<\/strong><br \/>\nMuitas caixas de engrenagens de pulverizadores agr\u00edcolas possuem mecanismos de prote\u00e7\u00e3o contra sobrecarga, como pinos de cisalhamento ou embreagens. Esses sistemas ajudam a proteger a caixa de engrenagens contra sobrecargas mec\u00e2nicas repentinas, que podem ocorrer se o pulverizador encontrar uma obstru\u00e7\u00e3o ou se houver uma mudan\u00e7a repentina na carga. Ao absorver o excesso de tens\u00e3o e evitar danos aos componentes internos, a prote\u00e7\u00e3o contra sobrecarga aumenta a vida \u00fatil da caixa de engrenagens e garante uma opera\u00e7\u00e3o ininterrupta durante tarefas cr\u00edticas de pulveriza\u00e7\u00e3o.<\/li>\n<li><strong>Baixa manuten\u00e7\u00e3o e f\u00e1cil lubrifica\u00e7\u00e3o<\/strong><br \/>\nA lubrifica\u00e7\u00e3o adequada \u00e9 essencial para o bom funcionamento de qualquer caixa de engrenagens, e as caixas de engrenagens de pulverizadores agr\u00edcolas s\u00e3o projetadas com sistemas de lubrifica\u00e7\u00e3o de f\u00e1cil manuten\u00e7\u00e3o. Esses sistemas garantem que as engrenagens e pe\u00e7as m\u00f3veis sejam lubrificadas adequadamente, reduzindo o atrito e o desgaste, al\u00e9m de evitar o superaquecimento. Com verifica\u00e7\u00f5es e manuten\u00e7\u00f5es de rotina, como trocas regulares de \u00f3leo, a caixa de engrenagens pode manter sua efici\u00eancia e operar sem problemas, exigindo manuten\u00e7\u00e3o m\u00ednima ao longo de sua vida \u00fatil. Essa facilidade de manuten\u00e7\u00e3o reduz ainda mais os custos operacionais e o tempo de inatividade para os agricultores.<\/li>\n<\/ol>\n<p>A caixa de engrenagens do pulverizador agr\u00edcola oferece in\u00fameras vantagens, incluindo transmiss\u00e3o de pot\u00eancia eficiente, redu\u00e7\u00e3o de velocidade com aumento de torque, durabilidade, prote\u00e7\u00e3o contra sobrecarga e baixa necessidade de manuten\u00e7\u00e3o. Essas caracter\u00edsticas contribuem para a confiabilidade e efici\u00eancia da caixa de engrenagens, garantindo que os pulverizadores tenham um desempenho eficaz ao longo do tempo, mesmo em condi\u00e7\u00f5es agr\u00edcolas adversas. Ao otimizar o desempenho e reduzir o tempo de inatividade, a caixa de engrenagens \u00e9 um componente essencial para opera\u00e7\u00f5es de pulveriza\u00e7\u00e3o bem-sucedidas e econ\u00f4micas.<\/p>\n<p><img loading=\"lazy\" decoding=\"async\" class=\"alignnone size-full wp-image-2193\" src=\"https:\/\/fmp-components.com\/wp-content\/uploads\/2024\/12\/Agricultural-Sprayer-Gearbox-19.webp\" alt=\"Caixa de engrenagens de pulverizador agr\u00edcola\" width=\"2016\" height=\"1512\" title=\"\" srcset=\"https:\/\/fmp-components.com\/wp-content\/uploads\/2024\/12\/Agricultural-Sprayer-Gearbox-19.webp 2016w, https:\/\/fmp-components.com\/wp-content\/uploads\/2024\/12\/Agricultural-Sprayer-Gearbox-19-1280x960.webp 1280w, https:\/\/fmp-components.com\/wp-content\/uploads\/2024\/12\/Agricultural-Sprayer-Gearbox-19-980x735.webp 980w, https:\/\/fmp-components.com\/wp-content\/uploads\/2024\/12\/Agricultural-Sprayer-Gearbox-19-480x360.webp 480w\" sizes=\"(min-width: 0px) and (max-width: 480px) 480px, (min-width: 481px) and (max-width: 980px) 980px, (min-width: 981px) and (max-width: 1280px) 1280px, (min-width: 1281px) 2016px, 100vw\" \/><\/p>\n<h3>Eixos de tomada de for\u00e7a para caixa de engrenagens de pulverizadores agr\u00edcolas<\/h3>\n<ol>\n<li><strong>Efici\u00eancia de transmiss\u00e3o de energia<\/strong><br \/>\nOs eixos da TDF (Tomada de For\u00e7a) desempenham um papel crucial na transmiss\u00e3o de pot\u00eancia mec\u00e2nica do trator para a caixa de engrenagens do pulverizador agr\u00edcola. O eixo da TDF conecta-se ao sistema de tomada de for\u00e7a do trator, permitindo que a pot\u00eancia do motor seja transmitida atrav\u00e9s do eixo para a caixa de engrenagens, que aciona a bomba do pulverizador e outros componentes essenciais. Essa transfer\u00eancia direta de pot\u00eancia garante que o pulverizador opere de forma eficaz, fornecendo a quantidade certa de press\u00e3o e vaz\u00e3o ao sistema de pulveriza\u00e7\u00e3o para uma distribui\u00e7\u00e3o uniforme do produto.<\/li>\n<li><strong>Versatilidade e compatibilidade<\/strong><br \/>\nOs eixos de tomada de for\u00e7a s\u00e3o projetados para serem altamente vers\u00e1teis e compat\u00edveis com uma ampla gama de caixas de engrenagens de pulverizadores agr\u00edcolas. Com diversos tamanhos e configura\u00e7\u00f5es dispon\u00edveis, os eixos de tomada de for\u00e7a podem ser facilmente combinados com diferentes tipos de pulverizadores, desde pequenos pulverizadores manuais at\u00e9 grandes pulverizadores montados em tratores. Seu design universal permite integra\u00e7\u00e3o perfeita com diversos sistemas de pulveriza\u00e7\u00e3o, tornando-os uma solu\u00e7\u00e3o confi\u00e1vel para agricultores que utilizam diferentes modelos de pulverizadores em diversas opera\u00e7\u00f5es agr\u00edcolas.<\/li>\n<li><strong>Durabilidade e constru\u00e7\u00e3o robusta<\/strong><br \/>\nCaixas de engrenagens e eixos de tomada de for\u00e7a de pulverizadores agr\u00edcolas s\u00e3o submetidos a condi\u00e7\u00f5es adversas de campo, incluindo exposi\u00e7\u00e3o a sujeira, umidade e cargas pesadas. Os eixos de tomada de for\u00e7a utilizados em caixas de engrenagens de pulverizadores agr\u00edcolas s\u00e3o constru\u00eddos com materiais de alta resist\u00eancia, como a\u00e7o-liga, o que aumenta sua durabilidade e resist\u00eancia ao desgaste. Essa constru\u00e7\u00e3o robusta garante que o eixo de tomada de for\u00e7a possa suportar o estresse e as tens\u00f5es repetitivas das opera\u00e7\u00f5es agr\u00edcolas, proporcionando confiabilidade a longo prazo e minimizando a necessidade de substitui\u00e7\u00f5es ou reparos.<\/li>\n<li><strong>Recursos de seguran\u00e7a<\/strong><br \/>\nMuitos eixos de tomada de for\u00e7a para caixas de engrenagens de pulverizadores agr\u00edcolas s\u00e3o equipados com dispositivos de seguran\u00e7a integrados, como pinos de cisalhamento, embreagens ou garfos deslizantes. Esses mecanismos de seguran\u00e7a ajudam a evitar danos ao eixo de tomada de for\u00e7a e \u00e0 caixa de engrenagens em caso de sobrecargas mec\u00e2nicas repentinas ou obstru\u00e7\u00f5es. Quando ocorre uma sobrecarga mec\u00e2nica, o pino de cisalhamento ou a embreagem desconectam a transmiss\u00e3o de pot\u00eancia do eixo, evitando danos \u00e0 caixa de engrenagens do pulverizador ou a outros componentes conectados. Esses dispositivos de seguran\u00e7a ajudam a reduzir o risco de paradas e reparos dispendiosos, garantindo uma opera\u00e7\u00e3o cont\u00ednua.<\/li>\n<li><strong>Facilidade de manuten\u00e7\u00e3o<\/strong><br \/>\nA manuten\u00e7\u00e3o regular dos eixos de tomada de for\u00e7a \u00e9 essencial para garantir o desempenho e a longevidade ideais. Os eixos de tomada de for\u00e7a projetados para caixas de engrenagens de pulverizadores agr\u00edcolas s\u00e3o projetados com foco na facilidade de manuten\u00e7\u00e3o. Eles s\u00e3o equipados com recursos como engates r\u00e1pidos, graxeiras e pontos de f\u00e1cil acesso para lubrifica\u00e7\u00e3o. Mantendo a lubrifica\u00e7\u00e3o adequada e realizando inspe\u00e7\u00f5es regulares, os agricultores podem garantir que o eixo de tomada de for\u00e7a opere suavemente, minimizando o atrito e o desgaste. A manuten\u00e7\u00e3o de rotina tamb\u00e9m prolonga a vida \u00fatil do eixo de tomada de for\u00e7a e da caixa de engrenagens do pulverizador conectada, reduzindo o custo total de propriedade.<\/li>\n<\/ol>\n<p>Os eixos de tomada de for\u00e7a para caixas de engrenagens de pulverizadores agr\u00edcolas s\u00e3o componentes essenciais que transmitem pot\u00eancia do trator para o sistema de pulveriza\u00e7\u00e3o de forma eficiente. Sua versatilidade, durabilidade e compatibilidade com diversos modelos de pulverizadores os tornam uma parte crucial das opera\u00e7\u00f5es agr\u00edcolas modernas. Com recursos de seguran\u00e7a integrados e f\u00e1cil manuten\u00e7\u00e3o, os eixos de tomada de for\u00e7a ajudam a garantir uma opera\u00e7\u00e3o suave, minimizar o tempo de inatividade e prolongar a vida \u00fatil tanto do eixo de tomada de for\u00e7a quanto da caixa de engrenagens. Para um desempenho ideal e confiabilidade a longo prazo, a manuten\u00e7\u00e3o regular e o uso adequado desses eixos s\u00e3o essenciais para manter opera\u00e7\u00f5es de pulveriza\u00e7\u00e3o agr\u00edcola eficientes.<\/p>\n<p><img loading=\"lazy\" decoding=\"async\" class=\"alignnone size-full wp-image-2194\" src=\"https:\/\/fmp-components.com\/wp-content\/uploads\/2024\/12\/tractor-pto-shaft.webp\" alt=\"Caixa de engrenagens de pulverizador agr\u00edcola\" width=\"1000\" height=\"580\" title=\"\" srcset=\"https:\/\/fmp-components.com\/wp-content\/uploads\/2024\/12\/tractor-pto-shaft.webp 1000w, https:\/\/fmp-components.com\/wp-content\/uploads\/2024\/12\/tractor-pto-shaft-980x568.webp 980w, https:\/\/fmp-components.com\/wp-content\/uploads\/2024\/12\/tractor-pto-shaft-480x278.webp 480w\" sizes=\"(min-width: 0px) and (max-width: 480px) 480px, (min-width: 481px) and (max-width: 980px) 980px, (min-width: 981px) 1000px, 100vw\" \/><\/p>\n<h3>Sobre a FMP<\/h3>\n<p>Com sede na It\u00e1lia, a FMP \u00e9 uma fabricante l\u00edder, reconhecida por sua expertise em projeto, desenvolvimento e produ\u00e7\u00e3o de caixas de engrenagens de alto desempenho, com foco especial no setor de m\u00e1quinas agr\u00edcolas. Com reputa\u00e7\u00e3o em engenharia de precis\u00e3o, solu\u00e7\u00f5es inovadoras e confiabilidade inabal\u00e1vel, a FMP tornou-se uma parceira confi\u00e1vel para atender \u00e0s necessidades em constante evolu\u00e7\u00e3o dos setores agr\u00edcola e industrial. Nossa diversificada linha de produtos inclui caixas de engrenagens especializadas para cortadores de grama, eixos de tomada de for\u00e7a e outros componentes essenciais, todos meticulosamente projetados para fornecer solu\u00e7\u00f5es personalizadas em um amplo espectro de aplica\u00e7\u00f5es.<\/p>\n<p>Na FMP, entendemos que cada cliente possui necessidades e desafios \u00fanicos. \u00c9 por isso que nos especializamos em oferecer solu\u00e7\u00f5es personalizadas, seja para componentes individuais ou sistemas totalmente integrados. Trabalhamos em estreita colabora\u00e7\u00e3o com nossos clientes para garantir que cada solu\u00e7\u00e3o seja n\u00e3o apenas eficaz, mas tamb\u00e9m eficiente, otimizando desempenho e valor. Nosso compromisso em fornecer respostas r\u00e1pidas e profissionais, aliado a uma orienta\u00e7\u00e3o especializada, garante que cada consulta seja tratada com o m\u00e1ximo cuidado e precis\u00e3o, levando aos melhores resultados poss\u00edveis.<\/p>\n<p>Priorizamos a comunica\u00e7\u00e3o aberta e cont\u00ednua durante todo o processo de desenvolvimento do produto. Nossa equipe dedicada trabalha diretamente com os clientes para entender completamente suas necessidades espec\u00edficas, oferecendo insights e recomenda\u00e7\u00f5es valiosas para garantir solu\u00e7\u00f5es ideais. Seja projetando produtos inovadores ou atendendo pedidos cont\u00ednuos, a FMP est\u00e1 comprometida em entregar solu\u00e7\u00f5es de alta qualidade e engenharia de precis\u00e3o, sempre no prazo. Nosso objetivo \u00e9 fornecer aos clientes o melhor servi\u00e7o e os melhores resultados, superando as expectativas em cada projeto.<\/p>\n<p>A qualidade \u00e9 a base das opera\u00e7\u00f5es da FMP. Seguimos os mais altos padr\u00f5es de fabrica\u00e7\u00e3o, implementando rigorosas medidas de controle de qualidade para garantir que cada produto n\u00e3o apenas atenda, mas tamb\u00e9m exceda os padr\u00f5es da ind\u00fastria. Esse compromisso inabal\u00e1vel com a qualidade, aliado aos nossos valores fundamentais de integridade, trabalho em equipe e perseveran\u00e7a, nos permitiu construir relacionamentos duradouros e baseados na confian\u00e7a com clientes em quase 30 pa\u00edses ao redor do mundo.<\/p>\n<p>A FMP est\u00e1 sempre aberta a promover parcerias globais e se dedica a oferecer consultoria especializada e solu\u00e7\u00f5es personalizadas que atendam \u00e0s diversas necessidades de nossos clientes. Vamos al\u00e9m do simples fornecimento de produtos; buscamos construir relacionamentos duradouros que contribuam para o sucesso de cada projeto. Seja para solu\u00e7\u00f5es inovadoras para uma nova iniciativa ou suporte cont\u00ednuo para um sistema existente, a FMP est\u00e1 aqui para enfrentar seus desafios t\u00e9cnicos e garantir seu sucesso cont\u00ednuo.<\/p>\n<p><img loading=\"lazy\" decoding=\"async\" class=\"alignnone size-full wp-image-1861\" src=\"https:\/\/fmp-components.com\/wp-content\/uploads\/2024\/12\/Other-Agricultural-Gearboxes.webp\" sizes=\"(min-width: 0px) and (max-width: 480px) 480px, (min-width: 481px) and (max-width: 980px) 980px, (min-width: 981px) 1200px, 100vw\" srcset=\"https:\/\/fmp-components.com\/wp-content\/uploads\/2024\/12\/Other-Agricultural-Gearboxes.webp 1200w, https:\/\/fmp-components.com\/wp-content\/uploads\/2024\/12\/Other-Agricultural-Gearboxes-980x1143.webp 980w, https:\/\/fmp-components.com\/wp-content\/uploads\/2024\/12\/Other-Agricultural-Gearboxes-480x560.webp 480w\" alt=\"Altri-cambi-agr\u00edcola\" width=\"1200\" height=\"1400\" title=\"\"><\/p>\n<p>Autor: CX<\/p>","protected":false},"excerpt":{"rendered":"<p>Specifications of Agricultural Sprayer Gearbox D27A\/D27J\/D27B D27A i N1[rpm] P1[kW] M2[Nm] Shaft Type Input \u00a0 \u00a0 \u00a0 \u00a0 \u00a0 \u00a0 \u00a0 \u00a0 \u00a0 \u00a0 \u00a0 \u00a0X \u00a0 \u00a0 \u00a0 \u00a0 \u00a0 \u00a0 \u00a0 \u00a0 \u00a0 \u00a0 \u00a0 \u00a0Z 4.00 5.25 540 22.1 1&#8221; 3\/8 Z6 X 3.70 4.80 540 22.1 &#8211; 1&#8221; 3\/8 Z6 \u00a0L250 [&hellip;]<\/p>","protected":false},"featured_media":2189,"comment_status":"open","ping_status":"closed","template":"","meta":{"_et_pb_use_builder":"","_et_pb_old_content":"","_et_gb_content_width":""},"product_brand":[],"product_cat":[55],"product_tag":[],"class_list":{"0":"post-2187","1":"product","2":"type-product","3":"status-publish","4":"has-post-thumbnail","6":"product_cat-agricultural-sprayer-gearbox","8":"first","9":"instock","10":"shipping-taxable","11":"product-type-simple"},"_links":{"self":[{"href":"https:\/\/fmp-components.com\/pt\/wp-json\/wp\/v2\/product\/2187","targetHints":{"allow":["GET"]}}],"collection":[{"href":"https:\/\/fmp-components.com\/pt\/wp-json\/wp\/v2\/product"}],"about":[{"href":"https:\/\/fmp-components.com\/pt\/wp-json\/wp\/v2\/types\/product"}],"replies":[{"embeddable":true,"href":"https:\/\/fmp-components.com\/pt\/wp-json\/wp\/v2\/comments?post=2187"}],"wp:featuredmedia":[{"embeddable":true,"href":"https:\/\/fmp-components.com\/pt\/wp-json\/wp\/v2\/media\/2189"}],"wp:attachment":[{"href":"https:\/\/fmp-components.com\/pt\/wp-json\/wp\/v2\/media?parent=2187"}],"wp:term":[{"taxonomy":"product_brand","embeddable":true,"href":"https:\/\/fmp-components.com\/pt\/wp-json\/wp\/v2\/product_brand?post=2187"},{"taxonomy":"product_cat","embeddable":true,"href":"https:\/\/fmp-components.com\/pt\/wp-json\/wp\/v2\/product_cat?post=2187"},{"taxonomy":"product_tag","embeddable":true,"href":"https:\/\/fmp-components.com\/pt\/wp-json\/wp\/v2\/product_tag?post=2187"}],"curies":[{"name":"wp","href":"https:\/\/api.w.org\/{rel}","templated":true}]}}