{"id":2158,"date":"2024-12-30T07:35:02","date_gmt":"2024-12-30T07:35:02","guid":{"rendered":"https:\/\/fmp-components.com\/?page_id=8"},"modified":"2024-12-30T08:06:30","modified_gmt":"2024-12-30T08:06:30","slug":"fertilizer-spreader-gearbox-replacement-of-comer-code-l-25j","status":"publish","type":"product","link":"https:\/\/fmp-components.com\/pt\/product\/fertilizer-spreader-gearbox-replacement-of-comer-code-l-25j\/","title":{"rendered":"Caixa de engrenagens do espalhador de fertilizantes \u2013 Substitui\u00e7\u00e3o do Comer Code L-25J"},"content":{"rendered":"<p><img loading=\"lazy\" decoding=\"async\" class=\"alignnone size-full wp-image-2159\" src=\"https:\/\/fmp-components.com\/wp-content\/uploads\/2024\/12\/Agricultural-Gearbox-and-PTO-Drive-Shaft-3.webp\" alt=\"Caixa de engrenagens agr\u00edcola e eixo de transmiss\u00e3o da tomada de for\u00e7a 3\" width=\"1200\" height=\"540\" title=\"\" srcset=\"https:\/\/fmp-components.com\/wp-content\/uploads\/2024\/12\/Agricultural-Gearbox-and-PTO-Drive-Shaft-3.webp 1200w, https:\/\/fmp-components.com\/wp-content\/uploads\/2024\/12\/Agricultural-Gearbox-and-PTO-Drive-Shaft-3-980x441.webp 980w, https:\/\/fmp-components.com\/wp-content\/uploads\/2024\/12\/Agricultural-Gearbox-and-PTO-Drive-Shaft-3-480x216.webp 480w\" sizes=\"(min-width: 0px) and (max-width: 480px) 480px, (min-width: 481px) and (max-width: 980px) 980px, (min-width: 981px) 1200px, 100vw\" \/><\/p>\n<h2>Especifica\u00e7\u00f5es da caixa de engrenagens do espalhador de fertilizantes L-25J<\/h2>\n<table style=\"width: 103.326%; height: 185px;\" width=\"270\">\n<tbody>\n<tr>\n<td width=\"132\"><img loading=\"lazy\" decoding=\"async\" class=\"alignnone size-full wp-image-2163\" src=\"https:\/\/fmp-components.com\/wp-content\/uploads\/2024\/12\/Fertilizer-Spreader-Gearbox-L-25J-Specifications-1.webp\" alt=\"Distribuidor de fertilizantes - Caixa de engrenagens - L-25J - Especifica\u00e7\u00f5es - 1\" width=\"600\" height=\"600\" title=\"\" srcset=\"https:\/\/fmp-components.com\/wp-content\/uploads\/2024\/12\/Fertilizer-Spreader-Gearbox-L-25J-Specifications-1.webp 600w, https:\/\/fmp-components.com\/wp-content\/uploads\/2024\/12\/Fertilizer-Spreader-Gearbox-L-25J-Specifications-1-480x480.webp 480w\" sizes=\"(min-width: 0px) and (max-width: 480px) 480px, (min-width: 481px) 600px, 100vw\" \/><\/td>\n<td width=\"138\"><img loading=\"lazy\" decoding=\"async\" class=\"alignnone size-full wp-image-2164\" src=\"https:\/\/fmp-components.com\/wp-content\/uploads\/2024\/12\/Fertilizer-Spreader-Gearbox-L-25J-Specifications-2.webp\" alt=\"Distribuidor de fertilizantes - Caixa de engrenagens - L-25J - Especifica\u00e7\u00f5es - 2\" width=\"600\" height=\"600\" title=\"\" srcset=\"https:\/\/fmp-components.com\/wp-content\/uploads\/2024\/12\/Fertilizer-Spreader-Gearbox-L-25J-Specifications-2.webp 600w, https:\/\/fmp-components.com\/wp-content\/uploads\/2024\/12\/Fertilizer-Spreader-Gearbox-L-25J-Specifications-2-480x480.webp 480w\" sizes=\"(min-width: 0px) and (max-width: 480px) 480px, (min-width: 481px) 600px, 100vw\" \/><\/td>\n<\/tr>\n<\/tbody>\n<\/table>\n<table class=\"kh-1xzm1su\" border=\"1\" cellspacing=\"0\" cellpadding=\"0\" data-intent=\"lists-product-attributes\" data-test-id=\"attributes-list\">\n<tbody class=\"kh-1ago99h\">\n<tr id=\"attLongDescription\" class=\"kh-bwvum6\">\n<th class=\"kh-10oizfy\">Descri\u00e7\u00e3o<\/th>\n<td class=\"kh-1f5nhat\">\n<div class=\"kh-pkx4zo\">Caixa de engrenagens do distribuidor de fertilizantes \u2013 Substitui\u00e7\u00e3o da caixa de engrenagens Comer L-25J<\/div>\n<\/td>\n<\/tr>\n<tr id=\"attApplicationRange\" class=\"kh-bwvum6\">\n<th class=\"kh-10oizfy\">Aplicativo<\/th>\n<td class=\"kh-1f5nhat\">\n<ul>\n<li class=\"kh-16zd49f\">V\u00e1rias aplica\u00e7\u00f5es (agr\u00edcolas)<\/li>\n<li class=\"kh-16zd49f\">Cortadores de grama<\/li>\n<li class=\"kh-16zd49f\">Distribuidores de fertilizantes qu\u00edmicos<\/li>\n<li class=\"kh-16zd49f\">Serras de fita<\/li>\n<\/ul>\n<\/td>\n<\/tr>\n<tr id=\"attConsistsOf\" class=\"kh-bwvum6\">\n<th class=\"kh-10oizfy\">Consiste em<\/th>\n<td class=\"kh-1f5nhat\">\n<ul>\n<li class=\"kh-16zd49f\">Caixa de engrenagens<\/li>\n<li class=\"kh-16zd49f\">Sem \u00f3leo<\/li>\n<\/ul>\n<\/td>\n<\/tr>\n<tr id=\"attTechnicalInformation\" class=\"kh-bwvum6\">\n<th class=\"kh-10oizfy\">Informa\u00e7\u00f5es t\u00e9cnicas<\/th>\n<td class=\"kh-1f5nhat\">\n<ul>\n<li class=\"kh-16zd49f\">Caso tenha alguma d\u00favida sobre o desempenho em diferentes velocidades, n\u00e3o hesite em entrar em contato conosco.<\/li>\n<li class=\"kh-16zd49f\">Ao us\u00e1-lo pela primeira vez, troque o \u00f3leo ap\u00f3s 50 horas de opera\u00e7\u00e3o.<\/li>\n<\/ul>\n<\/td>\n<\/tr>\n<tr id=\"taMaxOutputTorqueDaNm\" class=\"kh-bwvum6\">\n<th class=\"kh-10oizfy\">Torque m\u00e1ximo de sa\u00edda<\/th>\n<td class=\"kh-1f5nhat\">\n<div class=\"kh-pkx4zo\">22,7 daNm<\/div>\n<\/td>\n<\/tr>\n<tr id=\"taContainsOil\" class=\"kh-bwvum6\">\n<th class=\"kh-10oizfy\">Cont\u00e9m \u00f3leo<\/th>\n<td class=\"kh-1f5nhat\">\n<div class=\"kh-pkx4zo\">N\u00e3o<\/div>\n<\/td>\n<\/tr>\n<tr id=\"taMaxOilCapacityL\" class=\"kh-bwvum6\">\n<th class=\"kh-10oizfy\">Capacidade m\u00e1xima de \u00f3leo<\/th>\n<td class=\"kh-1f5nhat\">\n<div class=\"kh-pkx4zo\">0,35 l<\/div>\n<\/td>\n<\/tr>\n<tr id=\"taMaxOilChangeIntervalH\" class=\"kh-bwvum6\">\n<th class=\"kh-10oizfy\">Intervalo m\u00e1ximo de troca de \u00f3leo<\/th>\n<td class=\"kh-1f5nhat\">\n<div class=\"kh-pkx4zo\">500 horas<\/div>\n<\/td>\n<\/tr>\n<tr id=\"taOilSAEViscosityGrade\" class=\"kh-bwvum6\">\n<th class=\"kh-10oizfy\">Grau de viscosidade SAE do \u00f3leo<\/th>\n<td class=\"kh-1f5nhat\">\n<div class=\"kh-pkx4zo\">80W-90<\/div>\n<\/td>\n<\/tr>\n<tr id=\"taHousingMaterial_16\" class=\"kh-bwvum6\">\n<th class=\"kh-10oizfy\">Material da carca\u00e7a<\/th>\n<td class=\"kh-1f5nhat\">\n<div class=\"kh-pkx4zo\">Alum\u00ednio<\/div>\n<\/td>\n<\/tr>\n<tr id=\"taWeightKg_75\" class=\"kh-bwvum6\">\n<th class=\"kh-10oizfy\">Peso<\/th>\n<td class=\"kh-1f5nhat\">\n<div class=\"kh-pkx4zo\">4,1 kg<\/div>\n<\/td>\n<\/tr>\n<tr id=\"taGearArrangementRed\" class=\"kh-bwvum6\">\n<th class=\"kh-10oizfy\">Arranjo de engrenagens Redutor<\/th>\n<td class=\"kh-1f5nhat\">\n<div class=\"kh-pkx4zo\">3 &#8211; 4<\/div>\n<\/td>\n<\/tr>\n<tr id=\"taInputPowerKwHpInc\" class=\"kh-bwvum6\">\n<th class=\"kh-10oizfy\">Pot\u00eancia de entrada kW \/ HP Aumentando<\/th>\n<td class=\"kh-1f5nhat\">\n<div class=\"kh-pkx4zo\">11 \/ 15 kW\/HP<\/div>\n<\/td>\n<\/tr>\n<tr id=\"taInputShaftIncreasi\" class=\"kh-bwvum6\">\n<th class=\"kh-10oizfy\">Eixo de entrada aumentando<\/th>\n<td class=\"kh-1f5nhat\">\n<div class=\"kh-pkx4zo\">X<\/div>\n<\/td>\n<\/tr>\n<tr id=\"taInputShaftReducing\" class=\"kh-bwvum6\">\n<th class=\"kh-10oizfy\">Eixo de entrada Redutor<\/th>\n<td class=\"kh-1f5nhat\">\n<div class=\"kh-pkx4zo\">Z<\/div>\n<\/td>\n<\/tr>\n<tr id=\"taNSInputpowerKW-HPR\" class=\"kh-bwvum6\">\n<th class=\"kh-10oizfy\">Pot\u00eancia de entrada KW \/ HP Redu\u00e7\u00e3o<\/th>\n<td class=\"kh-1f5nhat\">\n<div class=\"kh-pkx4zo\">7 \/ 9,5 kW\/CV<\/div>\n<\/td>\n<\/tr>\n<tr id=\"taNSOutputTorqueDaNm_1\" class=\"kh-bwvum6\">\n<th class=\"kh-10oizfy\">Torque de sa\u00edda DaNm aumentando<\/th>\n<td class=\"kh-1f5nhat\">\n<div class=\"kh-pkx4zo\">9,9 daNm<\/div>\n<\/td>\n<\/tr>\n<tr id=\"taRatioIncreasing\" class=\"kh-bwvum6\">\n<th class=\"kh-10oizfy\">Propor\u00e7\u00e3o crescente<\/th>\n<td class=\"kh-1f5nhat\">\n<div class=\"kh-pkx4zo\">1: 1,9<\/div>\n<\/td>\n<\/tr>\n<tr id=\"taRatioReducing\" class=\"kh-bwvum6\">\n<th class=\"kh-10oizfy\">Redu\u00e7\u00e3o de Propor\u00e7\u00e3o<\/th>\n<td class=\"kh-1f5nhat\">\n<div class=\"kh-pkx4zo\">1.9: 1<\/div>\n<\/td>\n<\/tr>\n<tr id=\"taShaftX\" class=\"kh-bwvum6\">\n<th class=\"kh-10oizfy\">Eixo X<\/th>\n<td class=\"kh-1f5nhat\">\n<div class=\"kh-pkx4zo\">1 3\/8\u2033 (6) (A)<\/div>\n<\/td>\n<\/tr>\n<tr id=\"taShaftZ\" class=\"kh-bwvum6\">\n<th class=\"kh-10oizfy\">Eixo Z<\/th>\n<td class=\"kh-1f5nhat\">\n<div class=\"kh-pkx4zo\">22 (D)<\/div>\n<\/td>\n<\/tr>\n<\/tbody>\n<\/table>\n<h2>Caracter\u00edsticas da caixa de engrenagens do distribuidor de fertilizantes L-25J<\/h2>\n<ol>\n<li><strong>Alto desempenho e efici\u00eancia<\/strong>: A caixa de engrenagens do distribuidor de fertilizantes L-25J foi projetada para oferecer desempenho ideal em uma ampla gama de aplica\u00e7\u00f5es de distribui\u00e7\u00e3o. Ela transfere com efici\u00eancia a pot\u00eancia do sistema de tomada de for\u00e7a do trator para o distribuidor de fertilizantes, garantindo uma opera\u00e7\u00e3o suave e consistente. Sua alta efici\u00eancia permite o uso eficiente dos recursos, reduzindo o consumo de combust\u00edvel e aumentando a produtividade.<\/li>\n<li><strong>Constru\u00e7\u00e3o dur\u00e1vel<\/strong>: Constru\u00edda com materiais robustos, a caixa de engrenagens L-25J foi projetada para suportar as condi\u00e7\u00f5es adversas comumente encontradas em ambientes agr\u00edcolas. Sua carca\u00e7a e componentes internos de alta resist\u00eancia s\u00e3o resistentes ao desgaste e \u00e0 corros\u00e3o, proporcionando longa durabilidade e reduzindo a frequ\u00eancia de manuten\u00e7\u00e3o ou substitui\u00e7\u00e3o.<\/li>\n<li><strong>Design compacto e com economia de espa\u00e7o<\/strong>: A caixa de engrenagens L-25J \u00e9 compacta e f\u00e1cil de integrar em sistemas de distribui\u00e7\u00e3o de fertilizantes. Seu design compacto garante que possa ser instalada sem complexidade desnecess\u00e1ria, oferecendo facilidade de uso e instala\u00e7\u00e3o em uma variedade de equipamentos agr\u00edcolas.<\/li>\n<li><strong>Transmiss\u00e3o de pot\u00eancia suave<\/strong>: Esta caixa de engrenagens possui um mecanismo de transmiss\u00e3o de pot\u00eancia suave que garante a distribui\u00e7\u00e3o uniforme dos fertilizantes, ajudando a alcan\u00e7ar uma distribui\u00e7\u00e3o uniforme em grandes \u00e1reas agr\u00edcolas. Seu design minimiza as vibra\u00e7\u00f5es, proporcionando uma opera\u00e7\u00e3o est\u00e1vel e controlada que evita a fertiliza\u00e7\u00e3o irregular.<\/li>\n<li><strong>Aplica\u00e7\u00e3o vers\u00e1til<\/strong>: A caixa de engrenagens L-25J \u00e9 altamente vers\u00e1til e \u00e9 utilizada em diversos tipos de distribuidores de fertilizantes, incluindo aqueles utilizados para fertilizantes granulares ou peletizados. Ela pode lidar com diferentes larguras de distribui\u00e7\u00e3o e vaz\u00f5es ajust\u00e1veis, tornando-a adequada para uma ampla gama de aplica\u00e7\u00f5es agr\u00edcolas, desde opera\u00e7\u00f5es de pequena escala at\u00e9 grandes opera\u00e7\u00f5es agr\u00edcolas.<\/li>\n<\/ol>\n<p>A caixa de engrenagens do distribuidor de fertilizantes L-25J oferece uma solu\u00e7\u00e3o confi\u00e1vel e eficiente para tarefas de distribui\u00e7\u00e3o de fertilizantes, caracterizada por sua durabilidade, desempenho suave e versatilidade, tornando-se um componente essencial para otimizar as opera\u00e7\u00f5es agr\u00edcolas.<\/p>\n<p><img loading=\"lazy\" decoding=\"async\" class=\"alignnone size-full wp-image-2172\" src=\"https:\/\/fmp-components.com\/wp-content\/uploads\/2024\/12\/Characteristic-of-Fertilizer-Spreader-Gearbox-L-25J.webp\" alt=\"Caracter\u00edstica-do-Distribuidor-de-Adubos-Caixa-de-Redutores-L-25J\" width=\"1200\" height=\"743\" title=\"\" srcset=\"https:\/\/fmp-components.com\/wp-content\/uploads\/2024\/12\/Characteristic-of-Fertilizer-Spreader-Gearbox-L-25J.webp 1200w, https:\/\/fmp-components.com\/wp-content\/uploads\/2024\/12\/Characteristic-of-Fertilizer-Spreader-Gearbox-L-25J-980x607.webp 980w, https:\/\/fmp-components.com\/wp-content\/uploads\/2024\/12\/Characteristic-of-Fertilizer-Spreader-Gearbox-L-25J-480x297.webp 480w\" sizes=\"(min-width: 0px) and (max-width: 480px) 480px, (min-width: 481px) and (max-width: 980px) 980px, (min-width: 981px) 1200px, 100vw\" \/><\/p>\n<h3>Eixos de tomada de for\u00e7a para caixa de engrenagens de distribuidores de fertilizantes agr\u00edcolas<\/h3>\n<ol>\n<li><strong>Transmiss\u00e3o de energia confi\u00e1vel<\/strong><br \/>\nOs eixos de tomada de for\u00e7a (TDP) para caixas de engrenagens de distribuidores de fertilizantes agr\u00edcolas s\u00e3o essenciais para a transfer\u00eancia eficiente de pot\u00eancia do trator para a caixa de engrenagens. Esses eixos s\u00e3o projetados para fornecer transmiss\u00e3o de pot\u00eancia consistente e confi\u00e1vel, garantindo o funcionamento suave do distribuidor de fertilizantes. Com um eixo de tomada de for\u00e7a bem projetado, a caixa de engrenagens pode acionar o mecanismo de distribui\u00e7\u00e3o de forma eficaz, mantendo a taxa de aplica\u00e7\u00e3o correta de fertilizante.<\/li>\n<li><strong>Constru\u00e7\u00e3o Pesada<\/strong><br \/>\nOs eixos de tomada de for\u00e7a agr\u00edcolas s\u00e3o constru\u00eddos para suportar as condi\u00e7\u00f5es exigentes das opera\u00e7\u00f5es agr\u00edcolas. Fabricados com materiais de alta resist\u00eancia, s\u00e3o projetados para suportar cargas pesadas, choques e tens\u00f5es durante o uso cont\u00ednuo. Seja em ambientes secos, \u00famidos ou lamacentos, esses eixos de tomada de for\u00e7a s\u00e3o constru\u00eddos para resistir ao desgaste e \u00e0 corros\u00e3o, garantindo durabilidade a longo prazo e desempenho confi\u00e1vel, mesmo em condi\u00e7\u00f5es agr\u00edcolas adversas.<\/li>\n<li><strong>F\u00e1cil conex\u00e3o e desconex\u00e3o<\/strong><br \/>\nUma das caracter\u00edsticas de destaque dos eixos de tomada de for\u00e7a para distribuidores de fertilizantes \u00e9 a facilidade de conex\u00e3o e desconex\u00e3o. Projetados para acoplamento r\u00e1pido tanto ao trator quanto \u00e0 caixa de engrenagens, esses eixos proporcionam aos agricultores praticidade durante as opera\u00e7\u00f5es. Esse recurso de conex\u00e3o r\u00e1pida minimiza o tempo de inatividade e permite que os operadores alternem rapidamente entre os diferentes equipamentos conforme necess\u00e1rio, aumentando a efici\u00eancia operacional.<\/li>\n<li><strong>Recursos de seguran\u00e7a<\/strong><br \/>\nA seguran\u00e7a \u00e9 uma preocupa\u00e7\u00e3o cr\u00edtica em m\u00e1quinas agr\u00edcolas, e os eixos de tomada de for\u00e7a para distribuidores de fertilizantes s\u00e3o equipados com recursos de seguran\u00e7a integrados. Estes normalmente incluem escudos de prote\u00e7\u00e3o e engates de seguran\u00e7a que evitam desconex\u00e3o acidental e reduzem o risco de ferimentos. Os escudos protegem as pe\u00e7as rotativas, enquanto os engates de seguran\u00e7a garantem o desengate do eixo em caso de mau funcionamento, oferecendo maior seguran\u00e7a ao operador durante o uso.<\/li>\n<li><strong>Comprimento ajust\u00e1vel para versatilidade<\/strong><br \/>\nOs eixos de tomada de for\u00e7a est\u00e3o dispon\u00edveis em comprimentos ajust\u00e1veis \u200b\u200bpara se adequarem a diversas configura\u00e7\u00f5es de m\u00e1quinas agr\u00edcolas. Essa flexibilidade garante que o eixo possa ser usado com uma ampla gama de distribuidores de fertilizantes e tratores, independentemente do tamanho ou configura\u00e7\u00e3o. A capacidade de ajustar o comprimento do eixo garante alinhamento ideal e transfer\u00eancia de pot\u00eancia eficiente, tornando esses eixos de tomada de for\u00e7a uma solu\u00e7\u00e3o vers\u00e1til para diferentes tipos de opera\u00e7\u00f5es agr\u00edcolas.<\/li>\n<\/ol>\n<table style=\"width: 103.326%; height: 185px;\" width=\"270\">\n<tbody>\n<tr>\n<td style=\"width: 49.6862%;\" width=\"132\"><img loading=\"lazy\" decoding=\"async\" class=\"alignnone size-full wp-image-2170\" src=\"https:\/\/fmp-components.com\/wp-content\/uploads\/2024\/12\/PTO-Shafts-for-Agricultural-Fertilizer-Spreader-Gearbox-2.webp\" alt=\"Eixos de tomada de for\u00e7a para distribuidor de fertilizantes agr\u00edcolas - caixa de engrenagens 2\" width=\"1200\" height=\"800\" title=\"\" srcset=\"https:\/\/fmp-components.com\/wp-content\/uploads\/2024\/12\/PTO-Shafts-for-Agricultural-Fertilizer-Spreader-Gearbox-2.webp 1200w, https:\/\/fmp-components.com\/wp-content\/uploads\/2024\/12\/PTO-Shafts-for-Agricultural-Fertilizer-Spreader-Gearbox-2-980x653.webp 980w, https:\/\/fmp-components.com\/wp-content\/uploads\/2024\/12\/PTO-Shafts-for-Agricultural-Fertilizer-Spreader-Gearbox-2-480x320.webp 480w\" sizes=\"(min-width: 0px) and (max-width: 480px) 480px, (min-width: 481px) and (max-width: 980px) 980px, (min-width: 981px) 1200px, 100vw\" \/><\/td>\n<td style=\"width: 49.6862%;\" width=\"138\"><img loading=\"lazy\" decoding=\"async\" class=\"alignnone size-full wp-image-2171\" src=\"https:\/\/fmp-components.com\/wp-content\/uploads\/2024\/12\/PTO-Shafts-for-Agricultural-Fertilizer-Spreader-Gearbox-1.webp\" alt=\"Eixos de tomada de for\u00e7a para caixa de engrenagens de espalhador de fertilizantes agr\u00edcolas 1\" width=\"1200\" height=\"800\" title=\"\" srcset=\"https:\/\/fmp-components.com\/wp-content\/uploads\/2024\/12\/PTO-Shafts-for-Agricultural-Fertilizer-Spreader-Gearbox-1.webp 1200w, https:\/\/fmp-components.com\/wp-content\/uploads\/2024\/12\/PTO-Shafts-for-Agricultural-Fertilizer-Spreader-Gearbox-1-980x653.webp 980w, https:\/\/fmp-components.com\/wp-content\/uploads\/2024\/12\/PTO-Shafts-for-Agricultural-Fertilizer-Spreader-Gearbox-1-480x320.webp 480w\" sizes=\"(min-width: 0px) and (max-width: 480px) 480px, (min-width: 481px) and (max-width: 980px) 980px, (min-width: 981px) 1200px, 100vw\" \/><\/td>\n<\/tr>\n<\/tbody>\n<\/table>\n<h3>Sobre a FMP<\/h3>\n<p>Com sede na It\u00e1lia, a FMP est\u00e1 na vanguarda da ind\u00fastria de fabrica\u00e7\u00e3o de caixas de engrenagens, reconhecida por sua expertise em projeto, desenvolvimento e produ\u00e7\u00e3o de caixas de engrenagens de alto desempenho. Especializada em m\u00e1quinas agr\u00edcolas, a FMP se consolidou como uma marca confi\u00e1vel no setor. Com uma reputa\u00e7\u00e3o constru\u00edda em engenharia de precis\u00e3o, inova\u00e7\u00e3o e confiabilidade inabal\u00e1vel, oferecemos produtos premium que atendem \u00e0s crescentes demandas dos mercados agr\u00edcola e industrial. Nosso diversificado portf\u00f3lio de produtos inclui caixas de engrenagens especializadas para cortadores de grama, eixos de tomada de for\u00e7a e outros componentes cr\u00edticos, todos projetados para fornecer solu\u00e7\u00f5es personalizadas para uma ampla gama de aplica\u00e7\u00f5es.<\/p>\n<p>A FMP est\u00e1 comprometida em oferecer mais do que apenas produtos; oferecemos solu\u00e7\u00f5es abrangentes e personalizadas que atendem aos desafios espec\u00edficos enfrentados por nossos clientes. Sejam componentes individuais ou sistemas completos e totalmente integrados, somos especializados em desenvolver solu\u00e7\u00f5es que otimizam o desempenho e agregam valor. Trabalhando em estreita colabora\u00e7\u00e3o com nossos clientes, garantimos que cada solu\u00e7\u00e3o seja eficaz e eficiente, cuidadosamente projetada para atender \u00e0s necessidades espec\u00edficas e, ao mesmo tempo, maximizar a produtividade. Nosso compromisso com respostas r\u00e1pidas e profissionais, aliado \u00e0 orienta\u00e7\u00e3o especializada, garante que cada consulta seja tratada com precis\u00e3o e cuidado, refor\u00e7ando nossa reputa\u00e7\u00e3o de confiabilidade.<\/p>\n<p>A comunica\u00e7\u00e3o aberta \u00e9 fundamental para o nosso sucesso, especialmente no desenvolvimento de novos produtos. Nossa equipe dedicada trabalha em estreita colabora\u00e7\u00e3o com os clientes para compreender plenamente suas necessidades espec\u00edficas, fornecendo insights valiosos que levam \u00e0s solu\u00e7\u00f5es mais eficazes. Seja projetando produtos de ponta ou atendendo pedidos em andamento, nos dedicamos a entregar solu\u00e7\u00f5es de alta qualidade e engenharia de precis\u00e3o com efici\u00eancia e consist\u00eancia. Na FMP, cada projeto \u00e9 abordado com o objetivo de proporcionar satisfa\u00e7\u00e3o a longo prazo e funcionalidade superior.<\/p>\n<p>A qualidade est\u00e1 no centro de tudo o que fazemos. Seguimos os mais altos padr\u00f5es de fabrica\u00e7\u00e3o, integrando rigorosos processos de controle de qualidade para garantir que cada produto n\u00e3o apenas atenda, mas supere as expectativas da ind\u00fastria. Nosso compromisso com a melhoria cont\u00ednua, aliado aos nossos valores fundamentais de integridade, colabora\u00e7\u00e3o e perseveran\u00e7a, nos permitiu construir relacionamentos duradouros com clientes em mais de 30 pa\u00edses ao redor do mundo. Essa dedica\u00e7\u00e3o \u00e0 excel\u00eancia garante que a FMP continue sendo uma parceira preferencial para empresas que buscam componentes confi\u00e1veis \u200b\u200be de alto desempenho.<\/p>\n<p>A FMP est\u00e1 sempre aberta a construir e cultivar parcerias globais. Entendemos que cada cliente tem necessidades distintas e nos dedicamos a oferecer consultoria especializada e solu\u00e7\u00f5es personalizadas para atender a essas necessidades. Nossa abordagem vai al\u00e9m do simples fornecimento de produtos; buscamos construir relacionamentos de longo prazo que apoiem o sucesso de cada projeto. Seja para solu\u00e7\u00f5es inovadoras para uma nova iniciativa ou suporte cont\u00ednuo para um sistema existente, a FMP est\u00e1 aqui para enfrentar seus desafios t\u00e9cnicos e garantir seu sucesso cont\u00ednuo. Com a FMP, voc\u00ea ganha mais do que um fornecedor \u2013 voc\u00ea ganha um parceiro confi\u00e1vel e dedicado a impulsionar seus neg\u00f3cios.<\/p>\n<p><img loading=\"lazy\" decoding=\"async\" class=\"alignnone size-full wp-image-1861\" src=\"https:\/\/fmp-components.com\/wp-content\/uploads\/2024\/12\/Other-Agricultural-Gearboxes.webp\" sizes=\"(min-width: 0px) and (max-width: 480px) 480px, (min-width: 481px) and (max-width: 980px) 980px, (min-width: 981px) 1200px, 100vw\" srcset=\"https:\/\/fmp-components.com\/wp-content\/uploads\/2024\/12\/Other-Agricultural-Gearboxes.webp 1200w, https:\/\/fmp-components.com\/wp-content\/uploads\/2024\/12\/Other-Agricultural-Gearboxes-980x1143.webp 980w, https:\/\/fmp-components.com\/wp-content\/uploads\/2024\/12\/Other-Agricultural-Gearboxes-480x560.webp 480w\" alt=\"Altri-cambi-agr\u00edcola\" width=\"1200\" height=\"1400\" title=\"\"><\/p>\n<p>Autor: CX<\/p>","protected":false},"excerpt":{"rendered":"<p>Specifications of Fertilizer Spreader Gearbox L-25J Description Fertilizer Spreader Gearbox &#8211; Replacement of Comer Gearbox L-25J Application Various (agricultural) applications Mowers Chemical fertilizer spreaders Band saws Consists of Gearbox Without oil Technical information If you have any questions regarding performance at different speeds, please do not hesitate to contact us. When using it for the [&hellip;]<\/p>","protected":false},"featured_media":2160,"comment_status":"open","ping_status":"closed","template":"","meta":{"_et_pb_use_builder":"","_et_pb_old_content":"","_et_gb_content_width":""},"product_brand":[],"product_cat":[53],"product_tag":[],"class_list":{"0":"post-2158","1":"product","2":"type-product","3":"status-publish","4":"has-post-thumbnail","6":"product_cat-rotary-tiller-gearbox","8":"first","9":"instock","10":"shipping-taxable","11":"product-type-simple"},"_links":{"self":[{"href":"https:\/\/fmp-components.com\/pt\/wp-json\/wp\/v2\/product\/2158","targetHints":{"allow":["GET"]}}],"collection":[{"href":"https:\/\/fmp-components.com\/pt\/wp-json\/wp\/v2\/product"}],"about":[{"href":"https:\/\/fmp-components.com\/pt\/wp-json\/wp\/v2\/types\/product"}],"replies":[{"embeddable":true,"href":"https:\/\/fmp-components.com\/pt\/wp-json\/wp\/v2\/comments?post=2158"}],"wp:featuredmedia":[{"embeddable":true,"href":"https:\/\/fmp-components.com\/pt\/wp-json\/wp\/v2\/media\/2160"}],"wp:attachment":[{"href":"https:\/\/fmp-components.com\/pt\/wp-json\/wp\/v2\/media?parent=2158"}],"wp:term":[{"taxonomy":"product_brand","embeddable":true,"href":"https:\/\/fmp-components.com\/pt\/wp-json\/wp\/v2\/product_brand?post=2158"},{"taxonomy":"product_cat","embeddable":true,"href":"https:\/\/fmp-components.com\/pt\/wp-json\/wp\/v2\/product_cat?post=2158"},{"taxonomy":"product_tag","embeddable":true,"href":"https:\/\/fmp-components.com\/pt\/wp-json\/wp\/v2\/product_tag?post=2158"}],"curies":[{"name":"wp","href":"https:\/\/api.w.org\/{rel}","templated":true}]}}