{"id":2148,"date":"2024-12-30T06:48:50","date_gmt":"2024-12-30T06:48:50","guid":{"rendered":"https:\/\/fmp-components.com\/?page_id=8"},"modified":"2024-12-30T08:06:20","modified_gmt":"2024-12-30T08:06:20","slug":"fertilizer-spreader-gearbox-replacement-of-comer-code-l-150c","status":"publish","type":"product","link":"https:\/\/fmp-components.com\/pt\/product\/fertilizer-spreader-gearbox-replacement-of-comer-code-l-150c\/","title":{"rendered":"Caixa de engrenagens do distribuidor de fertilizantes \u2013 Substitui\u00e7\u00e3o do Comer Code L-150C"},"content":{"rendered":"<p><img loading=\"lazy\" decoding=\"async\" class=\"wp-image-2150 aligncenter\" src=\"https:\/\/fmp-components.com\/wp-content\/uploads\/2024\/12\/fertilizer-spreader-gearbox-l150c1.webp\" alt=\"distribuidor de fertilizantes caixa de engrenagens l150c\" width=\"453\" height=\"453\" title=\"\" srcset=\"https:\/\/fmp-components.com\/wp-content\/uploads\/2024\/12\/fertilizer-spreader-gearbox-l150c1.webp 300w, https:\/\/fmp-components.com\/wp-content\/uploads\/2024\/12\/fertilizer-spreader-gearbox-l150c1-150x150.webp 150w, https:\/\/fmp-components.com\/wp-content\/uploads\/2024\/12\/fertilizer-spreader-gearbox-l150c1-12x12.webp 12w, https:\/\/fmp-components.com\/wp-content\/uploads\/2024\/12\/fertilizer-spreader-gearbox-l150c1-100x100.webp 100w\" sizes=\"(max-width: 453px) 100vw, 453px\" \/><\/p>\n<h2>Especifica\u00e7\u00f5es da caixa de engrenagens do espalhador de fertilizantes L-150C<\/h2>\n<p><img loading=\"lazy\" decoding=\"async\" class=\"alignnone size-full wp-image-2149\" src=\"https:\/\/fmp-components.com\/wp-content\/uploads\/2024\/12\/fertilizer-spreader-gearbox-specifications-l150c.webp\" alt=\"especifica\u00e7\u00f5es da caixa de engrenagens do espalhador de fertilizantes l150c\" width=\"1000\" height=\"744\" title=\"\" srcset=\"https:\/\/fmp-components.com\/wp-content\/uploads\/2024\/12\/fertilizer-spreader-gearbox-specifications-l150c.webp 1000w, https:\/\/fmp-components.com\/wp-content\/uploads\/2024\/12\/fertilizer-spreader-gearbox-specifications-l150c-980x729.webp 980w, https:\/\/fmp-components.com\/wp-content\/uploads\/2024\/12\/fertilizer-spreader-gearbox-specifications-l150c-480x357.webp 480w\" sizes=\"(min-width: 0px) and (max-width: 480px) 480px, (min-width: 481px) and (max-width: 980px) 980px, (min-width: 981px) 1000px, 100vw\" \/><\/p>\n<table style=\"width: 100%;\" border=\"1\" width=\"100%\" cellspacing=\"0\" cellpadding=\"0\">\n<tbody>\n<tr>\n<th style=\"width: 53.9957%;\">Raz\u00e3o de entrada (i)<\/th>\n<td style=\"width: 45.7883%;\">1.35<\/td>\n<\/tr>\n<tr>\n<th style=\"width: 53.9957%;\">Velocidade de entrada (N1 [rpm])<\/th>\n<td style=\"width: 45.7883%;\">540<\/td>\n<\/tr>\n<tr>\n<th style=\"width: 53.9957%;\">Pot\u00eancia de entrada (P1 [kW])<\/th>\n<td style=\"width: 45.7883%;\">9.9<\/td>\n<\/tr>\n<tr>\n<th style=\"width: 53.9957%;\">Torque de sa\u00edda (M2 [Nm])<\/th>\n<td style=\"width: 45.7883%;\">126<\/td>\n<\/tr>\n<\/tbody>\n<\/table>\n<h3>Caracter\u00edsticas da caixa de engrenagens do espalhador de fertilizantes<\/h3>\n<ol>\n<li><strong>Alta precis\u00e3o e efici\u00eancia<\/strong><br \/>\nA caixa de engrenagens do distribuidor de fertilizantes foi projetada para fornecer transmiss\u00e3o de pot\u00eancia precisa e eficiente para distribuidores agr\u00edcolas. Ela garante que a rela\u00e7\u00e3o de transmiss\u00e3o seja otimizada para uma distribui\u00e7\u00e3o consistente e uniforme do fertilizante, o que \u00e9 crucial para maximizar o rendimento das culturas e reduzir o desperd\u00edcio. Com seu desempenho confi\u00e1vel, a caixa de engrenagens ajuda a manter a velocidade e o torque adequados necess\u00e1rios para uma distribui\u00e7\u00e3o precisa do fertilizante.<\/li>\n<li><strong>Durabilidade e Resist\u00eancia<\/strong><br \/>\nProjetada para suportar as exigentes condi\u00e7\u00f5es do trabalho agr\u00edcola, a caixa de engrenagens do distribuidor de fertilizantes \u00e9 constru\u00edda com materiais dur\u00e1veis \u200b\u200bque proporcionam desempenho duradouro. A constru\u00e7\u00e3o robusta garante que ele possa suportar as altas cargas e a opera\u00e7\u00e3o constante exigidas em ambientes desafiadores, como terrenos irregulares ou condi\u00e7\u00f5es clim\u00e1ticas adversas.<\/li>\n<li><strong>Design compacto e com economia de espa\u00e7o<\/strong><br \/>\nA caixa de engrenagens foi projetada para ser compacta e potente, garantindo um encaixe perfeito no espalhador sem ocupar espa\u00e7o desnecess\u00e1rio. Este design compacto ajuda a reduzir o peso total da m\u00e1quina, mantendo o desempenho ideal. A natureza compacta tamb\u00e9m facilita a instala\u00e7\u00e3o e a manuten\u00e7\u00e3o, economizando tempo e esfor\u00e7o valiosos.<\/li>\n<li><strong>Baixa manuten\u00e7\u00e3o e f\u00e1cil opera\u00e7\u00e3o<\/strong><br \/>\nA caixa de engrenagens do distribuidor de fertilizantes foi projetada para facilitar o uso e exigir manuten\u00e7\u00e3o m\u00ednima. Com veda\u00e7\u00f5es e sistemas de lubrifica\u00e7\u00e3o de alta qualidade, a caixa de engrenagens opera suavemente, exigindo menos manuten\u00e7\u00e3o. Verifica\u00e7\u00f5es regulares e manuten\u00e7\u00e3o b\u00e1sica geralmente s\u00e3o suficientes para manter a caixa de engrenagens funcionando com m\u00e1xima efici\u00eancia, tornando-a uma solu\u00e7\u00e3o ideal para opera\u00e7\u00f5es agr\u00edcolas intensas.<\/li>\n<li><strong>Versatilidade e Personaliza\u00e7\u00e3o<\/strong><br \/>\nEssas caixas de engrenagens s\u00e3o vers\u00e1teis e podem ser personalizadas para atender a diversos tipos de distribuidores de fertilizantes, seja para opera\u00e7\u00f5es agr\u00edcolas de pequena ou grande escala. Com rela\u00e7\u00f5es de transmiss\u00e3o e configura\u00e7\u00f5es ajust\u00e1veis, a caixa de engrenagens pode ser adaptada para atender a requisitos operacionais espec\u00edficos, garantindo compatibilidade com diferentes tipos de fertilizantes e modelos de distribuidores. Essa flexibilidade permite que os usu\u00e1rios otimizem seus equipamentos para m\u00e1xima efici\u00eancia e produtividade.<\/li>\n<\/ol>\n<p><img loading=\"lazy\" decoding=\"async\" class=\"wp-image-2152 aligncenter\" src=\"https:\/\/fmp-components.com\/wp-content\/uploads\/2024\/12\/pto-shaft-for-fertilizer-spreader.webp\" alt=\"eixo de tomada de for\u00e7a para espalhador de fertilizantes\" width=\"881\" height=\"663\" title=\"\" srcset=\"https:\/\/fmp-components.com\/wp-content\/uploads\/2024\/12\/pto-shaft-for-fertilizer-spreader.webp 881w, https:\/\/fmp-components.com\/wp-content\/uploads\/2024\/12\/pto-shaft-for-fertilizer-spreader-480x361.webp 480w\" sizes=\"(min-width: 0px) and (max-width: 480px) 480px, (min-width: 481px) 881px, 100vw\" \/><\/p>\n<h3>Eixo de tomada de for\u00e7a para espalhador de fertilizantes<\/h3>\n<ol>\n<li><strong>Transmiss\u00e3o de energia eficiente<\/strong><br \/>\nO eixo da tomada de for\u00e7a (TDF) para distribuidores de fertilizantes \u00e9 projetado para transferir com efici\u00eancia a pot\u00eancia mec\u00e2nica da tomada de for\u00e7a (TDF) do trator para a caixa de engrenagens do distribuidor. Essa transmiss\u00e3o direta de pot\u00eancia garante que o distribuidor de fertilizantes opere de forma suave e consistente, otimizando o desempenho do equipamento durante as tarefas de distribui\u00e7\u00e3o. O eixo da TDF fornece o torque necess\u00e1rio para acionar os componentes do distribuidor, garantindo uma distribui\u00e7\u00e3o uniforme e precisa do fertilizante.<\/li>\n<li><strong>Durabilidade e Robustez<\/strong><br \/>\nDesenvolvido para suportar os rigores dos ambientes agr\u00edcolas, o eixo de tomada de for\u00e7a para distribuidores de fertilizantes \u00e9 constru\u00eddo com materiais de alta qualidade que oferecem resist\u00eancia e durabilidade. Ele suporta as intensas cargas de trabalho associadas \u00e0 distribui\u00e7\u00e3o de fertilizantes em grandes \u00e1reas, mesmo em condi\u00e7\u00f5es clim\u00e1ticas adversas e terrenos acidentados. O design robusto garante uma longa vida \u00fatil, minimizando a necessidade de substitui\u00e7\u00f5es ou reparos frequentes.<\/li>\n<li><strong>Recursos de seguran\u00e7a<\/strong><br \/>\nA seguran\u00e7a \u00e9 um fator fundamental no projeto do eixo de tomada de for\u00e7a para distribuidores de fertilizantes. Equipado com prote\u00e7\u00f5es de seguran\u00e7a e outros recursos de prote\u00e7\u00e3o, o eixo ajuda a prevenir acidentes, minimizando o risco de emaranhamento ou ferimentos durante a opera\u00e7\u00e3o. Esses recursos de seguran\u00e7a s\u00e3o essenciais para garantir uma opera\u00e7\u00e3o segura e confi\u00e1vel, reduzindo o potencial de danos aos operadores e aos animais nas proximidades.<\/li>\n<li><strong>F\u00e1cil instala\u00e7\u00e3o e manuten\u00e7\u00e3o<\/strong><br \/>\nO eixo da tomada de for\u00e7a para distribuidores de fertilizantes foi projetado para f\u00e1cil acoplamento e desconex\u00e3o do trator e do distribuidor. Este recurso de f\u00e1cil utiliza\u00e7\u00e3o economiza tempo e esfor\u00e7o durante os procedimentos de instala\u00e7\u00e3o e manuten\u00e7\u00e3o. Al\u00e9m disso, a lubrifica\u00e7\u00e3o e a manuten\u00e7\u00e3o regulares do eixo da tomada de for\u00e7a s\u00e3o simples, ajudando a garantir uma opera\u00e7\u00e3o suave e prolongando a vida \u00fatil tanto do eixo da tomada de for\u00e7a quanto do distribuidor de fertilizantes.<\/li>\n<li><strong>Compatibilidade Vers\u00e1til<\/strong><br \/>\nDispon\u00edvel em diversos tamanhos e configura\u00e7\u00f5es, o eixo de tomada de for\u00e7a para distribuidores de fertilizantes \u00e9 vers\u00e1til e pode ser adaptado a uma ampla gama de modelos de distribuidores e tipos de tratores. Seja para pequenas fazendas ou grandes opera\u00e7\u00f5es agr\u00edcolas, o eixo de tomada de for\u00e7a pode ser personalizado para atender \u00e0s necessidades espec\u00edficas de pot\u00eancia do distribuidor, garantindo compatibilidade e desempenho ideal em diferentes aplica\u00e7\u00f5es. Essa flexibilidade permite que os usu\u00e1rios utilizem seus equipamentos com efici\u00eancia, independentemente do porte de suas opera\u00e7\u00f5es.<\/li>\n<\/ol>\n<p><img loading=\"lazy\" decoding=\"async\" class=\"alignnone size-full wp-image-2088\" src=\"https:\/\/fmp-components.com\/wp-content\/uploads\/2024\/12\/Agricultural-Gearbox-and-PTO-Drive-Shaft1.webp\" alt=\"Caixa de engrenagens agr\u00edcola e eixo de transmiss\u00e3o da tomada de for\u00e7a\" width=\"1200\" height=\"540\" title=\"\" srcset=\"https:\/\/fmp-components.com\/wp-content\/uploads\/2024\/12\/Agricultural-Gearbox-and-PTO-Drive-Shaft1.webp 1200w, https:\/\/fmp-components.com\/wp-content\/uploads\/2024\/12\/Agricultural-Gearbox-and-PTO-Drive-Shaft1-980x441.webp 980w, https:\/\/fmp-components.com\/wp-content\/uploads\/2024\/12\/Agricultural-Gearbox-and-PTO-Drive-Shaft1-480x216.webp 480w\" sizes=\"(min-width: 0px) and (max-width: 480px) 480px, (min-width: 481px) and (max-width: 980px) 980px, (min-width: 981px) 1200px, 100vw\" \/><\/p>\n<h3>Sobre a FMP<\/h3>\n<p>Com sede na It\u00e1lia, a FMP \u00e9 uma fabricante l\u00edder, reconhecida por sua expertise em projeto, desenvolvimento e produ\u00e7\u00e3o de caixas de engrenagens de alto desempenho, com foco especial no setor de m\u00e1quinas agr\u00edcolas. Com reputa\u00e7\u00e3o em engenharia de precis\u00e3o, solu\u00e7\u00f5es inovadoras e confiabilidade inabal\u00e1vel, a FMP tornou-se uma parceira confi\u00e1vel para atender \u00e0s necessidades em constante evolu\u00e7\u00e3o dos setores agr\u00edcola e industrial. Nossa diversificada linha de produtos inclui caixas de engrenagens especializadas para cortadores de grama, eixos de tomada de for\u00e7a e outros componentes essenciais, todos meticulosamente projetados para fornecer solu\u00e7\u00f5es personalizadas em um amplo espectro de aplica\u00e7\u00f5es.<\/p>\n<p>Na FMP, entendemos que cada cliente possui necessidades e desafios \u00fanicos. \u00c9 por isso que nos especializamos em oferecer solu\u00e7\u00f5es personalizadas, seja para componentes individuais ou sistemas totalmente integrados. Trabalhamos em estreita colabora\u00e7\u00e3o com nossos clientes para garantir que cada solu\u00e7\u00e3o seja n\u00e3o apenas eficaz, mas tamb\u00e9m eficiente, otimizando desempenho e valor. Nosso compromisso em fornecer respostas r\u00e1pidas e profissionais, aliado a uma orienta\u00e7\u00e3o especializada, garante que cada consulta seja tratada com o m\u00e1ximo cuidado e precis\u00e3o, levando aos melhores resultados poss\u00edveis.<\/p>\n<p>Priorizamos a comunica\u00e7\u00e3o aberta e cont\u00ednua durante todo o processo de desenvolvimento do produto. Nossa equipe dedicada trabalha diretamente com os clientes para entender completamente suas necessidades espec\u00edficas, oferecendo insights e recomenda\u00e7\u00f5es valiosas para garantir solu\u00e7\u00f5es ideais. Seja projetando produtos inovadores ou atendendo pedidos cont\u00ednuos, a FMP est\u00e1 comprometida em entregar solu\u00e7\u00f5es de alta qualidade e engenharia de precis\u00e3o, sempre no prazo. Nosso objetivo \u00e9 fornecer aos clientes o melhor servi\u00e7o e os melhores resultados, superando as expectativas em cada projeto.<\/p>\n<p>A qualidade \u00e9 a base das opera\u00e7\u00f5es da FMP. Seguimos os mais altos padr\u00f5es de fabrica\u00e7\u00e3o, implementando rigorosas medidas de controle de qualidade para garantir que cada produto n\u00e3o apenas atenda, mas tamb\u00e9m exceda os padr\u00f5es da ind\u00fastria. Esse compromisso inabal\u00e1vel com a qualidade, aliado aos nossos valores fundamentais de integridade, trabalho em equipe e perseveran\u00e7a, nos permitiu construir relacionamentos duradouros e baseados na confian\u00e7a com clientes em quase 30 pa\u00edses ao redor do mundo.<\/p>\n<p>A FMP est\u00e1 sempre aberta a promover parcerias globais e se dedica a oferecer consultoria especializada e solu\u00e7\u00f5es personalizadas que atendam \u00e0s diversas necessidades de nossos clientes. Vamos al\u00e9m do simples fornecimento de produtos; buscamos construir relacionamentos duradouros que contribuam para o sucesso de cada projeto. Seja para solu\u00e7\u00f5es inovadoras para uma nova iniciativa ou suporte cont\u00ednuo para um sistema existente, a FMP est\u00e1 aqui para enfrentar seus desafios t\u00e9cnicos e garantir seu sucesso cont\u00ednuo.<\/p>\n<p><img loading=\"lazy\" decoding=\"async\" class=\"alignnone size-full wp-image-1861\" src=\"https:\/\/fmp-components.com\/wp-content\/uploads\/2024\/12\/Other-Agricultural-Gearboxes.webp\" sizes=\"(min-width: 0px) and (max-width: 480px) 480px, (min-width: 481px) and (max-width: 980px) 980px, (min-width: 981px) 1200px, 100vw\" srcset=\"https:\/\/fmp-components.com\/wp-content\/uploads\/2024\/12\/Other-Agricultural-Gearboxes.webp 1200w, https:\/\/fmp-components.com\/wp-content\/uploads\/2024\/12\/Other-Agricultural-Gearboxes-980x1143.webp 980w, https:\/\/fmp-components.com\/wp-content\/uploads\/2024\/12\/Other-Agricultural-Gearboxes-480x560.webp 480w\" alt=\"Altri-cambi-agr\u00edcola\" width=\"1200\" height=\"1400\" title=\"\"><\/p>\n<p>Autor: CX<\/p>\n<p>&nbsp;<\/p>","protected":false},"excerpt":{"rendered":"<p>Especifica\u00e7\u00f5es da Caixa de Engrenagens do Distribuidor de Fertilizantes L-150C Rela\u00e7\u00e3o de Entrada (i) 1,35 Velocidade de Entrada (N1 [rpm]) 540 Pot\u00eancia de Entrada (P1 [kW]) 9,9 Torque de Sa\u00edda (M2 [Nm]) 126 Caracter\u00edsticas da Caixa de Engrenagens do Distribuidor de Fertilizantes Alta Precis\u00e3o e Efici\u00eancia A caixa de engrenagens do distribuidor de fertilizantes foi projetada para fornecer transmiss\u00e3o de pot\u00eancia precisa e eficiente para distribuidores agr\u00edcolas. Ela garante que a rela\u00e7\u00e3o de transmiss\u00e3o [\u2026]<\/p>","protected":false},"featured_media":2150,"comment_status":"open","ping_status":"closed","template":"","meta":{"_et_pb_use_builder":"","_et_pb_old_content":"","_et_gb_content_width":""},"product_brand":[],"product_cat":[54],"product_tag":[],"class_list":{"0":"post-2148","1":"product","2":"type-product","3":"status-publish","4":"has-post-thumbnail","6":"product_cat-fertilizer-spreader-gearbox","8":"first","9":"instock","10":"shipping-taxable","11":"product-type-simple"},"_links":{"self":[{"href":"https:\/\/fmp-components.com\/pt\/wp-json\/wp\/v2\/product\/2148","targetHints":{"allow":["GET"]}}],"collection":[{"href":"https:\/\/fmp-components.com\/pt\/wp-json\/wp\/v2\/product"}],"about":[{"href":"https:\/\/fmp-components.com\/pt\/wp-json\/wp\/v2\/types\/product"}],"replies":[{"embeddable":true,"href":"https:\/\/fmp-components.com\/pt\/wp-json\/wp\/v2\/comments?post=2148"}],"wp:featuredmedia":[{"embeddable":true,"href":"https:\/\/fmp-components.com\/pt\/wp-json\/wp\/v2\/media\/2150"}],"wp:attachment":[{"href":"https:\/\/fmp-components.com\/pt\/wp-json\/wp\/v2\/media?parent=2148"}],"wp:term":[{"taxonomy":"product_brand","embeddable":true,"href":"https:\/\/fmp-components.com\/pt\/wp-json\/wp\/v2\/product_brand?post=2148"},{"taxonomy":"product_cat","embeddable":true,"href":"https:\/\/fmp-components.com\/pt\/wp-json\/wp\/v2\/product_cat?post=2148"},{"taxonomy":"product_tag","embeddable":true,"href":"https:\/\/fmp-components.com\/pt\/wp-json\/wp\/v2\/product_tag?post=2148"}],"curies":[{"name":"wp","href":"https:\/\/api.w.org\/{rel}","templated":true}]}}