{"id":2039,"date":"2024-12-30T01:00:18","date_gmt":"2024-12-30T01:00:18","guid":{"rendered":"https:\/\/fmp-components.com\/?page_id=8"},"modified":"2024-12-30T01:08:49","modified_gmt":"2024-12-30T01:08:49","slug":"agricultural-lawn-mower-gearbox-fmp-140","status":"publish","type":"product","link":"https:\/\/fmp-components.com\/pt\/product\/agricultural-lawn-mower-gearbox-fmp-140\/","title":{"rendered":"Caixa de engrenagens para cortador de grama agr\u00edcola FMP-140"},"content":{"rendered":"<h2>Caixa de engrenagens para cortador de grama agr\u00edcola FMP-140 \u2013 Introdu\u00e7\u00e3o ao produto<\/h2>\n<p>A Caixa de Engrenagens para Cortadores de Grama Agr\u00edcolas FMP-140 \u00e9 uma caixa de engrenagens de alto desempenho e durabilidade, projetada especificamente para cortadores de grama e outras m\u00e1quinas agr\u00edcolas. Projetada pela FMP, fabricante l\u00edder de caixas de engrenagens de precis\u00e3o, a FMP-140 combina confiabilidade, efici\u00eancia e desempenho duradouro para atender \u00e0s demandas de aplica\u00e7\u00f5es de corte de grama comerciais e residenciais.<\/p>\n<p><strong>Principais caracter\u00edsticas:<\/strong><\/p>\n<ol>\n<li><strong>Constru\u00e7\u00e3o robusta:<\/strong> O FMP-140 \u00e9 constru\u00eddo com materiais de alta qualidade para suportar as duras condi\u00e7\u00f5es do trabalho agr\u00edcola. Seu design dur\u00e1vel garante que ele possa suportar uso intenso, proporcionando uma longa vida \u00fatil mesmo em ambientes dif\u00edceis.<\/li>\n<li><strong>Alta efici\u00eancia:<\/strong> Esta caixa de engrenagens foi projetada para maximizar a efici\u00eancia operacional, garantindo uma transmiss\u00e3o de pot\u00eancia suave com perda m\u00ednima de energia. Ela proporciona desempenho ideal para cortadores de grama, fornecendo pot\u00eancia consistente \u00e0s l\u00e2minas de corte para um corte limpo e preciso.<\/li>\n<li><strong>Compacto e leve:<\/strong> A caixa de engrenagens FMP-140 apresenta um design compacto e leve, facilitando sua instala\u00e7\u00e3o e integra\u00e7\u00e3o em diversos sistemas de cortadores de grama. Apesar de seu tamanho compacto, ela n\u00e3o compromete a pot\u00eancia nem o desempenho.<\/li>\n<li><strong>Versatilidade:<\/strong> O FMP-140 \u00e9 altamente adapt\u00e1vel e pode ser usado em uma variedade de m\u00e1quinas agr\u00edcolas, incluindo ro\u00e7adeiras rotativas, ro\u00e7adeiras e outros equipamentos similares. Sua versatilidade o torna uma escolha confi\u00e1vel para diversas aplica\u00e7\u00f5es.<\/li>\n<li><strong>F\u00e1cil manuten\u00e7\u00e3o:<\/strong> A caixa de engrenagens FMP-140 foi projetada pensando na facilidade de manuten\u00e7\u00e3o. Seu design simples, por\u00e9m robusto, garante que a manuten\u00e7\u00e3o de rotina seja simples, minimizando o tempo de inatividade e mantendo as opera\u00e7\u00f5es funcionando sem problemas.<\/li>\n<li><strong>Op\u00e7\u00f5es personaliz\u00e1veis:<\/strong> A FMP oferece op\u00e7\u00f5es de personaliza\u00e7\u00e3o para a caixa de engrenagens FMP-140, permitindo que ela seja adaptada para atender \u00e0s necessidades espec\u00edficas do cliente, incluindo modifica\u00e7\u00f5es nos eixos de entrada\/sa\u00edda, di\u00e2metro do rolamento e configura\u00e7\u00f5es de montagem.<\/li>\n<\/ol>\n<p><strong>Aplica\u00e7\u00f5es:<\/strong><\/p>\n<ul>\n<li>Cortadores de grama agr\u00edcolas<\/li>\n<li>Cortadores rotativos<\/li>\n<li>Cortadores de escova<\/li>\n<li>M\u00e1quinas para tratamento de gramados<\/li>\n<li>Outras m\u00e1quinas agr\u00edcolas que exigem transmiss\u00e3o de energia eficiente<\/li>\n<\/ul>\n<table style=\"width: 96.2203%; height: 596px;\" border=\"1\" width=\"100%\" cellspacing=\"0\" cellpadding=\"0\">\n<tbody>\n<tr>\n<td width=\"110\"><img loading=\"lazy\" decoding=\"async\" class=\"alignnone size-full wp-image-2040\" src=\"https:\/\/fmp-components.com\/wp-content\/uploads\/2024\/12\/FMP_agricultural-gearbox-HC-140-2.webp\" alt=\"FMP_caixa de engrenagens-agr\u00edcola-HC-140-2\" width=\"413\" height=\"553\" title=\"\" srcset=\"https:\/\/fmp-components.com\/wp-content\/uploads\/2024\/12\/FMP_agricultural-gearbox-HC-140-2.webp 413w, https:\/\/fmp-components.com\/wp-content\/uploads\/2024\/12\/FMP_agricultural-gearbox-HC-140-2-224x300.webp 224w, https:\/\/fmp-components.com\/wp-content\/uploads\/2024\/12\/FMP_agricultural-gearbox-HC-140-2-9x12.webp 9w\" sizes=\"(max-width: 413px) 100vw, 413px\" \/><\/td>\n<td width=\"98\"><img loading=\"lazy\" decoding=\"async\" class=\"alignnone size-full wp-image-2041\" src=\"https:\/\/fmp-components.com\/wp-content\/uploads\/2024\/12\/Lawn-Mower-Gearbox-9.webp\" alt=\"Caixa de engrenagens do cortador de grama\" width=\"500\" height=\"500\" title=\"\" srcset=\"https:\/\/fmp-components.com\/wp-content\/uploads\/2024\/12\/Lawn-Mower-Gearbox-9.webp 500w, https:\/\/fmp-components.com\/wp-content\/uploads\/2024\/12\/Lawn-Mower-Gearbox-9-480x480.webp 480w\" sizes=\"(min-width: 0px) and (max-width: 480px) 480px, (min-width: 481px) 500px, 100vw\" \/><\/td>\n<\/tr>\n<\/tbody>\n<\/table>\n<table style=\"width: 97.407%; height: 214px;\" border=\"1\">\n<tbody>\n<tr>\n<td style=\"width: 31.0059%;\"><strong>ITEM<\/strong><\/td>\n<td style=\"width: 68.284%;\">FMP-140<\/td>\n<\/tr>\n<tr>\n<td style=\"width: 31.0059%;\"><strong>Raz\u00e3o<\/strong><\/td>\n<td style=\"width: 68.284%;\">1:1.5\/1:1.93<\/td>\n<\/tr>\n<tr>\n<td style=\"width: 31.0059%;\"><strong>Dentes<\/strong><\/td>\n<td style=\"width: 68.284%;\">21\/14 27\/14<\/td>\n<\/tr>\n<tr>\n<td style=\"width: 31.0059%;\"><strong>M\u00f3dulo<\/strong><\/td>\n<td style=\"width: 68.284%;\">\u00a05.7 \/5.64<\/td>\n<\/tr>\n<tr>\n<td style=\"width: 31.0059%;\"><strong>Pot\u00eancia (HP)<\/strong><\/td>\n<td style=\"width: 68.284%;\">60<\/td>\n<\/tr>\n<tr>\n<td style=\"width: 31.0059%;\"><strong>Entrada nominal<\/strong><\/td>\n<td style=\"width: 68.284%;\">540 rpm<\/td>\n<\/tr>\n<tr>\n<td style=\"width: 31.0059%;\"><strong>Descri\u00e7\u00e3o de entrada\/sa\u00edda<\/strong><\/td>\n<td style=\"width: 68.284%;\">Estria c\u00f4nica 1-3\/8 Z6<\/td>\n<\/tr>\n<tr>\n<td style=\"width: 31.0059%;\"><strong>Peso (NW)<\/strong><\/td>\n<td style=\"width: 68.284%;\">30KG<\/td>\n<\/tr>\n<\/tbody>\n<\/table>\n<article class=\"w-full scroll-mb-[var(--thread-trailing-height,150px)] text-token-text-primary focus-visible:outline-2 focus-visible:outline-offset-[-4px]\" dir=\"auto\" data-testid=\"conversation-turn-11\" data-scroll-anchor=\"true\">\n<div class=\"m-auto text-base py-[18px] px-3 md:px-4 w-full md:px-5 lg:px-4 xl:px-5\">\n<div class=\"mx-auto flex flex-1 gap-4 text-base md:gap-5 lg:gap-6 md:max-w-3xl lg:max-w-[40rem] xl:max-w-[48rem]\">\n<div class=\"group\/conversation-turn relative flex w-full min-w-0 flex-col agent-turn\">\n<div class=\"flex-col gap-1 md:gap-3\">\n<div class=\"flex max-w-full flex-col flex-grow\">\n<div class=\"min-h-8 text-message flex w-full flex-col items-end gap-2 whitespace-normal break-words text-start [.text-message+&amp;]:mt-5\" dir=\"auto\" data-message-author-role=\"assistant\" data-message-id=\"34732349-e34e-4f41-bcf6-f51e6a4c4ca7\" data-message-model-slug=\"gpt-4o\">\n<div class=\"flex w-full flex-col gap-1 empty:hidden first:pt-[3px]\">\n<div class=\"markdown prose w-full break-words dark:prose-invert light\">\n<h2>Vantagens da caixa de engrenagens do cortador de grama agr\u00edcola FMP-140<\/h2>\n<p>A caixa de engrenagens para cortadores de grama agr\u00edcolas FMP-140 foi projetada especificamente para aprimorar o desempenho, a efici\u00eancia e a durabilidade de cortadores de grama e outras m\u00e1quinas agr\u00edcolas. Aqui est\u00e3o as principais vantagens de escolher a caixa de engrenagens FMP-140:<\/p>\n<ol>\n<li>Durabilidade e longevidade excepcionais:\n<ul>\n<li>O FMP-140 \u00e9 constru\u00eddo com materiais de alta qualidade e fabrica\u00e7\u00e3o precisa, garantindo uma caixa de engrenagens robusta e duradoura que pode suportar uso pesado.<\/li>\n<li>Sua constru\u00e7\u00e3o dur\u00e1vel resiste aos rigores de ambientes agr\u00edcolas adversos, reduzindo a necessidade de reparos ou substitui\u00e7\u00f5es frequentes.<\/li>\n<\/ul>\n<\/li>\n<li>Efici\u00eancia operacional aprimorada:\n<ul>\n<li>A caixa de engrenagens foi projetada para m\u00e1xima efici\u00eancia de transmiss\u00e3o de pot\u00eancia, minimizando a perda de energia entre o motor e as l\u00e2minas de corte.<\/li>\n<li>Essa efici\u00eancia leva a uma melhor economia de combust\u00edvel, menores custos operacionais e melhor desempenho geral, tornando-a uma op\u00e7\u00e3o econ\u00f4mica para aplica\u00e7\u00f5es comerciais e residenciais.<\/li>\n<\/ul>\n<\/li>\n<li>Versatilidade em diversas aplica\u00e7\u00f5es:\n<ul>\n<li>A caixa de engrenagens FMP-140 \u00e9 compat\u00edvel com uma ampla gama de m\u00e1quinas agr\u00edcolas e de tratamento de gramados, incluindo cortadores rotativos, ro\u00e7adeiras e equipamentos de manejo de gramados.<\/li>\n<li>Seu design vers\u00e1til permite que seja usado em diferentes tipos de m\u00e1quinas de corte de grama e paisagismo, fornecendo uma solu\u00e7\u00e3o flex\u00edvel para diversas necessidades operacionais.<\/li>\n<\/ul>\n<\/li>\n<li>Compacto e leve:\n<ul>\n<li>Apesar de seu desempenho robusto, o FMP-140 foi projetado para ser compacto e leve, facilitando sua instala\u00e7\u00e3o e integra\u00e7\u00e3o em v\u00e1rios sistemas.<\/li>\n<li>Isso reduz o peso total da m\u00e1quina, melhorando a manobrabilidade e a facilidade de manuseio durante a opera\u00e7\u00e3o.<\/li>\n<\/ul>\n<\/li>\n<li>Baixa manuten\u00e7\u00e3o e f\u00e1cil manuten\u00e7\u00e3o:\n<ul>\n<li>A caixa de engrenagens FMP-140 foi projetada pensando em uma manuten\u00e7\u00e3o f\u00e1cil de usar, apresentando componentes de f\u00e1cil acesso para servi\u00e7os e reparos de rotina.<\/li>\n<li>Seu design simples minimiza a necessidade de ferramentas especializadas ou conhecimento t\u00e9cnico, ajudando a reduzir os custos de manuten\u00e7\u00e3o e o tempo de inatividade.<\/li>\n<\/ul>\n<\/li>\n<\/ol>\n<p>A caixa de engrenagens para cortadores de grama agr\u00edcolas FMP-140 oferece in\u00fameras vantagens, tornando-a a escolha ideal para quem busca uma solu\u00e7\u00e3o de caixa de engrenagens confi\u00e1vel, eficiente e dur\u00e1vel para cortadores de grama e m\u00e1quinas agr\u00edcolas. Com sua versatilidade, f\u00e1cil manuten\u00e7\u00e3o e desempenho superior em condi\u00e7\u00f5es exigentes, a FMP-140 foi projetada para oferecer excelente custo-benef\u00edcio e confiabilidade a longo prazo no campo.<\/p>\n<p><img loading=\"lazy\" decoding=\"async\" class=\"alignnone  wp-image-1961\" src=\"https:\/\/fmp-components.com\/wp-content\/uploads\/2024\/12\/Lawn-Mower-Gearbox-1.webp\" alt=\"Caixa de engrenagens do cortador de grama\" width=\"928\" height=\"620\" title=\"\" srcset=\"https:\/\/fmp-components.com\/wp-content\/uploads\/2024\/12\/Lawn-Mower-Gearbox-1.webp 928w, https:\/\/fmp-components.com\/wp-content\/uploads\/2024\/12\/Lawn-Mower-Gearbox-1-480x321.webp 480w\" sizes=\"(min-width: 0px) and (max-width: 480px) 480px, (min-width: 481px) 928px, 100vw\" \/><\/p>\n<\/div>\n<\/div>\n<\/div>\n<\/div>\n<\/div>\n<\/div>\n<\/div>\n<\/div>\n<\/article>\n<h3>Por que escolher a caixa de engrenagens FMP-140?<\/h3>\n<p>O FMP-140 foi projetado para oferecer alto desempenho, confiabilidade e facilidade de uso. Com o compromisso da FMP com engenharia de precis\u00e3o e qualidade, a caixa de engrenagens FMP-140 garante que seu cortador de grama opere com efici\u00eancia e efic\u00e1cia, mesmo sob condi\u00e7\u00f5es exigentes. Seja para a manuten\u00e7\u00e3o de grandes propriedades, propriedades comerciais ou campos agr\u00edcolas, esta caixa de engrenagens oferece a confiabilidade e a pot\u00eancia necess\u00e1rias para obter resultados de corte superiores.<\/p>\n<p>Para mais informa\u00e7\u00f5es ou para consultar op\u00e7\u00f5es personalizadas, entre em contato com a FMP hoje mesmo. Estamos comprometidos em fornecer as melhores solu\u00e7\u00f5es, adaptadas \u00e0s suas necessidades espec\u00edficas.<\/p>\n<h3>Sobre a FMP<\/h3>\n<p>Com sede na It\u00e1lia, a FMP \u00e9 l\u00edder renomada em design, desenvolvimento e produ\u00e7\u00e3o de caixas de engrenagens de alto desempenho, com foco principal no setor de m\u00e1quinas agr\u00edcolas. Reconhecida por sua expertise em engenharia de precis\u00e3o, inova\u00e7\u00e3o e confiabilidade, a FMP conquistou a reputa\u00e7\u00e3o de fornecer produtos de alta qualidade que atendem \u00e0s crescentes demandas dos setores agr\u00edcola e industrial. Nossa diversificada linha de produtos inclui caixas de engrenagens especializadas para cortadores de grama, eixos de tomada de for\u00e7a e uma variedade de componentes essenciais, todos projetados para fornecer solu\u00e7\u00f5es personalizadas para um amplo espectro de aplica\u00e7\u00f5es.<\/p>\n<p>Na FMP, reconhecemos que cada cliente tem necessidades distintas. \u00c9 por isso que nos especializamos em oferecer solu\u00e7\u00f5es personalizadas, seja envolvendo componentes individuais ou sistemas totalmente integrados. Adotamos uma abordagem colaborativa, trabalhando em estreita colabora\u00e7\u00e3o com nossos clientes para garantir que cada solu\u00e7\u00e3o seja eficaz e eficiente. Nosso compromisso com respostas r\u00e1pidas e profissionais, al\u00e9m de orienta\u00e7\u00e3o especializada, garante que cada solicita\u00e7\u00e3o seja atendida com precis\u00e3o e cuidado.<\/p>\n<p>Damos grande import\u00e2ncia \u00e0 comunica\u00e7\u00e3o aberta e cont\u00ednua, especialmente no que diz respeito ao desenvolvimento de produtos. Nossa equipe trabalha diretamente com os clientes para compreender plenamente seus desafios espec\u00edficos, oferecendo insights pr\u00e1ticos que levam a solu\u00e7\u00f5es ideais. Seja desenvolvendo novos produtos ou atendendo a pedidos existentes, nossa dedica\u00e7\u00e3o em fornecer solu\u00e7\u00f5es de alta qualidade e engenharia de precis\u00e3o permanece inabal\u00e1vel.<\/p>\n<p>A qualidade \u00e9 a base de tudo o que fazemos na FMP. Seguimos os mais altos padr\u00f5es de fabrica\u00e7\u00e3o e implementamos rigorosos processos de controle de qualidade para garantir que cada produto atenda ou supere as expectativas da ind\u00fastria. Nosso compromisso incans\u00e1vel com a qualidade, aliado aos nossos valores fundamentais de integridade, trabalho em equipe e perseveran\u00e7a, nos ajudou a construir relacionamentos de longo prazo com clientes em quase 30 pa\u00edses ao redor do mundo.<\/p>\n<p>A FMP est\u00e1 sempre aberta a parcerias globais e se dedica a fornecer consultoria especializada e solu\u00e7\u00f5es personalizadas para atender \u00e0s diversas necessidades de nossos clientes. Vamos al\u00e9m do simples fornecimento de produtos \u2014 focamos em construir relacionamentos duradouros, garantindo o sucesso de cada projeto. Seja buscando solu\u00e7\u00f5es inovadoras para uma nova iniciativa ou precisando de suporte para um sistema existente, a FMP est\u00e1 comprometida em enfrentar seus desafios t\u00e9cnicos e ajud\u00e1-lo a alcan\u00e7ar sucesso sustent\u00e1vel.<\/p>\n<p><img loading=\"lazy\" decoding=\"async\" class=\"alignnone size-full wp-image-1861\" src=\"https:\/\/fmp-components.com\/wp-content\/uploads\/2024\/12\/Other-Agricultural-Gearboxes.webp\" sizes=\"(min-width: 0px) and (max-width: 480px) 480px, (min-width: 481px) and (max-width: 980px) 980px, (min-width: 981px) 1200px, 100vw\" srcset=\"https:\/\/fmp-components.com\/wp-content\/uploads\/2024\/12\/Other-Agricultural-Gearboxes.webp 1200w, https:\/\/fmp-components.com\/wp-content\/uploads\/2024\/12\/Other-Agricultural-Gearboxes-980x1143.webp 980w, https:\/\/fmp-components.com\/wp-content\/uploads\/2024\/12\/Other-Agricultural-Gearboxes-480x560.webp 480w\" alt=\"Altri-cambi-agr\u00edcola\" width=\"1200\" height=\"1400\" title=\"\"><\/p>\n<p>Autor: CX<\/p>\n<p>&nbsp;<\/p>","protected":false},"excerpt":{"rendered":"<p>Agricultural Lawn Mower Gearbox FMP-140 \u2013 Product Introduction The FMP-140 Agricultural Lawn Mower Gearbox is a high-performance, durable gearbox designed specifically for lawn mowers and other agricultural machinery. Engineered by FMP, a leading manufacturer of precision gearboxes, the FMP-140 combines reliability, efficiency, and long-lasting performance to meet the demands of both commercial and residential mowing [&hellip;]<\/p>","protected":false},"featured_media":2041,"comment_status":"open","ping_status":"closed","template":"","meta":{"_et_pb_use_builder":"","_et_pb_old_content":"","_et_gb_content_width":""},"product_brand":[],"product_cat":[52],"product_tag":[],"class_list":{"0":"post-2039","1":"product","2":"type-product","3":"status-publish","4":"has-post-thumbnail","6":"product_cat-lawn-mower-gearbox","8":"first","9":"instock","10":"shipping-taxable","11":"product-type-simple"},"_links":{"self":[{"href":"https:\/\/fmp-components.com\/pt\/wp-json\/wp\/v2\/product\/2039","targetHints":{"allow":["GET"]}}],"collection":[{"href":"https:\/\/fmp-components.com\/pt\/wp-json\/wp\/v2\/product"}],"about":[{"href":"https:\/\/fmp-components.com\/pt\/wp-json\/wp\/v2\/types\/product"}],"replies":[{"embeddable":true,"href":"https:\/\/fmp-components.com\/pt\/wp-json\/wp\/v2\/comments?post=2039"}],"wp:featuredmedia":[{"embeddable":true,"href":"https:\/\/fmp-components.com\/pt\/wp-json\/wp\/v2\/media\/2041"}],"wp:attachment":[{"href":"https:\/\/fmp-components.com\/pt\/wp-json\/wp\/v2\/media?parent=2039"}],"wp:term":[{"taxonomy":"product_brand","embeddable":true,"href":"https:\/\/fmp-components.com\/pt\/wp-json\/wp\/v2\/product_brand?post=2039"},{"taxonomy":"product_cat","embeddable":true,"href":"https:\/\/fmp-components.com\/pt\/wp-json\/wp\/v2\/product_cat?post=2039"},{"taxonomy":"product_tag","embeddable":true,"href":"https:\/\/fmp-components.com\/pt\/wp-json\/wp\/v2\/product_tag?post=2039"}],"curies":[{"name":"wp","href":"https:\/\/api.w.org\/{rel}","templated":true}]}}