{"id":2035,"date":"2024-12-30T00:46:25","date_gmt":"2024-12-30T00:46:25","guid":{"rendered":"https:\/\/fmp-components.com\/?page_id=8"},"modified":"2024-12-30T00:57:51","modified_gmt":"2024-12-30T00:57:51","slug":"agricultural-lawn-mower-gearbox-fmp-55","status":"publish","type":"product","link":"https:\/\/fmp-components.com\/pt\/product\/agricultural-lawn-mower-gearbox-fmp-55\/","title":{"rendered":"Caixa de engrenagens para cortador de grama agr\u00edcola FMP-55"},"content":{"rendered":"<h2>Caracter\u00edsticas da caixa de engrenagens do cortador de grama agr\u00edcola FMP-55<\/h2>\n<p>A caixa de engrenagens FMP-55 para cortadores de grama agr\u00edcolas foi projetada para alto desempenho, durabilidade e confiabilidade, atendendo \u00e0s exig\u00eancias rigorosas das aplica\u00e7\u00f5es agr\u00edcolas de corte de grama. Constru\u00edda para uso pesado, a FMP-55 garante opera\u00e7\u00e3o suave, longa vida \u00fatil e transmiss\u00e3o de pot\u00eancia eficiente. Os principais recursos da FMP-55 incluem:<\/p>\n<ol>\n<li><strong>Constru\u00e7\u00e3o Pesada<\/strong><br \/>\nO FMP-55 \u00e9 constru\u00eddo com materiais de alta resist\u00eancia, tornando-o adequado para as condi\u00e7\u00f5es agr\u00edcolas mais exigentes. Sua constru\u00e7\u00e3o robusta garante excelente resist\u00eancia ao desgaste, impactos e esfor\u00e7os operacionais extremos.<\/li>\n<li><strong>Alta capacidade de torque<\/strong><br \/>\nEsta caixa de engrenagens foi projetada para suportar alto torque, tornando-a ideal para tarefas de corte de grama pesadas, incluindo o trabalho em grama densa, vegeta\u00e7\u00e3o espessa e terrenos irregulares. A FMP-55 garante que a pot\u00eancia seja transferida de forma eficiente do motor para as l\u00e2minas.<\/li>\n<li><strong>Engenharia de Precis\u00e3o<\/strong><br \/>\nA caixa de engrenagens FMP-55 apresenta engrenagens usinadas com precis\u00e3o que garantem uma transfer\u00eancia de pot\u00eancia suave, minimizando vibra\u00e7\u00f5es e desgaste. Essa engenharia de precis\u00e3o aprimora o desempenho geral, a efici\u00eancia operacional e a vida \u00fatil da caixa de engrenagens.<\/li>\n<li><strong>Transmiss\u00e3o de energia eficiente<\/strong><br \/>\nProjetado para m\u00e1xima efici\u00eancia energ\u00e9tica, o FMP-55 reduz a perda de energia durante a transmiss\u00e3o. Isso melhora a economia de combust\u00edvel, diminui a carga no motor e garante desempenho ideal durante longas sess\u00f5es de corte.<\/li>\n<li><strong>Compacto e leve<\/strong><br \/>\nApesar de suas caracter\u00edsticas robustas, o FMP-55 foi projetado para ser compacto e leve. Isso reduz o peso total do cortador de grama, melhorando sua manobrabilidade e facilitando a instala\u00e7\u00e3o e a opera\u00e7\u00e3o.<\/li>\n<li><strong>Baixos requisitos de manuten\u00e7\u00e3o<\/strong><br \/>\nA caixa de engrenagens FMP-55 requer manuten\u00e7\u00e3o m\u00ednima, gra\u00e7as aos seus componentes autolubrificantes e veda\u00e7\u00f5es dur\u00e1veis. Isso reduz a frequ\u00eancia de revis\u00f5es e garante opera\u00e7\u00e3o cont\u00ednua, diminuindo os custos gerais de manuten\u00e7\u00e3o.<\/li>\n<\/ol>\n<p>A caixa de engrenagens FMP-55 para cortadores de grama agr\u00edcolas \u00e9 uma solu\u00e7\u00e3o robusta, confi\u00e1vel e eficiente para diversas aplica\u00e7\u00f5es de corte. Projetada para suportar cargas pesadas, reduzir a manuten\u00e7\u00e3o e proporcionar uma transmiss\u00e3o de pot\u00eancia suave, \u00e9 a escolha ideal para profissionais agr\u00edcolas que buscam caixas de engrenagens de alto desempenho capazes de resistir a condi\u00e7\u00f5es exigentes.<\/p>\n<h2>Especifica\u00e7\u00e3o<\/h2>\n<table style=\"width: 96.2203%; height: 596px;\" border=\"1\" width=\"100%\" cellspacing=\"0\" cellpadding=\"0\">\n<tbody>\n<tr>\n<td width=\"110\"><img loading=\"lazy\" decoding=\"async\" class=\"alignnone size-full wp-image-2037\" src=\"https:\/\/fmp-components.com\/wp-content\/uploads\/2024\/12\/fmp_agricultural-gearbox-HC-55-2.webp\" alt=\"fmp_caixa-de-engrenagens-agr\u00edcola-HC-55\" width=\"400\" height=\"486\" title=\"\" srcset=\"https:\/\/fmp-components.com\/wp-content\/uploads\/2024\/12\/fmp_agricultural-gearbox-HC-55-2.webp 400w, https:\/\/fmp-components.com\/wp-content\/uploads\/2024\/12\/fmp_agricultural-gearbox-HC-55-2-247x300.webp 247w, https:\/\/fmp-components.com\/wp-content\/uploads\/2024\/12\/fmp_agricultural-gearbox-HC-55-2-10x12.webp 10w\" sizes=\"(max-width: 400px) 100vw, 400px\" \/><\/td>\n<td width=\"98\"><img loading=\"lazy\" decoding=\"async\" class=\"alignnone size-full wp-image-2036\" src=\"https:\/\/fmp-components.com\/wp-content\/uploads\/2024\/12\/Agricultural-Lawn-Mower-Gearbox-FMP-55.webp\" alt=\"Caixa de engrenagens para cortador de grama agr\u00edcola FMP-55\" width=\"500\" height=\"500\" title=\"\" srcset=\"https:\/\/fmp-components.com\/wp-content\/uploads\/2024\/12\/Agricultural-Lawn-Mower-Gearbox-FMP-55.webp 500w, https:\/\/fmp-components.com\/wp-content\/uploads\/2024\/12\/Agricultural-Lawn-Mower-Gearbox-FMP-55-480x480.webp 480w\" sizes=\"(min-width: 0px) and (max-width: 480px) 480px, (min-width: 481px) 500px, 100vw\" \/><\/td>\n<\/tr>\n<\/tbody>\n<\/table>\n<table style=\"width: 100%;\" border=\"1\" width=\"100%\" cellspacing=\"0\" cellpadding=\"0\">\n<tbody>\n<tr>\n<th>Item<\/th>\n<td>FMP-55<\/td>\n<\/tr>\n<tr>\n<th>Raz\u00e3o<\/th>\n<td>1:1.6<\/td>\n<\/tr>\n<tr>\n<th>Dentes<\/th>\n<td>15\/24<\/td>\n<\/tr>\n<tr>\n<th>M\u00f3dulo<\/th>\n<td>6.0<\/td>\n<\/tr>\n<tr>\n<th>Pot\u00eancia (HP)<\/th>\n<td>50<\/td>\n<\/tr>\n<tr>\n<th>Entrada nominal<\/th>\n<td>540 rpm<\/td>\n<\/tr>\n<tr>\n<th>Descri\u00e7\u00e3o de entrada\/sa\u00edda<\/th>\n<td>1-3\/8 Z6, eixo estriado adequado com base c\u00f4nica<\/td>\n<\/tr>\n<tr>\n<th>Peso (NW)<\/th>\n<td>28,7 kg<\/td>\n<\/tr>\n<tr>\n<th>Material<\/th>\n<td>\u2013 HT250 para alojamento<br \/>\n\u2013 20CrMnTi para eixo de engrenagem<br \/>\n\u2013 Alum\u00ednio para chapa<\/td>\n<\/tr>\n<\/tbody>\n<\/table>\n<h3>Tamb\u00e9m fornecemos eixos de tomada de for\u00e7a (PTO).<\/h3>\n<p>A FMP, fabricante e f\u00e1brica de eixos de tomada de for\u00e7a (TDF) confi\u00e1vel e renomada, com sede na China, est\u00e1 comprometida em fornecer eixos de TDF de alta qualidade, projetados para desempenho e durabilidade ideais. Oferecemos uma ampla gama de s\u00e9ries de eixos de TDF, cada uma adaptada para atender \u00e0s diversas necessidades de m\u00e1quinas agr\u00edcolas e industriais. Nossos eixos de TDF v\u00eam com v\u00e1rias op\u00e7\u00f5es de di\u00e2metro de rolamento, garantindo compatibilidade com diversos equipamentos e aplica\u00e7\u00f5es.<\/p>\n<p>Se voc\u00ea precisa de um eixo de tomada de for\u00e7a (TDF) com junta universal para sua caixa de engrenagens agr\u00edcola, ro\u00e7adeira rotativa ou outras m\u00e1quinas agr\u00edcolas, a FMP oferece solu\u00e7\u00f5es personalizadas para atender \u00e0s suas necessidades espec\u00edficas. Com nossa expertise em engenharia de precis\u00e3o e anos de experi\u00eancia, garantimos produtos confi\u00e1veis, dur\u00e1veis \u200b\u200be feitos para durar.<\/p>\n<p>Nossa equipe se dedica a fornecer um servi\u00e7o r\u00e1pido e eficiente, garantindo que suas d\u00favidas sejam atendidas com consultoria especializada e solu\u00e7\u00f5es oportunas. Se voc\u00ea busca um eixo de tomada de for\u00e7a (TDF) de alto desempenho que suporte as exig\u00eancias de suas m\u00e1quinas, entre em contato conosco hoje mesmo. Deixe a FMP ser sua parceira de confian\u00e7a para todas as suas necessidades de eixos de TDF!<\/p>\n<p><img loading=\"lazy\" decoding=\"async\" class=\"alignnone size-full wp-image-2010\" src=\"https:\/\/fmp-components.com\/wp-content\/uploads\/2024\/12\/Agricultural-Lawnmower-Gearbox-Precautions-for-Use1.webp\" alt=\"Caixa de engrenagens do cortador de grama\" width=\"1202\" height=\"665\" title=\"\" srcset=\"https:\/\/fmp-components.com\/wp-content\/uploads\/2024\/12\/Agricultural-Lawnmower-Gearbox-Precautions-for-Use1.webp 1202w, https:\/\/fmp-components.com\/wp-content\/uploads\/2024\/12\/Agricultural-Lawnmower-Gearbox-Precautions-for-Use1-980x542.webp 980w, https:\/\/fmp-components.com\/wp-content\/uploads\/2024\/12\/Agricultural-Lawnmower-Gearbox-Precautions-for-Use1-480x266.webp 480w\" sizes=\"(min-width: 0px) and (max-width: 480px) 480px, (min-width: 481px) and (max-width: 980px) 980px, (min-width: 981px) 1202px, 100vw\" \/><\/p>\n<h3>Sobre a FMP<\/h3>\n<p>Com sede na It\u00e1lia, a FMP \u00e9 uma fabricante l\u00edder reconhecida por sua expertise no projeto, desenvolvimento e produ\u00e7\u00e3o de caixas de engrenagens de alto desempenho, principalmente para o setor de m\u00e1quinas agr\u00edcolas. Com forte foco em engenharia de precis\u00e3o, inova\u00e7\u00e3o e confiabilidade, a FMP construiu uma reputa\u00e7\u00e3o de fornecer produtos de alta qualidade que atendem \u00e0s necessidades em constante evolu\u00e7\u00e3o dos setores agr\u00edcola e industrial. Nosso portf\u00f3lio de produtos inclui caixas de engrenagens especializadas para cortadores de grama, eixos de tomada de for\u00e7a (TDF) e uma variedade de componentes essenciais, todos projetados para oferecer solu\u00e7\u00f5es personalizadas para uma ampla gama de aplica\u00e7\u00f5es.<\/p>\n<p>Na FMP, entendemos que cada cliente tem necessidades \u00fanicas. Por isso, nos especializamos em fornecer solu\u00e7\u00f5es personalizadas \u2014 sejam componentes individuais ou sistemas totalmente integrados. Adotamos uma abordagem colaborativa, trabalhando em estreita parceria com nossos clientes para garantir que cada solu\u00e7\u00e3o seja n\u00e3o apenas eficaz, mas tamb\u00e9m eficiente. Nosso compromisso com respostas r\u00e1pidas e profissionais, al\u00e9m de orienta\u00e7\u00e3o especializada, garante que cada solicita\u00e7\u00e3o seja tratada com o m\u00e1ximo cuidado e precis\u00e3o.<\/p>\n<p>Damos grande \u00eanfase \u00e0 comunica\u00e7\u00e3o aberta e cont\u00ednua, especialmente no que diz respeito ao desenvolvimento de produtos. Nossa equipe trabalha diretamente com os clientes para entender seus desafios espec\u00edficos e oferecer insights pr\u00e1ticos que levam a solu\u00e7\u00f5es otimizadas. Seja projetando produtos inovadores ou atendendo a pedidos em andamento, estamos comprometidos em entregar solu\u00e7\u00f5es de alta qualidade e engenharia de precis\u00e3o, sempre dentro do prazo.<\/p>\n<p>Na FMP, a qualidade est\u00e1 no centro de tudo o que fazemos. Aderimos aos mais altos padr\u00f5es de fabrica\u00e7\u00e3o, implementando processos rigorosos de controle de qualidade para garantir que cada produto atenda ou supere as expectativas do setor. Nosso compromisso com a qualidade, aliado aos nossos valores de integridade, trabalho em equipe e perseveran\u00e7a, nos ajudou a construir relacionamentos duradouros com clientes em quase 30 pa\u00edses ao redor do mundo.<\/p>\n<p>A FMP est\u00e1 sempre aberta a parcerias globais e comprometida em fornecer consultoria especializada e solu\u00e7\u00f5es personalizadas para atender \u00e0s diversas necessidades de nossos clientes. Vamos al\u00e9m do simples fornecimento de produtos \u2014 nosso foco \u00e9 cultivar relacionamentos de longo prazo, garantindo o sucesso de cada projeto. Seja para encontrar solu\u00e7\u00f5es inovadoras para uma nova iniciativa ou para dar suporte a um sistema existente, a FMP se dedica a enfrentar seus desafios t\u00e9cnicos e ajud\u00e1-lo a alcan\u00e7ar o sucesso cont\u00ednuo.<\/p>\n<p><img loading=\"lazy\" decoding=\"async\" class=\"alignnone size-full wp-image-1861\" src=\"https:\/\/fmp-components.com\/wp-content\/uploads\/2024\/12\/Other-Agricultural-Gearboxes.webp\" sizes=\"(min-width: 0px) and (max-width: 480px) 480px, (min-width: 481px) and (max-width: 980px) 980px, (min-width: 981px) 1200px, 100vw\" srcset=\"https:\/\/fmp-components.com\/wp-content\/uploads\/2024\/12\/Other-Agricultural-Gearboxes.webp 1200w, https:\/\/fmp-components.com\/wp-content\/uploads\/2024\/12\/Other-Agricultural-Gearboxes-980x1143.webp 980w, https:\/\/fmp-components.com\/wp-content\/uploads\/2024\/12\/Other-Agricultural-Gearboxes-480x560.webp 480w\" alt=\"Altri-cambi-agr\u00edcola\" width=\"1200\" height=\"1400\" title=\"\"><\/p>\n<p>Autor: CX<\/p>","protected":false},"excerpt":{"rendered":"<p>Features of Agricultural Lawn Mower Gearbox FMP-55 The FMP-55 Agricultural Lawn Mower Gearbox is engineered for high performance, durability, and reliability, designed to meet the demanding requirements of agricultural lawn mowing applications. Built for heavy-duty use, the FMP-55 ensures smooth operation, long-lasting service, and efficient power transmission. Key features of the FMP-55 include: Heavy-Duty Construction [&hellip;]<\/p>","protected":false},"featured_media":2036,"comment_status":"open","ping_status":"closed","template":"","meta":{"_et_pb_use_builder":"","_et_pb_old_content":"","_et_gb_content_width":""},"product_brand":[],"product_cat":[52],"product_tag":[],"class_list":{"0":"post-2035","1":"product","2":"type-product","3":"status-publish","4":"has-post-thumbnail","6":"product_cat-lawn-mower-gearbox","8":"first","9":"instock","10":"shipping-taxable","11":"product-type-simple"},"_links":{"self":[{"href":"https:\/\/fmp-components.com\/pt\/wp-json\/wp\/v2\/product\/2035","targetHints":{"allow":["GET"]}}],"collection":[{"href":"https:\/\/fmp-components.com\/pt\/wp-json\/wp\/v2\/product"}],"about":[{"href":"https:\/\/fmp-components.com\/pt\/wp-json\/wp\/v2\/types\/product"}],"replies":[{"embeddable":true,"href":"https:\/\/fmp-components.com\/pt\/wp-json\/wp\/v2\/comments?post=2035"}],"wp:featuredmedia":[{"embeddable":true,"href":"https:\/\/fmp-components.com\/pt\/wp-json\/wp\/v2\/media\/2036"}],"wp:attachment":[{"href":"https:\/\/fmp-components.com\/pt\/wp-json\/wp\/v2\/media?parent=2035"}],"wp:term":[{"taxonomy":"product_brand","embeddable":true,"href":"https:\/\/fmp-components.com\/pt\/wp-json\/wp\/v2\/product_brand?post=2035"},{"taxonomy":"product_cat","embeddable":true,"href":"https:\/\/fmp-components.com\/pt\/wp-json\/wp\/v2\/product_cat?post=2035"},{"taxonomy":"product_tag","embeddable":true,"href":"https:\/\/fmp-components.com\/pt\/wp-json\/wp\/v2\/product_tag?post=2035"}],"curies":[{"name":"wp","href":"https:\/\/api.w.org\/{rel}","templated":true}]}}