{"id":2031,"date":"2024-12-27T01:51:37","date_gmt":"2024-12-27T01:51:37","guid":{"rendered":"https:\/\/fmp-components.com\/?page_id=8"},"modified":"2024-12-27T01:51:37","modified_gmt":"2024-12-27T01:51:37","slug":"agricultural-lawn-mower-gearbox-fmp-rc81","status":"publish","type":"product","link":"https:\/\/fmp-components.com\/pt\/product\/agricultural-lawn-mower-gearbox-fmp-rc81\/","title":{"rendered":"Caixa de engrenagens para cortador de grama agr\u00edcola FMP-RC81"},"content":{"rendered":"<h2>Especifica\u00e7\u00e3o da caixa de engrenagens do cortador de grama agr\u00edcola FMP-RC81<\/h2>\n<table style=\"width: 96.2203%; height: 596px;\" border=\"1\" width=\"100%\" cellspacing=\"0\" cellpadding=\"0\">\n<tbody>\n<tr>\n<td width=\"110\"><img loading=\"lazy\" decoding=\"async\" class=\"alignnone size-full wp-image-2033\" src=\"https:\/\/fmp-components.com\/wp-content\/uploads\/2024\/12\/fmp_agricultural-gearbox-HC-RC81-2.webp\" alt=\"fmp_caixa-de-engrenagens-agr\u00edcola-HC-RC81-2\" width=\"399\" height=\"518\" title=\"\" srcset=\"https:\/\/fmp-components.com\/wp-content\/uploads\/2024\/12\/fmp_agricultural-gearbox-HC-RC81-2.webp 399w, https:\/\/fmp-components.com\/wp-content\/uploads\/2024\/12\/fmp_agricultural-gearbox-HC-RC81-2-231x300.webp 231w, https:\/\/fmp-components.com\/wp-content\/uploads\/2024\/12\/fmp_agricultural-gearbox-HC-RC81-2-9x12.webp 9w\" sizes=\"(max-width: 399px) 100vw, 399px\" \/><\/td>\n<td width=\"98\"><img loading=\"lazy\" decoding=\"async\" class=\"alignnone size-full wp-image-2034\" src=\"https:\/\/fmp-components.com\/wp-content\/uploads\/2024\/12\/fmp_agricultural-gearbox-HC-RC81.webp\" alt=\"fmp_caixa-de-engrenagens-agr\u00edcola-HC-RC81-2\" width=\"400\" height=\"400\" title=\"\" srcset=\"https:\/\/fmp-components.com\/wp-content\/uploads\/2024\/12\/fmp_agricultural-gearbox-HC-RC81.webp 400w, https:\/\/fmp-components.com\/wp-content\/uploads\/2024\/12\/fmp_agricultural-gearbox-HC-RC81-300x300.webp 300w, https:\/\/fmp-components.com\/wp-content\/uploads\/2024\/12\/fmp_agricultural-gearbox-HC-RC81-150x150.webp 150w, https:\/\/fmp-components.com\/wp-content\/uploads\/2024\/12\/fmp_agricultural-gearbox-HC-RC81-12x12.webp 12w, https:\/\/fmp-components.com\/wp-content\/uploads\/2024\/12\/fmp_agricultural-gearbox-HC-RC81-100x100.webp 100w\" sizes=\"(max-width: 400px) 100vw, 400px\" \/><\/td>\n<\/tr>\n<\/tbody>\n<\/table>\n<table style=\"width: 95.6387%; height: 235px;\" border=\"1\">\n<tbody>\n<tr>\n<td><strong>ITEM<\/strong><\/td>\n<td>FMP-RC81<\/td>\n<\/tr>\n<tr>\n<td><strong>Raz\u00e3o<\/strong><\/td>\n<td>1:1.93\/1:1.46<\/td>\n<\/tr>\n<tr>\n<td><strong>Dentes<\/strong><\/td>\n<td>27\/14 19\/13<\/td>\n<\/tr>\n<tr>\n<td><strong>M\u00f3dulo<\/strong><\/td>\n<td>5.5 \/ 7.0<\/td>\n<\/tr>\n<tr>\n<td><strong>Pot\u00eancia (HP)<\/strong><\/td>\n<td>80<\/td>\n<\/tr>\n<tr>\n<td><strong>Entrada nominal<\/strong><\/td>\n<td>600 rpm<\/td>\n<\/tr>\n<tr>\n<td><strong>Descri\u00e7\u00e3o de entrada\/sa\u00edda<\/strong><\/td>\n<td>Estria c\u00f4nica 1-3\/8 Z6<\/td>\n<\/tr>\n<tr>\n<td><strong>Peso (NW)<\/strong><\/td>\n<td>28,7 kg<\/td>\n<\/tr>\n<\/tbody>\n<\/table>\n<h3>Caracter\u00edsticas da caixa de engrenagens do cortador de grama agr\u00edcola FMP-RC81<\/h3>\n<p>A caixa de engrenagens para cortadores de grama agr\u00edcola FMP-RC81 \u00e9 uma caixa de engrenagens de alto desempenho e alta resist\u00eancia, projetada para oferecer confiabilidade, efici\u00eancia e durabilidade excepcionais para aplica\u00e7\u00f5es exigentes de corte de grama. Ela foi projetada para lidar com as condi\u00e7\u00f5es mais adversas e proporcionar um servi\u00e7o duradouro. Os principais recursos do FMP-RC81 incluem:<\/p>\n<ol>\n<li><strong>Design para servi\u00e7os pesados<\/strong><br \/>\nO FMP-RC81 \u00e9 constru\u00eddo com materiais robustos e de alta resist\u00eancia para suportar as altas tens\u00f5es associadas ao corte de grama agr\u00edcola. Seu design robusto garante desempenho superior em ambientes desafiadores, desde grama alta at\u00e9 terrenos irregulares.<\/li>\n<li><strong>Alta capacidade de torque<\/strong><br \/>\nCom capacidade superior de torque, o FMP-RC81 \u00e9 ideal para aplica\u00e7\u00f5es de alta carga. Ele garante transmiss\u00e3o de pot\u00eancia eficiente mesmo nas condi\u00e7\u00f5es mais exigentes, permitindo que o cortador de grama tenha o melhor desempenho, mesmo em grama densa ou em terrenos inclinados.<\/li>\n<li><strong>Engrenagens Usinadas com Precis\u00e3o<\/strong><br \/>\nEquipado com engrenagens de engenharia de precis\u00e3o, o FMP-RC81 garante uma transmiss\u00e3o de pot\u00eancia suave e eficiente com vibra\u00e7\u00e3o m\u00ednima. Essa precis\u00e3o reduz o desgaste, promovendo maior vida \u00fatil e menores custos de manuten\u00e7\u00e3o.<\/li>\n<li><strong>Efici\u00eancia energ\u00e9tica otimizada<\/strong><br \/>\nO FMP-RC81 apresenta um design de engrenagem otimizado que minimiza a perda de pot\u00eancia, aumentando a efici\u00eancia geral do cortador. Isso reduz a carga do motor, melhorando a economia de combust\u00edvel e garantindo que a pot\u00eancia seja utilizada de forma eficaz para o desempenho de corte.<\/li>\n<li><strong>Compacto e leve<\/strong><br \/>\nApesar de sua capacidade de trabalho pesado, o FMP-RC81 foi projetado para ser compacto e leve. Isso facilita sua integra\u00e7\u00e3o em diversos sistemas de cortadores de grama sem adicionar peso excessivo, contribuindo para melhor manobrabilidade e redu\u00e7\u00e3o da tens\u00e3o no equipamento.<\/li>\n<li><strong>Design de baixa manuten\u00e7\u00e3o<\/strong><br \/>\nA caixa de engrenagens FMP-RC81 foi projetada para exigir manuten\u00e7\u00e3o m\u00ednima, com componentes autolubrificantes que reduzem a necessidade de manuten\u00e7\u00f5es frequentes. Este design garante opera\u00e7\u00e3o cont\u00ednua com redu\u00e7\u00e3o de tempo de inatividade e custos de manuten\u00e7\u00e3o.<\/li>\n<li><strong>Vers\u00e1til e adapt\u00e1vel<\/strong><br \/>\nO FMP-RC81 \u00e9 altamente vers\u00e1til, compat\u00edvel com uma ampla gama de cortadores de grama utilizados na agricultura e paisagismo. Ele pode ser personalizado para atender a requisitos espec\u00edficos, garantindo desempenho ideal em diferentes configura\u00e7\u00f5es de cortador.<\/li>\n<\/ol>\n<p>A caixa de engrenagens do cortador de grama agr\u00edcola FMP-RC81 combina resist\u00eancia, efici\u00eancia e confiabilidade, tornando-a uma excelente escolha para aplica\u00e7\u00f5es agr\u00edcolas e industriais. Projetada para suportar cargas pesadas, reduzir a manuten\u00e7\u00e3o e proporcionar transmiss\u00e3o de pot\u00eancia suave, ela foi constru\u00edda para maximizar a efici\u00eancia operacional e minimizar o tempo de inatividade.<\/p>\n<p><img loading=\"lazy\" decoding=\"async\" class=\"alignnone size-full wp-image-1994\" src=\"https:\/\/fmp-components.com\/wp-content\/uploads\/2024\/12\/Lawn-Mower-Gearbox-7.webp\" alt=\"Caixa de engrenagens do cortador de grama\" width=\"1502\" height=\"805\" title=\"\" srcset=\"https:\/\/fmp-components.com\/wp-content\/uploads\/2024\/12\/Lawn-Mower-Gearbox-7.webp 1502w, https:\/\/fmp-components.com\/wp-content\/uploads\/2024\/12\/Lawn-Mower-Gearbox-7-1280x686.webp 1280w, https:\/\/fmp-components.com\/wp-content\/uploads\/2024\/12\/Lawn-Mower-Gearbox-7-980x525.webp 980w, https:\/\/fmp-components.com\/wp-content\/uploads\/2024\/12\/Lawn-Mower-Gearbox-7-480x257.webp 480w\" sizes=\"(min-width: 0px) and (max-width: 480px) 480px, (min-width: 481px) and (max-width: 980px) 980px, (min-width: 981px) and (max-width: 1280px) 1280px, (min-width: 1281px) 1502px, 100vw\" \/><\/p>\n<h3>Sobre a FMP<\/h3>\n<p>A FMP, com sede na It\u00e1lia, \u00e9 uma fabricante l\u00edder especializada em caixas de engrenagens de alto desempenho para m\u00e1quinas agr\u00edcolas. Reconhecida por sua engenharia de precis\u00e3o, inova\u00e7\u00e3o e confiabilidade, oferecemos uma ampla gama de caixas de engrenagens, incluindo caixas de engrenagens para cortadores de grama e componentes essenciais, como eixos de tomada de for\u00e7a. Nossa miss\u00e3o \u00e9 fornecer solu\u00e7\u00f5es personalizadas que atendam \u00e0s necessidades espec\u00edficas dos setores agr\u00edcola e industrial, seja por meio de produtos individuais ou sistemas integrados.<\/p>\n<p>Entendemos que cada cliente possui necessidades \u00fanicas, e \u00e9 por isso que nos destacamos na personaliza\u00e7\u00e3o de nossos produtos para atender a essas necessidades. Seja uma caixa de engrenagens especializada ou um sistema completo, trabalhamos em estreita colabora\u00e7\u00e3o com voc\u00ea para oferecer as solu\u00e7\u00f5es mais eficazes e eficientes. Nossas respostas r\u00e1pidas e profissionais, aliadas a consultoria especializada, garantem que cada consulta seja tratada com cuidado e precis\u00e3o.<\/p>\n<p>Na FMP, priorizamos a comunica\u00e7\u00e3o aberta e a colabora\u00e7\u00e3o, especialmente no desenvolvimento de novos produtos. Nossa equipe trabalha em conjunto com os clientes para entender seus desafios e fornecer insights que levem a solu\u00e7\u00f5es ideais. Temos o compromisso de entregar produtos de alta qualidade e engenharia de precis\u00e3o no prazo, seja para novos desenvolvimentos ou pedidos existentes.<\/p>\n<p>A qualidade est\u00e1 no centro das opera\u00e7\u00f5es da FMP. Nossos processos de fabrica\u00e7\u00e3o seguem os mais altos padr\u00f5es, garantindo precis\u00e3o e zero defeitos. Um rigoroso controle de qualidade garante que cada produto atenda ou exceda os padr\u00f5es da ind\u00fastria. Esse compromisso com a qualidade, aliado aos nossos valores fundamentais de integridade, trabalho em equipe e perseveran\u00e7a, nos permitiu construir relacionamentos s\u00f3lidos com clientes em quase 30 pa\u00edses.<\/p>\n<p>A FMP est\u00e1 sempre aberta a parcerias globais, oferecendo consultoria especializada e solu\u00e7\u00f5es personalizadas. Nossa abordagem vai al\u00e9m da simples entrega de produtos; buscamos construir relacionamentos de longo prazo que impulsionem o sucesso m\u00fatuo. Seja para novas solu\u00e7\u00f5es ou suporte para sistemas existentes, a FMP se dedica a enfrentar seus desafios t\u00e9cnicos e garantir o sucesso cont\u00ednuo.<\/p>\n<p><img loading=\"lazy\" decoding=\"async\" class=\"alignnone size-full wp-image-1861\" src=\"https:\/\/fmp-components.com\/wp-content\/uploads\/2024\/12\/Other-Agricultural-Gearboxes.webp\" sizes=\"(min-width: 0px) and (max-width: 480px) 480px, (min-width: 481px) and (max-width: 980px) 980px, (min-width: 981px) 1200px, 100vw\" srcset=\"https:\/\/fmp-components.com\/wp-content\/uploads\/2024\/12\/Other-Agricultural-Gearboxes.webp 1200w, https:\/\/fmp-components.com\/wp-content\/uploads\/2024\/12\/Other-Agricultural-Gearboxes-980x1143.webp 980w, https:\/\/fmp-components.com\/wp-content\/uploads\/2024\/12\/Other-Agricultural-Gearboxes-480x560.webp 480w\" alt=\"Altri-cambi-agr\u00edcola\" width=\"1200\" height=\"1400\" title=\"\"><\/p>\n<p>Autor: CX<\/p>","protected":false},"excerpt":{"rendered":"<p>Agricultural Lawn Mower Gearbox FMP-RC81 Specification ITEM FMP-RC81 Ratio 1:1.93\/1:1.46 Teeth 27\/14 19\/13 Module 5.5 \/ 7.0 Power(HP) 80 Rated Input 600rpm Input\/Output Description 1-3\/8 Z6 Taper spline Weight(N.W) 28.7KG Features of Agricultural Lawn Mower Gearbox FMP-RC81 The FMP-RC81 Agricultural Lawn Mower Gearbox is a high-performance, heavy-duty gearbox designed to deliver exceptional reliability, efficiency, and [&hellip;]<\/p>","protected":false},"featured_media":2034,"comment_status":"open","ping_status":"closed","template":"","meta":{"_et_pb_use_builder":"","_et_pb_old_content":"","_et_gb_content_width":""},"product_brand":[],"product_cat":[52],"product_tag":[],"class_list":{"0":"post-2031","1":"product","2":"type-product","3":"status-publish","4":"has-post-thumbnail","6":"product_cat-lawn-mower-gearbox","8":"first","9":"instock","10":"shipping-taxable","11":"product-type-simple"},"_links":{"self":[{"href":"https:\/\/fmp-components.com\/pt\/wp-json\/wp\/v2\/product\/2031","targetHints":{"allow":["GET"]}}],"collection":[{"href":"https:\/\/fmp-components.com\/pt\/wp-json\/wp\/v2\/product"}],"about":[{"href":"https:\/\/fmp-components.com\/pt\/wp-json\/wp\/v2\/types\/product"}],"replies":[{"embeddable":true,"href":"https:\/\/fmp-components.com\/pt\/wp-json\/wp\/v2\/comments?post=2031"}],"wp:featuredmedia":[{"embeddable":true,"href":"https:\/\/fmp-components.com\/pt\/wp-json\/wp\/v2\/media\/2034"}],"wp:attachment":[{"href":"https:\/\/fmp-components.com\/pt\/wp-json\/wp\/v2\/media?parent=2031"}],"wp:term":[{"taxonomy":"product_brand","embeddable":true,"href":"https:\/\/fmp-components.com\/pt\/wp-json\/wp\/v2\/product_brand?post=2031"},{"taxonomy":"product_cat","embeddable":true,"href":"https:\/\/fmp-components.com\/pt\/wp-json\/wp\/v2\/product_cat?post=2031"},{"taxonomy":"product_tag","embeddable":true,"href":"https:\/\/fmp-components.com\/pt\/wp-json\/wp\/v2\/product_tag?post=2031"}],"curies":[{"name":"wp","href":"https:\/\/api.w.org\/{rel}","templated":true}]}}