{"id":2021,"date":"2024-12-27T01:29:14","date_gmt":"2024-12-27T01:29:14","guid":{"rendered":"https:\/\/fmp-components.com\/?page_id=8"},"modified":"2024-12-27T01:42:20","modified_gmt":"2024-12-27T01:42:20","slug":"agricultural-lawn-mower-gearbox-fmp-rc51","status":"publish","type":"product","link":"https:\/\/fmp-components.com\/pt\/product\/agricultural-lawn-mower-gearbox-fmp-rc51\/","title":{"rendered":"Caixa de engrenagens para cortador de grama agr\u00edcola FMP-RC51"},"content":{"rendered":"<h2>Especifica\u00e7\u00e3o<\/h2>\n<table style=\"width: 96.2203%; height: 596px;\" border=\"1\" width=\"100%\" cellspacing=\"0\" cellpadding=\"0\">\n<tbody>\n<tr>\n<td width=\"110\"><img loading=\"lazy\" decoding=\"async\" class=\"alignnone size-full wp-image-2025\" src=\"https:\/\/fmp-components.com\/wp-content\/uploads\/2024\/12\/fmp_agricultural-gearbox-HC-RC51-2.webp\" alt=\"fmp_caixa-de-engrenagens-agr\u00edcola-HC-RC51-2\" width=\"404\" height=\"547\" title=\"\" srcset=\"https:\/\/fmp-components.com\/wp-content\/uploads\/2024\/12\/fmp_agricultural-gearbox-HC-RC51-2.webp 404w, https:\/\/fmp-components.com\/wp-content\/uploads\/2024\/12\/fmp_agricultural-gearbox-HC-RC51-2-222x300.webp 222w, https:\/\/fmp-components.com\/wp-content\/uploads\/2024\/12\/fmp_agricultural-gearbox-HC-RC51-2-9x12.webp 9w\" sizes=\"(max-width: 404px) 100vw, 404px\" \/><\/td>\n<td width=\"98\"><img loading=\"lazy\" decoding=\"async\" class=\"alignnone size-full wp-image-2026\" src=\"https:\/\/fmp-components.com\/wp-content\/uploads\/2024\/12\/fmp_agricultural-gearbox-HC-RC51.webp\" alt=\"fmp_caixa-de-engrenagens-agr\u00edcola-HC-RC51-2\" width=\"400\" height=\"400\" title=\"\" srcset=\"https:\/\/fmp-components.com\/wp-content\/uploads\/2024\/12\/fmp_agricultural-gearbox-HC-RC51.webp 400w, https:\/\/fmp-components.com\/wp-content\/uploads\/2024\/12\/fmp_agricultural-gearbox-HC-RC51-300x300.webp 300w, https:\/\/fmp-components.com\/wp-content\/uploads\/2024\/12\/fmp_agricultural-gearbox-HC-RC51-150x150.webp 150w, https:\/\/fmp-components.com\/wp-content\/uploads\/2024\/12\/fmp_agricultural-gearbox-HC-RC51-12x12.webp 12w, https:\/\/fmp-components.com\/wp-content\/uploads\/2024\/12\/fmp_agricultural-gearbox-HC-RC51-100x100.webp 100w\" sizes=\"(max-width: 400px) 100vw, 400px\" \/><\/td>\n<\/tr>\n<\/tbody>\n<\/table>\n<p>&nbsp;<\/p>\n<table style=\"width: 100.19%; height: 241px;\" border=\"1\">\n<tbody>\n<tr>\n<td style=\"width: 36.3538%;\"><strong>ITEM<\/strong><\/td>\n<td style=\"width: 62.9989%;\">FMP-rc51<\/td>\n<\/tr>\n<tr>\n<td style=\"width: 36.3538%;\"><strong>Raz\u00e3o<\/strong><\/td>\n<td style=\"width: 62.9989%;\">1:1.47\/1:1.93<\/td>\n<\/tr>\n<tr>\n<td style=\"width: 36.3538%;\"><strong>Dentes<\/strong><\/td>\n<td style=\"width: 62.9989%;\">22\/15 29\/15<\/td>\n<\/tr>\n<tr>\n<td style=\"width: 36.3538%;\"><strong>M\u00f3dulo<\/strong><\/td>\n<td style=\"width: 62.9989%;\">\u00a05.08 \/4.0<\/td>\n<\/tr>\n<tr>\n<td style=\"width: 36.3538%;\"><strong>Pot\u00eancia (HP)<\/strong><\/td>\n<td style=\"width: 62.9989%;\">30<\/td>\n<\/tr>\n<tr>\n<td style=\"width: 36.3538%;\"><strong>Entrada nominal<\/strong><\/td>\n<td style=\"width: 62.9989%;\">540 rpm<\/td>\n<\/tr>\n<tr>\n<td style=\"width: 36.3538%;\"><strong>Descri\u00e7\u00e3o de entrada\/sa\u00edda<\/strong><\/td>\n<td style=\"width: 62.9989%;\">\u00a0Estriado \/ Estriado c\u00f4nico<\/td>\n<\/tr>\n<tr>\n<td style=\"width: 36.3538%;\"><strong>Peso (NW)<\/strong><\/td>\n<td style=\"width: 62.9989%;\">29KG<\/td>\n<\/tr>\n<\/tbody>\n<\/table>\n<h2>Caracter\u00edsticas da caixa de engrenagens do cortador de grama agr\u00edcola FMP-RC51<\/h2>\n<p>A caixa de engrenagens FMP-RC51 para cortadores de grama agr\u00edcolas foi projetada para alto desempenho, confiabilidade e durabilidade, tornando-a a solu\u00e7\u00e3o ideal para aplica\u00e7\u00f5es de corte de grama. Os principais recursos da FMP-RC51 incluem:<\/p>\n<ol>\n<li><strong>Design robusto<\/strong><br \/>\nFabricada com materiais de alta qualidade, a caixa de engrenagens FMP-RC51 oferece resist\u00eancia e resili\u00eancia excepcionais, garantindo que ela suporte as exig\u00eancias rigorosas dos ambientes agr\u00edcolas.<\/li>\n<li><strong>Engenharia de Precis\u00e3o<\/strong><br \/>\nA caixa de engrenagens FMP-RC51 apresenta usinagem de precis\u00e3o, garantindo opera\u00e7\u00e3o suave e transmiss\u00e3o de pot\u00eancia otimizada. Esse design minimiza o desgaste, aumentando a vida \u00fatil e a efici\u00eancia da caixa de engrenagens.<\/li>\n<li><strong>Alta capacidade de torque<\/strong><br \/>\nProjetado para suportar cargas de alto torque, o FMP-RC51 oferece desempenho superior em condi\u00e7\u00f5es de corte de grama pesadas, garantindo opera\u00e7\u00e3o confi\u00e1vel mesmo em terrenos dif\u00edceis.<\/li>\n<li><strong>Transmiss\u00e3o de energia eficiente<\/strong><br \/>\nCom seu design de engrenagem de alta efici\u00eancia, o FMP-RC51 garante perda m\u00ednima de energia e pot\u00eancia m\u00e1xima. Isso permite uma opera\u00e7\u00e3o suave, reduzindo a carga no motor e aumentando a economia de combust\u00edvel.<\/li>\n<li><strong>Compacto e leve<\/strong><br \/>\nA caixa de engrenagens foi projetada com uma estrutura compacta e leve, facilitando a instala\u00e7\u00e3o e a integra\u00e7\u00e3o em diversos sistemas de cortadores de grama sem adicionar peso desnecess\u00e1rio.<\/li>\n<li><strong>Baixa manuten\u00e7\u00e3o<\/strong><br \/>\nA caixa de engrenagens FMP-RC51 foi projetada para baixa manuten\u00e7\u00e3o, apresentando componentes autolubrificantes que reduzem a necessidade de revis\u00f5es frequentes, aumentando a produtividade e minimizando o tempo de inatividade.<\/li>\n<li><strong>Compatibilidade Vers\u00e1til<\/strong><br \/>\nO FMP-RC51 \u00e9 compat\u00edvel com uma ampla gama de cortadores de grama, tornando-se uma op\u00e7\u00e3o vers\u00e1til para diferentes aplica\u00e7\u00f5es no setor agr\u00edcola. Ele pode ser facilmente adaptado para atender \u00e0s necessidades espec\u00edficas de cada m\u00e1quina.<\/li>\n<\/ol>\n<p>Essas caracter\u00edsticas fazem da caixa de engrenagens para cortador de grama agr\u00edcola FMP-RC51 uma escolha confi\u00e1vel, eficiente e dur\u00e1vel para m\u00e1quinas agr\u00edcolas, proporcionando desempenho excepcional e longa vida \u00fatil para tarefas de corte de grama.<\/p>\n<div class=\"flex-shrink-0 flex flex-col relative items-end\">\n<div>\n<div class=\"pt-0\">\n<div class=\"gizmo-bot-avatar flex h-8 w-8 items-center justify-center overflow-hidden rounded-full\">\n<div class=\"relative p-1 rounded-sm flex items-center justify-center bg-token-main-surface-primary text-token-text-primary h-8 w-8\"><img loading=\"lazy\" decoding=\"async\" class=\"alignnone size-full wp-image-1994\" src=\"https:\/\/fmp-components.com\/wp-content\/uploads\/2024\/12\/Lawn-Mower-Gearbox-7.webp\" alt=\"Caixa de engrenagens do cortador de grama\" width=\"1502\" height=\"805\" title=\"\" srcset=\"https:\/\/fmp-components.com\/wp-content\/uploads\/2024\/12\/Lawn-Mower-Gearbox-7.webp 1502w, https:\/\/fmp-components.com\/wp-content\/uploads\/2024\/12\/Lawn-Mower-Gearbox-7-1280x686.webp 1280w, https:\/\/fmp-components.com\/wp-content\/uploads\/2024\/12\/Lawn-Mower-Gearbox-7-980x525.webp 980w, https:\/\/fmp-components.com\/wp-content\/uploads\/2024\/12\/Lawn-Mower-Gearbox-7-480x257.webp 480w\" sizes=\"(min-width: 0px) and (max-width: 480px) 480px, (min-width: 481px) and (max-width: 980px) 980px, (min-width: 981px) and (max-width: 1280px) 1280px, (min-width: 1281px) 1502px, 100vw\" \/><\/div>\n<\/div>\n<\/div>\n<\/div>\n<\/div>\n<div class=\"group\/conversation-turn relative flex w-full min-w-0 flex-col agent-turn\">\n<div class=\"flex-col gap-1 md:gap-3\">\n<div class=\"flex max-w-full flex-col flex-grow\">\n<div class=\"min-h-8 text-message flex w-full flex-col items-end gap-2 whitespace-normal break-words text-start [.text-message+&amp;]:mt-5\" dir=\"auto\" data-message-author-role=\"assistant\" data-message-id=\"f83c79da-cb0c-4da0-823f-20067c852903\" data-message-model-slug=\"gpt-4o\">\n<div class=\"flex w-full flex-col gap-1 empty:hidden first:pt-[3px]\">\n<div class=\"markdown prose w-full break-words dark:prose-invert light\">\n<h3>Sobre a FMP<\/h3>\n<p>A FMP, com sede na It\u00e1lia, \u00e9 uma fabricante de destaque, reconhecida por suas caixas de engrenagens de alto desempenho, projetadas especificamente para m\u00e1quinas agr\u00edcolas. Com uma s\u00f3lida reputa\u00e7\u00e3o em engenharia de precis\u00e3o, inova\u00e7\u00e3o e confiabilidade, oferecemos uma linha completa de caixas de engrenagens, incluindo modelos especializados para cortadores de grama, e componentes cr\u00edticos como eixos de tomada de for\u00e7a (TDF). Nosso objetivo \u00e9 fornecer solu\u00e7\u00f5es personalizadas que atendam perfeitamente \u00e0s demandas espec\u00edficas dos setores agr\u00edcola e industrial, seja como produtos individuais ou sistemas integrados.<\/p>\n<p>Entendemos que as necessidades de cada cliente s\u00e3o \u00fanicas e, por isso, especializamo-nos em personalizar os nossos produtos para atender a esses requisitos espec\u00edficos. Seja para uma caixa de c\u00e2mbio sob medida ou um sistema completo, colaboramos de perto com voc\u00ea para desenvolver solu\u00e7\u00f5es eficientes e eficazes. Nossas respostas r\u00e1pidas e profissionais, aliadas \u00e0 nossa orienta\u00e7\u00e3o especializada, garantem que cada solicita\u00e7\u00e3o seja tratada com o m\u00e1ximo cuidado e precis\u00e3o.<\/p>\n<p>Na FMP, damos grande \u00eanfase \u00e0 comunica\u00e7\u00e3o transparente e \u00e0 colabora\u00e7\u00e3o, principalmente no projeto e desenvolvimento de novos produtos. Trabalhamos lado a lado com nossos clientes para compreender profundamente seus desafios, oferecendo insights que levam a solu\u00e7\u00f5es inovadoras e otimizadas. Nosso compromisso em entregar produtos de alta qualidade e engenharia de precis\u00e3o, dentro do prazo e em conformidade com as expectativas do cliente, \u00e9 fundamental para tudo o que fazemos.<\/p>\n<p>A qualidade \u00e9 a pedra angular das opera\u00e7\u00f5es da FMP. Nossos processos de fabrica\u00e7\u00e3o s\u00e3o regidos pelos mais altos padr\u00f5es, garantindo execu\u00e7\u00e3o impec\u00e1vel e zero defeitos. Um rigoroso controle de qualidade assegura que cada produto atenda ou supere os padr\u00f5es da ind\u00fastria. Essa dedica\u00e7\u00e3o inabal\u00e1vel \u00e0 qualidade, aliada aos nossos valores fundamentais de integridade, trabalho em equipe e perseveran\u00e7a, nos ajudou a cultivar relacionamentos duradouros com clientes em mais de 30 pa\u00edses.<\/p>\n<p>A FMP est\u00e1 sempre aberta a formar parcerias globais, oferecendo consultoria especializada e solu\u00e7\u00f5es personalizadas. Nossa abordagem n\u00e3o se limita ao fornecimento de produtos, mas sim \u00e0 constru\u00e7\u00e3o de parcerias de longo prazo que levem ao sucesso m\u00fatuo. Seja para solu\u00e7\u00f5es inovadoras ou suporte cont\u00ednuo para sistemas existentes, a FMP est\u00e1 comprometida em solucionar seus desafios t\u00e9cnicos e garantir seu sucesso cont\u00ednuo.<\/p>\n<\/div>\n<\/div>\n<\/div>\n<\/div>\n<\/div>\n<\/div>\n<p><img loading=\"lazy\" decoding=\"async\" class=\"alignnone size-full wp-image-1861\" src=\"https:\/\/fmp-components.com\/wp-content\/uploads\/2024\/12\/Other-Agricultural-Gearboxes.webp\" sizes=\"(min-width: 0px) and (max-width: 480px) 480px, (min-width: 481px) and (max-width: 980px) 980px, (min-width: 981px) 1200px, 100vw\" srcset=\"https:\/\/fmp-components.com\/wp-content\/uploads\/2024\/12\/Other-Agricultural-Gearboxes.webp 1200w, https:\/\/fmp-components.com\/wp-content\/uploads\/2024\/12\/Other-Agricultural-Gearboxes-980x1143.webp 980w, https:\/\/fmp-components.com\/wp-content\/uploads\/2024\/12\/Other-Agricultural-Gearboxes-480x560.webp 480w\" alt=\"Altri-cambi-agr\u00edcola\" width=\"1200\" height=\"1400\" title=\"\"><\/p>\n<p>Autor: CX<\/p>","protected":false},"excerpt":{"rendered":"<p>Specification &nbsp; ITEM FMP-rc51 Ratio 1:1.47\/1:1.93 Teeth 22\/15 29\/15 Module \u00a05.08 \/4.0 Power(HP) 30 Rated Input 540rpm Input\/Output Description \u00a0Spline \/Taper spline Weight(N.W) 29KG Features of Agricultural Lawn Mower Gearbox FMP-RC51 The FMP-RC51 Agricultural Lawn Mower Gearbox is designed for high performance, reliability, and durability, making it the ideal solution for lawn mowing applications. Key [&hellip;]<\/p>","protected":false},"featured_media":2026,"comment_status":"open","ping_status":"closed","template":"","meta":{"_et_pb_use_builder":"","_et_pb_old_content":"","_et_gb_content_width":""},"product_brand":[],"product_cat":[52],"product_tag":[],"class_list":{"0":"post-2021","1":"product","2":"type-product","3":"status-publish","4":"has-post-thumbnail","6":"product_cat-lawn-mower-gearbox","8":"first","9":"instock","10":"shipping-taxable","11":"product-type-simple"},"_links":{"self":[{"href":"https:\/\/fmp-components.com\/pt\/wp-json\/wp\/v2\/product\/2021","targetHints":{"allow":["GET"]}}],"collection":[{"href":"https:\/\/fmp-components.com\/pt\/wp-json\/wp\/v2\/product"}],"about":[{"href":"https:\/\/fmp-components.com\/pt\/wp-json\/wp\/v2\/types\/product"}],"replies":[{"embeddable":true,"href":"https:\/\/fmp-components.com\/pt\/wp-json\/wp\/v2\/comments?post=2021"}],"wp:featuredmedia":[{"embeddable":true,"href":"https:\/\/fmp-components.com\/pt\/wp-json\/wp\/v2\/media\/2026"}],"wp:attachment":[{"href":"https:\/\/fmp-components.com\/pt\/wp-json\/wp\/v2\/media?parent=2021"}],"wp:term":[{"taxonomy":"product_brand","embeddable":true,"href":"https:\/\/fmp-components.com\/pt\/wp-json\/wp\/v2\/product_brand?post=2021"},{"taxonomy":"product_cat","embeddable":true,"href":"https:\/\/fmp-components.com\/pt\/wp-json\/wp\/v2\/product_cat?post=2021"},{"taxonomy":"product_tag","embeddable":true,"href":"https:\/\/fmp-components.com\/pt\/wp-json\/wp\/v2\/product_tag?post=2021"}],"curies":[{"name":"wp","href":"https:\/\/api.w.org\/{rel}","templated":true}]}}