{"id":2020,"date":"2024-12-27T01:24:26","date_gmt":"2024-12-27T01:24:26","guid":{"rendered":"https:\/\/fmp-components.com\/?page_id=8"},"modified":"2024-12-27T01:37:57","modified_gmt":"2024-12-27T01:37:57","slug":"agricultural-lawn-mower-gearbox-fmp-rc31-193-fmp-rc31-147","status":"publish","type":"product","link":"https:\/\/fmp-components.com\/pt\/product\/agricultural-lawn-mower-gearbox-fmp-rc31-193-fmp-rc31-147\/","title":{"rendered":"Caixa de engrenagens para cortador de grama agr\u00edcola FMP-RC31-193 FMP-RC31-147"},"content":{"rendered":"<h2>Especifica\u00e7\u00e3o<\/h2>\n<table style=\"width: 96.2203%; height: 596px;\" border=\"1\" width=\"100%\" cellspacing=\"0\" cellpadding=\"0\">\n<tbody>\n<tr>\n<td width=\"110\">\u00a0<img loading=\"lazy\" decoding=\"async\" class=\"alignnone size-full wp-image-2024\" src=\"https:\/\/fmp-components.com\/wp-content\/uploads\/2024\/12\/fmp_agricultural-gearbox-HC-RC31-2.webp\" alt=\"fmp_caixa-de-engrenagens-agr\u00edcola-HC-RC31\" width=\"460\" height=\"559\" title=\"\" srcset=\"https:\/\/fmp-components.com\/wp-content\/uploads\/2024\/12\/fmp_agricultural-gearbox-HC-RC31-2.webp 460w, https:\/\/fmp-components.com\/wp-content\/uploads\/2024\/12\/fmp_agricultural-gearbox-HC-RC31-2-247x300.webp 247w, https:\/\/fmp-components.com\/wp-content\/uploads\/2024\/12\/fmp_agricultural-gearbox-HC-RC31-2-10x12.webp 10w\" sizes=\"(max-width: 460px) 100vw, 460px\" \/><\/td>\n<td width=\"98\"><img loading=\"lazy\" decoding=\"async\" class=\"alignnone size-full wp-image-2023\" src=\"https:\/\/fmp-components.com\/wp-content\/uploads\/2024\/12\/fmp_agricultural-gearbox-HC-RC31.webp\" alt=\"fmp_caixa-de-engrenagens-agr\u00edcola-HC-RC31\" width=\"400\" height=\"400\" title=\"\" srcset=\"https:\/\/fmp-components.com\/wp-content\/uploads\/2024\/12\/fmp_agricultural-gearbox-HC-RC31.webp 400w, https:\/\/fmp-components.com\/wp-content\/uploads\/2024\/12\/fmp_agricultural-gearbox-HC-RC31-300x300.webp 300w, https:\/\/fmp-components.com\/wp-content\/uploads\/2024\/12\/fmp_agricultural-gearbox-HC-RC31-150x150.webp 150w, https:\/\/fmp-components.com\/wp-content\/uploads\/2024\/12\/fmp_agricultural-gearbox-HC-RC31-12x12.webp 12w, https:\/\/fmp-components.com\/wp-content\/uploads\/2024\/12\/fmp_agricultural-gearbox-HC-RC31-100x100.webp 100w\" sizes=\"(max-width: 400px) 100vw, 400px\" \/><\/td>\n<\/tr>\n<\/tbody>\n<\/table>\n<p>&nbsp;<\/p>\n<table style=\"width: 99.0815%; height: 208px;\" border=\"1\" cellspacing=\"0\" cellpadding=\"0\">\n<tbody>\n<tr>\n<td><strong>ITEM<\/strong><\/td>\n<td>Caixa de engrenagens do cortador de grama FMP-RC30-193<\/td>\n<\/tr>\n<tr>\n<td><strong>Raz\u00e3o<\/strong><\/td>\n<td>1:1.93<\/td>\n<\/tr>\n<tr>\n<td><strong>Dentes<\/strong><\/td>\n<td>15\/29<\/td>\n<\/tr>\n<tr>\n<td><strong>M\u00f3dulo<\/strong><\/td>\n<td>4.0<\/td>\n<\/tr>\n<tr>\n<td><strong>Pot\u00eancia (HP)<\/strong><\/td>\n<td>30<\/td>\n<\/tr>\n<tr>\n<td><strong>Entrada nominal<\/strong><\/td>\n<td>540 rpm<\/td>\n<\/tr>\n<tr>\n<td><strong>Descri\u00e7\u00e3o de entrada\/sa\u00edda<\/strong><\/td>\n<td>1-3\/8 Z6\u03c631.75 Eixo \u00f3ptico<\/td>\n<\/tr>\n<tr>\n<td><strong>Peso (NW)<\/strong><\/td>\n<td>24,5 kg<\/td>\n<\/tr>\n<\/tbody>\n<\/table>\n<h2>Caixa de engrenagens para cortadores de grama agr\u00edcolas FMP-RC31-193 e FMP-RC31-147<\/h2>\n<p>A FMP oferece uma gama de caixas de engrenagens de alto desempenho para cortadores de grama agr\u00edcolas, projetadas para atender \u00e0s demandas de diversas aplica\u00e7\u00f5es de manuten\u00e7\u00e3o de gramados. Entre nossos modelos de destaque est\u00e3o o FMP-RC31-193 e o FMP-RC31-147, que oferecem confiabilidade, durabilidade e efici\u00eancia excepcionais. Ambos os modelos s\u00e3o projetados para proporcionar desempenho ideal para uma variedade de m\u00e1quinas agr\u00edcolas e industriais, garantindo opera\u00e7\u00e3o suave e alta produtividade.<\/p>\n<h3>Principais recursos do FMP-RC31-193 e FMP-RC31-147:<\/h3>\n<ol>\n<li><strong>Transmiss\u00e3o de alta efici\u00eancia e torque<\/strong>:\n<ul>\n<li>Ambas as caixas de engrenagens s\u00e3o projetadas para fornecer torque potente e alta efici\u00eancia, garantindo que seu cortador de grama ou m\u00e1quina agr\u00edcola opere com desempenho m\u00e1ximo.<\/li>\n<\/ul>\n<\/li>\n<li><strong>Durabilidade<\/strong>:\n<ul>\n<li>Constru\u00eddos com materiais de alta qualidade e engenharia avan\u00e7ada, os modelos FMP-RC31-193 e FMP-RC31-147 s\u00e3o projetados para suportar condi\u00e7\u00f5es de trabalho adversas e uso prolongado, proporcionando longa vida \u00fatil.<\/li>\n<\/ul>\n<\/li>\n<li><strong>Engenharia de Precis\u00e3o<\/strong>:\n<ul>\n<li>Esses modelos s\u00e3o fabricados com precis\u00e3o para garantir folga e ru\u00eddo m\u00ednimos, proporcionando uma opera\u00e7\u00e3o suave para seu cortador de grama ou outro equipamento agr\u00edcola.<\/li>\n<\/ul>\n<\/li>\n<li><strong>Versatilidade<\/strong>:\n<ul>\n<li>As caixas de engrenagens FMP-RC31-193 e FMP-RC31-147 podem ser facilmente integradas a uma variedade de m\u00e1quinas agr\u00edcolas, oferecendo flexibilidade na instala\u00e7\u00e3o e no uso. Ambos os modelos s\u00e3o adapt\u00e1veis \u200b\u200ba diferentes requisitos de pot\u00eancia e pot\u00eancia.<\/li>\n<\/ul>\n<\/li>\n<li><strong>Baixa manuten\u00e7\u00e3o<\/strong>:\n<ul>\n<li>Projetadas para desgaste m\u00ednimo, ambas as caixas de engrenagens exigem manuten\u00e7\u00e3o menos frequente, reduzindo o tempo de inatividade e melhorando a efici\u00eancia operacional.<\/li>\n<\/ul>\n<\/li>\n<li><strong>Opera\u00e7\u00e3o silenciosa<\/strong>:\n<ul>\n<li>Gra\u00e7as \u00e0 fabrica\u00e7\u00e3o avan\u00e7ada e aos materiais de alta qualidade, as caixas de engrenagens FMP-RC31-193 e FMP-RC31-147 s\u00e3o projetadas para uma opera\u00e7\u00e3o silenciosa e suave, reduzindo o ru\u00eddo durante o uso.<\/li>\n<\/ul>\n<\/li>\n<\/ol>\n<p><img loading=\"lazy\" decoding=\"async\" class=\"alignnone size-full wp-image-2009\" src=\"https:\/\/fmp-components.com\/wp-content\/uploads\/2024\/12\/Lawn-Mower-Gearbox-Suppliers-6.webp\" alt=\"Caixa de engrenagens do cortador de grama\" width=\"1000\" height=\"445\" title=\"\" srcset=\"https:\/\/fmp-components.com\/wp-content\/uploads\/2024\/12\/Lawn-Mower-Gearbox-Suppliers-6.webp 1000w, https:\/\/fmp-components.com\/wp-content\/uploads\/2024\/12\/Lawn-Mower-Gearbox-Suppliers-6-980x436.webp 980w, https:\/\/fmp-components.com\/wp-content\/uploads\/2024\/12\/Lawn-Mower-Gearbox-Suppliers-6-480x214.webp 480w\" sizes=\"(min-width: 0px) and (max-width: 480px) 480px, (min-width: 481px) and (max-width: 980px) 980px, (min-width: 981px) 1000px, 100vw\" \/><\/p>\n<h3>Aplica\u00e7\u00f5es:<\/h3>\n<p>O FMP-RC31-193 e o FMP-RC31-147 s\u00e3o ideais para uso em:<\/p>\n<ul>\n<li><strong>Cortadores rotativos<\/strong><\/li>\n<li><strong>Equipamentos de manuten\u00e7\u00e3o de gramados<\/strong><\/li>\n<li><strong>Maquinaria agr\u00edcola<\/strong><\/li>\n<li><strong>Cortadores e cortadores rotativos<\/strong><\/li>\n<li><strong>Sistemas de corte de campo<\/strong><\/li>\n<\/ul>\n<h3>Por que escolher FMP-RC31-193 e FMP-RC31-147?<\/h3>\n<p>As caixas de engrenagens da FMP s\u00e3o projetadas para atender \u00e0s necessidades espec\u00edficas de m\u00e1quinas agr\u00edcolas, combinando resist\u00eancia, precis\u00e3o e confiabilidade. Seja para substituir ou projetar um novo sistema, esses modelos oferecem uma solu\u00e7\u00e3o eficiente e dur\u00e1vel para suas necessidades agr\u00edcolas.<\/p>\n<p>A FMP entende que cada aplica\u00e7\u00e3o \u00e9 \u00fanica. Por isso, oferecemos op\u00e7\u00f5es de personaliza\u00e7\u00e3o para atender a requisitos operacionais espec\u00edficos. Seja para uma rela\u00e7\u00e3o de entrada\/sa\u00edda de pot\u00eancia personalizada ou configura\u00e7\u00f5es de montagem espec\u00edficas, podemos ajudar a projetar a solu\u00e7\u00e3o perfeita para as suas necessidades.<\/p>\n<p>Para mais informa\u00e7\u00f5es ou para solicitar um or\u00e7amento, entre em contato com nossa equipe na FMP. Temos o compromisso de fornecer caixas de engrenagens da mais alta qualidade e um servi\u00e7o excepcional para atender a todas as suas necessidades em m\u00e1quinas agr\u00edcolas.<\/p>\n<p><img loading=\"lazy\" decoding=\"async\" class=\"alignnone size-full wp-image-1994\" src=\"https:\/\/fmp-components.com\/wp-content\/uploads\/2024\/12\/Lawn-Mower-Gearbox-7.webp\" alt=\"Caixa de engrenagens do cortador de grama\" width=\"1502\" height=\"805\" title=\"\" srcset=\"https:\/\/fmp-components.com\/wp-content\/uploads\/2024\/12\/Lawn-Mower-Gearbox-7.webp 1502w, https:\/\/fmp-components.com\/wp-content\/uploads\/2024\/12\/Lawn-Mower-Gearbox-7-1280x686.webp 1280w, https:\/\/fmp-components.com\/wp-content\/uploads\/2024\/12\/Lawn-Mower-Gearbox-7-980x525.webp 980w, https:\/\/fmp-components.com\/wp-content\/uploads\/2024\/12\/Lawn-Mower-Gearbox-7-480x257.webp 480w\" sizes=\"(min-width: 0px) and (max-width: 480px) 480px, (min-width: 481px) and (max-width: 980px) 980px, (min-width: 981px) and (max-width: 1280px) 1280px, (min-width: 1281px) 1502px, 100vw\" \/><\/p>\n<h3>Sobre a FMP<\/h3>\n<p>Com sede na It\u00e1lia, a FMP \u00e9 uma fabricante l\u00edder reconhecida por sua expertise em projeto, desenvolvimento e produ\u00e7\u00e3o de caixas de engrenagens de alto desempenho para m\u00e1quinas agr\u00edcolas. Estamos comprometidos com engenharia de precis\u00e3o, inova\u00e7\u00e3o e confiabilidade. Nossa linha de produtos inclui caixas de engrenagens para cortadores de grama e componentes essenciais, como eixos de tomada de for\u00e7a, visando fornecer solu\u00e7\u00f5es personalizadas para os setores agr\u00edcola e industrial. Sejam componentes individuais ou sistemas totalmente integrados, focamos em atender \u00e0s necessidades exclusivas de nossos clientes.<\/p>\n<p>Na FMP, entendemos que cada cliente possui necessidades espec\u00edficas, por isso nos especializamos em fornecer solu\u00e7\u00f5es personalizadas. De caixas de engrenagens especializadas a sistemas completos, colaboramos estreitamente com nossos clientes para garantir as solu\u00e7\u00f5es mais eficazes e eficientes. Nossas respostas r\u00e1pidas e profissionais, aliadas a consultoria especializada, garantem que cada consulta seja tratada com cuidado e precis\u00e3o.<\/p>\n<p>Priorizamos a comunica\u00e7\u00e3o aberta e cont\u00ednua com nossos clientes, especialmente quando se trata do desenvolvimento de novos produtos. Nossa equipe trabalha diretamente com os clientes para compreender plenamente seus desafios e oferecer insights que levem a solu\u00e7\u00f5es ideais. Seja projetando novos produtos ou atendendo a pedidos existentes, temos o compromisso de entregar produtos de alta qualidade e engenharia de precis\u00e3o dentro do prazo.<\/p>\n<p>A qualidade \u00e9 a base de tudo o que fazemos na FMP. Nossos processos de fabrica\u00e7\u00e3o seguem os mais altos padr\u00f5es de precis\u00e3o e zero defeitos. Implementamos rigorosos procedimentos de controle de qualidade para garantir que cada produto atenda ou exceda os padr\u00f5es da ind\u00fastria. Essa dedica\u00e7\u00e3o \u00e0 qualidade, aliada aos nossos valores fundamentais de integridade, trabalho em equipe e perseveran\u00e7a, nos permitiu construir relacionamentos s\u00f3lidos e duradouros com clientes em quase 30 pa\u00edses.<\/p>\n<p>A FMP est\u00e1 sempre aberta a parcerias globais e comprometida em oferecer consultoria especializada e solu\u00e7\u00f5es personalizadas. Nossa abordagem vai al\u00e9m da simples entrega de produtos \u2014 focamos em cultivar relacionamentos de longo prazo com nossos clientes, garantindo seu sucesso em cada projeto. Seja para solu\u00e7\u00f5es inovadoras para um novo projeto ou suporte para um sistema existente, a FMP se dedica a enfrentar seus desafios t\u00e9cnicos e garantir seu sucesso cont\u00ednuo.<\/p>\n<p><img loading=\"lazy\" decoding=\"async\" class=\"alignnone size-full wp-image-1861\" src=\"https:\/\/fmp-components.com\/wp-content\/uploads\/2024\/12\/Other-Agricultural-Gearboxes.webp\" sizes=\"(min-width: 0px) and (max-width: 480px) 480px, (min-width: 481px) and (max-width: 980px) 980px, (min-width: 981px) 1200px, 100vw\" srcset=\"https:\/\/fmp-components.com\/wp-content\/uploads\/2024\/12\/Other-Agricultural-Gearboxes.webp 1200w, https:\/\/fmp-components.com\/wp-content\/uploads\/2024\/12\/Other-Agricultural-Gearboxes-980x1143.webp 980w, https:\/\/fmp-components.com\/wp-content\/uploads\/2024\/12\/Other-Agricultural-Gearboxes-480x560.webp 480w\" alt=\"Altri-cambi-agr\u00edcola\" width=\"1200\" height=\"1400\" title=\"\"><\/p>\n<p>Autor: CX<\/p>","protected":false},"excerpt":{"rendered":"<p>Specification \u00a0 &nbsp; ITEM Lawnmower Gearbox FMP-RC30-193 Ratio 1:1.93 Teeth 15\/29 Module 4.0 Power(HP) 30 Rated Input 540rpm Input\/Output Description 1-3\/8 Z6\u03c631.75 Optic axis Weight(N.W) 24.5KG Agricultural Lawn Mower Gearbox FMP-RC31-193 &amp; FMP-RC31-147 FMP offers a range of high-performance agricultural lawn mower gearboxes designed to meet the demands of various lawn maintenance applications. Among our [&hellip;]<\/p>","protected":false},"featured_media":2023,"comment_status":"open","ping_status":"closed","template":"","meta":{"_et_pb_use_builder":"","_et_pb_old_content":"","_et_gb_content_width":""},"product_brand":[],"product_cat":[52],"product_tag":[],"class_list":{"0":"post-2020","1":"product","2":"type-product","3":"status-publish","4":"has-post-thumbnail","6":"product_cat-lawn-mower-gearbox","8":"first","9":"instock","10":"shipping-taxable","11":"product-type-simple"},"_links":{"self":[{"href":"https:\/\/fmp-components.com\/pt\/wp-json\/wp\/v2\/product\/2020","targetHints":{"allow":["GET"]}}],"collection":[{"href":"https:\/\/fmp-components.com\/pt\/wp-json\/wp\/v2\/product"}],"about":[{"href":"https:\/\/fmp-components.com\/pt\/wp-json\/wp\/v2\/types\/product"}],"replies":[{"embeddable":true,"href":"https:\/\/fmp-components.com\/pt\/wp-json\/wp\/v2\/comments?post=2020"}],"wp:featuredmedia":[{"embeddable":true,"href":"https:\/\/fmp-components.com\/pt\/wp-json\/wp\/v2\/media\/2023"}],"wp:attachment":[{"href":"https:\/\/fmp-components.com\/pt\/wp-json\/wp\/v2\/media?parent=2020"}],"wp:term":[{"taxonomy":"product_brand","embeddable":true,"href":"https:\/\/fmp-components.com\/pt\/wp-json\/wp\/v2\/product_brand?post=2020"},{"taxonomy":"product_cat","embeddable":true,"href":"https:\/\/fmp-components.com\/pt\/wp-json\/wp\/v2\/product_cat?post=2020"},{"taxonomy":"product_tag","embeddable":true,"href":"https:\/\/fmp-components.com\/pt\/wp-json\/wp\/v2\/product_tag?post=2020"}],"curies":[{"name":"wp","href":"https:\/\/api.w.org\/{rel}","templated":true}]}}