{"id":2015,"date":"2024-12-27T01:18:55","date_gmt":"2024-12-27T01:18:55","guid":{"rendered":"https:\/\/fmp-components.com\/?page_id=8"},"modified":"2026-03-18T03:40:47","modified_gmt":"2026-03-18T03:40:47","slug":"agricultural-lawn-mower-gearbox-fmp-rc30-193","status":"publish","type":"product","link":"https:\/\/fmp-components.com\/pt\/product\/agricultural-lawn-mower-gearbox-fmp-rc30-193\/","title":{"rendered":"Caixa de engrenagens para cortador de grama agr\u00edcola FMP-RC30-193"},"content":{"rendered":"<h2>Especifica\u00e7\u00e3o da caixa de engrenagens do cortador de grama agr\u00edcola FMP-RC30-193<\/h2>\n<table style=\"width: 96.2203%; height: 596px;\" border=\"1\" width=\"100%\" cellspacing=\"0\" cellpadding=\"0\">\n<tbody>\n<tr>\n<td width=\"110\">\u00a0<img loading=\"lazy\" decoding=\"async\" class=\"alignnone size-full wp-image-2017\" src=\"https:\/\/fmp-components.com\/wp-content\/uploads\/2024\/12\/fmp_agricultural-gearbox-HC-RC30-193-2.webp\" alt=\"fmp_caixa-de-engrenagens-agr\u00edcola-HC-RC30-193-2\" width=\"400\" height=\"537\" title=\"\" srcset=\"https:\/\/fmp-components.com\/wp-content\/uploads\/2024\/12\/fmp_agricultural-gearbox-HC-RC30-193-2.webp 400w, https:\/\/fmp-components.com\/wp-content\/uploads\/2024\/12\/fmp_agricultural-gearbox-HC-RC30-193-2-223x300.webp 223w, https:\/\/fmp-components.com\/wp-content\/uploads\/2024\/12\/fmp_agricultural-gearbox-HC-RC30-193-2-9x12.webp 9w\" sizes=\"(max-width: 400px) 100vw, 400px\" \/><\/td>\n<td width=\"98\"><img loading=\"lazy\" decoding=\"async\" class=\"alignnone size-full wp-image-2016\" src=\"https:\/\/fmp-components.com\/wp-content\/uploads\/2024\/12\/fmp_agricultural-gearbox-HC-RC30-193.webp\" alt=\"fmp_caixa-de-engrenagens-agr\u00edcola-HC-RC30-193\" width=\"400\" height=\"400\" title=\"\" srcset=\"https:\/\/fmp-components.com\/wp-content\/uploads\/2024\/12\/fmp_agricultural-gearbox-HC-RC30-193.webp 400w, https:\/\/fmp-components.com\/wp-content\/uploads\/2024\/12\/fmp_agricultural-gearbox-HC-RC30-193-300x300.webp 300w, https:\/\/fmp-components.com\/wp-content\/uploads\/2024\/12\/fmp_agricultural-gearbox-HC-RC30-193-150x150.webp 150w, https:\/\/fmp-components.com\/wp-content\/uploads\/2024\/12\/fmp_agricultural-gearbox-HC-RC30-193-12x12.webp 12w, https:\/\/fmp-components.com\/wp-content\/uploads\/2024\/12\/fmp_agricultural-gearbox-HC-RC30-193-100x100.webp 100w\" sizes=\"(max-width: 400px) 100vw, 400px\" \/><\/td>\n<\/tr>\n<\/tbody>\n<\/table>\n<table style=\"width: 98.1069%; height: 204px;\" border=\"1\" cellspacing=\"0\" cellpadding=\"0\">\n<tbody>\n<tr>\n<td><strong>ITEM<\/strong><\/td>\n<td>Caixa de engrenagens do cortador de grama FMP-RC30-193<\/td>\n<\/tr>\n<tr>\n<td><strong>Raz\u00e3o<\/strong><\/td>\n<td>1:1.93<\/td>\n<\/tr>\n<tr>\n<td><strong>Dentes<\/strong><\/td>\n<td>15\/29<\/td>\n<\/tr>\n<tr>\n<td><strong>M\u00f3dulo<\/strong><\/td>\n<td>4.0<\/td>\n<\/tr>\n<tr>\n<td><strong>Pot\u00eancia (HP)<\/strong><\/td>\n<td>30<\/td>\n<\/tr>\n<tr>\n<td><strong>Entrada nominal<\/strong><\/td>\n<td>540 rpm<\/td>\n<\/tr>\n<tr>\n<td><strong>Descri\u00e7\u00e3o de entrada\/sa\u00edda<\/strong><\/td>\n<td>1-3\/8 Z6\u03c631.75 Eixo \u00f3ptico<\/td>\n<\/tr>\n<tr>\n<td><strong>Peso (NW)<\/strong><\/td>\n<td>24,5 kg<\/td>\n<\/tr>\n<\/tbody>\n<\/table>\n<h2>Eixos de tomada de for\u00e7a e caixas de engrenagens agr\u00edcolas<\/h2>\n<p>Eixos de tomada de for\u00e7a e caixas de engrenagens agr\u00edcolas s\u00e3o componentes essenciais que trabalham em conjunto para transferir pot\u00eancia mec\u00e2nica entre tratores agr\u00edcolas e seus implementos acoplados. Esses sistemas desempenham um papel crucial para garantir o bom funcionamento de diversas m\u00e1quinas agr\u00edcolas, permitindo que os tratores executem com efici\u00eancia tarefas como lavrar, cortar a grama e transportar cargas pesadas.<\/p>\n<p>O eixo da tomada de for\u00e7a (TDP) \u00e9 um elo vital entre o trator e o equipamento agr\u00edcola. Ele converte a energia rotacional do motor em energia mec\u00e2nica que aciona diversas ferramentas e m\u00e1quinas agr\u00edcolas. Ao transferir a pot\u00eancia do motor para outros implementos, como cortadores de grama, enfardadeiras e arados, o eixo da TDP permite que o trator execute diversas tarefas com facilidade. Quando funcionando corretamente, o eixo da TDP aumenta a versatilidade e a efici\u00eancia operacional do trator. Al\u00e9m disso, ajuda a reduzir o desgaste do motor e de outros sistemas do trator, garantindo um desempenho duradouro.<\/p>\n<p>Uma vantagem fundamental de um eixo de tomada de for\u00e7a \u00e9 sua capacidade de lidar com cargas pesadas sem comprometer o motor do trator. Quando usado corretamente, minimiza o risco de danos ao trator e ao operador. No entanto, como qualquer componente mec\u00e2nico, o eixo de tomada de for\u00e7a pode se desgastar com o tempo, especialmente se n\u00e3o receber a manuten\u00e7\u00e3o adequada. Inspe\u00e7\u00f5es regulares, lubrifica\u00e7\u00e3o e substitui\u00e7\u00e3o oportuna de pe\u00e7as desgastadas s\u00e3o essenciais para manter o sistema de tomada de for\u00e7a funcionando com efici\u00eancia e seguran\u00e7a.<\/p>\n<p>A caixa de engrenagens agr\u00edcolas trabalha em conjunto com o eixo da tomada de for\u00e7a, transferindo e modulando a pot\u00eancia mec\u00e2nica para atender \u00e0s demandas espec\u00edficas do equipamento acionado. Ela garante que a velocidade e o torque adequados sejam aplicados, dependendo da tarefa em quest\u00e3o. As caixas de engrenagens agr\u00edcolas est\u00e3o dispon\u00edveis em diversas configura\u00e7\u00f5es, incluindo caixas de engrenagens c\u00f4nicas, caixas de engrenagens sem-fim e caixas de engrenagens planet\u00e1rias, cada uma projetada para atender a necessidades operacionais espec\u00edficas. Por exemplo, as caixas de engrenagens para cortadores de grama devem fornecer torque consistente e eficiente enquanto operam em velocidades mais baixas para garantir um corte preciso.<\/p>\n<p>Ao escolher uma caixa de engrenagens agr\u00edcola, \u00e9 importante considerar fatores como durabilidade, mecanismo e qualidade do material. Uma caixa de engrenagens dur\u00e1vel, feita de materiais de alta resist\u00eancia, durar\u00e1 muitos anos, reduzindo a frequ\u00eancia de substitui\u00e7\u00f5es e os custos de manuten\u00e7\u00e3o. Caixas de engrenagens de alta qualidade s\u00e3o constru\u00eddas para suportar condi\u00e7\u00f5es operacionais adversas, incluindo exposi\u00e7\u00e3o a poeira, umidade e cargas pesadas, tornando-as um investimento essencial para opera\u00e7\u00f5es agr\u00edcolas de longo prazo.<\/p>\n<p>A longevidade da caixa de engrenagens impacta diretamente o desempenho geral e a rela\u00e7\u00e3o custo-benef\u00edcio das m\u00e1quinas agr\u00edcolas. Investir em uma caixa de engrenagens bem constru\u00edda garante que ela continue a apresentar o desempenho ideal ao longo de sua vida \u00fatil, evitando reparos ou substitui\u00e7\u00f5es dispendiosas. Isso \u00e9 particularmente importante para agricultores que dependem de suas m\u00e1quinas para as opera\u00e7\u00f5es di\u00e1rias, pois paradas inesperadas podem levar a perdas significativas de produtividade.<\/p>\n<p>Concluindo, tanto os eixos de tomada de for\u00e7a quanto as caixas de engrenagens agr\u00edcolas s\u00e3o componentes essenciais para a opera\u00e7\u00e3o eficiente de equipamentos agr\u00edcolas. Ao adquirir esses produtos, \u00e9 essencial escolher op\u00e7\u00f5es dur\u00e1veis \u200b\u200be de alta qualidade que atendam \u00e0s suas necessidades espec\u00edficas. Considere fatores como a resist\u00eancia do material, os requisitos de manuten\u00e7\u00e3o e o tipo de tarefas que sua m\u00e1quina executar\u00e1. Ao selecionar os componentes certos, voc\u00ea pode garantir que seu trator e equipamento operem de forma suave, segura e eficiente por muitos anos.<\/p>\n<table style=\"width: 100.747%; height: 471px;\" border=\"1\" cellspacing=\"0\" cellpadding=\"0\">\n<tbody>\n<tr style=\"height: 468px;\">\n<td style=\"width: 49.0831%; height: 468px;\" width=\"110\"><img loading=\"lazy\" decoding=\"async\" class=\"alignnone size-full wp-image-2018\" src=\"https:\/\/fmp-components.com\/wp-content\/uploads\/2024\/12\/PTO-Shafts-and-Agricultural-Gearboxes-1.webp\" alt=\"Eixos de tomada de for\u00e7a e caixas de engrenagens agr\u00edcolas\" width=\"600\" height=\"600\" title=\"\" srcset=\"https:\/\/fmp-components.com\/wp-content\/uploads\/2024\/12\/PTO-Shafts-and-Agricultural-Gearboxes-1.webp 600w, https:\/\/fmp-components.com\/wp-content\/uploads\/2024\/12\/PTO-Shafts-and-Agricultural-Gearboxes-1-480x480.webp 480w\" sizes=\"(min-width: 0px) and (max-width: 480px) 480px, (min-width: 481px) 600px, 100vw\" \/><\/td>\n<td style=\"width: 50.7012%; height: 468px;\" width=\"98\"><img loading=\"lazy\" decoding=\"async\" class=\"alignnone wp-image-2019\" src=\"https:\/\/fmp-components.com\/wp-content\/uploads\/2024\/12\/PTO-Shafts-and-Agricultural-Gearboxes.webp\" alt=\"Eixos de tomada de for\u00e7a e caixas de engrenagens agr\u00edcolas\" width=\"474\" height=\"474\" title=\"\"><\/td>\n<\/tr>\n<\/tbody>\n<\/table>\n<h3>Sobre a FMP<\/h3>\n<p>Com sede na It\u00e1lia, a FMP \u00e9 uma fabricante l\u00edder, reconhecida por sua expertise em projeto e produ\u00e7\u00e3o de caixas de engrenagens de alto desempenho para m\u00e1quinas agr\u00edcolas. Reconhecida por nossa engenharia de precis\u00e3o, inova\u00e7\u00e3o e confiabilidade, oferecemos uma ampla gama de produtos, incluindo caixas de engrenagens para cortadores de grama e componentes essenciais, como eixos de tomada de for\u00e7a. Nossa miss\u00e3o \u00e9 fornecer solu\u00e7\u00f5es personalizadas que atendam \u00e0s necessidades espec\u00edficas dos setores agr\u00edcola e industrial, fornecendo produtos individuais e sistemas totalmente integrados.<\/p>\n<p>Na FMP, entendemos que cada cliente tem necessidades espec\u00edficas, e \u00e9 por isso que nos especializamos em personalizar nossos produtos de acordo com elas. Seja uma caixa de engrenagens especializada ou um sistema completo, trabalhamos em estreita colabora\u00e7\u00e3o com voc\u00ea para oferecer a solu\u00e7\u00e3o mais eficaz e eficiente. Nosso compromisso com a satisfa\u00e7\u00e3o do cliente se reflete em nossas respostas r\u00e1pidas e profissionais, al\u00e9m de orienta\u00e7\u00e3o especializada, garantindo que cada solicita\u00e7\u00e3o seja tratada com cuidado e precis\u00e3o.<\/p>\n<p>Valorizamos muito a comunica\u00e7\u00e3o aberta e a colabora\u00e7\u00e3o cont\u00ednua com nossos clientes, especialmente no desenvolvimento de novos produtos. Nossa equipe trabalha em estreita colabora\u00e7\u00e3o com os clientes para compreender plenamente seus desafios e oferecer insights que levem a solu\u00e7\u00f5es ideais. Seja desenvolvendo novos produtos ou atendendo a pedidos existentes, temos o compromisso de entregar produtos de alta qualidade e engenharia de precis\u00e3o dentro do prazo.<\/p>\n<p>A qualidade \u00e9 a base de tudo o que fazemos na FMP. Nossos processos de fabrica\u00e7\u00e3o seguem os mais altos padr\u00f5es de precis\u00e3o e exatid\u00e3o, garantindo que todos os produtos estejam livres de defeitos. Implementamos rigorosos controles de qualidade para garantir que todos os nossos produtos atendam ou superem os padr\u00f5es da ind\u00fastria. Esse foco inabal\u00e1vel na qualidade, aliado aos nossos valores fundamentais de integridade, trabalho em equipe e perseveran\u00e7a, nos ajudou a estabelecer relacionamentos duradouros com clientes em quase 30 pa\u00edses ao redor do mundo.<\/p>\n<p>A FMP est\u00e1 sempre aberta a estabelecer parcerias globais, oferecendo consultoria especializada e solu\u00e7\u00f5es personalizadas. Nossa abordagem vai al\u00e9m do simples fornecimento de produtos \u2014 buscamos cultivar relacionamentos de longo prazo que promovam o sucesso m\u00fatuo. Seja para novas solu\u00e7\u00f5es ou suporte para sistemas existentes, a FMP se dedica a enfrentar seus desafios t\u00e9cnicos e garantir seu sucesso cont\u00ednuo.<\/p>\n<p><img loading=\"lazy\" decoding=\"async\" class=\"alignnone size-full wp-image-1861\" src=\"https:\/\/fmp-components.com\/wp-content\/uploads\/2024\/12\/Other-Agricultural-Gearboxes.webp\" sizes=\"(min-width: 0px) and (max-width: 480px) 480px, (min-width: 481px) and (max-width: 980px) 980px, (min-width: 981px) 1200px, 100vw\" srcset=\"https:\/\/fmp-components.com\/wp-content\/uploads\/2024\/12\/Other-Agricultural-Gearboxes.webp 1200w, https:\/\/fmp-components.com\/wp-content\/uploads\/2024\/12\/Other-Agricultural-Gearboxes-980x1143.webp 980w, https:\/\/fmp-components.com\/wp-content\/uploads\/2024\/12\/Other-Agricultural-Gearboxes-480x560.webp 480w\" alt=\"Altri-cambi-agr\u00edcola\" width=\"1200\" height=\"1400\" title=\"\"><\/p>\n<p>Autor: CX<\/p>","protected":false},"excerpt":{"rendered":"<p>Agricultural Lawn Mower Gearbox FMP-RC30-193 Specification \u00a0 ITEM Lawnmower Gearbox FMP-RC30-193 Ratio 1:1.93 Teeth 15\/29 Module 4.0 Power(HP) 30 Rated Input 540rpm Input\/Output Description 1-3\/8 Z6\u03c631.75 Optic axis Weight(N.W) 24.5KG PTO Shafts and Agricultural Gearboxes PTO shafts and agricultural gearboxes are essential components that work in tandem to transfer mechanical power between farm tractors and [&hellip;]<\/p>","protected":false},"featured_media":2016,"comment_status":"open","ping_status":"closed","template":"","meta":{"_et_pb_use_builder":"","_et_pb_old_content":"","_et_gb_content_width":""},"product_brand":[],"product_cat":[52],"product_tag":[],"class_list":{"0":"post-2015","1":"product","2":"type-product","3":"status-publish","4":"has-post-thumbnail","6":"product_cat-lawn-mower-gearbox","8":"first","9":"instock","10":"shipping-taxable","11":"product-type-simple"},"_links":{"self":[{"href":"https:\/\/fmp-components.com\/pt\/wp-json\/wp\/v2\/product\/2015","targetHints":{"allow":["GET"]}}],"collection":[{"href":"https:\/\/fmp-components.com\/pt\/wp-json\/wp\/v2\/product"}],"about":[{"href":"https:\/\/fmp-components.com\/pt\/wp-json\/wp\/v2\/types\/product"}],"replies":[{"embeddable":true,"href":"https:\/\/fmp-components.com\/pt\/wp-json\/wp\/v2\/comments?post=2015"}],"wp:featuredmedia":[{"embeddable":true,"href":"https:\/\/fmp-components.com\/pt\/wp-json\/wp\/v2\/media\/2016"}],"wp:attachment":[{"href":"https:\/\/fmp-components.com\/pt\/wp-json\/wp\/v2\/media?parent=2015"}],"wp:term":[{"taxonomy":"product_brand","embeddable":true,"href":"https:\/\/fmp-components.com\/pt\/wp-json\/wp\/v2\/product_brand?post=2015"},{"taxonomy":"product_cat","embeddable":true,"href":"https:\/\/fmp-components.com\/pt\/wp-json\/wp\/v2\/product_cat?post=2015"},{"taxonomy":"product_tag","embeddable":true,"href":"https:\/\/fmp-components.com\/pt\/wp-json\/wp\/v2\/product_tag?post=2015"}],"curies":[{"name":"wp","href":"https:\/\/api.w.org\/{rel}","templated":true}]}}