{"id":2011,"date":"2024-12-27T01:08:17","date_gmt":"2024-12-27T01:08:17","guid":{"rendered":"https:\/\/fmp-components.com\/?page_id=8"},"modified":"2024-12-27T01:08:49","modified_gmt":"2024-12-27T01:08:49","slug":"agricultural-lawn-mower-gearbox-fmp-x30","status":"publish","type":"product","link":"https:\/\/fmp-components.com\/pt\/product\/agricultural-lawn-mower-gearbox-fmp-x30\/","title":{"rendered":"Caixa de engrenagens para cortador de grama agr\u00edcola FMP-X30"},"content":{"rendered":"<h2>Especifica\u00e7\u00f5es da caixa de engrenagens para cortador de grama agr\u00edcola FMP-X30<\/h2>\n<table style=\"width: 96.2203%; height: 596px;\" border=\"1\" width=\"100%\" cellspacing=\"0\" cellpadding=\"0\">\n<tbody>\n<tr>\n<td width=\"110\"><img loading=\"lazy\" decoding=\"async\" class=\"alignnone size-full wp-image-2013\" src=\"https:\/\/fmp-components.com\/wp-content\/uploads\/2024\/12\/FMP_agricultural-gearbox-HC-X30-2.webp\" alt=\"FMP_caixa-de-engrenagens-agr\u00edcola-HC-X30-2\" width=\"500\" height=\"640\" title=\"\" srcset=\"https:\/\/fmp-components.com\/wp-content\/uploads\/2024\/12\/FMP_agricultural-gearbox-HC-X30-2.webp 500w, https:\/\/fmp-components.com\/wp-content\/uploads\/2024\/12\/FMP_agricultural-gearbox-HC-X30-2-480x614.webp 480w\" sizes=\"(min-width: 0px) and (max-width: 480px) 480px, (min-width: 481px) 500px, 100vw\" \/><\/td>\n<td width=\"98\"><img loading=\"lazy\" decoding=\"async\" class=\"alignnone size-full wp-image-2014\" src=\"https:\/\/fmp-components.com\/wp-content\/uploads\/2024\/12\/FMP_agricultural-gearbox-HC-X30.webp\" alt=\"FMP_caixa de engrenagens-agr\u00edcola-HC-X30\" width=\"400\" height=\"400\" title=\"\" srcset=\"https:\/\/fmp-components.com\/wp-content\/uploads\/2024\/12\/FMP_agricultural-gearbox-HC-X30.webp 400w, https:\/\/fmp-components.com\/wp-content\/uploads\/2024\/12\/FMP_agricultural-gearbox-HC-X30-300x300.webp 300w, https:\/\/fmp-components.com\/wp-content\/uploads\/2024\/12\/FMP_agricultural-gearbox-HC-X30-150x150.webp 150w, https:\/\/fmp-components.com\/wp-content\/uploads\/2024\/12\/FMP_agricultural-gearbox-HC-X30-12x12.webp 12w, https:\/\/fmp-components.com\/wp-content\/uploads\/2024\/12\/FMP_agricultural-gearbox-HC-X30-100x100.webp 100w\" sizes=\"(max-width: 400px) 100vw, 400px\" \/><\/td>\n<\/tr>\n<\/tbody>\n<\/table>\n<table style=\"width: 95.4348%; height: 240px;\" border=\"1\">\n<tbody>\n<tr>\n<td><strong>ITEM<\/strong><\/td>\n<td><strong>FMP\u201301-609<\/strong><\/td>\n<td><strong>FMP\u201301-723<\/strong><\/td>\n<td><strong>FMP\u201301-611<\/strong><\/td>\n<\/tr>\n<tr>\n<td><strong>Raz\u00e3o<\/strong><\/td>\n<td>1:1.47<\/td>\n<td>1:1.69<\/td>\n<td>1:1.93<\/td>\n<\/tr>\n<tr>\n<td><strong>Dentes<\/strong><\/td>\n<td>15\/22<\/td>\n<td>13\/22<\/td>\n<td>15\/29<\/td>\n<\/tr>\n<tr>\n<td><strong>M\u00f3dulo<\/strong><\/td>\n<td>\u00a05.08<\/td>\n<td>5.0<\/td>\n<td>4.0<\/td>\n<\/tr>\n<tr>\n<td><strong>Pot\u00eancia (HP)<\/strong><\/td>\n<td>35<\/td>\n<td>35<\/td>\n<td>30<\/td>\n<\/tr>\n<tr>\n<td><strong>Entrada nominal<\/strong><\/td>\n<td>540 rpm<\/td>\n<td>540 rpm<\/td>\n<td>540 rpm<\/td>\n<\/tr>\n<tr>\n<td><strong>Descri\u00e7\u00e3o de entrada\/sa\u00edda<\/strong><\/td>\n<td colspan=\"3\">\u00a01 3\/8 Z6 Eixo \u00f3ptico Base c\u00f4nica eixo estriado equivalente<\/td>\n<\/tr>\n<tr>\n<td><strong>Peso (NW)<\/strong><\/td>\n<td colspan=\"3\">26,5 kg<\/td>\n<\/tr>\n<\/tbody>\n<\/table>\n<h3>Servi\u00e7o personalizado de caixas de engrenagens agr\u00edcolas<\/h3>\n<p>Oferecemos uma ampla gama de caixas de engrenagens para cortadores de grama, com a flexibilidade de produzir solu\u00e7\u00f5es personalizadas com base em suas necessidades espec\u00edficas. Seja qual for o desenho ou amostra que voc\u00ea nos fornecer, podemos fabricar caixas de engrenagens sob medida para suas necessidades. Abaixo est\u00e3o algumas das principais caracter\u00edsticas da nossa caixa de engrenagens EP-X30 para cortadores de grama agr\u00edcolas:<\/p>\n<ol>\n<li><strong>Alto torque de sa\u00edda<\/strong> \u2013 Oferece desempenho poderoso para aplica\u00e7\u00f5es exigentes.<\/li>\n<li><strong>Confi\u00e1vel e dur\u00e1vel<\/strong> \u2013 Projetado para seguran\u00e7a, confiabilidade e longa vida \u00fatil, garantindo opera\u00e7\u00e3o a longo prazo.<\/li>\n<li><strong>Transmiss\u00e3o est\u00e1vel e funcionamento silencioso<\/strong> \u2013 Funcionamento suave e silencioso para um ambiente de trabalho mais eficiente e confort\u00e1vel.<\/li>\n<li><strong>Alta capacidade de carga<\/strong> \u2013 Projetado para suportar cargas pesadas com facilidade.<\/li>\n<li><strong>Design modular<\/strong> \u2013 Facilmente adapt\u00e1vel a diversas fontes de alimenta\u00e7\u00e3o. O mesmo modelo de caixa de engrenagens pode ser equipado com diferentes tipos de motores, permitindo configura\u00e7\u00f5es e interconex\u00f5es f\u00e1ceis da m\u00e1quina.<\/li>\n<li><strong>Ampla faixa de transmiss\u00e3o<\/strong> \u2013 Oferece uma ampla gama de rela\u00e7\u00f5es de transmiss\u00e3o bem ajustadas, permitindo sa\u00eddas com velocidades de rota\u00e7\u00e3o muito baixas.<\/li>\n<li><strong>Instala\u00e7\u00e3o flex\u00edvel<\/strong> \u2013 Pode ser instalado em diversas posi\u00e7\u00f5es, proporcionando maior versatilidade no projeto da m\u00e1quina.<\/li>\n<li><strong>Alta resist\u00eancia<\/strong> \u2013 O corpo da caixa de engrenagens \u00e9 feito de ferro fundido de alta resist\u00eancia, enquanto as engrenagens e os eixos passam por cementa\u00e7\u00e3o gasosa, t\u00eampera e retifica\u00e7\u00e3o de precis\u00e3o, resultando em alta capacidade de carga.<\/li>\n<li><strong>Longa vida \u00fatil<\/strong> \u2013 Com a sele\u00e7\u00e3o e manuten\u00e7\u00e3o adequadas, a vida \u00fatil dos principais componentes da caixa de c\u00e2mbio (excluindo pe\u00e7as de desgaste) pode ultrapassar 20.000 horas.<\/li>\n<li><strong>Opera\u00e7\u00e3o de baixo ru\u00eddo<\/strong> \u2013 Os processos cr\u00edticos de fabrica\u00e7\u00e3o e teste garantem que a caixa de engrenagens funcione com o m\u00ednimo de ru\u00eddo.<\/li>\n<li><strong>Projeto de Engrenagens C\u00f4nicas de Eixos Paralelos<\/strong> \u2013 Apresenta uma configura\u00e7\u00e3o de roda c\u00f4nica com eixo paralelo para redu\u00e7\u00e3o de velocidade eficiente.<\/li>\n<\/ol>\n<p>Na FMP, temos o compromisso de fornecer caixas de engrenagens personalizadas de alta qualidade que atendam \u00e0s necessidades espec\u00edficas de suas m\u00e1quinas agr\u00edcolas. Seja um modelo padr\u00e3o ou uma solu\u00e7\u00e3o sob medida, trabalhamos em estreita colabora\u00e7\u00e3o com voc\u00ea para entregar os melhores resultados.<\/p>\n<p><img loading=\"lazy\" decoding=\"async\" class=\"alignnone size-full wp-image-2009\" src=\"https:\/\/fmp-components.com\/wp-content\/uploads\/2024\/12\/Lawn-Mower-Gearbox-Suppliers-6.webp\" alt=\"Caixa de engrenagens do cortador de grama\" width=\"1000\" height=\"445\" title=\"\" srcset=\"https:\/\/fmp-components.com\/wp-content\/uploads\/2024\/12\/Lawn-Mower-Gearbox-Suppliers-6.webp 1000w, https:\/\/fmp-components.com\/wp-content\/uploads\/2024\/12\/Lawn-Mower-Gearbox-Suppliers-6-980x436.webp 980w, https:\/\/fmp-components.com\/wp-content\/uploads\/2024\/12\/Lawn-Mower-Gearbox-Suppliers-6-480x214.webp 480w\" sizes=\"(min-width: 0px) and (max-width: 480px) 480px, (min-width: 481px) and (max-width: 980px) 980px, (min-width: 981px) 1000px, 100vw\" \/><\/p>\n<h3>Sobre a FMP<\/h3>\n<p>A FMP, com sede na It\u00e1lia, \u00e9 uma fabricante l\u00edder reconhecida por sua expertise no projeto e produ\u00e7\u00e3o de caixas de engrenagens de alto desempenho para m\u00e1quinas agr\u00edcolas. Conhecida por sua engenharia de precis\u00e3o, inova\u00e7\u00e3o e confiabilidade, oferecemos uma ampla gama de produtos, incluindo caixas de engrenagens para cortadores de grama e componentes essenciais, como eixos de tomada de for\u00e7a (TDF). Nossa miss\u00e3o \u00e9 fornecer solu\u00e7\u00f5es personalizadas que atendam \u00e0s necessidades espec\u00edficas dos setores agr\u00edcola e industrial, oferecendo tanto produtos individuais quanto sistemas totalmente integrados.<\/p>\n<p>Na FMP, entendemos que cada cliente tem necessidades distintas, e \u00e9 por isso que nos especializamos em personalizar nossos produtos para atender a essas necessidades espec\u00edficas. Seja uma caixa de engrenagens especializada ou um sistema completo, trabalhamos em estreita colabora\u00e7\u00e3o com voc\u00ea para fornecer a solu\u00e7\u00e3o mais eficiente e eficaz. Nosso compromisso com a satisfa\u00e7\u00e3o do cliente se reflete em nossas respostas r\u00e1pidas e profissionais e na orienta\u00e7\u00e3o especializada, garantindo que cada solicita\u00e7\u00e3o seja tratada com precis\u00e3o e cuidado.<\/p>\n<p>Valorizamos muito a comunica\u00e7\u00e3o aberta e a colabora\u00e7\u00e3o cont\u00ednua com nossos clientes, principalmente no desenvolvimento de novos produtos. Nossa equipe trabalha em estreita colabora\u00e7\u00e3o com os clientes para compreender plenamente seus desafios e oferecer insights que levem a solu\u00e7\u00f5es otimizadas. Seja no desenvolvimento de novos produtos ou no atendimento de pedidos existentes, temos o compromisso de entregar produtos de alta qualidade e engenharia de precis\u00e3o, dentro do prazo.<\/p>\n<p>A qualidade \u00e9 a base de tudo o que fazemos na FMP. Nossos processos de fabrica\u00e7\u00e3o seguem os mais altos padr\u00f5es de precis\u00e3o, garantindo que cada produto esteja livre de defeitos. Implementamos medidas rigorosas de controle de qualidade para assegurar que todos os nossos produtos atendam ou superem os padr\u00f5es da ind\u00fastria. Esse foco inabal\u00e1vel na qualidade, aliado aos nossos valores fundamentais de integridade, trabalho em equipe e perseveran\u00e7a, nos permitiu construir relacionamentos s\u00f3lidos e duradouros com clientes em quase 30 pa\u00edses ao redor do mundo.<\/p>\n<p>A FMP est\u00e1 sempre aberta a parcerias globais, oferecendo consultoria especializada e solu\u00e7\u00f5es personalizadas. Nossa abordagem vai al\u00e9m do simples fornecimento de produtos \u2014 buscamos cultivar relacionamentos de longo prazo que promovam o sucesso m\u00fatuo. Seja qual for a sua necessidade, novas solu\u00e7\u00f5es ou suporte para sistemas existentes, a FMP est\u00e1 comprometida em enfrentar seus desafios t\u00e9cnicos e garantir o seu sucesso cont\u00ednuo.<\/p>\n<p><img loading=\"lazy\" decoding=\"async\" class=\"alignnone size-full wp-image-1861\" src=\"https:\/\/fmp-components.com\/wp-content\/uploads\/2024\/12\/Other-Agricultural-Gearboxes.webp\" sizes=\"(min-width: 0px) and (max-width: 480px) 480px, (min-width: 481px) and (max-width: 980px) 980px, (min-width: 981px) 1200px, 100vw\" srcset=\"https:\/\/fmp-components.com\/wp-content\/uploads\/2024\/12\/Other-Agricultural-Gearboxes.webp 1200w, https:\/\/fmp-components.com\/wp-content\/uploads\/2024\/12\/Other-Agricultural-Gearboxes-980x1143.webp 980w, https:\/\/fmp-components.com\/wp-content\/uploads\/2024\/12\/Other-Agricultural-Gearboxes-480x560.webp 480w\" alt=\"Altri-cambi-agr\u00edcola\" width=\"1200\" height=\"1400\" title=\"\"><\/p>\n<p>Autor: CX<\/p>\n<p>&nbsp;<\/p>","protected":false},"excerpt":{"rendered":"<p>Agricultural Lawn Mower Gearbox FMP-X30 Specification ITEM FMP&#8211;01-609 FMP&#8211;01-723 FMP&#8211;01-611 Ratio 1:1.47 1:1.69 1:1.93 Teeth 15\/22 13\/22 15\/29 Module \u00a05.08 5.0 4.0 Power(HP) 35 35 30 Rated Input 540rpm 540rpm 540rpm Input\/Output Description \u00a01 3\/8 Z6 Optic axis Cone base aequilate spline shaft Weight(N.W) 26.5KG Customized Agricultural Gearbox Service We offer a wide range of [&hellip;]<\/p>","protected":false},"featured_media":2014,"comment_status":"open","ping_status":"closed","template":"","meta":{"_et_pb_use_builder":"","_et_pb_old_content":"","_et_gb_content_width":""},"product_brand":[],"product_cat":[52],"product_tag":[],"class_list":{"0":"post-2011","1":"product","2":"type-product","3":"status-publish","4":"has-post-thumbnail","6":"product_cat-lawn-mower-gearbox","8":"first","9":"instock","10":"shipping-taxable","11":"product-type-simple"},"_links":{"self":[{"href":"https:\/\/fmp-components.com\/pt\/wp-json\/wp\/v2\/product\/2011","targetHints":{"allow":["GET"]}}],"collection":[{"href":"https:\/\/fmp-components.com\/pt\/wp-json\/wp\/v2\/product"}],"about":[{"href":"https:\/\/fmp-components.com\/pt\/wp-json\/wp\/v2\/types\/product"}],"replies":[{"embeddable":true,"href":"https:\/\/fmp-components.com\/pt\/wp-json\/wp\/v2\/comments?post=2011"}],"wp:featuredmedia":[{"embeddable":true,"href":"https:\/\/fmp-components.com\/pt\/wp-json\/wp\/v2\/media\/2014"}],"wp:attachment":[{"href":"https:\/\/fmp-components.com\/pt\/wp-json\/wp\/v2\/media?parent=2011"}],"wp:term":[{"taxonomy":"product_brand","embeddable":true,"href":"https:\/\/fmp-components.com\/pt\/wp-json\/wp\/v2\/product_brand?post=2011"},{"taxonomy":"product_cat","embeddable":true,"href":"https:\/\/fmp-components.com\/pt\/wp-json\/wp\/v2\/product_cat?post=2011"},{"taxonomy":"product_tag","embeddable":true,"href":"https:\/\/fmp-components.com\/pt\/wp-json\/wp\/v2\/product_tag?post=2011"}],"curies":[{"name":"wp","href":"https:\/\/api.w.org\/{rel}","templated":true}]}}