{"id":2006,"date":"2024-12-27T00:52:54","date_gmt":"2024-12-27T00:52:54","guid":{"rendered":"https:\/\/fmp-components.com\/?page_id=8"},"modified":"2024-12-27T01:06:40","modified_gmt":"2024-12-27T01:06:40","slug":"agricultural-lawn-mower-gearbox-fmp-gs4rc","status":"publish","type":"product","link":"https:\/\/fmp-components.com\/pt\/product\/agricultural-lawn-mower-gearbox-fmp-gs4rc\/","title":{"rendered":"Caixa de engrenagens para cortador de grama agr\u00edcola FMP-GS4RC"},"content":{"rendered":"<h2>Especifica\u00e7\u00f5es da caixa de engrenagens para cortadores de grama agr\u00edcolas<\/h2>\n<table style=\"width: 100%;\" border=\"1\" width=\"100%\" cellspacing=\"0\" cellpadding=\"0\">\n<tbody>\n<tr>\n<td width=\"110\"><img loading=\"lazy\" decoding=\"async\" class=\"wp-image-2007 alignleft\" src=\"https:\/\/fmp-components.com\/wp-content\/uploads\/2024\/12\/fmp_agricultural-gearbox-HC-GS4RC-2.webp\" alt=\"fmp_caixa-de-engrenagens-agr\u00edcola-HC-GS4RC-2\" width=\"363\" height=\"460\" title=\"\"><\/td>\n<td width=\"98\"><img loading=\"lazy\" decoding=\"async\" class=\"alignnone wp-image-2008\" src=\"https:\/\/fmp-components.com\/wp-content\/uploads\/2024\/12\/Lawn-Mower-Gearbox-8.webp\" alt=\"Caixa de engrenagens do cortador de grama\" width=\"420\" height=\"420\" title=\"\"><\/td>\n<\/tr>\n<\/tbody>\n<\/table>\n<table style=\"width: 96.588%; height: 225px;\" border=\"1\" cellspacing=\"0\" cellpadding=\"0\">\n<tbody>\n<tr>\n<td><strong>ITEM<\/strong><\/td>\n<td>FMP-GS4RC<\/td>\n<\/tr>\n<tr>\n<td><strong>Raz\u00e3o<\/strong><\/td>\n<td>1:1.46\/1:1.93<\/td>\n<\/tr>\n<tr>\n<td><strong>Dentes<\/strong><\/td>\n<td>22\/15 23\/12<\/td>\n<\/tr>\n<tr>\n<td><strong>M\u00f3dulo<\/strong><\/td>\n<td>\u00a05.08 \/5.0<\/td>\n<\/tr>\n<tr>\n<td><strong>Pot\u00eancia (HP)<\/strong><\/td>\n<td>30<\/td>\n<\/tr>\n<tr>\n<td><strong>Entrada nominal<\/strong><\/td>\n<td>540 rpm<\/td>\n<\/tr>\n<tr>\n<td><strong>Descri\u00e7\u00e3o de entrada\/sa\u00edda<\/strong><\/td>\n<td>Estria c\u00f4nica 1-3\/8 Z6<\/td>\n<\/tr>\n<tr>\n<td><strong>Peso (NW)<\/strong><\/td>\n<td>19 kg<\/td>\n<\/tr>\n<\/tbody>\n<\/table>\n<h2>Material da caixa de engrenagens do cortador de grama agr\u00edcola<\/h2>\n<table style=\"width: 96.0662%; height: 133px;\" border=\"1\" cellspacing=\"0\" cellpadding=\"0\">\n<tbody>\n<tr>\n<td colspan=\"2\"><strong>Material<\/strong><\/td>\n<\/tr>\n<tr>\n<td><strong>Habita\u00e7\u00e3o\u00a0<\/strong><\/td>\n<td>QT450<\/td>\n<\/tr>\n<tr>\n<td><strong>Eixo de engrenagem<\/strong><\/td>\n<td>20CrMnTi<\/td>\n<\/tr>\n<tr>\n<td><strong>Placa<\/strong><\/td>\n<td>Alum\u00ednio<\/td>\n<\/tr>\n<\/tbody>\n<\/table>\n<h2>Aplica\u00e7\u00f5es da caixa de engrenagens para cortadores de grama agr\u00edcolas<\/h2>\n<p>Na FMP, somos especializados no fornecimento de caixas de engrenagens de alto desempenho, projetadas para atender \u00e0s demandas espec\u00edficas de m\u00e1quinas agr\u00edcolas e industriais. Nossas caixas de engrenagens s\u00e3o utilizadas em uma ampla gama de aplica\u00e7\u00f5es, garantindo efici\u00eancia, durabilidade e confiabilidade em diversos setores. Abaixo, apresentamos algumas das principais aplica\u00e7\u00f5es de nossas caixas de engrenagens para cortadores de grama agr\u00edcolas:<\/p>\n<h4>Cortadores rotativos<\/h4>\n<p>As ro\u00e7adeiras rotativas s\u00e3o essenciais para a limpeza de grama alta, arbustos e ervas daninhas em \u00e1reas agr\u00edcolas e rurais. Nossas caixas de engrenagens s\u00e3o projetadas para transferir a pot\u00eancia do trator para as l\u00e2minas da ro\u00e7adeira de forma eficiente, permitindo um corte suave e eficaz mesmo em vegeta\u00e7\u00e3o densa. Com durabilidade superior, essas caixas de engrenagens garantem tempo de inatividade m\u00ednimo e desempenho m\u00e1ximo durante as opera\u00e7\u00f5es de limpeza de terrenos.<\/p>\n<h4>Cortadores rotativos<\/h4>\n<p>As ro\u00e7adeiras rotativas s\u00e3o amplamente utilizadas na agricultura e paisagismo para a manuten\u00e7\u00e3o de campos, pastagens e margens de estradas, cortando grama, ervas daninhas e pequenos arbustos. As caixas de engrenagens da FMP s\u00e3o projetadas para fornecer o torque e a pot\u00eancia ideais, garantindo uma rota\u00e7\u00e3o suave das l\u00e2minas e um desempenho de corte otimizado. Seu design robusto ajuda a reduzir o desgaste, tornando-as ideais para tarefas de corte pesadas.<\/p>\n<h4>Colhedoras de algod\u00e3o<\/h4>\n<p>As colhedoras de algod\u00e3o desempenham um papel crucial no controle de ervas daninhas e no manejo da lavoura. Nossas caixas de engrenagens proporcionam a transmiss\u00e3o de pot\u00eancia precisa necess\u00e1ria para que os equipamentos de colheita de algod\u00e3o funcionem da melhor maneira poss\u00edvel, garantindo que os operadores possam manejar as planta\u00e7\u00f5es de algod\u00e3o com efic\u00e1cia e manter a sa\u00fade do campo. Essas caixas de engrenagens s\u00e3o constru\u00eddas para suportar as condi\u00e7\u00f5es de trabalho dif\u00edceis frequentemente encontradas no cultivo do algod\u00e3o.<\/p>\n<h4>Cortadores de \u00e1rvores<\/h4>\n<p>As m\u00e1quinas de cortar \u00e1rvores s\u00e3o utilizadas na silvicultura e na agricultura para remover \u00e1rvores, arbustos e folhagem densa. As caixas de engrenagens para cortadores de grama da FMP fornecem o alto torque necess\u00e1rio para acionar os mecanismos de corte, permitindo que os operadores lidem com galhos e troncos grossos com facilidade. Nossas caixas de engrenagens s\u00e3o projetadas para operar sob altas cargas, mantendo a efici\u00eancia e reduzindo a vibra\u00e7\u00e3o, o que melhora o conforto e o desempenho do operador.<\/p>\n<h4>Caixas de campo<\/h4>\n<p>As caixas de colheita s\u00e3o comumente usadas para coletar e transportar safras colhidas. As caixas de engrenagens FMP fornecem a transmiss\u00e3o de pot\u00eancia confi\u00e1vel necess\u00e1ria para acionar os mecanismos de descarga das caixas de colheita, garantindo uma opera\u00e7\u00e3o suave durante a colheita. Seja para gr\u00e3os, algod\u00e3o ou outras culturas, essas caixas de engrenagens s\u00e3o constru\u00eddas para suportar os rigores da colheita agr\u00edcola, reduzindo o tempo de inatividade e melhorando a produtividade geral.<\/p>\n<h4>Cortadores de grama e equipamentos para jardinagem<\/h4>\n<p>Al\u00e9m das aplica\u00e7\u00f5es especializadas mencionadas acima, nossas caixas de engrenagens agr\u00edcolas tamb\u00e9m s\u00e3o amplamente utilizadas em diversos cortadores de grama e equipamentos para jardinagem. Isso inclui cortadores de grama autopropelidos, cortadores de grama comerciais e sistemas de corte industriais, onde nossas caixas de engrenagens possibilitam um corte de grama eficiente e uma distribui\u00e7\u00e3o uniforme de pot\u00eancia para as l\u00e2minas.<\/p>\n<p>As caixas de engrenagens da FMP s\u00e3o projetadas para oferecer desempenho confi\u00e1vel em uma ampla variedade de aplica\u00e7\u00f5es em m\u00e1quinas agr\u00edcolas. De ro\u00e7adeiras e cortadores rotativos a colhedoras de algod\u00e3o e silos de campo, nossas caixas de engrenagens proporcionam transmiss\u00e3o de pot\u00eancia consistente, durabilidade e precis\u00e3o. Seja para opera\u00e7\u00f5es agr\u00edcolas de pequena escala ou grandes aplica\u00e7\u00f5es industriais, as caixas de engrenagens da FMP s\u00e3o constru\u00eddas para otimizar o desempenho, reduzir os custos de manuten\u00e7\u00e3o e garantir a longevidade de seus equipamentos agr\u00edcolas.<\/p>\n<p><img loading=\"lazy\" decoding=\"async\" class=\"alignnone size-full wp-image-2009\" src=\"https:\/\/fmp-components.com\/wp-content\/uploads\/2024\/12\/Lawn-Mower-Gearbox-Suppliers-6.webp\" alt=\"\" width=\"1000\" height=\"445\" title=\"\" srcset=\"https:\/\/fmp-components.com\/wp-content\/uploads\/2024\/12\/Lawn-Mower-Gearbox-Suppliers-6.webp 1000w, https:\/\/fmp-components.com\/wp-content\/uploads\/2024\/12\/Lawn-Mower-Gearbox-Suppliers-6-980x436.webp 980w, https:\/\/fmp-components.com\/wp-content\/uploads\/2024\/12\/Lawn-Mower-Gearbox-Suppliers-6-480x214.webp 480w\" sizes=\"(min-width: 0px) and (max-width: 480px) 480px, (min-width: 481px) and (max-width: 980px) 980px, (min-width: 981px) 1000px, 100vw\" \/><\/p>\n<h2>Eixo da tomada de for\u00e7a (PTO) para caixa de engrenagens de cortador de grama agr\u00edcola<\/h2>\n<p>O eixo de tomada de for\u00e7a (TDF) \u00e9 um componente essencial em m\u00e1quinas agr\u00edcolas, servindo como elo entre o motor do trator e as diversas caixas de engrenagens de implementos, como as de cortadores de grama. Na FMP, fabricamos eixos de TDF de alta qualidade, projetados especificamente para funcionar perfeitamente com caixas de engrenagens de cortadores de grama, oferecendo desempenho confi\u00e1vel para diversas aplica\u00e7\u00f5es agr\u00edcolas.<\/p>\n<h3>Principais caracter\u00edsticas e benef\u00edcios do eixo da tomada de for\u00e7a (PTO) para caixa de engrenagens de cortadores de grama agr\u00edcolas.<\/h3>\n<ol>\n<li><strong>Transfer\u00eancia de energia eficiente<\/strong><br \/>\nOs eixos da tomada de for\u00e7a (TDF) s\u00e3o projetados para transferir com efici\u00eancia a pot\u00eancia mec\u00e2nica do motor do trator para a caixa de engrenagens do cortador de grama. Isso garante que as l\u00e2minas do cortador operem em velocidades ideais para cortar grama e vegeta\u00e7\u00e3o com efic\u00e1cia. Ao manter um fluxo de pot\u00eancia constante, os eixos da TDF ajudam a obter um corte mais limpo e uniforme, melhorando a efici\u00eancia geral do cortador de grama.<\/li>\n<li><strong>Durabilidade e confiabilidade<\/strong><br \/>\nOs eixos de tomada de for\u00e7a (TDF) da FMP s\u00e3o constru\u00eddos para suportar os rigores dos ambientes agr\u00edcolas. Fabricados com materiais de alta resist\u00eancia e projetados com precis\u00e3o para reduzir o desgaste, esses eixos garantem uma longa vida \u00fatil, mesmo sob cargas pesadas e condi\u00e7\u00f5es de campo desafiadoras. Sua robustez reduz o tempo de inatividade e a necessidade de reparos frequentes, resultando em maior produtividade.<\/li>\n<li><strong>Comprimento e configura\u00e7\u00e3o personaliz\u00e1veis<\/strong><br \/>\nOs eixos de tomada de for\u00e7a (PTO) da FMP podem ser personalizados em termos de comprimento e configura\u00e7\u00e3o para atender a requisitos espec\u00edficos. Seja um comprimento padr\u00e3o ou uma configura\u00e7\u00e3o personalizada para um modelo espec\u00edfico de cortador de grama, oferecemos solu\u00e7\u00f5es sob medida para as especifica\u00e7\u00f5es exclusivas do seu equipamento.<\/li>\n<li><strong>Seguran\u00e7a e f\u00e1cil manuten\u00e7\u00e3o<\/strong><br \/>\nNossos eixos de tomada de for\u00e7a (TDF) v\u00eam com recursos de seguran\u00e7a, como prote\u00e7\u00f5es e escudos, para minimizar o risco de acidentes durante a opera\u00e7\u00e3o. Al\u00e9m disso, s\u00e3o projetados para facilitar a manuten\u00e7\u00e3o, permitindo inspe\u00e7\u00e3o e substitui\u00e7\u00e3o r\u00e1pidas de componentes desgastados, garantindo que o sistema funcione de forma suave e segura.<\/li>\n<li><strong>Versatilidade em todo o equipamento agr\u00edcola<\/strong><br \/>\nEmbora projetados para cortadores de grama, os eixos de tomada de for\u00e7a (PTO) da FMP tamb\u00e9m podem ser usados \u200b\u200bcom uma variedade de outras m\u00e1quinas agr\u00edcolas, incluindo ro\u00e7adeiras, segadoras e aparadores de grama. Essa versatilidade os torna um recurso valioso para fazendas e opera\u00e7\u00f5es de paisagismo que exigem transmiss\u00e3o de pot\u00eancia confi\u00e1vel em diferentes tipos de equipamentos.<\/li>\n<\/ol>\n<p><img loading=\"lazy\" decoding=\"async\" class=\"alignnone size-full wp-image-2010\" src=\"https:\/\/fmp-components.com\/wp-content\/uploads\/2024\/12\/Agricultural-Lawnmower-Gearbox-Precautions-for-Use1.webp\" alt=\"\" width=\"1202\" height=\"665\" title=\"\" srcset=\"https:\/\/fmp-components.com\/wp-content\/uploads\/2024\/12\/Agricultural-Lawnmower-Gearbox-Precautions-for-Use1.webp 1202w, https:\/\/fmp-components.com\/wp-content\/uploads\/2024\/12\/Agricultural-Lawnmower-Gearbox-Precautions-for-Use1-980x542.webp 980w, https:\/\/fmp-components.com\/wp-content\/uploads\/2024\/12\/Agricultural-Lawnmower-Gearbox-Precautions-for-Use1-480x266.webp 480w\" sizes=\"(min-width: 0px) and (max-width: 480px) 480px, (min-width: 481px) and (max-width: 980px) 980px, (min-width: 981px) 1202px, 100vw\" \/><\/p>\n<h3>Aplica\u00e7\u00f5es do eixo da tomada de for\u00e7a (TDF) para a caixa de engrenagens de cortadores de grama agr\u00edcolas.<\/h3>\n<ul>\n<li><strong>Cortadores de grama e ro\u00e7adeiras:<\/strong> Os eixos da tomada de for\u00e7a (TDF) conectam o motor do trator \u00e0s l\u00e2minas da ro\u00e7adeira, permitindo o corte eficiente de grama, ervas daninhas e pequenos arbustos.<\/li>\n<li><strong>Cortadores rotativos:<\/strong> Os eixos da tomada de for\u00e7a (TDF) s\u00e3o usados \u200b\u200bpara acionar cortadores rotativos, permitindo que eles operem com efici\u00eancia em condi\u00e7\u00f5es de campo dif\u00edceis.<\/li>\n<li><strong>Ro\u00e7adeiras rotativas e cortadores de grama:<\/strong> Os eixos da tomada de for\u00e7a (TDF) ajudam a acionar as l\u00e2minas robustas das ro\u00e7adeiras rotativas, limpando vegeta\u00e7\u00e3o densa e ervas daninhas em campos agr\u00edcolas.<\/li>\n<li><strong>Cortadores de grama para campo:<\/strong> Os eixos da tomada de for\u00e7a (TDF) s\u00e3o essenciais para conectar o trator \u00e0s segadoras de campo, garantindo o corte e a manuten\u00e7\u00e3o eficientes de grandes \u00e1reas agr\u00edcolas.<\/li>\n<\/ul>\n<h3>Por que escolher os eixos de tomada de for\u00e7a (PTO) da FMP para a caixa de engrenagens do seu cortador de grama agr\u00edcola?<\/h3>\n<ul>\n<li><strong>Personaliza\u00e7\u00e3o<\/strong>A FMP oferece uma ampla variedade de eixos de tomada de for\u00e7a (PTO) em diferentes comprimentos, configura\u00e7\u00f5es e designs para atender a necessidades espec\u00edficas.<\/li>\n<li><strong>Confiabilidade<\/strong>Nossos eixos de tomada de for\u00e7a (PTO) s\u00e3o projetados para um desempenho duradouro em condi\u00e7\u00f5es agr\u00edcolas exigentes, minimizando o tempo de inatividade e os custos de reparo.<\/li>\n<li><strong>Seguran\u00e7a<\/strong>Com recursos de seguran\u00e7a integrados, nossos eixos de tomada de for\u00e7a ajudam a reduzir o risco de les\u00f5es durante o uso.<\/li>\n<li><strong>Engenharia de Precis\u00e3o<\/strong>Cada eixo da tomada de for\u00e7a (PTO) \u00e9 fabricado com alta precis\u00e3o, garantindo uma transfer\u00eancia de pot\u00eancia suave e reduzindo o risco de falhas mec\u00e2nicas.<\/li>\n<li><strong>Suporte Global<\/strong>Os produtos da FMP s\u00e3o confi\u00e1veis \u200b\u200bpara clientes em todo o mundo, e oferecemos consultoria especializada e suporte para garantir que nossos eixos de tomada de for\u00e7a atendam \u00e0s suas necessidades espec\u00edficas.<\/li>\n<\/ul>\n<p>Os eixos de tomada de for\u00e7a (TDF) da FMP para caixas de engrenagens de cortadores de grama agr\u00edcolas s\u00e3o a escolha perfeita para garantir uma transmiss\u00e3o de pot\u00eancia confi\u00e1vel e desempenho ideal em diversas aplica\u00e7\u00f5es agr\u00edcolas e paisag\u00edsticas. Constru\u00eddos para durar e projetados para facilidade de uso e seguran\u00e7a, nossos eixos de TDF ajudam voc\u00ea a obter o m\u00e1ximo da caixa de engrenagens do seu cortador de grama, proporcionando efici\u00eancia e confiabilidade a longo prazo em uma ampla gama de tarefas agr\u00edcolas.<\/p>\n<p><img loading=\"lazy\" decoding=\"async\" class=\"alignnone size-full wp-image-1906\" src=\"https:\/\/fmp-components.com\/wp-content\/uploads\/2024\/12\/Rotary-Mower-Gearbox17.webp\" alt=\"Caixa de engrenagens do cortador rotativo\" width=\"1280\" height=\"463\" title=\"\" srcset=\"https:\/\/fmp-components.com\/wp-content\/uploads\/2024\/12\/Rotary-Mower-Gearbox17.webp 1280w, https:\/\/fmp-components.com\/wp-content\/uploads\/2024\/12\/Rotary-Mower-Gearbox17-980x354.webp 980w, https:\/\/fmp-components.com\/wp-content\/uploads\/2024\/12\/Rotary-Mower-Gearbox17-480x174.webp 480w\" sizes=\"(min-width: 0px) and (max-width: 480px) 480px, (min-width: 481px) and (max-width: 980px) 980px, (min-width: 981px) 1280px, 100vw\" \/><\/p>\n<h2>Sobre a FMP<\/h2>\n<p>Com sede na It\u00e1lia, a FMP \u00e9 uma fabricante l\u00edder reconhecida pelo projeto e produ\u00e7\u00e3o de caixas de engrenagens de alto desempenho para m\u00e1quinas agr\u00edcolas. Com reputa\u00e7\u00e3o de engenharia de precis\u00e3o, inova\u00e7\u00e3o e confiabilidade, oferecemos uma ampla gama de produtos, incluindo caixas de engrenagens para cortadores de grama e componentes cr\u00edticos como eixos de tomada de for\u00e7a (TDF). Nosso objetivo \u00e9 fornecer solu\u00e7\u00f5es personalizadas que atendam \u00e0s necessidades espec\u00edficas dos setores agr\u00edcola e industrial, oferecendo tanto produtos individuais quanto sistemas totalmente integrados.<\/p>\n<p>Na FMP, reconhecemos que cada cliente tem requisitos espec\u00edficos, e \u00e9 por isso que nos especializamos em personalizar nossos produtos para atender \u00e0s necessidades individuais. Seja para uma caixa de engrenagens especializada ou um sistema completo, trabalhamos em estreita colabora\u00e7\u00e3o com voc\u00ea para oferecer a solu\u00e7\u00e3o mais eficaz e eficiente. Nosso compromisso com a satisfa\u00e7\u00e3o do cliente se reflete em nossas respostas r\u00e1pidas e profissionais, al\u00e9m de consultoria especializada, garantindo que cada solicita\u00e7\u00e3o seja tratada com precis\u00e3o e cuidado.<\/p>\n<p>Valorizamos a comunica\u00e7\u00e3o aberta e a colabora\u00e7\u00e3o cont\u00ednua com nossos clientes, especialmente durante o desenvolvimento de novos produtos. Nossa equipe trabalha em estreita colabora\u00e7\u00e3o com os clientes para entender seus desafios e fornecer informa\u00e7\u00f5es valiosas que levam a solu\u00e7\u00f5es otimizadas. Seja desenvolvendo novos produtos ou atendendo a pedidos existentes, mantemos o compromisso de entregar produtos de alta qualidade e engenharia de precis\u00e3o dentro do prazo.<\/p>\n<p>A qualidade \u00e9 a pedra angular das opera\u00e7\u00f5es da FMP. Nossos processos de fabrica\u00e7\u00e3o s\u00e3o baseados nos princ\u00edpios de altos padr\u00f5es, precis\u00e3o e zero defeitos. Implementamos medidas rigorosas de controle de qualidade para garantir que cada produto atenda ou exceda os padr\u00f5es da ind\u00fastria. Esse foco inabal\u00e1vel na qualidade, aliado aos nossos valores fundamentais de integridade, trabalho em equipe e perseveran\u00e7a, nos ajudou a construir relacionamentos duradouros com clientes em quase 30 pa\u00edses.<\/p>\n<p>A FMP est\u00e1 sempre aberta a formar parcerias globais, oferecendo consultoria especializada e solu\u00e7\u00f5es personalizadas. Nossa abordagem vai al\u00e9m da simples entrega de produtos \u2014 nosso objetivo \u00e9 fomentar relacionamentos de longo prazo que impulsionem o sucesso m\u00fatuo. Seja para novas solu\u00e7\u00f5es ou suporte para sistemas existentes, a FMP se dedica a enfrentar seus desafios t\u00e9cnicos e garantir seu sucesso cont\u00ednuo.<\/p>\n<p><img loading=\"lazy\" decoding=\"async\" class=\"alignnone size-full wp-image-1861\" src=\"https:\/\/fmp-components.com\/wp-content\/uploads\/2024\/12\/Other-Agricultural-Gearboxes.webp\" sizes=\"(min-width: 0px) and (max-width: 480px) 480px, (min-width: 481px) and (max-width: 980px) 980px, (min-width: 981px) 1200px, 100vw\" srcset=\"https:\/\/fmp-components.com\/wp-content\/uploads\/2024\/12\/Other-Agricultural-Gearboxes.webp 1200w, https:\/\/fmp-components.com\/wp-content\/uploads\/2024\/12\/Other-Agricultural-Gearboxes-980x1143.webp 980w, https:\/\/fmp-components.com\/wp-content\/uploads\/2024\/12\/Other-Agricultural-Gearboxes-480x560.webp 480w\" alt=\"Altri-cambi-agr\u00edcola\" width=\"1200\" height=\"1400\" title=\"\"><\/p>\n<p>Autor: CX<\/p>\n<p>&nbsp;<\/p>","protected":false},"excerpt":{"rendered":"<p>Agricultural Lawnmower Gearbox\u00a0Specification ITEM FMP-GS4RC Ratio 1:1.46\/1:1.93 Teeth 22\/15 23\/12 Module \u00a05.08 \/5.0 Power(HP) 30 Rated Input 540rpm Input\/Output Description 1-3\/8 Z6 Taper spline Weight(N.W) 19KG Agricultural Lawn Mower Gearbox Material Material Housing\u00a0 QT450 Gear shaft 20CrMnTi Plate Aluminum Agricultural Lawnmower Gearbox Applications At FMP, we specialize in providing high-performance gearboxes designed to meet the [&hellip;]<\/p>","protected":false},"featured_media":2008,"comment_status":"open","ping_status":"closed","template":"","meta":{"_et_pb_use_builder":"","_et_pb_old_content":"","_et_gb_content_width":""},"product_brand":[],"product_cat":[52],"product_tag":[],"class_list":{"0":"post-2006","1":"product","2":"type-product","3":"status-publish","4":"has-post-thumbnail","6":"product_cat-lawn-mower-gearbox","8":"first","9":"instock","10":"shipping-taxable","11":"product-type-simple"},"_links":{"self":[{"href":"https:\/\/fmp-components.com\/pt\/wp-json\/wp\/v2\/product\/2006","targetHints":{"allow":["GET"]}}],"collection":[{"href":"https:\/\/fmp-components.com\/pt\/wp-json\/wp\/v2\/product"}],"about":[{"href":"https:\/\/fmp-components.com\/pt\/wp-json\/wp\/v2\/types\/product"}],"replies":[{"embeddable":true,"href":"https:\/\/fmp-components.com\/pt\/wp-json\/wp\/v2\/comments?post=2006"}],"wp:featuredmedia":[{"embeddable":true,"href":"https:\/\/fmp-components.com\/pt\/wp-json\/wp\/v2\/media\/2008"}],"wp:attachment":[{"href":"https:\/\/fmp-components.com\/pt\/wp-json\/wp\/v2\/media?parent=2006"}],"wp:term":[{"taxonomy":"product_brand","embeddable":true,"href":"https:\/\/fmp-components.com\/pt\/wp-json\/wp\/v2\/product_brand?post=2006"},{"taxonomy":"product_cat","embeddable":true,"href":"https:\/\/fmp-components.com\/pt\/wp-json\/wp\/v2\/product_cat?post=2006"},{"taxonomy":"product_tag","embeddable":true,"href":"https:\/\/fmp-components.com\/pt\/wp-json\/wp\/v2\/product_tag?post=2006"}],"curies":[{"name":"wp","href":"https:\/\/api.w.org\/{rel}","templated":true}]}}