{"id":1999,"date":"2024-12-26T08:44:59","date_gmt":"2024-12-26T08:44:59","guid":{"rendered":"https:\/\/fmp-components.com\/?page_id=8"},"modified":"2024-12-27T00:36:22","modified_gmt":"2024-12-27T00:36:22","slug":"fmp-1zs-380-lawn-mower-gearbox","status":"publish","type":"product","link":"https:\/\/fmp-components.com\/pt\/product\/fmp-1zs-380-lawn-mower-gearbox\/","title":{"rendered":"Caixa de engrenagens para cortador de grama FMP-1ZS-380"},"content":{"rendered":"<p><img loading=\"lazy\" decoding=\"async\" class=\"size-full wp-image-2005 aligncenter\" src=\"https:\/\/fmp-components.com\/wp-content\/uploads\/2024\/12\/FMP_agricultural-gearbox-HC-1ZS-380.webp\" alt=\"FMP_caixa-de-engrenagens-agr\u00edcola-HC-1ZS-380\" width=\"400\" height=\"400\" title=\"\" srcset=\"https:\/\/fmp-components.com\/wp-content\/uploads\/2024\/12\/FMP_agricultural-gearbox-HC-1ZS-380.webp 400w, https:\/\/fmp-components.com\/wp-content\/uploads\/2024\/12\/FMP_agricultural-gearbox-HC-1ZS-380-300x300.webp 300w, https:\/\/fmp-components.com\/wp-content\/uploads\/2024\/12\/FMP_agricultural-gearbox-HC-1ZS-380-150x150.webp 150w, https:\/\/fmp-components.com\/wp-content\/uploads\/2024\/12\/FMP_agricultural-gearbox-HC-1ZS-380-12x12.webp 12w, https:\/\/fmp-components.com\/wp-content\/uploads\/2024\/12\/FMP_agricultural-gearbox-HC-1ZS-380-100x100.webp 100w\" sizes=\"(max-width: 400px) 100vw, 400px\" \/><\/p>\n<h2>Especifica\u00e7\u00f5es da caixa de engrenagens do cortador de grama FMP-1ZS-380<\/h2>\n<p><img loading=\"lazy\" decoding=\"async\" class=\"alignnone wp-image-2000\" src=\"https:\/\/fmp-components.com\/wp-content\/uploads\/2024\/12\/fmp_agricultural-gearbox-HC-1ZS-380-1.webp\" alt=\"fmp_caixa-de-engrenagens-agr\u00edcola-HC-1ZS-380-1\" width=\"806\" height=\"307\" title=\"\" srcset=\"https:\/\/fmp-components.com\/wp-content\/uploads\/2024\/12\/fmp_agricultural-gearbox-HC-1ZS-380-1.webp 806w, https:\/\/fmp-components.com\/wp-content\/uploads\/2024\/12\/fmp_agricultural-gearbox-HC-1ZS-380-1-480x183.webp 480w\" sizes=\"(min-width: 0px) and (max-width: 480px) 480px, (min-width: 481px) 806px, 100vw\" \/><\/p>\n<table style=\"width: 85.3964%; height: 238px;\" border=\"1\">\n<tbody>\n<tr>\n<td style=\"width: 37.4684%;\">ITEM<\/td>\n<td style=\"width: 61.7722%;\">Caixa de engrenagens para cortador de grama FMP-1ZS-380<\/td>\n<\/tr>\n<tr>\n<td style=\"width: 37.4684%;\">Raz\u00e3o<\/td>\n<td style=\"width: 61.7722%;\">1:1.24<\/td>\n<\/tr>\n<tr>\n<td style=\"width: 37.4684%;\">Dentes<\/td>\n<td style=\"width: 61.7722%;\">21\/17\/17\/17<\/td>\n<\/tr>\n<tr>\n<td style=\"width: 37.4684%;\">M\u00f3dulo<\/td>\n<td style=\"width: 61.7722%;\">7.0<\/td>\n<\/tr>\n<tr>\n<td style=\"width: 37.4684%;\">Pot\u00eancia (HP)<\/td>\n<td style=\"width: 61.7722%;\">100<\/td>\n<\/tr>\n<tr>\n<td style=\"width: 37.4684%;\">Entrada nominal<\/td>\n<td style=\"width: 61.7722%;\">540 rpm<\/td>\n<\/tr>\n<tr>\n<td style=\"width: 37.4684%;\">Descri\u00e7\u00e3o de entrada\/sa\u00edda<\/td>\n<td style=\"width: 61.7722%;\">\u00a0Spline<\/td>\n<\/tr>\n<tr>\n<td style=\"width: 37.4684%;\">Peso (NW)<\/td>\n<td style=\"width: 61.7722%;\">42,5 kg<\/td>\n<\/tr>\n<\/tbody>\n<\/table>\n<h3>Vantagens da caixa de engrenagens do cortador de grama FMP-1ZS-380<\/h3>\n<ol>\n<li><strong>Alto desempenho e efici\u00eancia<\/strong><br \/>\nA caixa de engrenagens do cortador de grama FMP-1ZS-380 foi projetada para otimizar a transmiss\u00e3o de pot\u00eancia, garantindo que o cortador opere com m\u00e1xima efici\u00eancia. Ela oferece desempenho confi\u00e1vel e consistente, tornando-a adequada para diversas aplica\u00e7\u00f5es de jardinagem, desde pequenos jardins residenciais at\u00e9 grandes tarefas de corte de grama comerciais.<\/li>\n<li><strong>Durabilidade e Longevidade<\/strong><br \/>\nFabricado com materiais de alta qualidade e engenharia de precis\u00e3o, o FMP-1ZS-380 foi projetado para suportar o desgaste do uso intenso. Seu design robusto garante durabilidade, oferecendo uma longa vida \u00fatil mesmo em condi\u00e7\u00f5es operacionais desafiadoras.<\/li>\n<li><strong>Op\u00e7\u00f5es de personaliza\u00e7\u00e3o<\/strong><br \/>\nA FMP oferece personaliza\u00e7\u00e3o para atender a requisitos espec\u00edficos de aplica\u00e7\u00e3o. Seja para ajustes nas rela\u00e7\u00f5es de engrenagem, configura\u00e7\u00f5es de montagem ou outras especifica\u00e7\u00f5es t\u00e9cnicas, o FMP-1ZS-380 pode ser adaptado \u00e0s suas necessidades exclusivas.<\/li>\n<li><strong>F\u00e1cil manuten\u00e7\u00e3o<\/strong><br \/>\nA caixa de engrenagens foi projetada para facilitar a manuten\u00e7\u00e3o. Sua estrutura intuitiva garante uma manuten\u00e7\u00e3o r\u00e1pida e simples, reduzindo o tempo de inatividade e permitindo que os operadores mantenham o desempenho ideal com o m\u00ednimo esfor\u00e7o.<\/li>\n<li><strong>Baixo ru\u00eddo e vibra\u00e7\u00e3o<\/strong><br \/>\nO FMP-1ZS-380 foi projetado com recursos de redu\u00e7\u00e3o de ru\u00eddo para garantir uma opera\u00e7\u00e3o mais silenciosa. Isso o torna ideal para ambientes onde os n\u00edveis de ru\u00eddo precisam ser minimizados, sem comprometer a transfer\u00eancia eficaz de pot\u00eancia para as l\u00e2minas do cortador de grama.<\/li>\n<li><strong>Design compacto e leve<\/strong><br \/>\nApesar do seu desempenho potente, o FMP-1ZS-380 apresenta um design compacto e leve. Isso garante a sua f\u00e1cil integra\u00e7\u00e3o em diversos modelos de cortadores de grama sem adicionar peso desnecess\u00e1rio, melhorando a manobrabilidade e a facilidade de uso.<\/li>\n<li><strong>Engenharia de Precis\u00e3o<\/strong><br \/>\nFabricado com rigorosos padr\u00f5es de controle de qualidade, o FMP-1ZS-380 apresenta engrenagens de engenharia de precis\u00e3o que reduzem a folga e melhoram o desempenho geral. Isso garante uma opera\u00e7\u00e3o mais suave, aprimorando a qualidade dos resultados de corte.<\/li>\n<\/ol>\n<p>Em resumo, a caixa de engrenagens para cortador de grama FMP-1ZS-380 combina alto desempenho, durabilidade, facilidade de manuten\u00e7\u00e3o e op\u00e7\u00f5es de personaliza\u00e7\u00e3o, tornando-a uma excelente escolha tanto para aplica\u00e7\u00f5es residenciais quanto comerciais.<\/p>\n<p><img loading=\"lazy\" decoding=\"async\" class=\"alignnone size-full wp-image-1994\" src=\"https:\/\/fmp-components.com\/wp-content\/uploads\/2024\/12\/Lawn-Mower-Gearbox-7.webp\" alt=\"Caixa de engrenagens do cortador de grama\" width=\"1502\" height=\"805\" title=\"\" srcset=\"https:\/\/fmp-components.com\/wp-content\/uploads\/2024\/12\/Lawn-Mower-Gearbox-7.webp 1502w, https:\/\/fmp-components.com\/wp-content\/uploads\/2024\/12\/Lawn-Mower-Gearbox-7-1280x686.webp 1280w, https:\/\/fmp-components.com\/wp-content\/uploads\/2024\/12\/Lawn-Mower-Gearbox-7-980x525.webp 980w, https:\/\/fmp-components.com\/wp-content\/uploads\/2024\/12\/Lawn-Mower-Gearbox-7-480x257.webp 480w\" sizes=\"(min-width: 0px) and (max-width: 480px) 480px, (min-width: 481px) and (max-width: 980px) 980px, (min-width: 981px) and (max-width: 1280px) 1280px, (min-width: 1281px) 1502px, 100vw\" \/><\/p>\n<h3>Sobre a FMP<\/h3>\n<p>A FMP, com sede na It\u00e1lia, \u00e9 uma fabricante l\u00edder especializada em caixas de engrenagens de alto desempenho para m\u00e1quinas agr\u00edcolas. Reconhecida por sua engenharia de precis\u00e3o, inova\u00e7\u00e3o e confiabilidade, oferecemos uma ampla gama de caixas de engrenagens, incluindo caixas de engrenagens para cortadores de grama e componentes essenciais, como eixos de tomada de for\u00e7a. Nossa miss\u00e3o \u00e9 fornecer solu\u00e7\u00f5es personalizadas que atendam \u00e0s necessidades espec\u00edficas dos setores agr\u00edcola e industrial, seja por meio de produtos individuais ou sistemas integrados.<\/p>\n<p>Entendemos que cada cliente possui necessidades \u00fanicas, e \u00e9 por isso que nos destacamos na personaliza\u00e7\u00e3o de nossos produtos para atender a essas necessidades. Seja uma caixa de engrenagens especializada ou um sistema completo, trabalhamos em estreita colabora\u00e7\u00e3o com voc\u00ea para oferecer as solu\u00e7\u00f5es mais eficazes e eficientes. Nossas respostas r\u00e1pidas e profissionais, aliadas a consultoria especializada, garantem que cada consulta seja tratada com cuidado e precis\u00e3o.<\/p>\n<p>Na FMP, priorizamos a comunica\u00e7\u00e3o aberta e a colabora\u00e7\u00e3o, especialmente no desenvolvimento de novos produtos. Nossa equipe trabalha em conjunto com os clientes para entender seus desafios e fornecer insights que levem a solu\u00e7\u00f5es ideais. Temos o compromisso de entregar produtos de alta qualidade e engenharia de precis\u00e3o no prazo, seja para novos desenvolvimentos ou pedidos existentes.<\/p>\n<p>A qualidade est\u00e1 no centro das opera\u00e7\u00f5es da FMP. Nossos processos de fabrica\u00e7\u00e3o seguem os mais altos padr\u00f5es, garantindo precis\u00e3o e zero defeitos. Um rigoroso controle de qualidade garante que cada produto atenda ou exceda os padr\u00f5es da ind\u00fastria. Esse compromisso com a qualidade, aliado aos nossos valores fundamentais de integridade, trabalho em equipe e perseveran\u00e7a, nos permitiu construir relacionamentos s\u00f3lidos com clientes em quase 30 pa\u00edses.<\/p>\n<p>A FMP est\u00e1 sempre aberta a parcerias globais, oferecendo consultoria especializada e solu\u00e7\u00f5es personalizadas. Nossa abordagem vai al\u00e9m da simples entrega de produtos; buscamos construir relacionamentos de longo prazo que impulsionem o sucesso m\u00fatuo. Seja para novas solu\u00e7\u00f5es ou suporte para sistemas existentes, a FMP se dedica a enfrentar seus desafios t\u00e9cnicos e garantir o sucesso cont\u00ednuo.<\/p>\n<p><img loading=\"lazy\" decoding=\"async\" class=\"alignnone size-full wp-image-1861\" src=\"https:\/\/fmp-components.com\/wp-content\/uploads\/2024\/12\/Other-Agricultural-Gearboxes.webp\" sizes=\"(min-width: 0px) and (max-width: 480px) 480px, (min-width: 481px) and (max-width: 980px) 980px, (min-width: 981px) 1200px, 100vw\" srcset=\"https:\/\/fmp-components.com\/wp-content\/uploads\/2024\/12\/Other-Agricultural-Gearboxes.webp 1200w, https:\/\/fmp-components.com\/wp-content\/uploads\/2024\/12\/Other-Agricultural-Gearboxes-980x1143.webp 980w, https:\/\/fmp-components.com\/wp-content\/uploads\/2024\/12\/Other-Agricultural-Gearboxes-480x560.webp 480w\" alt=\"Altri-cambi-agr\u00edcola\" width=\"1200\" height=\"1400\" title=\"\"><\/p>\n<p>Autor: CX<\/p>","protected":false},"excerpt":{"rendered":"<p>FMP-1ZS-380 Lawn Mower Gearbox Specification ITEM FMP-1ZS-380 Lawn Mower Gearbox Ratio 1:1.24 Teeth 21\/17\/17\/17 Module 7.0 Power\uff08HP\uff09 100 Rated Input 540rpm Input\/Output description \u00a0Spline Weight\uff08N.W\uff09 42.5Kg Advantages of FMP-1ZS-380 Lawn Mower Gearbox High Performance &amp; Efficiency The FMP-1ZS-380 lawn mower gearbox is designed for optimal power transmission, ensuring that the mower operates at peak efficiency. [&hellip;]<\/p>","protected":false},"featured_media":2005,"comment_status":"open","ping_status":"closed","template":"","meta":{"_et_pb_use_builder":"","_et_pb_old_content":"","_et_gb_content_width":""},"product_brand":[],"product_cat":[52],"product_tag":[],"class_list":{"0":"post-1999","1":"product","2":"type-product","3":"status-publish","4":"has-post-thumbnail","6":"product_cat-lawn-mower-gearbox","8":"first","9":"instock","10":"shipping-taxable","11":"product-type-simple"},"_links":{"self":[{"href":"https:\/\/fmp-components.com\/pt\/wp-json\/wp\/v2\/product\/1999","targetHints":{"allow":["GET"]}}],"collection":[{"href":"https:\/\/fmp-components.com\/pt\/wp-json\/wp\/v2\/product"}],"about":[{"href":"https:\/\/fmp-components.com\/pt\/wp-json\/wp\/v2\/types\/product"}],"replies":[{"embeddable":true,"href":"https:\/\/fmp-components.com\/pt\/wp-json\/wp\/v2\/comments?post=1999"}],"wp:featuredmedia":[{"embeddable":true,"href":"https:\/\/fmp-components.com\/pt\/wp-json\/wp\/v2\/media\/2005"}],"wp:attachment":[{"href":"https:\/\/fmp-components.com\/pt\/wp-json\/wp\/v2\/media?parent=1999"}],"wp:term":[{"taxonomy":"product_brand","embeddable":true,"href":"https:\/\/fmp-components.com\/pt\/wp-json\/wp\/v2\/product_brand?post=1999"},{"taxonomy":"product_cat","embeddable":true,"href":"https:\/\/fmp-components.com\/pt\/wp-json\/wp\/v2\/product_cat?post=1999"},{"taxonomy":"product_tag","embeddable":true,"href":"https:\/\/fmp-components.com\/pt\/wp-json\/wp\/v2\/product_tag?post=1999"}],"curies":[{"name":"wp","href":"https:\/\/api.w.org\/{rel}","templated":true}]}}