{"id":1993,"date":"2024-12-26T08:39:30","date_gmt":"2024-12-26T08:39:30","guid":{"rendered":"https:\/\/fmp-components.com\/?page_id=8"},"modified":"2024-12-26T08:43:04","modified_gmt":"2024-12-26T08:43:04","slug":"agricultural-lawn-mower-gearbox-fmp-966109","status":"publish","type":"product","link":"https:\/\/fmp-components.com\/pt\/product\/agricultural-lawn-mower-gearbox-fmp-966109\/","title":{"rendered":"Caixa de engrenagens para cortador de grama agr\u00edcola FMP-966109"},"content":{"rendered":"<h2>Especifica\u00e7\u00e3o da caixa de engrenagens do cortador de grama agr\u00edcola FMP-966109<\/h2>\n<p><img loading=\"lazy\" decoding=\"async\" class=\"size-full wp-image-1997 alignleft\" src=\"https:\/\/fmp-components.com\/wp-content\/uploads\/2024\/12\/fmp_agricultural-gearbox-HC-GS4RC-2-1.webp\" alt=\"fmp_caixa-de-engrenagens-agr\u00edcola-HC-GS4RC-2-1\" width=\"506\" height=\"640\" title=\"\" srcset=\"https:\/\/fmp-components.com\/wp-content\/uploads\/2024\/12\/fmp_agricultural-gearbox-HC-GS4RC-2-1.webp 506w, https:\/\/fmp-components.com\/wp-content\/uploads\/2024\/12\/fmp_agricultural-gearbox-HC-GS4RC-2-1-480x607.webp 480w\" sizes=\"(min-width: 0px) and (max-width: 480px) 480px, (min-width: 481px) 506px, 100vw\" \/><img loading=\"lazy\" decoding=\"async\" class=\"wp-image-1996 aligncenter\" src=\"https:\/\/fmp-components.com\/wp-content\/uploads\/2024\/12\/FMP_agricultural-gearbox-HC-966109.webp\" alt=\"FMP_caixa de engrenagens-agr\u00edcola-HC-966109\" width=\"383\" height=\"383\" title=\"\" srcset=\"https:\/\/fmp-components.com\/wp-content\/uploads\/2024\/12\/FMP_agricultural-gearbox-HC-966109.webp 400w, https:\/\/fmp-components.com\/wp-content\/uploads\/2024\/12\/FMP_agricultural-gearbox-HC-966109-300x300.webp 300w, https:\/\/fmp-components.com\/wp-content\/uploads\/2024\/12\/FMP_agricultural-gearbox-HC-966109-150x150.webp 150w, https:\/\/fmp-components.com\/wp-content\/uploads\/2024\/12\/FMP_agricultural-gearbox-HC-966109-12x12.webp 12w, https:\/\/fmp-components.com\/wp-content\/uploads\/2024\/12\/FMP_agricultural-gearbox-HC-966109-100x100.webp 100w\" sizes=\"(max-width: 383px) 100vw, 383px\" \/><\/p>\n<table style=\"width: 92.3941%; height: 221px;\" border=\"1\">\n<tbody>\n<tr>\n<td style=\"width: 31.5789%;\"><strong>ITEM<\/strong><\/td>\n<td style=\"width: 67.7193%;\">FMP-966109<\/td>\n<\/tr>\n<tr>\n<td style=\"width: 31.5789%;\"><strong>Raz\u00e3o<\/strong><\/td>\n<td style=\"width: 67.7193%;\">1:1.47\/1:1.93<\/td>\n<\/tr>\n<tr>\n<td style=\"width: 31.5789%;\"><strong>Dentes<\/strong><\/td>\n<td style=\"width: 67.7193%;\">13\/19 14\/27<\/td>\n<\/tr>\n<tr>\n<td style=\"width: 31.5789%;\"><strong>M\u00f3dulo<\/strong><\/td>\n<td style=\"width: 67.7193%;\">\u00a07.0 \/5.5<\/td>\n<\/tr>\n<tr>\n<td style=\"width: 31.5789%;\"><strong>Pot\u00eancia (HP)<\/strong><\/td>\n<td style=\"width: 67.7193%;\">60<\/td>\n<\/tr>\n<tr>\n<td style=\"width: 31.5789%;\"><strong>Entrada nominal<\/strong><\/td>\n<td style=\"width: 67.7193%;\">540 rpm<\/td>\n<\/tr>\n<tr>\n<td style=\"width: 31.5789%;\"><strong>Descri\u00e7\u00e3o de entrada\/sa\u00edda<\/strong><\/td>\n<td style=\"width: 67.7193%;\">\u00a01 3\/8 Z6\/1 3\/4 Z20 Eixo \u00f3ptico 1 Spline c\u00f4nico<\/td>\n<\/tr>\n<tr>\n<td style=\"width: 31.5789%;\"><strong>Peso (NW)<\/strong><\/td>\n<td style=\"width: 67.7193%;\">29KG<\/td>\n<\/tr>\n<\/tbody>\n<\/table>\n<h2>Projeto de pe\u00e7as da caixa de engrenagens do cortador de grama<\/h2>\n<p><img loading=\"lazy\" decoding=\"async\" class=\"alignnone size-full wp-image-1995\" src=\"https:\/\/fmp-components.com\/wp-content\/uploads\/2024\/12\/Lawn-Mower-Gearbox-Parts-Design.webp\" alt=\"Caixa de engrenagens do cortador de grama\" width=\"1000\" height=\"614\" title=\"\" srcset=\"https:\/\/fmp-components.com\/wp-content\/uploads\/2024\/12\/Lawn-Mower-Gearbox-Parts-Design.webp 1000w, https:\/\/fmp-components.com\/wp-content\/uploads\/2024\/12\/Lawn-Mower-Gearbox-Parts-Design-980x602.webp 980w, https:\/\/fmp-components.com\/wp-content\/uploads\/2024\/12\/Lawn-Mower-Gearbox-Parts-Design-480x295.webp 480w\" sizes=\"(min-width: 0px) and (max-width: 480px) 480px, (min-width: 481px) and (max-width: 980px) 980px, (min-width: 981px) 1000px, 100vw\" \/><\/p>\n<h3>Caracter\u00edsticas da caixa de engrenagens do cortador de grama agr\u00edcola<\/h3>\n<ol>\n<li><strong>Rela\u00e7\u00f5es de transmiss\u00e3o personaliz\u00e1veis<\/strong>:Oferecemos uma variedade de rela\u00e7\u00f5es de transmiss\u00e3o adaptadas para atender \u00e0s suas necessidades espec\u00edficas.<\/li>\n<li><strong>Controle de Qualidade Profissional<\/strong>: Nosso dedicado departamento de controle de qualidade usa equipamentos de inspe\u00e7\u00e3o avan\u00e7ados para garantir dimens\u00f5es precisas, folga m\u00ednima e baixos n\u00edveis de ru\u00eddo em cada caixa de engrenagens.<\/li>\n<li><strong>Capacidades ODM e OEM<\/strong>: Nosso departamento de tecnologia est\u00e1 equipado para projetar e desenvolver caixas de engrenagens personalizadas com base em suas necessidades exclusivas, fornecendo servi\u00e7os de Fabricante de Projeto Original (ODM) e Fabricante de Equipamento Original (OEM).<\/li>\n<li><strong>Per\u00edodo de garantia<\/strong>:Oferecemos um per\u00edodo de garantia de 1,5 a 2 anos para assegurar a longevidade e a confiabilidade dos nossos produtos.<\/li>\n<li><strong>Vasta experi\u00eancia<\/strong>: Com mais de 20 anos de experi\u00eancia no setor, nossas caixas de engrenagens s\u00e3o conhecidas por sua seguran\u00e7a, confiabilidade, custo-benef\u00edcio e durabilidade.<\/li>\n<li><strong>Controle rigoroso de embalagem e entrega<\/strong>: Todos os nossos funcion\u00e1rios s\u00e3o altamente treinados para garantir que os mais altos padr\u00f5es de qualidade sejam atendidos. Cada caixa de engrenagens passa pela inspe\u00e7\u00e3o 100% antes do envio para garantir um desempenho impec\u00e1vel.<\/li>\n<\/ol>\n<p>Estamos comprometidos em entregar designs excepcionais, controle de qualidade profissional, pre\u00e7os competitivos e excelente atendimento ao cliente para atender \u00e0s suas necessidades.<\/p>\n<p><img loading=\"lazy\" decoding=\"async\" class=\"alignnone size-full wp-image-1994\" src=\"https:\/\/fmp-components.com\/wp-content\/uploads\/2024\/12\/Lawn-Mower-Gearbox-7.webp\" alt=\"Caixa de engrenagens do cortador de grama\" width=\"1502\" height=\"805\" title=\"\" srcset=\"https:\/\/fmp-components.com\/wp-content\/uploads\/2024\/12\/Lawn-Mower-Gearbox-7.webp 1502w, https:\/\/fmp-components.com\/wp-content\/uploads\/2024\/12\/Lawn-Mower-Gearbox-7-1280x686.webp 1280w, https:\/\/fmp-components.com\/wp-content\/uploads\/2024\/12\/Lawn-Mower-Gearbox-7-980x525.webp 980w, https:\/\/fmp-components.com\/wp-content\/uploads\/2024\/12\/Lawn-Mower-Gearbox-7-480x257.webp 480w\" sizes=\"(min-width: 0px) and (max-width: 480px) 480px, (min-width: 481px) and (max-width: 980px) 980px, (min-width: 981px) and (max-width: 1280px) 1280px, (min-width: 1281px) 1502px, 100vw\" \/><\/p>\n<h3>Sobre a FMP<\/h3>\n<p>A FMP, com sede na It\u00e1lia, \u00e9 uma fabricante l\u00edder especializada em caixas de engrenagens de alto desempenho para m\u00e1quinas agr\u00edcolas. Reconhecida por sua engenharia de precis\u00e3o, inova\u00e7\u00e3o e confiabilidade, oferecemos uma ampla gama de caixas de engrenagens, incluindo caixas de engrenagens para cortadores de grama e componentes essenciais, como eixos de tomada de for\u00e7a. Nossa miss\u00e3o \u00e9 fornecer solu\u00e7\u00f5es personalizadas que atendam \u00e0s necessidades espec\u00edficas dos setores agr\u00edcola e industrial, seja por meio de produtos individuais ou sistemas integrados.<\/p>\n<p>Entendemos que cada cliente possui necessidades \u00fanicas, e \u00e9 por isso que nos destacamos na personaliza\u00e7\u00e3o de nossos produtos para atender a essas necessidades. Seja uma caixa de engrenagens especializada ou um sistema completo, trabalhamos em estreita colabora\u00e7\u00e3o com voc\u00ea para oferecer as solu\u00e7\u00f5es mais eficazes e eficientes. Nossas respostas r\u00e1pidas e profissionais, aliadas a consultoria especializada, garantem que cada consulta seja tratada com cuidado e precis\u00e3o.<\/p>\n<p>Na FMP, priorizamos a comunica\u00e7\u00e3o aberta e a colabora\u00e7\u00e3o, especialmente no desenvolvimento de novos produtos. Nossa equipe trabalha em conjunto com os clientes para entender seus desafios e fornecer insights que levem a solu\u00e7\u00f5es ideais. Temos o compromisso de entregar produtos de alta qualidade e engenharia de precis\u00e3o no prazo, seja para novos desenvolvimentos ou pedidos existentes.<\/p>\n<p>A qualidade est\u00e1 no centro das opera\u00e7\u00f5es da FMP. Nossos processos de fabrica\u00e7\u00e3o seguem os mais altos padr\u00f5es, garantindo precis\u00e3o e zero defeitos. Um rigoroso controle de qualidade garante que cada produto atenda ou exceda os padr\u00f5es da ind\u00fastria. Esse compromisso com a qualidade, aliado aos nossos valores fundamentais de integridade, trabalho em equipe e perseveran\u00e7a, nos permitiu construir relacionamentos s\u00f3lidos com clientes em quase 30 pa\u00edses.<\/p>\n<p>A FMP est\u00e1 sempre aberta a parcerias globais, oferecendo consultoria especializada e solu\u00e7\u00f5es personalizadas. Nossa abordagem vai al\u00e9m da simples entrega de produtos; buscamos construir relacionamentos de longo prazo que impulsionem o sucesso m\u00fatuo. Seja para novas solu\u00e7\u00f5es ou suporte para sistemas existentes, a FMP se dedica a enfrentar seus desafios t\u00e9cnicos e garantir o sucesso cont\u00ednuo.<\/p>\n<p><img loading=\"lazy\" decoding=\"async\" class=\"alignnone size-full wp-image-1861\" src=\"https:\/\/fmp-components.com\/wp-content\/uploads\/2024\/12\/Other-Agricultural-Gearboxes.webp\" sizes=\"(min-width: 0px) and (max-width: 480px) 480px, (min-width: 481px) and (max-width: 980px) 980px, (min-width: 981px) 1200px, 100vw\" srcset=\"https:\/\/fmp-components.com\/wp-content\/uploads\/2024\/12\/Other-Agricultural-Gearboxes.webp 1200w, https:\/\/fmp-components.com\/wp-content\/uploads\/2024\/12\/Other-Agricultural-Gearboxes-980x1143.webp 980w, https:\/\/fmp-components.com\/wp-content\/uploads\/2024\/12\/Other-Agricultural-Gearboxes-480x560.webp 480w\" alt=\"Altri-cambi-agr\u00edcola\" width=\"1200\" height=\"1400\" title=\"\"><\/p>\n<p>Autor: CX<\/p>","protected":false},"excerpt":{"rendered":"<p>Agricultural Lawn Mower Gearbox FMP-966109 Specification ITEM FMP-966109 Ratio 1:1.47\/1:1.93 Teeth 13\/19 14\/27 Module \u00a07.0 \/5.5 Power(HP) 60 Rated Input 540rpm Input\/Output Description \u00a01 3\/8 Z6\/1 3\/4 Z20 Optic ax1 Taper spline Weight(N.W) 29KG Lawn Mower Gearbox Parts Design Agricultural Lawnmower Gearbox Features Customizable Transmission Ratios: We offer a variety of transmission ratios tailored to [&hellip;]<\/p>","protected":false},"featured_media":1996,"comment_status":"open","ping_status":"closed","template":"","meta":{"_et_pb_use_builder":"","_et_pb_old_content":"","_et_gb_content_width":""},"product_brand":[],"product_cat":[52],"product_tag":[],"class_list":{"0":"post-1993","1":"product","2":"type-product","3":"status-publish","4":"has-post-thumbnail","6":"product_cat-lawn-mower-gearbox","8":"first","9":"instock","10":"shipping-taxable","11":"product-type-simple"},"_links":{"self":[{"href":"https:\/\/fmp-components.com\/pt\/wp-json\/wp\/v2\/product\/1993","targetHints":{"allow":["GET"]}}],"collection":[{"href":"https:\/\/fmp-components.com\/pt\/wp-json\/wp\/v2\/product"}],"about":[{"href":"https:\/\/fmp-components.com\/pt\/wp-json\/wp\/v2\/types\/product"}],"replies":[{"embeddable":true,"href":"https:\/\/fmp-components.com\/pt\/wp-json\/wp\/v2\/comments?post=1993"}],"wp:featuredmedia":[{"embeddable":true,"href":"https:\/\/fmp-components.com\/pt\/wp-json\/wp\/v2\/media\/1996"}],"wp:attachment":[{"href":"https:\/\/fmp-components.com\/pt\/wp-json\/wp\/v2\/media?parent=1993"}],"wp:term":[{"taxonomy":"product_brand","embeddable":true,"href":"https:\/\/fmp-components.com\/pt\/wp-json\/wp\/v2\/product_brand?post=1993"},{"taxonomy":"product_cat","embeddable":true,"href":"https:\/\/fmp-components.com\/pt\/wp-json\/wp\/v2\/product_cat?post=1993"},{"taxonomy":"product_tag","embeddable":true,"href":"https:\/\/fmp-components.com\/pt\/wp-json\/wp\/v2\/product_tag?post=1993"}],"curies":[{"name":"wp","href":"https:\/\/api.w.org\/{rel}","templated":true}]}}