{"id":1983,"date":"2024-12-26T07:51:14","date_gmt":"2024-12-26T07:51:14","guid":{"rendered":"https:\/\/fmp-components.com\/?page_id=8"},"modified":"2024-12-30T02:49:27","modified_gmt":"2024-12-30T02:49:27","slug":"fmp-ag135-lawnmower-135-deg-gearbox-11-for-agricultural","status":"publish","type":"product","link":"https:\/\/fmp-components.com\/pt\/product\/fmp-ag135-lawnmower-135-deg-gearbox-11-for-agricultural\/","title":{"rendered":"Cortador de grama FMP-AG135 Caixa de engrenagens de 135 graus 1:1 para agricultura"},"content":{"rendered":"<h2>Cortador de grama FMP-AG135 com caixa de engrenagens de 135 graus e rela\u00e7\u00e3o 1:1 para especifica\u00e7\u00f5es agr\u00edcolas.<\/h2>\n<p><img loading=\"lazy\" decoding=\"async\" class=\"alignnone wp-image-1984\" src=\"https:\/\/fmp-components.com\/wp-content\/uploads\/2024\/12\/fmp_agricultural-gearbox-HC-AG135-1.webp\" alt=\"fmp_caixa-de-engrenagens-agr\u00edcola-HC-AG135\" width=\"919\" height=\"548\" title=\"\" srcset=\"https:\/\/fmp-components.com\/wp-content\/uploads\/2024\/12\/fmp_agricultural-gearbox-HC-AG135-1.webp 919w, https:\/\/fmp-components.com\/wp-content\/uploads\/2024\/12\/fmp_agricultural-gearbox-HC-AG135-1-480x286.webp 480w\" sizes=\"(min-width: 0px) and (max-width: 480px) 480px, (min-width: 481px) 919px, 100vw\" \/><\/p>\n<table style=\"width: 99.0594%; height: 184px;\" border=\"1\">\n<tbody>\n<tr style=\"height: 23px;\">\n<td style=\"height: 23px;\">ITEM<\/td>\n<td style=\"height: 23px;\">Caixa de engrenagens FMP-AG135 de 135 graus<\/td>\n<\/tr>\n<tr style=\"height: 23px;\">\n<td style=\"height: 23px;\">Raz\u00e3o<\/td>\n<td style=\"height: 23px;\">1:1<\/td>\n<\/tr>\n<tr style=\"height: 23px;\">\n<td style=\"height: 23px;\">Dentes<\/td>\n<td style=\"height: 23px;\">20\/20<\/td>\n<\/tr>\n<tr style=\"height: 23px;\">\n<td style=\"height: 23px;\">M\u00f3dulo<\/td>\n<td style=\"height: 23px;\">6.0<\/td>\n<\/tr>\n<tr style=\"height: 23px;\">\n<td style=\"height: 23px;\">Pot\u00eancia (HP)<\/td>\n<td style=\"height: 23px;\">50<\/td>\n<\/tr>\n<tr style=\"height: 23px;\">\n<td style=\"height: 23px;\">Entrada nominal<\/td>\n<td style=\"height: 23px;\">540 rpm<\/td>\n<\/tr>\n<tr style=\"height: 23px;\">\n<td style=\"height: 23px;\">Descri\u00e7\u00e3o de entrada\/sa\u00edda<\/td>\n<td style=\"height: 23px;\">\u00a0Eixo estriado de base c\u00f4nica Z6 de 1 3\/8\"<\/td>\n<\/tr>\n<tr style=\"height: 23px;\">\n<td style=\"height: 23px;\">Peso (NW)<\/td>\n<td style=\"height: 23px;\">16,5 kg<\/td>\n<\/tr>\n<\/tbody>\n<\/table>\n<h3>Caracter\u00edsticas da caixa de engrenagens do cortador de grama<\/h3>\n<p>As caixas de engrenagens dos cortadores de grama s\u00e3o componentes essenciais que acionam as l\u00e2minas de corte, garantindo o funcionamento eficiente e consistente do cortador. Aqui est\u00e3o as principais caracter\u00edsticas que tornam essas caixas de engrenagens eficazes e confi\u00e1veis \u200b\u200bem diversas aplica\u00e7\u00f5es de corte de grama:<\/p>\n<h4>Durabilidade e Robustez<\/h4>\n<p>As caixas de engrenagens dos cortadores de grama s\u00e3o projetadas para suportar as cargas pesadas e a opera\u00e7\u00e3o cont\u00ednua exigidas em ambientes externos. Constru\u00eddas com materiais de alta qualidade, como a\u00e7o temperado, s\u00e3o feitas para durar e resistir ao desgaste, garantindo confiabilidade a longo prazo mesmo em condi\u00e7\u00f5es adversas.<\/p>\n<h4>Design de engrenagens de precis\u00e3o<\/h4>\n<p>Essas caixas de engrenagens apresentam engrenagens de engenharia de alta precis\u00e3o que proporcionam uma transmiss\u00e3o de pot\u00eancia suave e eficiente para as l\u00e2minas do cortador de grama. O design preciso garante o m\u00ednimo de atrito, reduzindo a perda de energia e melhorando o desempenho do sistema de corte, resultando em cortes mais limpos e menor consumo de combust\u00edvel.<\/p>\n<h4>Alta capacidade de torque<\/h4>\n<p>As caixas de engrenagens dos cortadores de grama s\u00e3o projetadas para suportar os altos n\u00edveis de torque necess\u00e1rios para acionar as l\u00e2minas do cortador com efici\u00eancia. Sejam cortadores rotativos ou modelos industriais, essas caixas de engrenagens conseguem transferir a pot\u00eancia necess\u00e1ria de forma eficiente, permitindo que as l\u00e2minas cortem grama alta, ervas daninhas e outras vegeta\u00e7\u00f5es resistentes.<\/p>\n<h4>Compacto e leve<\/h4>\n<p>Apesar de sua robustez e durabilidade, as caixas de engrenagens para cortadores de grama s\u00e3o projetadas para serem compactas e leves. Isso facilita a instala\u00e7\u00e3o, a manuten\u00e7\u00e3o e a opera\u00e7\u00e3o, sem adicionar peso desnecess\u00e1rio ao equipamento, o que pode melhorar a manobrabilidade e a efici\u00eancia de combust\u00edvel.<\/p>\n<h4>Resist\u00eancia \u00e0 corros\u00e3o e \u00e0s intemp\u00e9ries<\/h4>\n<p>Considerando que os cortadores de grama s\u00e3o normalmente usados \u200b\u200bao ar livre, as caixas de engrenagens s\u00e3o equipadas com recursos que previnem ferrugem e corros\u00e3o. Muitas caixas de engrenagens de cortadores de grama recebem revestimentos protetores ou s\u00e3o fabricadas com materiais resistentes \u00e0 corros\u00e3o para garantir o desempenho ideal em diversas condi\u00e7\u00f5es clim\u00e1ticas, como chuva, umidade e temperaturas extremas.<\/p>\n<p>As caixas de engrenagens para cortadores de grama combinam for\u00e7a, precis\u00e3o e efici\u00eancia para alimentar os sistemas de corte de forma eficaz. Elas s\u00e3o projetadas para durabilidade, baixa manuten\u00e7\u00e3o e alto desempenho, tornando-se uma parte essencial dos equipamentos modernos de corte de grama. Seja para uso residencial ou comercial, a caixa de engrenagens correta garante um desempenho de corte ideal e uma longa vida \u00fatil para o equipamento.<\/p>\n<p><img loading=\"lazy\" decoding=\"async\" class=\"alignnone wp-image-1985\" src=\"https:\/\/fmp-components.com\/wp-content\/uploads\/2024\/12\/Lawn-Mower-Gearbox-1-1.webp\" alt=\"Caixa de engrenagens do cortador de grama\" width=\"943\" height=\"630\" title=\"\" srcset=\"https:\/\/fmp-components.com\/wp-content\/uploads\/2024\/12\/Lawn-Mower-Gearbox-1-1.webp 943w, https:\/\/fmp-components.com\/wp-content\/uploads\/2024\/12\/Lawn-Mower-Gearbox-1-1-480x321.webp 480w\" sizes=\"(min-width: 0px) and (max-width: 480px) 480px, (min-width: 481px) 943px, 100vw\" \/><\/p>\n<h3>Sobre a FMP<\/h3>\n<p>A FMP, com sede na It\u00e1lia, \u00e9 uma fabricante l\u00edder especializada no projeto, desenvolvimento e produ\u00e7\u00e3o de caixas de engrenagens de alto desempenho para m\u00e1quinas agr\u00edcolas. Reconhecida por sua engenharia de precis\u00e3o, inova\u00e7\u00e3o e confiabilidade, oferecemos uma linha completa de caixas de engrenagens, incluindo para cortadores de grama, al\u00e9m de componentes essenciais como eixos de tomada de for\u00e7a (TDF). Nossa miss\u00e3o \u00e9 fornecer solu\u00e7\u00f5es personalizadas que atendam \u00e0s necessidades espec\u00edficas dos setores agr\u00edcola e industrial, seja por meio de produtos individuais ou sistemas totalmente integrados.<\/p>\n<p>Na FMP, entendemos que cada cliente tem necessidades \u00fanicas, e isso impulsiona nossa dedica\u00e7\u00e3o em personalizar nossos produtos de acordo com essas necessidades. Seja uma caixa de engrenagens especializada ou um sistema completo, trabalhamos em estreita colabora\u00e7\u00e3o com voc\u00ea para fornecer a solu\u00e7\u00e3o mais eficaz e eficiente. Nos orgulhamos de oferecer respostas r\u00e1pidas e profissionais, garantindo que cada solicita\u00e7\u00e3o seja tratada com a m\u00e1xima expertise e aten\u00e7\u00e3o aos detalhes.<\/p>\n<p>A comunica\u00e7\u00e3o aberta e a colabora\u00e7\u00e3o s\u00e3o fundamentais para a nossa abordagem, especialmente no desenvolvimento de novos produtos. Nossa equipe trabalha em estreita colabora\u00e7\u00e3o com os clientes para compreender profundamente seus desafios e fornecer informa\u00e7\u00f5es valiosas que levam a solu\u00e7\u00f5es otimizadas. Do desenvolvimento de novos produtos ao atendimento de pedidos existentes, estamos comprometidos em entregar produtos de alta qualidade e engenharia de precis\u00e3o com rapidez e exatid\u00e3o.<\/p>\n<p>A qualidade est\u00e1 no centro de tudo o que fazemos. Nossos processos de fabrica\u00e7\u00e3o s\u00e3o baseados nos princ\u00edpios de altos padr\u00f5es, precis\u00e3o e zero defeitos. Implementamos medidas rigorosas de controle de qualidade para garantir que cada produto exceda os padr\u00f5es da ind\u00fastria. Esse foco inabal\u00e1vel na qualidade, aliado aos nossos valores de integridade, trabalho em equipe e perseveran\u00e7a, nos permitiu construir relacionamentos duradouros com clientes em quase 30 pa\u00edses em todo o mundo.<\/p>\n<p>A FMP est\u00e1 sempre aberta a parcerias globais e comprometida em oferecer consultoria especializada e solu\u00e7\u00f5es personalizadas. Nossa filosofia vai al\u00e9m da simples entrega de produtos \u2014 trata-se de construir relacionamentos de longo prazo que garantam o sucesso m\u00fatuo. Seja para solu\u00e7\u00f5es para um novo projeto ou suporte para um sistema existente, a FMP se dedica a enfrentar seus desafios t\u00e9cnicos e garantir seu sucesso cont\u00ednuo.<\/p>\n<p><img loading=\"lazy\" decoding=\"async\" class=\"alignnone size-full wp-image-1861\" src=\"https:\/\/fmp-components.com\/wp-content\/uploads\/2024\/12\/Other-Agricultural-Gearboxes.webp\" sizes=\"(min-width: 0px) and (max-width: 480px) 480px, (min-width: 481px) and (max-width: 980px) 980px, (min-width: 981px) 1200px, 100vw\" srcset=\"https:\/\/fmp-components.com\/wp-content\/uploads\/2024\/12\/Other-Agricultural-Gearboxes.webp 1200w, https:\/\/fmp-components.com\/wp-content\/uploads\/2024\/12\/Other-Agricultural-Gearboxes-980x1143.webp 980w, https:\/\/fmp-components.com\/wp-content\/uploads\/2024\/12\/Other-Agricultural-Gearboxes-480x560.webp 480w\" alt=\"Altri-cambi-agr\u00edcola\" width=\"1200\" height=\"1400\" title=\"\"><\/p>\n<p>Autor: CX<\/p>","protected":false},"excerpt":{"rendered":"<p>FMP-AG135 Lawnmower 135 deg gearbox 1:1 for Agricultural Specification ITEM FMP-AG135 135 deg gearbox Ratio 1:1 Teeth 20\/20 Module 6.0 Power\uff08HP\uff09 50 Rated Input 540rpm Input\/Output description \u00a01 3\/8 Z6 Cone base aequilate Spline Shaft Weight\uff08N.W\uff09 16.5Kg Features of Lawn Mower Gearbox Lawn mower gearboxes are essential components that drive the cutting blades, ensuring efficient [&hellip;]<\/p>","protected":false},"featured_media":2078,"comment_status":"open","ping_status":"closed","template":"","meta":{"_et_pb_use_builder":"","_et_pb_old_content":"","_et_gb_content_width":""},"product_brand":[],"product_cat":[52],"product_tag":[],"class_list":{"0":"post-1983","1":"product","2":"type-product","3":"status-publish","4":"has-post-thumbnail","6":"product_cat-lawn-mower-gearbox","8":"first","9":"instock","10":"shipping-taxable","11":"product-type-simple"},"_links":{"self":[{"href":"https:\/\/fmp-components.com\/pt\/wp-json\/wp\/v2\/product\/1983","targetHints":{"allow":["GET"]}}],"collection":[{"href":"https:\/\/fmp-components.com\/pt\/wp-json\/wp\/v2\/product"}],"about":[{"href":"https:\/\/fmp-components.com\/pt\/wp-json\/wp\/v2\/types\/product"}],"replies":[{"embeddable":true,"href":"https:\/\/fmp-components.com\/pt\/wp-json\/wp\/v2\/comments?post=1983"}],"wp:featuredmedia":[{"embeddable":true,"href":"https:\/\/fmp-components.com\/pt\/wp-json\/wp\/v2\/media\/2078"}],"wp:attachment":[{"href":"https:\/\/fmp-components.com\/pt\/wp-json\/wp\/v2\/media?parent=1983"}],"wp:term":[{"taxonomy":"product_brand","embeddable":true,"href":"https:\/\/fmp-components.com\/pt\/wp-json\/wp\/v2\/product_brand?post=1983"},{"taxonomy":"product_cat","embeddable":true,"href":"https:\/\/fmp-components.com\/pt\/wp-json\/wp\/v2\/product_cat?post=1983"},{"taxonomy":"product_tag","embeddable":true,"href":"https:\/\/fmp-components.com\/pt\/wp-json\/wp\/v2\/product_tag?post=1983"}],"curies":[{"name":"wp","href":"https:\/\/api.w.org\/{rel}","templated":true}]}}