{"id":1973,"date":"2024-12-26T05:53:04","date_gmt":"2024-12-26T05:53:04","guid":{"rendered":"https:\/\/fmp-components.com\/?page_id=8"},"modified":"2024-12-26T07:47:18","modified_gmt":"2024-12-26T07:47:18","slug":"mower-gearboxes-replacement-of-comer-code-tl-312d","status":"publish","type":"product","link":"https:\/\/fmp-components.com\/pt\/product\/mower-gearboxes-replacement-of-comer-code-tl-312d\/","title":{"rendered":"Caixas de engrenagens do cortador de grama \u2013 Substitui\u00e7\u00e3o do Comer Code TL-312D"},"content":{"rendered":"<p><img loading=\"lazy\" decoding=\"async\" class=\"size-full wp-image-1974 aligncenter\" src=\"https:\/\/fmp-components.com\/wp-content\/uploads\/2024\/12\/Mower-Gearboxes-\u2013-Replacement-of-Comer-Code-TL-312D.webp\" alt=\"Caixas de engrenagens do cortador de grama \u2013 Substitui\u00e7\u00e3o do Comer Code TL-312D\" width=\"500\" height=\"500\" title=\"\" srcset=\"https:\/\/fmp-components.com\/wp-content\/uploads\/2024\/12\/Mower-Gearboxes-\u2013-Replacement-of-Comer-Code-TL-312D.webp 500w, https:\/\/fmp-components.com\/wp-content\/uploads\/2024\/12\/Mower-Gearboxes-\u2013-Replacement-of-Comer-Code-TL-312D-300x300.webp 300w, https:\/\/fmp-components.com\/wp-content\/uploads\/2024\/12\/Mower-Gearboxes-\u2013-Replacement-of-Comer-Code-TL-312D-150x150.webp 150w, https:\/\/fmp-components.com\/wp-content\/uploads\/2024\/12\/Mower-Gearboxes-\u2013-Replacement-of-Comer-Code-TL-312D-12x12.webp 12w, https:\/\/fmp-components.com\/wp-content\/uploads\/2024\/12\/Mower-Gearboxes-\u2013-Replacement-of-Comer-Code-TL-312D-480x480.webp 480w, https:\/\/fmp-components.com\/wp-content\/uploads\/2024\/12\/Mower-Gearboxes-\u2013-Replacement-of-Comer-Code-TL-312D-100x100.webp 100w\" sizes=\"(max-width: 500px) 100vw, 500px\" \/><\/p>\n<h2>Caixas de Engrenagens para Cortadores de Grama \u2013 Substitui\u00e7\u00e3o da Especifica\u00e7\u00e3o Comer C\u00f3digo TL-312D<\/h2>\n<table style=\"width: 100%;\" border=\"1\" width=\"100%\" cellspacing=\"0\" cellpadding=\"0\">\n<tbody>\n<tr>\n<th>Descri\u00e7\u00e3o<\/th>\n<td>Caixas de engrenagens para cortadores de grama \u2013 Substitui\u00e7\u00e3o do c\u00f3digo Comer TL-312D<\/td>\n<\/tr>\n<tr>\n<th>Aplicativo<\/th>\n<td>Cortadores de grama<\/td>\n<\/tr>\n<tr>\n<th>Consiste em<\/th>\n<td>Caixa de engrenagens<\/td>\n<\/tr>\n<tr>\n<th>Sem \u00f3leo<\/th>\n<td>Informa\u00e7\u00f5es t\u00e9cnicas<\/td>\n<\/tr>\n<tr>\n<th><\/th>\n<td>Caso tenha alguma d\u00favida sobre o desempenho em diferentes velocidades, n\u00e3o hesite em entrar em contato conosco.<\/td>\n<\/tr>\n<tr>\n<th><\/th>\n<td>Ao utilizar pela primeira vez, troque o \u00f3leo ap\u00f3s 50 horas de funcionamento.<\/td>\n<\/tr>\n<tr>\n<th>Cont\u00e9m \u00f3leo<\/th>\n<td>N\u00e3o<\/td>\n<\/tr>\n<tr>\n<th>Capacidade M\u00e1xima de \u00d3leo<\/th>\n<td>1,5 l<\/td>\n<\/tr>\n<tr>\n<th>Intervalo m\u00e1ximo de troca de \u00f3leo<\/th>\n<td>500 horas<\/td>\n<\/tr>\n<tr>\n<th>Grau de viscosidade SAE do \u00f3leo<\/th>\n<td>80W-90<\/td>\n<\/tr>\n<tr>\n<th>Material da caixa<\/th>\n<td>Ferro fundido GG25<\/td>\n<\/tr>\n<tr>\n<th>Peso<\/th>\n<td>27 kg<\/td>\n<\/tr>\n<tr>\n<th>Arranjo de engrenagens aumentando<\/th>\n<td>21-22<\/td>\n<\/tr>\n<tr>\n<th>Pot\u00eancia de entrada kW \/ HP aumentando<\/th>\n<td>76,5 \/ 104 kW\/HP<\/td>\n<\/tr>\n<tr>\n<th>Aumento do eixo de entrada<\/th>\n<td>X<\/td>\n<\/tr>\n<tr>\n<th>Torque de sa\u00edda DaNm aumentando<\/th>\n<td>42,7 daNm<\/td>\n<\/tr>\n<tr>\n<th>Propor\u00e7\u00e3o crescente<\/th>\n<td>1 : 1.6<\/td>\n<\/tr>\n<tr>\n<th>Redu\u00e7\u00e3o de Propor\u00e7\u00e3o<\/th>\n<td>1.6 : 1<\/td>\n<\/tr>\n<tr>\n<th>Eixo X<\/th>\n<td>1 3\/8\u2033 (6) (A)<\/td>\n<\/tr>\n<tr>\n<th>Eixo Z<\/th>\n<td>33 h7 (B)<\/td>\n<\/tr>\n<\/tbody>\n<\/table>\n<h3>Vantagens das caixas de engrenagens para cortadores de grama<\/h3>\n<p>As caixas de engrenagens dos cortadores de grama s\u00e3o componentes essenciais em m\u00e1quinas de cortar relva, transferindo a pot\u00eancia do trator ou motor para as l\u00e2minas do cortador. Essas caixas de engrenagens desempenham um papel crucial para garantir que os cortadores de grama funcionem de forma eficiente, eficaz e confi\u00e1vel. Abaixo est\u00e3o algumas das principais vantagens de usar caixas de engrenagens de alta qualidade para cortadores de grama:<\/p>\n<h4>Transmiss\u00e3o de energia eficiente<\/h4>\n<p>As caixas de engrenagens dos cortadores de grama s\u00e3o projetadas para garantir que a pot\u00eancia do motor do trator seja transmitida de forma eficaz \u00e0s l\u00e2minas do cortador. Essa transfer\u00eancia de pot\u00eancia eficiente ajuda a manter a velocidade e o torque corretos para as l\u00e2minas, garantindo um desempenho de corte ideal. Seja em um cortador de grama rotativo ou em um cortador de grama autopropelido, a transmiss\u00e3o de pot\u00eancia eficiente garante que as l\u00e2minas cortem a grama uniformemente, resultando em um acabamento limpo e homog\u00eaneo.<\/p>\n<h4>Durabilidade e Longevidade<\/h4>\n<p>As caixas de engrenagens de alta qualidade para cortadores de grama s\u00e3o constru\u00eddas para suportar condi\u00e7\u00f5es operacionais severas e uso intenso. Fabricadas com materiais dur\u00e1veis, como a\u00e7o de alta qualidade e ligas de alum\u00ednio, elas s\u00e3o resistentes ao desgaste, \u00e0 corros\u00e3o e ao calor. Isso garante que as caixas de engrenagens dos cortadores de grama continuem a operar de forma suave e confi\u00e1vel por longos per\u00edodos, minimizando a necessidade de reparos ou substitui\u00e7\u00f5es frequentes. Sua robustez \u00e9 crucial para manter o desempenho ideal em aplica\u00e7\u00f5es agr\u00edcolas, paisag\u00edsticas e industriais exigentes.<\/p>\n<h4>Requisitos de manuten\u00e7\u00e3o reduzidos<\/h4>\n<p>As caixas de engrenagens dos cortadores de grama s\u00e3o projetadas para opera\u00e7\u00e3o com baixa manuten\u00e7\u00e3o. Com lubrifica\u00e7\u00e3o adequada e constru\u00e7\u00e3o dur\u00e1vel, elas sofrem menos desgaste em compara\u00e7\u00e3o com outros componentes mec\u00e2nicos. Isso resulta em menos quebras e reduz os custos gerais de manuten\u00e7\u00e3o. Com manuten\u00e7\u00e3o m\u00ednima, essas caixas de engrenagens mant\u00eam o cortador de grama funcionando sem problemas, garantindo maior tempo de atividade e produtividade.<\/p>\n<h4>Desempenho de corte aprimorado<\/h4>\n<p>A caixa de engrenagens desempenha um papel crucial para garantir que as l\u00e2minas do cortador de grama girem na velocidade e com o torque corretos, o que \u00e9 essencial para um corte eficaz. Seja em grama alta, ervas daninhas ou terrenos irregulares, uma caixa de engrenagens bem projetada garante um desempenho de corte consistente. Isso resulta em um corte mais limpo e uniforme, melhorando a est\u00e9tica do gramado ou campo e, ao mesmo tempo, evitando danos ao equipamento.<\/p>\n<h4>Versatilidade e Personaliza\u00e7\u00e3o<\/h4>\n<p>As caixas de engrenagens para cortadores de grama s\u00e3o extremamente vers\u00e1teis e podem ser adaptadas a diversos modelos e aplica\u00e7\u00f5es. Seja para uma caixa de engrenagens de velocidade \u00fanica ou m\u00faltipla, ou ainda para uma solu\u00e7\u00e3o personalizada para necessidades espec\u00edficas de corte, as caixas de engrenagens para cortadores de grama oferecem flexibilidade. Muitos fabricantes, incluindo a FMP, fornecem op\u00e7\u00f5es de caixas de engrenagens sob medida para atender aos requisitos de desempenho de diferentes tarefas de corte, desde pequenos trabalhos de jardinagem at\u00e9 grandes opera\u00e7\u00f5es agr\u00edcolas.<\/p>\n<h4>Seguran\u00e7a e Confiabilidade<\/h4>\n<p>As caixas de engrenagens dos cortadores de grama modernos s\u00e3o equipadas com recursos de seguran\u00e7a, como embreagens de roda livre ou mecanismos de desengate, que protegem tanto o cortador quanto o operador. Esses recursos evitam danos \u00e0 caixa de engrenagens e \u00e0s l\u00e2minas do cortador caso ele seja desligado ou desengatado repentinamente. Eles tamb\u00e9m ajudam a prevenir acidentes, garantindo a seguran\u00e7a do operador e reduzindo o risco de falhas mec\u00e2nicas durante a opera\u00e7\u00e3o.<\/p>\n<p>As caixas de engrenagens para cortadores de grama s\u00e3o componentes vitais que aumentam a efici\u00eancia, a durabilidade e o desempenho de cortadores de grama e m\u00e1quinas agr\u00edcolas. Sua capacidade de transmitir pot\u00eancia de forma eficaz, melhorar o desempenho de corte e reduzir as necessidades de manuten\u00e7\u00e3o as torna indispens\u00e1veis \u200b\u200bpara manter equipamentos de corte de alta qualidade. Com diversas op\u00e7\u00f5es de personaliza\u00e7\u00e3o, constru\u00e7\u00e3o robusta e recursos econ\u00f4micos, as caixas de engrenagens para cortadores de grama oferecem valor a longo prazo tanto para uso pessoal quanto profissional.<\/p>\n<p><img loading=\"lazy\" decoding=\"async\" class=\"alignnone wp-image-1951\" src=\"https:\/\/fmp-components.com\/wp-content\/uploads\/2024\/12\/Rotary-Mower-Gearbox-211.webp\" alt=\"Caixa de engrenagens para cortador de grama rotativo\" width=\"929\" height=\"697\" title=\"\" srcset=\"https:\/\/fmp-components.com\/wp-content\/uploads\/2024\/12\/Rotary-Mower-Gearbox-211.webp 929w, https:\/\/fmp-components.com\/wp-content\/uploads\/2024\/12\/Rotary-Mower-Gearbox-211-480x360.webp 480w\" sizes=\"(min-width: 0px) and (max-width: 480px) 480px, (min-width: 481px) 929px, 100vw\" \/><\/p>\n<h3>Sobre a FMP<\/h3>\n<p>A FMP, localizada na It\u00e1lia, \u00e9 uma fabricante l\u00edder reconhecida pelo projeto, desenvolvimento e produ\u00e7\u00e3o de caixas de engrenagens de alto desempenho para m\u00e1quinas agr\u00edcolas. Com foco em engenharia de precis\u00e3o, inova\u00e7\u00e3o e confiabilidade inabal\u00e1vel, oferecemos uma ampla gama de caixas de engrenagens, incluindo caixas de engrenagens para cortadores de grama, al\u00e9m de componentes cr\u00edticos como eixos de tomada de for\u00e7a (TDF). Nossa miss\u00e3o \u00e9 fornecer solu\u00e7\u00f5es personalizadas para os setores agr\u00edcola e industrial, oferecendo tanto produtos individuais quanto sistemas totalmente integrados que atendam \u00e0s necessidades espec\u00edficas de nossos clientes.<\/p>\n<p>Na FMP, reconhecemos que cada cliente tem necessidades \u00fanicas. \u00c9 por isso que nos destacamos na personaliza\u00e7\u00e3o dos nossos produtos para atender perfeitamente a essas necessidades. Seja para uma caixa de engrenagens especializada ou um sistema completo, colaboramos de perto com voc\u00ea para desenvolver a solu\u00e7\u00e3o mais eficaz e eficiente. Nosso compromisso com a satisfa\u00e7\u00e3o do cliente se reflete em nossas respostas r\u00e1pidas e profissionais e em nossa consultoria especializada, garantindo que cada solicita\u00e7\u00e3o seja tratada com o m\u00e1ximo cuidado e precis\u00e3o.<\/p>\n<p>A comunica\u00e7\u00e3o aberta e cont\u00ednua com nossos clientes \u00e9 fundamental, especialmente no desenvolvimento de novos produtos. Nossa equipe dedicada trabalha em conjunto com os clientes para entender seus desafios e fornecer informa\u00e7\u00f5es valiosas que impulsionam solu\u00e7\u00f5es otimizadas. Seja desenvolvendo novos produtos ou atendendo a pedidos existentes, mantemos o compromisso de entregar produtos de alta qualidade e engenharia de precis\u00e3o com rapidez e efici\u00eancia.<\/p>\n<p>A qualidade \u00e9 a base de tudo o que fazemos. Na FMP, nossos processos de fabrica\u00e7\u00e3o s\u00e3o constru\u00eddos sobre os princ\u00edpios de altos padr\u00f5es, precis\u00e3o e zero defeitos. Implementamos medidas rigorosas de controle de qualidade para garantir que cada produto atenda ou exceda os padr\u00f5es da ind\u00fastria. Esse foco incans\u00e1vel na qualidade, aliado aos nossos valores fundamentais de integridade, trabalho em equipe e perseveran\u00e7a, nos ajudou a estabelecer relacionamentos s\u00f3lidos e duradouros com clientes em quase 30 pa\u00edses em todo o mundo.<\/p>\n<p>A FMP est\u00e1 sempre aberta a construir parcerias globais e ansiosa para oferecer consultoria especializada e solu\u00e7\u00f5es personalizadas. Nossa abordagem vai al\u00e9m da simples entrega de produtos \u2014 dedicamo-nos a cultivar relacionamentos de longo prazo com nossos clientes, garantindo o sucesso em cada projeto. Seja para solu\u00e7\u00f5es para uma nova iniciativa ou suporte para um sistema existente, a FMP est\u00e1 aqui para enfrentar seus desafios t\u00e9cnicos e ajudar a garantir seu sucesso cont\u00ednuo.<\/p>\n<p><img loading=\"lazy\" decoding=\"async\" class=\"alignnone size-full wp-image-1861\" src=\"https:\/\/fmp-components.com\/wp-content\/uploads\/2024\/12\/Other-Agricultural-Gearboxes.webp\" sizes=\"(min-width: 0px) and (max-width: 480px) 480px, (min-width: 481px) and (max-width: 980px) 980px, (min-width: 981px) 1200px, 100vw\" srcset=\"https:\/\/fmp-components.com\/wp-content\/uploads\/2024\/12\/Other-Agricultural-Gearboxes.webp 1200w, https:\/\/fmp-components.com\/wp-content\/uploads\/2024\/12\/Other-Agricultural-Gearboxes-980x1143.webp 980w, https:\/\/fmp-components.com\/wp-content\/uploads\/2024\/12\/Other-Agricultural-Gearboxes-480x560.webp 480w\" alt=\"Altri-cambi-agr\u00edcola\" width=\"1200\" height=\"1400\" title=\"\"><\/p>\n<p>Autor: CX<\/p>","protected":false},"excerpt":{"rendered":"<p>Mower Gearboxes \u2013 Replacement of Comer Code TL-312D Specification Description Mower Gearboxes &#8211; Replacement of Comer Code TL-312D Application Mowers Consists of Gearbox Without Oil Technical Information If you have any questions regarding performance at different speeds, please do not hesitate to contact us. When using for the first time, replace the oil after 50 [&hellip;]<\/p>","protected":false},"featured_media":1974,"comment_status":"open","ping_status":"closed","template":"","meta":{"_et_pb_use_builder":"","_et_pb_old_content":"","_et_gb_content_width":""},"product_brand":[],"product_cat":[52],"product_tag":[],"class_list":{"0":"post-1973","1":"product","2":"type-product","3":"status-publish","4":"has-post-thumbnail","6":"product_cat-lawn-mower-gearbox","8":"first","9":"instock","10":"shipping-taxable","11":"product-type-simple"},"_links":{"self":[{"href":"https:\/\/fmp-components.com\/pt\/wp-json\/wp\/v2\/product\/1973","targetHints":{"allow":["GET"]}}],"collection":[{"href":"https:\/\/fmp-components.com\/pt\/wp-json\/wp\/v2\/product"}],"about":[{"href":"https:\/\/fmp-components.com\/pt\/wp-json\/wp\/v2\/types\/product"}],"replies":[{"embeddable":true,"href":"https:\/\/fmp-components.com\/pt\/wp-json\/wp\/v2\/comments?post=1973"}],"wp:featuredmedia":[{"embeddable":true,"href":"https:\/\/fmp-components.com\/pt\/wp-json\/wp\/v2\/media\/1974"}],"wp:attachment":[{"href":"https:\/\/fmp-components.com\/pt\/wp-json\/wp\/v2\/media?parent=1973"}],"wp:term":[{"taxonomy":"product_brand","embeddable":true,"href":"https:\/\/fmp-components.com\/pt\/wp-json\/wp\/v2\/product_brand?post=1973"},{"taxonomy":"product_cat","embeddable":true,"href":"https:\/\/fmp-components.com\/pt\/wp-json\/wp\/v2\/product_cat?post=1973"},{"taxonomy":"product_tag","embeddable":true,"href":"https:\/\/fmp-components.com\/pt\/wp-json\/wp\/v2\/product_tag?post=1973"}],"curies":[{"name":"wp","href":"https:\/\/api.w.org\/{rel}","templated":true}]}}