{"id":1962,"date":"2024-12-26T03:46:41","date_gmt":"2024-12-26T03:46:41","guid":{"rendered":"https:\/\/fmp-components.com\/?page_id=8"},"modified":"2024-12-26T03:48:03","modified_gmt":"2024-12-26T03:48:03","slug":"agricultural-lawn-mower-gearbox-fmp-lf211","status":"publish","type":"product","link":"https:\/\/fmp-components.com\/pt\/product\/agricultural-lawn-mower-gearbox-fmp-lf211\/","title":{"rendered":"Caixa de engrenagens para cortador de grama agr\u00edcola FMP-LF211"},"content":{"rendered":"<h2>Especifica\u00e7\u00f5es da caixa de engrenagens para cortador de grama agr\u00edcola FMP-LF211:<\/h2>\n<p>&nbsp;<\/p>\n<p><img loading=\"lazy\" decoding=\"async\" class=\"alignnone size-full wp-image-1963\" src=\"https:\/\/fmp-components.com\/wp-content\/uploads\/2024\/12\/Lawn-Mower-Gearbox-2.webp\" alt=\"Caixa de engrenagens do cortador de grama\" width=\"1000\" height=\"500\" title=\"\" srcset=\"https:\/\/fmp-components.com\/wp-content\/uploads\/2024\/12\/Lawn-Mower-Gearbox-2.webp 1000w, https:\/\/fmp-components.com\/wp-content\/uploads\/2024\/12\/Lawn-Mower-Gearbox-2-980x490.webp 980w, https:\/\/fmp-components.com\/wp-content\/uploads\/2024\/12\/Lawn-Mower-Gearbox-2-480x240.webp 480w\" sizes=\"(min-width: 0px) and (max-width: 480px) 480px, (min-width: 481px) and (max-width: 980px) 980px, (min-width: 981px) 1000px, 100vw\" \/><\/p>\n<table style=\"width: 102.595%; height: 206px;\" border=\"1\">\n<tbody>\n<tr>\n<td style=\"width: 32.2105%;\"><strong>ITEM<\/strong><\/td>\n<td style=\"width: 67.0526%;\">FMP-LF211<\/td>\n<\/tr>\n<tr>\n<td style=\"width: 32.2105%;\"><strong>Raz\u00e3o<\/strong><\/td>\n<td style=\"width: 67.0526%;\">1:2.83<\/td>\n<\/tr>\n<tr>\n<td style=\"width: 32.2105%;\"><strong>Dentes<\/strong><\/td>\n<td style=\"width: 67.0526%;\">34\/12<\/td>\n<\/tr>\n<tr>\n<td style=\"width: 32.2105%;\"><strong>M\u00f3dulo<\/strong><\/td>\n<td style=\"width: 67.0526%;\">3.36<\/td>\n<\/tr>\n<tr>\n<td style=\"width: 32.2105%;\"><strong>Pot\u00eancia (HP)<\/strong><\/td>\n<td style=\"width: 67.0526%;\">20<\/td>\n<\/tr>\n<tr>\n<td style=\"width: 32.2105%;\"><strong>Entrada nominal<\/strong><\/td>\n<td style=\"width: 67.0526%;\">540 rpm<\/td>\n<\/tr>\n<tr>\n<td style=\"width: 32.2105%;\"><strong>Descri\u00e7\u00e3o de entrada\/sa\u00edda<\/strong><\/td>\n<td style=\"width: 67.0526%;\">Eixo \u00f3ptico 1-3\/8 Z6<\/td>\n<\/tr>\n<tr>\n<td style=\"width: 32.2105%;\"><strong>Peso (NW)<\/strong><\/td>\n<td style=\"width: 67.0526%;\">14,5 kg<\/td>\n<\/tr>\n<\/tbody>\n<\/table>\n<h2>Eixo da tomada de for\u00e7a (PTO) para caixa de engrenagens de cortador de grama agr\u00edcola<\/h2>\n<p>O eixo da tomada de for\u00e7a (TDF) \u00e9 um componente crucial na conex\u00e3o de um trator ou outra fonte de energia \u00e0 caixa de engrenagens de um cortador de grama agr\u00edcola. Ele desempenha um papel essencial na transfer\u00eancia de pot\u00eancia mec\u00e2nica do motor do trator para as l\u00e2minas de corte do cortador, permitindo uma opera\u00e7\u00e3o eficiente. Na FMP, oferecemos uma ampla sele\u00e7\u00e3o de eixos de TDF de alta qualidade, projetados para funcionar perfeitamente com as caixas de engrenagens de cortadores de grama agr\u00edcolas, garantindo desempenho e confiabilidade ideais.<\/p>\n<h3>Principais caracter\u00edsticas dos eixos de tomada de for\u00e7a (PTO) da FMP para caixas de engrenagens de cortadores de grama:<\/h3>\n<ol>\n<li><strong>Durabilidade e Resist\u00eancia<\/strong><br \/>\nOs eixos de tomada de for\u00e7a (PTO) da FMP s\u00e3o constru\u00eddos para durar, fabricados com materiais de alta qualidade, como a\u00e7o, para suportar as exig\u00eancias de opera\u00e7\u00f5es agr\u00edcolas pesadas. Seja em ro\u00e7adeiras rotativas, cortadores de grama ou outros equipamentos agr\u00edcolas, nossos eixos de tomada de for\u00e7a oferecem confiabilidade a longo prazo e desgaste m\u00ednimo.<\/li>\n<li><strong>Alto desempenho<\/strong><br \/>\nNossos eixos de tomada de for\u00e7a (TDF) s\u00e3o projetados para uma transmiss\u00e3o de pot\u00eancia eficiente, garantindo que as l\u00e2minas do cortador de grama girem na velocidade e torque adequados para um corte eficaz. Esse desempenho consistente \u00e9 vital para obter resultados de corte ideais, mesmo em condi\u00e7\u00f5es adversas.<\/li>\n<li><strong>Op\u00e7\u00f5es de personaliza\u00e7\u00e3o<\/strong><br \/>\nNa FMP, entendemos que diferentes aplica\u00e7\u00f5es exigem diferentes solu\u00e7\u00f5es. Oferecemos eixos de tomada de for\u00e7a (PTO) personalizados para atender a necessidades espec\u00edficas, incluindo ajustes de comprimento, capacidade de torque e tipos de acoplamento. Nossa equipe trabalha em estreita colabora\u00e7\u00e3o com os clientes para garantir que o eixo de tomada de for\u00e7a se encaixe perfeitamente em seus equipamentos, proporcionando o m\u00e1ximo desempenho.<\/li>\n<li><strong>Seguran\u00e7a e facilidade de uso<\/strong><br \/>\nA seguran\u00e7a \u00e9 uma prioridade m\u00e1xima em equipamentos agr\u00edcolas. Os eixos de tomada de for\u00e7a (TDF) da FMP s\u00e3o projetados com recursos de seguran\u00e7a, incluindo embreagens de roda livre e outros mecanismos que evitam danos quando o eixo da TDF se desengata. Eles tamb\u00e9m s\u00e3o f\u00e1ceis de instalar e manter, proporcionando conveni\u00eancia aos operadores.<\/li>\n<li><strong>Versatilidade<\/strong><br \/>\nNossos eixos de tomada de for\u00e7a (TDF) s\u00e3o compat\u00edveis com uma ampla gama de caixas de engrenagens de cortadores de grama e m\u00e1quinas agr\u00edcolas. Seja qual for a sua necessidade, desde um eixo de TDF padr\u00e3o at\u00e9 uma solu\u00e7\u00e3o personalizada, a FMP oferece produtos adequados para diversos modelos de cortadores de grama, desde opera\u00e7\u00f5es de pequena escala at\u00e9 grandes aplica\u00e7\u00f5es industriais.<\/li>\n<li><strong>Custo-benef\u00edcio<\/strong><br \/>\nAo oferecer eixos de tomada de for\u00e7a (TDF) dur\u00e1veis \u200b\u200be de alto desempenho, a FMP ajuda a reduzir o tempo de inatividade e os custos de reparo, garantindo que seu equipamento agr\u00edcola funcione de forma suave e eficiente. Nossos pre\u00e7os competitivos garantem o melhor custo-benef\u00edcio para o seu investimento.<\/li>\n<\/ol>\n<h3>Por que escolher eixos de tomada de for\u00e7a FMP para a caixa de engrenagens do seu cortador de grama?<\/h3>\n<ul>\n<li><strong>Garantia de qualidade:<\/strong> A FMP est\u00e1 comprometida em manter os mais altos padr\u00f5es de qualidade em todos os produtos que fabricamos, garantindo que o eixo da sua tomada de for\u00e7a tenha um desempenho ideal ao longo do tempo.<\/li>\n<li><strong>Personaliza\u00e7\u00e3o e suporte:<\/strong> Oferecemos consultoria especializada e solu\u00e7\u00f5es personalizadas para atender \u00e0s necessidades espec\u00edficas de suas m\u00e1quinas e opera\u00e7\u00f5es.<\/li>\n<li><strong>Alcance global:<\/strong> Com clientes em quase 30 pa\u00edses, a FMP conquistou uma reputa\u00e7\u00e3o por fornecer componentes confi\u00e1veis \u200b\u200be de alto desempenho para o setor agr\u00edcola.<\/li>\n<\/ul>\n<p>Para obter mais informa\u00e7\u00f5es ou para consultar sobre eixos de tomada de for\u00e7a (TDF) personalizados para a caixa de engrenagens do seu cortador de grama agr\u00edcola, entre em contato com a FMP hoje mesmo. Estamos dedicados a fornecer as melhores solu\u00e7\u00f5es para suas m\u00e1quinas, garantindo confiabilidade e efici\u00eancia em suas opera\u00e7\u00f5es.<\/p>\n<table style=\"width: 100%;\" border=\"1\" width=\"100%\" cellspacing=\"0\" cellpadding=\"0\">\n<tbody>\n<tr>\n<td width=\"110\"><img loading=\"lazy\" decoding=\"async\" class=\"alignnone size-full wp-image-1872\" src=\"https:\/\/fmp-components.com\/wp-content\/uploads\/2024\/12\/PTO-Shaft-for-Rotary-Mower-Gearboxes-16.webp\" alt=\"Eixo de tomada de for\u00e7a para caixas de engrenagens de cortadores rotativos 16\" width=\"1000\" height=\"1000\" title=\"\" srcset=\"https:\/\/fmp-components.com\/wp-content\/uploads\/2024\/12\/PTO-Shaft-for-Rotary-Mower-Gearboxes-16.webp 1000w, https:\/\/fmp-components.com\/wp-content\/uploads\/2024\/12\/PTO-Shaft-for-Rotary-Mower-Gearboxes-16-980x980.webp 980w, https:\/\/fmp-components.com\/wp-content\/uploads\/2024\/12\/PTO-Shaft-for-Rotary-Mower-Gearboxes-16-480x480.webp 480w\" sizes=\"(min-width: 0px) and (max-width: 480px) 480px, (min-width: 481px) and (max-width: 980px) 980px, (min-width: 981px) 1000px, 100vw\" \/><\/td>\n<td width=\"98\"><img loading=\"lazy\" decoding=\"async\" class=\"alignnone size-full wp-image-1873\" src=\"https:\/\/fmp-components.com\/wp-content\/uploads\/2024\/12\/PTO-Shaft-for-Rotary-Mower-Gearboxes-15.webp\" alt=\"Eixo de tomada de for\u00e7a para caixas de engrenagens de cortadores rotativos 15\" width=\"1000\" height=\"1000\" title=\"\" srcset=\"https:\/\/fmp-components.com\/wp-content\/uploads\/2024\/12\/PTO-Shaft-for-Rotary-Mower-Gearboxes-15.webp 1000w, https:\/\/fmp-components.com\/wp-content\/uploads\/2024\/12\/PTO-Shaft-for-Rotary-Mower-Gearboxes-15-980x980.webp 980w, https:\/\/fmp-components.com\/wp-content\/uploads\/2024\/12\/PTO-Shaft-for-Rotary-Mower-Gearboxes-15-480x480.webp 480w\" sizes=\"(min-width: 0px) and (max-width: 480px) 480px, (min-width: 481px) and (max-width: 980px) 980px, (min-width: 981px) 1000px, 100vw\" \/><\/td>\n<\/tr>\n<\/tbody>\n<\/table>\n<h3>Sobre a FMP<\/h3>\n<p>A FMP \u00e9 uma fabricante italiana de caixas de engrenagens de alta qualidade, especializada no projeto, desenvolvimento e produ\u00e7\u00e3o de caixas de engrenagens de alto desempenho para m\u00e1quinas agr\u00edcolas. Com forte \u00eanfase em qualidade, precis\u00e3o e inova\u00e7\u00e3o, oferecemos uma linha completa de caixas de engrenagens, incluindo caixas de engrenagens para cortadores de grama, al\u00e9m de componentes essenciais como eixos de tomada de for\u00e7a (TDF). Nossa miss\u00e3o \u00e9 fornecer solu\u00e7\u00f5es personalizadas para os setores agr\u00edcola e industrial, atendendo \u00e0s necessidades espec\u00edficas de nossos clientes por meio de produtos individuais e sistemas totalmente integrados.<\/p>\n<p>Na FMP, reconhecemos que cada cliente tem requisitos espec\u00edficos. Nossa for\u00e7a reside na capacidade de personalizar solu\u00e7\u00f5es que atendam a essas diversas necessidades. Seja qual for a sua necessidade, desde um tipo espec\u00edfico de caixa de engrenagens at\u00e9 um sistema completo, trabalhamos em estreita colabora\u00e7\u00e3o com voc\u00ea para garantir o produto mais eficaz e eficiente. Nosso compromisso com a satisfa\u00e7\u00e3o do cliente se reflete em nossa abordagem \u00e1gil e profissional, assegurando que cada consulta seja atendida com orienta\u00e7\u00e3o e suporte especializados.<\/p>\n<p>Priorizamos a comunica\u00e7\u00e3o aberta e cont\u00ednua com nossos clientes, principalmente no desenvolvimento de novos produtos. Nossa equipe trabalha em estreita colabora\u00e7\u00e3o com os clientes para entender seus desafios, oferecendo insights valiosos e conselhos para criar solu\u00e7\u00f5es otimizadas. Seja desenvolvendo novos produtos ou atendendo a pedidos existentes, dedicamo-nos a entregar produtos da mais alta qualidade com rapidez e precis\u00e3o.<\/p>\n<p>A qualidade est\u00e1 no centro de tudo o que fazemos. Nosso processo de fabrica\u00e7\u00e3o segue os princ\u00edpios de \"altos padr\u00f5es, alta precis\u00e3o e zero defeitos\". Implementamos protocolos rigorosos de controle de qualidade para garantir que cada produto que fabricamos exceda os padr\u00f5es da ind\u00fastria. Esse foco inabal\u00e1vel na qualidade, aliado aos nossos valores de trabalho em equipe, integridade e persist\u00eancia, nos ajudou a construir relacionamentos s\u00f3lidos e duradouros com clientes em quase 30 pa\u00edses ao redor do mundo.<\/p>\n<p>A FMP acolhe a colabora\u00e7\u00e3o global e est\u00e1 sempre pronta para oferecer consultoria especializada e solu\u00e7\u00f5es personalizadas. Nossa abordagem vai al\u00e9m da entrega de produtos; trata-se de fomentar parcerias de longo prazo que contribuam para o sucesso m\u00fatuo. Seja para novos projetos ou para necessidades j\u00e1 existentes, a FMP est\u00e1 comprometida em apoiar seus desafios t\u00e9cnicos e garantir seu sucesso cont\u00ednuo.<\/p>\n<p><img loading=\"lazy\" decoding=\"async\" class=\"alignnone size-full wp-image-1861\" src=\"https:\/\/fmp-components.com\/wp-content\/uploads\/2024\/12\/Other-Agricultural-Gearboxes.webp\" sizes=\"(min-width: 0px) and (max-width: 480px) 480px, (min-width: 481px) and (max-width: 980px) 980px, (min-width: 981px) 1200px, 100vw\" srcset=\"https:\/\/fmp-components.com\/wp-content\/uploads\/2024\/12\/Other-Agricultural-Gearboxes.webp 1200w, https:\/\/fmp-components.com\/wp-content\/uploads\/2024\/12\/Other-Agricultural-Gearboxes-980x1143.webp 980w, https:\/\/fmp-components.com\/wp-content\/uploads\/2024\/12\/Other-Agricultural-Gearboxes-480x560.webp 480w\" alt=\"Altri-cambi-agr\u00edcola\" width=\"1200\" height=\"1400\" title=\"\"><\/p>\n<p>Autor: CX<\/p>","protected":false},"excerpt":{"rendered":"<p>Agricultural Lawn Mower Gearbox FMP-LF211 Specifications: &nbsp; ITEM FMP-LF211 Ratio 1:2.83 Teeth 34\/12 Module 3.36 Power(HP) 20 Rated Input 540rpm Input\/Output Description 1-3\/8 Z6 Optic axis Weight(N.W) 14.5KG PTO Shaft for Agricultural Lawn Mower Gearbox A PTO (Power Take-Off) shaft is a crucial component in connecting a tractor or other power source to an agricultural [&hellip;]<\/p>","protected":false},"featured_media":1965,"comment_status":"open","ping_status":"closed","template":"","meta":{"_et_pb_use_builder":"","_et_pb_old_content":"","_et_gb_content_width":""},"product_brand":[],"product_cat":[52],"product_tag":[],"class_list":{"0":"post-1962","1":"product","2":"type-product","3":"status-publish","4":"has-post-thumbnail","6":"product_cat-lawn-mower-gearbox","8":"first","9":"instock","10":"shipping-taxable","11":"product-type-simple"},"_links":{"self":[{"href":"https:\/\/fmp-components.com\/pt\/wp-json\/wp\/v2\/product\/1962","targetHints":{"allow":["GET"]}}],"collection":[{"href":"https:\/\/fmp-components.com\/pt\/wp-json\/wp\/v2\/product"}],"about":[{"href":"https:\/\/fmp-components.com\/pt\/wp-json\/wp\/v2\/types\/product"}],"replies":[{"embeddable":true,"href":"https:\/\/fmp-components.com\/pt\/wp-json\/wp\/v2\/comments?post=1962"}],"wp:featuredmedia":[{"embeddable":true,"href":"https:\/\/fmp-components.com\/pt\/wp-json\/wp\/v2\/media\/1965"}],"wp:attachment":[{"href":"https:\/\/fmp-components.com\/pt\/wp-json\/wp\/v2\/media?parent=1962"}],"wp:term":[{"taxonomy":"product_brand","embeddable":true,"href":"https:\/\/fmp-components.com\/pt\/wp-json\/wp\/v2\/product_brand?post=1962"},{"taxonomy":"product_cat","embeddable":true,"href":"https:\/\/fmp-components.com\/pt\/wp-json\/wp\/v2\/product_cat?post=1962"},{"taxonomy":"product_tag","embeddable":true,"href":"https:\/\/fmp-components.com\/pt\/wp-json\/wp\/v2\/product_tag?post=1962"}],"curies":[{"name":"wp","href":"https:\/\/api.w.org\/{rel}","templated":true}]}}