{"id":1956,"date":"2024-12-26T03:32:54","date_gmt":"2024-12-26T03:32:54","guid":{"rendered":"https:\/\/fmp-components.com\/?page_id=8"},"modified":"2024-12-26T03:46:48","modified_gmt":"2024-12-26T03:46:48","slug":"agricultural-lawnmower-gearbox-fmp-lf205","status":"publish","type":"product","link":"https:\/\/fmp-components.com\/pt\/product\/agricultural-lawnmower-gearbox-fmp-lf205\/","title":{"rendered":"Caixa de engrenagens para cortador de grama agr\u00edcola FMP-LF205"},"content":{"rendered":"<h2>Especifica\u00e7\u00f5es da caixa de engrenagens do cortador de grama agr\u00edcola:<\/h2>\n<p><img loading=\"lazy\" decoding=\"async\" class=\"alignnone size-full wp-image-1959\" src=\"https:\/\/fmp-components.com\/wp-content\/uploads\/2024\/12\/FMP_agricultural-gearbox-1.webp\" alt=\"FMP_caixa-de-engrenagens-agr\u00edcola-1\" width=\"1000\" height=\"500\" title=\"\" srcset=\"https:\/\/fmp-components.com\/wp-content\/uploads\/2024\/12\/FMP_agricultural-gearbox-1.webp 1000w, https:\/\/fmp-components.com\/wp-content\/uploads\/2024\/12\/FMP_agricultural-gearbox-1-980x490.webp 980w, https:\/\/fmp-components.com\/wp-content\/uploads\/2024\/12\/FMP_agricultural-gearbox-1-480x240.webp 480w\" sizes=\"(min-width: 0px) and (max-width: 480px) 480px, (min-width: 481px) and (max-width: 980px) 980px, (min-width: 981px) 1000px, 100vw\" \/><\/p>\n<table style=\"width: 100.31%; height: 347px;\" border=\"1\">\n<tbody>\n<tr>\n<td style=\"width: 30.4957%;\"><strong>ITEM<\/strong><\/td>\n<td style=\"width: 68.8578%;\">FMP-LF205<\/td>\n<\/tr>\n<tr>\n<td style=\"width: 30.4957%;\"><strong>Raz\u00e3o<\/strong><\/td>\n<td style=\"width: 68.8578%;\">1:1.93\/1:1.46<\/td>\n<\/tr>\n<tr>\n<td style=\"width: 30.4957%;\"><strong>Dentes<\/strong><\/td>\n<td style=\"width: 68.8578%;\">23\/12 22\/15<\/td>\n<\/tr>\n<tr>\n<td style=\"width: 30.4957%;\"><strong>M\u00f3dulo<\/strong><\/td>\n<td style=\"width: 68.8578%;\">5.0 \/ 5.0<\/td>\n<\/tr>\n<tr>\n<td style=\"width: 30.4957%;\"><strong>Pot\u00eancia (HP)<\/strong><\/td>\n<td style=\"width: 68.8578%;\">30<\/td>\n<\/tr>\n<tr>\n<td style=\"width: 30.4957%;\"><strong>Entrada nominal<\/strong><\/td>\n<td style=\"width: 68.8578%;\">540 rpm<\/td>\n<\/tr>\n<tr>\n<td style=\"width: 30.4957%;\"><strong>Descri\u00e7\u00e3o de entrada\/sa\u00edda<\/strong><\/td>\n<td style=\"width: 68.8578%;\">Eixo \u00d3ptico 1-3\/8 Z6<\/p>\n<p>Estria c\u00f4nica<\/td>\n<\/tr>\n<tr>\n<td style=\"width: 30.4957%;\"><strong>Peso (NW)<\/strong><\/td>\n<td style=\"width: 68.8578%;\">19 kg<\/td>\n<\/tr>\n<\/tbody>\n<\/table>\n<h2>Compat\u00edvel com as seguintes marcas e modelos<\/h2>\n<p>Substitui\u00e7\u00e3o do cortador de grama Comer LF-205-J:<\/p>\n<div class=\"rNotes\"><strong>Refer\u00eancias cruzadas:<\/strong><\/div>\n<p><strong>Substitui:<\/strong>\u00a0COMER<strong><br \/>\n<\/strong>U9.135.808.10, U9.205.808.00 , U913580810 , 9.135.029.00 , 913502900<\/p>\n<h3>Caracter\u00edsticas da caixa de engrenagens do cortador de grama agr\u00edcola<\/h3>\n<p>As caixas de engrenagens para cortadores de grama agr\u00edcolas s\u00e3o componentes essenciais que permitem que os cortadores rotativos funcionem com efic\u00e1cia no corte de grama, ervas daninhas e outras vegeta\u00e7\u00f5es. Essas caixas de engrenagens s\u00e3o projetadas para suportar as exig\u00eancias rigorosas das aplica\u00e7\u00f5es agr\u00edcolas, garantindo uma opera\u00e7\u00e3o suave e eficiente. Abaixo est\u00e3o as principais caracter\u00edsticas das caixas de engrenagens para cortadores de grama agr\u00edcolas:<\/p>\n<h4>Transmiss\u00e3o de energia eficiente<\/h4>\n<p>A caixa de engrenagens de um cortador de grama desempenha um papel fundamental na transfer\u00eancia da pot\u00eancia do motor do trator para as l\u00e2minas do cortador. Ela garante que as l\u00e2minas girem na velocidade e torque ideais, permitindo um corte eficiente mesmo em grama alta ou densa. A transmiss\u00e3o de pot\u00eancia adequada ajuda a manter um desempenho de corte consistente, reduzindo o esfor\u00e7o do motor e melhorando a efici\u00eancia geral.<\/p>\n<h4>Constru\u00e7\u00e3o dur\u00e1vel<\/h4>\n<p>As caixas de engrenagens para cortadores de grama agr\u00edcolas s\u00e3o constru\u00eddas para suportar o uso intenso em ambientes desafiadores. Fabricadas com materiais de alta qualidade, como ferro fundido ou ligas de alum\u00ednio, essas caixas de engrenagens s\u00e3o resistentes ao desgaste, \u00e0 corros\u00e3o e a impactos. A constru\u00e7\u00e3o robusta garante que a caixa de engrenagens suporte o estresse e a carga da opera\u00e7\u00e3o cont\u00ednua por longos per\u00edodos, resultando em maior confiabilidade e vida \u00fatil.<\/p>\n<h4>Funcionamento suave e vibra\u00e7\u00e3o reduzida<\/h4>\n<p>Uma caixa de engrenagens bem projetada para cortadores de grama garante um funcionamento suave, minimizando vibra\u00e7\u00f5es e tens\u00f5es mec\u00e2nicas. Isso \u00e9 alcan\u00e7ado por meio de engenharia de precis\u00e3o e do uso de rolamentos, engrenagens e lubrifica\u00e7\u00e3o de alta qualidade. O funcionamento suave n\u00e3o s\u00f3 prolonga a vida \u00fatil da caixa de engrenagens, como tamb\u00e9m reduz o desgaste de outros componentes do cortador, como as l\u00e2minas e o motor.<\/p>\n<h4>Versatilidade nas tarefas de corte de grama<\/h4>\n<p>As caixas de engrenagens dos cortadores de grama s\u00e3o vers\u00e1teis e podem ser projetadas para atender a diversas necessidades de corte. Algumas caixas de engrenagens oferecem velocidades ajust\u00e1veis, permitindo diferentes modos de corte dependendo do tipo de vegeta\u00e7\u00e3o ou terreno. As caixas de engrenagens com m\u00faltiplas velocidades s\u00e3o frequentemente preferidas para lidar com tarefas variadas, desde cortar grama at\u00e9 enfrentar vegeta\u00e7\u00e3o mais resistente, como ervas daninhas e arbustos pequenos.<\/p>\n<h4>Personaliza\u00e7\u00e3o para necessidades espec\u00edficas<\/h4>\n<p>Muitos fabricantes, incluindo a FMP, oferecem caixas de engrenagens personalizadas para cortadores de grama, projetadas para atender \u00e0s necessidades espec\u00edficas dos clientes. Seja para ajustar a altura de corte, fornecer mais torque para tarefas mais pesadas ou integrar a caixa de engrenagens a um sistema de corte maior, as solu\u00e7\u00f5es personalizadas garantem que a caixa de engrenagens funcione de forma eficiente com toda a configura\u00e7\u00e3o do cortador de grama.<\/p>\n<p>As caixas de engrenagens para cortadores de grama agr\u00edcolas s\u00e3o projetadas para oferecer desempenho confi\u00e1vel, eficiente e duradouro em condi\u00e7\u00f5es exigentes. Sua durabilidade, versatilidade e baixa necessidade de manuten\u00e7\u00e3o as tornam indispens\u00e1veis \u200b\u200bpara agricultores, paisagistas e profissionais de manuten\u00e7\u00e3o de \u00e1reas verdes que precisam de equipamentos confi\u00e1veis \u200b\u200bpara cuidar de grandes extens\u00f5es de grama e vegeta\u00e7\u00e3o.<\/p>\n<p><img loading=\"lazy\" decoding=\"async\" class=\"alignnone wp-image-1961\" src=\"https:\/\/fmp-components.com\/wp-content\/uploads\/2024\/12\/Lawn-Mower-Gearbox-1.webp\" alt=\"Caixa de engrenagens do cortador de grama\" width=\"943\" height=\"630\" title=\"\" srcset=\"https:\/\/fmp-components.com\/wp-content\/uploads\/2024\/12\/Lawn-Mower-Gearbox-1.webp 943w, https:\/\/fmp-components.com\/wp-content\/uploads\/2024\/12\/Lawn-Mower-Gearbox-1-480x321.webp 480w\" sizes=\"(min-width: 0px) and (max-width: 480px) 480px, (min-width: 481px) 943px, 100vw\" \/><\/p>\n<h3>Sobre a FMP<\/h3>\n<p>A FMP \u00e9 uma fabricante l\u00edder de caixas de engrenagens com sede na It\u00e1lia, especializada no projeto e produ\u00e7\u00e3o de caixas de engrenagens para m\u00e1quinas agr\u00edcolas. Com forte foco em qualidade e precis\u00e3o, oferecemos uma ampla gama de caixas de engrenagens, incluindo caixas de engrenagens para cortadores de grama, e produtos complementares, como eixos de tomada de for\u00e7a (TDF). Nosso objetivo \u00e9 fornecer solu\u00e7\u00f5es personalizadas para os mercados agr\u00edcola e industrial, atendendo \u00e0s necessidades espec\u00edficas de nossos clientes com produtos individuais e sistemas completos.<\/p>\n<p>Na FMP, entendemos que cada cliente tem requisitos espec\u00edficos e nos orgulhamos da nossa capacidade de personalizar solu\u00e7\u00f5es para atender a essas necessidades. Seja para uma caixa de engrenagens espec\u00edfica ou uma solu\u00e7\u00e3o totalmente integrada, trabalhamos em estreita colabora\u00e7\u00e3o com voc\u00ea para desenvolver os produtos mais eficazes. Nosso compromisso com a satisfa\u00e7\u00e3o do cliente \u00e9 evidente em nossas respostas r\u00e1pidas e profissionais \u00e0s solicita\u00e7\u00f5es, garantindo que cada cliente receba o melhor aconselhamento e suporte.<\/p>\n<p>Acreditamos na comunica\u00e7\u00e3o aberta e cont\u00ednua com nossos clientes, especialmente quando se trata do desenvolvimento de novos produtos. Nossa equipe de especialistas interage com os clientes para entender seus desafios e oferece contribui\u00e7\u00f5es valiosas para criar as solu\u00e7\u00f5es mais eficazes. Seja um novo projeto ou um pedido existente, dedicamo-nos a entregar produtos da mais alta qualidade com rapidez e efici\u00eancia.<\/p>\n<p>A qualidade est\u00e1 no centro de tudo o que fazemos. Nossa estrat\u00e9gia de produ\u00e7\u00e3o \u00e9 baseada no princ\u00edpio de \u201caltos padr\u00f5es, alta precis\u00e3o e zero defeitos\u201d. Seguimos rigorosos procedimentos de controle de qualidade para garantir que cada produto que entregamos atenda aos mais altos padr\u00f5es da ind\u00fastria. Esse foco na qualidade, aliado ao nosso compromisso com o trabalho em equipe, a integridade e a persist\u00eancia, nos ajudou a construir parcerias duradouras com clientes em quase 30 pa\u00edses.<\/p>\n<p>Convidamos clientes de todo o mundo a colaborar conosco e estamos sempre prontos para oferecer consultoria especializada e solu\u00e7\u00f5es personalizadas. Na FMP, temos o compromisso de solucionar seus desafios t\u00e9cnicos e apoiar o seu sucesso. Nosso servi\u00e7o n\u00e3o se limita a fornecer produtos; trata-se de construir relacionamentos que levam ao sucesso m\u00fatuo.<\/p>\n<p><img loading=\"lazy\" decoding=\"async\" class=\"alignnone size-full wp-image-1861\" src=\"https:\/\/fmp-components.com\/wp-content\/uploads\/2024\/12\/Other-Agricultural-Gearboxes.webp\" sizes=\"(min-width: 0px) and (max-width: 480px) 480px, (min-width: 481px) and (max-width: 980px) 980px, (min-width: 981px) 1200px, 100vw\" srcset=\"https:\/\/fmp-components.com\/wp-content\/uploads\/2024\/12\/Other-Agricultural-Gearboxes.webp 1200w, https:\/\/fmp-components.com\/wp-content\/uploads\/2024\/12\/Other-Agricultural-Gearboxes-980x1143.webp 980w, https:\/\/fmp-components.com\/wp-content\/uploads\/2024\/12\/Other-Agricultural-Gearboxes-480x560.webp 480w\" alt=\"Altri-cambi-agr\u00edcola\" width=\"1200\" height=\"1400\" title=\"\"><\/p>\n<p>Autor: CX<\/p>","protected":false},"excerpt":{"rendered":"<p>Agricultural Lawnmower Gearbox Specifications: ITEM FMP-LF205 Ratio 1:1.93\/1:1.46 Teeth 23\/12 22\/15 Module 5.0 \/ 5.0 Power(HP) 30 Rated Input 540rpm Input\/Output Description 1-3\/8 Z6 Optic Axis Taper Spline Weight(N.W) 19KG Fits the Following Makes and Models Replacement of Comer FINISHING MOWER: LF-205-J Cross References: Replaces:\u00a0COMER U9.135.808.10, U9.205.808.00 , U913580810 , 9.135.029.00 , 913502900 Features of [&hellip;]<\/p>","protected":false},"featured_media":1960,"comment_status":"open","ping_status":"closed","template":"","meta":{"_et_pb_use_builder":"","_et_pb_old_content":"","_et_gb_content_width":""},"product_brand":[],"product_cat":[52],"product_tag":[],"class_list":{"0":"post-1956","1":"product","2":"type-product","3":"status-publish","4":"has-post-thumbnail","6":"product_cat-lawn-mower-gearbox","8":"first","9":"instock","10":"shipping-taxable","11":"product-type-simple"},"_links":{"self":[{"href":"https:\/\/fmp-components.com\/pt\/wp-json\/wp\/v2\/product\/1956","targetHints":{"allow":["GET"]}}],"collection":[{"href":"https:\/\/fmp-components.com\/pt\/wp-json\/wp\/v2\/product"}],"about":[{"href":"https:\/\/fmp-components.com\/pt\/wp-json\/wp\/v2\/types\/product"}],"replies":[{"embeddable":true,"href":"https:\/\/fmp-components.com\/pt\/wp-json\/wp\/v2\/comments?post=1956"}],"wp:featuredmedia":[{"embeddable":true,"href":"https:\/\/fmp-components.com\/pt\/wp-json\/wp\/v2\/media\/1960"}],"wp:attachment":[{"href":"https:\/\/fmp-components.com\/pt\/wp-json\/wp\/v2\/media?parent=1956"}],"wp:term":[{"taxonomy":"product_brand","embeddable":true,"href":"https:\/\/fmp-components.com\/pt\/wp-json\/wp\/v2\/product_brand?post=1956"},{"taxonomy":"product_cat","embeddable":true,"href":"https:\/\/fmp-components.com\/pt\/wp-json\/wp\/v2\/product_cat?post=1956"},{"taxonomy":"product_tag","embeddable":true,"href":"https:\/\/fmp-components.com\/pt\/wp-json\/wp\/v2\/product_tag?post=1956"}],"curies":[{"name":"wp","href":"https:\/\/api.w.org\/{rel}","templated":true}]}}