{"id":1948,"date":"2024-12-26T02:24:20","date_gmt":"2024-12-26T02:24:20","guid":{"rendered":"https:\/\/fmp-components.com\/?page_id=8"},"modified":"2024-12-26T02:37:43","modified_gmt":"2024-12-26T02:37:43","slug":"rotary-mowers-gearboxes-replacement-of-comer-code-t-25j","status":"publish","type":"product","link":"https:\/\/fmp-components.com\/pt\/product\/rotary-mowers-gearboxes-replacement-of-comer-code-t-25j\/","title":{"rendered":"Caixas de engrenagens de cortadores rotativos \u2013 Substitui\u00e7\u00e3o do Comer Code T-25J"},"content":{"rendered":"<p><img loading=\"lazy\" decoding=\"async\" class=\"size-full wp-image-1949 aligncenter\" src=\"https:\/\/fmp-components.com\/wp-content\/uploads\/2024\/12\/Rotary-Mower-Gearbox24.webp\" alt=\"Caixa de engrenagens do cortador rotativo\" width=\"500\" height=\"500\" title=\"\" srcset=\"https:\/\/fmp-components.com\/wp-content\/uploads\/2024\/12\/Rotary-Mower-Gearbox24.webp 500w, https:\/\/fmp-components.com\/wp-content\/uploads\/2024\/12\/Rotary-Mower-Gearbox24-480x480.webp 480w\" sizes=\"(min-width: 0px) and (max-width: 480px) 480px, (min-width: 481px) 500px, 100vw\" \/><\/p>\n<h2>Caixas de engrenagens de cortadores rotativos \u2013 Substitui\u00e7\u00e3o das especifica\u00e7\u00f5es Comer Code T-25J<\/h2>\n<table style=\"width: 100%;\" border=\"1\" width=\"100%\" cellspacing=\"0\" cellpadding=\"0\">\n<tbody>\n<tr>\n<th>Descri\u00e7\u00e3o<\/th>\n<td>Caixas de engrenagens de cortadores rotativos \u2013 Substitui\u00e7\u00e3o do Comer T-25J aumentando a velocidade<\/td>\n<\/tr>\n<tr>\n<th>Aplicativo<\/th>\n<td>Diversas aplica\u00e7\u00f5es (agr\u00edcolas), Cortadores de grama, Distribuidores de fertilizantes qu\u00edmicos, Serras de fita<\/td>\n<\/tr>\n<tr>\n<th>Consiste em<\/th>\n<td>Caixa de engrenagens<\/td>\n<\/tr>\n<tr>\n<th>Sem \u00f3leo<\/th>\n<td>Informa\u00e7\u00f5es t\u00e9cnicas<\/td>\n<\/tr>\n<tr>\n<th>Torque m\u00e1ximo de sa\u00edda<\/th>\n<td>22,7 daNm<\/td>\n<\/tr>\n<tr>\n<th>Cont\u00e9m \u00f3leo<\/th>\n<td>N\u00e3o<\/td>\n<\/tr>\n<tr>\n<th>Capacidade M\u00e1xima de \u00d3leo<\/th>\n<td>0,35 l<\/td>\n<\/tr>\n<tr>\n<th>Intervalo m\u00e1ximo de troca de \u00f3leo<\/th>\n<td>500 horas<\/td>\n<\/tr>\n<tr>\n<th>Grau de viscosidade SAE do \u00f3leo<\/th>\n<td>80W-90<\/td>\n<\/tr>\n<tr>\n<th>Material da caixa<\/th>\n<td>Alum\u00ednio<\/td>\n<\/tr>\n<tr>\n<th>Peso<\/th>\n<td>4,1 kg<\/td>\n<\/tr>\n<tr>\n<th>Arranjo de engrenagens redutoras<\/th>\n<td>3 &#8211; 4<\/td>\n<\/tr>\n<tr>\n<th>Pot\u00eancia de entrada kW \/ HP aumentando<\/th>\n<td>11 \/ 15 kW\/HP<\/td>\n<\/tr>\n<tr>\n<th>Aumento do eixo de entrada<\/th>\n<td>X<\/td>\n<\/tr>\n<tr>\n<th>Redu\u00e7\u00e3o do eixo de entrada<\/th>\n<td>Z<\/td>\n<\/tr>\n<tr>\n<th>Pot\u00eancia de entrada KW \/ HP Redu\u00e7\u00e3o<\/th>\n<td>7 \/ 9,5 kW\/CV<\/td>\n<\/tr>\n<tr>\n<th>Torque de sa\u00edda DaNm aumentando<\/th>\n<td>9,9 daNm<\/td>\n<\/tr>\n<tr>\n<th>Propor\u00e7\u00e3o crescente<\/th>\n<td>1 : 1.9<\/td>\n<\/tr>\n<tr>\n<th>Redu\u00e7\u00e3o de Propor\u00e7\u00e3o<\/th>\n<td>1.9 : 1<\/td>\n<\/tr>\n<tr>\n<th>Eixo X<\/th>\n<td>1 3\/8\u2033 (6) (A)<\/td>\n<\/tr>\n<tr>\n<th>Eixo Z<\/th>\n<td>22 (D)<\/td>\n<\/tr>\n<\/tbody>\n<\/table>\n<h2>Vantagens das caixas de engrenagens do cortador rotativo<\/h2>\n<p>As caixas de engrenagens de cortadores rotativos s\u00e3o componentes essenciais que melhoram significativamente o desempenho e a confiabilidade dos equipamentos de corte utilizados em paisagismo, agricultura e manuten\u00e7\u00e3o de terrenos. Ao transferir pot\u00eancia com efici\u00eancia, aumentar a durabilidade e reduzir a manuten\u00e7\u00e3o, essas caixas de engrenagens oferecem diversas vantagens importantes que as tornam indispens\u00e1veis \u200b\u200bpara diversas aplica\u00e7\u00f5es de corte.<\/p>\n<p><strong>Transmiss\u00e3o de energia eficiente<\/strong><\/p>\n<p>A caixa de engrenagens de um cortador de grama rotativo desempenha um papel vital na convers\u00e3o da pot\u00eancia do motor do trator para as l\u00e2minas do cortador. Isso garante que as l\u00e2minas girem na velocidade e no torque ideais, proporcionando um corte de grama consistente e eficaz, mesmo em condi\u00e7\u00f5es desafiadoras. Seja em opera\u00e7\u00f5es agr\u00edcolas de grande porte ou em tarefas de paisagismo, a transmiss\u00e3o eficiente de pot\u00eancia \u00e9 crucial para manter o desempenho e a produtividade.<\/p>\n<p><strong>Durabilidade e Longevidade<\/strong><\/p>\n<p>Projetadas para suportar uso intenso e ambientes adversos, as caixas de engrenagens de cortadores rotativos s\u00e3o normalmente feitas de materiais de alta qualidade, como ferro fundido ou ligas de alum\u00ednio. Sua constru\u00e7\u00e3o robusta as torna resistentes ao desgaste, corros\u00e3o e estresse, garantindo uma opera\u00e7\u00e3o duradoura com o m\u00ednimo de avarias. A durabilidade dessas caixas de engrenagens minimiza a necessidade de reparos ou substitui\u00e7\u00f5es frequentes, contribuindo para custos mais baixos a longo prazo e maior efici\u00eancia operacional.<\/p>\n<p><strong>Custos de manuten\u00e7\u00e3o e opera\u00e7\u00e3o reduzidos<\/strong><\/p>\n<p>As caixas de engrenagens dos cortadores rotativos s\u00e3o projetadas para serem eficientes, reduzindo a frequ\u00eancia de manuten\u00e7\u00e3o necess\u00e1ria. Seu design robusto, juntamente com a lubrifica\u00e7\u00e3o adequada dos componentes internos, como engrenagens e rolamentos, ajuda a reduzir o atrito, o desgaste e o superaquecimento. Isso resulta em menos falhas mec\u00e2nicas, menores custos de reparo e mais tempo de inatividade nas opera\u00e7\u00f5es de corte. Como resultado, as empresas podem economizar em custos de manuten\u00e7\u00e3o e aumentar a vida \u00fatil geral de seus equipamentos.<\/p>\n<p><strong>Desempenho de corte aprimorado<\/strong><\/p>\n<p>A caixa de engrenagens garante que as l\u00e2minas do cortador recebam a velocidade e o torque corretos, permitindo um corte limpo e consistente. Independentemente do tipo de grama ou terreno, uma caixa de engrenagens bem projetada aumenta a efici\u00eancia do corte. Isso permite que os cortadores rotativos lidem com vegeta\u00e7\u00e3o mais espessa e densa e terrenos irregulares com mais efici\u00eancia, tornando-os ideais para uma variedade de tarefas de corte, desde o cuidado geral do gramado at\u00e9 o corte de \u00e1reas mais irregulares e com vegeta\u00e7\u00e3o alta.<\/p>\n<p><strong>Versatilidade e Personaliza\u00e7\u00e3o<\/strong><\/p>\n<p>As caixas de engrenagens para cortadores de grama rotativos est\u00e3o dispon\u00edveis em diferentes configura\u00e7\u00f5es, incluindo modelos de velocidade \u00fanica e m\u00faltipla, proporcionando flexibilidade para uma ampla gama de aplica\u00e7\u00f5es. Muitos fabricantes, incluindo a FMP, oferecem solu\u00e7\u00f5es personaliz\u00e1veis \u200b\u200bpara atender a necessidades operacionais espec\u00edficas, como ajustar a altura de corte ou adicionar torque extra para condi\u00e7\u00f5es de corte mais dif\u00edceis. Essa versatilidade permite que as caixas de engrenagens para cortadores de grama rotativos atendam a setores que v\u00e3o da agricultura ao paisagismo municipal, garantindo que cada aplica\u00e7\u00e3o tenha o desempenho ideal.<\/p>\n<p><strong>Recursos de seguran\u00e7a<\/strong><\/p>\n<p>A seguran\u00e7a \u00e9 um fator cr\u00edtico em equipamentos de corte, e muitas caixas de engrenagens de cortadores rotativos s\u00e3o equipadas com recursos avan\u00e7ados de seguran\u00e7a. Estes incluem embreagens de avan\u00e7o e mecanismos de desengate, que protegem a caixa de engrenagens e as l\u00e2minas contra danos quando o motor \u00e9 desligado. Esses recursos tamb\u00e9m aumentam a seguran\u00e7a do operador, reduzindo o risco de falhas mec\u00e2nicas e acidentes durante a opera\u00e7\u00e3o.<\/p>\n<p><strong>Compacto e f\u00e1cil de instalar<\/strong><\/p>\n<p>O design compacto das caixas de engrenagens para cortadores de grama rotativos garante sua f\u00e1cil instala\u00e7\u00e3o em diversos tipos de cortadores e m\u00e1quinas. Sua integra\u00e7\u00e3o direta em diferentes sistemas as torna uma excelente escolha tanto para fabricantes OEM quanto para usu\u00e1rios finais. O design eficiente maximiza a transmiss\u00e3o de pot\u00eancia, minimizando a necessidade de espa\u00e7o, garantindo que essas caixas de engrenagens sejam vers\u00e1teis e convenientes para diferentes tipos de equipamentos.<\/p>\n<p>Em resumo, as caixas de engrenagens dos cortadores de grama desempenham um papel crucial no aumento da efici\u00eancia, durabilidade e custo-benef\u00edcio dos equipamentos de corte. Sua capacidade de transmitir pot\u00eancia com efici\u00eancia, reduzir a necessidade de manuten\u00e7\u00e3o e melhorar o desempenho de corte as torna um componente indispens\u00e1vel nos cortadores de grama rotativos modernos utilizados em aplica\u00e7\u00f5es agr\u00edcolas, industriais e paisag\u00edsticas. Seja para a manuten\u00e7\u00e3o de grandes \u00e1reas ou de paisagens urbanas, a caixa de engrenagens correta garante o desempenho ideal do seu cortador, reduzindo o tempo de inatividade e aumentando a produtividade.<\/p>\n<p><img loading=\"lazy\" decoding=\"async\" class=\"alignnone size-full wp-image-1951\" src=\"https:\/\/fmp-components.com\/wp-content\/uploads\/2024\/12\/Rotary-Mower-Gearbox-211.webp\" alt=\"Caixa de engrenagens do cortador rotativo\" width=\"800\" height=\"600\" title=\"\" srcset=\"https:\/\/fmp-components.com\/wp-content\/uploads\/2024\/12\/Rotary-Mower-Gearbox-211.webp 800w, https:\/\/fmp-components.com\/wp-content\/uploads\/2024\/12\/Rotary-Mower-Gearbox-211-480x360.webp 480w\" sizes=\"(min-width: 0px) and (max-width: 480px) 480px, (min-width: 481px) 800px, 100vw\" \/><\/p>\n<h3>Sobre a FMP<\/h3>\n<p>A FMP, localizada na It\u00e1lia, \u00e9 l\u00edder de destaque em pesquisa, desenvolvimento e fabrica\u00e7\u00e3o de caixas de engrenagens, redutores e m\u00e1quinas de engenharia. Com forte foco em qualidade, inova\u00e7\u00e3o e melhoria cont\u00ednua, a FMP conquistou uma reputa\u00e7\u00e3o de excel\u00eancia no setor de engenharia mec\u00e2nica. O compromisso da empresa com o desenvolvimento de talentos e o avan\u00e7o tecnol\u00f3gico resultou em seu reconhecimento local e internacional, tornando-a uma parceira confi\u00e1vel em diversos setores.<\/p>\n<p>O portf\u00f3lio de produtos da FMP inclui uma ampla gama de redutores de alto desempenho, como redutores c\u00f4nicos espirais, redutores de dentes retos, redutores sem-fim, redutores cil\u00edndricos e corpos e alojamentos de v\u00e1lvulas fundidos de alta press\u00e3o. Cada produto \u00e9 meticulosamente projetado para atender \u00e0s demandas de aplica\u00e7\u00f5es industriais e agr\u00edcolas, garantindo confiabilidade duradoura e desempenho superior.<\/p>\n<p>As caixas de engrenagens e componentes da FMP encontram aplica\u00e7\u00f5es em diversos setores, incluindo agricultura, extra\u00e7\u00e3o de petr\u00f3leo, sistemas mar\u00edtimos e engenharia hidr\u00e1ulica. Na agricultura, a FMP fornece a pot\u00eancia necess\u00e1ria para equipamentos cr\u00edticos, como cortadores de grama rotativos, varredores de neve, distribuidores de fertilizantes e transportadores de gr\u00e3os. Essa versatilidade refor\u00e7a a capacidade da FMP de oferecer solu\u00e7\u00f5es personalizadas que otimizam a efici\u00eancia em diferentes setores.<\/p>\n<p>O processo de fabrica\u00e7\u00e3o da empresa \u00e9 baseado em tecnologia de ponta e rigorosos padr\u00f5es de controle de qualidade. Do projeto inicial \u00e0 montagem final, a FMP garante que cada produto seja fabricado com materiais premium, como ferro fundido e ligas de alum\u00ednio. T\u00e9cnicas avan\u00e7adas de usinagem e inspe\u00e7\u00f5es rigorosas garantem precis\u00e3o, durabilidade e desempenho consistente. O compromisso da FMP com a excel\u00eancia em todas as etapas da produ\u00e7\u00e3o garante que seus produtos continuem atendendo aos mais altos padr\u00f5es da ind\u00fastria.<\/p>\n<p>A FMP \u00e9 impulsionada por uma abordagem inovadora para os neg\u00f3cios e a satisfa\u00e7\u00e3o do cliente. A empresa busca ativamente parcerias globais, oferecendo solu\u00e7\u00f5es personalizadas projetadas para atender \u00e0s necessidades \u00fanicas de seus clientes. Para saber mais sobre os produtos da FMP ou explorar oportunidades de colabora\u00e7\u00e3o, os parceiros interessados \u200b\u200bpodem entrar em contato diretamente com a empresa por telefone ou e-mail, refor\u00e7ando a dedica\u00e7\u00e3o da FMP em fornecer servi\u00e7os excepcionais e solu\u00e7\u00f5es de alta qualidade.<\/p>\n<p><img loading=\"lazy\" decoding=\"async\" class=\"alignnone size-full wp-image-1861\" src=\"https:\/\/fmp-components.com\/wp-content\/uploads\/2024\/12\/Other-Agricultural-Gearboxes.webp\" alt=\"Outras caixas de engrenagens agr\u00edcolas\" width=\"1200\" height=\"1400\" title=\"\" srcset=\"https:\/\/fmp-components.com\/wp-content\/uploads\/2024\/12\/Other-Agricultural-Gearboxes.webp 1200w, https:\/\/fmp-components.com\/wp-content\/uploads\/2024\/12\/Other-Agricultural-Gearboxes-980x1143.webp 980w, https:\/\/fmp-components.com\/wp-content\/uploads\/2024\/12\/Other-Agricultural-Gearboxes-480x560.webp 480w\" sizes=\"(min-width: 0px) and (max-width: 480px) 480px, (min-width: 481px) and (max-width: 980px) 980px, (min-width: 981px) 1200px, 100vw\" \/><\/p>\n<p>Autor: CX<\/p>","protected":false},"excerpt":{"rendered":"<p>Rotary Mowers Gearboxes \u2013 Replacement of Comer Code T-25J Specifications Description Rotary Mowers Gearboxes &#8211; Replacement of Comer T-25J speed increasing Application Various (agricultural) applications, Mowers, Chemical fertiliser spreaders, Band saws Consists of Gearbox Without Oil Technical Information Max. Output Torque 22.7 daNm Contains Oil No Max. Oil Capacity 0.35 l Max. Oil Change Interval [&hellip;]<\/p>","protected":false},"featured_media":1949,"comment_status":"open","ping_status":"closed","template":"","meta":{"_et_pb_use_builder":"","_et_pb_old_content":"","_et_gb_content_width":""},"product_brand":[],"product_cat":[51],"product_tag":[],"class_list":{"0":"post-1948","1":"product","2":"type-product","3":"status-publish","4":"has-post-thumbnail","6":"product_cat-rotary-mower-gearbox","8":"first","9":"instock","10":"shipping-taxable","11":"product-type-simple"},"_links":{"self":[{"href":"https:\/\/fmp-components.com\/pt\/wp-json\/wp\/v2\/product\/1948","targetHints":{"allow":["GET"]}}],"collection":[{"href":"https:\/\/fmp-components.com\/pt\/wp-json\/wp\/v2\/product"}],"about":[{"href":"https:\/\/fmp-components.com\/pt\/wp-json\/wp\/v2\/types\/product"}],"replies":[{"embeddable":true,"href":"https:\/\/fmp-components.com\/pt\/wp-json\/wp\/v2\/comments?post=1948"}],"wp:featuredmedia":[{"embeddable":true,"href":"https:\/\/fmp-components.com\/pt\/wp-json\/wp\/v2\/media\/1949"}],"wp:attachment":[{"href":"https:\/\/fmp-components.com\/pt\/wp-json\/wp\/v2\/media?parent=1948"}],"wp:term":[{"taxonomy":"product_brand","embeddable":true,"href":"https:\/\/fmp-components.com\/pt\/wp-json\/wp\/v2\/product_brand?post=1948"},{"taxonomy":"product_cat","embeddable":true,"href":"https:\/\/fmp-components.com\/pt\/wp-json\/wp\/v2\/product_cat?post=1948"},{"taxonomy":"product_tag","embeddable":true,"href":"https:\/\/fmp-components.com\/pt\/wp-json\/wp\/v2\/product_tag?post=1948"}],"curies":[{"name":"wp","href":"https:\/\/api.w.org\/{rel}","templated":true}]}}