{"id":1943,"date":"2024-12-26T02:18:14","date_gmt":"2024-12-26T02:18:14","guid":{"rendered":"https:\/\/fmp-components.com\/?page_id=8"},"modified":"2024-12-26T02:21:11","modified_gmt":"2024-12-26T02:21:11","slug":"rotary-mower-gearbox-replacement-of-comer-code-tf-285b","status":"publish","type":"product","link":"https:\/\/fmp-components.com\/pt\/product\/rotary-mower-gearbox-replacement-of-comer-code-tf-285b\/","title":{"rendered":"Caixa de engrenagens do cortador rotativo \u2013 Substitui\u00e7\u00e3o do Comer Code TF-285B"},"content":{"rendered":"<p><img loading=\"lazy\" decoding=\"async\" class=\"size-full wp-image-1946 aligncenter\" src=\"https:\/\/fmp-components.com\/wp-content\/uploads\/2024\/12\/rotary-mower-gearbox-tf285b.webp\" alt=\"caixa de engrenagens do cortador rotativo\" width=\"300\" height=\"300\" title=\"\" srcset=\"https:\/\/fmp-components.com\/wp-content\/uploads\/2024\/12\/rotary-mower-gearbox-tf285b.webp 300w, https:\/\/fmp-components.com\/wp-content\/uploads\/2024\/12\/rotary-mower-gearbox-tf285b-150x150.webp 150w, https:\/\/fmp-components.com\/wp-content\/uploads\/2024\/12\/rotary-mower-gearbox-tf285b-12x12.webp 12w, https:\/\/fmp-components.com\/wp-content\/uploads\/2024\/12\/rotary-mower-gearbox-tf285b-100x100.webp 100w\" sizes=\"(max-width: 300px) 100vw, 300px\" \/><\/p>\n<h2>Especifica\u00e7\u00f5es da caixa de engrenagens do cortador rotativo TF-285B<\/h2>\n<p><img loading=\"lazy\" decoding=\"async\" class=\"alignnone size-full wp-image-1944\" src=\"https:\/\/fmp-components.com\/wp-content\/uploads\/2024\/12\/rotary-mower-gearbox-specifications-tf285b.webp\" alt=\"caixa de engrenagens do cortador rotativo\" width=\"851\" height=\"449\" title=\"\" srcset=\"https:\/\/fmp-components.com\/wp-content\/uploads\/2024\/12\/rotary-mower-gearbox-specifications-tf285b.webp 851w, https:\/\/fmp-components.com\/wp-content\/uploads\/2024\/12\/rotary-mower-gearbox-specifications-tf285b-480x253.webp 480w\" sizes=\"(min-width: 0px) and (max-width: 480px) 480px, (min-width: 481px) 851px, 100vw\" \/><\/p>\n<table style=\"width: 91.8919%; height: 108px;\" border=\"1\">\n<tbody>\n<tr>\n<td rowspan=\"2\"><strong>eu<\/strong><\/td>\n<td rowspan=\"2\"><strong>N<sub>1<\/sub>[rpm]<\/strong><\/td>\n<td rowspan=\"2\"><strong>P<sub>1<\/sub>[kW]<\/strong><\/td>\n<td rowspan=\"2\"><strong>M<sub>2<\/sub>[Nm]<\/strong><\/td>\n<td colspan=\"3\"><strong>Tipo de eixo<\/strong><\/td>\n<td rowspan=\"2\"><strong>Entrada<\/strong><\/td>\n<\/tr>\n<tr>\n<td><strong>X<\/strong><\/td>\n<td><strong>E<\/strong><\/td>\n<td><strong>Z<\/strong><\/td>\n<\/tr>\n<tr>\n<td>1.86<\/td>\n<td>1000<\/td>\n<td>91.9<\/td>\n<td>709<\/td>\n<td>1\u201d 3\/8 Z21<\/td>\n<td>1\u201d 3\/4 Z20<\/td>\n<td>Conex\u00e3o do hub<\/td>\n<td>E<\/td>\n<\/tr>\n<\/tbody>\n<\/table>\n<h2>Vantagens da caixa de engrenagens do cortador rotativo<\/h2>\n<p>Cortadores rotativos equipados com uma caixa de engrenagens de alta qualidade oferecem in\u00fameras vantagens, tornando-os uma ferramenta essencial para paisagismo, agricultura e manuten\u00e7\u00e3o de terrenos. Essas vantagens decorrem da capacidade da caixa de engrenagens de transferir pot\u00eancia com efici\u00eancia, reduzir o desgaste e melhorar o desempenho geral do cortador. Aqui est\u00e3o alguns dos principais benef\u00edcios de usar uma caixa de engrenagens de cortador rotativo:<\/p>\n<ol>\n<li><strong>Transmiss\u00e3o de energia eficiente<\/strong><br \/>\nA caixa de engrenagens de um cortador rotativo desempenha um papel crucial na transfer\u00eancia de pot\u00eancia do motor do trator para as l\u00e2minas do cortador. Essa transmiss\u00e3o eficiente garante que as l\u00e2minas girem na velocidade e no torque ideais, permitindo que o cortador corte a grama com efici\u00eancia, mesmo em condi\u00e7\u00f5es adversas. Isso \u00e9 especialmente importante para opera\u00e7\u00f5es de grande porte, onde consist\u00eancia e efici\u00eancia s\u00e3o essenciais.<\/li>\n<li><strong>Durabilidade e Longevidade<\/strong><br \/>\nAs caixas de engrenagens de cortadores rotativos s\u00e3o projetadas para suportar uso intenso e condi\u00e7\u00f5es adversas. Com constru\u00e7\u00e3o robusta, geralmente feita de materiais de alta qualidade, como ferro fundido ou ligas de alum\u00ednio, essas caixas de engrenagens s\u00e3o resistentes ao desgaste, \u00e0 corros\u00e3o e ao estresse. Essa durabilidade garante que a caixa de engrenagens opere suavemente por longos per\u00edodos, reduzindo a necessidade de reparos ou substitui\u00e7\u00f5es frequentes.<\/li>\n<li><strong>Custos de manuten\u00e7\u00e3o e opera\u00e7\u00e3o reduzidos<\/strong><br \/>\nDevido ao seu design robusto e transmiss\u00e3o de pot\u00eancia eficiente, as caixas de engrenagens dos cortadores rotativos exigem menos manuten\u00e7\u00e3o do que outros tipos de acionamentos. A lubrifica\u00e7\u00e3o adequada dos componentes internos, como engrenagens e rolamentos, ajuda a minimizar o atrito, o desgaste e o superaquecimento, o que resulta em custos operacionais reduzidos e menos interven\u00e7\u00f5es de manuten\u00e7\u00e3o. Isso significa mais tempo de atividade e menos interrup\u00e7\u00f5es para reparos.<\/li>\n<li><strong>Desempenho de corte aprimorado<\/strong><br \/>\nUma caixa de engrenagens bem projetada garante que as l\u00e2minas do cortador atinjam a velocidade e o torque corretos, resultando em um corte limpo e consistente. Seja grama, ervas daninhas ou arbustos pequenos, a caixa de engrenagens garante um desempenho de corte superior, mesmo em condi\u00e7\u00f5es desafiadoras. A caixa de engrenagens ajuda o cortador a lidar com vegeta\u00e7\u00e3o densa e terrenos irregulares com mais efici\u00eancia.<\/li>\n<li><strong>Versatilidade e Personaliza\u00e7\u00e3o<\/strong><br \/>\nAs caixas de engrenagens para cortadores de grama rotativos est\u00e3o dispon\u00edveis em diversas configura\u00e7\u00f5es, como modelos de velocidade \u00fanica ou m\u00faltipla, permitindo flexibilidade em diferentes aplica\u00e7\u00f5es. Muitos fabricantes, incluindo a FMP, oferecem solu\u00e7\u00f5es personalizadas para atender a requisitos espec\u00edficos de desempenho, como ajuste da altura de corte ou fornecimento de torque adicional para tarefas de corte mais dif\u00edceis. Essa versatilidade permite que as caixas de engrenagens atendam a uma ampla gama de setores, da agricultura ao paisagismo municipal.<\/li>\n<li><strong>Recursos de seguran\u00e7a<\/strong><br \/>\nMuitas caixas de engrenagens de cortadores rotativos v\u00eam equipadas com recursos de seguran\u00e7a, como embreagens de avan\u00e7o ou mecanismos de desengate, que evitam danos \u00e0 caixa de engrenagens e \u00e0s l\u00e2minas do cortador quando o motor \u00e9 desligado. Esses recursos tamb\u00e9m ajudam a proteger o operador de acidentes e reduzem o risco de falhas mec\u00e2nicas.<\/li>\n<li><strong>Compacto e f\u00e1cil de instalar<\/strong><br \/>\nAs caixas de engrenagens de cortadores rotativos s\u00e3o normalmente projetadas para serem compactas e f\u00e1ceis de instalar em diversos tipos de cortadores e m\u00e1quinas. Seu design garante que sejam n\u00e3o apenas eficientes em termos de transmiss\u00e3o de pot\u00eancia, mas tamb\u00e9m f\u00e1ceis de integrar em diferentes sistemas, tornando-as uma excelente escolha tanto para fabricantes OEM quanto para usu\u00e1rios finais.<\/li>\n<\/ol>\n<p>Concluindo, a caixa de engrenagens do cortador rotativo \u00e9 um componente vital que melhora o desempenho, a confiabilidade e a rela\u00e7\u00e3o custo-benef\u00edcio do equipamento de corte. Sua capacidade de transferir pot\u00eancia com efici\u00eancia, reduzir a manuten\u00e7\u00e3o e melhorar o desempenho de corte a torna uma parte indispens\u00e1vel dos cortadores rotativos modernos utilizados em aplica\u00e7\u00f5es agr\u00edcolas, industriais e paisag\u00edsticas.<\/p>\n<p><img loading=\"lazy\" decoding=\"async\" class=\"alignnone size-full wp-image-1940\" src=\"https:\/\/fmp-components.com\/wp-content\/uploads\/2024\/12\/Rotary-Mower-Gearbox23.webp\" alt=\"Caixa de engrenagens do cortador rotativo\" width=\"1000\" height=\"1000\" title=\"\" srcset=\"https:\/\/fmp-components.com\/wp-content\/uploads\/2024\/12\/Rotary-Mower-Gearbox23.webp 1000w, https:\/\/fmp-components.com\/wp-content\/uploads\/2024\/12\/Rotary-Mower-Gearbox23-980x980.webp 980w, https:\/\/fmp-components.com\/wp-content\/uploads\/2024\/12\/Rotary-Mower-Gearbox23-480x480.webp 480w\" sizes=\"(min-width: 0px) and (max-width: 480px) 480px, (min-width: 481px) and (max-width: 980px) 980px, (min-width: 981px) 1000px, 100vw\" \/><\/p>\n<h3>Sobre a FMP<\/h3>\n<p>A FMP, com sede na It\u00e1lia, \u00e9 l\u00edder em inova\u00e7\u00e3o em pesquisa, desenvolvimento e fabrica\u00e7\u00e3o de caixas de engrenagens, redutores e m\u00e1quinas de engenharia. Reconhecida por seu compromisso com a qualidade, a melhoria cont\u00ednua e o desenvolvimento de talentos, a FMP conquistou reconhecimento nacional e internacional. Com s\u00f3lida reputa\u00e7\u00e3o no setor de engenharia mec\u00e2nica, a empresa \u00e9 uma parceira confi\u00e1vel em diversos setores.<\/p>\n<p>A FMP oferece uma ampla gama de produtos de alto desempenho, incluindo redutores c\u00f4nicos espirais, redutores de dentes retos, redutores sem-fim, redutores cil\u00edndricos e corpos e alojamentos de v\u00e1lvulas fundidos de alta press\u00e3o. Esses produtos s\u00e3o projetados com precis\u00e3o para atender \u00e0s diversas necessidades de aplica\u00e7\u00f5es industriais e agr\u00edcolas, proporcionando confiabilidade e durabilidade.<\/p>\n<p>As caixas de engrenagens e componentes da empresa atendem a diversos setores, como agricultura, extra\u00e7\u00e3o de petr\u00f3leo, sistemas mar\u00edtimos e engenharia hidr\u00e1ulica. Na agricultura, a FMP equipa m\u00e1quinas vitais como cortadores de grama rotativos, varredores de neve, distribuidores de fertilizantes e transportadores de gr\u00e3os. Essa ampla gama de aplica\u00e7\u00f5es destaca a versatilidade da FMP e sua capacidade de oferecer solu\u00e7\u00f5es que aumentam a efici\u00eancia operacional em todos os setores.<\/p>\n<p>O processo de fabrica\u00e7\u00e3o da FMP \u00e9 baseado em t\u00e9cnicas avan\u00e7adas e rigorosos padr\u00f5es de controle de qualidade. Do design do produto \u00e0 montagem final, cada item \u00e9 fabricado com materiais premium, como ferro fundido e ligas de alum\u00ednio. M\u00e9todos de usinagem de precis\u00e3o garantem alta precis\u00e3o, enquanto inspe\u00e7\u00f5es rigorosas garantem confiabilidade e desempenho a longo prazo. O foco da FMP em qualidade, alinhamento e resist\u00eancia ao desgaste garante que seus produtos continuem atendendo aos mais altos padr\u00f5es.<\/p>\n<p>Como uma empresa com vis\u00e3o de futuro, a FMP se dedica \u00e0 satisfa\u00e7\u00e3o do cliente e \u00e0 inova\u00e7\u00e3o cont\u00ednua. A empresa est\u00e1 aberta a parcerias globais, oferecendo solu\u00e7\u00f5es personalizadas e adaptadas \u00e0s necessidades dos clientes. Para saber mais sobre os produtos da FMP ou explorar oportunidades de colabora\u00e7\u00e3o, potenciais parceiros podem entrar em contato com a empresa facilmente por telefone ou e-mail, refor\u00e7ando o compromisso da FMP com servi\u00e7os excepcionais e solu\u00e7\u00f5es de alta qualidade.<\/p>\n<p><img loading=\"lazy\" decoding=\"async\" class=\"alignnone size-full wp-image-1861\" src=\"https:\/\/fmp-components.com\/wp-content\/uploads\/2024\/12\/Other-Agricultural-Gearboxes.webp\" alt=\"Outras caixas de engrenagens agr\u00edcolas\" width=\"1200\" height=\"1400\" title=\"\" srcset=\"https:\/\/fmp-components.com\/wp-content\/uploads\/2024\/12\/Other-Agricultural-Gearboxes.webp 1200w, https:\/\/fmp-components.com\/wp-content\/uploads\/2024\/12\/Other-Agricultural-Gearboxes-980x1143.webp 980w, https:\/\/fmp-components.com\/wp-content\/uploads\/2024\/12\/Other-Agricultural-Gearboxes-480x560.webp 480w\" sizes=\"(min-width: 0px) and (max-width: 480px) 480px, (min-width: 481px) and (max-width: 980px) 980px, (min-width: 981px) 1200px, 100vw\" \/><\/p>\n<p>Autor: CX<\/p>\n<p>&nbsp;<\/p>","protected":false},"excerpt":{"rendered":"<p>Rotary Mower Gearbox\u00a0TF-285B Specifications i N1[rpm] P1[kW] M2[Nm] Shaft Type Input X Y Z 1.86 1000 91.9 709 1&#8221; 3\/8 Z21 1&#8221; 3\/4 Z20 Hub connection Y Advantages of Rotary Mower Gearbox Rotary mowers equipped with a high-quality gearbox offer numerous advantages, making them an essential tool for landscaping, agriculture, and grounds maintenance. These advantages [&hellip;]<\/p>","protected":false},"featured_media":1946,"comment_status":"open","ping_status":"closed","template":"","meta":{"_et_pb_use_builder":"","_et_pb_old_content":"","_et_gb_content_width":""},"product_brand":[],"product_cat":[51],"product_tag":[],"class_list":{"0":"post-1943","1":"product","2":"type-product","3":"status-publish","4":"has-post-thumbnail","6":"product_cat-rotary-mower-gearbox","8":"first","9":"instock","10":"shipping-taxable","11":"product-type-simple"},"_links":{"self":[{"href":"https:\/\/fmp-components.com\/pt\/wp-json\/wp\/v2\/product\/1943","targetHints":{"allow":["GET"]}}],"collection":[{"href":"https:\/\/fmp-components.com\/pt\/wp-json\/wp\/v2\/product"}],"about":[{"href":"https:\/\/fmp-components.com\/pt\/wp-json\/wp\/v2\/types\/product"}],"replies":[{"embeddable":true,"href":"https:\/\/fmp-components.com\/pt\/wp-json\/wp\/v2\/comments?post=1943"}],"wp:featuredmedia":[{"embeddable":true,"href":"https:\/\/fmp-components.com\/pt\/wp-json\/wp\/v2\/media\/1946"}],"wp:attachment":[{"href":"https:\/\/fmp-components.com\/pt\/wp-json\/wp\/v2\/media?parent=1943"}],"wp:term":[{"taxonomy":"product_brand","embeddable":true,"href":"https:\/\/fmp-components.com\/pt\/wp-json\/wp\/v2\/product_brand?post=1943"},{"taxonomy":"product_cat","embeddable":true,"href":"https:\/\/fmp-components.com\/pt\/wp-json\/wp\/v2\/product_cat?post=1943"},{"taxonomy":"product_tag","embeddable":true,"href":"https:\/\/fmp-components.com\/pt\/wp-json\/wp\/v2\/product_tag?post=1943"}],"curies":[{"name":"wp","href":"https:\/\/api.w.org\/{rel}","templated":true}]}}