{"id":1938,"date":"2024-12-26T02:05:01","date_gmt":"2024-12-26T02:05:01","guid":{"rendered":"https:\/\/fmp-components.com\/?page_id=8"},"modified":"2024-12-26T02:18:02","modified_gmt":"2024-12-26T02:18:02","slug":"rotary-mower-gearbox-replacement-of-comer-code-tf-26a","status":"publish","type":"product","link":"https:\/\/fmp-components.com\/pt\/product\/rotary-mower-gearbox-replacement-of-comer-code-tf-26a\/","title":{"rendered":"Caixa de engrenagens do cortador rotativo \u2013 Substitui\u00e7\u00e3o do Comer Code TF-26A"},"content":{"rendered":"<p><img loading=\"lazy\" decoding=\"async\" class=\"size-full wp-image-1942 aligncenter\" src=\"https:\/\/fmp-components.com\/wp-content\/uploads\/2024\/12\/rotary-mower-gearbox-tf26a-1.webp\" alt=\"caixa de engrenagens do cortador rotativo tf26a-1\" width=\"300\" height=\"300\" title=\"\" srcset=\"https:\/\/fmp-components.com\/wp-content\/uploads\/2024\/12\/rotary-mower-gearbox-tf26a-1.webp 300w, https:\/\/fmp-components.com\/wp-content\/uploads\/2024\/12\/rotary-mower-gearbox-tf26a-1-150x150.webp 150w, https:\/\/fmp-components.com\/wp-content\/uploads\/2024\/12\/rotary-mower-gearbox-tf26a-1-12x12.webp 12w, https:\/\/fmp-components.com\/wp-content\/uploads\/2024\/12\/rotary-mower-gearbox-tf26a-1-100x100.webp 100w\" sizes=\"(max-width: 300px) 100vw, 300px\" \/><\/p>\n<h2>Especifica\u00e7\u00f5es da caixa de engrenagens do cortador rotativo TF-26A<\/h2>\n<p><img loading=\"lazy\" decoding=\"async\" class=\"alignnone size-full wp-image-1939\" src=\"https:\/\/fmp-components.com\/wp-content\/uploads\/2024\/12\/rotary-mower-gearbox-specifications-tf26a.webp\" alt=\"especifica\u00e7\u00f5es da caixa de engrenagens do cortador rotativo tf26a\" width=\"867\" height=\"449\" title=\"\" srcset=\"https:\/\/fmp-components.com\/wp-content\/uploads\/2024\/12\/rotary-mower-gearbox-specifications-tf26a.webp 867w, https:\/\/fmp-components.com\/wp-content\/uploads\/2024\/12\/rotary-mower-gearbox-specifications-tf26a-480x249.webp 480w\" sizes=\"(min-width: 0px) and (max-width: 480px) 480px, (min-width: 481px) 867px, 100vw\" \/><\/p>\n<table style=\"width: 100%;\" border=\"1\" width=\"100%\" cellspacing=\"0\" cellpadding=\"0\">\n<tbody>\n<tr>\n<td rowspan=\"2\"><strong>eu<\/strong><\/td>\n<td rowspan=\"2\"><strong>N<sub>1<\/sub>[rpm]<\/strong><\/td>\n<td rowspan=\"2\"><strong>P<sub>1<\/sub>[kW]<\/strong><\/td>\n<td rowspan=\"2\"><strong>M<sub>2<\/sub>[Nm]<\/strong><\/td>\n<td colspan=\"3\"><strong>Tipo de eixo<\/strong><\/td>\n<td rowspan=\"2\"><strong>Entrada<\/strong><\/td>\n<\/tr>\n<tr>\n<td><strong>X<\/strong><\/td>\n<td><strong>E<\/strong><\/td>\n<td><strong>Z<\/strong><\/td>\n<\/tr>\n<tr>\n<td>1.84<\/td>\n<td>540<\/td>\n<td>66.0<\/td>\n<td>615<\/td>\n<td>1\u201d 3\/8 Z6<\/td>\n<td>1\u201d 3\/8 Z6<\/td>\n<td>Conex\u00e3o do hub<\/td>\n<td>E<\/td>\n<\/tr>\n<tr>\n<td>1.47<\/td>\n<td>540<\/td>\n<td>66.0<\/td>\n<td>770<\/td>\n<td>1\u201d 3\/8 Z6<\/td>\n<td>1\u201d 3\/8 Z6<\/td>\n<td>Conex\u00e3o do hub<\/td>\n<td>E<\/td>\n<\/tr>\n<\/tbody>\n<\/table>\n<h3>Caracter\u00edsticas da caixa de engrenagens do cortador rotativo<\/h3>\n<p>A caixa de engrenagens \u00e9 um componente vital de um cortador rotativo, garantindo seu funcionamento eficiente e eficaz. Cortadores rotativos s\u00e3o amplamente utilizados por paisagistas, jardineiros e em ambientes agr\u00edcolas por sua capacidade de cortar grama, ervas daninhas e arbustos com facilidade. Uma caixa de engrenagens de cortador rotativo de alta qualidade melhora o desempenho geral, a durabilidade e a longevidade do cortador, tornando-a essencial para uma opera\u00e7\u00e3o suave em diversas condi\u00e7\u00f5es.<\/p>\n<p>Uma das principais caracter\u00edsticas de uma caixa de engrenagens de um cortador rotativo \u00e9 sua <strong>habita\u00e7\u00e3o dur\u00e1vel<\/strong>, normalmente feito de materiais resistentes, como ferro fundido ou ligas de alum\u00ednio. A carca\u00e7a serve para proteger os componentes internos de fatores ambientais adversos, como sujeira, umidade e detritos. Essa constru\u00e7\u00e3o robusta garante que a caixa de engrenagens permane\u00e7a intacta e funcione de forma confi\u00e1vel em condi\u00e7\u00f5es exigentes, incluindo tarefas pesadas de corte em campos ou terrenos acidentados.<\/p>\n<p>Outra caracter\u00edstica importante \u00e9 a <strong>rolamentos<\/strong> que suportam o eixo rotativo e as engrenagens dentro da caixa de engrenagens. Os rolamentos reduzem o atrito, permitindo que os componentes internos girem de forma suave e eficiente. Eles tamb\u00e9m ajudam a minimizar o desgaste, garantindo que a caixa de engrenagens funcione por um longo per\u00edodo sem a necessidade de reparos frequentes. A lubrifica\u00e7\u00e3o adequada dos rolamentos \u00e9 crucial para evitar o superaquecimento e manter o desempenho ideal, e \u00e9 por isso que muitas caixas de engrenagens v\u00eam com um sistema de lubrifica\u00e7\u00e3o integrado que garante que todas as pe\u00e7as m\u00f3veis estejam bem lubrificadas.<\/p>\n<p>O <strong>focas<\/strong> na caixa de engrenagens desempenham um papel crucial na preven\u00e7\u00e3o da entrada de contaminantes, como sujeira, aparas de grama e \u00e1gua. Essas veda\u00e7\u00f5es ajudam a manter a integridade da lubrifica\u00e7\u00e3o dentro da caixa de engrenagens e protegem as engrenagens internas contra danos. Sem a veda\u00e7\u00e3o adequada, detritos podem entrar na caixa de engrenagens e causar danos significativos aos componentes, resultando em reparos dispendiosos e tempo de inatividade. Portanto, as veda\u00e7\u00f5es garantem que a caixa de engrenagens permane\u00e7a eficiente e prolongam a vida \u00fatil geral do cortador.<\/p>\n<p>Algumas caixas de engrenagens avan\u00e7adas de cortadores rotativos v\u00eam com <strong>recursos como engrenagens ajust\u00e1veis<\/strong> que permitem aos operadores modificar a altura de corte. Este recurso \u00e9 especialmente \u00fatil em condi\u00e7\u00f5es vari\u00e1veis \u200b\u200bde corte, como na transi\u00e7\u00e3o do corte de grama para o corte de vegeta\u00e7\u00e3o mais densa. A possibilidade de ajustar a altura garante um corte mais limpo e eficiente, proporcionando ao operador maior controle sobre o processo de corte. Al\u00e9m disso, algumas caixas de c\u00e2mbio tamb\u00e9m incluem um <strong>mecanismo de embreagem<\/strong> que desengata as l\u00e2minas quando o cortador n\u00e3o est\u00e1 em uso. Isso ajuda a evitar desgaste desnecess\u00e1rio das l\u00e2minas e reduz o risco de danos quando o cortador est\u00e1 parado.<\/p>\n<p>Al\u00e9m da caixa de engrenagens para cortador rotativo TF-26A, tamb\u00e9m oferecemos uma variedade de outras caixas de engrenagens agr\u00edcolas projetadas para aplica\u00e7\u00f5es espec\u00edficas. Seja para uso industrial pesado ou tarefas mais leves, nossa linha de caixas de engrenagens garante que cada usu\u00e1rio encontre a caixa de engrenagens certa para atender \u00e0s suas necessidades operacionais e de cortador.<\/p>\n<p>Em resumo, uma caixa de engrenagens de alta qualidade para cortadores de grama rotativos \u00e9 essencial para garantir uma opera\u00e7\u00e3o eficiente, minimizar o desgaste e prolongar a vida \u00fatil do cortador. Com recursos como carca\u00e7a dur\u00e1vel, rolamentos eficientes, veda\u00e7\u00f5es de prote\u00e7\u00e3o, engrenagens ajust\u00e1veis \u200b\u200be mecanismos de embreagem, essas caixas de engrenagens contribuem para o desempenho suave e confi\u00e1vel dos cortadores de grama rotativos em uma variedade de ambientes.<\/p>\n<p><img loading=\"lazy\" decoding=\"async\" class=\"alignnone size-full wp-image-1940\" src=\"https:\/\/fmp-components.com\/wp-content\/uploads\/2024\/12\/Rotary-Mower-Gearbox23.webp\" alt=\"Caixa de engrenagens do cortador rotativo\" width=\"1000\" height=\"1000\" title=\"\" srcset=\"https:\/\/fmp-components.com\/wp-content\/uploads\/2024\/12\/Rotary-Mower-Gearbox23.webp 1000w, https:\/\/fmp-components.com\/wp-content\/uploads\/2024\/12\/Rotary-Mower-Gearbox23-980x980.webp 980w, https:\/\/fmp-components.com\/wp-content\/uploads\/2024\/12\/Rotary-Mower-Gearbox23-480x480.webp 480w\" sizes=\"(min-width: 0px) and (max-width: 480px) 480px, (min-width: 481px) and (max-width: 980px) 980px, (min-width: 981px) 1000px, 100vw\" \/><\/p>\n<h3>Eixos de tomada de for\u00e7a \u00e0 venda<\/h3>\n<p>Na FMP, oferecemos uma sele\u00e7\u00e3o abrangente de eixos de tomada de for\u00e7a (TDP) de alta qualidade, projetados especificamente para uso com caixas de engrenagens agr\u00edcolas, incluindo caixas de engrenagens de cortadores de grama rotativos. O eixo de tomada de for\u00e7a desempenha um papel vital na transmiss\u00e3o de pot\u00eancia mec\u00e2nica do motor do trator para as m\u00e1quinas agr\u00edcolas. Ele opera em velocidades que variam de 540 a 1.000 RPM, dependendo dos requisitos espec\u00edficos da aplica\u00e7\u00e3o.<\/p>\n<p>Nossos eixos de tomada de for\u00e7a s\u00e3o projetados com durabilidade e efici\u00eancia em mente, apresentando constru\u00e7\u00e3o robusta e garfos em ambas as extremidades para conex\u00e3o perfeita com a caixa de engrenagens. Esses eixos est\u00e3o dispon\u00edveis em diversas classifica\u00e7\u00f5es de torque, permitindo que voc\u00ea escolha a op\u00e7\u00e3o certa com base nas necessidades de pot\u00eancia da sua m\u00e1quina. Seja para equipamentos leves ou pesados, oferecemos eixos de tomada de for\u00e7a personalizados para proporcionar o desempenho ideal.<\/p>\n<p>Al\u00e9m da nossa ampla gama de eixos de tomada de for\u00e7a padr\u00e3o, a FMP tamb\u00e9m oferece solu\u00e7\u00f5es personalizadas para atender aos requisitos espec\u00edficos do seu maquin\u00e1rio. Seja para ajustes de comprimento, torque ou outras especifica\u00e7\u00f5es, podemos projetar e fabricar eixos de tomada de for\u00e7a sob medida para atender \u00e0s suas necessidades.<\/p>\n<p>Se voc\u00ea procura eixos de tomada de for\u00e7a de alto desempenho que garantam transfer\u00eancia de pot\u00eancia suave e opera\u00e7\u00e3o duradoura, n\u00e3o hesite em nos contatar. Entre em contato hoje mesmo para obter mais informa\u00e7\u00f5es ou para discutir suas necessidades de eixos de tomada de for\u00e7a personalizados!<\/p>\n<p><img loading=\"lazy\" decoding=\"async\" class=\"alignnone wp-image-1941\" src=\"https:\/\/fmp-components.com\/wp-content\/uploads\/2024\/12\/rotary-mower-gearbox-and-pto-drive-shaft.webp\" alt=\"Caixa de engrenagens do cortador rotativo\" width=\"873\" height=\"641\" title=\"\" srcset=\"https:\/\/fmp-components.com\/wp-content\/uploads\/2024\/12\/rotary-mower-gearbox-and-pto-drive-shaft.webp 873w, https:\/\/fmp-components.com\/wp-content\/uploads\/2024\/12\/rotary-mower-gearbox-and-pto-drive-shaft-480x353.webp 480w\" sizes=\"(min-width: 0px) and (max-width: 480px) 480px, (min-width: 481px) 873px, 100vw\" \/><\/p>\n<h3>Sobre a FMP<\/h3>\n<p>A FMP, localizada na It\u00e1lia, \u00e9 uma empresa l\u00edder e respeitada em pesquisa, desenvolvimento e fabrica\u00e7\u00e3o de caixas de engrenagens, redutores e m\u00e1quinas de engenharia. Reconhecida por seu foco em inova\u00e7\u00e3o, qualidade e desenvolvimento de talentos, a FMP se consolidou como uma empresa de destaque no setor de engenharia mec\u00e2nica. A empresa conquistou reconhecimento nacional e internacional por sua dedica\u00e7\u00e3o \u00e0 melhoria cont\u00ednua e \u00e0 excel\u00eancia, tornando-se uma parceira confi\u00e1vel em uma ampla gama de setores.<\/p>\n<p>A FMP oferece uma ampla sele\u00e7\u00e3o de produtos de alto desempenho, incluindo redutores c\u00f4nicos espirais, redutores de dentes retos, redutores sem-fim, redutores cil\u00edndricos e corpos e carca\u00e7as de v\u00e1lvulas fundidos de alta press\u00e3o. Esses produtos s\u00e3o projetados com precis\u00e3o para atender \u00e0s necessidades exclusivas de diversas aplica\u00e7\u00f5es. Seja para m\u00e1quinas industriais pesadas ou equipamentos agr\u00edcolas especializados, os redutores da FMP oferecem desempenho confi\u00e1vel e durabilidade.<\/p>\n<p>As caixas de engrenagens e componentes da empresa s\u00e3o amplamente utilizados em diversos setores, com aplica\u00e7\u00f5es que abrangem agricultura, extra\u00e7\u00e3o de petr\u00f3leo, sistemas mar\u00edtimos e engenharia hidr\u00e1ulica. Na agricultura, os produtos FMP equipam m\u00e1quinas essenciais, como cortadores de grama rotativos, varredores de neve, distribuidores de fertilizantes e transportadores de gr\u00e3os. Essa versatilidade demonstra a capacidade da FMP de atender a diversos setores com solu\u00e7\u00f5es de alta qualidade que aumentam a efici\u00eancia e a produtividade.<\/p>\n<p>O compromisso da FMP com a excel\u00eancia em fabrica\u00e7\u00e3o avan\u00e7ada se reflete em seus rigorosos processos de produ\u00e7\u00e3o. Da fase inicial de projeto \u00e0 montagem final, cada produto \u00e9 fabricado para atender aos mais altos padr\u00f5es de qualidade. A empresa utiliza apenas materiais de alta qualidade, como ferro fundido e ligas de alum\u00ednio, garantindo durabilidade e desempenho ideal. T\u00e9cnicas de usinagem de precis\u00e3o, incluindo torneamento e fresamento, s\u00e3o empregadas para fabricar cada componente com precis\u00e3o. Os processos de controle de qualidade da FMP garantem que cada produto tenha um desempenho confi\u00e1vel, com aten\u00e7\u00e3o especial ao alinhamento, lubrifica\u00e7\u00e3o e resist\u00eancia ao desgaste a longo prazo.<\/p>\n<p>Como uma empresa que valoriza a satisfa\u00e7\u00e3o do cliente e a inova\u00e7\u00e3o, a FMP continua a consolidar sua s\u00f3lida reputa\u00e7\u00e3o no fornecimento de produtos de alto desempenho. A empresa est\u00e1 aberta a parcerias e colabora\u00e7\u00f5es globais, oferecendo solu\u00e7\u00f5es personalizadas para atender \u00e0s necessidades espec\u00edficas dos clientes. Para mais informa\u00e7\u00f5es ou para discutir potenciais colabora\u00e7\u00f5es, os clientes podem entrar em contato com a FMP por telefone ou e-mail, refor\u00e7ando o compromisso da empresa com servi\u00e7os excepcionais e solu\u00e7\u00f5es de alta qualidade.<\/p>\n<p><img loading=\"lazy\" decoding=\"async\" class=\"alignnone size-full wp-image-1861\" src=\"https:\/\/fmp-components.com\/wp-content\/uploads\/2024\/12\/Other-Agricultural-Gearboxes.webp\" alt=\"Outras caixas de engrenagens agr\u00edcolas\" width=\"1200\" height=\"1400\" title=\"\" srcset=\"https:\/\/fmp-components.com\/wp-content\/uploads\/2024\/12\/Other-Agricultural-Gearboxes.webp 1200w, https:\/\/fmp-components.com\/wp-content\/uploads\/2024\/12\/Other-Agricultural-Gearboxes-980x1143.webp 980w, https:\/\/fmp-components.com\/wp-content\/uploads\/2024\/12\/Other-Agricultural-Gearboxes-480x560.webp 480w\" sizes=\"(min-width: 0px) and (max-width: 480px) 480px, (min-width: 481px) and (max-width: 980px) 980px, (min-width: 981px) 1200px, 100vw\" \/><\/p>\n<p>Autor: CX<\/p>","protected":false},"excerpt":{"rendered":"<p>Rotary Mower Gearbox TF-26A\u00a0Specifications i N1[rpm] P1[kW] M2[Nm] Shaft Type Input X Y Z 1.84 540 66.0 615 1&#8221; 3\/8 Z6 1&#8221; 3\/8 Z6 Hub connection Y 1.47 540 66.0 770 1&#8221; 3\/8 Z6 1&#8221; 3\/8 Z6 Hub connection Y Features of Rotary Mower Gearbox The gearbox is a vital component of a rotary mower, [&hellip;]<\/p>","protected":false},"featured_media":1942,"comment_status":"open","ping_status":"closed","template":"","meta":{"_et_pb_use_builder":"","_et_pb_old_content":"","_et_gb_content_width":""},"product_brand":[],"product_cat":[51],"product_tag":[],"class_list":{"0":"post-1938","1":"product","2":"type-product","3":"status-publish","4":"has-post-thumbnail","6":"product_cat-rotary-mower-gearbox","8":"first","9":"instock","10":"shipping-taxable","11":"product-type-simple"},"_links":{"self":[{"href":"https:\/\/fmp-components.com\/pt\/wp-json\/wp\/v2\/product\/1938","targetHints":{"allow":["GET"]}}],"collection":[{"href":"https:\/\/fmp-components.com\/pt\/wp-json\/wp\/v2\/product"}],"about":[{"href":"https:\/\/fmp-components.com\/pt\/wp-json\/wp\/v2\/types\/product"}],"replies":[{"embeddable":true,"href":"https:\/\/fmp-components.com\/pt\/wp-json\/wp\/v2\/comments?post=1938"}],"wp:featuredmedia":[{"embeddable":true,"href":"https:\/\/fmp-components.com\/pt\/wp-json\/wp\/v2\/media\/1942"}],"wp:attachment":[{"href":"https:\/\/fmp-components.com\/pt\/wp-json\/wp\/v2\/media?parent=1938"}],"wp:term":[{"taxonomy":"product_brand","embeddable":true,"href":"https:\/\/fmp-components.com\/pt\/wp-json\/wp\/v2\/product_brand?post=1938"},{"taxonomy":"product_cat","embeddable":true,"href":"https:\/\/fmp-components.com\/pt\/wp-json\/wp\/v2\/product_cat?post=1938"},{"taxonomy":"product_tag","embeddable":true,"href":"https:\/\/fmp-components.com\/pt\/wp-json\/wp\/v2\/product_tag?post=1938"}],"curies":[{"name":"wp","href":"https:\/\/api.w.org\/{rel}","templated":true}]}}