{"id":1845,"date":"2024-12-24T06:38:50","date_gmt":"2024-12-24T06:38:50","guid":{"rendered":"https:\/\/fmp-components.com\/?page_id=8"},"modified":"2024-12-24T06:52:40","modified_gmt":"2024-12-24T06:52:40","slug":"post-hole-digger-gearbox-replacement-of-comer-code-t-22f","status":"publish","type":"product","link":"https:\/\/fmp-components.com\/pt\/product\/post-hole-digger-gearbox-replacement-of-comer-code-t-22f\/","title":{"rendered":"Caixa de engrenagens da escavadeira de postes \u2013 Substitui\u00e7\u00e3o do Comer Code T-22F"},"content":{"rendered":"<p>Nossa caixa de engrenagens para escavadeira de postes, projetada especificamente para substituir a m\u00e1quina Comer Code T-22F, foi projetada para atender \u00e0s demandas de diversas aplica\u00e7\u00f5es de perfura\u00e7\u00e3o, garantindo efici\u00eancia e confiabilidade.<\/p>\n<h3>Principais caracter\u00edsticas:<\/h3>\n<ul>\n<li><strong>Alta capacidade de torque<\/strong>: Esta caixa de engrenagens foi projetada para lidar com altos torques de sa\u00edda, transferindo pot\u00eancia de forma eficaz do trator para o sem-fim, para um desempenho ideal de perfura\u00e7\u00e3o em condi\u00e7\u00f5es de solo dif\u00edceis.<\/li>\n<li><strong>Constru\u00e7\u00e3o dur\u00e1vel<\/strong>:Fabricada com materiais premium, nossa caixa de engrenagens oferece resist\u00eancia excepcional e resist\u00eancia ao desgaste, garantindo uma longa vida \u00fatil mesmo sob uso rigoroso.<\/li>\n<li><strong>Engenharia de Precis\u00e3o<\/strong>:Cada unidade \u00e9 meticulosamente usinada para garantir opera\u00e7\u00e3o suave e desempenho preciso, minimizando a perda de energia e melhorando a efici\u00eancia geral.<\/li>\n<li><strong>Design compacto<\/strong>: O tamanho compacto permite f\u00e1cil instala\u00e7\u00e3o e compatibilidade com diversas configura\u00e7\u00f5es de escavadeiras de postes, tornando-a uma escolha vers\u00e1til para diferentes aplica\u00e7\u00f5es.<\/li>\n<li><strong>Compatibilidade Vers\u00e1til<\/strong>: Projetada para se adaptar a uma variedade de tratores e implementos de escava\u00e7\u00e3o, esta caixa de engrenagens \u00e9 adequada para projetos agr\u00edcolas, paisag\u00edsticos e de constru\u00e7\u00e3o.<\/li>\n<li><strong>Sistema de veda\u00e7\u00e3o eficaz<\/strong>: As veda\u00e7\u00f5es integradas evitam que sujeira e umidade entrem na caixa de engrenagens, mantendo a lubrifica\u00e7\u00e3o e prolongando a vida \u00fatil dos componentes internos.<\/li>\n<li><strong>Baixa necessidade de manuten\u00e7\u00e3o<\/strong>: Projetada para durabilidade, esta caixa de engrenagens requer manuten\u00e7\u00e3o m\u00ednima, permitindo que os usu\u00e1rios se concentrem no trabalho sem interrup\u00e7\u00f5es frequentes.<\/li>\n<\/ul>\n<p>Nossa caixa de engrenagens para escavadeira de postes, projetada para substituir a Comer Code T-22F, combina constru\u00e7\u00e3o robusta com engenharia precisa, tornando-a a solu\u00e7\u00e3o perfeita para todas as suas necessidades de perfura\u00e7\u00e3o. Para mais informa\u00e7\u00f5es ou para fazer um pedido, entre em contato conosco hoje mesmo!<\/p>\n<h2>Especifica\u00e7\u00f5es do produto:<\/h2>\n<table style=\"width: 100%;\" border=\"1\" width=\"100%\" cellspacing=\"0\" cellpadding=\"0\">\n<tbody>\n<tr>\n<th>Descri\u00e7\u00e3o<\/th>\n<td>Caixa de engrenagens da escavadeira de postes \u2013 Substitui\u00e7\u00e3o da redu\u00e7\u00e3o de velocidade Comer Code T-22F<\/td>\n<\/tr>\n<tr>\n<th>Aplicativo<\/th>\n<td>Diversas aplica\u00e7\u00f5es (agr\u00edcolas), Cultivadores rotativos multifileiras, Perfurador de furos<\/td>\n<\/tr>\n<tr>\n<th>Consiste em<\/th>\n<td>Caixa de engrenagens<\/td>\n<\/tr>\n<tr>\n<th>Sem \u00f3leo<\/th>\n<td>Informa\u00e7\u00f5es t\u00e9cnicas<\/td>\n<\/tr>\n<tr>\n<th>Cont\u00e9m \u00f3leo<\/th>\n<td>N\u00e3o<\/td>\n<\/tr>\n<tr>\n<th>Capacidade e tipo de \u00f3leo<\/th>\n<td>3.3 GL-5 80W-90 l<\/td>\n<\/tr>\n<tr>\n<th>Arranjo de engrenagens aumentando<\/th>\n<td>23 &#8211; 24<\/td>\n<\/tr>\n<tr>\n<th>Arranjo de engrenagens redutoras<\/th>\n<td>3 &#8211; 4<\/td>\n<\/tr>\n<tr>\n<th>Pot\u00eancia de entrada kW \/ HP aumentando<\/th>\n<td>72,1 \/ 98 kW\/CV<\/td>\n<\/tr>\n<tr>\n<th>Entrada<\/th>\n<td>540 rpm<\/td>\n<\/tr>\n<tr>\n<th>Aumento do eixo de entrada<\/th>\n<td>E<\/td>\n<\/tr>\n<tr>\n<th>Redu\u00e7\u00e3o do eixo de entrada<\/th>\n<td>Z<\/td>\n<\/tr>\n<tr>\n<th>Material da carca\u00e7a<\/th>\n<td>Ferro fundido GG25<\/td>\n<\/tr>\n<tr>\n<th>Pot\u00eancia de entrada KW \/ HP Redu\u00e7\u00e3o<\/th>\n<td>60,4 \/ 82 kW\/CV<\/td>\n<\/tr>\n<tr>\n<th>Torque de sa\u00edda DaNm<\/th>\n<td>199,5 daNm<\/td>\n<\/tr>\n<tr>\n<th>Torque de sa\u00edda DaNm aumentando<\/th>\n<td>64 daNm<\/td>\n<\/tr>\n<tr>\n<th>Intervalo de troca de \u00f3leo<\/th>\n<td>500 horas<\/td>\n<\/tr>\n<tr>\n<th>Propor\u00e7\u00e3o crescente<\/th>\n<td>1 : 1.93<\/td>\n<\/tr>\n<tr>\n<th>Redu\u00e7\u00e3o de Propor\u00e7\u00e3o<\/th>\n<td>1.93 : 1<\/td>\n<\/tr>\n<tr>\n<th>Eixo Y<\/th>\n<td>1 3\/8\u2033 (6) (B)<\/td>\n<\/tr>\n<tr>\n<th>Eixo Z<\/th>\n<td>1 3\/8\u2033 (6) (P)<\/td>\n<\/tr>\n<tr>\n<th>Peso<\/th>\n<td>29 kg<\/td>\n<\/tr>\n<\/tbody>\n<\/table>\n<h2>Sobre a FMP<\/h2>\n<p>A FMP, com sede na It\u00e1lia, \u00e9 l\u00edder em inova\u00e7\u00e3o em pesquisa, desenvolvimento e fabrica\u00e7\u00e3o de uma gama diversificada de redutores, redutores e m\u00e1quinas de engenharia. Nosso compromisso com a excel\u00eancia e a inova\u00e7\u00e3o nos permitiu criar uma extensa linha de produtos que inclui:<\/p>\n<ul>\n<li><strong>Caixas de engrenagens c\u00f4nicas espirais<\/strong><\/li>\n<li><strong>Caixas de engrenagens retas<\/strong><\/li>\n<li><strong>Caixas de engrenagens sem-fim<\/strong><\/li>\n<li><strong>Caixas de engrenagens cil\u00edndricas<\/strong><\/li>\n<li><strong>Corpos e alojamentos de v\u00e1lvulas fundidas de alta press\u00e3o<\/strong><\/li>\n<\/ul>\n<p>Nossos produtos s\u00e3o projetados para uma variedade de aplica\u00e7\u00f5es em diversos setores, incluindo agricultura, constru\u00e7\u00e3o civil e naval. S\u00e3o amplamente utilizados em cortadores de grama agr\u00edcolas, limpa-neves, distribuidores de fertilizantes, transportadores de gr\u00e3os, m\u00e1quinas industriais, equipamentos de extra\u00e7\u00e3o de petr\u00f3leo e sistemas hidr\u00e1ulicos.<\/p>\n<p>Na FMP, orgulhamo-nos da nossa s\u00f3lida experi\u00eancia t\u00e9cnica e capacidade de pesquisa. O nosso compromisso com a produ\u00e7\u00e3o de produtos fi\u00e1veis \u200b\u200be de alta qualidade consolidou-nos como uma marca de confian\u00e7a na ind\u00fastria transformadora. Seguimos uma filosofia empresarial distinta que privilegia a inova\u00e7\u00e3o, a qualidade e a satisfa\u00e7\u00e3o do cliente, permitindo-nos responder eficazmente \u00e0s necessidades em constante evolu\u00e7\u00e3o dos nossos clientes.<\/p>\n<p><img loading=\"lazy\" decoding=\"async\" class=\"alignnone wp-image-1840\" src=\"https:\/\/fmp-components.com\/wp-content\/uploads\/2024\/12\/Post-Hole-Digger-Gearbox-6.webp\" alt=\"Caixa de engrenagens para escavadeira de postes\" width=\"884\" height=\"582\" title=\"\" srcset=\"https:\/\/fmp-components.com\/wp-content\/uploads\/2024\/12\/Post-Hole-Digger-Gearbox-6.webp 884w, https:\/\/fmp-components.com\/wp-content\/uploads\/2024\/12\/Post-Hole-Digger-Gearbox-6-480x316.webp 480w\" sizes=\"(min-width: 0px) and (max-width: 480px) 480px, (min-width: 481px) 884px, 100vw\" \/><\/p>\n<h3>Processo de fabrica\u00e7\u00e3o de caixas de engrenagens agr\u00edcolas<\/h3>\n<p>A produ\u00e7\u00e3o de caixas de engrenagens agr\u00edcolas \u00e9 um processo detalhado que abrange v\u00e1rias etapas principais, cada uma delas visando garantir a mais alta qualidade e desempenho:<\/p>\n<p><strong>Design de produto<\/strong><br \/>\nNa fase inicial, focamos na defini\u00e7\u00e3o de especifica\u00e7\u00f5es, sele\u00e7\u00e3o de materiais e determina\u00e7\u00e3o de dimens\u00f5es adaptadas \u00e0s necessidades espec\u00edficas da aplica\u00e7\u00e3o. Nossa equipe de design colabora estreitamente com os clientes para entender suas necessidades e integrar os mais recentes avan\u00e7os tecnol\u00f3gicos.<\/p>\n<p><strong>Prepara\u00e7\u00e3o de mat\u00e9ria-prima<\/strong><br \/>\nSelecionamos meticulosamente materiais essenciais, principalmente ferro fundido e ligas de alum\u00ednio, garantindo que atendam aos nossos rigorosos padr\u00f5es de qualidade. Cada lote passa por uma inspe\u00e7\u00e3o minuciosa para garantir o desempenho ideal dos nossos produtos.<\/p>\n<p><strong>Usinagem de precis\u00e3o<\/strong><br \/>\nAs mat\u00e9rias-primas s\u00e3o submetidas a opera\u00e7\u00f5es de usinagem de precis\u00e3o, incluindo torneamento e fresamento, para criar engrenagens, eixos e carca\u00e7as com precis\u00e3o excepcional. Nosso maquin\u00e1rio avan\u00e7ado e t\u00e9cnicos qualificados garantem que cada componente seja fabricado com os mais altos padr\u00f5es.<\/p>\n<p><strong>Conjunto<\/strong><br \/>\nDurante a fase de montagem, componentes como engrenagens, rolamentos e eixos s\u00e3o cuidadosamente montados dentro da carca\u00e7a. Esse processo inclui rigorosas verifica\u00e7\u00f5es de precis\u00e3o e calibra\u00e7\u00f5es, al\u00e9m da aplica\u00e7\u00e3o de lubrificantes adequados para garantir uma opera\u00e7\u00e3o suave e eficiente.<\/p>\n<p><strong>Tratamento de Processo<\/strong><br \/>\nPara aumentar a resist\u00eancia e a resist\u00eancia ao desgaste, nossas caixas de engrenagens passam por avan\u00e7ados processos de tratamento t\u00e9rmico. Essa etapa cr\u00edtica garante que nossos produtos possam suportar as demandas de aplica\u00e7\u00f5es desafiadoras.<\/p>\n<p><strong>Tratamento de superf\u00edcie<\/strong><br \/>\nImplementamos tratamentos de superf\u00edcie, como polimento e pintura eletrost\u00e1tica a p\u00f3, para melhorar tanto a est\u00e9tica quanto a resist\u00eancia \u00e0 corros\u00e3o de nossas caixas de engrenagens. Esses tratamentos n\u00e3o apenas aumentam a durabilidade, mas tamb\u00e9m prolongam a vida \u00fatil de nossos produtos em diversos ambientes.<\/p>\n<p><strong>Controle de qualidade<\/strong><br \/>\nInspe\u00e7\u00f5es abrangentes s\u00e3o realizadas em todas as etapas da produ\u00e7\u00e3o, medindo dimens\u00f5es, precis\u00e3o, ru\u00eddo e vibra\u00e7\u00e3o. Esse rigoroso processo de controle de qualidade garante que nossas caixas de engrenagens atendam aos mais rigorosos padr\u00f5es de seguran\u00e7a e desempenho.<\/p>\n<p>No geral, a produ\u00e7\u00e3o de caixas de engrenagens agr\u00edcolas na FMP \u00e9 um empreendimento complexo que exige m\u00e3o de obra qualificada, tecnologia de fabrica\u00e7\u00e3o avan\u00e7ada e um sistema de controle de qualidade abrangente. Nossa abordagem meticulosa garante a entrega de caixas de engrenagens com desempenho e confiabilidade excepcionais, atendendo consistentemente aos altos padr\u00f5es esperados por nossos clientes.<\/p>\n<p>Autor: CX<\/p>","protected":false},"excerpt":{"rendered":"<p>Our Post Hole Digger Gearbox, specifically designed as a replacement for the Comer Code T-22F. This high-performance gearbox is engineered to meet the demands of various drilling applications, ensuring efficiency and reliability. Key Features: High Torque Capability: This gearbox is built to handle high torque outputs, effectively transferring power from the tractor to the auger [&hellip;]<\/p>","protected":false},"featured_media":1846,"comment_status":"open","ping_status":"closed","template":"","meta":{"_et_pb_use_builder":"","_et_pb_old_content":"","_et_gb_content_width":""},"product_brand":[],"product_cat":[50],"product_tag":[],"class_list":{"0":"post-1845","1":"product","2":"type-product","3":"status-publish","4":"has-post-thumbnail","6":"product_cat-post-hole-digger-gearbox","8":"first","9":"instock","10":"shipping-taxable","11":"product-type-simple"},"_links":{"self":[{"href":"https:\/\/fmp-components.com\/pt\/wp-json\/wp\/v2\/product\/1845","targetHints":{"allow":["GET"]}}],"collection":[{"href":"https:\/\/fmp-components.com\/pt\/wp-json\/wp\/v2\/product"}],"about":[{"href":"https:\/\/fmp-components.com\/pt\/wp-json\/wp\/v2\/types\/product"}],"replies":[{"embeddable":true,"href":"https:\/\/fmp-components.com\/pt\/wp-json\/wp\/v2\/comments?post=1845"}],"wp:featuredmedia":[{"embeddable":true,"href":"https:\/\/fmp-components.com\/pt\/wp-json\/wp\/v2\/media\/1846"}],"wp:attachment":[{"href":"https:\/\/fmp-components.com\/pt\/wp-json\/wp\/v2\/media?parent=1845"}],"wp:term":[{"taxonomy":"product_brand","embeddable":true,"href":"https:\/\/fmp-components.com\/pt\/wp-json\/wp\/v2\/product_brand?post=1845"},{"taxonomy":"product_cat","embeddable":true,"href":"https:\/\/fmp-components.com\/pt\/wp-json\/wp\/v2\/product_cat?post=1845"},{"taxonomy":"product_tag","embeddable":true,"href":"https:\/\/fmp-components.com\/pt\/wp-json\/wp\/v2\/product_tag?post=1845"}],"curies":[{"name":"wp","href":"https:\/\/api.w.org\/{rel}","templated":true}]}}