{"id":1843,"date":"2024-12-24T06:35:24","date_gmt":"2024-12-24T06:35:24","guid":{"rendered":"https:\/\/fmp-components.com\/?page_id=8"},"modified":"2024-12-24T06:51:56","modified_gmt":"2024-12-24T06:51:56","slug":"post-hole-digger-gearbox-replacement-of-comer-code-t-290f","status":"publish","type":"product","link":"https:\/\/fmp-components.com\/pt\/product\/post-hole-digger-gearbox-replacement-of-comer-code-t-290f\/","title":{"rendered":"Caixa de engrenagens da escavadeira de postes \u2013 Substitui\u00e7\u00e3o do Comer Code T-290F"},"content":{"rendered":"<p>Nossa caixa de engrenagens para escavadeira de postes, projetada especificamente para substituir a m\u00e1quina Comer Code T-290F, garante desempenho e durabilidade excepcionais para diversas aplica\u00e7\u00f5es de perfura\u00e7\u00e3o.<\/p>\n<h3>Principais caracter\u00edsticas:<\/h3>\n<ul>\n<li><strong>Sa\u00edda de alto torque<\/strong>: Projetada para fornecer torque excepcional, esta caixa de engrenagens transfere efetivamente a pot\u00eancia do trator para o sem-fim, tornando-a ideal para condi\u00e7\u00f5es de solo dif\u00edceis.<\/li>\n<li><strong>Constru\u00e7\u00e3o robusta<\/strong>:Constru\u00edda com materiais de alta qualidade, nossa caixa de engrenagens oferece resist\u00eancia superior e resist\u00eancia ao desgaste, garantindo uma vida \u00fatil duradoura.<\/li>\n<li><strong>Usinagem de precis\u00e3o<\/strong>: Cada unidade \u00e9 fabricada com precis\u00e3o para garantir opera\u00e7\u00e3o suave e desempenho ideal, minimizando a perda de energia durante o uso.<\/li>\n<li><strong>Design compacto<\/strong>: As dimens\u00f5es compactas permitem f\u00e1cil instala\u00e7\u00e3o e compatibilidade com v\u00e1rios sistemas de escava\u00e7\u00e3o de buracos para postes sem adicionar volume extra.<\/li>\n<li><strong>Compatibilidade Vers\u00e1til<\/strong>: Projetado para se adaptar a uma variedade de tratores e implementos de escava\u00e7\u00e3o, tornando-o adequado para diversas aplica\u00e7\u00f5es agr\u00edcolas e de constru\u00e7\u00e3o.<\/li>\n<li><strong>Sistema de veda\u00e7\u00e3o eficaz<\/strong>: As veda\u00e7\u00f5es integradas evitam que contaminantes entrem na caixa de engrenagens, ajudando a manter a lubrifica\u00e7\u00e3o e aumentando a vida \u00fatil dos componentes internos.<\/li>\n<li><strong>Baixos requisitos de manuten\u00e7\u00e3o<\/strong>: Projetada para durabilidade, esta caixa de engrenagens requer manuten\u00e7\u00e3o m\u00ednima, permitindo que os usu\u00e1rios se concentrem em suas tarefas sem tempo de inatividade frequente.<\/li>\n<\/ul>\n<p>Nossa caixa de engrenagens para escavadeira de furos, como substituta da Comer Code T-290F, foi projetada para oferecer alto desempenho e confiabilidade. Com seu design robusto e engenharia precisa, \u00e9 a solu\u00e7\u00e3o ideal para todas as suas necessidades de perfura\u00e7\u00e3o. Para mais informa\u00e7\u00f5es ou para fazer um pedido, entre em contato conosco hoje mesmo!<\/p>\n<h2>Especifica\u00e7\u00f5es do produto:<\/h2>\n<table style=\"width: 100%;\" border=\"1\" width=\"100%\" cellspacing=\"0\" cellpadding=\"0\">\n<tbody>\n<tr>\n<th>Descri\u00e7\u00e3o<\/th>\n<td>Caixa de engrenagens da escavadeira de postes \u2013 Substitui\u00e7\u00e3o do Comer Code T-290F<\/td>\n<\/tr>\n<tr>\n<th>Aplicativo<\/th>\n<td>V\u00e1rias aplica\u00e7\u00f5es (agr\u00edcolas)<\/td>\n<\/tr>\n<tr>\n<th>Consiste em<\/th>\n<td>Caixa de engrenagens<\/td>\n<\/tr>\n<tr>\n<th>Sem \u00f3leo<\/th>\n<td>Informa\u00e7\u00f5es t\u00e9cnicas<\/td>\n<\/tr>\n<tr>\n<th>Pot\u00eancia m\u00e1xima de entrada<\/th>\n<td>66,2 kW<\/td>\n<\/tr>\n<tr>\n<th>Torque m\u00e1ximo de sa\u00edda<\/th>\n<td>1135 nm<\/td>\n<\/tr>\n<tr>\n<th>Cont\u00e9m \u00f3leo<\/th>\n<td>N\u00e3o<\/td>\n<\/tr>\n<tr>\n<th>Capacidade M\u00e1xima de \u00d3leo<\/th>\n<td>2,3 litros<\/td>\n<\/tr>\n<tr>\n<th>Intervalo m\u00e1ximo de troca de \u00f3leo<\/th>\n<td>500 horas<\/td>\n<\/tr>\n<tr>\n<th>Grau de viscosidade SAE do \u00f3leo<\/th>\n<td>80W-90<\/td>\n<\/tr>\n<tr>\n<th>Material da caixa<\/th>\n<td>Ferro fundido GG25<\/td>\n<\/tr>\n<tr>\n<th>Peso<\/th>\n<td>30 kg<\/td>\n<\/tr>\n<tr>\n<th>Arranjo de engrenagens<\/th>\n<td>5 &#8211; 6<\/td>\n<\/tr>\n<tr>\n<th>Raz\u00e3o<\/th>\n<td>1: 1<\/td>\n<\/tr>\n<tr>\n<th>Eixo de entrada<\/th>\n<td>Z<\/td>\n<\/tr>\n<tr>\n<th>Eixo X<\/th>\n<td>1 3\/8\u2033 (6) (A)<\/td>\n<\/tr>\n<tr>\n<th>Eixo Y<\/th>\n<td>1 3\/8\u2033 (6) (A)<\/td>\n<\/tr>\n<tr>\n<th>Eixo Z<\/th>\n<td>1 3\/8\u2033 (6) (B)<\/td>\n<\/tr>\n<\/tbody>\n<\/table>\n<h2>Sobre a FMP<\/h2>\n<p>A FMP, com sede na It\u00e1lia, \u00e9 l\u00edder em pesquisa, desenvolvimento e fabrica\u00e7\u00e3o de uma ampla variedade de redutores, redutores e m\u00e1quinas de engenharia. Comprometidos com a inova\u00e7\u00e3o e a excel\u00eancia, oferecemos uma ampla gama de produtos que inclui:<\/p>\n<ul>\n<li><strong>Caixas de engrenagens c\u00f4nicas espirais<\/strong><\/li>\n<li><strong>Caixas de engrenagens retas<\/strong><\/li>\n<li><strong>Caixas de engrenagens sem-fim<\/strong><\/li>\n<li><strong>Caixas de engrenagens cil\u00edndricas<\/strong><\/li>\n<li><strong>Corpos e alojamentos de v\u00e1lvulas fundidas de alta press\u00e3o<\/strong><\/li>\n<\/ul>\n<p>Nossos produtos s\u00e3o projetados para uma infinidade de aplica\u00e7\u00f5es, atendendo a setores como agricultura, constru\u00e7\u00e3o civil e naval. S\u00e3o comumente utilizados em cortadores de grama agr\u00edcolas, limpa-neves, distribuidores de fertilizantes, transportadores de gr\u00e3os, m\u00e1quinas industriais, equipamentos de extra\u00e7\u00e3o de petr\u00f3leo e sistemas hidr\u00e1ulicos.<\/p>\n<p>Na FMP, orgulhamo-nos da nossa s\u00f3lida capacidade t\u00e9cnica e de pesquisa. A nossa dedica\u00e7\u00e3o inabal\u00e1vel \u00e0 produ\u00e7\u00e3o de produtos fi\u00e1veis \u200b\u200be de alta qualidade posicionou-nos como uma marca respeitada no setor da ind\u00fastria transformadora. Adotamos uma filosofia empresarial \u00fanica que prioriza a inova\u00e7\u00e3o, a qualidade e a satisfa\u00e7\u00e3o do cliente, permitindo-nos adaptar-nos \u00e0s necessidades em constante evolu\u00e7\u00e3o dos nossos clientes.<\/p>\n<p><img loading=\"lazy\" decoding=\"async\" class=\"alignnone wp-image-1840\" src=\"https:\/\/fmp-components.com\/wp-content\/uploads\/2024\/12\/Post-Hole-Digger-Gearbox-6.webp\" alt=\"Caixa de engrenagens para escavadeira de postes\" width=\"884\" height=\"582\" title=\"\" srcset=\"https:\/\/fmp-components.com\/wp-content\/uploads\/2024\/12\/Post-Hole-Digger-Gearbox-6.webp 884w, https:\/\/fmp-components.com\/wp-content\/uploads\/2024\/12\/Post-Hole-Digger-Gearbox-6-480x316.webp 480w\" sizes=\"(min-width: 0px) and (max-width: 480px) 480px, (min-width: 481px) 884px, 100vw\" \/><\/p>\n<h3>Processo de fabrica\u00e7\u00e3o de caixas de engrenagens agr\u00edcolas<\/h3>\n<p>A produ\u00e7\u00e3o de caixas de engrenagens agr\u00edcolas \u00e9 um processo meticuloso que envolve v\u00e1rias etapas cr\u00edticas, cada uma projetada para garantir a mais alta qualidade e desempenho:<\/p>\n<p><strong>Design de produto<\/strong><br \/>\nA fase inicial concentra-se na defini\u00e7\u00e3o de especifica\u00e7\u00f5es, sele\u00e7\u00e3o de materiais e determina\u00e7\u00e3o de dimens\u00f5es adaptadas aos requisitos espec\u00edficos da aplica\u00e7\u00e3o. Nossa equipe de design colabora estreitamente com os clientes para entender suas necessidades e incorporar os mais recentes avan\u00e7os tecnol\u00f3gicos.<\/p>\n<p><strong>Prepara\u00e7\u00e3o de mat\u00e9ria-prima<\/strong><br \/>\nSelecionamos cuidadosamente os materiais essenciais, principalmente ferro fundido e ligas de alum\u00ednio, garantindo que atendam aos nossos rigorosos padr\u00f5es de qualidade. Cada lote \u00e9 cuidadosamente inspecionado antes do uso para garantir o desempenho ideal dos nossos produtos.<\/p>\n<p><strong>Usinagem de precis\u00e3o<\/strong><br \/>\nAs mat\u00e9rias-primas passam por opera\u00e7\u00f5es de usinagem de precis\u00e3o, incluindo torneamento e fresamento, para criar engrenagens, eixos e carca\u00e7as com precis\u00e3o excepcional. Nosso maquin\u00e1rio de \u00faltima gera\u00e7\u00e3o e t\u00e9cnicos qualificados garantem que cada componente seja fabricado com perfei\u00e7\u00e3o.<\/p>\n<p><strong>Conjunto<\/strong><br \/>\nDurante a montagem, componentes como engrenagens, rolamentos e eixos s\u00e3o meticulosamente montados dentro da carca\u00e7a. Essa etapa envolve rigorosas verifica\u00e7\u00f5es de precis\u00e3o e calibra\u00e7\u00f5es, al\u00e9m da aplica\u00e7\u00e3o de lubrificantes adequados para garantir uma opera\u00e7\u00e3o suave e eficiente.<\/p>\n<p><strong>Tratamento de Processo<\/strong><br \/>\nPara aumentar a resist\u00eancia e a resist\u00eancia ao desgaste, as caixas de engrenagens s\u00e3o submetidas a processos avan\u00e7ados de tratamento t\u00e9rmico. Essa etapa cr\u00edtica garante que nossos produtos possam suportar os rigores de aplica\u00e7\u00f5es exigentes.<\/p>\n<p><strong>Tratamento de superf\u00edcie<\/strong><br \/>\nAplicamos tratamentos de superf\u00edcie, como polimento e pintura eletrost\u00e1tica a p\u00f3, melhorando tanto a est\u00e9tica quanto a resist\u00eancia \u00e0 corros\u00e3o das caixas de engrenagens. Isso n\u00e3o s\u00f3 aumenta a durabilidade, como tamb\u00e9m prolonga a vida \u00fatil dos nossos produtos em diversos ambientes.<\/p>\n<p><strong>Controle de qualidade<\/strong><br \/>\nInspe\u00e7\u00f5es abrangentes s\u00e3o realizadas em cada etapa da produ\u00e7\u00e3o, medindo dimens\u00f5es, precis\u00e3o, ru\u00eddo e vibra\u00e7\u00e3o. Esse rigoroso processo de controle de qualidade garante que nossas caixas de engrenagens atendam aos mais rigorosos padr\u00f5es de seguran\u00e7a e desempenho.<\/p>\n<p>No geral, a produ\u00e7\u00e3o de caixas de engrenagens agr\u00edcolas na FMP \u00e9 um empreendimento complexo que exige m\u00e3o de obra qualificada, tecnologia de fabrica\u00e7\u00e3o avan\u00e7ada e um rigoroso sistema de controle de qualidade. Nossa abordagem meticulosa garante a entrega de caixas de engrenagens com desempenho e confiabilidade excepcionais, atendendo aos altos padr\u00f5es esperados por nossos clientes.<\/p>\n<p>Autor: CX<\/p>","protected":false},"excerpt":{"rendered":"<p>Our Post Hole Digger Gearbox, designed specifically as a replacement for the Comer Code T-290F. This gearbox ensures outstanding performance and durability for various drilling applications. Key Features: High Torque Output: Engineered to provide exceptional torque, this gearbox effectively transfers power from the tractor to the auger, making it ideal for tough soil conditions. Robust [&hellip;]<\/p>","protected":false},"featured_media":1844,"comment_status":"open","ping_status":"closed","template":"","meta":{"_et_pb_use_builder":"","_et_pb_old_content":"","_et_gb_content_width":""},"product_brand":[],"product_cat":[15],"product_tag":[],"class_list":{"0":"post-1843","1":"product","2":"type-product","3":"status-publish","4":"has-post-thumbnail","6":"product_cat-uncategorized","8":"first","9":"instock","10":"shipping-taxable","11":"product-type-simple"},"_links":{"self":[{"href":"https:\/\/fmp-components.com\/pt\/wp-json\/wp\/v2\/product\/1843","targetHints":{"allow":["GET"]}}],"collection":[{"href":"https:\/\/fmp-components.com\/pt\/wp-json\/wp\/v2\/product"}],"about":[{"href":"https:\/\/fmp-components.com\/pt\/wp-json\/wp\/v2\/types\/product"}],"replies":[{"embeddable":true,"href":"https:\/\/fmp-components.com\/pt\/wp-json\/wp\/v2\/comments?post=1843"}],"wp:featuredmedia":[{"embeddable":true,"href":"https:\/\/fmp-components.com\/pt\/wp-json\/wp\/v2\/media\/1844"}],"wp:attachment":[{"href":"https:\/\/fmp-components.com\/pt\/wp-json\/wp\/v2\/media?parent=1843"}],"wp:term":[{"taxonomy":"product_brand","embeddable":true,"href":"https:\/\/fmp-components.com\/pt\/wp-json\/wp\/v2\/product_brand?post=1843"},{"taxonomy":"product_cat","embeddable":true,"href":"https:\/\/fmp-components.com\/pt\/wp-json\/wp\/v2\/product_cat?post=1843"},{"taxonomy":"product_tag","embeddable":true,"href":"https:\/\/fmp-components.com\/pt\/wp-json\/wp\/v2\/product_tag?post=1843"}],"curies":[{"name":"wp","href":"https:\/\/api.w.org\/{rel}","templated":true}]}}