{"id":1831,"date":"2024-12-24T05:44:59","date_gmt":"2024-12-24T05:44:59","guid":{"rendered":"https:\/\/fmp-components.com\/?page_id=8"},"modified":"2024-12-24T06:47:52","modified_gmt":"2024-12-24T06:47:52","slug":"75-hp-heavy-duty-post-hole-digger-gearbox-for-3-point-post-hole-digger","status":"publish","type":"product","link":"https:\/\/fmp-components.com\/pt\/product\/75-hp-heavy-duty-post-hole-digger-gearbox-for-3-point-post-hole-digger\/","title":{"rendered":"Caixa de engrenagens para escavadeira de postes de 75 HP para servi\u00e7o pesado para escavadeira de postes de 3 pontos"},"content":{"rendered":"<p><img loading=\"lazy\" decoding=\"async\" class=\"size-full wp-image-1838 aligncenter\" src=\"https:\/\/fmp-components.com\/wp-content\/uploads\/2024\/12\/Heavy-Duty-Post-Hole-Digger-Gearbox-Parts-2.webp\" alt=\"Pe\u00e7as da caixa de engrenagens para perfuradora de solo de alta resist\u00eancia\" width=\"600\" height=\"600\" title=\"\" srcset=\"https:\/\/fmp-components.com\/wp-content\/uploads\/2024\/12\/Heavy-Duty-Post-Hole-Digger-Gearbox-Parts-2.webp 600w, https:\/\/fmp-components.com\/wp-content\/uploads\/2024\/12\/Heavy-Duty-Post-Hole-Digger-Gearbox-Parts-2-480x480.webp 480w\" sizes=\"(min-width: 0px) and (max-width: 480px) 480px, (min-width: 481px) 600px, 100vw\" \/><\/p>\n<h2>Dimens\u00f5es da caixa de engrenagens da perfuradora de solo para servi\u00e7o pesado de 75 HP<\/h2>\n<p><img loading=\"lazy\" decoding=\"async\" class=\"alignnone size-full wp-image-1832\" src=\"https:\/\/fmp-components.com\/wp-content\/uploads\/2024\/12\/Post-Hole-Digger-Gearbox-1.webp\" alt=\"Caixa de engrenagens para escavadeira de postes\" width=\"1012\" height=\"872\" title=\"\" srcset=\"https:\/\/fmp-components.com\/wp-content\/uploads\/2024\/12\/Post-Hole-Digger-Gearbox-1.webp 1012w, https:\/\/fmp-components.com\/wp-content\/uploads\/2024\/12\/Post-Hole-Digger-Gearbox-1-980x844.webp 980w, https:\/\/fmp-components.com\/wp-content\/uploads\/2024\/12\/Post-Hole-Digger-Gearbox-1-480x414.webp 480w\" sizes=\"(min-width: 0px) and (max-width: 480px) 480px, (min-width: 481px) and (max-width: 980px) 980px, (min-width: 981px) 1012px, 100vw\" \/><\/p>\n<h2>Especifica\u00e7\u00f5es do produto:<\/h2>\n<div><span class=\"Apple-style-span\">Esta caixa de engrenagens para perfurador de solo \u00e9 uma caixa de engrenagens de \u00e2ngulo reto de 75 cavalos de pot\u00eancia, usada em diversos acess\u00f3rios para perfuradores de solo. Esta caixa de engrenagens refor\u00e7ada para perfuradores de solo \u00e9 uma substituta direta para v\u00e1rias marcas. Basta verificar as medidas da sua para garantir a compatibilidade.<\/span><\/div>\n<p>\u2013 Classifica\u00e7\u00e3o de 75 HP<\/p>\n<p>\u2013 Inclui Guardas<\/p>\n<p>\u2013 Propor\u00e7\u00e3o 3:1<\/p>\n<p>\u2013 Eixo de entrada redondo de 1-1\/4\u2033 com furo de montagem de 3\/8\u2033<\/p>\n<p>\u2013 Eixo de sa\u00edda redondo de 2\" com dois furos de 1\/2\" para montagem de brocas<\/p>\n<p>\u2013 Pino de montagem de 7\/8\u2033, 7-1\/2\u2033 de comprimento<\/p>\n<p>\u2013 Orelhas de montagem com 5-3\/8\u2033 de di\u00e2metro interno e 6-5\/8\u2033 de di\u00e2metro externo.<\/p>\n<p>\u2013 Tinta preta dur\u00e1vel<\/p>\n<p>\u2013 75 libras<\/p>\n<p>\u2013 Enviado sem \u00f3leo (\u00f3leo de engrenagem 80W-90)<\/p>\n<p><img loading=\"lazy\" decoding=\"async\" class=\"alignnone size-full wp-image-1836\" src=\"https:\/\/fmp-components.com\/wp-content\/uploads\/2024\/12\/Post-Hole-Digger-Gearbox-3.webp\" alt=\"Caixa de engrenagens para escavadeira de postes\" width=\"1278\" height=\"752\" title=\"\" srcset=\"https:\/\/fmp-components.com\/wp-content\/uploads\/2024\/12\/Post-Hole-Digger-Gearbox-3.webp 1278w, https:\/\/fmp-components.com\/wp-content\/uploads\/2024\/12\/Post-Hole-Digger-Gearbox-3-980x577.webp 980w, https:\/\/fmp-components.com\/wp-content\/uploads\/2024\/12\/Post-Hole-Digger-Gearbox-3-480x282.webp 480w\" sizes=\"(min-width: 0px) and (max-width: 480px) 480px, (min-width: 481px) and (max-width: 980px) 980px, (min-width: 981px) 1278px, 100vw\" \/><\/p>\n<h2>Pe\u00e7as da caixa de engrenagens da perfuradora de solo de 75 HP para servi\u00e7o pesado<\/h2>\n<p>A caixa de engrenagens para perfurador de solo de 75 HP para servi\u00e7o pesado \u00e9 um componente robusto projetado para atender aos altos requisitos de torque para perfura\u00e7\u00e3o em solos dif\u00edceis. Abaixo est\u00e3o as principais pe\u00e7as desta caixa de engrenagens:<\/p>\n<p>Carca\u00e7a da caixa de engrenagens: A carca\u00e7a da caixa de engrenagens oferece prote\u00e7\u00e3o e suporte estrutural para os componentes internos. Normalmente fabricada com materiais dur\u00e1veis, como ferro fundido ou a\u00e7o, ela \u00e9 projetada para suportar os rigores das opera\u00e7\u00f5es de perfura\u00e7\u00e3o pesada.<\/p>\n<p>Eixo de entrada: Conectado ao eixo da tomada de for\u00e7a (TDF) do trator, o eixo de entrada transfere a pot\u00eancia rotacional do motor do trator para a caixa de engrenagens. Ele serve como acionador principal da caixa de engrenagens, iniciando o processo de semeadura.<\/p>\n<p>Engrenagens: Dentro da caixa de engrenagens, uma s\u00e9rie de engrenagens transmite a pot\u00eancia do eixo de entrada para o eixo de sa\u00edda, ajustando o torque e a velocidade. Essas engrenagens s\u00e3o meticulosamente projetadas para fornecer a amplifica\u00e7\u00e3o de torque necess\u00e1ria para uma perfura\u00e7\u00e3o eficaz em diversos tipos de solo.<\/p>\n<p>Eixo de sa\u00edda: O eixo de sa\u00edda recebe a pot\u00eancia das engrenagens e a transmite \u00e0 broca de perfura\u00e7\u00e3o. Ao girar a broca, este eixo facilita a cria\u00e7\u00e3o de furos de plantio na profundidade e di\u00e2metro necess\u00e1rios.<\/p>\n<p>Rolamentos: Os rolamentos suportam os eixos e engrenagens dentro da caixa de engrenagens, garantindo uma rota\u00e7\u00e3o suave com o m\u00ednimo de atrito. Rolamentos de alta qualidade s\u00e3o cruciais para manter a efici\u00eancia e a longevidade da caixa de engrenagens, especialmente sob cargas pesadas durante a opera\u00e7\u00e3o cont\u00ednua.<\/p>\n<p>Retentores: Os retentores s\u00e3o essenciais para impedir a entrada de sujeira, umidade e outros contaminantes na carca\u00e7a da caixa de engrenagens e no sistema de lubrifica\u00e7\u00e3o. Ao manter a integridade da caixa de engrenagens, esses retentores ajudam a evitar o desgaste prematuro ou danos aos componentes internos.<\/p>\n<p><img loading=\"lazy\" decoding=\"async\" class=\"alignnone size-full wp-image-1837\" src=\"https:\/\/fmp-components.com\/wp-content\/uploads\/2024\/12\/Post-Hole-Digger-Gearbox-48.webp\" alt=\"Caixa de engrenagens para escavadeira de postes\" width=\"2560\" height=\"1920\" title=\"\" srcset=\"https:\/\/fmp-components.com\/wp-content\/uploads\/2024\/12\/Post-Hole-Digger-Gearbox-48.webp 2560w, https:\/\/fmp-components.com\/wp-content\/uploads\/2024\/12\/Post-Hole-Digger-Gearbox-48-1280x960.webp 1280w, https:\/\/fmp-components.com\/wp-content\/uploads\/2024\/12\/Post-Hole-Digger-Gearbox-48-980x735.webp 980w, https:\/\/fmp-components.com\/wp-content\/uploads\/2024\/12\/Post-Hole-Digger-Gearbox-48-480x360.webp 480w\" sizes=\"(min-width: 0px) and (max-width: 480px) 480px, (min-width: 481px) and (max-width: 980px) 980px, (min-width: 981px) and (max-width: 1280px) 1280px, (min-width: 1281px) 2560px, 100vw\" \/><\/p>\n<h2>Caracter\u00edsticas da caixa de engrenagens da perfuradora de solo de 75 HP para servi\u00e7o pesado<\/h2>\n<p>A caixa de engrenagens para perfuradora de solo de 75 HP para servi\u00e7o pesado foi projetada para oferecer desempenho e durabilidade ideais em aplica\u00e7\u00f5es de perfura\u00e7\u00e3o exigentes. Aqui est\u00e3o suas principais caracter\u00edsticas:<\/p>\n<h3>1. Alta capacidade de torque<\/h3>\n<p>Projetada para suportar altas demandas de torque, esta caixa de engrenagens transfere a pot\u00eancia de forma eficiente para perfura\u00e7\u00e3o em solos dif\u00edceis, garantindo uma opera\u00e7\u00e3o eficaz.<\/p>\n<h3>2. Constru\u00e7\u00e3o Robusta<\/h3>\n<p>Fabricada com materiais dur\u00e1veis, como ferro fundido ou a\u00e7o, a carca\u00e7a da caixa de engrenagens oferece excelente integridade estrutural e resist\u00eancia ao desgaste.<\/p>\n<h3>3. Engrenagens de Precis\u00e3o<\/h3>\n<p>A caixa de engrenagens possui engrenagens projetadas com precis\u00e3o para otimizar o torque e a velocidade, permitindo uma perfura\u00e7\u00e3o eficiente e adaptando-se a diferentes tipos de solo.<\/p>\n<h3>4. Transfer\u00eancia de energia eficiente<\/h3>\n<p>Com um eixo de entrada confi\u00e1vel conectado \u00e0 tomada de for\u00e7a (TDF) do trator, a caixa de c\u00e2mbio facilita a transfer\u00eancia suave de pot\u00eancia do motor do trator, melhorando o desempenho geral.<\/p>\n<h3>5. Maior longevidade<\/h3>\n<p>Rolamentos de alta qualidade minimizam o atrito e o desgaste, contribuindo para a longevidade da caixa de engrenagens, mesmo sob cargas pesadas cont\u00ednuas.<\/p>\n<h3>6. Sistema de Veda\u00e7\u00e3o Eficaz<\/h3>\n<p>As veda\u00e7\u00f5es s\u00e3o integradas para proteger os componentes internos contra sujeira e umidade, ajudando a manter a lubrifica\u00e7\u00e3o e a evitar danos prematuros.<\/p>\n<h3>7. Aplica\u00e7\u00e3o vers\u00e1til<\/h3>\n<p>Adequada para diversas condi\u00e7\u00f5es de solo, esta caixa de engrenagens \u00e9 ideal para aplica\u00e7\u00f5es agr\u00edcolas, paisag\u00edsticas e de constru\u00e7\u00e3o, tornando-se uma escolha vers\u00e1til para cavar buracos para postes.<\/p>\n<h3>8. Manuten\u00e7\u00e3o f\u00e1cil<\/h3>\n<p>O design permite uma manuten\u00e7\u00e3o descomplicada, garantindo que os usu\u00e1rios possam acessar facilmente os componentes para inspe\u00e7\u00f5es e servi\u00e7os.<\/p>\n<p>Essas caracter\u00edsticas fazem da caixa de engrenagens da perfuradora de solo de 75 HP para servi\u00e7o pesado uma escolha confi\u00e1vel para profissionais que necessitam de solu\u00e7\u00f5es de perfura\u00e7\u00e3o eficientes e dur\u00e1veis.<\/p>\n<p><img loading=\"lazy\" decoding=\"async\" class=\"alignnone size-full wp-image-1839\" src=\"https:\/\/fmp-components.com\/wp-content\/uploads\/2024\/12\/Post-Hole-Digger-Gearbox-5.webp\" alt=\"Pe\u00e7as da caixa de engrenagens para perfuradora de solo de alta resist\u00eancia\" width=\"1282\" height=\"642\" title=\"\" srcset=\"https:\/\/fmp-components.com\/wp-content\/uploads\/2024\/12\/Post-Hole-Digger-Gearbox-5.webp 1282w, https:\/\/fmp-components.com\/wp-content\/uploads\/2024\/12\/Post-Hole-Digger-Gearbox-5-1280x641.webp 1280w, https:\/\/fmp-components.com\/wp-content\/uploads\/2024\/12\/Post-Hole-Digger-Gearbox-5-980x491.webp 980w, https:\/\/fmp-components.com\/wp-content\/uploads\/2024\/12\/Post-Hole-Digger-Gearbox-5-480x240.webp 480w\" sizes=\"(min-width: 0px) and (max-width: 480px) 480px, (min-width: 481px) and (max-width: 980px) 980px, (min-width: 981px) and (max-width: 1280px) 1280px, (min-width: 1281px) 1282px, 100vw\" \/><\/p>\n<h2>Sobre a FMP<\/h2>\n<p>A FMP, com sede na It\u00e1lia, dedica-se \u00e0 pesquisa, desenvolvimento e fabrica\u00e7\u00e3o de uma ampla gama de caixas de engrenagens, redutores e m\u00e1quinas de engenharia. Nosso portf\u00f3lio de produtos inclui:<\/p>\n<ul>\n<li><strong>Caixas de engrenagens c\u00f4nicas espirais<\/strong><\/li>\n<li><strong>Caixas de engrenagens retas<\/strong><\/li>\n<li><strong>Caixas de engrenagens sem-fim<\/strong><\/li>\n<li><strong>Caixas de engrenagens cil\u00edndricas<\/strong><\/li>\n<li><strong>Corpos e alojamentos de v\u00e1lvulas fundidas de alta press\u00e3o<\/strong><\/li>\n<\/ul>\n<p>Esses produtos atendem a diversas aplica\u00e7\u00f5es, incluindo cortadores de grama agr\u00edcolas, limpa-neves, distribuidores de fertilizantes, transportadores de gr\u00e3os, equipamentos industriais, m\u00e1quinas para extra\u00e7\u00e3o de petr\u00f3leo, equipamentos para a ind\u00fastria naval e componentes hidr\u00e1ulicos para engenharia.<\/p>\n<p>Na FMP, orgulhamo-nos das nossas s\u00f3lidas capacidades t\u00e9cnicas e de pesquisa. O nosso compromisso com a produ\u00e7\u00e3o de produtos confi\u00e1veis \u200b\u200be de alta qualidade valeu-nos uma reputa\u00e7\u00e3o estelar no setor de manufatura. Adotamos uma filosofia de neg\u00f3cios singular que enfatiza a inova\u00e7\u00e3o, a qualidade e a satisfa\u00e7\u00e3o do cliente, garantindo que atendemos \u00e0s necessidades em constante evolu\u00e7\u00e3o dos nossos clientes.<\/p>\n<p><img loading=\"lazy\" decoding=\"async\" class=\"alignnone wp-image-1840\" src=\"https:\/\/fmp-components.com\/wp-content\/uploads\/2024\/12\/Post-Hole-Digger-Gearbox-6.webp\" alt=\"Caixa de engrenagens para escavadeira de postes\" width=\"884\" height=\"582\" title=\"\" srcset=\"https:\/\/fmp-components.com\/wp-content\/uploads\/2024\/12\/Post-Hole-Digger-Gearbox-6.webp 884w, https:\/\/fmp-components.com\/wp-content\/uploads\/2024\/12\/Post-Hole-Digger-Gearbox-6-480x316.webp 480w\" sizes=\"(min-width: 0px) and (max-width: 480px) 480px, (min-width: 481px) 884px, 100vw\" \/><\/p>\n<h3>Processo de fabrica\u00e7\u00e3o de caixas de engrenagens agr\u00edcolas<\/h3>\n<p>O processo de produ\u00e7\u00e3o de caixas de engrenagens agr\u00edcolas \u00e9 complexo e envolve v\u00e1rias etapas importantes:<\/p>\n<ol>\n<li><strong>Design de produto<\/strong>Esta fase inicial inclui a sele\u00e7\u00e3o das especifica\u00e7\u00f5es, materiais e dimens\u00f5es da caixa de engrenagens para atender aos requisitos espec\u00edficos da aplica\u00e7\u00e3o.<\/li>\n<li><strong>Prepara\u00e7\u00e3o de mat\u00e9ria-prima<\/strong>Preparamos os materiais essenciais, predominantemente ferro fundido ou liga de alum\u00ednio, garantindo que atendam aos nossos rigorosos padr\u00f5es de qualidade.<\/li>\n<li><strong>Usinagem de precis\u00e3o<\/strong>As mat\u00e9rias-primas passam por usinagem de precis\u00e3o, que inclui torneamento, fresagem e outras opera\u00e7\u00f5es, para fabricar engrenagens, eixos e carca\u00e7as com alta precis\u00e3o.<\/li>\n<li><strong>Conjunto<\/strong>Componentes como engrenagens, rolamentos e eixos s\u00e3o meticulosamente montados dentro da carca\u00e7a. Durante esta etapa, verificamos e calibramos a precis\u00e3o e aplicamos os lubrificantes adequados para garantir um funcionamento suave.<\/li>\n<li><strong>Tratamento de Processo<\/strong>As caixas de engrenagens s\u00e3o submetidas a tratamento t\u00e9rmico, o que aumenta sua resist\u00eancia e durabilidade, garantindo um desempenho prolongado.<\/li>\n<li><strong>Tratamento de superf\u00edcie<\/strong>Implementamos tratamentos de superf\u00edcie, como polimento e pintura eletrost\u00e1tica a p\u00f3, para melhorar tanto o apelo est\u00e9tico quanto a resist\u00eancia \u00e0 corros\u00e3o das caixas de engrenagens.<\/li>\n<li><strong>Controle de qualidade<\/strong>S\u00e3o realizadas inspe\u00e7\u00f5es de qualidade rigorosas, medindo dimens\u00f5es, precis\u00e3o, ru\u00eddo e vibra\u00e7\u00e3o para garantir que nossas caixas de engrenagens atendam aos padr\u00f5es de seguran\u00e7a e desempenho.<\/li>\n<\/ol>\n<p>De forma geral, a produ\u00e7\u00e3o de caixas de engrenagens agr\u00edcolas \u00e9 um processo complexo que exige m\u00e3o de obra qualificada, equipamentos de fabrica\u00e7\u00e3o avan\u00e7ados e um sistema abrangente de controle de qualidade. Essa abordagem meticulosa garante que nossas caixas de engrenagens ofere\u00e7am desempenho e confiabilidade excepcionais.<\/p>\n<p>Autor: CX<\/p>","protected":false},"excerpt":{"rendered":"<p>75 HP Heavy Duty Post Hole Digger Gearbox Dimensions Product Specifications: This post hole digger gearbox is a 75 horsepower, right angle gearbox used on many post hole digger attachments. This heavy duty post hole digger gearbox is a direct replacement for a number of manufacturers. Just check the measurements on yours to make sure [&hellip;]<\/p>","protected":false},"featured_media":1833,"comment_status":"open","ping_status":"closed","template":"","meta":{"_et_pb_use_builder":"","_et_pb_old_content":"","_et_gb_content_width":""},"product_brand":[],"product_cat":[50],"product_tag":[],"class_list":{"0":"post-1831","1":"product","2":"type-product","3":"status-publish","4":"has-post-thumbnail","6":"product_cat-post-hole-digger-gearbox","8":"first","9":"instock","10":"shipping-taxable","11":"product-type-simple"},"_links":{"self":[{"href":"https:\/\/fmp-components.com\/pt\/wp-json\/wp\/v2\/product\/1831","targetHints":{"allow":["GET"]}}],"collection":[{"href":"https:\/\/fmp-components.com\/pt\/wp-json\/wp\/v2\/product"}],"about":[{"href":"https:\/\/fmp-components.com\/pt\/wp-json\/wp\/v2\/types\/product"}],"replies":[{"embeddable":true,"href":"https:\/\/fmp-components.com\/pt\/wp-json\/wp\/v2\/comments?post=1831"}],"wp:featuredmedia":[{"embeddable":true,"href":"https:\/\/fmp-components.com\/pt\/wp-json\/wp\/v2\/media\/1833"}],"wp:attachment":[{"href":"https:\/\/fmp-components.com\/pt\/wp-json\/wp\/v2\/media?parent=1831"}],"wp:term":[{"taxonomy":"product_brand","embeddable":true,"href":"https:\/\/fmp-components.com\/pt\/wp-json\/wp\/v2\/product_brand?post=1831"},{"taxonomy":"product_cat","embeddable":true,"href":"https:\/\/fmp-components.com\/pt\/wp-json\/wp\/v2\/product_cat?post=1831"},{"taxonomy":"product_tag","embeddable":true,"href":"https:\/\/fmp-components.com\/pt\/wp-json\/wp\/v2\/product_tag?post=1831"}],"curies":[{"name":"wp","href":"https:\/\/api.w.org\/{rel}","templated":true}]}}