{"id":1701,"date":"2024-12-23T07:01:59","date_gmt":"2024-12-23T07:01:59","guid":{"rendered":"https:\/\/fmp-components.com\/product\/factory-customized-trailer-hydraulic-cylinder-for-dump-truck\/"},"modified":"2025-03-11T06:06:40","modified_gmt":"2025-03-11T06:06:40","slug":"factory-customized-trailer-hydraulic-cylinder-for-dump-truck","status":"publish","type":"product","link":"https:\/\/fmp-components.com\/pt\/product\/factory-customized-trailer-hydraulic-cylinder-for-dump-truck\/","title":{"rendered":"Cilindro hidr\u00e1ulico para reboque personalizado de f\u00e1brica para caminh\u00e3o basculante"},"content":{"rendered":"<h2>Apresentamos o cilindro hidr\u00e1ulico para reboque de caminh\u00e3o basculante, personalizado de f\u00e1brica:<\/h2>\n<p>O cilindro hidr\u00e1ulico personalizado de f\u00e1brica para caminh\u00f5es basculantes \u00e9 um componente hidr\u00e1ulico de alta qualidade e efici\u00eancia, projetado especificamente para caminh\u00f5es basculantes. Com seus recursos avan\u00e7ados e constru\u00e7\u00e3o robusta, este cilindro hidr\u00e1ulico desempenha um papel vital na opera\u00e7\u00e3o suave dos caminh\u00f5es basculantes durante o processo de descarga.<\/p>\n<p>Principais caracter\u00edsticas:<br \/>\n1. Personaliza\u00e7\u00e3o: O cilindro hidr\u00e1ulico para reboque, personalizado de f\u00e1brica, pode ser fabricado sob medida para atender aos requisitos espec\u00edficos de diferentes modelos e tamanhos de caminh\u00f5es basculantes. Isso garante um encaixe perfeito e desempenho ideal.<br \/>\n2. Durabilidade: Constru\u00eddo com engenharia de precis\u00e3o e materiais de alta qualidade, este cilindro hidr\u00e1ulico foi projetado para suportar cargas pesadas, ambientes agressivos e uso prolongado.<br \/>\n3. Pot\u00eancia e Efici\u00eancia: O cilindro hidr\u00e1ulico proporciona uma for\u00e7a de eleva\u00e7\u00e3o excepcional, permitindo que os caminh\u00f5es basculantes levantem e inclinem cargas pesadas sem esfor\u00e7o para um descarregamento eficiente. Isso melhora a produtividade e reduz o tempo de inatividade.<br \/>\n4. Seguran\u00e7a: Equipado com mecanismos de seguran\u00e7a confi\u00e1veis, como v\u00e1lvulas de al\u00edvio de press\u00e3o e prote\u00e7\u00e3o contra sobrecarga, o cilindro hidr\u00e1ulico garante a seguran\u00e7a tanto dos operadores quanto do ambiente circundante durante a opera\u00e7\u00e3o.<br \/>\n5. Manuten\u00e7\u00e3o f\u00e1cil: O cilindro hidr\u00e1ulico para reboques, personalizado de f\u00e1brica, foi projetado para facilitar a manuten\u00e7\u00e3o e o servi\u00e7o, minimizando o tempo de inatividade e reduzindo os custos operacionais.<\/p>\n<p>Seja para uso na constru\u00e7\u00e3o civil, minera\u00e7\u00e3o ou outras ind\u00fastrias que exigem o descarregamento frequente de materiais, o Cilindro Hidr\u00e1ulico Personalizado de F\u00e1brica para Caminh\u00e3o Basculante \u00e9 um componente confi\u00e1vel e indispens\u00e1vel. Ele aprimora o desempenho e a produtividade dos caminh\u00f5es basculantes, tornando-os ferramentas essenciais para qualquer opera\u00e7\u00e3o pesada.<\/p>\n<p>Escolha o cilindro hidr\u00e1ulico para reboque personalizado de f\u00e1brica para caminh\u00e3o basculante e experimente os benef\u00edcios de seu desempenho impec\u00e1vel, durabilidade e efici\u00eancia.<\/p>\n<h2>Cilindro hidr\u00e1ulico para reboque personalizado de f\u00e1brica para caminh\u00e3o basculante<\/h2>\n<p>Apresentamos o Cilindro Hidr\u00e1ulico Personalizado de F\u00e1brica para Reboques de Caminh\u00f5es Basculantes. Este produto inovador foi desenvolvido especificamente para atender \u00e0s suas necessidades em m\u00e1quinas de fabrica\u00e7\u00e3o, reparo, agricultura, energia e minera\u00e7\u00e3o. Com 1 ano de garantia, voc\u00ea pode ter certeza de que este cilindro hidr\u00e1ulico proporcionar\u00e1 um desempenho excepcional. Os principais componentes deste produto, como rolamentos e o cilindro do pist\u00e3o, tamb\u00e9m s\u00e3o cobertos pela garantia de 1 ano. Este robusto cilindro hidr\u00e1ulico, fabricado em a\u00e7o, foi projetado como um cilindro de pist\u00e3o padr\u00e3o e utiliza energia hidr\u00e1ulica. Equipado com cilindros telesc\u00f3picos invertidos, ele pode fornecer um empuxo m\u00e1ximo de 3000 e uma for\u00e7a de tra\u00e7\u00e3o m\u00e1xima de 20 toneladas. Certificado pela ISO 9001:2000, este cilindro hidr\u00e1ulico \u00e9 personaliz\u00e1vel em rela\u00e7\u00e3o ao di\u00e2metro do furo, di\u00e2metro da haste, curso, di\u00e2metro do pino e cor.<\/p>\n<h2>Caracter\u00edsticas do Cilindro Hidr\u00e1ulico Personalizado para Reboque<\/h2>\n<p><img decoding=\"async\" src=\"https:\/\/hzpt.com\/wp-content\/uploads\/2023\/11\/Inverted-Telescopic-Cylinder-4.webp\" alt=\"\" title=\"\"><\/p>\n<ol>\n<li>Pot\u00eancia hidr\u00e1ulica: Este cilindro hidr\u00e1ulico utiliza energia hidr\u00e1ulica, proporcionando desempenho confi\u00e1vel e consistente.<\/li>\n<li>Material da estrutura: A\u00e7o. A estrutura \u00e9 feita de a\u00e7o, garantindo durabilidade e robustez.<\/li>\n<li>Empuxo e tra\u00e7\u00e3o m\u00e1ximos: Pode fornecer um empuxo m\u00e1ximo de 3000 e uma tra\u00e7\u00e3o m\u00e1xima de 20 toneladas, oferecendo pot\u00eancia suficiente para as opera\u00e7\u00f5es.<\/li>\n<li>Certifica\u00e7\u00e3o ISO9001:2000: Este produto possui certifica\u00e7\u00e3o ISO9001:2000, garantindo aos clientes sua qualidade e confiabilidade.<\/li>\n<li>Personaliz\u00e1vel: Este cilindro hidr\u00e1ulico pode ser personalizado em termos de di\u00e2metro, di\u00e2metro da haste, curso, di\u00e2metro do pino e cor para atender a requisitos espec\u00edficos.<\/li>\n<\/ol>\n<h2>Aplica\u00e7\u00f5es do Cilindro Hidr\u00e1ulico Personalizado para Reboques<\/h2>\n<ol>\n<li>F\u00e1brica: Este cilindro hidr\u00e1ulico \u00e9 adequado para uso em f\u00e1bricas.<\/li>\n<li>Oficinas de Reparo de M\u00e1quinas: Pode ser utilizado em oficinas de reparo de m\u00e1quinas para diversas atividades de reparo e manuten\u00e7\u00e3o.<\/li>\n<li>Fazendas: Este cilindro hidr\u00e1ulico pode ser usado em fazendas para diversas opera\u00e7\u00f5es agr\u00edcolas.<\/li>\n<li>Energia e Minera\u00e7\u00e3o: Pode ser utilizado na ind\u00fastria de energia e minera\u00e7\u00e3o para diversas opera\u00e7\u00f5es de grande porte.<\/li>\n<li>Fabrica\u00e7\u00e3o de m\u00e1quinas: Este cilindro hidr\u00e1ulico tamb\u00e9m \u00e9 ideal para uso na fabrica\u00e7\u00e3o de m\u00e1quinas.<\/li>\n<\/ol>\n<p><img decoding=\"async\" src=\"https:\/\/hzpt.com\/wp-content\/uploads\/2023\/11\/Inverted-Telescopic-Cylinder-Applications.webp\" alt=\"Aplica\u00e7\u00f5es de Cilindros Hidr\u00e1ulicos\" title=\"\"><\/p>\n<h2>Princ\u00edpio de funcionamento do cilindro hidr\u00e1ulico personalizado para reboques<\/h2>\n<ol>\n<li>Configura\u00e7\u00e3o: O cilindro hidr\u00e1ulico \u00e9 configurado com um pist\u00e3o e um cilindro preenchidos com fluido hidr\u00e1ulico.<\/li>\n<li>Entrada de fluido hidr\u00e1ulico: O fluido hidr\u00e1ulico \u00e9 bombeado para dentro do cilindro, criando press\u00e3o e impulsionando o pist\u00e3o para que ele se mova.<\/li>\n<li>For\u00e7a de sa\u00edda: Este movimento do pist\u00e3o fornece a for\u00e7a de sa\u00edda que \u00e9 usada para realizar a opera\u00e7\u00e3o desejada.<\/li>\n<li>M\u00e9todos de manuten\u00e7\u00e3o: Inspe\u00e7\u00e3o regular, limpeza, lubrifica\u00e7\u00e3o, reparos peri\u00f3dicos, substitui\u00e7\u00e3o de veda\u00e7\u00f5es e seguimento do manual do operador s\u00e3o os principais m\u00e9todos de manuten\u00e7\u00e3o para este cilindro hidr\u00e1ulico.<\/li>\n<\/ol>\n<p><img decoding=\"async\" src=\"https:\/\/hzpt.com\/wp-content\/uploads\/2023\/11\/Inverted-Telescopic-Cylinder-22.webp\" alt=\"\" title=\"\"><\/p>\n<h2>Cilindro Telesc\u00f3pico Invertido<\/h2>\n<p>O cilindro hidr\u00e1ulico personalizado de f\u00e1brica para caminh\u00f5es basculantes \u00e9 um tipo de cilindro telesc\u00f3pico invertido projetado especificamente para uso em caminh\u00f5es basculantes. Este cilindro hidr\u00e1ulico inovador \u00e9 amplamente utilizado na ind\u00fastria da constru\u00e7\u00e3o civil, proporcionando excepcional capacidade de eleva\u00e7\u00e3o e estabilidade para cargas pesadas. Neste artigo, exploraremos as caracter\u00edsticas e os princ\u00edpios de funcionamento deste not\u00e1vel cilindro hidr\u00e1ulico.<\/p>\n<h3>Caracter\u00edsticas:<\/h3>\n<p>1. Projeto em M\u00faltiplas Etapas:<\/p>\n<p>O cilindro hidr\u00e1ulico personalizado de f\u00e1brica para caminh\u00f5es basculantes apresenta um design de m\u00faltiplos est\u00e1gios, que permite maior capacidade de eleva\u00e7\u00e3o e curso. Este cilindro \u00e9 composto por m\u00faltiplos est\u00e1gios telesc\u00f3picos que se estendem e retraem para proporcionar desempenho de eleva\u00e7\u00e3o ideal. Cada est\u00e1gio \u00e9 cuidadosamente projetado para suportar cargas pesadas e garantir uma opera\u00e7\u00e3o suave.<\/p>\n<p>2. Configura\u00e7\u00e3o Invertida:<\/p>\n<p>Diferentemente dos cilindros hidr\u00e1ulicos tradicionais, o cilindro telesc\u00f3pico invertido \u00e9 projetado com a haste do pist\u00e3o estendendo-se para baixo. Essa configura\u00e7\u00e3o invertida oferece diversas vantagens, incluindo maior estabilidade, menor necessidade de manuten\u00e7\u00e3o e maior seguran\u00e7a. Ao posicionar a haste do pist\u00e3o na parte inferior, o cilindro resiste melhor \u00e0s cargas laterais e \u00e0s for\u00e7as exercidas durante o processo de basculamento.<\/p>\n<p>3. Personaliza\u00e7\u00e3o de f\u00e1brica:<\/p>\n<p>O cilindro hidr\u00e1ulico personalizado de f\u00e1brica para caminh\u00f5es basculantes \u00e9 projetado para atender \u00e0s necessidades espec\u00edficas de aplica\u00e7\u00f5es em caminh\u00f5es basculantes. O cilindro pode ser personalizado em termos de dimens\u00f5es, op\u00e7\u00f5es de montagem e materiais para garantir uma integra\u00e7\u00e3o perfeita com o sistema hidr\u00e1ulico do caminh\u00e3o. Essa capacidade de personaliza\u00e7\u00e3o permite o desempenho ideal e a longevidade do cilindro nas exigentes condi\u00e7\u00f5es de opera\u00e7\u00e3o de caminh\u00f5es basculantes.<\/p>\n<h3>Princ\u00edpios de funcionamento:<\/h3>\n<p>Quando o caminh\u00e3o basculante precisa descarregar sua carga, o sistema hidr\u00e1ulico aciona o cilindro hidr\u00e1ulico personalizado de f\u00e1brica para reboques. A seguir, uma descri\u00e7\u00e3o detalhada do princ\u00edpio de funcionamento do cilindro:<\/p>\n<p>1. Etapa de extens\u00e3o:<\/p>\n<p>\u00c0 medida que o fluido hidr\u00e1ulico \u00e9 bombeado para o cilindro, ele entra primeiro na c\u00e2mara do est\u00e1gio menor. A press\u00e3o aumenta, fazendo com que o pist\u00e3o se mova para fora. Este est\u00e1gio de extens\u00e3o permite que o cilindro aumente gradualmente seu comprimento, fornecendo a for\u00e7a de eleva\u00e7\u00e3o inicial.<\/p>\n<p>2. Etapas Sequenciais:<\/p>\n<p>Assim que o est\u00e1gio menor estiver totalmente estendido, o fluido hidr\u00e1ulico continua a fluir para o pr\u00f3ximo est\u00e1gio maior. Esse processo sequencial se repete para cada est\u00e1gio do cilindro, com o fluido preenchendo gradualmente cada c\u00e2mara e estendendo ainda mais o pist\u00e3o. Os est\u00e1gios sequenciais do cilindro telesc\u00f3pico invertido permitem um aumento significativo na capacidade de eleva\u00e7\u00e3o, mantendo um design compacto.<\/p>\n<p>3. Est\u00e1gio de Retra\u00e7\u00e3o:<\/p>\n<p>Quando chega a hora de retrair o cilindro, o sistema hidr\u00e1ulico inverte o fluxo de fluido. A retra\u00e7\u00e3o come\u00e7a pelo est\u00e1gio maior, esvaziando gradualmente as c\u00e2maras e permitindo que o pist\u00e3o se retraia. A retra\u00e7\u00e3o sequencial dos est\u00e1gios garante uma descida controlada e suave da ca\u00e7amba do caminh\u00e3o basculante.<\/p>\n<p>O cilindro hidr\u00e1ulico personalizado de f\u00e1brica para caminh\u00f5es basculantes \u00e9 um componente vital que permite opera\u00e7\u00f5es de basculamento eficientes em caminh\u00f5es pesados. Seu design inovador, aliado \u00e0 personaliza\u00e7\u00e3o de f\u00e1brica, garante desempenho e durabilidade ideais. Seja em um pequeno canteiro de obras ou em uma grande opera\u00e7\u00e3o de minera\u00e7\u00e3o, este cilindro hidr\u00e1ulico fornece a pot\u00eancia e a confiabilidade necess\u00e1rias para lidar com cargas exigentes.<\/p>\n<h3>Sobre a FMP<\/h3>\n<p>A FMP \u00e9 uma empresa especializada na produ\u00e7\u00e3o e comercializa\u00e7\u00e3o de Cilindros Hidr\u00e1ulicos. Com sede na It\u00e1lia, contamos com muitos anos de experi\u00eancia no setor de m\u00e1quinas para constru\u00e7\u00e3o e uma equipe dedicada de profissionais. Oferecemos Cilindros Hidr\u00e1ulicos de alta qualidade e confiabilidade, al\u00e9m de uma ampla gama de pe\u00e7as para m\u00e1quinas para constru\u00e7\u00e3o e solu\u00e7\u00f5es completas para m\u00e1quinas.<\/p>\n<p>Aqui est\u00e3o 5 raz\u00f5es pelas quais voc\u00ea deve escolher a FMP:<\/p>\n<ol>\n<li>Ampla gama de produtos: Fornecemos diversos tipos de cilindros hidr\u00e1ulicos, incluindo cilindros do tipo manilha ajust\u00e1vel, cilindros telesc\u00f3picos, cilindros soldados e muito mais. Nossa diversificada linha de produtos garante que possamos atender \u00e0s necessidades espec\u00edficas de nossos clientes.<\/li>\n<li>Componentes de alta qualidade: Todos os nossos Cilindros Hidr\u00e1ulicos s\u00e3o fabricados com componentes de alta qualidade para garantir durabilidade e desempenho. Trabalhamos em estreita colabora\u00e7\u00e3o com fornecedores de alta qualidade para manter rigorosos padr\u00f5es de qualidade.<\/li>\n<li>Equipe de Vendas Especializada: Nossa experiente equipe de vendas possui amplo conhecimento no setor de m\u00e1quinas para constru\u00e7\u00e3o e compreende as necessidades em constante evolu\u00e7\u00e3o dos nossos clientes. Eles podem oferecer consultoria profissional sobre produtos e sugest\u00f5es inteligentes de compra.<\/li>\n<li>Log\u00edstica Eficiente: Possu\u00edmos um sistema de distribui\u00e7\u00e3o log\u00edstica eficiente para garantir a entrega pontual e precisa das pe\u00e7as necess\u00e1rias aos nossos clientes. Voc\u00ea pode contar conosco para cumprir os prazos do seu projeto.<\/li>\n<li>Compromisso com a satisfa\u00e7\u00e3o do cliente: Na FMP, a satisfa\u00e7\u00e3o do cliente \u00e9 nossa principal prioridade. Nos esfor\u00e7amos para oferecer um servi\u00e7o de excel\u00eancia em todas as etapas, desde a sele\u00e7\u00e3o do produto at\u00e9 o suporte p\u00f3s-venda. O seu sucesso \u00e9 o nosso sucesso.<\/li>\n<\/ol>\n<p><img decoding=\"async\" src=\"https:\/\/fmp-components.com\/wp-content\/uploads\/2024\/12\/Adjustable-Clevis-Type-Cylinders-6.webp\" alt=\"Cilindro tipo manilha ajust\u00e1vel\" width=\"852\" title=\"\"><\/p>\n<p>Autor: CX<\/p>","protected":false},"excerpt":{"rendered":"<p>Introducing the Factory Customized Trailer Hydraulic Cylinder for Dump Truck: The Factory Customized Trailer Hydraulic Cylinder for Dump Truck is a high-quality and efficient hydraulic component specially designed for dump trucks. With its advanced features and robust construction, this hydraulic cylinder plays a vital role in the smooth operation of dump trucks during the unloading [&hellip;]<\/p>","protected":false},"featured_media":1702,"comment_status":"closed","ping_status":"closed","template":"","meta":{"_et_pb_use_builder":"","_et_pb_old_content":"","_et_gb_content_width":""},"product_brand":[],"product_cat":[45],"product_tag":[34,48],"class_list":{"0":"post-1701","1":"product","2":"type-product","3":"status-publish","4":"has-post-thumbnail","6":"product_cat-inverted-telescopic-cylinder","7":"product_tag-hydraulic-cylinder","8":"product_tag-inverted-telescopic-cylinder","10":"first","11":"instock","12":"product-type-simple"},"_links":{"self":[{"href":"https:\/\/fmp-components.com\/pt\/wp-json\/wp\/v2\/product\/1701","targetHints":{"allow":["GET"]}}],"collection":[{"href":"https:\/\/fmp-components.com\/pt\/wp-json\/wp\/v2\/product"}],"about":[{"href":"https:\/\/fmp-components.com\/pt\/wp-json\/wp\/v2\/types\/product"}],"replies":[{"embeddable":true,"href":"https:\/\/fmp-components.com\/pt\/wp-json\/wp\/v2\/comments?post=1701"}],"wp:featuredmedia":[{"embeddable":true,"href":"https:\/\/fmp-components.com\/pt\/wp-json\/wp\/v2\/media\/1702"}],"wp:attachment":[{"href":"https:\/\/fmp-components.com\/pt\/wp-json\/wp\/v2\/media?parent=1701"}],"wp:term":[{"taxonomy":"product_brand","embeddable":true,"href":"https:\/\/fmp-components.com\/pt\/wp-json\/wp\/v2\/product_brand?post=1701"},{"taxonomy":"product_cat","embeddable":true,"href":"https:\/\/fmp-components.com\/pt\/wp-json\/wp\/v2\/product_cat?post=1701"},{"taxonomy":"product_tag","embeddable":true,"href":"https:\/\/fmp-components.com\/pt\/wp-json\/wp\/v2\/product_tag?post=1701"}],"curies":[{"name":"wp","href":"https:\/\/api.w.org\/{rel}","templated":true}]}}