{"id":1695,"date":"2024-12-23T07:01:59","date_gmt":"2024-12-23T07:01:59","guid":{"rendered":"https:\/\/fmp-components.com\/product\/factory-direct-sale-10-ton-dump-truck-hydraulic-cylinder-double-acting-hydraulic-cylinder\/"},"modified":"2025-03-11T06:06:28","modified_gmt":"2025-03-11T06:06:28","slug":"factory-direct-sale-10-ton-dump-truck-hydraulic-cylinder-double-acting-hydraulic-cylinder","status":"publish","type":"product","link":"https:\/\/fmp-components.com\/pt\/product\/factory-direct-sale-10-ton-dump-truck-hydraulic-cylinder-double-acting-hydraulic-cylinder\/","title":{"rendered":"Venda direta da f\u00e1brica Cilindro hidr\u00e1ulico de dupla a\u00e7\u00e3o para caminh\u00e3o basculante de 10 toneladas"},"content":{"rendered":"<p>Cilindro hidr\u00e1ulico de dupla a\u00e7\u00e3o para caminh\u00f5es basculantes de 10 toneladas, venda direta da f\u00e1brica. O cilindro hidr\u00e1ulico de dupla a\u00e7\u00e3o \u00e9 um cilindro hidr\u00e1ulico de \u00faltima gera\u00e7\u00e3o, projetado para uso em caminh\u00f5es basculantes. Com seu design de dupla a\u00e7\u00e3o, este cilindro pode ser usado em uma variedade de aplica\u00e7\u00f5es, incluindo eleva\u00e7\u00e3o e abaixamento de cargas pesadas, proporcionando controle suave e preciso em ambas as dire\u00e7\u00f5es.<\/p>\n<p><img decoding=\"async\" src=\"https:\/\/hzpt.com\/wp-content\/uploads\/2023\/11\/Inverted-Telescopic-Cylinder-4.webp\" alt=\"\" title=\"\"><\/p>\n<p>Fabricado com precis\u00e3o e cuidado, este cilindro hidr\u00e1ulico apresenta resist\u00eancia e durabilidade superiores, tornando-o uma escolha confi\u00e1vel para aplica\u00e7\u00f5es pesadas. O cilindro possui uma constru\u00e7\u00e3o em a\u00e7o de alta resist\u00eancia e foi projetado para suportar temperaturas extremas e condi\u00e7\u00f5es de trabalho adversas, garantindo desempenho e longevidade ideais.<\/p>\n<p>O design avan\u00e7ado do cilindro tamb\u00e9m inclui uma s\u00e9rie de recursos inovadores, como hastes de pist\u00e3o usinadas com precis\u00e3o, veda\u00e7\u00f5es de alta qualidade e sistemas hidr\u00e1ulicos avan\u00e7ados, todos trabalhando juntos para oferecer desempenho, efici\u00eancia e confiabilidade excepcionais.<\/p>\n<table style=\"width: 100%;\" border=\"1\" width=\"100%\" cellspacing=\"0\" cellpadding=\"0\">\n<tbody>\n<tr>\n<th>Nome do produto<\/th>\n<td>Cilindro hidr\u00e1ulico para caminh\u00e3o basculante de 10 toneladas<\/td>\n<\/tr>\n<tr>\n<th>Doen\u00e7a<\/th>\n<td>Novo<\/td>\n<\/tr>\n<tr>\n<th>Tipo<\/th>\n<td>Cilindro Hidr\u00e1ulico de Dupla A\u00e7\u00e3o<\/td>\n<\/tr>\n<tr>\n<th>Estrutura<\/th>\n<td>Cilindro de pist\u00e3o padr\u00e3o<\/td>\n<\/tr>\n<tr>\n<th>Fonte de energia<\/th>\n<td>Fluido Hidr\u00e1ulico<\/td>\n<\/tr>\n<tr>\n<th>Projeto<\/th>\n<td>Telesc\u00f3pico Invertido<\/td>\n<\/tr>\n<tr>\n<th>Material<\/th>\n<td>A\u00e7o dur\u00e1vel<\/td>\n<\/tr>\n<tr>\n<th>Impulso m\u00e1ximo<\/th>\n<td>3000<\/td>\n<\/tr>\n<tr>\n<th>Puxada M\u00e1xima<\/th>\n<td>20 toneladas<\/td>\n<\/tr>\n<tr>\n<th>Tamanho do furo<\/th>\n<td>2 a 6 polegadas<\/td>\n<\/tr>\n<tr>\n<th>Tamanho da haste<\/th>\n<td>1,125 \u2013 4 polegadas<\/td>\n<\/tr>\n<tr>\n<th>Tamanho do tra\u00e7o<\/th>\n<td>6 \u2013 48 polegadas<\/td>\n<\/tr>\n<tr>\n<th>Tamanho do pino<\/th>\n<td>0,5 \u2013 2 polegadas<\/td>\n<\/tr>\n<tr>\n<th>Certifica\u00e7\u00e3o<\/th>\n<td>ISO 9001:2000<\/td>\n<\/tr>\n<tr>\n<th>Cor<\/th>\n<td>Preto elegante<\/td>\n<\/tr>\n<tr>\n<th>Garantia<\/th>\n<td>1 ano<\/td>\n<\/tr>\n<tr>\n<th>Componentes principais<\/th>\n<td>Rolamento, Cilindro de \u00cambolo<\/td>\n<\/tr>\n<\/tbody>\n<\/table>\n<h2>Caracter\u00edsticas do cilindro hidr\u00e1ulico do caminh\u00e3o basculante de 10 toneladas<\/h2>\n<p>Este cilindro hidr\u00e1ulico possui uma s\u00e9rie de caracter\u00edsticas impressionantes:<\/p>\n<ol>\n<li>Dupla A\u00e7\u00e3o: Isso significa que ele pode realizar opera\u00e7\u00f5es hidr\u00e1ulicas em duas dire\u00e7\u00f5es, proporcionando maior flexibilidade e efici\u00eancia.<\/li>\n<li>Design telesc\u00f3pico invertido: este design permite um curso mais longo, o que aumenta a efici\u00eancia geral e a versatilidade do cilindro.<\/li>\n<li>Alto empuxo e tra\u00e7\u00e3o m\u00e1ximos: com um empuxo m\u00e1ximo de 3.000 e uma tra\u00e7\u00e3o m\u00e1xima de 20 toneladas, este cilindro \u00e9 capaz de lidar com cargas pesadas com facilidade.<\/li>\n<li>Material dur\u00e1vel: feito de a\u00e7o, este cilindro \u00e9 robusto e constru\u00eddo para durar, garantindo confiabilidade e desempenho a longo prazo.<\/li>\n<li>Garantia de um ano: Este produto vem com garantia de um ano, oferecendo tranquilidade e prote\u00e7\u00e3o para seu investimento.<\/li>\n<\/ol>\n<h2>Aplica\u00e7\u00f5es do cilindro hidr\u00e1ulico de caminh\u00e3o basculante de 10 toneladas<\/h2>\n<p>Gra\u00e7as ao seu design robusto e versatilidade, este cilindro hidr\u00e1ulico \u00e9 adequado para uma ampla gama de aplica\u00e7\u00f5es:<\/p>\n<ol>\n<li>Plantas de fabrica\u00e7\u00e3o: usadas para opera\u00e7\u00e3o de m\u00e1quinas pesadas e movimenta\u00e7\u00e3o de materiais.<\/li>\n<li>Oficinas de reparo de m\u00e1quinas: essenciais para tarefas de reparo e manuten\u00e7\u00e3o que exigem eleva\u00e7\u00e3o ou movimenta\u00e7\u00e3o de pe\u00e7as pesadas de m\u00e1quinas.<\/li>\n<li>Fazendas: Usado em diversas m\u00e1quinas agr\u00edcolas para tarefas como levantar, empurrar e puxar.<\/li>\n<li>Energia e Minera\u00e7\u00e3o: Usado em equipamentos para escava\u00e7\u00e3o, perfura\u00e7\u00e3o e extra\u00e7\u00e3o de recursos.<\/li>\n<li>Fabrica\u00e7\u00e3o de M\u00e1quinas: Integral para montagem e desmontagem de m\u00e1quinas e equipamentos de grande porte.<\/li>\n<\/ol>\n<p><img decoding=\"async\" src=\"https:\/\/hzpt.com\/wp-content\/uploads\/2023\/11\/Inverted-Telescopic-Cylinder-Applications.webp\" alt=\"Aplica\u00e7\u00f5es de Cilindro Telesc\u00f3pico Invertido\" title=\"\"><\/p>\n<h2>Princ\u00edpio de funcionamento e m\u00e9todos de manuten\u00e7\u00e3o<\/h2>\n<p>O cilindro hidr\u00e1ulico opera com base em um princ\u00edpio simples, por\u00e9m eficaz. O fluido hidr\u00e1ulico \u00e9 bombeado para dentro do cilindro, o que cria press\u00e3o. Essa press\u00e3o atua sobre o pist\u00e3o, fazendo com que ele se mova e gere for\u00e7a de sa\u00edda. O design de dupla a\u00e7\u00e3o permite que o fluido seja bombeado em ambas as dire\u00e7\u00f5es, permitindo que o pist\u00e3o se mova para frente e para tr\u00e1s.<\/p>\n<p>Quanto \u00e0 manuten\u00e7\u00e3o, \u00e9 crucial:<\/p>\n<ol>\n<li style=\"list-style-type: none;\">\n<ol>\n<li>Inspecione regularmente o cilindro para verificar se h\u00e1 sinais de desgaste, danos ou vazamentos.<\/li>\n<li>Limpe o cilindro regularmente para evitar o ac\u00famulo de sujeira e detritos.<\/li>\n<li>Lubrifique as pe\u00e7as m\u00f3veis para reduzir o atrito e o desgaste.<\/li>\n<li>Realize inspe\u00e7\u00f5es e reparos regulares para detectar e corrigir problemas precocemente.<\/li>\n<li>Substitua as veda\u00e7\u00f5es conforme necess\u00e1rio para evitar vazamentos e manter o desempenho ideal.<\/li>\n<li>Siga o manual do operador para obter diretrizes e cronogramas espec\u00edficos de manuten\u00e7\u00e3o.<\/li>\n<\/ol>\n<\/li>\n<\/ol>\n<p><img decoding=\"async\" src=\"https:\/\/hzpt.com\/wp-content\/uploads\/2023\/11\/Inverted-Telescopic-Cylinder-8.webp\" alt=\"\" title=\"\"><\/p>\n<h2>Cilindro Telesc\u00f3pico Invertido<\/h2>\n<p>Um cilindro telesc\u00f3pico invertido, tamb\u00e9m conhecido como cilindro telesc\u00f3pico de simples a\u00e7\u00e3o, \u00e9 um atuador hidr\u00e1ulico composto por v\u00e1rios est\u00e1gios aninhados, com cada est\u00e1gio retra\u00eddo para dentro do est\u00e1gio maior. Esses cilindros s\u00e3o comumente utilizados em diversas aplica\u00e7\u00f5es pesadas, como caminh\u00f5es basculantes, guindastes e escavadeiras.<\/p>\n<h3>Caracter\u00edsticas do Cilindro Telesc\u00f3pico Invertido<\/h3>\n<p>A seguir est\u00e3o algumas das principais caracter\u00edsticas dos cilindros telesc\u00f3picos invertidos:<\/p>\n<ul>\n<li>Grandes tra\u00e7os com menor comprimento retra\u00eddo<\/li>\n<li>Utiliza\u00e7\u00e3o altamente eficiente do espa\u00e7o, tornando-os ideais para m\u00e1quinas com espa\u00e7o limitado<\/li>\n<li>Alta resist\u00eancia e durabilidade, devido ao uso de materiais de alta qualidade, como a\u00e7o cromado<\/li>\n<li>Pode suportar altas cargas e fornecer desempenho consistente, mesmo em condi\u00e7\u00f5es adversas<\/li>\n<\/ul>\n<h3>Princ\u00edpio de funcionamento do cilindro telesc\u00f3pico invertido<\/h3>\n<p>Quando a press\u00e3o \u00e9 aplicada \u00e0 haste do pist\u00e3o, ela se estende para fora do cilindro, fazendo com que os est\u00e1gios aninhados tamb\u00e9m se estendam. Essa extens\u00e3o continua at\u00e9 que a haste do pist\u00e3o atinja o final do seu curso. O cilindro se retrai quando a press\u00e3o \u00e9 liberada, e os est\u00e1gios aninhados se retraem de volta para o cilindro maior.<\/p>\n<p>A haste do pist\u00e3o de um cilindro telesc\u00f3pico invertido \u00e9 normalmente fixada na extremidade do est\u00e1gio menor. O pist\u00e3o est\u00e1 localizado dentro do est\u00e1gio maior, e o fluido hidr\u00e1ulico \u00e9 normalmente alimentado por uma porta na base do cilindro.<\/p>\n<h3>Aplica\u00e7\u00f5es do Cilindro Telesc\u00f3pico Invertido<\/h3>\n<p>Cilindros telesc\u00f3picos invertidos s\u00e3o comumente usados \u200b\u200bem caminh\u00f5es basculantes, que requerem cilindros hidr\u00e1ulicos para levantar e inclinar a ca\u00e7amba para descarga. Esses cilindros tamb\u00e9m s\u00e3o usados \u200b\u200bem equipamentos de constru\u00e7\u00e3o, como escavadeiras, para controlar o movimento da lan\u00e7a e do bra\u00e7o.<\/p>\n<p>O cilindro hidr\u00e1ulico de dupla a\u00e7\u00e3o \u00e9 outro tipo de cilindro hidr\u00e1ulico que pode ser usado em uma variedade de aplica\u00e7\u00f5es pesadas. Cilindro hidr\u00e1ulico de dupla a\u00e7\u00e3o para caminh\u00e3o basculante de 10 toneladas, venda direta da f\u00e1brica. O cilindro hidr\u00e1ulico de dupla a\u00e7\u00e3o \u00e9 uma solu\u00e7\u00e3o ideal quando o atuador precisa se mover para frente e para tr\u00e1s, como no caso de uma prensa hidr\u00e1ulica ou um elevador. Esses cilindros consistem em um pist\u00e3o que pode se mover em ambas as dire\u00e7\u00f5es, com fluido hidr\u00e1ulico sendo alimentado em ambos os lados do pist\u00e3o para controlar seu movimento.<\/p>\n<p>O cilindro telesc\u00f3pico invertido \u00e9 um componente essencial em diversas aplica\u00e7\u00f5es pesadas, incluindo caminh\u00f5es basculantes e equipamentos de constru\u00e7\u00e3o. Esses cilindros oferecem uma maneira confi\u00e1vel e eficiente de controlar o movimento de m\u00e1quinas pesadas, proporcionando desempenho consistente mesmo em condi\u00e7\u00f5es adversas. Ao compreender como esses cilindros funcionam e suas aplica\u00e7\u00f5es, os fabricantes podem tomar decis\u00f5es informadas sobre qual tipo de atuador hidr\u00e1ulico usar para suas necessidades espec\u00edficas.<\/p>\n<p><img decoding=\"async\" src=\"https:\/\/hzpt.com\/wp-content\/uploads\/2023\/11\/Inverted-Telescopic-Cylinder-Manufacturers.webp\" alt=\"F\u00e1brica de m\u00e1quinas hidr\u00e1ulicas HZPT\" title=\"\"><\/p>\n<h3>Sobre a FMP<\/h3>\n<p>A FMP \u00e9 uma empresa especializada na produ\u00e7\u00e3o e comercializa\u00e7\u00e3o de Cilindros Hidr\u00e1ulicos. Com foco no fornecimento de pe\u00e7as de m\u00e1quinas de constru\u00e7\u00e3o de alta qualidade e solu\u00e7\u00f5es completas para m\u00e1quinas, nos consolidamos como um parceiro confi\u00e1vel no setor. Com sede na It\u00e1lia, nossos muitos anos de experi\u00eancia e equipe profissional garantem que oferecemos aos clientes produtos e servi\u00e7os de alta qualidade.<\/p>\n<p><strong>Nossa linha de produtos:<\/strong><\/p>\n<ol>\n<li><strong>Caixas de engrenagens para m\u00e1quinas agr\u00edcolas:<\/strong> Oferecemos uma ampla variedade de caixas de engrenagens projetadas especificamente para m\u00e1quinas agr\u00edcolas. Essas caixas de engrenagens s\u00e3o dur\u00e1veis \u200b\u200be eficientes, permitindo uma opera\u00e7\u00e3o suave e confi\u00e1vel.<\/li>\n<li><strong>Cilindros Hidr\u00e1ulicos:<\/strong> Nossos cilindros hidr\u00e1ulicos s\u00e3o fabricados de acordo com os mais altos padr\u00f5es para proporcionar desempenho e durabilidade superiores. S\u00e3o projetados para suportar cargas pesadas e condi\u00e7\u00f5es operacionais adversas, garantindo efici\u00eancia e confiabilidade ideais.<\/li>\n<li><strong>Caixas de engrenagens planet\u00e1rias:<\/strong> Fornecemos redutores planet\u00e1rios projetados para precis\u00e3o e durabilidade. Esses redutores oferecem alta capacidade de torque e opera\u00e7\u00e3o suave, tornando-os ideais para diversas aplica\u00e7\u00f5es no setor de m\u00e1quinas de constru\u00e7\u00e3o.<\/li>\n<li><strong>Caixas de engrenagens industriais:<\/strong> Nossa linha de redutores industriais foi projetada para atender \u00e0s diversas necessidades de diferentes setores. Esses redutores s\u00e3o conhecidos por sua confiabilidade, efici\u00eancia e longa vida \u00fatil.<\/li>\n<li><strong>Pe\u00e7as e acess\u00f3rios para m\u00e1quinas agr\u00edcolas:<\/strong> Al\u00e9m de caixas de engrenagens e cilindros hidr\u00e1ulicos, tamb\u00e9m oferecemos uma linha completa de pe\u00e7as e acess\u00f3rios para m\u00e1quinas agr\u00edcolas. Esses componentes s\u00e3o cuidadosamente selecionados para garantir compatibilidade e desempenho ideal.<\/li>\n<\/ol>\n<p><strong>Vantagens da nossa empresa:<\/strong><\/p>\n<ol>\n<li><strong>Padr\u00f5es de qualidade rigorosos:<\/strong> Estabelecemos relacionamentos est\u00e1veis \u200b\u200be de longo prazo com fornecedores de alta qualidade, tanto no mercado nacional quanto internacional. Isso nos permite garantir que todas as pe\u00e7as que fornecemos atendam aos mais rigorosos padr\u00f5es de qualidade.<\/li>\n<li><strong>Equipe de vendas experiente:<\/strong> Nossa equipe de vendas possui amplo conhecimento sobre as tend\u00eancias de desenvolvimento e as necessidades dos clientes no setor de m\u00e1quinas para constru\u00e7\u00e3o. Eles oferecem consultoria profissional sobre produtos e sugest\u00f5es de compra inteligentes para ajudar os clientes a tomar decis\u00f5es informadas.<\/li>\n<li><strong>Distribui\u00e7\u00e3o Log\u00edstica Eficiente:<\/strong> Contamos com um sistema de distribui\u00e7\u00e3o log\u00edstica eficiente, garantindo que os clientes recebam as pe\u00e7as necess\u00e1rias com pontualidade e precis\u00e3o. Isso permite tempo de inatividade m\u00ednimo e m\u00e1xima produtividade.<\/li>\n<li><strong>Servi\u00e7o confi\u00e1vel:<\/strong> Priorizamos a satisfa\u00e7\u00e3o do cliente e nos esfor\u00e7amos para oferecer um servi\u00e7o de excel\u00eancia em todos os momentos. Nossa equipe dedicada est\u00e1 sempre pronta para responder a quaisquer d\u00favidas ou preocupa\u00e7\u00f5es, garantindo uma experi\u00eancia tranquila e sem complica\u00e7\u00f5es para nossos clientes.<\/li>\n<li><strong>Melhoria Cont\u00ednua:<\/strong> Estamos comprometidos com a melhoria cont\u00ednua e em nos manter atualizados com os \u00faltimos avan\u00e7os do setor. Isso nos permite oferecer solu\u00e7\u00f5es inovadoras e manter nossa posi\u00e7\u00e3o como um fornecedor confi\u00e1vel de pe\u00e7as e m\u00e1quinas completas para m\u00e1quinas de constru\u00e7\u00e3o.<\/li>\n<\/ol>\n<p><img decoding=\"async\" src=\"https:\/\/fmp-components.com\/wp-content\/uploads\/2024\/12\/Adjustable-Clevis-Type-Cylinders-6.webp\" alt=\"Cilindro tipo manilha ajust\u00e1vel\" width=\"849\" title=\"\"><br \/>\nAutor: CX<\/p>","protected":false},"excerpt":{"rendered":"<p>Factory Direct Sale 10 Ton Dump Truck Hydraulic Cylinder Double Acting Hydraulic Cylinder is a top-of-the-line hydraulic cylinder designed for use in dump trucks. With its double-acting design, this cylinder can be used in a variety of applications, including lifting and lowering heavy loads, providing smooth and precise control in both directions. Crafted with precision [&hellip;]<\/p>","protected":false},"featured_media":1696,"comment_status":"closed","ping_status":"closed","template":"","meta":{"_et_pb_use_builder":"","_et_pb_old_content":"","_et_gb_content_width":""},"product_brand":[],"product_cat":[45],"product_tag":[34,48],"class_list":{"0":"post-1695","1":"product","2":"type-product","3":"status-publish","4":"has-post-thumbnail","6":"product_cat-inverted-telescopic-cylinder","7":"product_tag-hydraulic-cylinder","8":"product_tag-inverted-telescopic-cylinder","10":"first","11":"instock","12":"product-type-simple"},"_links":{"self":[{"href":"https:\/\/fmp-components.com\/pt\/wp-json\/wp\/v2\/product\/1695","targetHints":{"allow":["GET"]}}],"collection":[{"href":"https:\/\/fmp-components.com\/pt\/wp-json\/wp\/v2\/product"}],"about":[{"href":"https:\/\/fmp-components.com\/pt\/wp-json\/wp\/v2\/types\/product"}],"replies":[{"embeddable":true,"href":"https:\/\/fmp-components.com\/pt\/wp-json\/wp\/v2\/comments?post=1695"}],"wp:featuredmedia":[{"embeddable":true,"href":"https:\/\/fmp-components.com\/pt\/wp-json\/wp\/v2\/media\/1696"}],"wp:attachment":[{"href":"https:\/\/fmp-components.com\/pt\/wp-json\/wp\/v2\/media?parent=1695"}],"wp:term":[{"taxonomy":"product_brand","embeddable":true,"href":"https:\/\/fmp-components.com\/pt\/wp-json\/wp\/v2\/product_brand?post=1695"},{"taxonomy":"product_cat","embeddable":true,"href":"https:\/\/fmp-components.com\/pt\/wp-json\/wp\/v2\/product_cat?post=1695"},{"taxonomy":"product_tag","embeddable":true,"href":"https:\/\/fmp-components.com\/pt\/wp-json\/wp\/v2\/product_tag?post=1695"}],"curies":[{"name":"wp","href":"https:\/\/api.w.org\/{rel}","templated":true}]}}