{"id":1683,"date":"2024-12-23T07:01:59","date_gmt":"2024-12-23T07:01:59","guid":{"rendered":"https:\/\/fmp-components.com\/product\/factory-direct-sale-10-ton-hydraulic-cylinder-telescopic-hydraulic-cylinder-for-dump-truck\/"},"modified":"2025-03-11T06:03:41","modified_gmt":"2025-03-11T06:03:41","slug":"factory-direct-sale-10-ton-hydraulic-cylinder-telescopic-hydraulic-cylinder-for-dump-truck","status":"publish","type":"product","link":"https:\/\/fmp-components.com\/pt\/product\/factory-direct-sale-10-ton-hydraulic-cylinder-telescopic-hydraulic-cylinder-for-dump-truck\/","title":{"rendered":"Venda direta de f\u00e1brica Cilindro hidr\u00e1ulico telesc\u00f3pico de 10 toneladas para caminh\u00e3o basculante"},"content":{"rendered":"<h2>Venda direta de f\u00e1brica Cilindro hidr\u00e1ulico telesc\u00f3pico de 10 toneladas para caminh\u00e3o basculante<\/h2>\n<p>O Cilindro Hidr\u00e1ulico Telesc\u00f3pico de 10 Toneladas para Caminh\u00e3o Basculante, venda direta da f\u00e1brica, \u00e9 um cilindro hidr\u00e1ulico de alta qualidade projetado para suportar cargas pesadas e condi\u00e7\u00f5es operacionais adversas. \u00c9 projetado especificamente para caminh\u00f5es basculantes e outras aplica\u00e7\u00f5es de servi\u00e7o pesado.<\/p>\n<p>Este cilindro hidr\u00e1ulico possui um design telesc\u00f3pico que permite sua extens\u00e3o e retra\u00e7\u00e3o suaves e controladas, proporcionando excelente poder de eleva\u00e7\u00e3o e sustenta\u00e7\u00e3o. Ele tamb\u00e9m \u00e9 feito para durar, com materiais resistentes e constru\u00e7\u00e3o de alta qualidade que garantem a capacidade de lidar at\u00e9 mesmo com os trabalhos mais dif\u00edceis.<\/p>\n<p><img decoding=\"async\" src=\"https:\/\/hzpt.com\/wp-content\/uploads\/2023\/11\/Inverted-Telescopic-Cylinder-22.webp\" alt=\"\" title=\"\"><\/p>\n<p>Quer voc\u00ea esteja procurando atualizar seu caminh\u00e3o basculante atual ou precise de um cilindro hidr\u00e1ulico confi\u00e1vel para uma nova constru\u00e7\u00e3o, o Cilindro Hidr\u00e1ulico Telesc\u00f3pico de 10 Toneladas para Caminh\u00e3o Basculante, venda direta da f\u00e1brica, \u00e9 uma excelente escolha. Com seu desempenho, resist\u00eancia e durabilidade excepcionais, este cilindro hidr\u00e1ulico certamente proporcionar\u00e1 anos de servi\u00e7o confi\u00e1vel, mesmo nas aplica\u00e7\u00f5es mais exigentes.<\/p>\n<div>\n<p>Procurando o melhor maquin\u00e1rio hidr\u00e1ulico? N\u00e3o procure mais, temos o Cilindro Hidr\u00e1ulico de 10 Toneladas com Venda Direta da F\u00e1brica!<\/p>\n<table style=\"width: 100%;\" border=\"1\" width=\"100%\" cellspacing=\"0\" cellpadding=\"0\">\n<tbody>\n<tr>\n<th>Nome do produto<\/th>\n<td>Cilindro hidr\u00e1ulico de \u00faltima gera\u00e7\u00e3o para caminh\u00f5es basculantes<\/td>\n<\/tr>\n<tr>\n<th>Doen\u00e7a<\/th>\n<td>Novo<\/td>\n<\/tr>\n<tr>\n<th>Garantia<\/th>\n<td>1 ano<\/td>\n<\/tr>\n<tr>\n<th>Peso (KG)<\/th>\n<td>48<\/td>\n<\/tr>\n<tr>\n<th>Projeto<\/th>\n<td>Feito sob medida para caminh\u00f5es basculantes<\/td>\n<\/tr>\n<tr>\n<th>Garantia de Qualidade<\/th>\n<td>Relat\u00f3rio de inspe\u00e7\u00e3o de sa\u00edda de v\u00eddeo e teste de m\u00e1quinas<\/td>\n<\/tr>\n<tr>\n<th>Ind\u00fastrias aplic\u00e1veis<\/th>\n<td>F\u00e1bricas, oficinas de reparo de m\u00e1quinas, fazendas, energia e minera\u00e7\u00e3o e muito mais<\/td>\n<\/tr>\n<tr>\n<th>Desempenho<\/th>\n<td>Leve e f\u00e1cil de manusear<\/td>\n<\/tr>\n<\/tbody>\n<\/table>\n<h2>Caracter\u00edsticas do Cilindro Hidr\u00e1ulico<\/h2>\n<p>Nosso Cilindro Hidr\u00e1ulico oferece muitos recursos impressionantes, incluindo:<\/p>\n<ul>\n<li>Material do corpo em a\u00e7o para durabilidade e desempenho duradouro.<\/li>\n<li>Empuxo m\u00e1ximo de 3000 e tra\u00e7\u00e3o m\u00e1xima de 20 toneladas, proporcionando uma opera\u00e7\u00e3o potente.<\/li>\n<li>Tipo Cilindro Telesc\u00f3pico Invertido, adequado para diversas aplica\u00e7\u00f5es.<\/li>\n<li>V\u00e1rias portas (G\/SAE\/NPT\/M) para conectividade vers\u00e1til.<\/li>\n<li>Certificado pela ISO9001:2000, garantindo altos padr\u00f5es de qualidade.<\/li>\n<\/ul>\n<h2>Aplica\u00e7\u00f5es do Cilindro Hidr\u00e1ulico<\/h2>\n<p>Este Cilindro Hidr\u00e1ulico pode ser aplicado em v\u00e1rios campos, incluindo:<\/p>\n<ul>\n<li>Plantas de fabrica\u00e7\u00e3o para opera\u00e7\u00e3o de m\u00e1quinas pesadas.<\/li>\n<li>Oficinas de reparo de m\u00e1quinas para manuten\u00e7\u00e3o e revis\u00e3o de equipamentos.<\/li>\n<li>Fazendas para manejo de m\u00e1quinas agr\u00edcolas pesadas.<\/li>\n<li>Ind\u00fastrias de energia e minera\u00e7\u00e3o para gerenciamento de opera\u00e7\u00f5es de alta press\u00e3o.<\/li>\n<li>Fabrica\u00e7\u00e3o de m\u00e1quinas em geral e f\u00e1bricas para diversas aplica\u00e7\u00f5es.<\/li>\n<\/ul>\n<p><img decoding=\"async\" src=\"https:\/\/hzpt.com\/wp-content\/uploads\/2023\/11\/Inverted-Telescopic-Cylinder-Applications.webp\" alt=\"Aplica\u00e7\u00f5es de Cilindro Telesc\u00f3pico Invertido\" title=\"\"><\/p>\n<h2>Princ\u00edpio de funcionamento e manuten\u00e7\u00e3o do cilindro hidr\u00e1ulico<\/h2>\n<p>O Cilindro Hidr\u00e1ulico opera pela for\u00e7a de entrada e sa\u00edda do fluido hidr\u00e1ulico. Inspe\u00e7\u00f5es, limpezas, lubrifica\u00e7\u00f5es e trocas de veda\u00e7\u00f5es regulares s\u00e3o m\u00e9todos de manuten\u00e7\u00e3o essenciais, juntamente com o cumprimento do manual do operador. Inspe\u00e7\u00f5es e reparos regulares ajudam a garantir que o cilindro permane\u00e7a em \u00f3timas condi\u00e7\u00f5es.<\/p>\n<p><img decoding=\"async\" src=\"https:\/\/hzpt.com\/wp-content\/uploads\/2023\/11\/Inverted-Telescopic-Cylinder-6.webp\" alt=\"\" title=\"\"><\/p>\n<\/div>\n<h2>Cilindro Telesc\u00f3pico Invertido<\/h2>\n<ul>\n<li style=\"list-style-type: none;\">\n<ul>\n<li>Introdu\u00e7\u00e3o<\/li>\n<\/ul>\n<\/li>\n<\/ul>\n<p>Um cilindro telesc\u00f3pico invertido \u00e9 um tipo de cilindro hidr\u00e1ulico comumente utilizado em caminh\u00f5es basculantes e outras m\u00e1quinas pesadas. Seu design exclusivo permite uma opera\u00e7\u00e3o compacta e eficiente, tornando-o uma escolha popular em diversos setores. Cilindro hidr\u00e1ulico telesc\u00f3pico de 10 toneladas para venda direta da f\u00e1brica para caminh\u00f5es basculantes \u00e9 uma das op\u00e7\u00f5es mais populares no mercado atualmente.<\/p>\n<ul>\n<li style=\"list-style-type: none;\">\n<ul>\n<li>Estrutura e Design<\/li>\n<\/ul>\n<\/li>\n<\/ul>\n<p>A estrutura de um cilindro telesc\u00f3pico invertido \u00e9 composta por uma s\u00e9rie de tubos encaixados, com o tubo maior na parte inferior e o menor na parte superior. O cilindro opera estendendo e retraindo esses tubos de forma telesc\u00f3pica. O tubo externo \u00e9 conectado \u00e0 estrutura do caminh\u00e3o, enquanto o tubo interno \u00e9 conectado \u00e0 ca\u00e7amba, permitindo que a ca\u00e7amba seja elevada e abaixada conforme necess\u00e1rio.<\/p>\n<p>Uma das caracter\u00edsticas \u00fanicas de um cilindro telesc\u00f3pico invertido \u00e9 sua capacidade de retra\u00e7\u00e3o, tornando-o muito mais compacto e eficiente do que outros tipos de cilindros hidr\u00e1ulicos. Este design tamb\u00e9m permite uma maior capacidade de eleva\u00e7\u00e3o, j\u00e1 que o peso da carga \u00e9 distribu\u00eddo uniformemente por todo o comprimento do cilindro.<\/p>\n<ul>\n<li style=\"list-style-type: none;\">\n<ul>\n<li>Princ\u00edpio de funcionamento<\/li>\n<\/ul>\n<\/li>\n<\/ul>\n<p>O princ\u00edpio de funcionamento de um cilindro telesc\u00f3pico invertido baseia-se na Lei de Pascal da transmiss\u00e3o de press\u00e3o. Quando o fluido hidr\u00e1ulico \u00e9 bombeado para dentro do cilindro, ele cria uma press\u00e3o que faz com que os tubos se estendam e levantem a ca\u00e7amba. Quando o fluido \u00e9 liberado, a press\u00e3o diminui e os tubos se retraem, abaixando a ca\u00e7amba de volta \u00e0 sua posi\u00e7\u00e3o original.<\/p>\n<ul>\n<li style=\"list-style-type: none;\">\n<ul>\n<li>Vantagens<\/li>\n<\/ul>\n<\/li>\n<\/ul>\n<p>Uma das principais vantagens de um cilindro telesc\u00f3pico invertido \u00e9 seu design compacto, que permite f\u00e1cil instala\u00e7\u00e3o e opera\u00e7\u00e3o com economia de espa\u00e7o. Al\u00e9m disso, a distribui\u00e7\u00e3o uniforme do peso ao longo do cilindro permite maior capacidade de eleva\u00e7\u00e3o e opera\u00e7\u00e3o mais eficiente. O Cilindro Hidr\u00e1ulico Telesc\u00f3pico de 10 Toneladas para Caminh\u00e3o Basculante, venda direta da f\u00e1brica, \u00e9 uma \u00f3tima op\u00e7\u00e3o para quem procura um cilindro hidr\u00e1ulico confi\u00e1vel e eficiente.<\/p>\n<ul>\n<li style=\"list-style-type: none;\">\n<ul>\n<li>Aplica\u00e7\u00f5es<\/li>\n<\/ul>\n<\/li>\n<\/ul>\n<p>Um cilindro telesc\u00f3pico invertido \u00e9 comumente utilizado em caminh\u00f5es basculantes e outras m\u00e1quinas pesadas, onde \u00e9 necess\u00e1rio um mecanismo de eleva\u00e7\u00e3o compacto e eficiente. Tamb\u00e9m \u00e9 utilizado em diversas outras aplica\u00e7\u00f5es, como m\u00e1quinas agr\u00edcolas, equipamentos de constru\u00e7\u00e3o e m\u00e1quinas de minera\u00e7\u00e3o.<\/p>\n<h3>Sobre a FMP<\/h3>\n<p>A FMP \u00e9 uma empresa especializada na produ\u00e7\u00e3o e venda de Cilindros Hidr\u00e1ulicos. Com muitos anos de experi\u00eancia no setor e uma equipe profissional, fornecemos aos clientes cilindros hidr\u00e1ulicos confi\u00e1veis \u200b\u200be de alta qualidade para m\u00e1quinas de constru\u00e7\u00e3o.<\/p>\n<p><img decoding=\"async\" src=\"https:\/\/fmp-components.com\/wp-content\/uploads\/2024\/12\/Adjustable-Clevis-Type-Cylinders-6.webp\" alt=\"Cilindro tipo manilha ajust\u00e1vel\" width=\"843\" title=\"\"><\/p>\n<p>Aqui est\u00e3o cinco raz\u00f5es pelas quais voc\u00ea deve escolher nossos cilindros hidr\u00e1ulicos:<\/p>\n<ol>\n<li><strong>Diversificada gama de produtos:<\/strong> Oferecemos uma ampla variedade de cilindros hidr\u00e1ulicos que atendem a diferentes necessidades no setor de m\u00e1quinas de constru\u00e7\u00e3o. Nossa linha inclui cilindros do tipo manilha ajust\u00e1vel, cilindros soldados, cilindros de tirante e muito mais.<\/li>\n<li><strong>Qualidade superior:<\/strong> Garantimos que todos os nossos cilindros hidr\u00e1ulicos atendem a rigorosos padr\u00f5es de qualidade. Cada cilindro \u00e9 fabricado com precis\u00e3o e aten\u00e7\u00e3o aos detalhes, garantindo excelente desempenho e durabilidade.<\/li>\n<li><strong>Desempenho confi\u00e1vel:<\/strong> Nossos cilindros hidr\u00e1ulicos s\u00e3o projetados para oferecer desempenho consistente e confi\u00e1vel, mesmo em condi\u00e7\u00f5es de trabalho desafiadoras. Eles s\u00e3o constru\u00eddos para suportar cargas pesadas e proporcionar uma opera\u00e7\u00e3o suave.<\/li>\n<li><strong>Equipe de vendas especializada:<\/strong> Nossa experiente equipe de vendas possui amplo conhecimento no setor de m\u00e1quinas para constru\u00e7\u00e3o e entende as necessidades dos clientes. Eles podem oferecer consultoria profissional sobre produtos, responder a quaisquer perguntas que voc\u00ea possa ter e oferecer sugest\u00f5es inteligentes de compra.<\/li>\n<li><strong>Log\u00edstica eficiente:<\/strong> Contamos com um sistema de distribui\u00e7\u00e3o log\u00edstica eficiente para garantir que voc\u00ea receba os cilindros hidr\u00e1ulicos necess\u00e1rios com pontualidade e precis\u00e3o. Entendemos a import\u00e2ncia de minimizar o tempo de inatividade e nos esfor\u00e7amos para oferecer entregas r\u00e1pidas.<\/li>\n<\/ol>\n<p>Escolha a FMP para cilindros hidr\u00e1ulicos de alta qualidade que atender\u00e3o \u00e0s suas necessidades em m\u00e1quinas de constru\u00e7\u00e3o. Entre em contato conosco hoje mesmo para discutir suas necessidades e deixe nossa equipe ajud\u00e1-lo a encontrar a solu\u00e7\u00e3o perfeita para cilindros hidr\u00e1ulicos.<\/p>\n<p>Autor: CX<\/p>","protected":false},"excerpt":{"rendered":"<p>Factory Direct Sale 10 Ton Hydraulic Cylinder Telescopic Hydraulic Cylinder For Dump Truck The Factory Direct Sale 10 Ton Hydraulic Cylinder Telescopic Hydraulic Cylinder For Dump Truck is a high-quality hydraulic cylinder designed to withstand heavy loads and harsh operating conditions. It is specifically engineered for dump trucks and other heavy-duty applications. This hydraulic cylinder [&hellip;]<\/p>","protected":false},"featured_media":1684,"comment_status":"closed","ping_status":"closed","template":"","meta":{"_et_pb_use_builder":"","_et_pb_old_content":"","_et_gb_content_width":""},"product_brand":[],"product_cat":[45],"product_tag":[34,48],"class_list":{"0":"post-1683","1":"product","2":"type-product","3":"status-publish","4":"has-post-thumbnail","6":"product_cat-inverted-telescopic-cylinder","7":"product_tag-hydraulic-cylinder","8":"product_tag-inverted-telescopic-cylinder","10":"first","11":"instock","12":"product-type-simple"},"_links":{"self":[{"href":"https:\/\/fmp-components.com\/pt\/wp-json\/wp\/v2\/product\/1683","targetHints":{"allow":["GET"]}}],"collection":[{"href":"https:\/\/fmp-components.com\/pt\/wp-json\/wp\/v2\/product"}],"about":[{"href":"https:\/\/fmp-components.com\/pt\/wp-json\/wp\/v2\/types\/product"}],"replies":[{"embeddable":true,"href":"https:\/\/fmp-components.com\/pt\/wp-json\/wp\/v2\/comments?post=1683"}],"wp:featuredmedia":[{"embeddable":true,"href":"https:\/\/fmp-components.com\/pt\/wp-json\/wp\/v2\/media\/1684"}],"wp:attachment":[{"href":"https:\/\/fmp-components.com\/pt\/wp-json\/wp\/v2\/media?parent=1683"}],"wp:term":[{"taxonomy":"product_brand","embeddable":true,"href":"https:\/\/fmp-components.com\/pt\/wp-json\/wp\/v2\/product_brand?post=1683"},{"taxonomy":"product_cat","embeddable":true,"href":"https:\/\/fmp-components.com\/pt\/wp-json\/wp\/v2\/product_cat?post=1683"},{"taxonomy":"product_tag","embeddable":true,"href":"https:\/\/fmp-components.com\/pt\/wp-json\/wp\/v2\/product_tag?post=1683"}],"curies":[{"name":"wp","href":"https:\/\/api.w.org\/{rel}","templated":true}]}}