{"id":1647,"date":"2024-12-23T07:00:44","date_gmt":"2024-12-23T07:00:44","guid":{"rendered":"https:\/\/fmp-components.com\/product\/china-factory-supply-telescopic-truck-hydraulic-ram-cylinder\/"},"modified":"2025-03-11T06:10:26","modified_gmt":"2025-03-11T06:10:26","slug":"italy-factory-supply-telescopic-truck-hydraulic-ram-cylinder","status":"publish","type":"product","link":"https:\/\/fmp-components.com\/pt\/product\/italy-factory-supply-telescopic-truck-hydraulic-ram-cylinder\/","title":{"rendered":"F\u00e1brica na It\u00e1lia fornece cilindro hidr\u00e1ulico de caminh\u00e3o telesc\u00f3pico"},"content":{"rendered":"<p>O cilindro hidr\u00e1ulico telesc\u00f3pico para caminh\u00f5es da Factory Supply \u00e9 um cilindro hidr\u00e1ulico de alta qualidade, projetado para oferecer desempenho confi\u00e1vel e eficiente em uma ampla gama de aplica\u00e7\u00f5es. Este cilindro foi projetado para suportar os rigores do uso intenso e \u00e9 ideal para uso em diversos ambientes industriais e comerciais.<\/p>\n<p>Uma das principais caracter\u00edsticas deste cilindro hidr\u00e1ulico \u00e9 seu design telesc\u00f3pico. Esse design permite maior amplitude de movimento e flexibilidade, tornando-o ideal para uso em aplica\u00e7\u00f5es com espa\u00e7o limitado. Al\u00e9m disso, o cilindro \u00e9 fabricado com materiais de alta qualidade, garantindo durabilidade e longa vida \u00fatil.<\/p>\n<p>Outra vantagem deste cilindro hidr\u00e1ulico \u00e9 a sua facilidade de uso. Ele foi projetado para ser f\u00e1cil de instalar e manter, tornando-o a escolha ideal para quem busca um cilindro hidr\u00e1ulico confi\u00e1vel e de baixa manuten\u00e7\u00e3o. Al\u00e9m disso, ele \u00e9 compat\u00edvel com uma ampla gama de sistemas hidr\u00e1ulicos, o que o torna uma op\u00e7\u00e3o vers\u00e1til para diversas aplica\u00e7\u00f5es.<\/p>\n<table style=\"width: 100%;\" border=\"1\" width=\"100%\" cellspacing=\"0\" cellpadding=\"0\">\n<tbody>\n<tr>\n<th>Nome do produto<\/th>\n<td>Cilindro hidr\u00e1ulico telesc\u00f3pico para caminh\u00e3o, fornecido de f\u00e1brica<\/td>\n<\/tr>\n<tr>\n<th>Doen\u00e7a<\/th>\n<td>Novo<\/td>\n<\/tr>\n<tr>\n<th>Garantia<\/th>\n<td>1 ano<\/td>\n<\/tr>\n<tr>\n<th>Peso (KG)<\/th>\n<td>56<\/td>\n<\/tr>\n<tr>\n<th>Impulso m\u00e1ximo<\/th>\n<td>3000<\/td>\n<\/tr>\n<tr>\n<th>Puxada M\u00e1xima<\/th>\n<td>20 toneladas<\/td>\n<\/tr>\n<tr>\n<th>Material do corpo<\/th>\n<td>A\u00e7o<\/td>\n<\/tr>\n<tr>\n<th>Tamanho do furo<\/th>\n<td>2-6 polegadas<\/td>\n<\/tr>\n<tr>\n<th>Tamanho da haste<\/th>\n<td>1,125-4 polegadas<\/td>\n<\/tr>\n<tr>\n<th>Tamanho do tra\u00e7o<\/th>\n<td>6-48 polegadas<\/td>\n<\/tr>\n<tr>\n<th>Tamanho do pino<\/th>\n<td>0,5-2 polegadas<\/td>\n<\/tr>\n<tr>\n<th>Ind\u00fastrias aplic\u00e1veis<\/th>\n<td>F\u00e1bricas, Oficinas de Repara\u00e7\u00e3o de M\u00e1quinas, Fazendas, Energia, Minera\u00e7\u00e3o, F\u00e1bricas de Maquinaria<\/td>\n<\/tr>\n<tr>\n<th>Projeto<\/th>\n<td>Telesc\u00f3pico para melhor desempenho<\/td>\n<\/tr>\n<tr>\n<th>Desempenho<\/th>\n<td>Confi\u00e1vel e eficiente<\/td>\n<\/tr>\n<\/tbody>\n<\/table>\n<h2>Caracter\u00edsticas do cilindro hidr\u00e1ulico telesc\u00f3pico para caminh\u00f5es<\/h2>\n<p>Este cilindro hidr\u00e1ulico possui uma s\u00e9rie de caracter\u00edsticas que o diferenciam da concorr\u00eancia:<\/p>\n<p><img decoding=\"async\" src=\"https:\/\/hzpt.com\/wp-content\/uploads\/2023\/11\/Inverted-Telescopic-Cylinder-21.webp\" alt=\"\" title=\"\"><\/p>\n<ul>\n<li><strong>Condi\u00e7\u00e3o: Novo<\/strong> O produto \u00e9 totalmente novo, garantindo um desempenho ideal.<\/li>\n<li><strong>Garantia de 1 ano:<\/strong> Apoiamos a qualidade dos nossos produtos com uma garantia de 1 ano.<\/li>\n<li><strong>Certifica\u00e7\u00e3o ISO9001:2000:<\/strong> O produto atende aos padr\u00f5es internacionais de qualidade e seguran\u00e7a.<\/li>\n<li><strong>Cilindros telesc\u00f3picos invertidos:<\/strong> O produto apresenta cilindros telesc\u00f3picos invertidos para maior funcionalidade e confiabilidade.<\/li>\n<li><strong>Corpo em a\u00e7o resistente:<\/strong> Constru\u00eddo com uma estrutura robusta em a\u00e7o, o produto promete desempenho duradouro.<\/li>\n<\/ul>\n<h2>Aplica\u00e7\u00f5es do cilindro hidr\u00e1ulico telesc\u00f3pico para caminh\u00f5es<\/h2>\n<p>Nosso cilindro hidr\u00e1ulico \u00e9 vers\u00e1til e pode ser usado em diversas ind\u00fastrias e aplica\u00e7\u00f5es:<\/p>\n<ul>\n<li><strong>F\u00e1bricas de produ\u00e7\u00e3o:<\/strong> Ideal para uso em f\u00e1bricas de m\u00e1quinas.<\/li>\n<li><strong>Oficinas de Reparo de M\u00e1quinas:<\/strong> Essencial para reparo e manuten\u00e7\u00e3o de m\u00e1quinas.<\/li>\n<li><strong>Fazendas:<\/strong> Oferece servi\u00e7o confi\u00e1vel em ambientes agr\u00edcolas.<\/li>\n<li><strong>Energia e Minera\u00e7\u00e3o:<\/strong> Robusto o suficiente para opera\u00e7\u00f5es exigentes nos setores de energia e minera\u00e7\u00e3o.<\/li>\n<li><strong>F\u00e1bricas de M\u00e1quinas:<\/strong> Um componente essencial em f\u00e1bricas de m\u00e1quinas.<\/li>\n<\/ul>\n<p><img decoding=\"async\" src=\"https:\/\/hzpt.com\/wp-content\/uploads\/2023\/11\/Inverted-Telescopic-Cylinder-Applications.webp\" alt=\"Aplica\u00e7\u00f5es do cilindro hidr\u00e1ulico telesc\u00f3pico para caminh\u00f5es\" title=\"\"><\/p>\n<h2>Princ\u00edpio de funcionamento e manuten\u00e7\u00e3o do cilindro hidr\u00e1ulico do caminh\u00e3o telesc\u00f3pico<\/h2>\n<p>Este cilindro hidr\u00e1ulico funciona transformando a press\u00e3o do fluido hidr\u00e1ulico em for\u00e7a, permitindo o levantamento de cargas pesadas. A manuten\u00e7\u00e3o \u00e9 fundamental para a sua durabilidade e inclui inspe\u00e7\u00f5es regulares, limpeza, lubrifica\u00e7\u00e3o, substitui\u00e7\u00e3o de veda\u00e7\u00f5es e o cumprimento do manual do operador.<img decoding=\"async\" src=\"https:\/\/hzpt.com\/wp-content\/uploads\/2023\/11\/Inverted-Telescopic-Cylinder-3.webp\" alt=\"\" title=\"\"><\/p>\n<h2>Cilindro Telesc\u00f3pico Invertido<\/h2>\n<p>Um cilindro telesc\u00f3pico invertido, tamb\u00e9m conhecido como cilindro telesc\u00f3pico de a\u00e7\u00e3o reversa, \u00e9 um tipo de cilindro hidr\u00e1ulico que possui uma haste conectada ao pist\u00e3o e que se estende a partir da base do cilindro. \u00c9 comumente utilizado em aplica\u00e7\u00f5es que exigem grande for\u00e7a em um espa\u00e7o compacto, como em m\u00e1quinas de constru\u00e7\u00e3o e plataformas a\u00e9reas. Neste artigo, discutiremos as caracter\u00edsticas e os princ\u00edpios de funcionamento de um cilindro telesc\u00f3pico invertido.<\/p>\n<h3>Design e caracter\u00edsticas do cilindro telesc\u00f3pico invertido<\/h3>\n<p>Diferentemente dos cilindros telesc\u00f3picos tradicionais, um cilindro telesc\u00f3pico invertido possui um di\u00e2metro menor na base e um di\u00e2metro maior no topo. A base do cilindro \u00e9 fixada \u00e0 m\u00e1quina, enquanto a haste do pist\u00e3o se estende para baixo a partir da base do cilindro.<\/p>\n<p>A principal vantagem de um cilindro telesc\u00f3pico invertido \u00e9 que ele pode proporcionar um curso maior em um espa\u00e7o menor, devido ao seu design compacto. Ele tamb\u00e9m \u00e9 mais dur\u00e1vel do que os cilindros telesc\u00f3picos tradicionais, pois \u00e9 menos propenso a entortar ou torcer sob press\u00e3o.<\/p>\n<p>O cilindro telesc\u00f3pico invertido \u00e9 composto por v\u00e1rios est\u00e1gios, cada um constitu\u00eddo por um pist\u00e3o e um cilindro. Os est\u00e1gios s\u00e3o conectados por hastes roscadas, o que permite f\u00e1cil desmontagem e manuten\u00e7\u00e3o.<\/p>\n<h3>Princ\u00edpios de funcionamento do cilindro telesc\u00f3pico invertido<\/h3>\n<p>O cilindro telesc\u00f3pico invertido funciona com base na Lei de Pascal, que afirma que uma mudan\u00e7a na press\u00e3o de um fluido confinado se propaga igualmente por todo o fluido. Quando o fluido hidr\u00e1ulico \u00e9 bombeado para dentro do cilindro, ele exerce press\u00e3o sobre o pist\u00e3o, fazendo com que ele se mova para baixo. Conforme o pist\u00e3o se move, a haste a ele conectada tamb\u00e9m se move para baixo.<\/p>\n<p>\u00c0 medida que o pist\u00e3o desce, o fluido hidr\u00e1ulico \u00e9 for\u00e7ado atrav\u00e9s das portas e para o pr\u00f3ximo est\u00e1gio do cilindro. Este processo continua at\u00e9 que o pist\u00e3o atinja o fundo do cilindro, momento em que todo o cilindro est\u00e1 totalmente estendido.<\/p>\n<p>Quando o cilindro precisa retrair, o fluido hidr\u00e1ulico \u00e9 bombeado para a parte superior do cilindro, fazendo com que o pist\u00e3o se mova para cima. \u00c0 medida que o pist\u00e3o se move, o fluido hidr\u00e1ulico \u00e9 for\u00e7ado de volta para o est\u00e1gio anterior do cilindro at\u00e9 que todo o cilindro esteja completamente retra\u00eddo.<\/p>\n<h3>Aplica\u00e7\u00e3o do Cilindro Telesc\u00f3pico Invertido<\/h3>\n<p>O cilindro telesc\u00f3pico invertido \u00e9 comumente usado em m\u00e1quinas de constru\u00e7\u00e3o, como escavadeiras e retroescavadeiras, devido ao seu design compacto e capacidade de fornecer grande for\u00e7a em um espa\u00e7o reduzido. Tamb\u00e9m \u00e9 usado em plataformas a\u00e9reas, como plataformas elevat\u00f3rias tipo tesoura, plataformas articuladas e plataformas elevat\u00f3rias articuladas, pelos mesmos motivos.<\/p>\n<p>O cilindro telesc\u00f3pico invertido \u00e9 um projeto inovador de cilindro hidr\u00e1ulico que proporciona grande for\u00e7a em um espa\u00e7o compacto. Seu design exclusivo e princ\u00edpio de funcionamento o tornam a escolha ideal para uso em m\u00e1quinas de constru\u00e7\u00e3o e plataformas a\u00e9reas. Como um componente confi\u00e1vel e dur\u00e1vel, representa um investimento valioso para qualquer aplica\u00e7\u00e3o industrial.<\/p>\n<h3>Sobre a FMP<\/h3>\n<p>A FMP \u00e9 uma empresa l\u00edder especializada na produ\u00e7\u00e3o e venda de Cilindros Hidr\u00e1ulicos. Com sede na It\u00e1lia, dedicamo-nos a fornecer aos clientes cilindros hidr\u00e1ulicos de alta qualidade e confiabilidade, com o respaldo de nossos anos de experi\u00eancia no setor e de uma equipe profissional.<\/p>\n<p><img decoding=\"async\" src=\"https:\/\/fmp-components.com\/wp-content\/uploads\/2024\/12\/Adjustable-Clevis-Type-Cylinders-6.webp\" alt=\"Cilindro tipo manilha ajust\u00e1vel\" width=\"825\" title=\"\"><\/p>\n<p>Temos orgulho em oferecer uma ampla gama de cilindros hidr\u00e1ulicos de alta qualidade e acess\u00f3rios para atender \u00e0s mais diversas necessidades do setor de m\u00e1quinas de constru\u00e7\u00e3o. Aqui est\u00e3o cinco principais vantagens e caracter\u00edsticas dos nossos produtos e da nossa empresa:<\/p>\n<ol>\n<li>Qualidade excepcional: Nossos cilindros hidr\u00e1ulicos s\u00e3o fabricados com precis\u00e3o usando os melhores materiais para garantir durabilidade e desempenho.<\/li>\n<li>Ampla gama de produtos: Oferecemos uma sele\u00e7\u00e3o abrangente de cilindros hidr\u00e1ulicos, incluindo cilindros do tipo manilha ajust\u00e1vel, cilindros de tirante, cilindros telesc\u00f3picos e muito mais, fornecendo solu\u00e7\u00f5es para diversas aplica\u00e7\u00f5es.<\/li>\n<li>Rede de fornecedores confi\u00e1veis: por meio de parcerias de longo prazo com fornecedores respeit\u00e1veis, tanto nacionais quanto internacionais, garantimos o fornecimento de componentes de primeira linha que atendem a rigorosos padr\u00f5es de qualidade.<\/li>\n<li>Equipe de vendas especializada: Nossa experiente equipe de vendas possui profundo conhecimento do setor de m\u00e1quinas de constru\u00e7\u00e3o, o que lhes permite fornecer consultoria profissional sobre produtos e recomenda\u00e7\u00f5es valiosas de compra adaptadas \u00e0s necessidades espec\u00edficas de nossos clientes.<\/li>\n<li>Log\u00edstica eficiente: Estabelecemos um sistema de distribui\u00e7\u00e3o log\u00edstica eficiente para garantir a entrega r\u00e1pida e precisa dos cilindros hidr\u00e1ulicos necess\u00e1rios diretamente aos nossos clientes, minimizando o tempo de inatividade e maximizando a produtividade.<\/li>\n<\/ol>\n<p>Escolha a FMP como sua parceira de confian\u00e7a para todas as suas necessidades de cilindros hidr\u00e1ulicos. Entre em contato conosco hoje mesmo para saber como podemos apoiar seus projetos de m\u00e1quinas de constru\u00e7\u00e3o.<\/p>\n<p>Autor: CX<\/p>","protected":false},"excerpt":{"rendered":"<p>Factory Supply Telescopic Truck Hydraulic Ram Cylinder is a high-quality hydraulic cylinder that is designed to provide reliable and efficient performance for a wide range of applications. This cylinder is designed to withstand the rigors of heavy use and is ideal for use in a variety of industrial and commercial settings. One of the key [&hellip;]<\/p>","protected":false},"featured_media":1648,"comment_status":"closed","ping_status":"closed","template":"","meta":{"_et_pb_use_builder":"","_et_pb_old_content":"","_et_gb_content_width":""},"product_brand":[],"product_cat":[45],"product_tag":[34,48],"class_list":{"0":"post-1647","1":"product","2":"type-product","3":"status-publish","4":"has-post-thumbnail","6":"product_cat-inverted-telescopic-cylinder","7":"product_tag-hydraulic-cylinder","8":"product_tag-inverted-telescopic-cylinder","10":"first","11":"instock","12":"product-type-simple"},"_links":{"self":[{"href":"https:\/\/fmp-components.com\/pt\/wp-json\/wp\/v2\/product\/1647","targetHints":{"allow":["GET"]}}],"collection":[{"href":"https:\/\/fmp-components.com\/pt\/wp-json\/wp\/v2\/product"}],"about":[{"href":"https:\/\/fmp-components.com\/pt\/wp-json\/wp\/v2\/types\/product"}],"replies":[{"embeddable":true,"href":"https:\/\/fmp-components.com\/pt\/wp-json\/wp\/v2\/comments?post=1647"}],"wp:featuredmedia":[{"embeddable":true,"href":"https:\/\/fmp-components.com\/pt\/wp-json\/wp\/v2\/media\/1648"}],"wp:attachment":[{"href":"https:\/\/fmp-components.com\/pt\/wp-json\/wp\/v2\/media?parent=1647"}],"wp:term":[{"taxonomy":"product_brand","embeddable":true,"href":"https:\/\/fmp-components.com\/pt\/wp-json\/wp\/v2\/product_brand?post=1647"},{"taxonomy":"product_cat","embeddable":true,"href":"https:\/\/fmp-components.com\/pt\/wp-json\/wp\/v2\/product_cat?post=1647"},{"taxonomy":"product_tag","embeddable":true,"href":"https:\/\/fmp-components.com\/pt\/wp-json\/wp\/v2\/product_tag?post=1647"}],"curies":[{"name":"wp","href":"https:\/\/api.w.org\/{rel}","templated":true}]}}