{"id":1631,"date":"2024-12-23T06:59:20","date_gmt":"2024-12-23T06:59:20","guid":{"rendered":"https:\/\/fmp-components.com\/product\/durable-10-ton-hydraulic-telescopic-cylinder-for-trailer\/"},"modified":"2024-12-23T08:38:42","modified_gmt":"2024-12-23T08:38:42","slug":"durable-10-ton-hydraulic-telescopic-cylinder-for-trailer","status":"publish","type":"product","link":"https:\/\/fmp-components.com\/pt\/product\/durable-10-ton-hydraulic-telescopic-cylinder-for-trailer\/","title":{"rendered":"Cilindro telesc\u00f3pico hidr\u00e1ulico dur\u00e1vel de 10 toneladas para reboque"},"content":{"rendered":"<h2>Apresentamos o Cilindro Telesc\u00f3pico Hidr\u00e1ulico de 10 Toneladas para Reboque, um produto dur\u00e1vel e resistente:<\/h2>\n<p>O cilindro telesc\u00f3pico hidr\u00e1ulico de 10 toneladas para reboque \u00e9 um produto dur\u00e1vel, confi\u00e1vel e de alta qualidade, projetado para oferecer desempenho superior em diversas aplica\u00e7\u00f5es com reboques. Com sua constru\u00e7\u00e3o robusta e tecnologia hidr\u00e1ulica avan\u00e7ada, este cilindro oferece capacidade de eleva\u00e7\u00e3o e estabilidade excepcionais.<\/p>\n<p>Principais caracter\u00edsticas:<br \/>\n1. Resist\u00eancia superior: O cilindro foi projetado para suportar cargas pesadas, com capacidade m\u00e1xima de eleva\u00e7\u00e3o de 10 toneladas. Isso garante desempenho ideal mesmo em condi\u00e7\u00f5es de trabalho exigentes.<\/p>\n<p>2. Design telesc\u00f3pico: O recurso telesc\u00f3pico permite o ajuste f\u00e1cil do comprimento do cilindro, proporcionando flexibilidade e adaptabilidade a diferentes alturas de reboque e requisitos de carga.<\/p>\n<p>3. Engenharia de Precis\u00e3o: O cilindro \u00e9 projetado com precis\u00e3o para garantir movimentos suaves e controlados. Oferece posicionamento preciso e eleva\u00e7\u00e3o controlada, aumentando a efici\u00eancia operacional geral.<\/p>\n<p>4. Constru\u00e7\u00e3o Dur\u00e1vel: Fabricado com materiais de alta qualidade, o cilindro foi projetado para suportar uso rigoroso e cont\u00ednuo. \u00c9 resistente \u00e0 corros\u00e3o, ao desgaste e a danos, garantindo longa durabilidade.<\/p>\n<p>5. F\u00e1cil instala\u00e7\u00e3o: O cilindro foi projetado para facilitar a instala\u00e7\u00e3o, exigindo o m\u00ednimo de tempo e esfor\u00e7o. Ele vem com todos os acess\u00f3rios de montagem necess\u00e1rios e instru\u00e7\u00f5es claras para uma instala\u00e7\u00e3o sem complica\u00e7\u00f5es.<\/p>\n<p>6. Aplica\u00e7\u00e3o vers\u00e1til: Adequado para diversos tipos de reboques, incluindo reboques de plataforma, basculantes e utilit\u00e1rios, o cilindro foi projetado para atender \u00e0s diversas necessidades de eleva\u00e7\u00e3o e transporte em setores como constru\u00e7\u00e3o, agricultura e transporte.<\/p>\n<p>7. Medidas de seguran\u00e7a: O cilindro est\u00e1 equipado com recursos de seguran\u00e7a para garantir uma opera\u00e7\u00e3o segura e confi\u00e1vel. Inclui prote\u00e7\u00e3o contra sobrecarga, veda\u00e7\u00f5es \u00e0 prova de vazamentos e um sistema de trava de seguran\u00e7a integrado para maior tranquilidade.<\/p>\n<table style=\"width: 100%;\" border=\"1\" width=\"100%\" cellspacing=\"0\" cellpadding=\"0\">\n<tbody>\n<tr>\n<th>Nome do produto<\/th>\n<td>Cilindro telesc\u00f3pico hidr\u00e1ulico dur\u00e1vel de 10 toneladas para reboque<\/td>\n<\/tr>\n<tr>\n<th>Doen\u00e7a<\/th>\n<td>Novo<\/td>\n<\/tr>\n<tr>\n<th>Garantia<\/th>\n<td>1 ano<\/td>\n<\/tr>\n<tr>\n<th>Peso (KG)<\/th>\n<td>78<\/td>\n<\/tr>\n<tr>\n<th>Impulso m\u00e1ximo<\/th>\n<td>3000<\/td>\n<\/tr>\n<tr>\n<th>Puxada M\u00e1xima<\/th>\n<td>20 toneladas<\/td>\n<\/tr>\n<tr>\n<th>Desempenho<\/th>\n<td>Desempenho e durabilidade excepcionais<\/td>\n<\/tr>\n<tr>\n<th>Versatilidade<\/th>\n<td>Ideal para aplica\u00e7\u00f5es de alta exig\u00eancia.<\/td>\n<\/tr>\n<tr>\n<th>Ind\u00fastrias aplic\u00e1veis<\/th>\n<td>F\u00e1bricas, Oficinas de Reparo de M\u00e1quinas, Fazendas, Energia e Minera\u00e7\u00e3o, Fabrica\u00e7\u00e3o de M\u00e1quinas, F\u00e1bricas de M\u00e1quinas<\/td>\n<\/tr>\n<\/tbody>\n<\/table>\n<h2>Principais caracter\u00edsticas do cilindro telesc\u00f3pico hidr\u00e1ulico<\/h2>\n<p><img decoding=\"async\" src=\"https:\/\/hzpt.com\/wp-content\/uploads\/2023\/11\/Inverted-Telescopic-Cylinder-23.webp\" alt=\"\" title=\"\"><\/p>\n<ul>\n<li>Estrutura padr\u00e3o de cilindro com pist\u00e3o e acionamento hidr\u00e1ulico.<\/li>\n<li>Constru\u00eddo com corpo em a\u00e7o de alta qualidade para maior durabilidade.<\/li>\n<li>Apresenta cilindros telesc\u00f3picos invertidos.<\/li>\n<li>Oferece uma for\u00e7a de tra\u00e7\u00e3o m\u00e1xima de 20 toneladas e um empuxo m\u00e1ximo de 3000.<\/li>\n<li>Certifica\u00e7\u00e3o ISO9001:2000, garantindo qualidade e confiabilidade.<\/li>\n<\/ul>\n<h2>Aplica\u00e7\u00f5es do Cilindro Telesc\u00f3pico Hidr\u00e1ulico<\/h2>\n<ul>\n<li>Ideal para uso em f\u00e1bricas e instala\u00e7\u00f5es de produ\u00e7\u00e3o de m\u00e1quinas.<\/li>\n<li>Pode ser utilizado em oficinas de repara\u00e7\u00e3o de m\u00e1quinas para reparos de alta complexidade.<\/li>\n<li>Aplic\u00e1vel em fazendas para diferentes tipos de m\u00e1quinas agr\u00edcolas.<\/li>\n<li>Indicado para as ind\u00fastrias de energia e minera\u00e7\u00e3o.<\/li>\n<li>Pode ser utilizado na fabrica\u00e7\u00e3o de m\u00e1quinas para diversas aplica\u00e7\u00f5es.<\/li>\n<\/ul>\n<p><img decoding=\"async\" src=\"https:\/\/hzpt.com\/wp-content\/uploads\/2023\/11\/Inverted-Telescopic-Cylinder-Applications.webp\" alt=\"Aplica\u00e7\u00f5es do Cilindro Telesc\u00f3pico\" title=\"\"><\/p>\n<h2>Princ\u00edpio de funcionamento e manuten\u00e7\u00e3o do cilindro telesc\u00f3pico hidr\u00e1ulico<\/h2>\n<p>O cilindro telesc\u00f3pico hidr\u00e1ulico funciona com base em um princ\u00edpio simples. O fluido hidr\u00e1ulico \u00e9 bombeado para dentro do cilindro, empurrando o pist\u00e3o e gerando uma for\u00e7a na sa\u00edda do cilindro. Essa for\u00e7a pode ser usada para realizar diversas tarefas, como levantar cargas pesadas ou operar m\u00e1quinas.<\/p>\n<ul>\n<li>Configura\u00e7\u00e3o: O cilindro \u00e9 configurado com uma estrutura de pist\u00e3o padr\u00e3o acionada por fluido hidr\u00e1ulico.<\/li>\n<li>Entrada de fluido hidr\u00e1ulico: O cilindro funciona bombeando fluido hidr\u00e1ulico para a c\u00e2mara do pist\u00e3o.<\/li>\n<li>For\u00e7a de sa\u00edda: O fluido hidr\u00e1ulico gera uma for\u00e7a que pode ser usada para realizar diversas tarefas.<\/li>\n<li>Manuten\u00e7\u00e3o: A inspe\u00e7\u00e3o, limpeza e lubrifica\u00e7\u00e3o regulares do cilindro hidr\u00e1ulico s\u00e3o cruciais para seu desempenho ideal e longa vida \u00fatil.<\/li>\n<li>Substitui\u00e7\u00e3o da veda\u00e7\u00e3o: Com o tempo, as veda\u00e7\u00f5es do cilindro podem se desgastar e precisam ser substitu\u00eddas para evitar vazamentos e manter a efici\u00eancia.<\/li>\n<\/ul>\n<p><img decoding=\"async\" src=\"https:\/\/hzpt.com\/wp-content\/uploads\/2023\/11\/Inverted-Telescopic-Cylinder-18.webp\" alt=\"\" title=\"\"><\/p>\n<h2>Cilindro Telesc\u00f3pico Invertido<\/h2>\n<p>Um cilindro telesc\u00f3pico hidr\u00e1ulico robusto de 10 toneladas para reboques \u00e9 um componente cr\u00edtico respons\u00e1vel por levantar e abaixar cargas pesadas. O cilindro telesc\u00f3pico invertido \u00e9 um projeto inovador que oferece desempenho e durabilidade superiores em compara\u00e7\u00e3o com outros modelos. Neste artigo, exploraremos o projeto e as caracter\u00edsticas do cilindro telesc\u00f3pico invertido.<\/p>\n<h3>Caracter\u00edsticas de design<\/h3>\n<p>O cilindro telesc\u00f3pico invertido possui um design exclusivo, que inclui uma haste de pist\u00e3o fixada \u00e0 base do cilindro. A base do cilindro \u00e9 fixada ao reboque, e a haste do pist\u00e3o se estende para cima, para dentro do cilindro. A haste do pist\u00e3o est\u00e1 conectada a um pist\u00e3o que se move dentro do cilindro. O cilindro \u00e9 composto por m\u00faltiplos est\u00e1gios, o que permite que ele se estenda e retraia em v\u00e1rios comprimentos. Os est\u00e1gios s\u00e3o conectados por juntas seladas, que impedem vazamentos de fluido e mant\u00eam a press\u00e3o.<\/p>\n<p>Uma das principais caracter\u00edsticas de design do cilindro telesc\u00f3pico invertido \u00e9 o uso de um sistema hidr\u00e1ulico de a\u00e7\u00e3o simples. Este sistema utiliza a press\u00e3o do fluido para estender o cilindro, mas depende da gravidade para retra\u00ed-lo. Este design elimina a necessidade de uma linha de retorno, o que simplifica o sistema hidr\u00e1ulico e reduz o risco de vazamentos. Al\u00e9m disso, o design invertido do cilindro proporciona estabilidade superior e reduz o risco de tombamento, o que \u00e9 crucial ao levantar cargas pesadas.<\/p>\n<h3>Benef\u00edcios de desempenho<\/h3>\n<p>O cilindro telesc\u00f3pico invertido oferece diversas vantagens de desempenho em compara\u00e7\u00e3o com outros modelos. O uso de um sistema hidr\u00e1ulico de a\u00e7\u00e3o simples reduz o risco de vazamentos e simplifica o sistema, o que melhora a confiabilidade e reduz os custos de manuten\u00e7\u00e3o. O design invertido do cilindro proporciona estabilidade superior e reduz o risco de tombamento, o que \u00e9 crucial ao levantar cargas pesadas. Al\u00e9m disso, o uso de m\u00faltiplos est\u00e1gios permite que o cilindro se estenda e retraia em v\u00e1rios comprimentos, o que oferece flexibilidade no levantamento e transporte de cargas.<\/p>\n<p>As juntas seladas do cilindro impedem vazamentos de fluido e mant\u00eam a press\u00e3o, o que melhora a efici\u00eancia geral do sistema hidr\u00e1ulico. O uso de materiais de alta qualidade e t\u00e9cnicas de fabrica\u00e7\u00e3o de precis\u00e3o garante que o cilindro seja dur\u00e1vel e suporte uso intenso por longos per\u00edodos. O cilindro telesc\u00f3pico invertido foi projetado para oferecer desempenho confi\u00e1vel em ambientes severos, o que o torna ideal para uso nas ind\u00fastrias de constru\u00e7\u00e3o, minera\u00e7\u00e3o e transporte.<\/p>\n<p>O cilindro telesc\u00f3pico invertido \u00e9 um projeto inovador que oferece desempenho e durabilidade superiores em compara\u00e7\u00e3o com outros modelos. O uso de um sistema hidr\u00e1ulico de a\u00e7\u00e3o simples, juntas seladas e t\u00e9cnicas de fabrica\u00e7\u00e3o de precis\u00e3o garantem a confiabilidade e a durabilidade do cilindro. Al\u00e9m disso, o design invertido proporciona estabilidade superior e reduz o risco de tombamento, o que \u00e9 crucial ao levantar cargas pesadas. O cilindro telesc\u00f3pico invertido \u00e9 a escolha ideal para quem precisa de um cilindro hidr\u00e1ulico dur\u00e1vel e confi\u00e1vel para levantar e transportar cargas pesadas.<\/p>\n<h3>Sobre a FMP<\/h3>\n<p>A FMP \u00e9 uma empresa especializada na produ\u00e7\u00e3o e venda de Cilindros Hidr\u00e1ulicos. Localizada na It\u00e1lia, oferecemos cilindros hidr\u00e1ulicos de alta qualidade e confiabilidade, com nossos muitos anos de experi\u00eancia no setor e nossa equipe profissional.<\/p>\n<p><img decoding=\"async\" src=\"https:\/\/fmp-components.com\/wp-content\/uploads\/2024\/12\/Adjustable-Clevis-Type-Cylinders-6.webp\" alt=\"Cilindro tipo manilha ajust\u00e1vel\" width=\"817\" title=\"\"><\/p>\n<ol>\n<li>Ampla gama de produtos: Fornecemos uma gama diversificada de cilindros hidr\u00e1ulicos adequados para diversas aplica\u00e7\u00f5es no setor de m\u00e1quinas de constru\u00e7\u00e3o.<\/li>\n<li>Qualidade superior: todos os nossos cilindros hidr\u00e1ulicos s\u00e3o fabricados com materiais de primeira qualidade e passam por rigorosos controles de qualidade para garantir sua durabilidade e desempenho.<\/li>\n<li>Op\u00e7\u00f5es de personaliza\u00e7\u00e3o: Oferecemos servi\u00e7os de personaliza\u00e7\u00e3o para atender aos requisitos espec\u00edficos de nossos clientes, fornecendo solu\u00e7\u00f5es personalizadas para suas necessidades de m\u00e1quinas de constru\u00e7\u00e3o.<\/li>\n<li>Equipe de vendas especializada: Nossa experiente equipe de vendas possui profundo conhecimento do setor de m\u00e1quinas de constru\u00e7\u00e3o e pode fornecer consultoria profissional sobre produtos para ajudar os clientes a tomar decis\u00f5es de compra informadas.<\/li>\n<li>Log\u00edstica eficiente: com nosso sistema de distribui\u00e7\u00e3o log\u00edstica eficiente, garantimos a entrega pontual e precisa de cilindros hidr\u00e1ulicos aos nossos clientes, garantindo que seus projetos possam prosseguir sem problemas e sem atrasos.<\/li>\n<\/ol>\n<p>Fa\u00e7a parceria com a FMP para todas as suas necessidades de cilindros hidr\u00e1ulicos e experimente a confiabilidade, a qualidade e o profissionalismo que nos diferenciam no setor de m\u00e1quinas de constru\u00e7\u00e3o.<\/p>\n<p>Autor: CX<\/p>","protected":false},"excerpt":{"rendered":"<p>Introducing the Durable 10 Ton Hydraulic Telescopic Cylinder for Trailer: The Durable 10 Ton Hydraulic Telescopic Cylinder for Trailer is a high-quality and reliable product designed to provide superior performance in various trailer applications. With its sturdy construction and advanced hydraulic technology, this cylinder offers exceptional lifting capacity and stability. Key Features: 1. Superior Strength: [&hellip;]<\/p>","protected":false},"featured_media":1632,"comment_status":"closed","ping_status":"closed","template":"","meta":{"_et_pb_use_builder":"","_et_pb_old_content":"","_et_gb_content_width":""},"product_brand":[],"product_cat":[45],"product_tag":[34,48],"class_list":{"0":"post-1631","1":"product","2":"type-product","3":"status-publish","4":"has-post-thumbnail","6":"product_cat-inverted-telescopic-cylinder","7":"product_tag-hydraulic-cylinder","8":"product_tag-inverted-telescopic-cylinder","10":"first","11":"instock","12":"product-type-simple"},"_links":{"self":[{"href":"https:\/\/fmp-components.com\/pt\/wp-json\/wp\/v2\/product\/1631","targetHints":{"allow":["GET"]}}],"collection":[{"href":"https:\/\/fmp-components.com\/pt\/wp-json\/wp\/v2\/product"}],"about":[{"href":"https:\/\/fmp-components.com\/pt\/wp-json\/wp\/v2\/types\/product"}],"replies":[{"embeddable":true,"href":"https:\/\/fmp-components.com\/pt\/wp-json\/wp\/v2\/comments?post=1631"}],"wp:featuredmedia":[{"embeddable":true,"href":"https:\/\/fmp-components.com\/pt\/wp-json\/wp\/v2\/media\/1632"}],"wp:attachment":[{"href":"https:\/\/fmp-components.com\/pt\/wp-json\/wp\/v2\/media?parent=1631"}],"wp:term":[{"taxonomy":"product_brand","embeddable":true,"href":"https:\/\/fmp-components.com\/pt\/wp-json\/wp\/v2\/product_brand?post=1631"},{"taxonomy":"product_cat","embeddable":true,"href":"https:\/\/fmp-components.com\/pt\/wp-json\/wp\/v2\/product_cat?post=1631"},{"taxonomy":"product_tag","embeddable":true,"href":"https:\/\/fmp-components.com\/pt\/wp-json\/wp\/v2\/product_tag?post=1631"}],"curies":[{"name":"wp","href":"https:\/\/api.w.org\/{rel}","templated":true}]}}