{"id":1617,"date":"2024-12-23T06:59:20","date_gmt":"2024-12-23T06:59:20","guid":{"rendered":"https:\/\/fmp-components.com\/product\/guaranteed-quality-small-hydraulic-cylinder-telescopic-hydraulic-cylinder-for-dump-trailer\/"},"modified":"2024-12-23T08:35:54","modified_gmt":"2024-12-23T08:35:54","slug":"guaranteed-quality-small-hydraulic-cylinder-telescopic-hydraulic-cylinder-for-dump-trailer","status":"publish","type":"product","link":"https:\/\/fmp-components.com\/pt\/product\/guaranteed-quality-small-hydraulic-cylinder-telescopic-hydraulic-cylinder-for-dump-trailer\/","title":{"rendered":"Cilindro hidr\u00e1ulico telesc\u00f3pico pequeno de qualidade garantida para reboque basculante"},"content":{"rendered":"<p>O Cilindro Hidr\u00e1ulico Telesc\u00f3pico de Pequeno Porte com Qualidade Garantida para Reboque Basculante \u00e9 um produto de alta qualidade que oferece desempenho e durabilidade incompar\u00e1veis. Projetado para suportar at\u00e9 mesmo as condi\u00e7\u00f5es de trabalho mais severas, este cilindro hidr\u00e1ulico \u00e9 perfeito para reboques basculantes e outras aplica\u00e7\u00f5es de servi\u00e7o pesado.<\/p>\n<p>Uma das principais caracter\u00edsticas deste produto \u00e9 o seu design telesc\u00f3pico, que permite uma maior amplitude de movimento e uma capacidade de eleva\u00e7\u00e3o superior. Isto significa que os utilizadores podem levantar e descarregar cargas pesadas com facilidade, sem terem de se preocupar com falhas ou avarias mec\u00e2nicas.<\/p>\n<p>Al\u00e9m disso, o Cilindro Hidr\u00e1ulico Telesc\u00f3pico de Pequeno Porte com Qualidade Garantida para Reboque Basculante \u00e9 fabricado com materiais de alta qualidade e projetado para durar. O cilindro \u00e9 constru\u00eddo em a\u00e7o resistente e foi desenvolvido para resistir ao desgaste, mesmo nas aplica\u00e7\u00f5es mais exigentes.<\/p>\n<table style=\"width: 100%;\" border=\"1\" width=\"100%\" cellspacing=\"0\" cellpadding=\"0\">\n<tbody>\n<tr>\n<th>Nome do produto<\/th>\n<td>Cilindro hidr\u00e1ulico pequeno e cilindro hidr\u00e1ulico telesc\u00f3pico para reboques basculantes<\/td>\n<\/tr>\n<tr>\n<th>Doen\u00e7a<\/th>\n<td>Novo<\/td>\n<\/tr>\n<tr>\n<th>Garantia<\/th>\n<td>1 ano<\/td>\n<\/tr>\n<tr>\n<th>Peso (KG)<\/th>\n<td>48<\/td>\n<\/tr>\n<tr>\n<th>Caracter\u00edsticas<\/th>\n<td>Constru\u00e7\u00e3o de alta qualidade e recursos avan\u00e7ados.<\/td>\n<\/tr>\n<tr>\n<th>Teste<\/th>\n<td>V\u00eddeo da inspe\u00e7\u00e3o de sa\u00edda e relat\u00f3rio de teste da m\u00e1quina inclu\u00eddos.<\/td>\n<\/tr>\n<tr>\n<th>Desempenho<\/th>\n<td>Confi\u00e1vel e de alta qualidade<\/td>\n<\/tr>\n<tr>\n<th>Ind\u00fastrias aplic\u00e1veis<\/th>\n<td>F\u00e1bricas, Oficinas de Reparo de M\u00e1quinas, Fazendas, Energia e Minera\u00e7\u00e3o, Fabrica\u00e7\u00e3o de M\u00e1quinas, F\u00e1bricas de M\u00e1quinas<\/td>\n<\/tr>\n<\/tbody>\n<\/table>\n<h2>Caracter\u00edsticas do Cilindro Hidr\u00e1ulico Telesc\u00f3pico<\/h2>\n<p>Nosso cilindro hidr\u00e1ulico telesc\u00f3pico \u00e9 fabricado com maestria e possui diversos recursos excepcionais. Entre eles:<\/p>\n<p><img decoding=\"async\" src=\"https:\/\/hzpt.com\/wp-content\/uploads\/2023\/11\/Inverted-Telescopic-Cylinder-24.webp\" alt=\"\" title=\"\"><\/p>\n<ul>\n<li>Garantia de 1 ano nos componentes principais.<\/li>\n<li>Componentes principais: Rolamento, Cilindro do \u00cambolo.<\/li>\n<li>Estrutura padr\u00e3o: Cilindro com pist\u00e3o.<\/li>\n<li>Sistema hidr\u00e1ulico com corpo em a\u00e7o.<\/li>\n<li>Empuxo m\u00e1ximo de 3000.<\/li>\n<\/ul>\n<h2>Aplica\u00e7\u00f5es do Cilindro Hidr\u00e1ulico Telesc\u00f3pico<\/h2>\n<p>Este vers\u00e1til cilindro hidr\u00e1ulico pode ser utilizado em diversas \u00e1reas, tais como:<\/p>\n<ul>\n<li>F\u00e1bricas: Para a produ\u00e7\u00e3o de m\u00e1quinas e equipamentos pesados.<\/li>\n<li>Oficinas de Repara\u00e7\u00e3o de M\u00e1quinas: Para auxiliar na repara\u00e7\u00e3o e manuten\u00e7\u00e3o de diversas m\u00e1quinas.<\/li>\n<li>Fazendas: Para opera\u00e7\u00e3o de equipamentos agr\u00edcolas pesados.<\/li>\n<li>Energia e Minera\u00e7\u00e3o: Auxiliar nos processos de escava\u00e7\u00e3o e produ\u00e7\u00e3o de energia.<\/li>\n<li>Fabrica\u00e7\u00e3o de m\u00e1quinas: Para a produ\u00e7\u00e3o de diversos tipos de m\u00e1quinas.<\/li>\n<\/ul>\n<p><img decoding=\"async\" src=\"https:\/\/hzpt.com\/wp-content\/uploads\/2023\/11\/Inverted-Telescopic-Cylinder-Applications.webp\" alt=\"Aplica\u00e7\u00f5es de cilindros telesc\u00f3picos\" title=\"\"><\/p>\n<h2>Princ\u00edpio de funcionamento e m\u00e9todos de manuten\u00e7\u00e3o<\/h2>\n<p>O cilindro telesc\u00f3pico invertido funciona por meio de energia hidr\u00e1ulica. A manuten\u00e7\u00e3o regular \u00e9 crucial para o seu funcionamento ideal e inclui:<\/p>\n<ul>\n<li>Inspe\u00e7\u00e3o regular: Para garantir que o cilindro esteja em boas condi\u00e7\u00f5es de funcionamento.<\/li>\n<li>Limpeza: Para remover qualquer sujeira ou detrito que possa interferir em seu funcionamento.<\/li>\n<li>Lubrifica\u00e7\u00e3o: Para reduzir o atrito e garantir um funcionamento suave.<\/li>\n<li>Inspe\u00e7\u00f5es e reparos regulares: para detectar e corrigir quaisquer problemas precocemente.<\/li>\n<li>Substitui\u00e7\u00e3o da veda\u00e7\u00e3o: Para evitar vazamentos e manter a press\u00e3o.<\/li>\n<li>Seguindo o Manual do Operador: Para compreender as instru\u00e7\u00f5es corretas de utiliza\u00e7\u00e3o e cuidados.<\/li>\n<\/ul>\n<p><img decoding=\"async\" src=\"https:\/\/hzpt.com\/wp-content\/uploads\/2023\/11\/Inverted-Telescopic-Cylinder-9.webp\" alt=\"\" title=\"\"><\/p>\n<h2>Cilindro Telesc\u00f3pico Invertido<\/h2>\n<p>Um cilindro telesc\u00f3pico \u00e9 um cilindro hidr\u00e1ulico onde a haste do pist\u00e3o \u00e9 montada dentro de um ou mais tubos, conhecidos como camisas. As camisas retraem-se umas dentro das outras para proporcionar um comprimento retra\u00eddo menor e um curso maior. Cilindros telesc\u00f3picos invertidos s\u00e3o um tipo espec\u00edfico de cilindro telesc\u00f3pico onde a base do cilindro \u00e9 conectada a um ponto fixo e a extremidade da haste \u00e9 a parte m\u00f3vel.<\/p>\n<h3>Constru\u00e7\u00e3o<\/h3>\n<p>Cilindros telesc\u00f3picos invertidos s\u00e3o comumente usados \u200b\u200bem reboques basculantes, onde o cilindro \u00e9 fixado ao chassi do reboque e a extremidade da haste \u00e9 fixada \u00e0 carroceria. O cilindro geralmente \u00e9 constru\u00eddo com tubos de a\u00e7o, com o tubo de maior di\u00e2metro na base e o de menor di\u00e2metro na extremidade da haste. Os tubos s\u00e3o conectados por meio de parafusos ou juntas soldadas. A haste do pist\u00e3o \u00e9 fixada \u00e0 extremidade da haste do cilindro e se estende atrav\u00e9s dos tubos.<\/p>\n<h3>Princ\u00edpio de funcionamento<\/h3>\n<p>O princ\u00edpio de funcionamento de um cilindro telesc\u00f3pico invertido baseia-se na Lei de Pascal, que afirma que a press\u00e3o exercida sobre um fluido \u00e9 transmitida igualmente em todas as dire\u00e7\u00f5es. Quando o fluido hidr\u00e1ulico \u00e9 bombeado para dentro do cilindro, ele exerce press\u00e3o sobre o pist\u00e3o, fazendo-o mover-se. \u00c0 medida que o pist\u00e3o se move, o fluido \u00e9 for\u00e7ado para o tubo imediatamente inferior, que tamb\u00e9m se move. Este processo continua at\u00e9 que o pist\u00e3o atinja a extremidade do tubo de menor di\u00e2metro e o curso seja completado.<\/p>\n<h3>Vantagens<\/h3>\n<p>Uma das principais vantagens dos cilindros telesc\u00f3picos invertidos \u00e9 o seu tamanho compacto. Ao utilizar m\u00faltiplos tubos, o cilindro pode proporcionar um curso mais longo sem aumentar o comprimento retra\u00eddo. Isso \u00e9 particularmente \u00fatil em aplica\u00e7\u00f5es com espa\u00e7o limitado. Al\u00e9m disso, o uso de fluido hidr\u00e1ulico permite um controle preciso do movimento do cilindro.<\/p>\n<p>Outra vantagem dos cilindros telesc\u00f3picos invertidos \u00e9 a sua durabilidade. Normalmente, s\u00e3o constru\u00eddos com materiais de alta qualidade, como o a\u00e7o, que suportam alta press\u00e3o e cargas pesadas. Isso os torna ideais para uso em aplica\u00e7\u00f5es de servi\u00e7o pesado, como em reboques basculantes.<\/p>\n<h3>Aplica\u00e7\u00f5es<\/h3>\n<p>Cilindros telesc\u00f3picos invertidos s\u00e3o comumente usados \u200b\u200bem reboques basculantes, como mencionado anteriormente. Reboques basculantes s\u00e3o usados \u200b\u200bpara transportar materiais a granel, como areia, cascalho e entulho de constru\u00e7\u00e3o. O cilindro hidr\u00e1ulico permite que a carroceria do reboque seja elevada e inclinada, possibilitando o descarregamento r\u00e1pido e eficiente dos materiais.<\/p>\n<p>Al\u00e9m de reboques basculantes, os cilindros telesc\u00f3picos invertidos tamb\u00e9m s\u00e3o usados \u200b\u200bem outras aplica\u00e7\u00f5es, como equipamentos de constru\u00e7\u00e3o, m\u00e1quinas agr\u00edcolas e equipamentos de minera\u00e7\u00e3o. Eles s\u00e3o utilizados sempre que \u00e9 necess\u00e1rio um controle preciso do movimento e onde o espa\u00e7o \u00e9 limitado.<\/p>\n<h3>Cilindro hidr\u00e1ulico pequeno com qualidade garantida<\/h3>\n<p>Um cilindro hidr\u00e1ulico de pequeno porte \u00e9 um tipo de cilindro projetado para uso em aplica\u00e7\u00f5es com espa\u00e7o limitado. Esses cilindros s\u00e3o geralmente constru\u00eddos com materiais de alta qualidade, como a\u00e7o, e projetados para suportar alta press\u00e3o e cargas pesadas. S\u00e3o comumente utilizados em aplica\u00e7\u00f5es como m\u00e1quinas-ferramenta, equipamentos de automa\u00e7\u00e3o e equipamentos m\u00e9dicos.<\/p>\n<h3>Cilindro hidr\u00e1ulico telesc\u00f3pico para reboque basculante<\/h3>\n<p>Um cilindro hidr\u00e1ulico telesc\u00f3pico para reboques basculantes \u00e9 um tipo espec\u00edfico de cilindro projetado para uso em reboques basculantes. Esses cilindros s\u00e3o normalmente constru\u00eddos com m\u00faltiplos tubos, como descrito anteriormente, para proporcionar um curso mais longo sem aumentar o comprimento retra\u00eddo. Eles s\u00e3o projetados para suportar alta press\u00e3o e cargas pesadas, sendo ideais para uso em aplica\u00e7\u00f5es de servi\u00e7o pesado, como reboques basculantes.<\/p>\n<h3>Sobre a FMP \u2013 Cilindros Hidr\u00e1ulicos de Alta Qualidade para M\u00e1quinas de Constru\u00e7\u00e3o<\/h3>\n<p>Procurando cilindros hidr\u00e1ulicos de alta qualidade para suas m\u00e1quinas de constru\u00e7\u00e3o? Encontre a FMP, uma empresa l\u00edder com sede na It\u00e1lia, especializada na venda e manuten\u00e7\u00e3o de pe\u00e7as e m\u00e1quinas completas para m\u00e1quinas de constru\u00e7\u00e3o.<\/p>\n<p>Na FMP, temos o compromisso de fornecer aos nossos clientes solu\u00e7\u00f5es confi\u00e1veis \u200b\u200be eficientes para suas necessidades em m\u00e1quinas de constru\u00e7\u00e3o. Nossa linha de produtos inclui uma ampla variedade de m\u00e1quinas de constru\u00e7\u00e3o, caixas de engrenagens para m\u00e1quinas agr\u00edcolas, caixas de engrenagens planet\u00e1rias, caixas de engrenagens industriais e acess\u00f3rios de alta qualidade para cada uma delas.<\/p>\n<p>Aqui est\u00e3o algumas das vantagens de escolher a FMP para suas necessidades de cilindros hidr\u00e1ulicos:<\/p>\n<p>1. Produtos de alta qualidade: todos os nossos produtos s\u00e3o provenientes de fornecedores de alta qualidade, garantindo que nossos clientes recebam apenas produtos da melhor qualidade que atendem a rigorosos padr\u00f5es de qualidade.<\/p>\n<p>2. Equipe profissional: Nossa equipe de vendas experiente e profissional est\u00e1 familiarizada com as tend\u00eancias de desenvolvimento e as necessidades dos clientes do setor de m\u00e1quinas de constru\u00e7\u00e3o e pode fornecer consultoria abrangente sobre produtos e sugest\u00f5es de compra inteligentes.<\/p>\n<p>3. Sistema de distribui\u00e7\u00e3o log\u00edstica eficiente: Temos um sistema de distribui\u00e7\u00e3o log\u00edstica eficiente que garante entrega pontual e precisa dos produtos aos nossos clientes.<\/p>\n<p>4. Pre\u00e7os competitivos: Oferecemos pre\u00e7os competitivos para nossos produtos sem comprometer a qualidade.<\/p>\n<p>5. Personaliza\u00e7\u00e3o: Oferecemos op\u00e7\u00f5es de personaliza\u00e7\u00e3o para nossos cilindros hidr\u00e1ulicos para atender \u00e0s necessidades exclusivas de nossos clientes.<\/p>\n<p>Nossos cilindros hidr\u00e1ulicos, como o Cilindro Tipo Clamp Ajust\u00e1vel (ilustrado abaixo), s\u00e3o perfeitos para uma ampla gama de aplica\u00e7\u00f5es em m\u00e1quinas de constru\u00e7\u00e3o. Com nosso compromisso com a qualidade e a satisfa\u00e7\u00e3o do cliente, voc\u00ea pode confiar na FMP para todas as suas necessidades de cilindros hidr\u00e1ulicos.<\/p>\n<p><img decoding=\"async\" src=\"https:\/\/fmp-components.com\/wp-content\/uploads\/2024\/12\/Adjustable-Clevis-Type-Cylinders-6.webp\" alt=\"Cilindro tipo manilha ajust\u00e1vel\" width=\"810\" title=\"\"><br \/>\nAutor: CX<\/p>","protected":false},"excerpt":{"rendered":"<p>The Guaranteed Quality Small Hydraulic Cylinder Telescopic Hydraulic Cylinder For Dump Trailer is a top-of-the-line product that offers unmatched performance and durability. Designed to withstand even the toughest working conditions, this hydraulic cylinder is perfect for dump trailers and other heavy-duty applications. One of the key features of this product is its telescopic design, which [&hellip;]<\/p>","protected":false},"featured_media":1618,"comment_status":"closed","ping_status":"closed","template":"","meta":{"_et_pb_use_builder":"","_et_pb_old_content":"","_et_gb_content_width":""},"product_brand":[],"product_cat":[45],"product_tag":[34,48],"class_list":{"0":"post-1617","1":"product","2":"type-product","3":"status-publish","4":"has-post-thumbnail","6":"product_cat-inverted-telescopic-cylinder","7":"product_tag-hydraulic-cylinder","8":"product_tag-inverted-telescopic-cylinder","10":"first","11":"instock","12":"product-type-simple"},"_links":{"self":[{"href":"https:\/\/fmp-components.com\/pt\/wp-json\/wp\/v2\/product\/1617","targetHints":{"allow":["GET"]}}],"collection":[{"href":"https:\/\/fmp-components.com\/pt\/wp-json\/wp\/v2\/product"}],"about":[{"href":"https:\/\/fmp-components.com\/pt\/wp-json\/wp\/v2\/types\/product"}],"replies":[{"embeddable":true,"href":"https:\/\/fmp-components.com\/pt\/wp-json\/wp\/v2\/comments?post=1617"}],"wp:featuredmedia":[{"embeddable":true,"href":"https:\/\/fmp-components.com\/pt\/wp-json\/wp\/v2\/media\/1618"}],"wp:attachment":[{"href":"https:\/\/fmp-components.com\/pt\/wp-json\/wp\/v2\/media?parent=1617"}],"wp:term":[{"taxonomy":"product_brand","embeddable":true,"href":"https:\/\/fmp-components.com\/pt\/wp-json\/wp\/v2\/product_brand?post=1617"},{"taxonomy":"product_cat","embeddable":true,"href":"https:\/\/fmp-components.com\/pt\/wp-json\/wp\/v2\/product_cat?post=1617"},{"taxonomy":"product_tag","embeddable":true,"href":"https:\/\/fmp-components.com\/pt\/wp-json\/wp\/v2\/product_tag?post=1617"}],"curies":[{"name":"wp","href":"https:\/\/api.w.org\/{rel}","templated":true}]}}